{"id":1179,"date":"2024-12-10T23:38:47","date_gmt":"2024-12-10T23:38:47","guid":{"rendered":"https:\/\/beuhparadis.com\/?post_type=product&#038;p=1179"},"modified":"2025-01-26T16:12:34","modified_gmt":"2025-01-26T16:12:34","slug":"acheter-cheetah-piss-weed","status":"publish","type":"product","link":"https:\/\/beuhparadis.com\/it\/product\/acheter-cheetah-piss-weed\/","title":{"rendered":"Erba piscio di ghepardo"},"content":{"rendered":"<h1 class=\"wp-block-heading\">Comprare Cheetah Piss Weed: una variet\u00e0 unica con effetti energizzanti<\/h1>\n<p>Scoprite Cheetah Piss Weed, una creazione eccezionale nata dall'incrocio di tre ceppi di qualit\u00e0 di Growing Passion e Cookies Fam: Lemonnade, Gelato 42 e London Poundcake 97. Sebbene il suo nome renda omaggio alla famosa variet\u00e0 Cat Piss di un tempo, gli effetti di Cheetah Piss sono nettamente diversi, offrendo ai consumatori un'esperienza unica.<\/p>\n<h2 class=\"wp-block-heading\">Informazioni sulla variet\u00e0 Cheetah Piss<\/h2>\n<ul class=\"wp-block-list\">\n<li><strong>Tipo :<\/strong> Ibrido<\/li>\n<li><strong>Genetica :<\/strong> Un incrocio tra Lemonnade, Gelato 42 e London Poundcake 97<\/li>\n<li><strong>Produttore :<\/strong> Passione e biscotti Fam<\/li>\n<\/ul>\n<h2 class=\"wp-block-heading\">THC e CBD<\/h2>\n<ul class=\"wp-block-list\">\n<li><strong>THC :<\/strong> Percentuale elevata, che sottolinea la potenza di questo ceppo<\/li>\n<li><strong>CBD :<\/strong> Basso, concentrandosi sugli effetti psicoattivi del THC<\/li>\n<\/ul>\n<h2 class=\"wp-block-heading\">Dove posso acquistare online la Cheetah Piss Weed?<\/h2>\n<p>La Cheetah Piss Weed \u00e8 disponibile per l'acquisto online su siti specializzati, tra cui Acheterducannabis, che offre questa variet\u00e0 unica ai consumatori che cercano effetti stimolanti e un profilo terpenico distinto.<\/p>\n<h2 class=\"wp-block-heading\">Effetti, aroma e sapore di Cheetah Piss<\/h2>\n<h3 class=\"wp-block-heading\">Effetto<\/h3>\n<ul class=\"wp-block-list\">\n<li><strong>Sentimenti :<\/strong> Eccitazione, euforia, energia<\/li>\n<li><strong>Negativi :<\/strong> Ansia, paranoia, vertigini<\/li>\n<\/ul>\n<h3 class=\"wp-block-heading\">Aroma<\/h3>\n<p>Il Cheetah Piss ha un aroma funk che ricorda il Cat Piss, con qualit\u00e0 strane e insolite.<\/p>\n<h3 class=\"wp-block-heading\">Il gusto<\/h3>\n<p>Il sapore di questa variet\u00e0 combina note di ammoniaca, potenza e skunk, offrendo un'esperienza di gusto audace.<\/p>\n<h2 class=\"wp-block-heading\">Effetti medici del piscio di ghepardo<\/h2>\n<p>I pazienti medici scelgono il piscio di ghepardo per alleviare :<\/p>\n<ul class=\"wp-block-list\">\n<li>Ansia (20% di utenti)<\/li>\n<li>Depressione (17% di utenti)<\/li>\n<li>Stress (16% di utenti)<\/li>\n<\/ul>\n<h2 class=\"wp-block-heading\">Perch\u00e9 acquistare Cheetah Piss Weed da beuhparadis?<\/h2>\n<p><a href=\"https:\/\/beuhparadis.com\/it\" data-type=\"link\" data-id=\"https:\/\/acheterducannabis.fr\/\">Beuhparadis<\/a> \u00e8 rinomata per la sua rigorosa selezione di variet\u00e0 di cannabis di alta qualit\u00e0, tra cui Cheetah Piss Weed. Scegliendo Acheterducannabis, vi garantite l'accesso a una variet\u00e0 dagli effetti energetici pronunciati e dal profilo terpenico unico.<\/p>\n<h2 class=\"wp-block-heading\">La legislazione che regola la vendita di piscio di ghepardo in Europa<\/h2>\n<p>La vendita di Cheetah Piss, come di tutte le variet\u00e0 di cannabis, \u00e8 regolata dalle leggi europee che limitano il contenuto di THC. Grazie alla sua conformit\u00e0 alle norme di legge, la Cheetah Piss rimane accessibile a coloro che cercano i suoi effetti terapeutici e ricreativi in Europa.<\/p>\n<p>Cheetah Piss \u00e8 un'ottima opzione per gli amanti della cannabis che cercano un'esperienza stimolante e un'euforia immediata. Con la sua genetica unica e l'omaggio alla variet\u00e0 Cat Piss, <a href=\"https:\/\/wehikei.com\/blog\/cheetah-piss-strain-guide\" data-type=\"link\" data-id=\"https:\/\/wehikei.com\/blog\/cheetah-piss-strain-guide\">Erba piscio di ghepardo<\/a> si \u00e8 affermata come una variet\u00e0 indispensabile per i consumatori esperti. Esplorate questa variet\u00e0 eccezionale e molte altre su Acheterducannabis, la vostra fonte affidabile di cannabis di qualit\u00e0 in Europa.<\/p>","protected":false},"excerpt":{"rendered":"<p class=\"percentage\"><strong>THC :<\/strong>\u00a020\u00a0%<\/p>\n<p class=\"percentage\"><strong>Effetti<\/strong> Eccitato, Creativo, Euforico, Concentrato, Felice, Rilassante, Socievole <strong>Pu\u00f2 alleviare<\/strong> Dolore cronico, depressione, stanchezza, stress<\/p>","protected":false},"featured_media":1209,"comment_status":"closed","ping_status":"closed","template":"","meta":{"site-sidebar-layout":"default","site-content-layout":"","ast-site-content-layout":"default","site-content-style":"default","site-sidebar-style":"default","ast-global-header-display":"","ast-banner-title-visibility":"","ast-main-header-display":"","ast-hfb-above-header-display":"","ast-hfb-below-header-display":"","ast-hfb-mobile-header-display":"","site-post-title":"","ast-breadcrumbs-content":"","ast-featured-img":"","footer-sml-layout":"","theme-transparent-header-meta":"default","adv-header-id-meta":"","stick-header-meta":"","header-above-stick-meta":"","header-main-stick-meta":"","header-below-stick-meta":"","astra-migrate-meta-layouts":"set","ast-page-background-enabled":"default","ast-page-background-meta":{"desktop":{"background-color":"","background-image":"","background-repeat":"repeat","background-position":"center center","background-size":"auto","background-attachment":"scroll","background-type":"","background-media":"","overlay-type":"","overlay-color":"","overlay-opacity":"","overlay-gradient":""},"tablet":{"background-color":"","background-image":"","background-repeat":"repeat","background-position":"center center","background-size":"auto","background-attachment":"scroll","background-type":"","background-media":"","overlay-type":"","overlay-color":"","overlay-opacity":"","overlay-gradient":""},"mobile":{"background-color":"","background-image":"","background-repeat":"repeat","background-position":"center center","background-size":"auto","background-attachment":"scroll","background-type":"","background-media":"","overlay-type":"","overlay-color":"","overlay-opacity":"","overlay-gradient":""}},"ast-content-background-meta":{"desktop":{"background-color":"var(--ast-global-color-5)","background-image":"","background-repeat":"repeat","background-position":"center center","background-size":"auto","background-attachment":"scroll","background-type":"","background-media":"","overlay-type":"","overlay-color":"","overlay-opacity":"","overlay-gradient":""},"tablet":{"background-color":"var(--ast-global-color-5)","background-image":"","background-repeat":"repeat","background-position":"center center","background-size":"auto","background-attachment":"scroll","background-type":"","background-media":"","overlay-type":"","overlay-color":"","overlay-opacity":"","overlay-gradient":""},"mobile":{"background-color":"var(--ast-global-color-5)","background-image":"","background-repeat":"repeat","background-position":"center center","background-size":"auto","background-attachment":"scroll","background-type":"","background-media":"","overlay-type":"","overlay-color":"","overlay-opacity":"","overlay-gradient":""}},"_joinchat":[]},"product_brand":[],"product_cat":[32,33],"product_tag":[],"class_list":{"0":"post-1179","1":"product","2":"type-product","3":"status-publish","4":"has-post-thumbnail","6":"product_cat-fleur-de-chanvre","7":"product_cat-thc-beuh","8":"desktop-align-left","9":"tablet-align-left","10":"mobile-align-left","12":"first","13":"instock","14":"shipping-taxable","15":"purchasable","16":"product-type-variable"},"yoast_head":"<!-- This site is optimized with the Yoast SEO Premium plugin v24.1 (Yoast SEO v26.8) - https:\/\/yoast.com\/product\/yoast-seo-premium-wordpress\/ -->\n<title>Acheter Cheetah Piss Weed \u2013 Cannabis aux Saveurs Exotiques<\/title>\n<meta name=\"description\" content=\"Acheter Cheetah Piss Weed, une vari\u00e9t\u00e9 de cannabis unique avec un ar\u00f4me exotique et des effets puissants. Livraison rapide et discr\u00e8te\" \/>\n<meta name=\"robots\" content=\"index, follow, max-snippet:-1, max-image-preview:large, max-video-preview:-1\" \/>\n<link rel=\"canonical\" href=\"https:\/\/beuhparadis.com\/it\/product\/acheter-cheetah-piss-weed\/\" \/>\n<meta property=\"og:locale\" content=\"it_IT\" \/>\n<meta property=\"og:type\" content=\"article\" \/>\n<meta property=\"og:title\" content=\"Cheetah Piss Weed\" \/>\n<meta property=\"og:description\" content=\"Acheter Cheetah Piss Weed, une vari\u00e9t\u00e9 de cannabis unique avec un ar\u00f4me exotique et des effets puissants. Livraison rapide et discr\u00e8te\" \/>\n<meta property=\"og:url\" content=\"https:\/\/beuhparadis.com\/it\/product\/acheter-cheetah-piss-weed\/\" \/>\n<meta property=\"og:site_name\" content=\"Beuh Paradis\" \/>\n<meta property=\"article:modified_time\" content=\"2025-01-26T16:12:34+00:00\" \/>\n<meta property=\"og:image\" content=\"https:\/\/beuhparadis.com\/wp-content\/uploads\/2024\/12\/Cheetah-Piss-Weed.webp\" \/>\n\t<meta property=\"og:image:width\" content=\"800\" \/>\n\t<meta property=\"og:image:height\" content=\"800\" \/>\n\t<meta property=\"og:image:type\" content=\"image\/webp\" \/>\n<meta name=\"twitter:card\" content=\"summary_large_image\" \/>\n<meta name=\"twitter:label1\" content=\"Tempo di lettura stimato\" \/>\n\t<meta name=\"twitter:data1\" content=\"2 minutes\" \/>\n<script type=\"application\/ld+json\" class=\"yoast-schema-graph\">{\"@context\":\"https:\/\/schema.org\",\"@graph\":[{\"@type\":\"WebPage\",\"@id\":\"https:\/\/beuhparadis.com\/product\/acheter-cheetah-piss-weed\/\",\"url\":\"https:\/\/beuhparadis.com\/product\/acheter-cheetah-piss-weed\/\",\"name\":\"Acheter Cheetah Piss Weed \u2013 Cannabis aux Saveurs Exotiques\",\"isPartOf\":{\"@id\":\"https:\/\/beuhparadis.com\/#website\"},\"primaryImageOfPage\":{\"@id\":\"https:\/\/beuhparadis.com\/product\/acheter-cheetah-piss-weed\/#primaryimage\"},\"image\":{\"@id\":\"https:\/\/beuhparadis.com\/product\/acheter-cheetah-piss-weed\/#primaryimage\"},\"thumbnailUrl\":\"https:\/\/beuhparadis.com\/wp-content\/uploads\/2024\/12\/Cheetah-Piss-Weed.webp\",\"datePublished\":\"2024-12-10T23:38:47+00:00\",\"dateModified\":\"2025-01-26T16:12:34+00:00\",\"description\":\"Acheter Cheetah Piss Weed, une vari\u00e9t\u00e9 de cannabis unique avec un ar\u00f4me exotique et des effets puissants. Livraison rapide et discr\u00e8te\",\"breadcrumb\":{\"@id\":\"https:\/\/beuhparadis.com\/product\/acheter-cheetah-piss-weed\/#breadcrumb\"},\"inLanguage\":\"it-IT\",\"potentialAction\":[{\"@type\":\"ReadAction\",\"target\":[\"https:\/\/beuhparadis.com\/product\/acheter-cheetah-piss-weed\/\"]}]},{\"@type\":\"ImageObject\",\"inLanguage\":\"it-IT\",\"@id\":\"https:\/\/beuhparadis.com\/product\/acheter-cheetah-piss-weed\/#primaryimage\",\"url\":\"https:\/\/beuhparadis.com\/wp-content\/uploads\/2024\/12\/Cheetah-Piss-Weed.webp\",\"contentUrl\":\"https:\/\/beuhparadis.com\/wp-content\/uploads\/2024\/12\/Cheetah-Piss-Weed.webp\",\"width\":800,\"height\":800},{\"@type\":\"BreadcrumbList\",\"@id\":\"https:\/\/beuhparadis.com\/product\/acheter-cheetah-piss-weed\/#breadcrumb\",\"itemListElement\":[{\"@type\":\"ListItem\",\"position\":1,\"name\":\"Home\",\"item\":\"https:\/\/beuhparadis.com\/\"},{\"@type\":\"ListItem\",\"position\":2,\"name\":\"Shop\",\"item\":\"https:\/\/beuhparadis.com\/shop\/\"},{\"@type\":\"ListItem\",\"position\":3,\"name\":\"Cheetah Piss Weed\"}]},{\"@type\":\"WebSite\",\"@id\":\"https:\/\/beuhparadis.com\/#website\",\"url\":\"https:\/\/beuhparadis.com\/\",\"name\":\"Beuh Paradis\",\"description\":\"\",\"potentialAction\":[{\"@type\":\"SearchAction\",\"target\":{\"@type\":\"EntryPoint\",\"urlTemplate\":\"https:\/\/beuhparadis.com\/?s={search_term_string}\"},\"query-input\":{\"@type\":\"PropertyValueSpecification\",\"valueRequired\":true,\"valueName\":\"search_term_string\"}}],\"inLanguage\":\"it-IT\"}]}<\/script>\n<!-- \/ Yoast SEO Premium plugin. -->","yoast_head_json":{"title":"Comprare Cheetah Piss Weed - Cannabis dal sapore esotico","description":"Acquistate Cheetah Piss Weed, una variet\u00e0 di cannabis unica con un aroma esotico e potenti effetti. Consegna rapida e discreta","robots":{"index":"index","follow":"follow","max-snippet":"max-snippet:-1","max-image-preview":"max-image-preview:large","max-video-preview":"max-video-preview:-1"},"canonical":"https:\/\/beuhparadis.com\/it\/product\/acheter-cheetah-piss-weed\/","og_locale":"it_IT","og_type":"article","og_title":"Cheetah Piss Weed","og_description":"Acheter Cheetah Piss Weed, une vari\u00e9t\u00e9 de cannabis unique avec un ar\u00f4me exotique et des effets puissants. Livraison rapide et discr\u00e8te","og_url":"https:\/\/beuhparadis.com\/it\/product\/acheter-cheetah-piss-weed\/","og_site_name":"Beuh Paradis","article_modified_time":"2025-01-26T16:12:34+00:00","og_image":[{"width":800,"height":800,"url":"https:\/\/beuhparadis.com\/wp-content\/uploads\/2024\/12\/Cheetah-Piss-Weed.webp","type":"image\/webp"}],"twitter_card":"summary_large_image","twitter_misc":{"Tempo di lettura stimato":"2 minutes"},"schema":{"@context":"https:\/\/schema.org","@graph":[{"@type":"WebPage","@id":"https:\/\/beuhparadis.com\/product\/acheter-cheetah-piss-weed\/","url":"https:\/\/beuhparadis.com\/product\/acheter-cheetah-piss-weed\/","name":"Comprare Cheetah Piss Weed - Cannabis dal sapore esotico","isPartOf":{"@id":"https:\/\/beuhparadis.com\/#website"},"primaryImageOfPage":{"@id":"https:\/\/beuhparadis.com\/product\/acheter-cheetah-piss-weed\/#primaryimage"},"image":{"@id":"https:\/\/beuhparadis.com\/product\/acheter-cheetah-piss-weed\/#primaryimage"},"thumbnailUrl":"https:\/\/beuhparadis.com\/wp-content\/uploads\/2024\/12\/Cheetah-Piss-Weed.webp","datePublished":"2024-12-10T23:38:47+00:00","dateModified":"2025-01-26T16:12:34+00:00","description":"Acquistate Cheetah Piss Weed, una variet\u00e0 di cannabis unica con un aroma esotico e potenti effetti. Consegna rapida e discreta","breadcrumb":{"@id":"https:\/\/beuhparadis.com\/product\/acheter-cheetah-piss-weed\/#breadcrumb"},"inLanguage":"it-IT","potentialAction":[{"@type":"ReadAction","target":["https:\/\/beuhparadis.com\/product\/acheter-cheetah-piss-weed\/"]}]},{"@type":"ImageObject","inLanguage":"it-IT","@id":"https:\/\/beuhparadis.com\/product\/acheter-cheetah-piss-weed\/#primaryimage","url":"https:\/\/beuhparadis.com\/wp-content\/uploads\/2024\/12\/Cheetah-Piss-Weed.webp","contentUrl":"https:\/\/beuhparadis.com\/wp-content\/uploads\/2024\/12\/Cheetah-Piss-Weed.webp","width":800,"height":800},{"@type":"BreadcrumbList","@id":"https:\/\/beuhparadis.com\/product\/acheter-cheetah-piss-weed\/#breadcrumb","itemListElement":[{"@type":"ListItem","position":1,"name":"Home","item":"https:\/\/beuhparadis.com\/"},{"@type":"ListItem","position":2,"name":"Shop","item":"https:\/\/beuhparadis.com\/shop\/"},{"@type":"ListItem","position":3,"name":"Cheetah Piss Weed"}]},{"@type":"WebSite","@id":"https:\/\/beuhparadis.com\/#website","url":"https:\/\/beuhparadis.com\/","name":"Beuh Paradis","description":"","potentialAction":[{"@type":"SearchAction","target":{"@type":"EntryPoint","urlTemplate":"https:\/\/beuhparadis.com\/?s={search_term_string}"},"query-input":{"@type":"PropertyValueSpecification","valueRequired":true,"valueName":"search_term_string"}}],"inLanguage":"it-IT"}]}},"_links":{"self":[{"href":"https:\/\/beuhparadis.com\/it\/wp-json\/wp\/v2\/product\/1179","targetHints":{"allow":["GET"]}}],"collection":[{"href":"https:\/\/beuhparadis.com\/it\/wp-json\/wp\/v2\/product"}],"about":[{"href":"https:\/\/beuhparadis.com\/it\/wp-json\/wp\/v2\/types\/product"}],"replies":[{"embeddable":true,"href":"https:\/\/beuhparadis.com\/it\/wp-json\/wp\/v2\/comments?post=1179"}],"wp:featuredmedia":[{"embeddable":true,"href":"https:\/\/beuhparadis.com\/it\/wp-json\/wp\/v2\/media\/1209"}],"wp:attachment":[{"href":"https:\/\/beuhparadis.com\/it\/wp-json\/wp\/v2\/media?parent=1179"}],"wp:term":[{"taxonomy":"product_brand","embeddable":true,"href":"https:\/\/beuhparadis.com\/it\/wp-json\/wp\/v2\/product_brand?post=1179"},{"taxonomy":"product_cat","embeddable":true,"href":"https:\/\/beuhparadis.com\/it\/wp-json\/wp\/v2\/product_cat?post=1179"},{"taxonomy":"product_tag","embeddable":true,"href":"https:\/\/beuhparadis.com\/it\/wp-json\/wp\/v2\/product_tag?post=1179"}],"curies":[{"name":"wp","href":"https:\/\/api.w.org\/{rel}","templated":true}]}}