{"id":1163,"date":"2024-12-10T23:38:32","date_gmt":"2024-12-10T23:38:32","guid":{"rendered":"https:\/\/beuhparadis.com\/?post_type=product&#038;p=1163"},"modified":"2025-01-25T23:27:23","modified_gmt":"2025-01-25T23:27:23","slug":"clementine","status":"publish","type":"product","link":"https:\/\/beuhparadis.com\/it\/product\/clementine\/","title":{"rendered":"Clementina"},"content":{"rendered":"<h1 class=\"wp-block-heading\">Acquista Erba Clementina: risveglia i tuoi sensi con la Sativa energizzante<\/h1>\n<p>La Clementine Weed, una variet\u00e0 sativa dominante, \u00e8 il risultato di un incrocio riuscito tra Tangie e Lemon Skunk. Famosa per il suo sapore dolce e l'aroma di agrumi, la Clementine si \u00e8 affermata come una delle scelte migliori per chi cerca un'esperienza energizzante e rinvigorente.<\/p>\n<h2 class=\"wp-block-heading\">Informazioni sull'erba Clementina<\/h2>\n<ul class=\"wp-block-list\">\n<li><strong>Tipo:<\/strong> Dominantemente sativa<\/li>\n<li><strong>Genetica:<\/strong> Incrocio tra Tangie e Lemon Skunk<\/li>\n<li><strong>Profilo aromatico:<\/strong> Agrumi, con note dominanti di arancia e limone<\/li>\n<li><strong>Premi:<\/strong> Il miglior concentrato di sativa del 2015<\/li>\n<\/ul>\n<h2 class=\"wp-block-heading\">THC e CBD<\/h2>\n<ul class=\"wp-block-list\">\n<li><strong>THC:<\/strong> Un tasso elevato, che contribuisce ai suoi effetti energizzanti<\/li>\n<li><strong>CBD:<\/strong> Debole, accentua le caratteristiche sativa della variet\u00e0<\/li>\n<\/ul>\n<h2 class=\"wp-block-heading\">Dove posso acquistare l'erba Clementina online?<\/h2>\n<p>Clementine Weed \u00e8 disponibile per l'acquisto online su Acheterducannabis, dove i consumatori possono trovare prodotti di alta qualit\u00e0, testati e approvati per la loro purezza ed efficacia.<\/p>\n<h2 class=\"wp-block-heading\">Effetti, aromi e sapori dell'Erba Clementina<\/h2>\n<h3 class=\"wp-block-heading\">Effetto<\/h3>\n<ul class=\"wp-block-list\">\n<li><strong>Sentimenti:<\/strong> Energia, elevazione, concentrazione<\/li>\n<li><strong>Negativo:<\/strong> Ansia, paranoia, mal di testa<\/li>\n<\/ul>\n<h3 class=\"wp-block-heading\">Aroma<\/h3>\n<ul class=\"wp-block-list\">\n<li>Clementine Weed ha un fresco aroma di agrumi, con note dominanti di arancia e limone, che invitano a godere di un'esperienza olfattiva incomparabile.<\/li>\n<\/ul>\n<h3 class=\"wp-block-heading\">Il gusto<\/h3>\n<ul class=\"wp-block-list\">\n<li>Il gusto della Clementina \u00e8 fedele al suo aroma e offre sapori di arancia, limone e altri agrumi per un'esperienza di gusto rinfrescante e piacevole.<\/li>\n<\/ul>\n<h2 class=\"wp-block-heading\">Effetti medici dell'erba Clementina<\/h2>\n<p>L'erba Clementina \u00e8 rinomata per i suoi numerosi benefici medici, tra cui :<\/p>\n<ul class=\"wp-block-list\">\n<li>Sollievo dallo stress<\/li>\n<li>Riduzione dell'ansia<\/li>\n<li>Riduzione dei sintomi della depressione<\/li>\n<\/ul>\n<h3 class=\"wp-block-heading\">Pu\u00f2 alleviare<\/h3>\n<ul class=\"wp-block-list\">\n<li>Lo stress<\/li>\n<li>Ansia<\/li>\n<li>Depressione<\/li>\n<\/ul>\n<h2 class=\"wp-block-heading\">Perch\u00e9 acquistare l'erba Clementina da beuhparadis?<\/h2>\n<p><a href=\"https:\/\/beuhparadis.com\/it\">Beuhparadis<\/a> offre una rigorosa selezione di Clementine Weed, garantendo un'esperienza d'uso ottimale grazie a prodotti di alta qualit\u00e0 e conformi ai requisiti di legge.<\/p>\n<h2 class=\"wp-block-heading\">Legislazione sulla vendita di erba clementina in Europa<\/h2>\n<p>La vendita di cannabis, compresa la Clementine Weed, \u00e8 regolata da leggi specifiche in ogni paese europeo. Acheterducannabis rispetta scrupolosamente queste leggi per offrire un'esperienza di acquisto sicura e legale a tutti i nostri clienti.<\/p>\n<p>La Clementine Weed \u00e8 un invito a dare energia alla vostra giornata, grazie al suo effetto energizzante e al suo squisito profilo aromatico. Se volete stimolare la vostra creativit\u00e0, concentrarvi o semplicemente godervi un momento di relax, Clementine \u00e8 la variet\u00e0 ideale. Disponibile su Acheterducannabis, scoprite questa variet\u00e0 pluripremiata e lasciatevi sedurre dal suo mondo di agrumi e benessere.<\/p>","protected":false},"excerpt":{"rendered":"<p><strong>THC :<\/strong> 17 % - 19 % <strong>Effetti<\/strong> Euforia, Concentrazione, Felicit\u00e0, Rilassamento, Edificante <strong>Pu\u00f2 alleviare<\/strong> Disturbo bipolare, dolore cronico, depressione, affaticamento, mal di testa, infiammazione, emicrania, nausea, PTSD<\/p>","protected":false},"featured_media":1177,"comment_status":"closed","ping_status":"closed","template":"","meta":{"site-sidebar-layout":"default","site-content-layout":"","ast-site-content-layout":"default","site-content-style":"default","site-sidebar-style":"default","ast-global-header-display":"","ast-banner-title-visibility":"","ast-main-header-display":"","ast-hfb-above-header-display":"","ast-hfb-below-header-display":"","ast-hfb-mobile-header-display":"","site-post-title":"","ast-breadcrumbs-content":"","ast-featured-img":"","footer-sml-layout":"","theme-transparent-header-meta":"default","adv-header-id-meta":"","stick-header-meta":"","header-above-stick-meta":"","header-main-stick-meta":"","header-below-stick-meta":"","astra-migrate-meta-layouts":"set","ast-page-background-enabled":"default","ast-page-background-meta":{"desktop":{"background-color":"","background-image":"","background-repeat":"repeat","background-position":"center center","background-size":"auto","background-attachment":"scroll","background-type":"","background-media":"","overlay-type":"","overlay-color":"","overlay-opacity":"","overlay-gradient":""},"tablet":{"background-color":"","background-image":"","background-repeat":"repeat","background-position":"center center","background-size":"auto","background-attachment":"scroll","background-type":"","background-media":"","overlay-type":"","overlay-color":"","overlay-opacity":"","overlay-gradient":""},"mobile":{"background-color":"","background-image":"","background-repeat":"repeat","background-position":"center center","background-size":"auto","background-attachment":"scroll","background-type":"","background-media":"","overlay-type":"","overlay-color":"","overlay-opacity":"","overlay-gradient":""}},"ast-content-background-meta":{"desktop":{"background-color":"var(--ast-global-color-5)","background-image":"","background-repeat":"repeat","background-position":"center center","background-size":"auto","background-attachment":"scroll","background-type":"","background-media":"","overlay-type":"","overlay-color":"","overlay-opacity":"","overlay-gradient":""},"tablet":{"background-color":"var(--ast-global-color-5)","background-image":"","background-repeat":"repeat","background-position":"center center","background-size":"auto","background-attachment":"scroll","background-type":"","background-media":"","overlay-type":"","overlay-color":"","overlay-opacity":"","overlay-gradient":""},"mobile":{"background-color":"var(--ast-global-color-5)","background-image":"","background-repeat":"repeat","background-position":"center center","background-size":"auto","background-attachment":"scroll","background-type":"","background-media":"","overlay-type":"","overlay-color":"","overlay-opacity":"","overlay-gradient":""}},"_joinchat":[]},"product_brand":[],"product_cat":[32,33],"product_tag":[],"class_list":{"0":"post-1163","1":"product","2":"type-product","3":"status-publish","4":"has-post-thumbnail","6":"product_cat-fleur-de-chanvre","7":"product_cat-thc-beuh","8":"desktop-align-left","9":"tablet-align-left","10":"mobile-align-left","12":"first","13":"instock","14":"shipping-taxable","15":"purchasable","16":"product-type-variable"},"yoast_head":"<!-- This site is optimized with the Yoast SEO Premium plugin v24.1 (Yoast SEO v26.8) - https:\/\/yoast.com\/product\/yoast-seo-premium-wordpress\/ -->\n<title>Acheter Clementine Weed \u2013 Cannabis Premium \u00e0 la Saveur Fruit\u00e9e<\/title>\n<meta name=\"description\" content=\"Acheter Clementine Weed, une vari\u00e9t\u00e9 de cannabis aromatique avec des notes fruit\u00e9es et un effet \u00e9nergisant. Livraison rapide et discr\u00e8te\" \/>\n<meta name=\"robots\" content=\"index, follow, max-snippet:-1, max-image-preview:large, max-video-preview:-1\" \/>\n<link rel=\"canonical\" href=\"https:\/\/beuhparadis.com\/it\/product\/clementine\/\" \/>\n<meta property=\"og:locale\" content=\"it_IT\" \/>\n<meta property=\"og:type\" content=\"article\" \/>\n<meta property=\"og:title\" content=\"Clementine\" \/>\n<meta property=\"og:description\" content=\"Acheter Clementine Weed, une vari\u00e9t\u00e9 de cannabis aromatique avec des notes fruit\u00e9es et un effet \u00e9nergisant. Livraison rapide et discr\u00e8te\" \/>\n<meta property=\"og:url\" content=\"https:\/\/beuhparadis.com\/it\/product\/clementine\/\" \/>\n<meta property=\"og:site_name\" content=\"Beuh Paradis\" \/>\n<meta property=\"article:modified_time\" content=\"2025-01-25T23:27:23+00:00\" \/>\n<meta property=\"og:image\" content=\"https:\/\/beuhparadis.com\/wp-content\/uploads\/2024\/12\/Clementine.webp\" \/>\n\t<meta property=\"og:image:width\" content=\"500\" \/>\n\t<meta property=\"og:image:height\" content=\"500\" \/>\n\t<meta property=\"og:image:type\" content=\"image\/webp\" \/>\n<meta name=\"twitter:card\" content=\"summary_large_image\" \/>\n<meta name=\"twitter:label1\" content=\"Tempo di lettura stimato\" \/>\n\t<meta name=\"twitter:data1\" content=\"2 minutes\" \/>\n<script type=\"application\/ld+json\" class=\"yoast-schema-graph\">{\"@context\":\"https:\/\/schema.org\",\"@graph\":[{\"@type\":\"WebPage\",\"@id\":\"https:\/\/beuhparadis.com\/product\/clementine\/\",\"url\":\"https:\/\/beuhparadis.com\/product\/clementine\/\",\"name\":\"Acheter Clementine Weed \u2013 Cannabis Premium \u00e0 la Saveur Fruit\u00e9e\",\"isPartOf\":{\"@id\":\"https:\/\/beuhparadis.com\/#website\"},\"primaryImageOfPage\":{\"@id\":\"https:\/\/beuhparadis.com\/product\/clementine\/#primaryimage\"},\"image\":{\"@id\":\"https:\/\/beuhparadis.com\/product\/clementine\/#primaryimage\"},\"thumbnailUrl\":\"https:\/\/beuhparadis.com\/wp-content\/uploads\/2024\/12\/Clementine.webp\",\"datePublished\":\"2024-12-10T23:38:32+00:00\",\"dateModified\":\"2025-01-25T23:27:23+00:00\",\"description\":\"Acheter Clementine Weed, une vari\u00e9t\u00e9 de cannabis aromatique avec des notes fruit\u00e9es et un effet \u00e9nergisant. Livraison rapide et discr\u00e8te\",\"breadcrumb\":{\"@id\":\"https:\/\/beuhparadis.com\/product\/clementine\/#breadcrumb\"},\"inLanguage\":\"it-IT\",\"potentialAction\":[{\"@type\":\"ReadAction\",\"target\":[\"https:\/\/beuhparadis.com\/product\/clementine\/\"]}]},{\"@type\":\"ImageObject\",\"inLanguage\":\"it-IT\",\"@id\":\"https:\/\/beuhparadis.com\/product\/clementine\/#primaryimage\",\"url\":\"https:\/\/beuhparadis.com\/wp-content\/uploads\/2024\/12\/Clementine.webp\",\"contentUrl\":\"https:\/\/beuhparadis.com\/wp-content\/uploads\/2024\/12\/Clementine.webp\",\"width\":500,\"height\":500},{\"@type\":\"BreadcrumbList\",\"@id\":\"https:\/\/beuhparadis.com\/product\/clementine\/#breadcrumb\",\"itemListElement\":[{\"@type\":\"ListItem\",\"position\":1,\"name\":\"Home\",\"item\":\"https:\/\/beuhparadis.com\/\"},{\"@type\":\"ListItem\",\"position\":2,\"name\":\"Shop\",\"item\":\"https:\/\/beuhparadis.com\/shop\/\"},{\"@type\":\"ListItem\",\"position\":3,\"name\":\"Clementine\"}]},{\"@type\":\"WebSite\",\"@id\":\"https:\/\/beuhparadis.com\/#website\",\"url\":\"https:\/\/beuhparadis.com\/\",\"name\":\"Beuh Paradis\",\"description\":\"\",\"potentialAction\":[{\"@type\":\"SearchAction\",\"target\":{\"@type\":\"EntryPoint\",\"urlTemplate\":\"https:\/\/beuhparadis.com\/?s={search_term_string}\"},\"query-input\":{\"@type\":\"PropertyValueSpecification\",\"valueRequired\":true,\"valueName\":\"search_term_string\"}}],\"inLanguage\":\"it-IT\"}]}<\/script>\n<!-- \/ Yoast SEO Premium plugin. -->","yoast_head_json":{"title":"Acquista Clementine Weed - Cannabis di qualit\u00e0 superiore dal sapore fruttato","description":"Acquista Clementine Weed, una variet\u00e0 di cannabis aromatica con note fruttate e un effetto energizzante. Consegna rapida e discreta","robots":{"index":"index","follow":"follow","max-snippet":"max-snippet:-1","max-image-preview":"max-image-preview:large","max-video-preview":"max-video-preview:-1"},"canonical":"https:\/\/beuhparadis.com\/it\/product\/clementine\/","og_locale":"it_IT","og_type":"article","og_title":"Clementine","og_description":"Acheter Clementine Weed, une vari\u00e9t\u00e9 de cannabis aromatique avec des notes fruit\u00e9es et un effet \u00e9nergisant. Livraison rapide et discr\u00e8te","og_url":"https:\/\/beuhparadis.com\/it\/product\/clementine\/","og_site_name":"Beuh Paradis","article_modified_time":"2025-01-25T23:27:23+00:00","og_image":[{"width":500,"height":500,"url":"https:\/\/beuhparadis.com\/wp-content\/uploads\/2024\/12\/Clementine.webp","type":"image\/webp"}],"twitter_card":"summary_large_image","twitter_misc":{"Tempo di lettura stimato":"2 minutes"},"schema":{"@context":"https:\/\/schema.org","@graph":[{"@type":"WebPage","@id":"https:\/\/beuhparadis.com\/product\/clementine\/","url":"https:\/\/beuhparadis.com\/product\/clementine\/","name":"Acquista Clementine Weed - Cannabis di qualit\u00e0 superiore dal sapore fruttato","isPartOf":{"@id":"https:\/\/beuhparadis.com\/#website"},"primaryImageOfPage":{"@id":"https:\/\/beuhparadis.com\/product\/clementine\/#primaryimage"},"image":{"@id":"https:\/\/beuhparadis.com\/product\/clementine\/#primaryimage"},"thumbnailUrl":"https:\/\/beuhparadis.com\/wp-content\/uploads\/2024\/12\/Clementine.webp","datePublished":"2024-12-10T23:38:32+00:00","dateModified":"2025-01-25T23:27:23+00:00","description":"Acquista Clementine Weed, una variet\u00e0 di cannabis aromatica con note fruttate e un effetto energizzante. Consegna rapida e discreta","breadcrumb":{"@id":"https:\/\/beuhparadis.com\/product\/clementine\/#breadcrumb"},"inLanguage":"it-IT","potentialAction":[{"@type":"ReadAction","target":["https:\/\/beuhparadis.com\/product\/clementine\/"]}]},{"@type":"ImageObject","inLanguage":"it-IT","@id":"https:\/\/beuhparadis.com\/product\/clementine\/#primaryimage","url":"https:\/\/beuhparadis.com\/wp-content\/uploads\/2024\/12\/Clementine.webp","contentUrl":"https:\/\/beuhparadis.com\/wp-content\/uploads\/2024\/12\/Clementine.webp","width":500,"height":500},{"@type":"BreadcrumbList","@id":"https:\/\/beuhparadis.com\/product\/clementine\/#breadcrumb","itemListElement":[{"@type":"ListItem","position":1,"name":"Home","item":"https:\/\/beuhparadis.com\/"},{"@type":"ListItem","position":2,"name":"Shop","item":"https:\/\/beuhparadis.com\/shop\/"},{"@type":"ListItem","position":3,"name":"Clementine"}]},{"@type":"WebSite","@id":"https:\/\/beuhparadis.com\/#website","url":"https:\/\/beuhparadis.com\/","name":"Beuh Paradis","description":"","potentialAction":[{"@type":"SearchAction","target":{"@type":"EntryPoint","urlTemplate":"https:\/\/beuhparadis.com\/?s={search_term_string}"},"query-input":{"@type":"PropertyValueSpecification","valueRequired":true,"valueName":"search_term_string"}}],"inLanguage":"it-IT"}]}},"_links":{"self":[{"href":"https:\/\/beuhparadis.com\/it\/wp-json\/wp\/v2\/product\/1163","targetHints":{"allow":["GET"]}}],"collection":[{"href":"https:\/\/beuhparadis.com\/it\/wp-json\/wp\/v2\/product"}],"about":[{"href":"https:\/\/beuhparadis.com\/it\/wp-json\/wp\/v2\/types\/product"}],"replies":[{"embeddable":true,"href":"https:\/\/beuhparadis.com\/it\/wp-json\/wp\/v2\/comments?post=1163"}],"wp:featuredmedia":[{"embeddable":true,"href":"https:\/\/beuhparadis.com\/it\/wp-json\/wp\/v2\/media\/1177"}],"wp:attachment":[{"href":"https:\/\/beuhparadis.com\/it\/wp-json\/wp\/v2\/media?parent=1163"}],"wp:term":[{"taxonomy":"product_brand","embeddable":true,"href":"https:\/\/beuhparadis.com\/it\/wp-json\/wp\/v2\/product_brand?post=1163"},{"taxonomy":"product_cat","embeddable":true,"href":"https:\/\/beuhparadis.com\/it\/wp-json\/wp\/v2\/product_cat?post=1163"},{"taxonomy":"product_tag","embeddable":true,"href":"https:\/\/beuhparadis.com\/it\/wp-json\/wp\/v2\/product_tag?post=1163"}],"curies":[{"name":"wp","href":"https:\/\/api.w.org\/{rel}","templated":true}]}}