{"id":1143,"date":"2024-12-10T23:38:31","date_gmt":"2024-12-10T23:38:31","guid":{"rendered":"https:\/\/beuhparadis.com\/?post_type=product&#038;p=1143"},"modified":"2025-01-25T22:58:44","modified_gmt":"2025-01-25T22:58:44","slug":"cookies-gary-payton","status":"publish","type":"product","link":"https:\/\/beuhparadis.com\/it\/product\/cookies-gary-payton\/","title":{"rendered":"Biscotti Gary Payton"},"content":{"rendered":"<h1 class=\"wp-block-heading\">Comprare Gary Payton Cookie Weed: l'eccellenza della cannabis<\/h1>\n<p>La Gary Payton Cookies Weed, frutto di una collaborazione unica tra Cookies e Kenny Dumetz di Powerzzzup Genetics, prende il nome dalla leggenda dell'NBA Gary Payton. Questa eccezionale variet\u00e0 ibrida \u00e8 stata creata incrociando le variet\u00e0 Y e Snowman, ottenendo una variet\u00e0 potente, gustosa e visivamente attraente.<\/p>\n<h2 class=\"wp-block-heading\">Informazioni sul ceppo dei cookie di Gary Payton<\/h2>\n<ul class=\"wp-block-list\">\n<li><strong>Genetica:<\/strong> Ibrido, creato dai ceppi Y e Snowman<\/li>\n<li><strong>Produttore:<\/strong> Powerzzzup Genetics in collaborazione con Cookies<\/li>\n<li><strong>Premi:<\/strong> Vincitore del 1\u00b0 posto nella Errl Cup 2022 in Arizona sotto forma di hashish, del 2\u00b0 posto nella Emerald Cup 2022; notevoli vittorie anche in Oklahoma e Oregon grazie all'eccezionale qualit\u00e0 della Gary Payton Cookies Weed.<\/li>\n<\/ul>\n<h2 class=\"wp-block-heading\">THC e CBD dall'erba dei biscotti Gary Payton<\/h2>\n<ul class=\"wp-block-list\">\n<li><strong>THC:<\/strong> Tariffe elevate, che promettono un'esperienza intensa<\/li>\n<li><strong>CBD:<\/strong> Praticamente assente, evidenziando gli effetti psicoattivi di Gary Payton <a href=\"https:\/\/beuhparadis.com\/it\/product\/cookie-og-weed\/\">Biscotto<\/a> Erba<\/li>\n<\/ul>\n<h2 class=\"wp-block-heading\">Dove posso acquistare online i biscotti Gary Payton?<\/h2>\n<p>Acquistare l'erba Gary Payton Cookies \u00e8 facile grazie a piattaforme online affidabili come <a href=\"https:\/\/acheterducannabis.fr\/\" data-type=\"link\" data-id=\"https:\/\/acheterducannabis.fr\/\">Acquista la cannabis<\/a>dove la qualit\u00e0 e la conformit\u00e0 legale sono sempre al primo posto.<\/p>\n<h2 class=\"wp-block-heading\">Effetti, aromi e sapori dell'erba<\/h2>\n<h3 class=\"wp-block-heading\">Effetto<\/h3>\n<ul class=\"wp-block-list\">\n<li><strong>Sentimenti:<\/strong> L'erba \u00e8 nota per indurre un'euforia comunicativa, aumentando la gioia e il desiderio di condivisione.<\/li>\n<li><strong>Negativo:<\/strong> Possono verificarsi effetti collaterali come ansia, paranoia e mal di testa, soprattutto se si fa un uso eccessivo.<\/li>\n<\/ul>\n<h3 class=\"wp-block-heading\">Aroma<\/h3>\n<ul class=\"wp-block-list\">\n<li><strong>Profilo aromatico:<\/strong> La miscela unica di pepe, lavanda e albicocca distingue i Gary Payton Weed Cookies dalle altre variet\u00e0.<\/li>\n<\/ul>\n<h3 class=\"wp-block-heading\">Il gusto<\/h3>\n<ul class=\"wp-block-list\">\n<li><strong>Palette de Go\u00fbts:<\/strong> La Cookie Weed di Gary Payton offre un'esperienza gustativa complessa, che va dal pepato al floreale, con una nota di limone grazie ai suoi terpeni dominanti.<\/li>\n<\/ul>\n<h2 class=\"wp-block-heading\">Effetti medici dell'erba biscotto Gary Payton<\/h2>\n<p>I consumatori di erba medica beneficiano di una serie di effetti positivi, come ad esempio<\/p>\n<ul class=\"wp-block-list\">\n<li><strong>Ansia:<\/strong> Riduzione significativa tra i consumatori<\/li>\n<li><strong>Depressione:<\/strong> Riduzione dei sintomi depressivi<\/li>\n<li><strong>Stress:<\/strong> Un efficace sollievo dallo stress quotidiano<\/li>\n<\/ul>\n<h2 class=\"wp-block-heading\">Perch\u00e9 scegliere Acheterducannabis per l'erba?<\/h2>\n<p>Acheterducannabis \u00e8 la scelta ideale per l'acquisto di erba, garantendo prodotti di alta qualit\u00e0, testati e sicuri, con una consegna affidabile e discreta.<\/p>\n<h2 class=\"wp-block-heading\">Legislazione sulla vendita di erba in Europa<\/h2>\n<p>La vendita di cannabis, compresa l'erba, \u00e8 soggetta a leggi specifiche in ogni paese europeo. Acheterducannabis si impegna a rispettare scrupolosamente queste leggi, garantendo un'esperienza di acquisto sicura e legale a tutti i nostri clienti.<\/p>\n<p>La Cookie Weed di Gary Payton si distingue non solo per il suo patrimonio genetico unico, ma anche per il suo ricco profilo terpenico, offrendo ai consumatori un'esperienza impareggiabile in termini di gusto ed effetto. Godetevi l'eccellenza di <a href=\"https:\/\/www.leafly.com\/strains\/gary-payton\" data-type=\"link\" data-id=\"https:\/\/www.leafly.com\/strains\/gary-payton\">Gary Payton<\/a> Biscotti all'erba con fiducia da Acheterducannabis, la vostra fonte affidabile di variet\u00e0 di cannabis di alta qualit\u00e0.<\/p>","protected":false},"excerpt":{"rendered":"<p><strong>THC :<\/strong> 20 % - 25 %, CBD : 5 % <strong>Effetti<\/strong> Creativit&agrave;, euforia, concentrazione, risate &amp;amp;lt;strong&amp;gt;Pu&ograve; alleviare il dolore&lt;\/strong&gt; ADD\/ADHD, ansia, depressione, mal di testa, emicrania, stress<\/p>","protected":false},"featured_media":1173,"comment_status":"closed","ping_status":"closed","template":"","meta":{"site-sidebar-layout":"default","site-content-layout":"","ast-site-content-layout":"default","site-content-style":"default","site-sidebar-style":"default","ast-global-header-display":"","ast-banner-title-visibility":"","ast-main-header-display":"","ast-hfb-above-header-display":"","ast-hfb-below-header-display":"","ast-hfb-mobile-header-display":"","site-post-title":"","ast-breadcrumbs-content":"","ast-featured-img":"","footer-sml-layout":"","theme-transparent-header-meta":"default","adv-header-id-meta":"","stick-header-meta":"","header-above-stick-meta":"","header-main-stick-meta":"","header-below-stick-meta":"","astra-migrate-meta-layouts":"set","ast-page-background-enabled":"default","ast-page-background-meta":{"desktop":{"background-color":"","background-image":"","background-repeat":"repeat","background-position":"center center","background-size":"auto","background-attachment":"scroll","background-type":"","background-media":"","overlay-type":"","overlay-color":"","overlay-opacity":"","overlay-gradient":""},"tablet":{"background-color":"","background-image":"","background-repeat":"repeat","background-position":"center center","background-size":"auto","background-attachment":"scroll","background-type":"","background-media":"","overlay-type":"","overlay-color":"","overlay-opacity":"","overlay-gradient":""},"mobile":{"background-color":"","background-image":"","background-repeat":"repeat","background-position":"center center","background-size":"auto","background-attachment":"scroll","background-type":"","background-media":"","overlay-type":"","overlay-color":"","overlay-opacity":"","overlay-gradient":""}},"ast-content-background-meta":{"desktop":{"background-color":"var(--ast-global-color-5)","background-image":"","background-repeat":"repeat","background-position":"center center","background-size":"auto","background-attachment":"scroll","background-type":"","background-media":"","overlay-type":"","overlay-color":"","overlay-opacity":"","overlay-gradient":""},"tablet":{"background-color":"var(--ast-global-color-5)","background-image":"","background-repeat":"repeat","background-position":"center center","background-size":"auto","background-attachment":"scroll","background-type":"","background-media":"","overlay-type":"","overlay-color":"","overlay-opacity":"","overlay-gradient":""},"mobile":{"background-color":"var(--ast-global-color-5)","background-image":"","background-repeat":"repeat","background-position":"center center","background-size":"auto","background-attachment":"scroll","background-type":"","background-media":"","overlay-type":"","overlay-color":"","overlay-opacity":"","overlay-gradient":""}},"_joinchat":[]},"product_brand":[],"product_cat":[32,33],"product_tag":[],"class_list":{"0":"post-1143","1":"product","2":"type-product","3":"status-publish","4":"has-post-thumbnail","6":"product_cat-fleur-de-chanvre","7":"product_cat-thc-beuh","8":"desktop-align-left","9":"tablet-align-left","10":"mobile-align-left","12":"first","13":"instock","14":"shipping-taxable","15":"purchasable","16":"product-type-variable"},"yoast_head":"<!-- This site is optimized with the Yoast SEO Premium plugin v24.1 (Yoast SEO v26.8) - https:\/\/yoast.com\/product\/yoast-seo-premium-wordpress\/ -->\n<title>Cookies Gary Payton \u2013 Achetez des Fleurs de Cannabis Premium<\/title>\n<meta name=\"description\" content=\"D\u00e9couvrez les Cookies Gary Payton, une vari\u00e9t\u00e9 de cannabis premium r\u00e9put\u00e9e pour sa puissance et son ar\u00f4me unique. Commandez en ligne en toute s\u00e9curit\u00e9\" \/>\n<meta name=\"robots\" content=\"index, follow, max-snippet:-1, max-image-preview:large, max-video-preview:-1\" \/>\n<link rel=\"canonical\" href=\"https:\/\/beuhparadis.com\/it\/product\/cookies-gary-payton\/\" \/>\n<meta property=\"og:locale\" content=\"it_IT\" \/>\n<meta property=\"og:type\" content=\"article\" \/>\n<meta property=\"og:title\" content=\"Cookies Gary Payton\" \/>\n<meta property=\"og:description\" content=\"D\u00e9couvrez les Cookies Gary Payton, une vari\u00e9t\u00e9 de cannabis premium r\u00e9put\u00e9e pour sa puissance et son ar\u00f4me unique. Commandez en ligne en toute s\u00e9curit\u00e9\" \/>\n<meta property=\"og:url\" content=\"https:\/\/beuhparadis.com\/it\/product\/cookies-gary-payton\/\" \/>\n<meta property=\"og:site_name\" content=\"Beuh Paradis\" \/>\n<meta property=\"article:modified_time\" content=\"2025-01-25T22:58:44+00:00\" \/>\n<meta property=\"og:image\" content=\"https:\/\/beuhparadis.com\/wp-content\/uploads\/2024\/12\/Cookies-Gary-Payton.webp\" \/>\n\t<meta property=\"og:image:width\" content=\"500\" \/>\n\t<meta property=\"og:image:height\" content=\"500\" \/>\n\t<meta property=\"og:image:type\" content=\"image\/webp\" \/>\n<meta name=\"twitter:card\" content=\"summary_large_image\" \/>\n<meta name=\"twitter:label1\" content=\"Tempo di lettura stimato\" \/>\n\t<meta name=\"twitter:data1\" content=\"3 minutes\" \/>\n<script type=\"application\/ld+json\" class=\"yoast-schema-graph\">{\"@context\":\"https:\/\/schema.org\",\"@graph\":[{\"@type\":\"WebPage\",\"@id\":\"https:\/\/beuhparadis.com\/product\/cookies-gary-payton\/\",\"url\":\"https:\/\/beuhparadis.com\/product\/cookies-gary-payton\/\",\"name\":\"Cookies Gary Payton \u2013 Achetez des Fleurs de Cannabis Premium\",\"isPartOf\":{\"@id\":\"https:\/\/beuhparadis.com\/#website\"},\"primaryImageOfPage\":{\"@id\":\"https:\/\/beuhparadis.com\/product\/cookies-gary-payton\/#primaryimage\"},\"image\":{\"@id\":\"https:\/\/beuhparadis.com\/product\/cookies-gary-payton\/#primaryimage\"},\"thumbnailUrl\":\"https:\/\/beuhparadis.com\/wp-content\/uploads\/2024\/12\/Cookies-Gary-Payton.webp\",\"datePublished\":\"2024-12-10T23:38:31+00:00\",\"dateModified\":\"2025-01-25T22:58:44+00:00\",\"description\":\"D\u00e9couvrez les Cookies Gary Payton, une vari\u00e9t\u00e9 de cannabis premium r\u00e9put\u00e9e pour sa puissance et son ar\u00f4me unique. Commandez en ligne en toute s\u00e9curit\u00e9\",\"breadcrumb\":{\"@id\":\"https:\/\/beuhparadis.com\/product\/cookies-gary-payton\/#breadcrumb\"},\"inLanguage\":\"it-IT\",\"potentialAction\":[{\"@type\":\"ReadAction\",\"target\":[\"https:\/\/beuhparadis.com\/product\/cookies-gary-payton\/\"]}]},{\"@type\":\"ImageObject\",\"inLanguage\":\"it-IT\",\"@id\":\"https:\/\/beuhparadis.com\/product\/cookies-gary-payton\/#primaryimage\",\"url\":\"https:\/\/beuhparadis.com\/wp-content\/uploads\/2024\/12\/Cookies-Gary-Payton.webp\",\"contentUrl\":\"https:\/\/beuhparadis.com\/wp-content\/uploads\/2024\/12\/Cookies-Gary-Payton.webp\",\"width\":500,\"height\":500,\"caption\":\"Cookies Gary Payton\"},{\"@type\":\"BreadcrumbList\",\"@id\":\"https:\/\/beuhparadis.com\/product\/cookies-gary-payton\/#breadcrumb\",\"itemListElement\":[{\"@type\":\"ListItem\",\"position\":1,\"name\":\"Home\",\"item\":\"https:\/\/beuhparadis.com\/\"},{\"@type\":\"ListItem\",\"position\":2,\"name\":\"Shop\",\"item\":\"https:\/\/beuhparadis.com\/shop\/\"},{\"@type\":\"ListItem\",\"position\":3,\"name\":\"Cookies Gary Payton\"}]},{\"@type\":\"WebSite\",\"@id\":\"https:\/\/beuhparadis.com\/#website\",\"url\":\"https:\/\/beuhparadis.com\/\",\"name\":\"Beuh Paradis\",\"description\":\"\",\"potentialAction\":[{\"@type\":\"SearchAction\",\"target\":{\"@type\":\"EntryPoint\",\"urlTemplate\":\"https:\/\/beuhparadis.com\/?s={search_term_string}\"},\"query-input\":{\"@type\":\"PropertyValueSpecification\",\"valueRequired\":true,\"valueName\":\"search_term_string\"}}],\"inLanguage\":\"it-IT\"}]}<\/script>\n<!-- \/ Yoast SEO Premium plugin. -->","yoast_head_json":{"title":"Biscotti Gary Payton - Acquistare fiori di cannabis di prima qualit\u00e0","description":"Scoprite la Gary Payton Cookies, una variet\u00e0 di cannabis premium rinomata per la sua potenza e il suo sapore unico. Ordinazione online sicura","robots":{"index":"index","follow":"follow","max-snippet":"max-snippet:-1","max-image-preview":"max-image-preview:large","max-video-preview":"max-video-preview:-1"},"canonical":"https:\/\/beuhparadis.com\/it\/product\/cookies-gary-payton\/","og_locale":"it_IT","og_type":"article","og_title":"Cookies Gary Payton","og_description":"D\u00e9couvrez les Cookies Gary Payton, une vari\u00e9t\u00e9 de cannabis premium r\u00e9put\u00e9e pour sa puissance et son ar\u00f4me unique. Commandez en ligne en toute s\u00e9curit\u00e9","og_url":"https:\/\/beuhparadis.com\/it\/product\/cookies-gary-payton\/","og_site_name":"Beuh Paradis","article_modified_time":"2025-01-25T22:58:44+00:00","og_image":[{"width":500,"height":500,"url":"https:\/\/beuhparadis.com\/wp-content\/uploads\/2024\/12\/Cookies-Gary-Payton.webp","type":"image\/webp"}],"twitter_card":"summary_large_image","twitter_misc":{"Tempo di lettura stimato":"3 minutes"},"schema":{"@context":"https:\/\/schema.org","@graph":[{"@type":"WebPage","@id":"https:\/\/beuhparadis.com\/product\/cookies-gary-payton\/","url":"https:\/\/beuhparadis.com\/product\/cookies-gary-payton\/","name":"Biscotti Gary Payton - Acquistare fiori di cannabis di prima qualit\u00e0","isPartOf":{"@id":"https:\/\/beuhparadis.com\/#website"},"primaryImageOfPage":{"@id":"https:\/\/beuhparadis.com\/product\/cookies-gary-payton\/#primaryimage"},"image":{"@id":"https:\/\/beuhparadis.com\/product\/cookies-gary-payton\/#primaryimage"},"thumbnailUrl":"https:\/\/beuhparadis.com\/wp-content\/uploads\/2024\/12\/Cookies-Gary-Payton.webp","datePublished":"2024-12-10T23:38:31+00:00","dateModified":"2025-01-25T22:58:44+00:00","description":"Scoprite la Gary Payton Cookies, una variet\u00e0 di cannabis premium rinomata per la sua potenza e il suo sapore unico. Ordinazione online sicura","breadcrumb":{"@id":"https:\/\/beuhparadis.com\/product\/cookies-gary-payton\/#breadcrumb"},"inLanguage":"it-IT","potentialAction":[{"@type":"ReadAction","target":["https:\/\/beuhparadis.com\/product\/cookies-gary-payton\/"]}]},{"@type":"ImageObject","inLanguage":"it-IT","@id":"https:\/\/beuhparadis.com\/product\/cookies-gary-payton\/#primaryimage","url":"https:\/\/beuhparadis.com\/wp-content\/uploads\/2024\/12\/Cookies-Gary-Payton.webp","contentUrl":"https:\/\/beuhparadis.com\/wp-content\/uploads\/2024\/12\/Cookies-Gary-Payton.webp","width":500,"height":500,"caption":"Cookies Gary Payton"},{"@type":"BreadcrumbList","@id":"https:\/\/beuhparadis.com\/product\/cookies-gary-payton\/#breadcrumb","itemListElement":[{"@type":"ListItem","position":1,"name":"Home","item":"https:\/\/beuhparadis.com\/"},{"@type":"ListItem","position":2,"name":"Shop","item":"https:\/\/beuhparadis.com\/shop\/"},{"@type":"ListItem","position":3,"name":"Cookies Gary Payton"}]},{"@type":"WebSite","@id":"https:\/\/beuhparadis.com\/#website","url":"https:\/\/beuhparadis.com\/","name":"Beuh Paradis","description":"","potentialAction":[{"@type":"SearchAction","target":{"@type":"EntryPoint","urlTemplate":"https:\/\/beuhparadis.com\/?s={search_term_string}"},"query-input":{"@type":"PropertyValueSpecification","valueRequired":true,"valueName":"search_term_string"}}],"inLanguage":"it-IT"}]}},"_links":{"self":[{"href":"https:\/\/beuhparadis.com\/it\/wp-json\/wp\/v2\/product\/1143","targetHints":{"allow":["GET"]}}],"collection":[{"href":"https:\/\/beuhparadis.com\/it\/wp-json\/wp\/v2\/product"}],"about":[{"href":"https:\/\/beuhparadis.com\/it\/wp-json\/wp\/v2\/types\/product"}],"replies":[{"embeddable":true,"href":"https:\/\/beuhparadis.com\/it\/wp-json\/wp\/v2\/comments?post=1143"}],"wp:featuredmedia":[{"embeddable":true,"href":"https:\/\/beuhparadis.com\/it\/wp-json\/wp\/v2\/media\/1173"}],"wp:attachment":[{"href":"https:\/\/beuhparadis.com\/it\/wp-json\/wp\/v2\/media?parent=1143"}],"wp:term":[{"taxonomy":"product_brand","embeddable":true,"href":"https:\/\/beuhparadis.com\/it\/wp-json\/wp\/v2\/product_brand?post=1143"},{"taxonomy":"product_cat","embeddable":true,"href":"https:\/\/beuhparadis.com\/it\/wp-json\/wp\/v2\/product_cat?post=1143"},{"taxonomy":"product_tag","embeddable":true,"href":"https:\/\/beuhparadis.com\/it\/wp-json\/wp\/v2\/product_tag?post=1143"}],"curies":[{"name":"wp","href":"https:\/\/api.w.org\/{rel}","templated":true}]}}