{"id":2130,"date":"2024-12-10T23:51:22","date_gmt":"2024-12-10T23:51:22","guid":{"rendered":"https:\/\/beuhparadis.com\/?post_type=product&#038;p=2130"},"modified":"2025-01-28T08:09:00","modified_gmt":"2025-01-28T08:09:00","slug":"charas-hash","status":"publish","type":"product","link":"https:\/\/beuhparadis.com\/es\/product\/charas-hash\/","title":{"rendered":"Charas Hash"},"content":{"rendered":"<h3><strong>Comprar hach\u00eds de charas en l\u00ednea - Una experiencia \u00fanica con Beuh Paradis<\/strong><\/h3>\n<h4><\/h4>\n<p>Comprar charas Hash Online: El <strong>Charas Hash<\/strong>ya se puede comprar en l\u00ednea en <strong><a href=\"https:\/\/beuhparadis.com\/es\" target=\"_new\" rel=\"noopener\">Beuh Paradis<\/a><\/strong>. Este hach\u00eds tradicional, elaborado con resina de cannabis de alta calidad, es apreciado por sus sabores aut\u00e9nticos y sus potentes efectos. Tanto si eres un entendido como un nuevo entusiasta, Charas Hash promete una experiencia inolvidable, entregada directamente en tu puerta.<\/p>\n<h4><strong>\u00a0\u00bfQu\u00e9 es el hach\u00eds de charas?<\/strong><\/h4>\n<p>Le <strong>Charas Hash<\/strong> es un tipo \u00fanico de hach\u00eds, originario de las regiones monta\u00f1osas del Himalaya. A diferencia de otras variedades de hach\u00eds, se elabora frotando a mano las flores frescas de cannabis para extraer la resina. Este proceso tradicional produce un producto rico en terpenos, con aromas terrosos y especiados y efectos potentes y relajantes.<\/p>\n<h4><strong>\u00a0\u00bfPor qu\u00e9 comprar Charas Hash en Beuh Paradis?<\/strong><\/h4>\n<p>En <strong>Beuh Paradis<\/strong>Nos comprometemos a ofrecer productos de calidad excepcional para su completa satisfacci\u00f3n. Por eso deber\u00eda elegir <strong>Charas Hash<\/strong> en nuestra plataforma :<\/p>\n<ul>\n<li><strong>Calidad superior:<\/strong> Nuestro Charas Hash se elabora a partir de cannabis cultivado con esmero, lo que garantiza un producto puro y potente.<\/li>\n<li><strong>Premios :<\/strong> Consigue una excelente relaci\u00f3n calidad-precio en todos nuestros productos, incluido el Charas Hash.<\/li>\n<li><strong>Entrega r\u00e1pida y discreta:<\/strong> Haga su pedido f\u00e1cilmente en l\u00ednea y reciba su Charas Hash de forma r\u00e1pida y discreta.<\/li>\n<li><strong>Sitio seguro :<\/strong> Visite <strong><a href=\"https:\/\/beuhparadis.com\/es\" target=\"_new\" rel=\"noopener\">Beuh Paradis<\/a><\/strong>Sus pagos y datos personales est\u00e1n protegidos por nuestros avanzados sistemas de seguridad.<\/li>\n<\/ul>\n<h4><strong>\u00a0Beneficios del hach\u00eds de charas<\/strong><\/h4>\n<p>Le <strong>Charas Hash<\/strong> es apreciado por :<\/p>\n<ul>\n<li><strong>Sabores ricos :<\/strong> Notas especiadas y terrosas que har\u00e1n las delicias de los amantes del aut\u00e9ntico hach\u00eds.<\/li>\n<li><strong>Sus potentes efectos :<\/strong> Relajaci\u00f3n profunda combinada con una sensaci\u00f3n de ligereza mental.<\/li>\n<li><strong>Aut\u00e9ntica artesan\u00eda:<\/strong> El Charas Hash, fabricado a mano seg\u00fan tradiciones ancestrales, es una aut\u00e9ntica obra de arte.<\/li>\n<\/ul>\n<h4><strong>\u00a0Pida ya su hach\u00eds de charas en l\u00ednea<\/strong><\/h4>\n<p>Con <strong><a href=\"https:\/\/beuhparadis.com\/es\" target=\"_new\" rel=\"noopener\">Beuh Paradis<\/a><\/strong>comprar <strong>Charas Hash en l\u00ednea<\/strong> nunca ha sido tan f\u00e1cil y seguro. Descubra nuestra gama de productos de primera calidad y disfrute de una experiencia cann\u00e1bica excepcional. Haz tu pedido hoy mismo y d\u00e9jate seducir por la autenticidad y el poder de Charas Hash.<\/p>","protected":false},"excerpt":{"rendered":"<p><strong>THC:<\/strong> 29%<\/p>","protected":false},"featured_media":2148,"comment_status":"closed","ping_status":"closed","template":"","meta":{"site-sidebar-layout":"default","site-content-layout":"","ast-site-content-layout":"default","site-content-style":"default","site-sidebar-style":"default","ast-global-header-display":"","ast-banner-title-visibility":"","ast-main-header-display":"","ast-hfb-above-header-display":"","ast-hfb-below-header-display":"","ast-hfb-mobile-header-display":"","site-post-title":"","ast-breadcrumbs-content":"","ast-featured-img":"","footer-sml-layout":"","theme-transparent-header-meta":"default","adv-header-id-meta":"","stick-header-meta":"","header-above-stick-meta":"","header-main-stick-meta":"","header-below-stick-meta":"","astra-migrate-meta-layouts":"set","ast-page-background-enabled":"default","ast-page-background-meta":{"desktop":{"background-color":"","background-image":"","background-repeat":"repeat","background-position":"center center","background-size":"auto","background-attachment":"scroll","background-type":"","background-media":"","overlay-type":"","overlay-color":"","overlay-opacity":"","overlay-gradient":""},"tablet":{"background-color":"","background-image":"","background-repeat":"repeat","background-position":"center center","background-size":"auto","background-attachment":"scroll","background-type":"","background-media":"","overlay-type":"","overlay-color":"","overlay-opacity":"","overlay-gradient":""},"mobile":{"background-color":"","background-image":"","background-repeat":"repeat","background-position":"center center","background-size":"auto","background-attachment":"scroll","background-type":"","background-media":"","overlay-type":"","overlay-color":"","overlay-opacity":"","overlay-gradient":""}},"ast-content-background-meta":{"desktop":{"background-color":"var(--ast-global-color-5)","background-image":"","background-repeat":"repeat","background-position":"center center","background-size":"auto","background-attachment":"scroll","background-type":"","background-media":"","overlay-type":"","overlay-color":"","overlay-opacity":"","overlay-gradient":""},"tablet":{"background-color":"var(--ast-global-color-5)","background-image":"","background-repeat":"repeat","background-position":"center center","background-size":"auto","background-attachment":"scroll","background-type":"","background-media":"","overlay-type":"","overlay-color":"","overlay-opacity":"","overlay-gradient":""},"mobile":{"background-color":"var(--ast-global-color-5)","background-image":"","background-repeat":"repeat","background-position":"center center","background-size":"auto","background-attachment":"scroll","background-type":"","background-media":"","overlay-type":"","overlay-color":"","overlay-opacity":"","overlay-gradient":""}},"_joinchat":[]},"product_brand":[],"product_cat":[48],"product_tag":[],"class_list":{"0":"post-2130","1":"product","2":"type-product","3":"status-publish","4":"has-post-thumbnail","6":"product_cat-shit-thc","7":"desktop-align-left","8":"tablet-align-left","9":"mobile-align-left","11":"first","12":"instock","13":"shipping-taxable","14":"purchasable","15":"product-type-variable"},"yoast_head":"<!-- This site is optimized with the Yoast SEO Premium plugin v24.1 (Yoast SEO v26.8) - https:\/\/yoast.com\/product\/yoast-seo-premium-wordpress\/ -->\n<title>Acheter Charas Hash en Ligne \u2013 Qualit\u00e9 Premium | Beuh Paradis<\/title>\n<meta name=\"description\" content=\"Achate du Charas Hash artisanal en ligne sur Beuh Paradis. Profitez d\u2019un haschich authentique.. Livraison rapide et discr\u00e8te\" \/>\n<meta name=\"robots\" content=\"index, follow, max-snippet:-1, max-image-preview:large, max-video-preview:-1\" \/>\n<link rel=\"canonical\" href=\"https:\/\/beuhparadis.com\/es\/product\/charas-hash\/\" \/>\n<meta property=\"og:locale\" content=\"es_ES\" \/>\n<meta property=\"og:type\" content=\"article\" \/>\n<meta property=\"og:title\" content=\"Charas Hash\" \/>\n<meta property=\"og:description\" content=\"Achate du Charas Hash artisanal en ligne sur Beuh Paradis. Profitez d\u2019un haschich authentique.. Livraison rapide et discr\u00e8te\" \/>\n<meta property=\"og:url\" content=\"https:\/\/beuhparadis.com\/es\/product\/charas-hash\/\" \/>\n<meta property=\"og:site_name\" content=\"Beuh Paradis\" \/>\n<meta property=\"article:modified_time\" content=\"2025-01-28T08:09:00+00:00\" \/>\n<meta property=\"og:image\" content=\"https:\/\/beuhparadis.com\/wp-content\/uploads\/2024\/12\/Charas-Hash-2.jpeg\" \/>\n\t<meta property=\"og:image:width\" content=\"247\" \/>\n\t<meta property=\"og:image:height\" content=\"296\" \/>\n\t<meta property=\"og:image:type\" content=\"image\/jpeg\" \/>\n<meta name=\"twitter:card\" content=\"summary_large_image\" \/>\n<meta name=\"twitter:label1\" content=\"Tiempo de lectura\" \/>\n\t<meta name=\"twitter:data1\" content=\"2 minutes\" \/>\n<script type=\"application\/ld+json\" class=\"yoast-schema-graph\">{\"@context\":\"https:\/\/schema.org\",\"@graph\":[{\"@type\":\"WebPage\",\"@id\":\"https:\/\/beuhparadis.com\/product\/charas-hash\/\",\"url\":\"https:\/\/beuhparadis.com\/product\/charas-hash\/\",\"name\":\"Acheter Charas Hash en Ligne \u2013 Qualit\u00e9 Premium | Beuh Paradis\",\"isPartOf\":{\"@id\":\"https:\/\/beuhparadis.com\/#website\"},\"primaryImageOfPage\":{\"@id\":\"https:\/\/beuhparadis.com\/product\/charas-hash\/#primaryimage\"},\"image\":{\"@id\":\"https:\/\/beuhparadis.com\/product\/charas-hash\/#primaryimage\"},\"thumbnailUrl\":\"https:\/\/beuhparadis.com\/wp-content\/uploads\/2024\/12\/Charas-Hash-2.jpeg\",\"datePublished\":\"2024-12-10T23:51:22+00:00\",\"dateModified\":\"2025-01-28T08:09:00+00:00\",\"description\":\"Achate du Charas Hash artisanal en ligne sur Beuh Paradis. Profitez d\u2019un haschich authentique.. Livraison rapide et discr\u00e8te\",\"breadcrumb\":{\"@id\":\"https:\/\/beuhparadis.com\/product\/charas-hash\/#breadcrumb\"},\"inLanguage\":\"es-ES\",\"potentialAction\":[{\"@type\":\"ReadAction\",\"target\":[\"https:\/\/beuhparadis.com\/product\/charas-hash\/\"]}]},{\"@type\":\"ImageObject\",\"inLanguage\":\"es-ES\",\"@id\":\"https:\/\/beuhparadis.com\/product\/charas-hash\/#primaryimage\",\"url\":\"https:\/\/beuhparadis.com\/wp-content\/uploads\/2024\/12\/Charas-Hash-2.jpeg\",\"contentUrl\":\"https:\/\/beuhparadis.com\/wp-content\/uploads\/2024\/12\/Charas-Hash-2.jpeg\",\"width\":247,\"height\":296,\"caption\":\"Acheter Charas Hash en Ligne\"},{\"@type\":\"BreadcrumbList\",\"@id\":\"https:\/\/beuhparadis.com\/product\/charas-hash\/#breadcrumb\",\"itemListElement\":[{\"@type\":\"ListItem\",\"position\":1,\"name\":\"Home\",\"item\":\"https:\/\/beuhparadis.com\/\"},{\"@type\":\"ListItem\",\"position\":2,\"name\":\"Shop\",\"item\":\"https:\/\/beuhparadis.com\/shop\/\"},{\"@type\":\"ListItem\",\"position\":3,\"name\":\"Charas Hash\"}]},{\"@type\":\"WebSite\",\"@id\":\"https:\/\/beuhparadis.com\/#website\",\"url\":\"https:\/\/beuhparadis.com\/\",\"name\":\"Beuh Paradis\",\"description\":\"\",\"potentialAction\":[{\"@type\":\"SearchAction\",\"target\":{\"@type\":\"EntryPoint\",\"urlTemplate\":\"https:\/\/beuhparadis.com\/?s={search_term_string}\"},\"query-input\":{\"@type\":\"PropertyValueSpecification\",\"valueRequired\":true,\"valueName\":\"search_term_string\"}}],\"inLanguage\":\"es-ES\"}]}<\/script>\n<!-- \/ Yoast SEO Premium plugin. -->","yoast_head_json":{"title":"Comprar Hach\u00eds de Charas Online - Calidad Premium | Beuh Paradis","description":"Comprar Charas Hash artesanal online en Beuh Paradis. Disfruta de un aut\u00e9ntico hach\u00eds... Entrega r\u00e1pida y discreta","robots":{"index":"index","follow":"follow","max-snippet":"max-snippet:-1","max-image-preview":"max-image-preview:large","max-video-preview":"max-video-preview:-1"},"canonical":"https:\/\/beuhparadis.com\/es\/product\/charas-hash\/","og_locale":"es_ES","og_type":"article","og_title":"Charas Hash","og_description":"Achate du Charas Hash artisanal en ligne sur Beuh Paradis. Profitez d\u2019un haschich authentique.. Livraison rapide et discr\u00e8te","og_url":"https:\/\/beuhparadis.com\/es\/product\/charas-hash\/","og_site_name":"Beuh Paradis","article_modified_time":"2025-01-28T08:09:00+00:00","og_image":[{"width":247,"height":296,"url":"https:\/\/beuhparadis.com\/wp-content\/uploads\/2024\/12\/Charas-Hash-2.jpeg","type":"image\/jpeg"}],"twitter_card":"summary_large_image","twitter_misc":{"Tiempo de lectura":"2 minutes"},"schema":{"@context":"https:\/\/schema.org","@graph":[{"@type":"WebPage","@id":"https:\/\/beuhparadis.com\/product\/charas-hash\/","url":"https:\/\/beuhparadis.com\/product\/charas-hash\/","name":"Comprar Hach\u00eds de Charas Online - Calidad Premium | Beuh Paradis","isPartOf":{"@id":"https:\/\/beuhparadis.com\/#website"},"primaryImageOfPage":{"@id":"https:\/\/beuhparadis.com\/product\/charas-hash\/#primaryimage"},"image":{"@id":"https:\/\/beuhparadis.com\/product\/charas-hash\/#primaryimage"},"thumbnailUrl":"https:\/\/beuhparadis.com\/wp-content\/uploads\/2024\/12\/Charas-Hash-2.jpeg","datePublished":"2024-12-10T23:51:22+00:00","dateModified":"2025-01-28T08:09:00+00:00","description":"Comprar Charas Hash artesanal online en Beuh Paradis. Disfruta de un aut\u00e9ntico hach\u00eds... Entrega r\u00e1pida y discreta","breadcrumb":{"@id":"https:\/\/beuhparadis.com\/product\/charas-hash\/#breadcrumb"},"inLanguage":"es-ES","potentialAction":[{"@type":"ReadAction","target":["https:\/\/beuhparadis.com\/product\/charas-hash\/"]}]},{"@type":"ImageObject","inLanguage":"es-ES","@id":"https:\/\/beuhparadis.com\/product\/charas-hash\/#primaryimage","url":"https:\/\/beuhparadis.com\/wp-content\/uploads\/2024\/12\/Charas-Hash-2.jpeg","contentUrl":"https:\/\/beuhparadis.com\/wp-content\/uploads\/2024\/12\/Charas-Hash-2.jpeg","width":247,"height":296,"caption":"Acheter Charas Hash en Ligne"},{"@type":"BreadcrumbList","@id":"https:\/\/beuhparadis.com\/product\/charas-hash\/#breadcrumb","itemListElement":[{"@type":"ListItem","position":1,"name":"Home","item":"https:\/\/beuhparadis.com\/"},{"@type":"ListItem","position":2,"name":"Shop","item":"https:\/\/beuhparadis.com\/shop\/"},{"@type":"ListItem","position":3,"name":"Charas Hash"}]},{"@type":"WebSite","@id":"https:\/\/beuhparadis.com\/#website","url":"https:\/\/beuhparadis.com\/","name":"Beuh Paradis","description":"","potentialAction":[{"@type":"SearchAction","target":{"@type":"EntryPoint","urlTemplate":"https:\/\/beuhparadis.com\/?s={search_term_string}"},"query-input":{"@type":"PropertyValueSpecification","valueRequired":true,"valueName":"search_term_string"}}],"inLanguage":"es-ES"}]}},"_links":{"self":[{"href":"https:\/\/beuhparadis.com\/es\/wp-json\/wp\/v2\/product\/2130","targetHints":{"allow":["GET"]}}],"collection":[{"href":"https:\/\/beuhparadis.com\/es\/wp-json\/wp\/v2\/product"}],"about":[{"href":"https:\/\/beuhparadis.com\/es\/wp-json\/wp\/v2\/types\/product"}],"replies":[{"embeddable":true,"href":"https:\/\/beuhparadis.com\/es\/wp-json\/wp\/v2\/comments?post=2130"}],"wp:featuredmedia":[{"embeddable":true,"href":"https:\/\/beuhparadis.com\/es\/wp-json\/wp\/v2\/media\/2148"}],"wp:attachment":[{"href":"https:\/\/beuhparadis.com\/es\/wp-json\/wp\/v2\/media?parent=2130"}],"wp:term":[{"taxonomy":"product_brand","embeddable":true,"href":"https:\/\/beuhparadis.com\/es\/wp-json\/wp\/v2\/product_brand?post=2130"},{"taxonomy":"product_cat","embeddable":true,"href":"https:\/\/beuhparadis.com\/es\/wp-json\/wp\/v2\/product_cat?post=2130"},{"taxonomy":"product_tag","embeddable":true,"href":"https:\/\/beuhparadis.com\/es\/wp-json\/wp\/v2\/product_tag?post=2130"}],"curies":[{"name":"wp","href":"https:\/\/api.w.org\/{rel}","templated":true}]}}