{"id":2061,"date":"2024-12-10T23:50:47","date_gmt":"2024-12-10T23:50:47","guid":{"rendered":"https:\/\/beuhparadis.com\/?post_type=product&#038;p=2061"},"modified":"2025-01-28T09:32:05","modified_gmt":"2025-01-28T09:32:05","slug":"red-lebanese-hash","status":"publish","type":"product","link":"https:\/\/beuhparadis.com\/es\/product\/red-lebanese-hash\/","title":{"rendered":"Hach\u00eds liban\u00e9s rojo"},"content":{"rendered":"<h1 class=\"wp-block-heading\">Comprar Hach\u00eds liban\u00e9s rojo<\/h1>\n<p>Comprar Hach\u00eds Rojo Liban\u00e9s es una variedad de hach\u00eds particularmente apreciada por sus efectos cerebrales, a diferencia de la mayor\u00eda del hach\u00eds disponible en todo el mundo, que tiende a ser m\u00e1s sedante. Sin embargo, tambi\u00e9n produce un coloc\u00f3n corporal inmaculado y ondas de relajaci\u00f3n muy potentes, comparables al hach\u00eds marroqu\u00ed.<\/p>\n<h2 class=\"wp-block-heading\">Informaci\u00f3n hash<\/h2>\n<ul class=\"wp-block-list\">\n<li>Origen: Valle de Baalbek, L\u00edbano.<\/li>\n<li>Producci\u00f3n: Cultivadas en condiciones dif\u00edciles, las variedades aut\u00f3ctonas desarrollan gruesas capas de tricomas de THC para defenderse de los elementos.<\/li>\n<li>Proceso: Secado y curado naturales, que dan al hach\u00eds un tono rojo \u00fanico.<\/li>\n<li>Envejecimiento: El hach\u00eds se envejece durante una o dos temporadas de cosecha (4-8 meses) para desarrollar una consistencia ideal y enriquecer el aroma y el sabor.<\/li>\n<\/ul>\n<h2 class=\"wp-block-heading\">THC y CBD<\/h2>\n<ul class=\"wp-block-list\">\n<li><strong>THC :<\/strong> Concentraciones elevadas, t\u00edpicas de los productos del hach\u00eds.<\/li>\n<li><strong>CBD :<\/strong> Informaci\u00f3n no especificada, generalmente baja en CBD.<\/li>\n<\/ul>\n<h2 class=\"wp-block-heading\">Efectos, aroma y sabor<\/h2>\n<h3 class=\"wp-block-heading\">Efecto<\/h3>\n<ul class=\"wp-block-list\">\n<li>Efectos cerebrales marcados.<\/li>\n<li>Relajaci\u00f3n profunda y potente piedra corporal.<\/li>\n<\/ul>\n<h3 class=\"wp-block-heading\">Aroma<\/h3>\n<ul class=\"wp-block-list\">\n<li>Madera natural.<\/li>\n<li>Terpenos picantes \u00fanicos.<\/li>\n<\/ul>\n<h3 class=\"wp-block-heading\">Pruebe<\/h3>\n<ul class=\"wp-block-list\">\n<li>Notas amaderadas y especiadas enriquecidas por el proceso de envejecimiento.<\/li>\n<\/ul>\n<h2 class=\"wp-block-heading\">Efectos m\u00e9dicos<\/h2>\n<h3 class=\"wp-block-heading\">Efectos m\u00e9dicos<\/h3>\n<ul class=\"wp-block-list\">\n<li>Alivio eficaz del dolor.<\/li>\n<li>Reducci\u00f3n del estr\u00e9s y la ansiedad.<\/li>\n<\/ul>\n<h3 class=\"wp-block-heading\">Puede aliviar<\/h3>\n<ul class=\"wp-block-list\">\n<li>Insomnio.<\/li>\n<li>Dolor cr\u00f3nico.<\/li>\n<li>Trastornos del estado de \u00e1nimo.<\/li>\n<\/ul>\n<h2 class=\"wp-block-heading\">C\u00f3mo fumar hach\u00eds rojo liban\u00e9s<\/h2>\n<p>Consumir hach\u00eds ofrece multitud de opciones. Recomendamos desmenuzarlo sobre tus cuencos de bong o pipa, o mezclarlo en tus porros para disfrutar de una experiencia relajante.<\/p>\n<h2 class=\"wp-block-heading\">\u00bfD\u00f3nde puedo comprar Hach\u00eds liban\u00e9s rojo en Internet?<\/h2>\n<p>El hach\u00eds rojo liban\u00e9s se puede comprar en l\u00ednea en sitios fiables como Acheterducannabis.fr, que ofrecen una calidad superior y una entrega discreta.<\/p>\n<h2 class=\"wp-block-heading\">\u00bfPor qu\u00e9 comprar hach\u00eds rojo liban\u00e9s en Acheterducannabis.fr?<\/h2>\n<p><a href=\"https:\/\/beuhparadis.com\/es\/product\/honey-moroccan-blonde-hash\/\" data-type=\"link\" data-id=\"https:\/\/acheterducannabis.fr\/\">Beuhparadis.com<\/a> es famosa por su selecci\u00f3n de cannabis de primera calidad, incluido el hach\u00eds rojo liban\u00e9s, que garantiza una experiencia de compra segura y un servicio al cliente de primera clase.<\/p>\n<h2 class=\"wp-block-heading\">Ley sobre la venta de hach\u00eds en Europa<\/h2>\n<p>La venta de cannabis, incluido el hach\u00eds rojo liban\u00e9s, est\u00e1 sujeta a estrictas normas en Europa. Comprar a proveedores de confianza como Acheterducannabis.fr garantiza el cumplimiento de la ley y de las normas de calidad y seguridad.<\/p>","protected":false},"excerpt":{"rendered":"<p><strong>THC:<\/strong> 25%<\/p>\n<p><strong>Efectos m\u00e9dicos<\/strong><\/p>\n<ul class=\"wp-block-list\">\n<li>Alivio eficaz del dolor.<\/li>\n<li>Reducci\u00f3n del estr\u00e9s y la ansiedad.<\/li>\n<\/ul>","protected":false},"featured_media":2078,"comment_status":"closed","ping_status":"closed","template":"","meta":{"site-sidebar-layout":"default","site-content-layout":"","ast-site-content-layout":"default","site-content-style":"default","site-sidebar-style":"default","ast-global-header-display":"","ast-banner-title-visibility":"","ast-main-header-display":"","ast-hfb-above-header-display":"","ast-hfb-below-header-display":"","ast-hfb-mobile-header-display":"","site-post-title":"","ast-breadcrumbs-content":"","ast-featured-img":"","footer-sml-layout":"","theme-transparent-header-meta":"default","adv-header-id-meta":"","stick-header-meta":"","header-above-stick-meta":"","header-main-stick-meta":"","header-below-stick-meta":"","astra-migrate-meta-layouts":"set","ast-page-background-enabled":"default","ast-page-background-meta":{"desktop":{"background-color":"","background-image":"","background-repeat":"repeat","background-position":"center center","background-size":"auto","background-attachment":"scroll","background-type":"","background-media":"","overlay-type":"","overlay-color":"","overlay-opacity":"","overlay-gradient":""},"tablet":{"background-color":"","background-image":"","background-repeat":"repeat","background-position":"center center","background-size":"auto","background-attachment":"scroll","background-type":"","background-media":"","overlay-type":"","overlay-color":"","overlay-opacity":"","overlay-gradient":""},"mobile":{"background-color":"","background-image":"","background-repeat":"repeat","background-position":"center center","background-size":"auto","background-attachment":"scroll","background-type":"","background-media":"","overlay-type":"","overlay-color":"","overlay-opacity":"","overlay-gradient":""}},"ast-content-background-meta":{"desktop":{"background-color":"var(--ast-global-color-5)","background-image":"","background-repeat":"repeat","background-position":"center center","background-size":"auto","background-attachment":"scroll","background-type":"","background-media":"","overlay-type":"","overlay-color":"","overlay-opacity":"","overlay-gradient":""},"tablet":{"background-color":"var(--ast-global-color-5)","background-image":"","background-repeat":"repeat","background-position":"center center","background-size":"auto","background-attachment":"scroll","background-type":"","background-media":"","overlay-type":"","overlay-color":"","overlay-opacity":"","overlay-gradient":""},"mobile":{"background-color":"var(--ast-global-color-5)","background-image":"","background-repeat":"repeat","background-position":"center center","background-size":"auto","background-attachment":"scroll","background-type":"","background-media":"","overlay-type":"","overlay-color":"","overlay-opacity":"","overlay-gradient":""}},"_joinchat":[]},"product_brand":[],"product_cat":[48],"product_tag":[],"class_list":{"0":"post-2061","1":"product","2":"type-product","3":"status-publish","4":"has-post-thumbnail","6":"product_cat-shit-thc","7":"desktop-align-left","8":"tablet-align-left","9":"mobile-align-left","11":"first","12":"instock","13":"shipping-taxable","14":"purchasable","15":"product-type-variable"},"yoast_head":"<!-- This site is optimized with the Yoast SEO Premium plugin v24.1 (Yoast SEO v26.8) - https:\/\/yoast.com\/product\/yoast-seo-premium-wordpress\/ -->\n<title>Acheter Red Lebanese Hash | Hash Libanais Rouge Premium<\/title>\n<meta name=\"description\" content=\"Acheter Red Lebanese Hash, un hash libanais rouge traditionnel, connu pour sa texture douce et ses ar\u00f4mes riches. Livraison discr\u00e8te et rapide.\" \/>\n<meta name=\"robots\" content=\"index, follow, max-snippet:-1, max-image-preview:large, max-video-preview:-1\" \/>\n<link rel=\"canonical\" href=\"https:\/\/beuhparadis.com\/es\/product\/red-lebanese-hash\/\" \/>\n<meta property=\"og:locale\" content=\"es_ES\" \/>\n<meta property=\"og:type\" content=\"article\" \/>\n<meta property=\"og:title\" content=\"Red Lebanese Hash\" \/>\n<meta property=\"og:description\" content=\"Acheter Red Lebanese Hash, un hash libanais rouge traditionnel, connu pour sa texture douce et ses ar\u00f4mes riches. Livraison discr\u00e8te et rapide.\" \/>\n<meta property=\"og:url\" content=\"https:\/\/beuhparadis.com\/es\/product\/red-lebanese-hash\/\" \/>\n<meta property=\"og:site_name\" content=\"Beuh Paradis\" \/>\n<meta property=\"article:modified_time\" content=\"2025-01-28T09:32:05+00:00\" \/>\n<meta property=\"og:image\" content=\"https:\/\/beuhparadis.com\/wp-content\/uploads\/2024\/12\/Red-Lebanese-Hash-2.jpeg\" \/>\n\t<meta property=\"og:image:width\" content=\"924\" \/>\n\t<meta property=\"og:image:height\" content=\"924\" \/>\n\t<meta property=\"og:image:type\" content=\"image\/jpeg\" \/>\n<meta name=\"twitter:card\" content=\"summary_large_image\" \/>\n<meta name=\"twitter:label1\" content=\"Tiempo de lectura\" \/>\n\t<meta name=\"twitter:data1\" content=\"2 minutes\" \/>\n<script type=\"application\/ld+json\" class=\"yoast-schema-graph\">{\"@context\":\"https:\/\/schema.org\",\"@graph\":[{\"@type\":\"WebPage\",\"@id\":\"https:\/\/beuhparadis.com\/product\/red-lebanese-hash\/\",\"url\":\"https:\/\/beuhparadis.com\/product\/red-lebanese-hash\/\",\"name\":\"Acheter Red Lebanese Hash | Hash Libanais Rouge Premium\",\"isPartOf\":{\"@id\":\"https:\/\/beuhparadis.com\/#website\"},\"primaryImageOfPage\":{\"@id\":\"https:\/\/beuhparadis.com\/product\/red-lebanese-hash\/#primaryimage\"},\"image\":{\"@id\":\"https:\/\/beuhparadis.com\/product\/red-lebanese-hash\/#primaryimage\"},\"thumbnailUrl\":\"https:\/\/beuhparadis.com\/wp-content\/uploads\/2024\/12\/Red-Lebanese-Hash-2.jpeg\",\"datePublished\":\"2024-12-10T23:50:47+00:00\",\"dateModified\":\"2025-01-28T09:32:05+00:00\",\"description\":\"Acheter Red Lebanese Hash, un hash libanais rouge traditionnel, connu pour sa texture douce et ses ar\u00f4mes riches. Livraison discr\u00e8te et rapide.\",\"breadcrumb\":{\"@id\":\"https:\/\/beuhparadis.com\/product\/red-lebanese-hash\/#breadcrumb\"},\"inLanguage\":\"es-ES\",\"potentialAction\":[{\"@type\":\"ReadAction\",\"target\":[\"https:\/\/beuhparadis.com\/product\/red-lebanese-hash\/\"]}]},{\"@type\":\"ImageObject\",\"inLanguage\":\"es-ES\",\"@id\":\"https:\/\/beuhparadis.com\/product\/red-lebanese-hash\/#primaryimage\",\"url\":\"https:\/\/beuhparadis.com\/wp-content\/uploads\/2024\/12\/Red-Lebanese-Hash-2.jpeg\",\"contentUrl\":\"https:\/\/beuhparadis.com\/wp-content\/uploads\/2024\/12\/Red-Lebanese-Hash-2.jpeg\",\"width\":924,\"height\":924},{\"@type\":\"BreadcrumbList\",\"@id\":\"https:\/\/beuhparadis.com\/product\/red-lebanese-hash\/#breadcrumb\",\"itemListElement\":[{\"@type\":\"ListItem\",\"position\":1,\"name\":\"Home\",\"item\":\"https:\/\/beuhparadis.com\/\"},{\"@type\":\"ListItem\",\"position\":2,\"name\":\"Shop\",\"item\":\"https:\/\/beuhparadis.com\/shop\/\"},{\"@type\":\"ListItem\",\"position\":3,\"name\":\"Red Lebanese Hash\"}]},{\"@type\":\"WebSite\",\"@id\":\"https:\/\/beuhparadis.com\/#website\",\"url\":\"https:\/\/beuhparadis.com\/\",\"name\":\"Beuh Paradis\",\"description\":\"\",\"potentialAction\":[{\"@type\":\"SearchAction\",\"target\":{\"@type\":\"EntryPoint\",\"urlTemplate\":\"https:\/\/beuhparadis.com\/?s={search_term_string}\"},\"query-input\":{\"@type\":\"PropertyValueSpecification\",\"valueRequired\":true,\"valueName\":\"search_term_string\"}}],\"inLanguage\":\"es-ES\"}]}<\/script>\n<!-- \/ Yoast SEO Premium plugin. -->","yoast_head_json":{"title":"Comprar Hach\u00eds Liban\u00e9s Rojo | Hash Libanais Rouge Premium","description":"Comprar Hach\u00eds Rojo Liban\u00e9s, un hach\u00eds rojo liban\u00e9s tradicional conocido por su textura suave y sus ricos aromas. Entrega r\u00e1pida y discreta.","robots":{"index":"index","follow":"follow","max-snippet":"max-snippet:-1","max-image-preview":"max-image-preview:large","max-video-preview":"max-video-preview:-1"},"canonical":"https:\/\/beuhparadis.com\/es\/product\/red-lebanese-hash\/","og_locale":"es_ES","og_type":"article","og_title":"Red Lebanese Hash","og_description":"Acheter Red Lebanese Hash, un hash libanais rouge traditionnel, connu pour sa texture douce et ses ar\u00f4mes riches. Livraison discr\u00e8te et rapide.","og_url":"https:\/\/beuhparadis.com\/es\/product\/red-lebanese-hash\/","og_site_name":"Beuh Paradis","article_modified_time":"2025-01-28T09:32:05+00:00","og_image":[{"width":924,"height":924,"url":"https:\/\/beuhparadis.com\/wp-content\/uploads\/2024\/12\/Red-Lebanese-Hash-2.jpeg","type":"image\/jpeg"}],"twitter_card":"summary_large_image","twitter_misc":{"Tiempo de lectura":"2 minutes"},"schema":{"@context":"https:\/\/schema.org","@graph":[{"@type":"WebPage","@id":"https:\/\/beuhparadis.com\/product\/red-lebanese-hash\/","url":"https:\/\/beuhparadis.com\/product\/red-lebanese-hash\/","name":"Comprar Hach\u00eds Liban\u00e9s Rojo | Hash Libanais Rouge Premium","isPartOf":{"@id":"https:\/\/beuhparadis.com\/#website"},"primaryImageOfPage":{"@id":"https:\/\/beuhparadis.com\/product\/red-lebanese-hash\/#primaryimage"},"image":{"@id":"https:\/\/beuhparadis.com\/product\/red-lebanese-hash\/#primaryimage"},"thumbnailUrl":"https:\/\/beuhparadis.com\/wp-content\/uploads\/2024\/12\/Red-Lebanese-Hash-2.jpeg","datePublished":"2024-12-10T23:50:47+00:00","dateModified":"2025-01-28T09:32:05+00:00","description":"Comprar Hach\u00eds Rojo Liban\u00e9s, un hach\u00eds rojo liban\u00e9s tradicional conocido por su textura suave y sus ricos aromas. Entrega r\u00e1pida y discreta.","breadcrumb":{"@id":"https:\/\/beuhparadis.com\/product\/red-lebanese-hash\/#breadcrumb"},"inLanguage":"es-ES","potentialAction":[{"@type":"ReadAction","target":["https:\/\/beuhparadis.com\/product\/red-lebanese-hash\/"]}]},{"@type":"ImageObject","inLanguage":"es-ES","@id":"https:\/\/beuhparadis.com\/product\/red-lebanese-hash\/#primaryimage","url":"https:\/\/beuhparadis.com\/wp-content\/uploads\/2024\/12\/Red-Lebanese-Hash-2.jpeg","contentUrl":"https:\/\/beuhparadis.com\/wp-content\/uploads\/2024\/12\/Red-Lebanese-Hash-2.jpeg","width":924,"height":924},{"@type":"BreadcrumbList","@id":"https:\/\/beuhparadis.com\/product\/red-lebanese-hash\/#breadcrumb","itemListElement":[{"@type":"ListItem","position":1,"name":"Home","item":"https:\/\/beuhparadis.com\/"},{"@type":"ListItem","position":2,"name":"Shop","item":"https:\/\/beuhparadis.com\/shop\/"},{"@type":"ListItem","position":3,"name":"Red Lebanese Hash"}]},{"@type":"WebSite","@id":"https:\/\/beuhparadis.com\/#website","url":"https:\/\/beuhparadis.com\/","name":"Beuh Paradis","description":"","potentialAction":[{"@type":"SearchAction","target":{"@type":"EntryPoint","urlTemplate":"https:\/\/beuhparadis.com\/?s={search_term_string}"},"query-input":{"@type":"PropertyValueSpecification","valueRequired":true,"valueName":"search_term_string"}}],"inLanguage":"es-ES"}]}},"_links":{"self":[{"href":"https:\/\/beuhparadis.com\/es\/wp-json\/wp\/v2\/product\/2061","targetHints":{"allow":["GET"]}}],"collection":[{"href":"https:\/\/beuhparadis.com\/es\/wp-json\/wp\/v2\/product"}],"about":[{"href":"https:\/\/beuhparadis.com\/es\/wp-json\/wp\/v2\/types\/product"}],"replies":[{"embeddable":true,"href":"https:\/\/beuhparadis.com\/es\/wp-json\/wp\/v2\/comments?post=2061"}],"wp:featuredmedia":[{"embeddable":true,"href":"https:\/\/beuhparadis.com\/es\/wp-json\/wp\/v2\/media\/2078"}],"wp:attachment":[{"href":"https:\/\/beuhparadis.com\/es\/wp-json\/wp\/v2\/media?parent=2061"}],"wp:term":[{"taxonomy":"product_brand","embeddable":true,"href":"https:\/\/beuhparadis.com\/es\/wp-json\/wp\/v2\/product_brand?post=2061"},{"taxonomy":"product_cat","embeddable":true,"href":"https:\/\/beuhparadis.com\/es\/wp-json\/wp\/v2\/product_cat?post=2061"},{"taxonomy":"product_tag","embeddable":true,"href":"https:\/\/beuhparadis.com\/es\/wp-json\/wp\/v2\/product_tag?post=2061"}],"curies":[{"name":"wp","href":"https:\/\/api.w.org\/{rel}","templated":true}]}}