{"id":2042,"date":"2024-12-10T23:50:24","date_gmt":"2024-12-10T23:50:24","guid":{"rendered":"https:\/\/beuhparadis.com\/?post_type=product&#038;p=2042"},"modified":"2025-01-28T09:56:06","modified_gmt":"2025-01-28T09:56:06","slug":"doja-exclusive-mochi","status":"publish","type":"product","link":"https:\/\/beuhparadis.com\/es\/product\/doja-exclusive-mochi\/","title":{"rendered":"Doja Exclusive | Mochi"},"content":{"rendered":"<h1 class=\"wp-block-heading\">Doja Mochi: una experiencia h\u00edbrida creativa y relajante<\/h1>\n<p>Doja Mochi es una variedad h\u00edbrida de cannabis que destaca por su capacidad para estimular la creatividad al tiempo que ofrece un importante alivio del dolor. Esta variedad es el resultado del cruce entre Sunset Sherbet y Thin Mint Girl Scout Cookies, dando lugar a una cepa conocida por sus cogollos densos y hermosos, con una mezcla helada de colores como el p\u00farpura, el jade y el rojo brillante.<\/p>\n<h2 class=\"wp-block-heading\">Informaci\u00f3n sobre La Souche<\/h2>\n<ul class=\"wp-block-list\">\n<li><strong>Gen\u00e9tica<\/strong> H\u00edbrido de Sunset Sherbet y Thin Mint Girl Scout Cookies.<\/li>\n<li><strong>Producci\u00f3n<\/strong> Cuidadosamente cultivada para producir cogollos densos y coloridos con una alta concentraci\u00f3n de THC.<\/li>\n<li><strong>Tipo<\/strong> H\u00edbrido, a veces llamado Gelato 47 o Mochi Gelato, conocido por favorecer la relajaci\u00f3n y la creatividad.<\/li>\n<\/ul>\n<h2 class=\"wp-block-heading\">THC y CBD<\/h2>\n<ul class=\"wp-block-list\">\n<li><strong>THC<\/strong> Tasa media en torno a 12%, que ofrece un equilibrio perfecto entre relajaci\u00f3n y estimulaci\u00f3n mental sin resultar abrumador.<\/li>\n<li><strong>CBD<\/strong> Muy bajo, acentuando principalmente los efectos recreativos y terap\u00e9uticos del THC.<\/li>\n<\/ul>\n<h2 class=\"wp-block-heading\">\u00bfD\u00f3nde puedo comprar Doja Mochi en Internet?<\/h2>\n<p><a href=\"https:\/\/beuhparadis.com\/es\/product\/bubble-hash\/\">Beuhparadis.com<\/a> es su destino preferido para comprar <strong>Doja Mochi<\/strong> en l\u00ednea, garantizando un producto de primera calidad, una entrega discreta y un servicio de atenci\u00f3n al cliente impecable.<\/p>\n<h2 class=\"wp-block-heading\">Efectos, aroma y sabor<\/h2>\n<h3 class=\"wp-block-heading\">Efecto<\/h3>\n<ul class=\"wp-block-list\">\n<li><strong>Doja Mochi<\/strong> es apreciada por su capacidad para relajar profundamente, inducir el sue\u00f1o, levantar el \u00e1nimo, estimular y proporcionar una sensaci\u00f3n de euforia.<\/li>\n<li>Efectos secundarios m\u00ednimos, incluyendo sequedad de boca y ojos, con raros casos de ansiedad y paranoia.<\/li>\n<\/ul>\n<h3 class=\"wp-block-heading\">Aroma<\/h3>\n<ul class=\"wp-block-list\">\n<li>Una fragancia compleja y hechizante, que combina notas dulces y afrutadas con toques de gas\u00f3leo, que emanan de sus capullos escarchados y coloridos.<\/li>\n<\/ul>\n<h3 class=\"wp-block-heading\">Pruebe<\/h3>\n<ul class=\"wp-block-list\">\n<li>Sabor distintivo dulce y afrutado, con notas de caramelo y manzana, equilibrado por una ligera acidez alimonada, que hace eco de su evocador nombre. <strong>Doja Mochi<\/strong>.<\/li>\n<\/ul>\n<h2 class=\"wp-block-heading\">Efectos m\u00e9dicos<\/h2>\n<h3 class=\"wp-block-heading\">Efectos m\u00e9dicos<\/h3>\n<ul class=\"wp-block-list\">\n<li>Eficaz contra la ansiedad, el insomnio, el estr\u00e9s, la depresi\u00f3n y las n\u00e1useas, <strong>Doja Mochi<\/strong> ofrece alivio para una amplia gama de afecciones.<\/li>\n<\/ul>\n<h3 class=\"wp-block-heading\">Puede aliviar<\/h3>\n<ul class=\"wp-block-list\">\n<li>Especialmente \u00fatil para las personas que sufren ansiedad, insomnio y estr\u00e9s, ya que ofrece relajaci\u00f3n y bienestar.<\/li>\n<\/ul>\n<h2 class=\"wp-block-heading\">\u00bfPor qu\u00e9 comprar Doja Mochi en Acheterducannabis?<\/h2>\n<p>Elija <strong>Buyducannabis<\/strong> por su compra de <strong>Doja Mochi<\/strong> significa elegir un proveedor fiable de productos de cannabis de la m\u00e1s alta calidad, cultivados con experiencia y pasi\u00f3n. Estamos comprometidos con una experiencia de compra inigualable, de principio a fin.<\/p>\n<h2 class=\"wp-block-heading\">Legislaci\u00f3n gubernamental para la venta de cannabis en Europa<\/h2>\n<p>La venta de cannabis en Europa se rige por leyes estrictas para garantizar la seguridad del consumidor y la conformidad del producto. Acheterducannabis cumple escrupulosamente con esta normativa, ofreciendo un servicio de compra online de Doja Mochi totalmente legal y seguro.<\/p>\n<hr class=\"wp-block-separator has-alpha-channel-opacity\" \/>\n<p>Acheterducannabis le invita a descubrir Doja Mochi, una garant\u00eda de calidad superior, una experiencia excepcional para el usuario y el cumplimiento de las normas legales europeas para la compra de cannabis.<\/p>","protected":false},"excerpt":{"rendered":"<p><strong>Efectos m\u00e9dicos<\/strong><\/p>\n<p>Eficaz contra la ansiedad, el insomnio, el estr\u00e9s, la depresi\u00f3n y las n\u00e1useas, Doja Mochi ofrece alivio para una amplia gama de afecciones.<\/p>","protected":false},"featured_media":2055,"comment_status":"closed","ping_status":"closed","template":"","meta":{"site-sidebar-layout":"default","site-content-layout":"","ast-site-content-layout":"default","site-content-style":"default","site-sidebar-style":"default","ast-global-header-display":"","ast-banner-title-visibility":"","ast-main-header-display":"","ast-hfb-above-header-display":"","ast-hfb-below-header-display":"","ast-hfb-mobile-header-display":"","site-post-title":"","ast-breadcrumbs-content":"","ast-featured-img":"","footer-sml-layout":"","theme-transparent-header-meta":"default","adv-header-id-meta":"","stick-header-meta":"","header-above-stick-meta":"","header-main-stick-meta":"","header-below-stick-meta":"","astra-migrate-meta-layouts":"set","ast-page-background-enabled":"default","ast-page-background-meta":{"desktop":{"background-color":"","background-image":"","background-repeat":"repeat","background-position":"center center","background-size":"auto","background-attachment":"scroll","background-type":"","background-media":"","overlay-type":"","overlay-color":"","overlay-opacity":"","overlay-gradient":""},"tablet":{"background-color":"","background-image":"","background-repeat":"repeat","background-position":"center center","background-size":"auto","background-attachment":"scroll","background-type":"","background-media":"","overlay-type":"","overlay-color":"","overlay-opacity":"","overlay-gradient":""},"mobile":{"background-color":"","background-image":"","background-repeat":"repeat","background-position":"center center","background-size":"auto","background-attachment":"scroll","background-type":"","background-media":"","overlay-type":"","overlay-color":"","overlay-opacity":"","overlay-gradient":""}},"ast-content-background-meta":{"desktop":{"background-color":"var(--ast-global-color-5)","background-image":"","background-repeat":"repeat","background-position":"center center","background-size":"auto","background-attachment":"scroll","background-type":"","background-media":"","overlay-type":"","overlay-color":"","overlay-opacity":"","overlay-gradient":""},"tablet":{"background-color":"var(--ast-global-color-5)","background-image":"","background-repeat":"repeat","background-position":"center center","background-size":"auto","background-attachment":"scroll","background-type":"","background-media":"","overlay-type":"","overlay-color":"","overlay-opacity":"","overlay-gradient":""},"mobile":{"background-color":"var(--ast-global-color-5)","background-image":"","background-repeat":"repeat","background-position":"center center","background-size":"auto","background-attachment":"scroll","background-type":"","background-media":"","overlay-type":"","overlay-color":"","overlay-opacity":"","overlay-gradient":""}},"_joinchat":[]},"product_brand":[],"product_cat":[41,47],"product_tag":[],"class_list":{"0":"post-2042","1":"product","2":"type-product","3":"status-publish","4":"has-post-thumbnail","6":"product_cat-cali-weed","7":"product_cat-doja-weed-doja-exclusive","8":"desktop-align-left","9":"tablet-align-left","10":"mobile-align-left","12":"first","13":"instock","14":"shipping-taxable","15":"purchasable","16":"product-type-variable"},"yoast_head":"<!-- This site is optimized with the Yoast SEO Premium plugin v24.1 (Yoast SEO v26.8) - https:\/\/yoast.com\/product\/yoast-seo-premium-wordpress\/ -->\n<title>Acheter Doja Mochi en Ligne | Vari\u00e9t\u00e9 de Cannabis Exotique<\/title>\n<meta name=\"description\" content=\"Acheter Doja Mochi, une vari\u00e9t\u00e9 de cannabis exotique aux ar\u00f4mes uniques et aux effets puissants. Achetez en ligne avec livraison discr\u00e8te et rapide.\" \/>\n<meta name=\"robots\" content=\"index, follow, max-snippet:-1, max-image-preview:large, max-video-preview:-1\" \/>\n<link rel=\"canonical\" href=\"https:\/\/beuhparadis.com\/es\/product\/doja-exclusive-mochi\/\" \/>\n<meta property=\"og:locale\" content=\"es_ES\" \/>\n<meta property=\"og:type\" content=\"article\" \/>\n<meta property=\"og:title\" content=\"Doja Exclusive | Mochi\" \/>\n<meta property=\"og:description\" content=\"Acheter Doja Mochi, une vari\u00e9t\u00e9 de cannabis exotique aux ar\u00f4mes uniques et aux effets puissants. Achetez en ligne avec livraison discr\u00e8te et rapide.\" \/>\n<meta property=\"og:url\" content=\"https:\/\/beuhparadis.com\/es\/product\/doja-exclusive-mochi\/\" \/>\n<meta property=\"og:site_name\" content=\"Beuh Paradis\" \/>\n<meta property=\"article:modified_time\" content=\"2025-01-28T09:56:06+00:00\" \/>\n<meta property=\"og:image\" content=\"https:\/\/beuhparadis.com\/wp-content\/uploads\/2024\/12\/Doja-Exclusive-Mochi-3.jpg\" \/>\n\t<meta property=\"og:image:width\" content=\"1284\" \/>\n\t<meta property=\"og:image:height\" content=\"1464\" \/>\n\t<meta property=\"og:image:type\" content=\"image\/jpeg\" \/>\n<meta name=\"twitter:card\" content=\"summary_large_image\" \/>\n<meta name=\"twitter:label1\" content=\"Tiempo de lectura\" \/>\n\t<meta name=\"twitter:data1\" content=\"3 minutes\" \/>\n<script type=\"application\/ld+json\" class=\"yoast-schema-graph\">{\"@context\":\"https:\/\/schema.org\",\"@graph\":[{\"@type\":\"WebPage\",\"@id\":\"https:\/\/beuhparadis.com\/product\/doja-exclusive-mochi\/\",\"url\":\"https:\/\/beuhparadis.com\/product\/doja-exclusive-mochi\/\",\"name\":\"Acheter Doja Mochi en Ligne | Vari\u00e9t\u00e9 de Cannabis Exotique\",\"isPartOf\":{\"@id\":\"https:\/\/beuhparadis.com\/#website\"},\"primaryImageOfPage\":{\"@id\":\"https:\/\/beuhparadis.com\/product\/doja-exclusive-mochi\/#primaryimage\"},\"image\":{\"@id\":\"https:\/\/beuhparadis.com\/product\/doja-exclusive-mochi\/#primaryimage\"},\"thumbnailUrl\":\"https:\/\/beuhparadis.com\/wp-content\/uploads\/2024\/12\/Doja-Exclusive-Mochi-3.jpg\",\"datePublished\":\"2024-12-10T23:50:24+00:00\",\"dateModified\":\"2025-01-28T09:56:06+00:00\",\"description\":\"Acheter Doja Mochi, une vari\u00e9t\u00e9 de cannabis exotique aux ar\u00f4mes uniques et aux effets puissants. Achetez en ligne avec livraison discr\u00e8te et rapide.\",\"breadcrumb\":{\"@id\":\"https:\/\/beuhparadis.com\/product\/doja-exclusive-mochi\/#breadcrumb\"},\"inLanguage\":\"es-ES\",\"potentialAction\":[{\"@type\":\"ReadAction\",\"target\":[\"https:\/\/beuhparadis.com\/product\/doja-exclusive-mochi\/\"]}]},{\"@type\":\"ImageObject\",\"inLanguage\":\"es-ES\",\"@id\":\"https:\/\/beuhparadis.com\/product\/doja-exclusive-mochi\/#primaryimage\",\"url\":\"https:\/\/beuhparadis.com\/wp-content\/uploads\/2024\/12\/Doja-Exclusive-Mochi-3.jpg\",\"contentUrl\":\"https:\/\/beuhparadis.com\/wp-content\/uploads\/2024\/12\/Doja-Exclusive-Mochi-3.jpg\",\"width\":1284,\"height\":1464},{\"@type\":\"BreadcrumbList\",\"@id\":\"https:\/\/beuhparadis.com\/product\/doja-exclusive-mochi\/#breadcrumb\",\"itemListElement\":[{\"@type\":\"ListItem\",\"position\":1,\"name\":\"Home\",\"item\":\"https:\/\/beuhparadis.com\/\"},{\"@type\":\"ListItem\",\"position\":2,\"name\":\"Shop\",\"item\":\"https:\/\/beuhparadis.com\/shop\/\"},{\"@type\":\"ListItem\",\"position\":3,\"name\":\"Doja Exclusive | Mochi\"}]},{\"@type\":\"WebSite\",\"@id\":\"https:\/\/beuhparadis.com\/#website\",\"url\":\"https:\/\/beuhparadis.com\/\",\"name\":\"Beuh Paradis\",\"description\":\"\",\"potentialAction\":[{\"@type\":\"SearchAction\",\"target\":{\"@type\":\"EntryPoint\",\"urlTemplate\":\"https:\/\/beuhparadis.com\/?s={search_term_string}\"},\"query-input\":{\"@type\":\"PropertyValueSpecification\",\"valueRequired\":true,\"valueName\":\"search_term_string\"}}],\"inLanguage\":\"es-ES\"}]}<\/script>\n<!-- \/ Yoast SEO Premium plugin. -->","yoast_head_json":{"title":"Comprar Doja Mochi Online | Variedad Ex\u00f3tica de Cannabis","description":"Compra Doja Mochi, una ex\u00f3tica variedad de cannabis con aromas \u00fanicos y potentes efectos. Compra online con entrega r\u00e1pida y discreta.","robots":{"index":"index","follow":"follow","max-snippet":"max-snippet:-1","max-image-preview":"max-image-preview:large","max-video-preview":"max-video-preview:-1"},"canonical":"https:\/\/beuhparadis.com\/es\/product\/doja-exclusive-mochi\/","og_locale":"es_ES","og_type":"article","og_title":"Doja Exclusive | Mochi","og_description":"Acheter Doja Mochi, une vari\u00e9t\u00e9 de cannabis exotique aux ar\u00f4mes uniques et aux effets puissants. Achetez en ligne avec livraison discr\u00e8te et rapide.","og_url":"https:\/\/beuhparadis.com\/es\/product\/doja-exclusive-mochi\/","og_site_name":"Beuh Paradis","article_modified_time":"2025-01-28T09:56:06+00:00","og_image":[{"width":1284,"height":1464,"url":"https:\/\/beuhparadis.com\/wp-content\/uploads\/2024\/12\/Doja-Exclusive-Mochi-3.jpg","type":"image\/jpeg"}],"twitter_card":"summary_large_image","twitter_misc":{"Tiempo de lectura":"3 minutes"},"schema":{"@context":"https:\/\/schema.org","@graph":[{"@type":"WebPage","@id":"https:\/\/beuhparadis.com\/product\/doja-exclusive-mochi\/","url":"https:\/\/beuhparadis.com\/product\/doja-exclusive-mochi\/","name":"Comprar Doja Mochi Online | Variedad Ex\u00f3tica de Cannabis","isPartOf":{"@id":"https:\/\/beuhparadis.com\/#website"},"primaryImageOfPage":{"@id":"https:\/\/beuhparadis.com\/product\/doja-exclusive-mochi\/#primaryimage"},"image":{"@id":"https:\/\/beuhparadis.com\/product\/doja-exclusive-mochi\/#primaryimage"},"thumbnailUrl":"https:\/\/beuhparadis.com\/wp-content\/uploads\/2024\/12\/Doja-Exclusive-Mochi-3.jpg","datePublished":"2024-12-10T23:50:24+00:00","dateModified":"2025-01-28T09:56:06+00:00","description":"Compra Doja Mochi, una ex\u00f3tica variedad de cannabis con aromas \u00fanicos y potentes efectos. Compra online con entrega r\u00e1pida y discreta.","breadcrumb":{"@id":"https:\/\/beuhparadis.com\/product\/doja-exclusive-mochi\/#breadcrumb"},"inLanguage":"es-ES","potentialAction":[{"@type":"ReadAction","target":["https:\/\/beuhparadis.com\/product\/doja-exclusive-mochi\/"]}]},{"@type":"ImageObject","inLanguage":"es-ES","@id":"https:\/\/beuhparadis.com\/product\/doja-exclusive-mochi\/#primaryimage","url":"https:\/\/beuhparadis.com\/wp-content\/uploads\/2024\/12\/Doja-Exclusive-Mochi-3.jpg","contentUrl":"https:\/\/beuhparadis.com\/wp-content\/uploads\/2024\/12\/Doja-Exclusive-Mochi-3.jpg","width":1284,"height":1464},{"@type":"BreadcrumbList","@id":"https:\/\/beuhparadis.com\/product\/doja-exclusive-mochi\/#breadcrumb","itemListElement":[{"@type":"ListItem","position":1,"name":"Home","item":"https:\/\/beuhparadis.com\/"},{"@type":"ListItem","position":2,"name":"Shop","item":"https:\/\/beuhparadis.com\/shop\/"},{"@type":"ListItem","position":3,"name":"Doja Exclusive | Mochi"}]},{"@type":"WebSite","@id":"https:\/\/beuhparadis.com\/#website","url":"https:\/\/beuhparadis.com\/","name":"Beuh Paradis","description":"","potentialAction":[{"@type":"SearchAction","target":{"@type":"EntryPoint","urlTemplate":"https:\/\/beuhparadis.com\/?s={search_term_string}"},"query-input":{"@type":"PropertyValueSpecification","valueRequired":true,"valueName":"search_term_string"}}],"inLanguage":"es-ES"}]}},"_links":{"self":[{"href":"https:\/\/beuhparadis.com\/es\/wp-json\/wp\/v2\/product\/2042","targetHints":{"allow":["GET"]}}],"collection":[{"href":"https:\/\/beuhparadis.com\/es\/wp-json\/wp\/v2\/product"}],"about":[{"href":"https:\/\/beuhparadis.com\/es\/wp-json\/wp\/v2\/types\/product"}],"replies":[{"embeddable":true,"href":"https:\/\/beuhparadis.com\/es\/wp-json\/wp\/v2\/comments?post=2042"}],"wp:featuredmedia":[{"embeddable":true,"href":"https:\/\/beuhparadis.com\/es\/wp-json\/wp\/v2\/media\/2055"}],"wp:attachment":[{"href":"https:\/\/beuhparadis.com\/es\/wp-json\/wp\/v2\/media?parent=2042"}],"wp:term":[{"taxonomy":"product_brand","embeddable":true,"href":"https:\/\/beuhparadis.com\/es\/wp-json\/wp\/v2\/product_brand?post=2042"},{"taxonomy":"product_cat","embeddable":true,"href":"https:\/\/beuhparadis.com\/es\/wp-json\/wp\/v2\/product_cat?post=2042"},{"taxonomy":"product_tag","embeddable":true,"href":"https:\/\/beuhparadis.com\/es\/wp-json\/wp\/v2\/product_tag?post=2042"}],"curies":[{"name":"wp","href":"https:\/\/api.w.org\/{rel}","templated":true}]}}