{"id":2027,"date":"2024-12-10T23:50:01","date_gmt":"2024-12-10T23:50:01","guid":{"rendered":"https:\/\/beuhparadis.com\/?post_type=product&#038;p=2027"},"modified":"2025-01-28T10:10:56","modified_gmt":"2025-01-28T10:10:56","slug":"doja-rs11","status":"publish","type":"product","link":"https:\/\/beuhparadis.com\/es\/product\/doja-rs11\/","title":{"rendered":"Doja Rs11"},"content":{"rendered":"<h1 class=\"wp-block-heading\">Comprar Doja RS11: una experiencia \u00fanica de gran calidad<\/h1>\n<p>Doja RS11 es una exclusiva variedad de cannabis famosa por su impresionante composici\u00f3n gen\u00e9tica y su popularidad duradera. Una colaboraci\u00f3n entre Doja Pak, Wizard Trees y Deep East, RS11 cuenta con efectos din\u00e1micos, un aroma complejo y un rico sabor. Esta <strong>doja exclusiva RS11<\/strong> sigue cautivando a los amantes del cannabis mucho despu\u00e9s de su lanzamiento inicial.<\/p>\n<h2 class=\"wp-block-heading\">Informaci\u00f3n sobre La Souche<\/h2>\n<ul class=\"wp-block-list\">\n<li><strong>Gen\u00e9tica<\/strong> Doja exclusiva RS11, o RS11 Doja Pak, es el resultado de un cruce preciso entre Black Sherbert, OZ Kush y Pink Guava, que ofrece un perfil gen\u00e9tico extraordinario y la convierte en la primera Doja que se produce en el mundo. <strong>doja cepa RS11<\/strong> un aut\u00e9ntico \u00e9xito de taquilla.<\/li>\n<li><strong>Producci\u00f3n<\/strong> Doja RS11: Cuidadosamente cultivada para garantizar una calidad superior, Doja RS11 maximiza la concentraci\u00f3n de THC al tiempo que preserva los delicados aromas, gracias a la experiencia de Doja Pak, Wizard Trees y Deep East.<\/li>\n<li><strong>Tipo<\/strong> H\u00edbrido, Indica-dominante, la cepa RS11 Doja ofrece una relajaci\u00f3n profunda con un impulso de euforia mental.<\/li>\n<\/ul>\n<h2 class=\"wp-block-heading\">THC y CBD<\/h2>\n<ul class=\"wp-block-list\">\n<li><strong>THC<\/strong> Tasa alta, en torno a 24-29%, para efectos Doja pack RS11 intensos y duraderos.<\/li>\n<li><strong>CBD<\/strong> Muy bajo, menos que 1%, acentuando la experiencia psicoactiva al tiempo que ofrece los beneficios terap\u00e9uticos espec\u00edficos de RS11 Doja.<\/li>\n<\/ul>\n<h2 class=\"wp-block-heading\">\u00bfD\u00f3nde puedo comprar Doja RS11 en l\u00ednea?<\/h2>\n<p><a href=\"https:\/\/beuhparadis.com\/es\/product\/bentley-hash\/\">Beuhparadis.com<\/a> es su destino preferido para comprar Doja exclusive RS11 online, garantizando una calidad excepcional, una entrega discreta y un servicio de atenci\u00f3n al cliente impecable para este doja exclusive RS11.<\/p>\n<h2 class=\"wp-block-heading\">Efectos, aroma y sabor<\/h2>\n<h3 class=\"wp-block-heading\">Efecto<\/h3>\n<ul class=\"wp-block-list\">\n<li>Doja Pack RS11 ofrece una intensa relajaci\u00f3n corporal, perfecta para desconectar al final del d\u00eda. Esta variedad Doja RS11 estimula la mente, fomentando un estado de \u00e1nimo alegre y una mayor creatividad.<\/li>\n<li>La variedad RS11 Doja mejora el estado de \u00e1nimo y proporciona una sensaci\u00f3n de bienestar general.<\/li>\n<\/ul>\n<h3 class=\"wp-block-heading\">Aroma<\/h3>\n<ul class=\"wp-block-list\">\n<li>Doja Exclusive RS11 tiene una fragancia rica y compleja, con notas de caf\u00e9 y chocolate, que evocan la mezcla dulce y cremosa del tiramis\u00fa.<\/li>\n<\/ul>\n<h3 class=\"wp-block-heading\">Pruebe<\/h3>\n<ul class=\"wp-block-list\">\n<li>El sabor de RS11 Doja Pak es goloso y aut\u00e9ntico, y combina la dulzura de la crema de mascarpone con toques de caf\u00e9 y cacao, para una exquisita experiencia de sabor de <strong>Doja RS11<\/strong>.<\/li>\n<\/ul>\n<h2 class=\"wp-block-heading\">Efectos m\u00e9dicos<\/h2>\n<h3 class=\"wp-block-heading\">Efectos m\u00e9dicos<\/h3>\n<ul class=\"wp-block-list\">\n<li>RS11 Doja Pack ofrece un alivio eficaz del estr\u00e9s y la ansiedad, as\u00ed como propiedades analg\u00e9sicas para el tratamiento del dolor.<\/li>\n<\/ul>\n<h3 class=\"wp-block-heading\">Puede aliviar<\/h3>\n<ul class=\"wp-block-list\">\n<li><strong>RS11 Doja<\/strong> es ideal para combatir el insomnio, el dolor cr\u00f3nico y los trastornos del estado de \u00e1nimo, mejorando el estado de \u00e1nimo general.<\/li>\n<\/ul>\n<h2 class=\"wp-block-heading\">\u00bfPor qu\u00e9 comprar Doja RS11 en Acheterducannabis?<\/h2>\n<p>Al elegir Acheterducannabis para su Doja RS11 compra, usted est\u00e1 optando por una garant\u00eda de calidad y satisfacci\u00f3n. Estamos comprometidos a proporcionar una experiencia de compra excepcional para este <strong>doja exclusiva RS11<\/strong>.<\/p>\n<h2 class=\"wp-block-heading\">Legislaci\u00f3n gubernamental para la venta de cannabis en Europa<\/h2>\n<p>La venta de cannabis en Europa est\u00e1 estrictamente regulada. Acheterducannabis cumple con toda la normativa vigente, ofreciendo un servicio de compra online totalmente legal y seguro para tu Doja RS11.<\/p>\n<hr class=\"wp-block-separator has-alpha-channel-opacity\" \/>\n<p><strong>Buyducannabis<\/strong> le invita a explorar el mundo \u00fanico de <a href=\"https:\/\/hightimes.com\/product-review\/review-doja-paks-rs-11\/\" data-type=\"link\" data-id=\"https:\/\/hightimes.com\/product-review\/review-doja-paks-rs-11\/\">Doja RS11<\/a>RS11 Doja Pak garantiza una calidad superior, una experiencia gratificante para el consumidor y el cumplimiento de las directivas legales europeas.<\/p>","protected":false},"excerpt":{"rendered":"<p><strong>Doja Rs11 Efectos M\u00e9dicos<\/strong><\/p>\n<ul class=\"wp-block-list\">\n<li>Doja Pack RS11 ofrece una intensa relajaci\u00f3n corporal, perfecta para desconectar al final del d\u00eda. Esta variedad Doja RS11 estimula la mente, fomentando un estado de \u00e1nimo alegre y una mayor creatividad.<\/li>\n<li>La variedad RS11 Doja mejora el estado de \u00e1nimo y proporciona una sensaci\u00f3n de bienestar general.<\/li>\n<\/ul>","protected":false},"featured_media":2052,"comment_status":"closed","ping_status":"closed","template":"","meta":{"site-sidebar-layout":"default","site-content-layout":"","ast-site-content-layout":"default","site-content-style":"default","site-sidebar-style":"default","ast-global-header-display":"","ast-banner-title-visibility":"","ast-main-header-display":"","ast-hfb-above-header-display":"","ast-hfb-below-header-display":"","ast-hfb-mobile-header-display":"","site-post-title":"","ast-breadcrumbs-content":"","ast-featured-img":"","footer-sml-layout":"","theme-transparent-header-meta":"default","adv-header-id-meta":"","stick-header-meta":"","header-above-stick-meta":"","header-main-stick-meta":"","header-below-stick-meta":"","astra-migrate-meta-layouts":"set","ast-page-background-enabled":"default","ast-page-background-meta":{"desktop":{"background-color":"","background-image":"","background-repeat":"repeat","background-position":"center center","background-size":"auto","background-attachment":"scroll","background-type":"","background-media":"","overlay-type":"","overlay-color":"","overlay-opacity":"","overlay-gradient":""},"tablet":{"background-color":"","background-image":"","background-repeat":"repeat","background-position":"center center","background-size":"auto","background-attachment":"scroll","background-type":"","background-media":"","overlay-type":"","overlay-color":"","overlay-opacity":"","overlay-gradient":""},"mobile":{"background-color":"","background-image":"","background-repeat":"repeat","background-position":"center center","background-size":"auto","background-attachment":"scroll","background-type":"","background-media":"","overlay-type":"","overlay-color":"","overlay-opacity":"","overlay-gradient":""}},"ast-content-background-meta":{"desktop":{"background-color":"var(--ast-global-color-5)","background-image":"","background-repeat":"repeat","background-position":"center center","background-size":"auto","background-attachment":"scroll","background-type":"","background-media":"","overlay-type":"","overlay-color":"","overlay-opacity":"","overlay-gradient":""},"tablet":{"background-color":"var(--ast-global-color-5)","background-image":"","background-repeat":"repeat","background-position":"center center","background-size":"auto","background-attachment":"scroll","background-type":"","background-media":"","overlay-type":"","overlay-color":"","overlay-opacity":"","overlay-gradient":""},"mobile":{"background-color":"var(--ast-global-color-5)","background-image":"","background-repeat":"repeat","background-position":"center center","background-size":"auto","background-attachment":"scroll","background-type":"","background-media":"","overlay-type":"","overlay-color":"","overlay-opacity":"","overlay-gradient":""}},"_joinchat":[]},"product_brand":[],"product_cat":[41,47],"product_tag":[],"class_list":{"0":"post-2027","1":"product","2":"type-product","3":"status-publish","4":"has-post-thumbnail","6":"product_cat-cali-weed","7":"product_cat-doja-weed-doja-exclusive","8":"desktop-align-left","9":"tablet-align-left","10":"mobile-align-left","12":"first","13":"instock","14":"shipping-taxable","15":"purchasable","16":"product-type-variable"},"yoast_head":"<!-- This site is optimized with the Yoast SEO Premium plugin v24.1 (Yoast SEO v26.8) - https:\/\/yoast.com\/product\/yoast-seo-premium-wordpress\/ -->\n<title>Acheter Doja RS11 en Ligne | Vari\u00e9t\u00e9 de Cannabis Premium<\/title>\n<meta name=\"description\" content=\"Acheter Doja RS11, une vari\u00e9t\u00e9 de cannabis premium aux ar\u00f4mes fruit\u00e9s et aux effets \u00e9quilibr\u00e9s. Achetez en ligne avec livraison discr\u00e8te et rapide.\" \/>\n<meta name=\"robots\" content=\"index, follow, max-snippet:-1, max-image-preview:large, max-video-preview:-1\" \/>\n<link rel=\"canonical\" href=\"https:\/\/beuhparadis.com\/es\/product\/doja-rs11\/\" \/>\n<meta property=\"og:locale\" content=\"es_ES\" \/>\n<meta property=\"og:type\" content=\"article\" \/>\n<meta property=\"og:title\" content=\"Doja Rs11\" \/>\n<meta property=\"og:description\" content=\"Acheter Doja RS11, une vari\u00e9t\u00e9 de cannabis premium aux ar\u00f4mes fruit\u00e9s et aux effets \u00e9quilibr\u00e9s. Achetez en ligne avec livraison discr\u00e8te et rapide.\" \/>\n<meta property=\"og:url\" content=\"https:\/\/beuhparadis.com\/es\/product\/doja-rs11\/\" \/>\n<meta property=\"og:site_name\" content=\"Beuh Paradis\" \/>\n<meta property=\"article:modified_time\" content=\"2025-01-28T10:10:56+00:00\" \/>\n<meta property=\"og:image\" content=\"https:\/\/beuhparadis.com\/wp-content\/uploads\/2024\/12\/Doja-Rs11-3.jpg\" \/>\n\t<meta property=\"og:image:width\" content=\"1242\" \/>\n\t<meta property=\"og:image:height\" content=\"1295\" \/>\n\t<meta property=\"og:image:type\" content=\"image\/jpeg\" \/>\n<meta name=\"twitter:card\" content=\"summary_large_image\" \/>\n<meta name=\"twitter:label1\" content=\"Tiempo de lectura\" \/>\n\t<meta name=\"twitter:data1\" content=\"3 minutes\" \/>\n<script type=\"application\/ld+json\" class=\"yoast-schema-graph\">{\"@context\":\"https:\/\/schema.org\",\"@graph\":[{\"@type\":\"WebPage\",\"@id\":\"https:\/\/beuhparadis.com\/product\/doja-rs11\/\",\"url\":\"https:\/\/beuhparadis.com\/product\/doja-rs11\/\",\"name\":\"Acheter Doja RS11 en Ligne | Vari\u00e9t\u00e9 de Cannabis Premium\",\"isPartOf\":{\"@id\":\"https:\/\/beuhparadis.com\/#website\"},\"primaryImageOfPage\":{\"@id\":\"https:\/\/beuhparadis.com\/product\/doja-rs11\/#primaryimage\"},\"image\":{\"@id\":\"https:\/\/beuhparadis.com\/product\/doja-rs11\/#primaryimage\"},\"thumbnailUrl\":\"https:\/\/beuhparadis.com\/wp-content\/uploads\/2024\/12\/Doja-Rs11-3.jpg\",\"datePublished\":\"2024-12-10T23:50:01+00:00\",\"dateModified\":\"2025-01-28T10:10:56+00:00\",\"description\":\"Acheter Doja RS11, une vari\u00e9t\u00e9 de cannabis premium aux ar\u00f4mes fruit\u00e9s et aux effets \u00e9quilibr\u00e9s. Achetez en ligne avec livraison discr\u00e8te et rapide.\",\"breadcrumb\":{\"@id\":\"https:\/\/beuhparadis.com\/product\/doja-rs11\/#breadcrumb\"},\"inLanguage\":\"es-ES\",\"potentialAction\":[{\"@type\":\"ReadAction\",\"target\":[\"https:\/\/beuhparadis.com\/product\/doja-rs11\/\"]}]},{\"@type\":\"ImageObject\",\"inLanguage\":\"es-ES\",\"@id\":\"https:\/\/beuhparadis.com\/product\/doja-rs11\/#primaryimage\",\"url\":\"https:\/\/beuhparadis.com\/wp-content\/uploads\/2024\/12\/Doja-Rs11-3.jpg\",\"contentUrl\":\"https:\/\/beuhparadis.com\/wp-content\/uploads\/2024\/12\/Doja-Rs11-3.jpg\",\"width\":1242,\"height\":1295},{\"@type\":\"BreadcrumbList\",\"@id\":\"https:\/\/beuhparadis.com\/product\/doja-rs11\/#breadcrumb\",\"itemListElement\":[{\"@type\":\"ListItem\",\"position\":1,\"name\":\"Home\",\"item\":\"https:\/\/beuhparadis.com\/\"},{\"@type\":\"ListItem\",\"position\":2,\"name\":\"Shop\",\"item\":\"https:\/\/beuhparadis.com\/shop\/\"},{\"@type\":\"ListItem\",\"position\":3,\"name\":\"Doja Rs11\"}]},{\"@type\":\"WebSite\",\"@id\":\"https:\/\/beuhparadis.com\/#website\",\"url\":\"https:\/\/beuhparadis.com\/\",\"name\":\"Beuh Paradis\",\"description\":\"\",\"potentialAction\":[{\"@type\":\"SearchAction\",\"target\":{\"@type\":\"EntryPoint\",\"urlTemplate\":\"https:\/\/beuhparadis.com\/?s={search_term_string}\"},\"query-input\":{\"@type\":\"PropertyValueSpecification\",\"valueRequired\":true,\"valueName\":\"search_term_string\"}}],\"inLanguage\":\"es-ES\"}]}<\/script>\n<!-- \/ Yoast SEO Premium plugin. -->","yoast_head_json":{"title":"Comprar Doja RS11 Online | Variedad de Cannabis Premium","description":"Compra Doja RS11, una variedad de cannabis premium con aromas afrutados y efectos equilibrados. Compra online con entrega r\u00e1pida y discreta.","robots":{"index":"index","follow":"follow","max-snippet":"max-snippet:-1","max-image-preview":"max-image-preview:large","max-video-preview":"max-video-preview:-1"},"canonical":"https:\/\/beuhparadis.com\/es\/product\/doja-rs11\/","og_locale":"es_ES","og_type":"article","og_title":"Doja Rs11","og_description":"Acheter Doja RS11, une vari\u00e9t\u00e9 de cannabis premium aux ar\u00f4mes fruit\u00e9s et aux effets \u00e9quilibr\u00e9s. Achetez en ligne avec livraison discr\u00e8te et rapide.","og_url":"https:\/\/beuhparadis.com\/es\/product\/doja-rs11\/","og_site_name":"Beuh Paradis","article_modified_time":"2025-01-28T10:10:56+00:00","og_image":[{"width":1242,"height":1295,"url":"https:\/\/beuhparadis.com\/wp-content\/uploads\/2024\/12\/Doja-Rs11-3.jpg","type":"image\/jpeg"}],"twitter_card":"summary_large_image","twitter_misc":{"Tiempo de lectura":"3 minutes"},"schema":{"@context":"https:\/\/schema.org","@graph":[{"@type":"WebPage","@id":"https:\/\/beuhparadis.com\/product\/doja-rs11\/","url":"https:\/\/beuhparadis.com\/product\/doja-rs11\/","name":"Comprar Doja RS11 Online | Variedad de Cannabis Premium","isPartOf":{"@id":"https:\/\/beuhparadis.com\/#website"},"primaryImageOfPage":{"@id":"https:\/\/beuhparadis.com\/product\/doja-rs11\/#primaryimage"},"image":{"@id":"https:\/\/beuhparadis.com\/product\/doja-rs11\/#primaryimage"},"thumbnailUrl":"https:\/\/beuhparadis.com\/wp-content\/uploads\/2024\/12\/Doja-Rs11-3.jpg","datePublished":"2024-12-10T23:50:01+00:00","dateModified":"2025-01-28T10:10:56+00:00","description":"Compra Doja RS11, una variedad de cannabis premium con aromas afrutados y efectos equilibrados. Compra online con entrega r\u00e1pida y discreta.","breadcrumb":{"@id":"https:\/\/beuhparadis.com\/product\/doja-rs11\/#breadcrumb"},"inLanguage":"es-ES","potentialAction":[{"@type":"ReadAction","target":["https:\/\/beuhparadis.com\/product\/doja-rs11\/"]}]},{"@type":"ImageObject","inLanguage":"es-ES","@id":"https:\/\/beuhparadis.com\/product\/doja-rs11\/#primaryimage","url":"https:\/\/beuhparadis.com\/wp-content\/uploads\/2024\/12\/Doja-Rs11-3.jpg","contentUrl":"https:\/\/beuhparadis.com\/wp-content\/uploads\/2024\/12\/Doja-Rs11-3.jpg","width":1242,"height":1295},{"@type":"BreadcrumbList","@id":"https:\/\/beuhparadis.com\/product\/doja-rs11\/#breadcrumb","itemListElement":[{"@type":"ListItem","position":1,"name":"Home","item":"https:\/\/beuhparadis.com\/"},{"@type":"ListItem","position":2,"name":"Shop","item":"https:\/\/beuhparadis.com\/shop\/"},{"@type":"ListItem","position":3,"name":"Doja Rs11"}]},{"@type":"WebSite","@id":"https:\/\/beuhparadis.com\/#website","url":"https:\/\/beuhparadis.com\/","name":"Beuh Paradis","description":"","potentialAction":[{"@type":"SearchAction","target":{"@type":"EntryPoint","urlTemplate":"https:\/\/beuhparadis.com\/?s={search_term_string}"},"query-input":{"@type":"PropertyValueSpecification","valueRequired":true,"valueName":"search_term_string"}}],"inLanguage":"es-ES"}]}},"_links":{"self":[{"href":"https:\/\/beuhparadis.com\/es\/wp-json\/wp\/v2\/product\/2027","targetHints":{"allow":["GET"]}}],"collection":[{"href":"https:\/\/beuhparadis.com\/es\/wp-json\/wp\/v2\/product"}],"about":[{"href":"https:\/\/beuhparadis.com\/es\/wp-json\/wp\/v2\/types\/product"}],"replies":[{"embeddable":true,"href":"https:\/\/beuhparadis.com\/es\/wp-json\/wp\/v2\/comments?post=2027"}],"wp:featuredmedia":[{"embeddable":true,"href":"https:\/\/beuhparadis.com\/es\/wp-json\/wp\/v2\/media\/2052"}],"wp:attachment":[{"href":"https:\/\/beuhparadis.com\/es\/wp-json\/wp\/v2\/media?parent=2027"}],"wp:term":[{"taxonomy":"product_brand","embeddable":true,"href":"https:\/\/beuhparadis.com\/es\/wp-json\/wp\/v2\/product_brand?post=2027"},{"taxonomy":"product_cat","embeddable":true,"href":"https:\/\/beuhparadis.com\/es\/wp-json\/wp\/v2\/product_cat?post=2027"},{"taxonomy":"product_tag","embeddable":true,"href":"https:\/\/beuhparadis.com\/es\/wp-json\/wp\/v2\/product_tag?post=2027"}],"curies":[{"name":"wp","href":"https:\/\/api.w.org\/{rel}","templated":true}]}}