{"id":1971,"date":"2024-12-10T23:49:15","date_gmt":"2024-12-10T23:49:15","guid":{"rendered":"https:\/\/beuhparadis.com\/?post_type=product&#038;p=1971"},"modified":"2025-01-28T10:16:42","modified_gmt":"2025-01-28T10:16:42","slug":"italian-cherryz-backpackboyz","status":"publish","type":"product","link":"https:\/\/beuhparadis.com\/es\/product\/italian-cherryz-backpackboyz\/","title":{"rendered":"Italian cherryz backpackboyz"},"content":{"rendered":"<h1 class=\"wp-block-heading\">Comprar mochilas italianas Cherryz Backpackboyz: elegancia y sabor<\/h1>\n<p>Comprar Italian Cherryz Backpackboyz es una variedad de cannabis que se distingue por su elegancia y sabor excepcional. Esta cepa \u00fanica combina la riqueza de la cereza italiana con un toque de refinamiento, resultado de un meticuloso proceso de selecci\u00f3n y cultivo.<\/p>\n<h2 class=\"wp-block-heading\">Informaci\u00f3n sobre La Souche<\/h2>\n<ul class=\"wp-block-list\">\n<li><strong>Gen\u00e9tica<\/strong> Una mezcla perfecta de variedades seleccionadas por sus perfiles de sabor a cereza y una calidad superior garantizada por m\u00e9todos de cultivo avanzados.<\/li>\n<li><strong>Producci\u00f3n<\/strong> Cultivado en condiciones \u00f3ptimas de interior, lo que permite un control preciso del entorno para garantizar la pureza y la m\u00e1xima concentraci\u00f3n de cannabinoides.<\/li>\n<li><strong>Tipo<\/strong> H\u00edbrido con dominancia Indica que ofrece tanto una profunda relajaci\u00f3n como una ligera euforia.<\/li>\n<\/ul>\n<h2 class=\"wp-block-heading\">THC y CBD<\/h2>\n<ul class=\"wp-block-list\">\n<li><strong>THC<\/strong> Alto contenido, que alcanza alrededor de 22-26%, para una experiencia potente y satisfactoria.<\/li>\n<li><strong>CBD<\/strong> Bajo, inferior al 1%, concentrando sus efectos en propiedades psicoactivas y recreativas.<\/li>\n<\/ul>\n<h2 class=\"wp-block-heading\">\u00bfD\u00f3nde se puede comprar en l\u00ednea Italian Cherryz Backpackboyz?<\/h2>\n<p><strong>Buyducannabis<\/strong> es su fuente de confianza para Italian Cherryz <a href=\"https:\/\/acheterducannabis.fr\/cali-weed\/doja-weed\/\" data-type=\"link\" data-id=\"https:\/\/acheterducannabis.fr\/cali-weed\/doja-weed\/\">Backpackboyz<\/a> en l\u00ednea, ofreciendo una calidad impecable y una entrega discreta y segura.<\/p>\n<h2 class=\"wp-block-heading\">Efectos, aroma y sabor<\/h2>\n<h3 class=\"wp-block-heading\">Efecto<\/h3>\n<ul class=\"wp-block-list\">\n<li>Relajaci\u00f3n corporal completa con una suave euforia, perfecta para esos momentos de relax al final del d\u00eda.<\/li>\n<li>Estimula la creatividad y aporta una sensaci\u00f3n de bienestar.<\/li>\n<\/ul>\n<h3 class=\"wp-block-heading\">Aroma<\/h3>\n<ul class=\"wp-block-list\">\n<li>Un bouquet rico y complejo, que recuerda a cerezas reci\u00e9n recogidas con un sutil toque terroso.<\/li>\n<\/ul>\n<h3 class=\"wp-block-heading\">Pruebe<\/h3>\n<ul class=\"wp-block-list\">\n<li>Delicado y dulce sabor a cereza, complementado con notas terrosas y especiadas, para una experiencia gustativa inigualable.<\/li>\n<\/ul>\n<h2 class=\"wp-block-heading\">Efectos m\u00e9dicos<\/h2>\n<h3 class=\"wp-block-heading\">Efectos m\u00e9dicos<\/h3>\n<ul class=\"wp-block-list\">\n<li>Alivio eficaz del estr\u00e9s y la ansiedad.<\/li>\n<li>Propiedades analg\u00e9sicas, \u00fatiles para tratar el dolor.<\/li>\n<\/ul>\n<h3 class=\"wp-block-heading\">Puede aliviar<\/h3>\n<ul class=\"wp-block-list\">\n<li>Trastornos del sue\u00f1o, fomento del sue\u00f1o reparador.<\/li>\n<li>Dolor cr\u00f3nico, reducci\u00f3n de las molestias y mejora de la calidad de vida.<\/li>\n<li>Depresi\u00f3n, al mejorar el estado de \u00e1nimo y proporcionar una sensaci\u00f3n de bienestar.<\/li>\n<\/ul>\n<h2 class=\"wp-block-heading\">\u00bfPor qu\u00e9 comprar Cherryz Backpackboyz italiano en Beuhparadis?<\/h2>\n<p>Eligiendo <a href=\"https:\/\/beuhparadis.com\/es\/product\/doja-rs11\/\"><strong>beuhparadis<\/strong><\/a>Al elegir Italian Cherryz Backpackboyz, est\u00e1 eligiendo un servicio de primera calidad que garantiza la autenticidad de su Italian Cherryz Backpackboyz. Nos comprometemos a suministrar \u00fanicamente productos probados y certificados, garantizando tu completa satisfacci\u00f3n.<\/p>\n<h2 class=\"wp-block-heading\">Legislaci\u00f3n gubernamental para la venta de cannabis en Europa<\/h2>\n<p>La comercializaci\u00f3n de cannabis en Europa est\u00e1 regulada por leyes estrictas para garantizar la seguridad de los consumidores. <strong>Buyducannabis<\/strong> cumple escrupulosamente esta normativa, ofreciendo un servicio de compra en l\u00ednea totalmente legal y seguro. Antes de realizar un pedido, le aconsejamos que compruebe las leyes locales relativas a la compra y el consumo de cannabis en su pa\u00eds.<\/p>\n<hr class=\"wp-block-separator has-alpha-channel-opacity\" \/>\n<p><strong>Buyducannabis<\/strong> le invita a descubrir la exclusividad y sofisticaci\u00f3n de la mochila italiana Cherryz Backpackboyz, prometi\u00e9ndole una experiencia de compra de primera calidad desde el pedido hasta la entrega, cumpliendo al mismo tiempo las normas legales europeas.<\/p>","protected":false},"excerpt":{"rendered":"<p><strong>Efectos m\u00e9dicos<\/strong><\/p>\n<ul class=\"wp-block-list\">\n<li>Alivio eficaz del estr\u00e9s y la ansiedad.<\/li>\n<li>Propiedades analg\u00e9sicas, \u00fatiles para tratar el dolor.<\/li>\n<\/ul>","protected":false},"featured_media":1985,"comment_status":"closed","ping_status":"closed","template":"","meta":{"site-sidebar-layout":"default","site-content-layout":"","ast-site-content-layout":"default","site-content-style":"default","site-sidebar-style":"default","ast-global-header-display":"","ast-banner-title-visibility":"","ast-main-header-display":"","ast-hfb-above-header-display":"","ast-hfb-below-header-display":"","ast-hfb-mobile-header-display":"","site-post-title":"","ast-breadcrumbs-content":"","ast-featured-img":"","footer-sml-layout":"","theme-transparent-header-meta":"default","adv-header-id-meta":"","stick-header-meta":"","header-above-stick-meta":"","header-main-stick-meta":"","header-below-stick-meta":"","astra-migrate-meta-layouts":"set","ast-page-background-enabled":"default","ast-page-background-meta":{"desktop":{"background-color":"","background-image":"","background-repeat":"repeat","background-position":"center center","background-size":"auto","background-attachment":"scroll","background-type":"","background-media":"","overlay-type":"","overlay-color":"","overlay-opacity":"","overlay-gradient":""},"tablet":{"background-color":"","background-image":"","background-repeat":"repeat","background-position":"center center","background-size":"auto","background-attachment":"scroll","background-type":"","background-media":"","overlay-type":"","overlay-color":"","overlay-opacity":"","overlay-gradient":""},"mobile":{"background-color":"","background-image":"","background-repeat":"repeat","background-position":"center center","background-size":"auto","background-attachment":"scroll","background-type":"","background-media":"","overlay-type":"","overlay-color":"","overlay-opacity":"","overlay-gradient":""}},"ast-content-background-meta":{"desktop":{"background-color":"var(--ast-global-color-5)","background-image":"","background-repeat":"repeat","background-position":"center center","background-size":"auto","background-attachment":"scroll","background-type":"","background-media":"","overlay-type":"","overlay-color":"","overlay-opacity":"","overlay-gradient":""},"tablet":{"background-color":"var(--ast-global-color-5)","background-image":"","background-repeat":"repeat","background-position":"center center","background-size":"auto","background-attachment":"scroll","background-type":"","background-media":"","overlay-type":"","overlay-color":"","overlay-opacity":"","overlay-gradient":""},"mobile":{"background-color":"var(--ast-global-color-5)","background-image":"","background-repeat":"repeat","background-position":"center center","background-size":"auto","background-attachment":"scroll","background-type":"","background-media":"","overlay-type":"","overlay-color":"","overlay-opacity":"","overlay-gradient":""}},"_joinchat":[]},"product_brand":[],"product_cat":[41],"product_tag":[],"class_list":{"0":"post-1971","1":"product","2":"type-product","3":"status-publish","4":"has-post-thumbnail","6":"product_cat-cali-weed","7":"desktop-align-left","8":"tablet-align-left","9":"mobile-align-left","11":"first","12":"instock","13":"shipping-taxable","14":"purchasable","15":"product-type-variable"},"yoast_head":"<!-- This site is optimized with the Yoast SEO Premium plugin v24.1 (Yoast SEO v26.8) - https:\/\/yoast.com\/product\/yoast-seo-premium-wordpress\/ -->\n<title>Acheter Italian Cherryz Backpackboyz| Vari\u00e9t\u00e9 Exclusif<\/title>\n<meta name=\"description\" content=\"Acheter Italian Cherryz de Backpackboyz, une vari\u00e9t\u00e9 de cannabis exclusif aux ar\u00f4mes fruit\u00e9s et aux effets puissants. Avec livraison discr\u00e8te et rapide\" \/>\n<meta name=\"robots\" content=\"index, follow, max-snippet:-1, max-image-preview:large, max-video-preview:-1\" \/>\n<link rel=\"canonical\" href=\"https:\/\/beuhparadis.com\/es\/product\/italian-cherryz-backpackboyz\/\" \/>\n<meta property=\"og:locale\" content=\"es_ES\" \/>\n<meta property=\"og:type\" content=\"article\" \/>\n<meta property=\"og:title\" content=\"Italian cherryz backpackboyz\" \/>\n<meta property=\"og:description\" content=\"Acheter Italian Cherryz de Backpackboyz, une vari\u00e9t\u00e9 de cannabis exclusif aux ar\u00f4mes fruit\u00e9s et aux effets puissants. Avec livraison discr\u00e8te et rapide\" \/>\n<meta property=\"og:url\" content=\"https:\/\/beuhparadis.com\/es\/product\/italian-cherryz-backpackboyz\/\" \/>\n<meta property=\"og:site_name\" content=\"Beuh Paradis\" \/>\n<meta property=\"article:modified_time\" content=\"2025-01-28T10:16:42+00:00\" \/>\n<meta property=\"og:image\" content=\"https:\/\/beuhparadis.com\/wp-content\/uploads\/2024\/12\/Italian-cherryz-backpackboyz-3.jpeg\" \/>\n\t<meta property=\"og:image:width\" content=\"828\" \/>\n\t<meta property=\"og:image:height\" content=\"814\" \/>\n\t<meta property=\"og:image:type\" content=\"image\/jpeg\" \/>\n<meta name=\"twitter:card\" content=\"summary_large_image\" \/>\n<meta name=\"twitter:label1\" content=\"Tiempo de lectura\" \/>\n\t<meta name=\"twitter:data1\" content=\"3 minutes\" \/>\n<script type=\"application\/ld+json\" class=\"yoast-schema-graph\">{\"@context\":\"https:\/\/schema.org\",\"@graph\":[{\"@type\":\"WebPage\",\"@id\":\"https:\/\/beuhparadis.com\/product\/italian-cherryz-backpackboyz\/\",\"url\":\"https:\/\/beuhparadis.com\/product\/italian-cherryz-backpackboyz\/\",\"name\":\"Acheter Italian Cherryz Backpackboyz| Vari\u00e9t\u00e9 Exclusif\",\"isPartOf\":{\"@id\":\"https:\/\/beuhparadis.com\/#website\"},\"primaryImageOfPage\":{\"@id\":\"https:\/\/beuhparadis.com\/product\/italian-cherryz-backpackboyz\/#primaryimage\"},\"image\":{\"@id\":\"https:\/\/beuhparadis.com\/product\/italian-cherryz-backpackboyz\/#primaryimage\"},\"thumbnailUrl\":\"https:\/\/beuhparadis.com\/wp-content\/uploads\/2024\/12\/Italian-cherryz-backpackboyz-3.jpeg\",\"datePublished\":\"2024-12-10T23:49:15+00:00\",\"dateModified\":\"2025-01-28T10:16:42+00:00\",\"description\":\"Acheter Italian Cherryz de Backpackboyz, une vari\u00e9t\u00e9 de cannabis exclusif aux ar\u00f4mes fruit\u00e9s et aux effets puissants. Avec livraison discr\u00e8te et rapide\",\"breadcrumb\":{\"@id\":\"https:\/\/beuhparadis.com\/product\/italian-cherryz-backpackboyz\/#breadcrumb\"},\"inLanguage\":\"es-ES\",\"potentialAction\":[{\"@type\":\"ReadAction\",\"target\":[\"https:\/\/beuhparadis.com\/product\/italian-cherryz-backpackboyz\/\"]}]},{\"@type\":\"ImageObject\",\"inLanguage\":\"es-ES\",\"@id\":\"https:\/\/beuhparadis.com\/product\/italian-cherryz-backpackboyz\/#primaryimage\",\"url\":\"https:\/\/beuhparadis.com\/wp-content\/uploads\/2024\/12\/Italian-cherryz-backpackboyz-3.jpeg\",\"contentUrl\":\"https:\/\/beuhparadis.com\/wp-content\/uploads\/2024\/12\/Italian-cherryz-backpackboyz-3.jpeg\",\"width\":828,\"height\":814},{\"@type\":\"BreadcrumbList\",\"@id\":\"https:\/\/beuhparadis.com\/product\/italian-cherryz-backpackboyz\/#breadcrumb\",\"itemListElement\":[{\"@type\":\"ListItem\",\"position\":1,\"name\":\"Home\",\"item\":\"https:\/\/beuhparadis.com\/\"},{\"@type\":\"ListItem\",\"position\":2,\"name\":\"Shop\",\"item\":\"https:\/\/beuhparadis.com\/shop\/\"},{\"@type\":\"ListItem\",\"position\":3,\"name\":\"Italian cherryz backpackboyz\"}]},{\"@type\":\"WebSite\",\"@id\":\"https:\/\/beuhparadis.com\/#website\",\"url\":\"https:\/\/beuhparadis.com\/\",\"name\":\"Beuh Paradis\",\"description\":\"\",\"potentialAction\":[{\"@type\":\"SearchAction\",\"target\":{\"@type\":\"EntryPoint\",\"urlTemplate\":\"https:\/\/beuhparadis.com\/?s={search_term_string}\"},\"query-input\":{\"@type\":\"PropertyValueSpecification\",\"valueRequired\":true,\"valueName\":\"search_term_string\"}}],\"inLanguage\":\"es-ES\"}]}<\/script>\n<!-- \/ Yoast SEO Premium plugin. -->","yoast_head_json":{"title":"Comprar Italian Cherryz Backpackboyz| Variedad Exclusiva","description":"Compra Italian Cherryz de Backpackboyz, una exclusiva variedad de cannabis con aromas afrutados y potentes efectos. Con entrega r\u00e1pida y discreta","robots":{"index":"index","follow":"follow","max-snippet":"max-snippet:-1","max-image-preview":"max-image-preview:large","max-video-preview":"max-video-preview:-1"},"canonical":"https:\/\/beuhparadis.com\/es\/product\/italian-cherryz-backpackboyz\/","og_locale":"es_ES","og_type":"article","og_title":"Italian cherryz backpackboyz","og_description":"Acheter Italian Cherryz de Backpackboyz, une vari\u00e9t\u00e9 de cannabis exclusif aux ar\u00f4mes fruit\u00e9s et aux effets puissants. Avec livraison discr\u00e8te et rapide","og_url":"https:\/\/beuhparadis.com\/es\/product\/italian-cherryz-backpackboyz\/","og_site_name":"Beuh Paradis","article_modified_time":"2025-01-28T10:16:42+00:00","og_image":[{"width":828,"height":814,"url":"https:\/\/beuhparadis.com\/wp-content\/uploads\/2024\/12\/Italian-cherryz-backpackboyz-3.jpeg","type":"image\/jpeg"}],"twitter_card":"summary_large_image","twitter_misc":{"Tiempo de lectura":"3 minutes"},"schema":{"@context":"https:\/\/schema.org","@graph":[{"@type":"WebPage","@id":"https:\/\/beuhparadis.com\/product\/italian-cherryz-backpackboyz\/","url":"https:\/\/beuhparadis.com\/product\/italian-cherryz-backpackboyz\/","name":"Comprar Italian Cherryz Backpackboyz| Variedad Exclusiva","isPartOf":{"@id":"https:\/\/beuhparadis.com\/#website"},"primaryImageOfPage":{"@id":"https:\/\/beuhparadis.com\/product\/italian-cherryz-backpackboyz\/#primaryimage"},"image":{"@id":"https:\/\/beuhparadis.com\/product\/italian-cherryz-backpackboyz\/#primaryimage"},"thumbnailUrl":"https:\/\/beuhparadis.com\/wp-content\/uploads\/2024\/12\/Italian-cherryz-backpackboyz-3.jpeg","datePublished":"2024-12-10T23:49:15+00:00","dateModified":"2025-01-28T10:16:42+00:00","description":"Compra Italian Cherryz de Backpackboyz, una exclusiva variedad de cannabis con aromas afrutados y potentes efectos. Con entrega r\u00e1pida y discreta","breadcrumb":{"@id":"https:\/\/beuhparadis.com\/product\/italian-cherryz-backpackboyz\/#breadcrumb"},"inLanguage":"es-ES","potentialAction":[{"@type":"ReadAction","target":["https:\/\/beuhparadis.com\/product\/italian-cherryz-backpackboyz\/"]}]},{"@type":"ImageObject","inLanguage":"es-ES","@id":"https:\/\/beuhparadis.com\/product\/italian-cherryz-backpackboyz\/#primaryimage","url":"https:\/\/beuhparadis.com\/wp-content\/uploads\/2024\/12\/Italian-cherryz-backpackboyz-3.jpeg","contentUrl":"https:\/\/beuhparadis.com\/wp-content\/uploads\/2024\/12\/Italian-cherryz-backpackboyz-3.jpeg","width":828,"height":814},{"@type":"BreadcrumbList","@id":"https:\/\/beuhparadis.com\/product\/italian-cherryz-backpackboyz\/#breadcrumb","itemListElement":[{"@type":"ListItem","position":1,"name":"Home","item":"https:\/\/beuhparadis.com\/"},{"@type":"ListItem","position":2,"name":"Shop","item":"https:\/\/beuhparadis.com\/shop\/"},{"@type":"ListItem","position":3,"name":"Italian cherryz backpackboyz"}]},{"@type":"WebSite","@id":"https:\/\/beuhparadis.com\/#website","url":"https:\/\/beuhparadis.com\/","name":"Beuh Paradis","description":"","potentialAction":[{"@type":"SearchAction","target":{"@type":"EntryPoint","urlTemplate":"https:\/\/beuhparadis.com\/?s={search_term_string}"},"query-input":{"@type":"PropertyValueSpecification","valueRequired":true,"valueName":"search_term_string"}}],"inLanguage":"es-ES"}]}},"_links":{"self":[{"href":"https:\/\/beuhparadis.com\/es\/wp-json\/wp\/v2\/product\/1971","targetHints":{"allow":["GET"]}}],"collection":[{"href":"https:\/\/beuhparadis.com\/es\/wp-json\/wp\/v2\/product"}],"about":[{"href":"https:\/\/beuhparadis.com\/es\/wp-json\/wp\/v2\/types\/product"}],"replies":[{"embeddable":true,"href":"https:\/\/beuhparadis.com\/es\/wp-json\/wp\/v2\/comments?post=1971"}],"wp:featuredmedia":[{"embeddable":true,"href":"https:\/\/beuhparadis.com\/es\/wp-json\/wp\/v2\/media\/1985"}],"wp:attachment":[{"href":"https:\/\/beuhparadis.com\/es\/wp-json\/wp\/v2\/media?parent=1971"}],"wp:term":[{"taxonomy":"product_brand","embeddable":true,"href":"https:\/\/beuhparadis.com\/es\/wp-json\/wp\/v2\/product_brand?post=1971"},{"taxonomy":"product_cat","embeddable":true,"href":"https:\/\/beuhparadis.com\/es\/wp-json\/wp\/v2\/product_cat?post=1971"},{"taxonomy":"product_tag","embeddable":true,"href":"https:\/\/beuhparadis.com\/es\/wp-json\/wp\/v2\/product_tag?post=1971"}],"curies":[{"name":"wp","href":"https:\/\/api.w.org\/{rel}","templated":true}]}}