{"id":1754,"date":"2024-12-10T23:45:10","date_gmt":"2024-12-10T23:45:10","guid":{"rendered":"https:\/\/beuhparadis.com\/?post_type=product&#038;p=1754"},"modified":"2025-01-28T10:18:36","modified_gmt":"2025-01-28T10:18:36","slug":"the-ten-co-blue-zushi","status":"publish","type":"product","link":"https:\/\/beuhparadis.com\/es\/product\/the-ten-co-blue-zushi\/","title":{"rendered":"The Ten.Co | Blue Zushi"},"content":{"rendered":"<h1 class=\"wp-block-heading\">Comprar Blue Zushi Tenco<\/h1>\n<h4 class=\"wp-block-heading\">Informaci\u00f3n sobre la variedad Blue Zushi Tenco<\/h4>\n<p>Comprar Blue Zushi Tenco, una variedad de cannabis h\u00edbrida con dominancia Indica, es cuidadosamente cultivada por The Ten Co. Esta variedad Blue Zushi, resultado del cruce entre Zkittlez y Kush Mints #11, es famosa por su inolvidable sabor y sus excepcionales efectos, que le han valido m\u00faltiples premios en prestigiosos eventos.<\/p>\n<ul class=\"wp-block-list\">\n<li><strong>Gen\u00e9tica<\/strong>La hierba Blue Zushi es un cruce entre Zkittlez y Kush Mints #11.<\/li>\n<li><strong>Cultura<\/strong>Blue zushi cali es producido por The Ten Co, lo que garantiza una calidad superior y una consistencia excepcional.<\/li>\n<li><strong>Perfil terp\u00e9nico<\/strong>Aunque no se especifica, el tenco blue zushi es conocido por sus aromas dulces y potentes.<\/li>\n<\/ul>\n<h2 class=\"wp-block-heading\">THC y CBD<\/h2>\n<ul class=\"wp-block-list\">\n<li><strong>THC<\/strong>La cepa Blue zushi tiene un alto contenido de THC para una experiencia poderosa.<\/li>\n<li><strong>CBD<\/strong>Bajo, acentuando las propiedades psicoactivas de la hierba zushi azul.<\/li>\n<\/ul>\n<h2 class=\"wp-block-heading\">\u00bfD\u00f3nde puedo comprar Blue Zushi Tenco en Internet?<\/h2>\n<p>Tenco blue zushi est\u00e1 disponible en <a href=\"https:\/\/beuhparadis.com\/es\/product\/bubble-hash\/\" data-type=\"link\" data-id=\"https:\/\/acheterducannabis.fr\/\">beuhparadis.com<\/a>que ofrece una plataforma segura para adquirir esta cepa de renombre.<\/p>\n<h2 class=\"wp-block-heading\">Efectos, aroma y sabor de Tenco Blue Zushi<\/h2>\n<h3 class=\"wp-block-heading\">Efecto<\/h3>\n<ul class=\"wp-block-list\">\n<li>Blue zushi cali proporciona una profunda relajaci\u00f3n acompa\u00f1ada de una alegre euforia, perfecta para aliviar el estr\u00e9s.<\/li>\n<\/ul>\n<h3 class=\"wp-block-heading\">Aroma<\/h3>\n<ul class=\"wp-block-list\">\n<li>Blue zushi the ten est\u00e1 dominado por terpenos dulces, con toques de naranja y gas.<\/li>\n<\/ul>\n<h3 class=\"wp-block-heading\">Pruebe<\/h3>\n<ul class=\"wp-block-list\">\n<li>El Tenco blue zushi se distingue por su sabor a caramelo, con una experiencia gustativa rica y gourmet.<\/li>\n<\/ul>\n<h2 class=\"wp-block-heading\">Efectos m\u00e9dicos del ten co blue zushi<\/h2>\n<ul class=\"wp-block-list\">\n<li><strong>Efectos m\u00e9dicos<\/strong>:\n<ul class=\"wp-block-list\">\n<li>El ten co blue zushi puede ayudar a reducir la ansiedad y el estr\u00e9s.<\/li>\n<\/ul>\n<\/li>\n<li><strong>Puede aliviar<\/strong>:\n<ul class=\"wp-block-list\">\n<li>La variedad blue zushi es eficaz contra el dolor y los trastornos del estado de \u00e1nimo, y ofrece relajaci\u00f3n y euforia.<\/li>\n<\/ul>\n<\/li>\n<\/ul>\n<h2 class=\"wp-block-heading\">\u00bfPor qu\u00e9 comprar Blue Zushi Tenco en Acheterducannabis?<\/h2>\n<p>Elegir Acheterducannabis para blue zushi tenco garantiza una variedad de primera calidad, reconocida por su excepcional experiencia de consumo.<\/p>\n<h2 class=\"wp-block-heading\">Legislaci\u00f3n gubernamental para la venta de Blue Zushi Tenco en Europa<\/h2>\n<p>La venta de hierba blue zushi, incluyendo blue zushi tenco, est\u00e1 regulada en Europa. Acheterducannabis se compromete a cumplir todas las normativas para una venta legal y responsable.<\/p>\n<p>La cepa Blue Zushi de The Ten Co es una celebraci\u00f3n de sabores \u00fanicos y efectos equilibrados, que hacen de esta cepa un producto imprescindible para los entusiastas del cannabis. Con su perfecta combinaci\u00f3n de novedad y familiaridad, blue zushi the ten est\u00e1 disponible exclusivamente en Acheterducannabis, prometiendo una experiencia memorable que satisface todos los sentidos.<\/p>","protected":false},"excerpt":{"rendered":"<p><strong>Efectos m\u00e9dicos<\/strong>:<\/p>\n<p>El ten co blue zushi puede ayudar a reducir la ansiedad y el estr\u00e9s.<\/p>","protected":false},"featured_media":1767,"comment_status":"closed","ping_status":"closed","template":"","meta":{"site-sidebar-layout":"default","site-content-layout":"","ast-site-content-layout":"default","site-content-style":"default","site-sidebar-style":"default","ast-global-header-display":"","ast-banner-title-visibility":"","ast-main-header-display":"","ast-hfb-above-header-display":"","ast-hfb-below-header-display":"","ast-hfb-mobile-header-display":"","site-post-title":"","ast-breadcrumbs-content":"","ast-featured-img":"","footer-sml-layout":"","theme-transparent-header-meta":"default","adv-header-id-meta":"","stick-header-meta":"","header-above-stick-meta":"","header-main-stick-meta":"","header-below-stick-meta":"","astra-migrate-meta-layouts":"set","ast-page-background-enabled":"default","ast-page-background-meta":{"desktop":{"background-color":"","background-image":"","background-repeat":"repeat","background-position":"center center","background-size":"auto","background-attachment":"scroll","background-type":"","background-media":"","overlay-type":"","overlay-color":"","overlay-opacity":"","overlay-gradient":""},"tablet":{"background-color":"","background-image":"","background-repeat":"repeat","background-position":"center center","background-size":"auto","background-attachment":"scroll","background-type":"","background-media":"","overlay-type":"","overlay-color":"","overlay-opacity":"","overlay-gradient":""},"mobile":{"background-color":"","background-image":"","background-repeat":"repeat","background-position":"center center","background-size":"auto","background-attachment":"scroll","background-type":"","background-media":"","overlay-type":"","overlay-color":"","overlay-opacity":"","overlay-gradient":""}},"ast-content-background-meta":{"desktop":{"background-color":"var(--ast-global-color-5)","background-image":"","background-repeat":"repeat","background-position":"center center","background-size":"auto","background-attachment":"scroll","background-type":"","background-media":"","overlay-type":"","overlay-color":"","overlay-opacity":"","overlay-gradient":""},"tablet":{"background-color":"var(--ast-global-color-5)","background-image":"","background-repeat":"repeat","background-position":"center center","background-size":"auto","background-attachment":"scroll","background-type":"","background-media":"","overlay-type":"","overlay-color":"","overlay-opacity":"","overlay-gradient":""},"mobile":{"background-color":"var(--ast-global-color-5)","background-image":"","background-repeat":"repeat","background-position":"center center","background-size":"auto","background-attachment":"scroll","background-type":"","background-media":"","overlay-type":"","overlay-color":"","overlay-opacity":"","overlay-gradient":""}},"_joinchat":[]},"product_brand":[],"product_cat":[41,42],"product_tag":[],"class_list":{"0":"post-1754","1":"product","2":"type-product","3":"status-publish","4":"has-post-thumbnail","6":"product_cat-cali-weed","7":"product_cat-the-ten-co-weed","8":"desktop-align-left","9":"tablet-align-left","10":"mobile-align-left","12":"first","13":"instock","14":"shipping-taxable","15":"product-type-variable"},"yoast_head":"<!-- This site is optimized with the Yoast SEO Premium plugin v24.1 (Yoast SEO v26.8) - https:\/\/yoast.com\/product\/yoast-seo-premium-wordpress\/ -->\n<title>Acheter Blue Zushi Tenco en Ligne | Vari\u00e9t\u00e9 de Cannabis Premium<\/title>\n<meta name=\"description\" content=\"Blue Zushi de Tenco, une vari\u00e9t\u00e9 de cannabis premium aux ar\u00f4mes uniques et aux effets puissants. Livraison discr\u00e8te et rapide. Parfait pour les amateurs de cannabis raffin\u00e9.\" \/>\n<meta name=\"robots\" content=\"index, follow, max-snippet:-1, max-image-preview:large, max-video-preview:-1\" \/>\n<link rel=\"canonical\" href=\"https:\/\/beuhparadis.com\/es\/product\/the-ten-co-blue-zushi\/\" \/>\n<meta property=\"og:locale\" content=\"es_ES\" \/>\n<meta property=\"og:type\" content=\"article\" \/>\n<meta property=\"og:title\" content=\"The Ten.Co | Blue Zushi\" \/>\n<meta property=\"og:description\" content=\"Blue Zushi de Tenco, une vari\u00e9t\u00e9 de cannabis premium aux ar\u00f4mes uniques et aux effets puissants. Livraison discr\u00e8te et rapide. Parfait pour les amateurs de cannabis raffin\u00e9.\" \/>\n<meta property=\"og:url\" content=\"https:\/\/beuhparadis.com\/es\/product\/the-ten-co-blue-zushi\/\" \/>\n<meta property=\"og:site_name\" content=\"Beuh Paradis\" \/>\n<meta property=\"article:modified_time\" content=\"2025-01-28T10:18:36+00:00\" \/>\n<meta property=\"og:image\" content=\"https:\/\/beuhparadis.com\/wp-content\/uploads\/2024\/12\/The-Ten.Co-Blue-Zushi-2.webp\" \/>\n\t<meta property=\"og:image:width\" content=\"2560\" \/>\n\t<meta property=\"og:image:height\" content=\"2560\" \/>\n\t<meta property=\"og:image:type\" content=\"image\/webp\" \/>\n<meta name=\"twitter:card\" content=\"summary_large_image\" \/>\n<meta name=\"twitter:label1\" content=\"Tiempo de lectura\" \/>\n\t<meta name=\"twitter:data1\" content=\"2 minutes\" \/>\n<script type=\"application\/ld+json\" class=\"yoast-schema-graph\">{\"@context\":\"https:\/\/schema.org\",\"@graph\":[{\"@type\":\"WebPage\",\"@id\":\"https:\/\/beuhparadis.com\/product\/the-ten-co-blue-zushi\/\",\"url\":\"https:\/\/beuhparadis.com\/product\/the-ten-co-blue-zushi\/\",\"name\":\"Acheter Blue Zushi Tenco en Ligne | Vari\u00e9t\u00e9 de Cannabis Premium\",\"isPartOf\":{\"@id\":\"https:\/\/beuhparadis.com\/#website\"},\"primaryImageOfPage\":{\"@id\":\"https:\/\/beuhparadis.com\/product\/the-ten-co-blue-zushi\/#primaryimage\"},\"image\":{\"@id\":\"https:\/\/beuhparadis.com\/product\/the-ten-co-blue-zushi\/#primaryimage\"},\"thumbnailUrl\":\"https:\/\/beuhparadis.com\/wp-content\/uploads\/2024\/12\/The-Ten.Co-Blue-Zushi-2.webp\",\"datePublished\":\"2024-12-10T23:45:10+00:00\",\"dateModified\":\"2025-01-28T10:18:36+00:00\",\"description\":\"Blue Zushi de Tenco, une vari\u00e9t\u00e9 de cannabis premium aux ar\u00f4mes uniques et aux effets puissants. Livraison discr\u00e8te et rapide. Parfait pour les amateurs de cannabis raffin\u00e9.\",\"breadcrumb\":{\"@id\":\"https:\/\/beuhparadis.com\/product\/the-ten-co-blue-zushi\/#breadcrumb\"},\"inLanguage\":\"es-ES\",\"potentialAction\":[{\"@type\":\"ReadAction\",\"target\":[\"https:\/\/beuhparadis.com\/product\/the-ten-co-blue-zushi\/\"]}]},{\"@type\":\"ImageObject\",\"inLanguage\":\"es-ES\",\"@id\":\"https:\/\/beuhparadis.com\/product\/the-ten-co-blue-zushi\/#primaryimage\",\"url\":\"https:\/\/beuhparadis.com\/wp-content\/uploads\/2024\/12\/The-Ten.Co-Blue-Zushi-2.webp\",\"contentUrl\":\"https:\/\/beuhparadis.com\/wp-content\/uploads\/2024\/12\/The-Ten.Co-Blue-Zushi-2.webp\",\"width\":2560,\"height\":2560},{\"@type\":\"BreadcrumbList\",\"@id\":\"https:\/\/beuhparadis.com\/product\/the-ten-co-blue-zushi\/#breadcrumb\",\"itemListElement\":[{\"@type\":\"ListItem\",\"position\":1,\"name\":\"Home\",\"item\":\"https:\/\/beuhparadis.com\/\"},{\"@type\":\"ListItem\",\"position\":2,\"name\":\"Shop\",\"item\":\"https:\/\/beuhparadis.com\/shop\/\"},{\"@type\":\"ListItem\",\"position\":3,\"name\":\"The Ten.Co | Blue Zushi\"}]},{\"@type\":\"WebSite\",\"@id\":\"https:\/\/beuhparadis.com\/#website\",\"url\":\"https:\/\/beuhparadis.com\/\",\"name\":\"Beuh Paradis\",\"description\":\"\",\"potentialAction\":[{\"@type\":\"SearchAction\",\"target\":{\"@type\":\"EntryPoint\",\"urlTemplate\":\"https:\/\/beuhparadis.com\/?s={search_term_string}\"},\"query-input\":{\"@type\":\"PropertyValueSpecification\",\"valueRequired\":true,\"valueName\":\"search_term_string\"}}],\"inLanguage\":\"es-ES\"}]}<\/script>\n<!-- \/ Yoast SEO Premium plugin. -->","yoast_head_json":{"title":"Comprar Blue Zushi Tenco Online | Variedad Premium de Cannabis","description":"Blue Zushi de Tenco, una variedad de cannabis de primera calidad con aromas \u00fanicos y efectos potentes. Entrega r\u00e1pida y discreta. Perfecta para los amantes del cannabis refinado.","robots":{"index":"index","follow":"follow","max-snippet":"max-snippet:-1","max-image-preview":"max-image-preview:large","max-video-preview":"max-video-preview:-1"},"canonical":"https:\/\/beuhparadis.com\/es\/product\/the-ten-co-blue-zushi\/","og_locale":"es_ES","og_type":"article","og_title":"The Ten.Co | Blue Zushi","og_description":"Blue Zushi de Tenco, une vari\u00e9t\u00e9 de cannabis premium aux ar\u00f4mes uniques et aux effets puissants. Livraison discr\u00e8te et rapide. Parfait pour les amateurs de cannabis raffin\u00e9.","og_url":"https:\/\/beuhparadis.com\/es\/product\/the-ten-co-blue-zushi\/","og_site_name":"Beuh Paradis","article_modified_time":"2025-01-28T10:18:36+00:00","og_image":[{"width":2560,"height":2560,"url":"https:\/\/beuhparadis.com\/wp-content\/uploads\/2024\/12\/The-Ten.Co-Blue-Zushi-2.webp","type":"image\/webp"}],"twitter_card":"summary_large_image","twitter_misc":{"Tiempo de lectura":"2 minutes"},"schema":{"@context":"https:\/\/schema.org","@graph":[{"@type":"WebPage","@id":"https:\/\/beuhparadis.com\/product\/the-ten-co-blue-zushi\/","url":"https:\/\/beuhparadis.com\/product\/the-ten-co-blue-zushi\/","name":"Comprar Blue Zushi Tenco Online | Variedad Premium de Cannabis","isPartOf":{"@id":"https:\/\/beuhparadis.com\/#website"},"primaryImageOfPage":{"@id":"https:\/\/beuhparadis.com\/product\/the-ten-co-blue-zushi\/#primaryimage"},"image":{"@id":"https:\/\/beuhparadis.com\/product\/the-ten-co-blue-zushi\/#primaryimage"},"thumbnailUrl":"https:\/\/beuhparadis.com\/wp-content\/uploads\/2024\/12\/The-Ten.Co-Blue-Zushi-2.webp","datePublished":"2024-12-10T23:45:10+00:00","dateModified":"2025-01-28T10:18:36+00:00","description":"Blue Zushi de Tenco, una variedad de cannabis de primera calidad con aromas \u00fanicos y efectos potentes. Entrega r\u00e1pida y discreta. Perfecta para los amantes del cannabis refinado.","breadcrumb":{"@id":"https:\/\/beuhparadis.com\/product\/the-ten-co-blue-zushi\/#breadcrumb"},"inLanguage":"es-ES","potentialAction":[{"@type":"ReadAction","target":["https:\/\/beuhparadis.com\/product\/the-ten-co-blue-zushi\/"]}]},{"@type":"ImageObject","inLanguage":"es-ES","@id":"https:\/\/beuhparadis.com\/product\/the-ten-co-blue-zushi\/#primaryimage","url":"https:\/\/beuhparadis.com\/wp-content\/uploads\/2024\/12\/The-Ten.Co-Blue-Zushi-2.webp","contentUrl":"https:\/\/beuhparadis.com\/wp-content\/uploads\/2024\/12\/The-Ten.Co-Blue-Zushi-2.webp","width":2560,"height":2560},{"@type":"BreadcrumbList","@id":"https:\/\/beuhparadis.com\/product\/the-ten-co-blue-zushi\/#breadcrumb","itemListElement":[{"@type":"ListItem","position":1,"name":"Home","item":"https:\/\/beuhparadis.com\/"},{"@type":"ListItem","position":2,"name":"Shop","item":"https:\/\/beuhparadis.com\/shop\/"},{"@type":"ListItem","position":3,"name":"The Ten.Co | Blue Zushi"}]},{"@type":"WebSite","@id":"https:\/\/beuhparadis.com\/#website","url":"https:\/\/beuhparadis.com\/","name":"Beuh Paradis","description":"","potentialAction":[{"@type":"SearchAction","target":{"@type":"EntryPoint","urlTemplate":"https:\/\/beuhparadis.com\/?s={search_term_string}"},"query-input":{"@type":"PropertyValueSpecification","valueRequired":true,"valueName":"search_term_string"}}],"inLanguage":"es-ES"}]}},"_links":{"self":[{"href":"https:\/\/beuhparadis.com\/es\/wp-json\/wp\/v2\/product\/1754","targetHints":{"allow":["GET"]}}],"collection":[{"href":"https:\/\/beuhparadis.com\/es\/wp-json\/wp\/v2\/product"}],"about":[{"href":"https:\/\/beuhparadis.com\/es\/wp-json\/wp\/v2\/types\/product"}],"replies":[{"embeddable":true,"href":"https:\/\/beuhparadis.com\/es\/wp-json\/wp\/v2\/comments?post=1754"}],"wp:featuredmedia":[{"embeddable":true,"href":"https:\/\/beuhparadis.com\/es\/wp-json\/wp\/v2\/media\/1767"}],"wp:attachment":[{"href":"https:\/\/beuhparadis.com\/es\/wp-json\/wp\/v2\/media?parent=1754"}],"wp:term":[{"taxonomy":"product_brand","embeddable":true,"href":"https:\/\/beuhparadis.com\/es\/wp-json\/wp\/v2\/product_brand?post=1754"},{"taxonomy":"product_cat","embeddable":true,"href":"https:\/\/beuhparadis.com\/es\/wp-json\/wp\/v2\/product_cat?post=1754"},{"taxonomy":"product_tag","embeddable":true,"href":"https:\/\/beuhparadis.com\/es\/wp-json\/wp\/v2\/product_tag?post=1754"}],"curies":[{"name":"wp","href":"https:\/\/api.w.org\/{rel}","templated":true}]}}