{"id":1739,"date":"2024-12-10T23:44:47","date_gmt":"2024-12-10T23:44:47","guid":{"rendered":"https:\/\/beuhparadis.com\/?post_type=product&#038;p=1739"},"modified":"2025-01-28T10:36:45","modified_gmt":"2025-01-28T10:36:45","slug":"the-ten-co-skillati-3-0","status":"publish","type":"product","link":"https:\/\/beuhparadis.com\/es\/product\/the-ten-co-skillati-3-0\/","title":{"rendered":"La Ten.Co | Skillati 3.0"},"content":{"rendered":"<h1 class=\"wp-block-heading\">Comprar Skillati 3.0 Tenco<\/h1>\n<h4 class=\"wp-block-heading\">Informaci\u00f3n sobre la cepa Skillati 3.0 Tenco<\/h4>\n<p>Comprar Skillati 3.0 Tenco es una ex\u00f3tica variedad de cannabis, fruto de la experiencia de The Ten Co. Esta variedad es el resultado de un exitoso cruce entre Zkittlez y Gelatti, ofreciendo una experiencia rica en sabor y efecto.<\/p>\n<ul class=\"wp-block-list\">\n<li><strong>Gen\u00e9tica<\/strong>Cruce entre Zkittlez y Gelatti.<\/li>\n<li><strong>Cultura<\/strong>Cultivada con esmero por The Ten Co, lo que garantiza una calidad y potencia excepcionales.<\/li>\n<li><strong>Perfil terp\u00e9nico<\/strong>Sin especificar, pero la presencia dominante de terpenos dulces es evidente.<\/li>\n<\/ul>\n<h2 class=\"wp-block-heading\">THC y CBD<\/h2>\n<ul class=\"wp-block-list\">\n<li><strong>THC<\/strong>Alta concentraci\u00f3n, que promete una experiencia euf\u00f3rica y relajante.<\/li>\n<li><strong>CBD<\/strong>Bajos niveles de CBD, centrados en los efectos psicoactivos.<\/li>\n<\/ul>\n<h2 class=\"wp-block-heading\">\u00bfD\u00f3nde puedo comprar Skillati 3.0 Tenco en Internet?<\/h2>\n<p>La cepa Skillati 3.0 se puede comprar en <a href=\"https:\/\/beuhparadis.com\/es\/product\/charas-hash\/\" data-type=\"link\" data-id=\"https:\/\/acheterducannabis.fr\/\">Beuhparadis<\/a>ofreciendo a los consumidores un f\u00e1cil acceso a esta cepa premium en l\u00ednea.<\/p>\n<h2 class=\"wp-block-heading\">Efectos, aroma y sabor de Skillati 3.0 Tenco<\/h2>\n<h3 class=\"wp-block-heading\">Efecto<\/h3>\n<ul class=\"wp-block-list\">\n<li>Un comienzo relajante seguido de una r\u00e1pida elevaci\u00f3n mental, sello distintivo de un coloc\u00f3n de calidad.<\/li>\n<\/ul>\n<h3 class=\"wp-block-heading\">Aroma<\/h3>\n<ul class=\"wp-block-list\">\n<li>Un aroma predominantemente dulce, con un toque de funk, que evoca el sabor del algod\u00f3n de az\u00facar.<\/li>\n<\/ul>\n<h3 class=\"wp-block-heading\">Pruebe<\/h3>\n<ul class=\"wp-block-list\">\n<li>Sabor dominante a caramelo, con una ligera entrada de algod\u00f3n de az\u00facar, que ofrece una experiencia gustativa completa.<\/li>\n<\/ul>\n<h3 class=\"wp-block-heading\">Efectos m\u00e9dicos de Skillati 3.0 Tenco<\/h3>\n<ul class=\"wp-block-list\">\n<li><strong>Efectos m\u00e9dicos<\/strong>:\n<ul class=\"wp-block-list\">\n<li>Potencial para aliviar el estr\u00e9s y promover la relajaci\u00f3n.<\/li>\n<\/ul>\n<\/li>\n<li><strong>Puede aliviar<\/strong>:\n<ul class=\"wp-block-list\">\n<li>Estr\u00e9s, ansiedad y peque\u00f1as molestias, gracias a su acci\u00f3n relajante y estimulante.<\/li>\n<\/ul>\n<\/li>\n<\/ul>\n<h3 class=\"wp-block-heading\">\u00bfPor qu\u00e9 comprar la variedad Skillati 3.0 en Acheterducannabis?<\/h3>\n<p>Optar por Skillati 3.0 Tenco en Acheterducannabis significa elegir una cepa de alta calidad, garantizada por The Ten Co, y una entrega fiable y segura directamente a tu puerta.<\/p>\n<h3 class=\"wp-block-heading\">Legislaci\u00f3n gubernamental para la venta de Skillati 3.0 Tenco en Europa<\/h3>\n<p>Acheterducannabis cumple escrupulosamente la legislaci\u00f3n europea vigente en materia de venta de cannabis, garantizando una transacci\u00f3n legal y segura para la compra de la variedad Skillati 3.0.<\/p>\n<p>Skillati 3.0 Tenco de The Ten Co es una variedad que destaca por sus intensos sabores dulces y sus efectos equilibrados, que ofrecen tanto relajaci\u00f3n como euforia. Con su gen\u00e9tica de primera calidad y su perfil de terpenos \u00fanico, la cepa Skillati 3.0 es imprescindible para los amantes de los sabores complejos y los subidones satisfactorios. Disponible exclusivamente en Acheterducannabis, esta cepa es una gran adici\u00f3n a cualquier colecci\u00f3n de cannabis de primera calidad.<\/p>","protected":false},"excerpt":{"rendered":"<p><strong>Efectos m\u00e9dicos<\/strong>:<\/p>\n<p>Potencial para aliviar el estr\u00e9s y promover la relajaci\u00f3n.<\/p>","protected":false},"featured_media":1766,"comment_status":"closed","ping_status":"closed","template":"","meta":{"site-sidebar-layout":"default","site-content-layout":"","ast-site-content-layout":"default","site-content-style":"default","site-sidebar-style":"default","ast-global-header-display":"","ast-banner-title-visibility":"","ast-main-header-display":"","ast-hfb-above-header-display":"","ast-hfb-below-header-display":"","ast-hfb-mobile-header-display":"","site-post-title":"","ast-breadcrumbs-content":"","ast-featured-img":"","footer-sml-layout":"","theme-transparent-header-meta":"default","adv-header-id-meta":"","stick-header-meta":"","header-above-stick-meta":"","header-main-stick-meta":"","header-below-stick-meta":"","astra-migrate-meta-layouts":"set","ast-page-background-enabled":"default","ast-page-background-meta":{"desktop":{"background-color":"","background-image":"","background-repeat":"repeat","background-position":"center center","background-size":"auto","background-attachment":"scroll","background-type":"","background-media":"","overlay-type":"","overlay-color":"","overlay-opacity":"","overlay-gradient":""},"tablet":{"background-color":"","background-image":"","background-repeat":"repeat","background-position":"center center","background-size":"auto","background-attachment":"scroll","background-type":"","background-media":"","overlay-type":"","overlay-color":"","overlay-opacity":"","overlay-gradient":""},"mobile":{"background-color":"","background-image":"","background-repeat":"repeat","background-position":"center center","background-size":"auto","background-attachment":"scroll","background-type":"","background-media":"","overlay-type":"","overlay-color":"","overlay-opacity":"","overlay-gradient":""}},"ast-content-background-meta":{"desktop":{"background-color":"var(--ast-global-color-5)","background-image":"","background-repeat":"repeat","background-position":"center center","background-size":"auto","background-attachment":"scroll","background-type":"","background-media":"","overlay-type":"","overlay-color":"","overlay-opacity":"","overlay-gradient":""},"tablet":{"background-color":"var(--ast-global-color-5)","background-image":"","background-repeat":"repeat","background-position":"center center","background-size":"auto","background-attachment":"scroll","background-type":"","background-media":"","overlay-type":"","overlay-color":"","overlay-opacity":"","overlay-gradient":""},"mobile":{"background-color":"var(--ast-global-color-5)","background-image":"","background-repeat":"repeat","background-position":"center center","background-size":"auto","background-attachment":"scroll","background-type":"","background-media":"","overlay-type":"","overlay-color":"","overlay-opacity":"","overlay-gradient":""}},"_joinchat":[]},"product_brand":[],"product_cat":[41,42],"product_tag":[],"class_list":{"0":"post-1739","1":"product","2":"type-product","3":"status-publish","4":"has-post-thumbnail","6":"product_cat-cali-weed","7":"product_cat-the-ten-co-weed","8":"desktop-align-left","9":"tablet-align-left","10":"mobile-align-left","12":"first","13":"instock","14":"shipping-taxable","15":"purchasable","16":"product-type-variable"},"yoast_head":"<!-- This site is optimized with the Yoast SEO Premium plugin v24.1 (Yoast SEO v26.8) - https:\/\/yoast.com\/product\/yoast-seo-premium-wordpress\/ -->\n<title>Acheter Skillati 3.0 Tenco en Ligne | Vari\u00e9t\u00e9 de Cannabis Exclusif<\/title>\n<meta name=\"description\" content=\"Acheter Skillati 3.0 de Tenco, une vari\u00e9t\u00e9 de cannabis exclusif aux ar\u00f4mes riches et aux effets \u00e9quilibr\u00e9s. Achetez avec livraison discr\u00e8te et rapide.\" \/>\n<meta name=\"robots\" content=\"index, follow, max-snippet:-1, max-image-preview:large, max-video-preview:-1\" \/>\n<link rel=\"canonical\" href=\"https:\/\/beuhparadis.com\/es\/product\/the-ten-co-skillati-3-0\/\" \/>\n<meta property=\"og:locale\" content=\"es_ES\" \/>\n<meta property=\"og:type\" content=\"article\" \/>\n<meta property=\"og:title\" content=\"The Ten.Co | Skillati 3.0\" \/>\n<meta property=\"og:description\" content=\"Acheter Skillati 3.0 de Tenco, une vari\u00e9t\u00e9 de cannabis exclusif aux ar\u00f4mes riches et aux effets \u00e9quilibr\u00e9s. Achetez avec livraison discr\u00e8te et rapide.\" \/>\n<meta property=\"og:url\" content=\"https:\/\/beuhparadis.com\/es\/product\/the-ten-co-skillati-3-0\/\" \/>\n<meta property=\"og:site_name\" content=\"Beuh Paradis\" \/>\n<meta property=\"article:modified_time\" content=\"2025-01-28T10:36:45+00:00\" \/>\n<meta property=\"og:image\" content=\"https:\/\/beuhparadis.com\/wp-content\/uploads\/2024\/12\/The-Ten.Co-Skillati-3.0-2.webp\" \/>\n\t<meta property=\"og:image:width\" content=\"999\" \/>\n\t<meta property=\"og:image:height\" content=\"999\" \/>\n\t<meta property=\"og:image:type\" content=\"image\/webp\" \/>\n<meta name=\"twitter:card\" content=\"summary_large_image\" \/>\n<meta name=\"twitter:label1\" content=\"Tiempo de lectura\" \/>\n\t<meta name=\"twitter:data1\" content=\"2 minutes\" \/>\n<script type=\"application\/ld+json\" class=\"yoast-schema-graph\">{\"@context\":\"https:\/\/schema.org\",\"@graph\":[{\"@type\":\"WebPage\",\"@id\":\"https:\/\/beuhparadis.com\/product\/the-ten-co-skillati-3-0\/\",\"url\":\"https:\/\/beuhparadis.com\/product\/the-ten-co-skillati-3-0\/\",\"name\":\"Acheter Skillati 3.0 Tenco en Ligne | Vari\u00e9t\u00e9 de Cannabis Exclusif\",\"isPartOf\":{\"@id\":\"https:\/\/beuhparadis.com\/#website\"},\"primaryImageOfPage\":{\"@id\":\"https:\/\/beuhparadis.com\/product\/the-ten-co-skillati-3-0\/#primaryimage\"},\"image\":{\"@id\":\"https:\/\/beuhparadis.com\/product\/the-ten-co-skillati-3-0\/#primaryimage\"},\"thumbnailUrl\":\"https:\/\/beuhparadis.com\/wp-content\/uploads\/2024\/12\/The-Ten.Co-Skillati-3.0-2.webp\",\"datePublished\":\"2024-12-10T23:44:47+00:00\",\"dateModified\":\"2025-01-28T10:36:45+00:00\",\"description\":\"Acheter Skillati 3.0 de Tenco, une vari\u00e9t\u00e9 de cannabis exclusif aux ar\u00f4mes riches et aux effets \u00e9quilibr\u00e9s. Achetez avec livraison discr\u00e8te et rapide.\",\"breadcrumb\":{\"@id\":\"https:\/\/beuhparadis.com\/product\/the-ten-co-skillati-3-0\/#breadcrumb\"},\"inLanguage\":\"es-ES\",\"potentialAction\":[{\"@type\":\"ReadAction\",\"target\":[\"https:\/\/beuhparadis.com\/product\/the-ten-co-skillati-3-0\/\"]}]},{\"@type\":\"ImageObject\",\"inLanguage\":\"es-ES\",\"@id\":\"https:\/\/beuhparadis.com\/product\/the-ten-co-skillati-3-0\/#primaryimage\",\"url\":\"https:\/\/beuhparadis.com\/wp-content\/uploads\/2024\/12\/The-Ten.Co-Skillati-3.0-2.webp\",\"contentUrl\":\"https:\/\/beuhparadis.com\/wp-content\/uploads\/2024\/12\/The-Ten.Co-Skillati-3.0-2.webp\",\"width\":999,\"height\":999},{\"@type\":\"BreadcrumbList\",\"@id\":\"https:\/\/beuhparadis.com\/product\/the-ten-co-skillati-3-0\/#breadcrumb\",\"itemListElement\":[{\"@type\":\"ListItem\",\"position\":1,\"name\":\"Home\",\"item\":\"https:\/\/beuhparadis.com\/\"},{\"@type\":\"ListItem\",\"position\":2,\"name\":\"Shop\",\"item\":\"https:\/\/beuhparadis.com\/shop\/\"},{\"@type\":\"ListItem\",\"position\":3,\"name\":\"The Ten.Co | Skillati 3.0\"}]},{\"@type\":\"WebSite\",\"@id\":\"https:\/\/beuhparadis.com\/#website\",\"url\":\"https:\/\/beuhparadis.com\/\",\"name\":\"Beuh Paradis\",\"description\":\"\",\"potentialAction\":[{\"@type\":\"SearchAction\",\"target\":{\"@type\":\"EntryPoint\",\"urlTemplate\":\"https:\/\/beuhparadis.com\/?s={search_term_string}\"},\"query-input\":{\"@type\":\"PropertyValueSpecification\",\"valueRequired\":true,\"valueName\":\"search_term_string\"}}],\"inLanguage\":\"es-ES\"}]}<\/script>\n<!-- \/ Yoast SEO Premium plugin. -->","yoast_head_json":{"title":"Comprar Skillati 3.0 Tenco Online | Variedad exclusiva de cannabis","description":"Compra Skillati 3.0 de Tenco, una variedad de cannabis exclusiva con ricos sabores y efectos equilibrados. Compra con entrega r\u00e1pida y discreta.","robots":{"index":"index","follow":"follow","max-snippet":"max-snippet:-1","max-image-preview":"max-image-preview:large","max-video-preview":"max-video-preview:-1"},"canonical":"https:\/\/beuhparadis.com\/es\/product\/the-ten-co-skillati-3-0\/","og_locale":"es_ES","og_type":"article","og_title":"The Ten.Co | Skillati 3.0","og_description":"Acheter Skillati 3.0 de Tenco, une vari\u00e9t\u00e9 de cannabis exclusif aux ar\u00f4mes riches et aux effets \u00e9quilibr\u00e9s. Achetez avec livraison discr\u00e8te et rapide.","og_url":"https:\/\/beuhparadis.com\/es\/product\/the-ten-co-skillati-3-0\/","og_site_name":"Beuh Paradis","article_modified_time":"2025-01-28T10:36:45+00:00","og_image":[{"width":999,"height":999,"url":"https:\/\/beuhparadis.com\/wp-content\/uploads\/2024\/12\/The-Ten.Co-Skillati-3.0-2.webp","type":"image\/webp"}],"twitter_card":"summary_large_image","twitter_misc":{"Tiempo de lectura":"2 minutes"},"schema":{"@context":"https:\/\/schema.org","@graph":[{"@type":"WebPage","@id":"https:\/\/beuhparadis.com\/product\/the-ten-co-skillati-3-0\/","url":"https:\/\/beuhparadis.com\/product\/the-ten-co-skillati-3-0\/","name":"Comprar Skillati 3.0 Tenco Online | Variedad exclusiva de cannabis","isPartOf":{"@id":"https:\/\/beuhparadis.com\/#website"},"primaryImageOfPage":{"@id":"https:\/\/beuhparadis.com\/product\/the-ten-co-skillati-3-0\/#primaryimage"},"image":{"@id":"https:\/\/beuhparadis.com\/product\/the-ten-co-skillati-3-0\/#primaryimage"},"thumbnailUrl":"https:\/\/beuhparadis.com\/wp-content\/uploads\/2024\/12\/The-Ten.Co-Skillati-3.0-2.webp","datePublished":"2024-12-10T23:44:47+00:00","dateModified":"2025-01-28T10:36:45+00:00","description":"Compra Skillati 3.0 de Tenco, una variedad de cannabis exclusiva con ricos sabores y efectos equilibrados. Compra con entrega r\u00e1pida y discreta.","breadcrumb":{"@id":"https:\/\/beuhparadis.com\/product\/the-ten-co-skillati-3-0\/#breadcrumb"},"inLanguage":"es-ES","potentialAction":[{"@type":"ReadAction","target":["https:\/\/beuhparadis.com\/product\/the-ten-co-skillati-3-0\/"]}]},{"@type":"ImageObject","inLanguage":"es-ES","@id":"https:\/\/beuhparadis.com\/product\/the-ten-co-skillati-3-0\/#primaryimage","url":"https:\/\/beuhparadis.com\/wp-content\/uploads\/2024\/12\/The-Ten.Co-Skillati-3.0-2.webp","contentUrl":"https:\/\/beuhparadis.com\/wp-content\/uploads\/2024\/12\/The-Ten.Co-Skillati-3.0-2.webp","width":999,"height":999},{"@type":"BreadcrumbList","@id":"https:\/\/beuhparadis.com\/product\/the-ten-co-skillati-3-0\/#breadcrumb","itemListElement":[{"@type":"ListItem","position":1,"name":"Home","item":"https:\/\/beuhparadis.com\/"},{"@type":"ListItem","position":2,"name":"Shop","item":"https:\/\/beuhparadis.com\/shop\/"},{"@type":"ListItem","position":3,"name":"The Ten.Co | Skillati 3.0"}]},{"@type":"WebSite","@id":"https:\/\/beuhparadis.com\/#website","url":"https:\/\/beuhparadis.com\/","name":"Beuh Paradis","description":"","potentialAction":[{"@type":"SearchAction","target":{"@type":"EntryPoint","urlTemplate":"https:\/\/beuhparadis.com\/?s={search_term_string}"},"query-input":{"@type":"PropertyValueSpecification","valueRequired":true,"valueName":"search_term_string"}}],"inLanguage":"es-ES"}]}},"_links":{"self":[{"href":"https:\/\/beuhparadis.com\/es\/wp-json\/wp\/v2\/product\/1739","targetHints":{"allow":["GET"]}}],"collection":[{"href":"https:\/\/beuhparadis.com\/es\/wp-json\/wp\/v2\/product"}],"about":[{"href":"https:\/\/beuhparadis.com\/es\/wp-json\/wp\/v2\/types\/product"}],"replies":[{"embeddable":true,"href":"https:\/\/beuhparadis.com\/es\/wp-json\/wp\/v2\/comments?post=1739"}],"wp:featuredmedia":[{"embeddable":true,"href":"https:\/\/beuhparadis.com\/es\/wp-json\/wp\/v2\/media\/1766"}],"wp:attachment":[{"href":"https:\/\/beuhparadis.com\/es\/wp-json\/wp\/v2\/media?parent=1739"}],"wp:term":[{"taxonomy":"product_brand","embeddable":true,"href":"https:\/\/beuhparadis.com\/es\/wp-json\/wp\/v2\/product_brand?post=1739"},{"taxonomy":"product_cat","embeddable":true,"href":"https:\/\/beuhparadis.com\/es\/wp-json\/wp\/v2\/product_cat?post=1739"},{"taxonomy":"product_tag","embeddable":true,"href":"https:\/\/beuhparadis.com\/es\/wp-json\/wp\/v2\/product_tag?post=1739"}],"curies":[{"name":"wp","href":"https:\/\/api.w.org\/{rel}","templated":true}]}}