{"id":1692,"date":"2024-12-10T23:43:59","date_gmt":"2024-12-10T23:43:59","guid":{"rendered":"https:\/\/beuhparadis.com\/?post_type=product&#038;p=1692"},"modified":"2025-01-28T10:39:51","modified_gmt":"2025-01-28T10:39:51","slug":"the-ten-co-wagyu","status":"publish","type":"product","link":"https:\/\/beuhparadis.com\/es\/product\/the-ten-co-wagyu\/","title":{"rendered":"The Ten.Co | Wagyu"},"content":{"rendered":"<h1 class=\"wp-block-heading\">Comprar Tenco Wagyu<\/h1>\n<h4 class=\"wp-block-heading\">Informaci\u00f3n sobre la cepa Tenco Wagyu<\/h4>\n<p>Comprar Tenco Wagyu es una variedad h\u00edbrida equilibrada famosa por su perfecto equilibrio de 50% sativa y 50% indica. Cuidadosamente cultivada, la cepa Tenco Wagyu proviene de un cruce gen\u00e9tico entre cepas parentales a\u00fan desconocidas, evocando el rico sabor y la potencia de los famosos h\u00edbridos de Gelato 41.<\/p>\n<ul class=\"wp-block-list\">\n<li><strong>Gen\u00e9tica<\/strong>Cruce entre variedades parentales desconocidas, t\u00edpico de la cepa wagyu tenco.<\/li>\n<li><strong>Proporci\u00f3n sativa\/indica<\/strong>50\/50, una caracter\u00edstica equilibrada de la cepa wagyu tenco.<\/li>\n<li><strong>THC<\/strong>19%, haciendo del tenco wagyu una elecci\u00f3n ideal para usuarios experimentados que buscan efectos fuertes.<\/li>\n<li><strong>Producci\u00f3n<\/strong>Wagyu: El Wagyu se cr\u00eda en condiciones \u00f3ptimas para garantizar la mejor calidad y resistencia.<\/li>\n<\/ul>\n<h2 class=\"wp-block-heading\">THC y CBD<\/h2>\n<ul class=\"wp-block-list\">\n<li><strong>THC<\/strong>19% en el tenco wagyu, garantizando una experiencia fuerte y satisfactoria.<\/li>\n<li><strong>CBD<\/strong>Bajo, destacando los efectos psicoactivos de la cepa wagyu tenco.<\/li>\n<\/ul>\n<h2 class=\"wp-block-heading\">\u00bfD\u00f3nde puedo comprar Tenco Wagyu en Internet?<\/h2>\n<p>El tenco wagyu est\u00e1 disponible en l\u00ednea en sitios como<a href=\"https:\/\/beuhparadis.com\/es\/product\/bubble-hash\/\" data-type=\"link\" data-id=\"https:\/\/acheterducannabis.fr\/\">Beuhparadis<\/a>Puede obtener esta cepa de primera calidad a un precio competitivo.<\/p>\n<h2 class=\"wp-block-heading\">Efectos, aroma y sabor de la cepa Wagyu Tenco<\/h2>\n<h3 class=\"wp-block-heading\">Efecto<\/h3>\n<ul class=\"wp-block-list\">\n<li>El tenco wagyu ofrece sensaciones de hormigueo, somnolencia y relajaci\u00f3n, lo que sugiere un fuerte potencial sedante.<\/li>\n<\/ul>\n<h3 class=\"wp-block-heading\">Aroma<\/h3>\n<ul class=\"wp-block-list\">\n<li>La cepa wagyu tenco tiene un aroma de albaricoque y casta\u00f1a, con un marcado toque de caf\u00e9.<\/li>\n<\/ul>\n<h3 class=\"wp-block-heading\">Pruebe<\/h3>\n<ul class=\"wp-block-list\">\n<li>El rico sabor del tenco de cepa wagyu con toques de albaricoque, casta\u00f1a y caf\u00e9.<\/li>\n<\/ul>\n<h2 class=\"wp-block-heading\">Efectos m\u00e9dicos de Wagyu Tenco<\/h2>\n<ul class=\"wp-block-list\">\n<li><strong>Efectos m\u00e9dicos<\/strong>:\n<ul class=\"wp-block-list\">\n<li>La cepa Wagyu tenco es conocida por su potencial en el tratamiento de la ansiedad, la depresi\u00f3n y el trastorno bipolar.<\/li>\n<\/ul>\n<\/li>\n<li><strong>Puede aliviar<\/strong>:\n<ul class=\"wp-block-list\">\n<li>Ansiedad, depresi\u00f3n y trastorno bipolar, mencionados a menudo por los usuarios del tenco wagyu.<\/li>\n<\/ul>\n<\/li>\n<\/ul>\n<h2 class=\"wp-block-heading\">\u00bfPor qu\u00e9 comprar Wagyu Tenco en Acheterducannabis?<\/h2>\n<p>Comprar el tenco wagyu en Acheterducannabis asegura a los consumidores una variedad aut\u00e9ntica, de calidad controlada y a un precio competitivo.<\/p>\n<h2 class=\"wp-block-heading\">Legislaci\u00f3n gubernamental para la venta de la cepa Wagyu Tenco en Europa<\/h2>\n<p>La venta de la variedad tenco wagyu en Europa est\u00e1 estrictamente regulada. Acheterducannabis se compromete a cumplir todas las leyes para garantizar la venta segura y legal de la tenco wagyu.<\/p>\n<p>Tenco Wagyu es una variedad que promete una experiencia de consumo excepcional con un nivel de THC de 19%, lo que garantiza potencia y satisfacci\u00f3n. La cepa tenco wagyu con sus sabores profundos y efectos relajantes es ideal para un relajante final del d\u00eda o un relajante fin de semana. Disponible en Acheterducannabis, la tenco <a href=\"https:\/\/www.leafly.com\/strains\/wagyu\" data-type=\"link\" data-id=\"https:\/\/www.leafly.com\/strains\/wagyu\">wagyu<\/a> se ha convertido r\u00e1pidamente en una cepa popular entre los entendidos y aquellos que buscan experimentar con variedades \u00fanicas y potentes.<\/p>","protected":false},"excerpt":{"rendered":"<p><strong>Efectos m\u00e9dicos<\/strong>:<\/p>\n<p>La cepa Wagyu tenco es conocida por su potencial en el tratamiento de la ansiedad, la depresi\u00f3n y el trastorno bipolar.<\/p>","protected":false},"featured_media":1719,"comment_status":"closed","ping_status":"closed","template":"","meta":{"site-sidebar-layout":"default","site-content-layout":"","ast-site-content-layout":"default","site-content-style":"default","site-sidebar-style":"default","ast-global-header-display":"","ast-banner-title-visibility":"","ast-main-header-display":"","ast-hfb-above-header-display":"","ast-hfb-below-header-display":"","ast-hfb-mobile-header-display":"","site-post-title":"","ast-breadcrumbs-content":"","ast-featured-img":"","footer-sml-layout":"","theme-transparent-header-meta":"default","adv-header-id-meta":"","stick-header-meta":"","header-above-stick-meta":"","header-main-stick-meta":"","header-below-stick-meta":"","astra-migrate-meta-layouts":"set","ast-page-background-enabled":"default","ast-page-background-meta":{"desktop":{"background-color":"","background-image":"","background-repeat":"repeat","background-position":"center center","background-size":"auto","background-attachment":"scroll","background-type":"","background-media":"","overlay-type":"","overlay-color":"","overlay-opacity":"","overlay-gradient":""},"tablet":{"background-color":"","background-image":"","background-repeat":"repeat","background-position":"center center","background-size":"auto","background-attachment":"scroll","background-type":"","background-media":"","overlay-type":"","overlay-color":"","overlay-opacity":"","overlay-gradient":""},"mobile":{"background-color":"","background-image":"","background-repeat":"repeat","background-position":"center center","background-size":"auto","background-attachment":"scroll","background-type":"","background-media":"","overlay-type":"","overlay-color":"","overlay-opacity":"","overlay-gradient":""}},"ast-content-background-meta":{"desktop":{"background-color":"var(--ast-global-color-5)","background-image":"","background-repeat":"repeat","background-position":"center center","background-size":"auto","background-attachment":"scroll","background-type":"","background-media":"","overlay-type":"","overlay-color":"","overlay-opacity":"","overlay-gradient":""},"tablet":{"background-color":"var(--ast-global-color-5)","background-image":"","background-repeat":"repeat","background-position":"center center","background-size":"auto","background-attachment":"scroll","background-type":"","background-media":"","overlay-type":"","overlay-color":"","overlay-opacity":"","overlay-gradient":""},"mobile":{"background-color":"var(--ast-global-color-5)","background-image":"","background-repeat":"repeat","background-position":"center center","background-size":"auto","background-attachment":"scroll","background-type":"","background-media":"","overlay-type":"","overlay-color":"","overlay-opacity":"","overlay-gradient":""}},"_joinchat":[]},"product_brand":[],"product_cat":[41,42],"product_tag":[],"class_list":{"0":"post-1692","1":"product","2":"type-product","3":"status-publish","4":"has-post-thumbnail","6":"product_cat-cali-weed","7":"product_cat-the-ten-co-weed","8":"desktop-align-left","9":"tablet-align-left","10":"mobile-align-left","12":"first","13":"instock","14":"shipping-taxable","15":"purchasable","16":"product-type-variable"},"yoast_head":"<!-- This site is optimized with the Yoast SEO Premium plugin v24.1 (Yoast SEO v26.8) - https:\/\/yoast.com\/product\/yoast-seo-premium-wordpress\/ -->\n<title>Acheter Tenco Wagyu en Ligne | Vari\u00e9t\u00e9 de Cannabis Premium<\/title>\n<meta name=\"description\" content=\"D\u00e9couvrez le Tenco Wagyu, une vari\u00e9t\u00e9 de cannabis premium aux ar\u00f4mes uniques et aux effets puissants. Achetez en ligne avec livraison discr\u00e8te et rapide.\" \/>\n<meta name=\"robots\" content=\"index, follow, max-snippet:-1, max-image-preview:large, max-video-preview:-1\" \/>\n<link rel=\"canonical\" href=\"https:\/\/beuhparadis.com\/es\/product\/the-ten-co-wagyu\/\" \/>\n<meta property=\"og:locale\" content=\"es_ES\" \/>\n<meta property=\"og:type\" content=\"article\" \/>\n<meta property=\"og:title\" content=\"The Ten.Co | Wagyu\" \/>\n<meta property=\"og:description\" content=\"D\u00e9couvrez le Tenco Wagyu, une vari\u00e9t\u00e9 de cannabis premium aux ar\u00f4mes uniques et aux effets puissants. Achetez en ligne avec livraison discr\u00e8te et rapide.\" \/>\n<meta property=\"og:url\" content=\"https:\/\/beuhparadis.com\/es\/product\/the-ten-co-wagyu\/\" \/>\n<meta property=\"og:site_name\" content=\"Beuh Paradis\" \/>\n<meta property=\"article:modified_time\" content=\"2025-01-28T10:39:51+00:00\" \/>\n<meta property=\"og:image\" content=\"https:\/\/beuhparadis.com\/wp-content\/uploads\/2024\/12\/The-Ten.Co-Wagyu-2.webp\" \/>\n\t<meta property=\"og:image:width\" content=\"1600\" \/>\n\t<meta property=\"og:image:height\" content=\"1600\" \/>\n\t<meta property=\"og:image:type\" content=\"image\/webp\" \/>\n<meta name=\"twitter:card\" content=\"summary_large_image\" \/>\n<meta name=\"twitter:label1\" content=\"Tiempo de lectura\" \/>\n\t<meta name=\"twitter:data1\" content=\"3 minutes\" \/>\n<script type=\"application\/ld+json\" class=\"yoast-schema-graph\">{\"@context\":\"https:\/\/schema.org\",\"@graph\":[{\"@type\":\"WebPage\",\"@id\":\"https:\/\/beuhparadis.com\/product\/the-ten-co-wagyu\/\",\"url\":\"https:\/\/beuhparadis.com\/product\/the-ten-co-wagyu\/\",\"name\":\"Acheter Tenco Wagyu en Ligne | Vari\u00e9t\u00e9 de Cannabis Premium\",\"isPartOf\":{\"@id\":\"https:\/\/beuhparadis.com\/#website\"},\"primaryImageOfPage\":{\"@id\":\"https:\/\/beuhparadis.com\/product\/the-ten-co-wagyu\/#primaryimage\"},\"image\":{\"@id\":\"https:\/\/beuhparadis.com\/product\/the-ten-co-wagyu\/#primaryimage\"},\"thumbnailUrl\":\"https:\/\/beuhparadis.com\/wp-content\/uploads\/2024\/12\/The-Ten.Co-Wagyu-2.webp\",\"datePublished\":\"2024-12-10T23:43:59+00:00\",\"dateModified\":\"2025-01-28T10:39:51+00:00\",\"description\":\"D\u00e9couvrez le Tenco Wagyu, une vari\u00e9t\u00e9 de cannabis premium aux ar\u00f4mes uniques et aux effets puissants. Achetez en ligne avec livraison discr\u00e8te et rapide.\",\"breadcrumb\":{\"@id\":\"https:\/\/beuhparadis.com\/product\/the-ten-co-wagyu\/#breadcrumb\"},\"inLanguage\":\"es-ES\",\"potentialAction\":[{\"@type\":\"ReadAction\",\"target\":[\"https:\/\/beuhparadis.com\/product\/the-ten-co-wagyu\/\"]}]},{\"@type\":\"ImageObject\",\"inLanguage\":\"es-ES\",\"@id\":\"https:\/\/beuhparadis.com\/product\/the-ten-co-wagyu\/#primaryimage\",\"url\":\"https:\/\/beuhparadis.com\/wp-content\/uploads\/2024\/12\/The-Ten.Co-Wagyu-2.webp\",\"contentUrl\":\"https:\/\/beuhparadis.com\/wp-content\/uploads\/2024\/12\/The-Ten.Co-Wagyu-2.webp\",\"width\":1600,\"height\":1600},{\"@type\":\"BreadcrumbList\",\"@id\":\"https:\/\/beuhparadis.com\/product\/the-ten-co-wagyu\/#breadcrumb\",\"itemListElement\":[{\"@type\":\"ListItem\",\"position\":1,\"name\":\"Home\",\"item\":\"https:\/\/beuhparadis.com\/\"},{\"@type\":\"ListItem\",\"position\":2,\"name\":\"Shop\",\"item\":\"https:\/\/beuhparadis.com\/shop\/\"},{\"@type\":\"ListItem\",\"position\":3,\"name\":\"The Ten.Co | Wagyu\"}]},{\"@type\":\"WebSite\",\"@id\":\"https:\/\/beuhparadis.com\/#website\",\"url\":\"https:\/\/beuhparadis.com\/\",\"name\":\"Beuh Paradis\",\"description\":\"\",\"potentialAction\":[{\"@type\":\"SearchAction\",\"target\":{\"@type\":\"EntryPoint\",\"urlTemplate\":\"https:\/\/beuhparadis.com\/?s={search_term_string}\"},\"query-input\":{\"@type\":\"PropertyValueSpecification\",\"valueRequired\":true,\"valueName\":\"search_term_string\"}}],\"inLanguage\":\"es-ES\"}]}<\/script>\n<!-- \/ Yoast SEO Premium plugin. -->","yoast_head_json":{"title":"Comprar Tenco Wagyu Online | Variedad Premium de Cannabis","description":"Descubre Tenco Wagyu, una variedad de cannabis de primera calidad con aromas \u00fanicos y efectos potentes. Compra online con entrega r\u00e1pida y discreta.","robots":{"index":"index","follow":"follow","max-snippet":"max-snippet:-1","max-image-preview":"max-image-preview:large","max-video-preview":"max-video-preview:-1"},"canonical":"https:\/\/beuhparadis.com\/es\/product\/the-ten-co-wagyu\/","og_locale":"es_ES","og_type":"article","og_title":"The Ten.Co | Wagyu","og_description":"D\u00e9couvrez le Tenco Wagyu, une vari\u00e9t\u00e9 de cannabis premium aux ar\u00f4mes uniques et aux effets puissants. Achetez en ligne avec livraison discr\u00e8te et rapide.","og_url":"https:\/\/beuhparadis.com\/es\/product\/the-ten-co-wagyu\/","og_site_name":"Beuh Paradis","article_modified_time":"2025-01-28T10:39:51+00:00","og_image":[{"width":1600,"height":1600,"url":"https:\/\/beuhparadis.com\/wp-content\/uploads\/2024\/12\/The-Ten.Co-Wagyu-2.webp","type":"image\/webp"}],"twitter_card":"summary_large_image","twitter_misc":{"Tiempo de lectura":"3 minutes"},"schema":{"@context":"https:\/\/schema.org","@graph":[{"@type":"WebPage","@id":"https:\/\/beuhparadis.com\/product\/the-ten-co-wagyu\/","url":"https:\/\/beuhparadis.com\/product\/the-ten-co-wagyu\/","name":"Comprar Tenco Wagyu Online | Variedad Premium de Cannabis","isPartOf":{"@id":"https:\/\/beuhparadis.com\/#website"},"primaryImageOfPage":{"@id":"https:\/\/beuhparadis.com\/product\/the-ten-co-wagyu\/#primaryimage"},"image":{"@id":"https:\/\/beuhparadis.com\/product\/the-ten-co-wagyu\/#primaryimage"},"thumbnailUrl":"https:\/\/beuhparadis.com\/wp-content\/uploads\/2024\/12\/The-Ten.Co-Wagyu-2.webp","datePublished":"2024-12-10T23:43:59+00:00","dateModified":"2025-01-28T10:39:51+00:00","description":"Descubre Tenco Wagyu, una variedad de cannabis de primera calidad con aromas \u00fanicos y efectos potentes. Compra online con entrega r\u00e1pida y discreta.","breadcrumb":{"@id":"https:\/\/beuhparadis.com\/product\/the-ten-co-wagyu\/#breadcrumb"},"inLanguage":"es-ES","potentialAction":[{"@type":"ReadAction","target":["https:\/\/beuhparadis.com\/product\/the-ten-co-wagyu\/"]}]},{"@type":"ImageObject","inLanguage":"es-ES","@id":"https:\/\/beuhparadis.com\/product\/the-ten-co-wagyu\/#primaryimage","url":"https:\/\/beuhparadis.com\/wp-content\/uploads\/2024\/12\/The-Ten.Co-Wagyu-2.webp","contentUrl":"https:\/\/beuhparadis.com\/wp-content\/uploads\/2024\/12\/The-Ten.Co-Wagyu-2.webp","width":1600,"height":1600},{"@type":"BreadcrumbList","@id":"https:\/\/beuhparadis.com\/product\/the-ten-co-wagyu\/#breadcrumb","itemListElement":[{"@type":"ListItem","position":1,"name":"Home","item":"https:\/\/beuhparadis.com\/"},{"@type":"ListItem","position":2,"name":"Shop","item":"https:\/\/beuhparadis.com\/shop\/"},{"@type":"ListItem","position":3,"name":"The Ten.Co | Wagyu"}]},{"@type":"WebSite","@id":"https:\/\/beuhparadis.com\/#website","url":"https:\/\/beuhparadis.com\/","name":"Beuh Paradis","description":"","potentialAction":[{"@type":"SearchAction","target":{"@type":"EntryPoint","urlTemplate":"https:\/\/beuhparadis.com\/?s={search_term_string}"},"query-input":{"@type":"PropertyValueSpecification","valueRequired":true,"valueName":"search_term_string"}}],"inLanguage":"es-ES"}]}},"_links":{"self":[{"href":"https:\/\/beuhparadis.com\/es\/wp-json\/wp\/v2\/product\/1692","targetHints":{"allow":["GET"]}}],"collection":[{"href":"https:\/\/beuhparadis.com\/es\/wp-json\/wp\/v2\/product"}],"about":[{"href":"https:\/\/beuhparadis.com\/es\/wp-json\/wp\/v2\/types\/product"}],"replies":[{"embeddable":true,"href":"https:\/\/beuhparadis.com\/es\/wp-json\/wp\/v2\/comments?post=1692"}],"wp:featuredmedia":[{"embeddable":true,"href":"https:\/\/beuhparadis.com\/es\/wp-json\/wp\/v2\/media\/1719"}],"wp:attachment":[{"href":"https:\/\/beuhparadis.com\/es\/wp-json\/wp\/v2\/media?parent=1692"}],"wp:term":[{"taxonomy":"product_brand","embeddable":true,"href":"https:\/\/beuhparadis.com\/es\/wp-json\/wp\/v2\/product_brand?post=1692"},{"taxonomy":"product_cat","embeddable":true,"href":"https:\/\/beuhparadis.com\/es\/wp-json\/wp\/v2\/product_cat?post=1692"},{"taxonomy":"product_tag","embeddable":true,"href":"https:\/\/beuhparadis.com\/es\/wp-json\/wp\/v2\/product_tag?post=1692"}],"curies":[{"name":"wp","href":"https:\/\/api.w.org\/{rel}","templated":true}]}}