{"id":1687,"date":"2024-12-10T23:43:59","date_gmt":"2024-12-10T23:43:59","guid":{"rendered":"https:\/\/beuhparadis.com\/?post_type=product&#038;p=1687"},"modified":"2025-01-28T10:42:14","modified_gmt":"2025-01-28T10:42:14","slug":"the-ten-co-wazabi","status":"publish","type":"product","link":"https:\/\/beuhparadis.com\/es\/product\/the-ten-co-wazabi\/","title":{"rendered":"The Ten.Co | Wazabi"},"content":{"rendered":"<h1 class=\"wp-block-heading\">Comprar Tenco Wazabi<\/h1>\n<p>Compra Tenco Wazabi, una cepa premium de The Ten Co, resultado de una inteligente combinaci\u00f3n gen\u00e9tica de Zkittlez y Kush Mints #10. Esta cepa, tambi\u00e9n conocida como cepa Wazabi Tenco, se caracteriza por sus densos e intensos cogollos verdes. La variedad Wazabi Tenco se cultiva prestando especial atenci\u00f3n a la calidad y la autenticidad, lo que garantiza un producto final excepcional.<\/p>\n<h4 class=\"wp-block-heading\">Informaci\u00f3n sobre la cepa Tenco Wazabi<\/h4>\n<ul class=\"wp-block-list\">\n<li><strong>Gen\u00e9tica<\/strong>Cruce entre Zkittlez y Kush Mints #10, creando la variedad \u00fanica Wazabi Tenco.<\/li>\n<li><strong>Apariencia<\/strong>Cogollos medianos, muy densos, de color verde intenso, la firma de Wazabi Tenco.<\/li>\n<li><strong>Aroma<\/strong>Un complejo bouquet de algas y mantequilla de hierbas, t\u00edpico de la cepa Wazabi Tenco.<\/li>\n<li><strong>Producci\u00f3n<\/strong>Wazabi Tenco es el resultado de una cultura meticulosa, reflejo del compromiso de The Ten Co con la calidad.<\/li>\n<\/ul>\n<h2 class=\"wp-block-heading\">THC y CBD en la variedad Wazabi Tenco<\/h2>\n<ul class=\"wp-block-list\">\n<li><strong>THC<\/strong>La variedad Wazabi Tenco tiene un alto contenido en THC, lo que garantiza unos efectos potentes y duraderos.<\/li>\n<li><strong>CBD<\/strong>Bajo, acentuando las propiedades psicoactivas de Wazabi Tenco.<\/li>\n<\/ul>\n<h2 class=\"wp-block-heading\">\u00bfD\u00f3nde puedo comprar Tenco Wazabi en l\u00ednea?<\/h2>\n<p>Tenco Wazabi se puede comprar en plataformas en l\u00ednea de confianza, como <a href=\"https:\/\/beuhparadis.com\/es\/product\/afghan-hash\/\" data-type=\"link\" data-id=\"https:\/\/acheterducannabis.fr\/\">Beuhparadis<\/a>donde se garantiza la calidad de la cepa Wazabi Tenco.<\/p>\n<h2 class=\"wp-block-heading\">Efectos, aroma y sabor de Tenco Wazabi<\/h2>\n<h3 class=\"wp-block-heading\">Efecto<\/h3>\n<ul class=\"wp-block-list\">\n<li>La variedad Wazabi Tenco ofrece efectos pronunciados, ideales para una relajaci\u00f3n profunda y una experiencia cerebral intensa.<\/li>\n<\/ul>\n<h3 class=\"wp-block-heading\">Aroma<\/h3>\n<ul class=\"wp-block-list\">\n<li>Wazabi Tenco tiene un aroma terroso y especiado, con toques marinos y un fondo de crema de mantequilla, caracter\u00edstico de esta cepa.<\/li>\n<\/ul>\n<h3 class=\"wp-block-heading\">Pruebe<\/h3>\n<ul class=\"wp-block-list\">\n<li>El perfil de sabor de Wazabi Tenco es audaz, con notas de enebro y un final de bicarbonato de sodio, ofreciendo una experiencia de sabor inolvidable.<\/li>\n<\/ul>\n<h2 class=\"wp-block-heading\">Efectos m\u00e9dicos de la cepa Wazabi Tenco<\/h2>\n<ul class=\"wp-block-list\">\n<li><strong>Efectos m\u00e9dicos<\/strong>:\n<ul class=\"wp-block-list\">\n<li>Potentes efectos sedantes, t\u00edpicos de la variedad Wazabi Tenco.<\/li>\n<li>Relajaci\u00f3n muscular y alivio del dolor.<\/li>\n<\/ul>\n<\/li>\n<li><strong>Puede aliviar<\/strong>:\n<ul class=\"wp-block-list\">\n<li>Los s\u00edntomas del estr\u00e9s y la ansiedad, gracias a Wazabi Tenco.<\/li>\n<li>El dolor cr\u00f3nico y la inflamaci\u00f3n, virtudes de la cepa Wazabi Tenco.<\/li>\n<\/ul>\n<\/li>\n<\/ul>\n<h2 class=\"wp-block-heading\">\u00bfPor qu\u00e9 comprar Tenco Wazabi en Acheterducannabis?<\/h2>\n<p>Comprando Tenco Wazabi en Acheterducannabis, obtendr\u00e1s la aut\u00e9ntica variedad Tenco Wazabi con la garant\u00eda de una compra segura y un producto de calidad.<\/p>\n<h2 class=\"wp-block-heading\">Legislaci\u00f3n gubernamental para la venta de Tenco Wazabi en Europa<\/h2>\n<p>La comercializaci\u00f3n de la variedad Tenco Wazabi sigue una normativa estricta en Europa. Acheterducannabis cumple con todas las leyes que rigen la venta de Tenco Wazabi, garantizando el pleno cumplimiento de los requisitos legales.<\/p>\n<p>Wazabi Tenco de The Ten Co no es s\u00f3lo una variedad con potentes efectos y un aroma hechizante; tambi\u00e9n representa la excelencia en hibridaci\u00f3n, con un linaje gen\u00e9tico exclusivo, que hace que la <a href=\"https:\/\/zerofux.org\/wazabi-by-zushi-and-the-ten-co\/\" data-type=\"link\" data-id=\"https:\/\/zerofux.org\/wazabi-by-zushi-and-the-ten-co\/\">Wazabi Tenco<\/a> una cepa de primera elecci\u00f3n para los amantes del cannabis de calidad.<\/p>","protected":false},"excerpt":{"rendered":"<p><strong>Efectos m\u00e9dicos<\/strong>:<\/p>\n<ul class=\"wp-block-list\">\n<li>Potentes efectos sedantes, t\u00edpicos de la variedad Wazabi Tenco.<\/li>\n<li>Relajaci\u00f3n muscular y alivio del dolor.<\/li>\n<\/ul>","protected":false},"featured_media":1702,"comment_status":"closed","ping_status":"closed","template":"","meta":{"site-sidebar-layout":"default","site-content-layout":"","ast-site-content-layout":"default","site-content-style":"default","site-sidebar-style":"default","ast-global-header-display":"","ast-banner-title-visibility":"","ast-main-header-display":"","ast-hfb-above-header-display":"","ast-hfb-below-header-display":"","ast-hfb-mobile-header-display":"","site-post-title":"","ast-breadcrumbs-content":"","ast-featured-img":"","footer-sml-layout":"","theme-transparent-header-meta":"default","adv-header-id-meta":"","stick-header-meta":"","header-above-stick-meta":"","header-main-stick-meta":"","header-below-stick-meta":"","astra-migrate-meta-layouts":"set","ast-page-background-enabled":"default","ast-page-background-meta":{"desktop":{"background-color":"","background-image":"","background-repeat":"repeat","background-position":"center center","background-size":"auto","background-attachment":"scroll","background-type":"","background-media":"","overlay-type":"","overlay-color":"","overlay-opacity":"","overlay-gradient":""},"tablet":{"background-color":"","background-image":"","background-repeat":"repeat","background-position":"center center","background-size":"auto","background-attachment":"scroll","background-type":"","background-media":"","overlay-type":"","overlay-color":"","overlay-opacity":"","overlay-gradient":""},"mobile":{"background-color":"","background-image":"","background-repeat":"repeat","background-position":"center center","background-size":"auto","background-attachment":"scroll","background-type":"","background-media":"","overlay-type":"","overlay-color":"","overlay-opacity":"","overlay-gradient":""}},"ast-content-background-meta":{"desktop":{"background-color":"var(--ast-global-color-5)","background-image":"","background-repeat":"repeat","background-position":"center center","background-size":"auto","background-attachment":"scroll","background-type":"","background-media":"","overlay-type":"","overlay-color":"","overlay-opacity":"","overlay-gradient":""},"tablet":{"background-color":"var(--ast-global-color-5)","background-image":"","background-repeat":"repeat","background-position":"center center","background-size":"auto","background-attachment":"scroll","background-type":"","background-media":"","overlay-type":"","overlay-color":"","overlay-opacity":"","overlay-gradient":""},"mobile":{"background-color":"var(--ast-global-color-5)","background-image":"","background-repeat":"repeat","background-position":"center center","background-size":"auto","background-attachment":"scroll","background-type":"","background-media":"","overlay-type":"","overlay-color":"","overlay-opacity":"","overlay-gradient":""}},"_joinchat":[]},"product_brand":[],"product_cat":[41,42],"product_tag":[],"class_list":{"0":"post-1687","1":"product","2":"type-product","3":"status-publish","4":"has-post-thumbnail","6":"product_cat-cali-weed","7":"product_cat-the-ten-co-weed","8":"desktop-align-left","9":"tablet-align-left","10":"mobile-align-left","12":"first","13":"instock","14":"shipping-taxable","15":"purchasable","16":"product-type-variable"},"yoast_head":"<!-- This site is optimized with the Yoast SEO Premium plugin v24.1 (Yoast SEO v26.8) - https:\/\/yoast.com\/product\/yoast-seo-premium-wordpress\/ -->\n<title>Acheter Tenco Wazabi en Ligne | Vari\u00e9t\u00e9 de Cannabis Exclusif<\/title>\n<meta name=\"description\" content=\"Acheter Tenco Wazabi, une vari\u00e9t\u00e9 de cannabis exclusif aux ar\u00f4mes raffin\u00e9s et aux effets \u00e9quilibr\u00e9s. Achetez en ligne avec livraison discr\u00e8te et rapide.\" \/>\n<meta name=\"robots\" content=\"index, follow, max-snippet:-1, max-image-preview:large, max-video-preview:-1\" \/>\n<link rel=\"canonical\" href=\"https:\/\/beuhparadis.com\/es\/product\/the-ten-co-wazabi\/\" \/>\n<meta property=\"og:locale\" content=\"es_ES\" \/>\n<meta property=\"og:type\" content=\"article\" \/>\n<meta property=\"og:title\" content=\"The Ten.Co | Wazabi\" \/>\n<meta property=\"og:description\" content=\"Acheter Tenco Wazabi, une vari\u00e9t\u00e9 de cannabis exclusif aux ar\u00f4mes raffin\u00e9s et aux effets \u00e9quilibr\u00e9s. Achetez en ligne avec livraison discr\u00e8te et rapide.\" \/>\n<meta property=\"og:url\" content=\"https:\/\/beuhparadis.com\/es\/product\/the-ten-co-wazabi\/\" \/>\n<meta property=\"og:site_name\" content=\"Beuh Paradis\" \/>\n<meta property=\"article:modified_time\" content=\"2025-01-28T10:42:14+00:00\" \/>\n<meta property=\"og:image\" content=\"https:\/\/beuhparadis.com\/wp-content\/uploads\/2024\/12\/The-Ten.Co-Wazabi-2.webp\" \/>\n\t<meta property=\"og:image:width\" content=\"1895\" \/>\n\t<meta property=\"og:image:height\" content=\"2048\" \/>\n\t<meta property=\"og:image:type\" content=\"image\/webp\" \/>\n<meta name=\"twitter:card\" content=\"summary_large_image\" \/>\n<meta name=\"twitter:label1\" content=\"Tiempo de lectura\" \/>\n\t<meta name=\"twitter:data1\" content=\"3 minutes\" \/>\n<script type=\"application\/ld+json\" class=\"yoast-schema-graph\">{\"@context\":\"https:\/\/schema.org\",\"@graph\":[{\"@type\":\"WebPage\",\"@id\":\"https:\/\/beuhparadis.com\/product\/the-ten-co-wazabi\/\",\"url\":\"https:\/\/beuhparadis.com\/product\/the-ten-co-wazabi\/\",\"name\":\"Acheter Tenco Wazabi en Ligne | Vari\u00e9t\u00e9 de Cannabis Exclusif\",\"isPartOf\":{\"@id\":\"https:\/\/beuhparadis.com\/#website\"},\"primaryImageOfPage\":{\"@id\":\"https:\/\/beuhparadis.com\/product\/the-ten-co-wazabi\/#primaryimage\"},\"image\":{\"@id\":\"https:\/\/beuhparadis.com\/product\/the-ten-co-wazabi\/#primaryimage\"},\"thumbnailUrl\":\"https:\/\/beuhparadis.com\/wp-content\/uploads\/2024\/12\/The-Ten.Co-Wazabi-2.webp\",\"datePublished\":\"2024-12-10T23:43:59+00:00\",\"dateModified\":\"2025-01-28T10:42:14+00:00\",\"description\":\"Acheter Tenco Wazabi, une vari\u00e9t\u00e9 de cannabis exclusif aux ar\u00f4mes raffin\u00e9s et aux effets \u00e9quilibr\u00e9s. Achetez en ligne avec livraison discr\u00e8te et rapide.\",\"breadcrumb\":{\"@id\":\"https:\/\/beuhparadis.com\/product\/the-ten-co-wazabi\/#breadcrumb\"},\"inLanguage\":\"es-ES\",\"potentialAction\":[{\"@type\":\"ReadAction\",\"target\":[\"https:\/\/beuhparadis.com\/product\/the-ten-co-wazabi\/\"]}]},{\"@type\":\"ImageObject\",\"inLanguage\":\"es-ES\",\"@id\":\"https:\/\/beuhparadis.com\/product\/the-ten-co-wazabi\/#primaryimage\",\"url\":\"https:\/\/beuhparadis.com\/wp-content\/uploads\/2024\/12\/The-Ten.Co-Wazabi-2.webp\",\"contentUrl\":\"https:\/\/beuhparadis.com\/wp-content\/uploads\/2024\/12\/The-Ten.Co-Wazabi-2.webp\",\"width\":1895,\"height\":2048},{\"@type\":\"BreadcrumbList\",\"@id\":\"https:\/\/beuhparadis.com\/product\/the-ten-co-wazabi\/#breadcrumb\",\"itemListElement\":[{\"@type\":\"ListItem\",\"position\":1,\"name\":\"Home\",\"item\":\"https:\/\/beuhparadis.com\/\"},{\"@type\":\"ListItem\",\"position\":2,\"name\":\"Shop\",\"item\":\"https:\/\/beuhparadis.com\/shop\/\"},{\"@type\":\"ListItem\",\"position\":3,\"name\":\"The Ten.Co | Wazabi\"}]},{\"@type\":\"WebSite\",\"@id\":\"https:\/\/beuhparadis.com\/#website\",\"url\":\"https:\/\/beuhparadis.com\/\",\"name\":\"Beuh Paradis\",\"description\":\"\",\"potentialAction\":[{\"@type\":\"SearchAction\",\"target\":{\"@type\":\"EntryPoint\",\"urlTemplate\":\"https:\/\/beuhparadis.com\/?s={search_term_string}\"},\"query-input\":{\"@type\":\"PropertyValueSpecification\",\"valueRequired\":true,\"valueName\":\"search_term_string\"}}],\"inLanguage\":\"es-ES\"}]}<\/script>\n<!-- \/ Yoast SEO Premium plugin. -->","yoast_head_json":{"title":"Comprar Tenco Wazabi Online | Variedad exclusiva de cannabis","description":"Comprar Tenco Wazabi, una variedad de cannabis exclusiva con aromas refinados y efectos equilibrados. Compra online con entrega r\u00e1pida y discreta.","robots":{"index":"index","follow":"follow","max-snippet":"max-snippet:-1","max-image-preview":"max-image-preview:large","max-video-preview":"max-video-preview:-1"},"canonical":"https:\/\/beuhparadis.com\/es\/product\/the-ten-co-wazabi\/","og_locale":"es_ES","og_type":"article","og_title":"The Ten.Co | Wazabi","og_description":"Acheter Tenco Wazabi, une vari\u00e9t\u00e9 de cannabis exclusif aux ar\u00f4mes raffin\u00e9s et aux effets \u00e9quilibr\u00e9s. Achetez en ligne avec livraison discr\u00e8te et rapide.","og_url":"https:\/\/beuhparadis.com\/es\/product\/the-ten-co-wazabi\/","og_site_name":"Beuh Paradis","article_modified_time":"2025-01-28T10:42:14+00:00","og_image":[{"width":1895,"height":2048,"url":"https:\/\/beuhparadis.com\/wp-content\/uploads\/2024\/12\/The-Ten.Co-Wazabi-2.webp","type":"image\/webp"}],"twitter_card":"summary_large_image","twitter_misc":{"Tiempo de lectura":"3 minutes"},"schema":{"@context":"https:\/\/schema.org","@graph":[{"@type":"WebPage","@id":"https:\/\/beuhparadis.com\/product\/the-ten-co-wazabi\/","url":"https:\/\/beuhparadis.com\/product\/the-ten-co-wazabi\/","name":"Comprar Tenco Wazabi Online | Variedad exclusiva de cannabis","isPartOf":{"@id":"https:\/\/beuhparadis.com\/#website"},"primaryImageOfPage":{"@id":"https:\/\/beuhparadis.com\/product\/the-ten-co-wazabi\/#primaryimage"},"image":{"@id":"https:\/\/beuhparadis.com\/product\/the-ten-co-wazabi\/#primaryimage"},"thumbnailUrl":"https:\/\/beuhparadis.com\/wp-content\/uploads\/2024\/12\/The-Ten.Co-Wazabi-2.webp","datePublished":"2024-12-10T23:43:59+00:00","dateModified":"2025-01-28T10:42:14+00:00","description":"Comprar Tenco Wazabi, una variedad de cannabis exclusiva con aromas refinados y efectos equilibrados. Compra online con entrega r\u00e1pida y discreta.","breadcrumb":{"@id":"https:\/\/beuhparadis.com\/product\/the-ten-co-wazabi\/#breadcrumb"},"inLanguage":"es-ES","potentialAction":[{"@type":"ReadAction","target":["https:\/\/beuhparadis.com\/product\/the-ten-co-wazabi\/"]}]},{"@type":"ImageObject","inLanguage":"es-ES","@id":"https:\/\/beuhparadis.com\/product\/the-ten-co-wazabi\/#primaryimage","url":"https:\/\/beuhparadis.com\/wp-content\/uploads\/2024\/12\/The-Ten.Co-Wazabi-2.webp","contentUrl":"https:\/\/beuhparadis.com\/wp-content\/uploads\/2024\/12\/The-Ten.Co-Wazabi-2.webp","width":1895,"height":2048},{"@type":"BreadcrumbList","@id":"https:\/\/beuhparadis.com\/product\/the-ten-co-wazabi\/#breadcrumb","itemListElement":[{"@type":"ListItem","position":1,"name":"Home","item":"https:\/\/beuhparadis.com\/"},{"@type":"ListItem","position":2,"name":"Shop","item":"https:\/\/beuhparadis.com\/shop\/"},{"@type":"ListItem","position":3,"name":"The Ten.Co | Wazabi"}]},{"@type":"WebSite","@id":"https:\/\/beuhparadis.com\/#website","url":"https:\/\/beuhparadis.com\/","name":"Beuh Paradis","description":"","potentialAction":[{"@type":"SearchAction","target":{"@type":"EntryPoint","urlTemplate":"https:\/\/beuhparadis.com\/?s={search_term_string}"},"query-input":{"@type":"PropertyValueSpecification","valueRequired":true,"valueName":"search_term_string"}}],"inLanguage":"es-ES"}]}},"_links":{"self":[{"href":"https:\/\/beuhparadis.com\/es\/wp-json\/wp\/v2\/product\/1687","targetHints":{"allow":["GET"]}}],"collection":[{"href":"https:\/\/beuhparadis.com\/es\/wp-json\/wp\/v2\/product"}],"about":[{"href":"https:\/\/beuhparadis.com\/es\/wp-json\/wp\/v2\/types\/product"}],"replies":[{"embeddable":true,"href":"https:\/\/beuhparadis.com\/es\/wp-json\/wp\/v2\/comments?post=1687"}],"wp:featuredmedia":[{"embeddable":true,"href":"https:\/\/beuhparadis.com\/es\/wp-json\/wp\/v2\/media\/1702"}],"wp:attachment":[{"href":"https:\/\/beuhparadis.com\/es\/wp-json\/wp\/v2\/media?parent=1687"}],"wp:term":[{"taxonomy":"product_brand","embeddable":true,"href":"https:\/\/beuhparadis.com\/es\/wp-json\/wp\/v2\/product_brand?post=1687"},{"taxonomy":"product_cat","embeddable":true,"href":"https:\/\/beuhparadis.com\/es\/wp-json\/wp\/v2\/product_cat?post=1687"},{"taxonomy":"product_tag","embeddable":true,"href":"https:\/\/beuhparadis.com\/es\/wp-json\/wp\/v2\/product_tag?post=1687"}],"curies":[{"name":"wp","href":"https:\/\/api.w.org\/{rel}","templated":true}]}}