{"id":1517,"date":"2024-12-10T23:41:09","date_gmt":"2024-12-10T23:41:09","guid":{"rendered":"https:\/\/beuhparadis.com\/?post_type=product&#038;p=1517"},"modified":"2025-01-28T11:16:48","modified_gmt":"2025-01-28T11:16:48","slug":"bonbons-gelifies-delta-9-thc","status":"publish","type":"product","link":"https:\/\/beuhparadis.com\/es\/product\/bonbons-gelifies-delta-9-thc\/","title":{"rendered":"Caramelos de gelatina Delta-9 THC"},"content":{"rendered":"<h1 class=\"wp-block-heading\">Caramelos de goma Delta 9 THC<\/h1>\n<p>Las gominolas Delta 9 THC de Elevate ofrecen una experiencia inolvidable para el alma, la mente y el cuerpo. Cada caramelo, cuidadosamente elaborado con potente extracto de c\u00e1\u00f1amo Delta 9 THC, promete una explosi\u00f3n de creatividad euf\u00f3rica. Ideales para quienes buscan un acercamiento medido y delicioso al THC, estas gominolas se producen sin gelatina animal, garantizando una opci\u00f3n apta para veganos.<\/p>\n<h2 class=\"wp-block-heading\">Informaci\u00f3n clave<\/h2>\n<ul class=\"wp-block-list\">\n<li><strong>Origen<\/strong>Extracto de c\u00e1\u00f1amo<\/li>\n<li><strong>Potencia<\/strong>10 mg de THC Delta 9 por caramelo<\/li>\n<li><strong>Producci\u00f3n<\/strong>Sin gelatina animal, los ingredientes incluyen jarabe de ma\u00edz, az\u00facar natural y aceite de coco.<\/li>\n<li><strong>Embalaje<\/strong>Tarros de vidrio de calidad farmac\u00e9utica para conservar la frescura y la resistencia<\/li>\n<\/ul>\n<h2 class=\"wp-block-heading\">THC y CBD<\/h2>\n<ul class=\"wp-block-list\">\n<li><strong>THC (Delta 9)<\/strong>10 mg por caramelo<\/li>\n<li><strong>CBD<\/strong>Las gominolas contienen principalmente THC, con trazas insignificantes de CBD.<\/li>\n<\/ul>\n<h2 class=\"wp-block-heading\">C\u00f3mo utilizarlos<\/h2>\n<p>Empieza con medio caramelo si eres nuevo en THC Delta 9 para evaluar tu tolerancia. La dosis puede aumentarse gradualmente.<\/p>\n<h2 class=\"wp-block-heading\">\u00bfD\u00f3nde puedo comprar caramelos de goma Delta 9 THC en l\u00ednea?<\/h2>\n<p>Estas delicias est\u00e1n disponibles en <a href=\"http:\/\/beuhparadis.com\/es\/\" data-type=\"link\" data-id=\"https:\/\/acheterducannabis.fr\/\">beuhparadis<\/a>una tienda en l\u00ednea que garantiza productos de primera calidad.<\/p>\n<h2 class=\"wp-block-heading\">Efectos, aromas y sabores<\/h2>\n<h3 class=\"wp-block-heading\">Efecto<\/h3>\n<ul class=\"wp-block-list\">\n<li>Liberaci\u00f3n mental<\/li>\n<li>Euf\u00f3rica explosi\u00f3n creativa<\/li>\n<\/ul>\n<h3 class=\"wp-block-heading\">Aroma<\/h3>\n<ul class=\"wp-block-list\">\n<li>Afrutado, capta la esencia natural de los ingredientes utilizados<\/li>\n<\/ul>\n<h3 class=\"wp-block-heading\">Pruebe<\/h3>\n<ul class=\"wp-block-list\">\n<li>Una deliciosa mezcla de sabores afrutados, con una nota dulce y \u00e1cida dominante<\/li>\n<\/ul>\n<h2 class=\"wp-block-heading\">Efectos m\u00e9dicos<\/h2>\n<h3 class=\"wp-block-heading\">Efectos m\u00e9dicos<\/h3>\n<p>Potencial terap\u00e9utico para las n\u00e1useas inducidas por la quimioterapia, los trastornos convulsivos, el dolor cr\u00f3nico, la espasticidad asociada a la esclerosis m\u00faltiple (EM) y los trastornos del sue\u00f1o asociados a otras afecciones cr\u00f3nicas.<\/p>\n<h3 class=\"wp-block-heading\">Puede aliviar<\/h3>\n<ul class=\"wp-block-list\">\n<li>N\u00e1useas y v\u00f3mitos<\/li>\n<li>Trastornos convulsivos<\/li>\n<li>Dolor cr\u00f3nico<\/li>\n<li>Espasticidad relacionada con la EM<\/li>\n<li>Trastornos del sue\u00f1o<\/li>\n<\/ul>\n<h2 class=\"wp-block-heading\">\u00bfPor qu\u00e9 comprar caramelos de gelatina Delta 9 THC en Acheterducannabis?<\/h2>\n<p>Acheterducannabis se compromete a ofrecer productos de la m\u00e1s alta calidad, envasados para garantizar su frescura y potencia. Con un servicio de atenci\u00f3n al cliente excepcional, Acheterducannabis es su destino preferido para las gominolas Delta 9 THC.<\/p>\n<h2 class=\"wp-block-heading\">Legislaci\u00f3n sobre la venta de chicles en Europa<\/h2>\n<p>El THC Delta 9, extra\u00eddo del c\u00e1\u00f1amo, est\u00e1 legalmente disponible en varias jurisdicciones europeas bajo ciertas condiciones. Es esencial informarse sobre las leyes locales antes de comprar para garantizar su cumplimiento.<\/p>","protected":false},"excerpt":{"rendered":"<p><strong>Efectos m\u00e9dicos:<br \/>\n<\/strong>Potencial terap\u00e9utico para las n\u00e1useas inducidas por la quimioterapia, los trastornos convulsivos, el dolor cr\u00f3nico, la espasticidad asociada a la esclerosis m\u00faltiple (EM) y los trastornos del sue\u00f1o asociados a otras afecciones cr\u00f3nicas.<strong><br \/>\n<\/strong><\/p>","protected":false},"featured_media":1553,"comment_status":"closed","ping_status":"closed","template":"","meta":{"site-sidebar-layout":"default","site-content-layout":"","ast-site-content-layout":"default","site-content-style":"default","site-sidebar-style":"default","ast-global-header-display":"","ast-banner-title-visibility":"","ast-main-header-display":"","ast-hfb-above-header-display":"","ast-hfb-below-header-display":"","ast-hfb-mobile-header-display":"","site-post-title":"","ast-breadcrumbs-content":"","ast-featured-img":"","footer-sml-layout":"","theme-transparent-header-meta":"default","adv-header-id-meta":"","stick-header-meta":"","header-above-stick-meta":"","header-main-stick-meta":"","header-below-stick-meta":"","astra-migrate-meta-layouts":"set","ast-page-background-enabled":"default","ast-page-background-meta":{"desktop":{"background-color":"","background-image":"","background-repeat":"repeat","background-position":"center center","background-size":"auto","background-attachment":"scroll","background-type":"","background-media":"","overlay-type":"","overlay-color":"","overlay-opacity":"","overlay-gradient":""},"tablet":{"background-color":"","background-image":"","background-repeat":"repeat","background-position":"center center","background-size":"auto","background-attachment":"scroll","background-type":"","background-media":"","overlay-type":"","overlay-color":"","overlay-opacity":"","overlay-gradient":""},"mobile":{"background-color":"","background-image":"","background-repeat":"repeat","background-position":"center center","background-size":"auto","background-attachment":"scroll","background-type":"","background-media":"","overlay-type":"","overlay-color":"","overlay-opacity":"","overlay-gradient":""}},"ast-content-background-meta":{"desktop":{"background-color":"var(--ast-global-color-5)","background-image":"","background-repeat":"repeat","background-position":"center center","background-size":"auto","background-attachment":"scroll","background-type":"","background-media":"","overlay-type":"","overlay-color":"","overlay-opacity":"","overlay-gradient":""},"tablet":{"background-color":"var(--ast-global-color-5)","background-image":"","background-repeat":"repeat","background-position":"center center","background-size":"auto","background-attachment":"scroll","background-type":"","background-media":"","overlay-type":"","overlay-color":"","overlay-opacity":"","overlay-gradient":""},"mobile":{"background-color":"var(--ast-global-color-5)","background-image":"","background-repeat":"repeat","background-position":"center center","background-size":"auto","background-attachment":"scroll","background-type":"","background-media":"","overlay-type":"","overlay-color":"","overlay-opacity":"","overlay-gradient":""}},"_joinchat":[]},"product_brand":[],"product_cat":[38],"product_tag":[],"class_list":{"0":"post-1517","1":"product","2":"type-product","3":"status-publish","4":"has-post-thumbnail","6":"product_cat-bonbons-thc","7":"desktop-align-left","8":"tablet-align-left","9":"mobile-align-left","11":"first","12":"instock","13":"shipping-taxable","14":"purchasable","15":"product-type-variable"},"yoast_head":"<!-- This site is optimized with the Yoast SEO Premium plugin v24.1 (Yoast SEO v26.8) - https:\/\/yoast.com\/product\/yoast-seo-premium-wordpress\/ -->\n<title>Acheter Bonbons G\u00e9lifi\u00e9s Delta-9| Douceurs au Cannabis<\/title>\n<meta name=\"description\" content=\"D\u00e9couvrez les bonbons g\u00e9lifi\u00e9s Delta-9, des douceurs au cannabis offrant des effets puissants et relaxants.Avec livraison discr\u00e8te et rapide.\" \/>\n<meta name=\"robots\" content=\"index, follow, max-snippet:-1, max-image-preview:large, max-video-preview:-1\" \/>\n<link rel=\"canonical\" href=\"https:\/\/beuhparadis.com\/es\/product\/bonbons-gelifies-delta-9-thc\/\" \/>\n<meta property=\"og:locale\" content=\"es_ES\" \/>\n<meta property=\"og:type\" content=\"article\" \/>\n<meta property=\"og:title\" content=\"Bonbons g\u00e9lifi\u00e9s Delta-9 THC\" \/>\n<meta property=\"og:description\" content=\"D\u00e9couvrez les bonbons g\u00e9lifi\u00e9s Delta-9, des douceurs au cannabis offrant des effets puissants et relaxants.Avec livraison discr\u00e8te et rapide.\" \/>\n<meta property=\"og:url\" content=\"https:\/\/beuhparadis.com\/es\/product\/bonbons-gelifies-delta-9-thc\/\" \/>\n<meta property=\"og:site_name\" content=\"Beuh Paradis\" \/>\n<meta property=\"article:modified_time\" content=\"2025-01-28T11:16:48+00:00\" \/>\n<meta property=\"og:image\" content=\"https:\/\/beuhparadis.com\/wp-content\/uploads\/2024\/12\/Bonbons-gelifies-Delta-9-THC.png\" \/>\n\t<meta property=\"og:image:width\" content=\"1200\" \/>\n\t<meta property=\"og:image:height\" content=\"1200\" \/>\n\t<meta property=\"og:image:type\" content=\"image\/png\" \/>\n<meta name=\"twitter:card\" content=\"summary_large_image\" \/>\n<meta name=\"twitter:label1\" content=\"Tiempo de lectura\" \/>\n\t<meta name=\"twitter:data1\" content=\"2 minutes\" \/>\n<script type=\"application\/ld+json\" class=\"yoast-schema-graph\">{\"@context\":\"https:\/\/schema.org\",\"@graph\":[{\"@type\":\"WebPage\",\"@id\":\"https:\/\/beuhparadis.com\/product\/bonbons-gelifies-delta-9-thc\/\",\"url\":\"https:\/\/beuhparadis.com\/product\/bonbons-gelifies-delta-9-thc\/\",\"name\":\"Acheter Bonbons G\u00e9lifi\u00e9s Delta-9| Douceurs au Cannabis\",\"isPartOf\":{\"@id\":\"https:\/\/beuhparadis.com\/#website\"},\"primaryImageOfPage\":{\"@id\":\"https:\/\/beuhparadis.com\/product\/bonbons-gelifies-delta-9-thc\/#primaryimage\"},\"image\":{\"@id\":\"https:\/\/beuhparadis.com\/product\/bonbons-gelifies-delta-9-thc\/#primaryimage\"},\"thumbnailUrl\":\"https:\/\/beuhparadis.com\/wp-content\/uploads\/2024\/12\/Bonbons-gelifies-Delta-9-THC.png\",\"datePublished\":\"2024-12-10T23:41:09+00:00\",\"dateModified\":\"2025-01-28T11:16:48+00:00\",\"description\":\"D\u00e9couvrez les bonbons g\u00e9lifi\u00e9s Delta-9, des douceurs au cannabis offrant des effets puissants et relaxants.Avec livraison discr\u00e8te et rapide.\",\"breadcrumb\":{\"@id\":\"https:\/\/beuhparadis.com\/product\/bonbons-gelifies-delta-9-thc\/#breadcrumb\"},\"inLanguage\":\"es-ES\",\"potentialAction\":[{\"@type\":\"ReadAction\",\"target\":[\"https:\/\/beuhparadis.com\/product\/bonbons-gelifies-delta-9-thc\/\"]}]},{\"@type\":\"ImageObject\",\"inLanguage\":\"es-ES\",\"@id\":\"https:\/\/beuhparadis.com\/product\/bonbons-gelifies-delta-9-thc\/#primaryimage\",\"url\":\"https:\/\/beuhparadis.com\/wp-content\/uploads\/2024\/12\/Bonbons-gelifies-Delta-9-THC.png\",\"contentUrl\":\"https:\/\/beuhparadis.com\/wp-content\/uploads\/2024\/12\/Bonbons-gelifies-Delta-9-THC.png\",\"width\":1200,\"height\":1200},{\"@type\":\"BreadcrumbList\",\"@id\":\"https:\/\/beuhparadis.com\/product\/bonbons-gelifies-delta-9-thc\/#breadcrumb\",\"itemListElement\":[{\"@type\":\"ListItem\",\"position\":1,\"name\":\"Home\",\"item\":\"https:\/\/beuhparadis.com\/\"},{\"@type\":\"ListItem\",\"position\":2,\"name\":\"Shop\",\"item\":\"https:\/\/beuhparadis.com\/shop\/\"},{\"@type\":\"ListItem\",\"position\":3,\"name\":\"Bonbons g\u00e9lifi\u00e9s Delta-9 THC\"}]},{\"@type\":\"WebSite\",\"@id\":\"https:\/\/beuhparadis.com\/#website\",\"url\":\"https:\/\/beuhparadis.com\/\",\"name\":\"Beuh Paradis\",\"description\":\"\",\"potentialAction\":[{\"@type\":\"SearchAction\",\"target\":{\"@type\":\"EntryPoint\",\"urlTemplate\":\"https:\/\/beuhparadis.com\/?s={search_term_string}\"},\"query-input\":{\"@type\":\"PropertyValueSpecification\",\"valueRequired\":true,\"valueName\":\"search_term_string\"}}],\"inLanguage\":\"es-ES\"}]}<\/script>\n<!-- \/ Yoast SEO Premium plugin. -->","yoast_head_json":{"title":"Comprar Bonbons G\u00e9lifi\u00e9s Delta-9| Douceurs au Cannabis","description":"Descubra las jaleas Delta-9, caramelos de cannabis con efectos potentes y relajantes, entregados de forma r\u00e1pida y discreta.","robots":{"index":"index","follow":"follow","max-snippet":"max-snippet:-1","max-image-preview":"max-image-preview:large","max-video-preview":"max-video-preview:-1"},"canonical":"https:\/\/beuhparadis.com\/es\/product\/bonbons-gelifies-delta-9-thc\/","og_locale":"es_ES","og_type":"article","og_title":"Bonbons g\u00e9lifi\u00e9s Delta-9 THC","og_description":"D\u00e9couvrez les bonbons g\u00e9lifi\u00e9s Delta-9, des douceurs au cannabis offrant des effets puissants et relaxants.Avec livraison discr\u00e8te et rapide.","og_url":"https:\/\/beuhparadis.com\/es\/product\/bonbons-gelifies-delta-9-thc\/","og_site_name":"Beuh Paradis","article_modified_time":"2025-01-28T11:16:48+00:00","og_image":[{"width":1200,"height":1200,"url":"https:\/\/beuhparadis.com\/wp-content\/uploads\/2024\/12\/Bonbons-gelifies-Delta-9-THC.png","type":"image\/png"}],"twitter_card":"summary_large_image","twitter_misc":{"Tiempo de lectura":"2 minutes"},"schema":{"@context":"https:\/\/schema.org","@graph":[{"@type":"WebPage","@id":"https:\/\/beuhparadis.com\/product\/bonbons-gelifies-delta-9-thc\/","url":"https:\/\/beuhparadis.com\/product\/bonbons-gelifies-delta-9-thc\/","name":"Comprar Bonbons G\u00e9lifi\u00e9s Delta-9| Douceurs au Cannabis","isPartOf":{"@id":"https:\/\/beuhparadis.com\/#website"},"primaryImageOfPage":{"@id":"https:\/\/beuhparadis.com\/product\/bonbons-gelifies-delta-9-thc\/#primaryimage"},"image":{"@id":"https:\/\/beuhparadis.com\/product\/bonbons-gelifies-delta-9-thc\/#primaryimage"},"thumbnailUrl":"https:\/\/beuhparadis.com\/wp-content\/uploads\/2024\/12\/Bonbons-gelifies-Delta-9-THC.png","datePublished":"2024-12-10T23:41:09+00:00","dateModified":"2025-01-28T11:16:48+00:00","description":"Descubra las jaleas Delta-9, caramelos de cannabis con efectos potentes y relajantes, entregados de forma r\u00e1pida y discreta.","breadcrumb":{"@id":"https:\/\/beuhparadis.com\/product\/bonbons-gelifies-delta-9-thc\/#breadcrumb"},"inLanguage":"es-ES","potentialAction":[{"@type":"ReadAction","target":["https:\/\/beuhparadis.com\/product\/bonbons-gelifies-delta-9-thc\/"]}]},{"@type":"ImageObject","inLanguage":"es-ES","@id":"https:\/\/beuhparadis.com\/product\/bonbons-gelifies-delta-9-thc\/#primaryimage","url":"https:\/\/beuhparadis.com\/wp-content\/uploads\/2024\/12\/Bonbons-gelifies-Delta-9-THC.png","contentUrl":"https:\/\/beuhparadis.com\/wp-content\/uploads\/2024\/12\/Bonbons-gelifies-Delta-9-THC.png","width":1200,"height":1200},{"@type":"BreadcrumbList","@id":"https:\/\/beuhparadis.com\/product\/bonbons-gelifies-delta-9-thc\/#breadcrumb","itemListElement":[{"@type":"ListItem","position":1,"name":"Home","item":"https:\/\/beuhparadis.com\/"},{"@type":"ListItem","position":2,"name":"Shop","item":"https:\/\/beuhparadis.com\/shop\/"},{"@type":"ListItem","position":3,"name":"Bonbons g\u00e9lifi\u00e9s Delta-9 THC"}]},{"@type":"WebSite","@id":"https:\/\/beuhparadis.com\/#website","url":"https:\/\/beuhparadis.com\/","name":"Beuh Paradis","description":"","potentialAction":[{"@type":"SearchAction","target":{"@type":"EntryPoint","urlTemplate":"https:\/\/beuhparadis.com\/?s={search_term_string}"},"query-input":{"@type":"PropertyValueSpecification","valueRequired":true,"valueName":"search_term_string"}}],"inLanguage":"es-ES"}]}},"_links":{"self":[{"href":"https:\/\/beuhparadis.com\/es\/wp-json\/wp\/v2\/product\/1517","targetHints":{"allow":["GET"]}}],"collection":[{"href":"https:\/\/beuhparadis.com\/es\/wp-json\/wp\/v2\/product"}],"about":[{"href":"https:\/\/beuhparadis.com\/es\/wp-json\/wp\/v2\/types\/product"}],"replies":[{"embeddable":true,"href":"https:\/\/beuhparadis.com\/es\/wp-json\/wp\/v2\/comments?post=1517"}],"wp:featuredmedia":[{"embeddable":true,"href":"https:\/\/beuhparadis.com\/es\/wp-json\/wp\/v2\/media\/1553"}],"wp:attachment":[{"href":"https:\/\/beuhparadis.com\/es\/wp-json\/wp\/v2\/media?parent=1517"}],"wp:term":[{"taxonomy":"product_brand","embeddable":true,"href":"https:\/\/beuhparadis.com\/es\/wp-json\/wp\/v2\/product_brand?post=1517"},{"taxonomy":"product_cat","embeddable":true,"href":"https:\/\/beuhparadis.com\/es\/wp-json\/wp\/v2\/product_cat?post=1517"},{"taxonomy":"product_tag","embeddable":true,"href":"https:\/\/beuhparadis.com\/es\/wp-json\/wp\/v2\/product_tag?post=1517"}],"curies":[{"name":"wp","href":"https:\/\/api.w.org\/{rel}","templated":true}]}}