{"id":1457,"date":"2024-12-10T23:40:48","date_gmt":"2024-12-10T23:40:48","guid":{"rendered":"https:\/\/beuhparadis.com\/?post_type=product&#038;p=1457"},"modified":"2024-12-10T23:41:08","modified_gmt":"2024-12-10T23:41:08","slug":"huile-de-cannabis-cherry","status":"publish","type":"product","link":"https:\/\/beuhparadis.com\/es\/product\/huile-de-cannabis-cherry\/","title":{"rendered":"Aceite de cannabis de cereza"},"content":{"rendered":"<h1 class=\"wp-block-heading\">Comprar aceite de cannabis Cherry<\/h1>\n<p>Explore Cherry Cannabis Oil, un aceite de THC de primera calidad extra\u00eddo de cepas de renombre como Master Kush, OG Kush y Pink Bubba. Ofreciendo una experiencia de sabor \u00fanica con profundos sabores a cereza, este aceite garantiza efectos relajantes y euf\u00f3ricos. Perfecto para los que buscan tanto estimulaci\u00f3n creativa como alivio m\u00e9dico.<\/p>\n<h2 class=\"wp-block-heading\">Composici\u00f3n del aceite de THC<\/h2>\n<ul class=\"wp-block-list\">\n<li><strong>Ingredientes:<\/strong> Extractos de Master Kush, OG Kush y Pink Bubba.<\/li>\n<li><strong>Dosificaci\u00f3n:<\/strong> Potente, con un contenido de THC de 70%.<\/li>\n<\/ul>\n<h2 class=\"wp-block-heading\">THC y CBD (incluidos los porcentajes)<\/h2>\n<ul class=\"wp-block-list\">\n<li>Alta concentraci\u00f3n de THC (70%) para efectos potentes y duraderos.<\/li>\n<li>El contenido de CBD es espec\u00edfico de las cepas utilizadas y est\u00e1 dise\u00f1ado para complementar los efectos del THC.<\/li>\n<\/ul>\n<h2 class=\"wp-block-heading\">\u00bfD\u00f3nde puedo comprar aceite de cannabis Cherry en Internet?<\/h2>\n<p>Cherry Cannabis Oil est\u00e1 disponible en <a href=\"https:\/\/acheterducannabis.fr\/\" data-type=\"link\" data-id=\"https:\/\/acheterducannabis.fr\/\">Buyducannabis<\/a>donde la calidad y la satisfacci\u00f3n del cliente son nuestras m\u00e1ximas prioridades.<\/p>\n<h2 class=\"wp-block-heading\">Efectos, aroma y sabor<\/h2>\n<h3 class=\"wp-block-heading\">Efecto<\/h3>\n<ul class=\"wp-block-list\">\n<li>Relajaci\u00f3n, euforia, hambre, somnolencia, felicidad, concentraci\u00f3n y creatividad.<\/li>\n<\/ul>\n<h3 class=\"wp-block-heading\">Aroma<\/h3>\n<ul class=\"wp-block-list\">\n<li>Una deliciosa y profunda fragancia a cereza, que enriquece la experiencia de beber.<\/li>\n<\/ul>\n<h3 class=\"wp-block-heading\">Pruebe<\/h3>\n<ul class=\"wp-block-list\">\n<li>Los exquisitos y profundos sabores a cereza ofrecen una experiencia gustativa inigualable.<\/li>\n<\/ul>\n<h2 class=\"wp-block-heading\">Efectos m\u00e9dicos<\/h2>\n<ul class=\"wp-block-list\">\n<li>Ideal para aliviar el dolor, la inflamaci\u00f3n, las n\u00e1useas, la depresi\u00f3n, los espasmos musculares, el estr\u00e9s y la ansiedad.<\/li>\n<\/ul>\n<h3 class=\"wp-block-heading\">Puede aliviar<\/h3>\n<ul class=\"wp-block-list\">\n<li>Dolor, Inflamaci\u00f3n, N\u00e1useas, Depresi\u00f3n, Espasmos musculares, Estr\u00e9s, Ansiedad.<\/li>\n<\/ul>\n<h2 class=\"wp-block-heading\">Elegir el aceite de THC adecuado<\/h2>\n<ul class=\"wp-block-list\">\n<li>Elige el aceite de cannabis Cherry por sus efectos vers\u00e1tiles y su distintivo perfil arom\u00e1tico.<\/li>\n<\/ul>\n<h2 class=\"wp-block-heading\">Usos del aceite de cannabis Cherry THC<\/h2>\n<p>Perfecto para vaporizar, a\u00f1adir a los alimentos o como suplemento t\u00f3pico para aplicaci\u00f3n directa sobre la piel.<\/p>\n<h2 class=\"wp-block-heading\">\u00bfC\u00f3mo debe conservarse el aceite de THC?<\/h2>\n<p>Para mantener su potencia y frescura, guarde el aceite en un lugar fresco y oscuro.<\/p>\n<h2 class=\"wp-block-heading\">\u00bfPor qu\u00e9 comprar aceite de cannabis Cherry en Acheterducannabis?<\/h2>\n<p>Acheterducannabis ofrece productos aut\u00e9nticos con una entrega fiable, garantizando una experiencia de usuario \u00f3ptima.<\/p>\n<h2 class=\"wp-block-heading\">Ley sobre la venta de aceite de THC en Europa<\/h2>\n<p>La venta y el consumo de aceite de THC, incluido el aceite de cannabis Cherry, est\u00e1n sujetos a normativas espec\u00edficas en Europa. Inf\u00f3rmate sobre las leyes locales antes de comprar.<\/p>\n<p>El aceite de cannabis Cherry es la opci\u00f3n ideal para los entendidos del cannabis que buscan una experiencia sabrosa y terap\u00e9utica a la vez. Con su alto contenido en THC y su intenso sabor a cereza, este aceite promete relajaci\u00f3n y creatividad. Disponible exclusivamente en <strong>Buyducannabis<\/strong>Es la elecci\u00f3n perfecta para una inmersi\u00f3n en el bienestar y la evasi\u00f3n.<\/p>","protected":false},"excerpt":{"rendered":"<p><strong>THC:<\/strong> 70%<\/p>\n<p><strong>Efectos m\u00e9dicos:<\/strong><br \/> Ideal para aliviar el dolor, la inflamaci\u00f3n, las n\u00e1useas, la depresi\u00f3n, los espasmos musculares, el estr\u00e9s y la ansiedad.<\/p>","protected":false},"featured_media":1462,"comment_status":"closed","ping_status":"closed","template":"","meta":{"site-sidebar-layout":"default","site-content-layout":"","ast-site-content-layout":"","site-content-style":"default","site-sidebar-style":"default","ast-global-header-display":"","ast-banner-title-visibility":"","ast-main-header-display":"","ast-hfb-above-header-display":"","ast-hfb-below-header-display":"","ast-hfb-mobile-header-display":"","site-post-title":"","ast-breadcrumbs-content":"","ast-featured-img":"","footer-sml-layout":"","theme-transparent-header-meta":"","adv-header-id-meta":"","stick-header-meta":"","header-above-stick-meta":"","header-main-stick-meta":"","header-below-stick-meta":"","astra-migrate-meta-layouts":"default","ast-page-background-enabled":"default","ast-page-background-meta":{"desktop":{"background-color":"","background-image":"","background-repeat":"repeat","background-position":"center center","background-size":"auto","background-attachment":"scroll","background-type":"","background-media":"","overlay-type":"","overlay-color":"","overlay-opacity":"","overlay-gradient":""},"tablet":{"background-color":"","background-image":"","background-repeat":"repeat","background-position":"center center","background-size":"auto","background-attachment":"scroll","background-type":"","background-media":"","overlay-type":"","overlay-color":"","overlay-opacity":"","overlay-gradient":""},"mobile":{"background-color":"","background-image":"","background-repeat":"repeat","background-position":"center center","background-size":"auto","background-attachment":"scroll","background-type":"","background-media":"","overlay-type":"","overlay-color":"","overlay-opacity":"","overlay-gradient":""}},"ast-content-background-meta":{"desktop":{"background-color":"var(--ast-global-color-5)","background-image":"","background-repeat":"repeat","background-position":"center center","background-size":"auto","background-attachment":"scroll","background-type":"","background-media":"","overlay-type":"","overlay-color":"","overlay-opacity":"","overlay-gradient":""},"tablet":{"background-color":"var(--ast-global-color-5)","background-image":"","background-repeat":"repeat","background-position":"center center","background-size":"auto","background-attachment":"scroll","background-type":"","background-media":"","overlay-type":"","overlay-color":"","overlay-opacity":"","overlay-gradient":""},"mobile":{"background-color":"var(--ast-global-color-5)","background-image":"","background-repeat":"repeat","background-position":"center center","background-size":"auto","background-attachment":"scroll","background-type":"","background-media":"","overlay-type":"","overlay-color":"","overlay-opacity":"","overlay-gradient":""}},"_joinchat":[]},"product_brand":[],"product_cat":[36],"product_tag":[],"class_list":{"0":"post-1457","1":"product","2":"type-product","3":"status-publish","4":"has-post-thumbnail","6":"product_cat-huile-thc","7":"desktop-align-left","8":"tablet-align-left","9":"mobile-align-left","11":"first","12":"instock","13":"shipping-taxable","14":"purchasable","15":"product-type-variable"},"yoast_head":"<!-- This site is optimized with the Yoast SEO Premium plugin v24.1 (Yoast SEO v26.8) - https:\/\/yoast.com\/product\/yoast-seo-premium-wordpress\/ -->\n<title>Huile de cannabis Cherry - Beuh Paradis<\/title>\n<meta name=\"robots\" content=\"index, follow, max-snippet:-1, max-image-preview:large, max-video-preview:-1\" \/>\n<link rel=\"canonical\" href=\"https:\/\/beuhparadis.com\/es\/product\/huile-de-cannabis-cherry\/\" \/>\n<meta property=\"og:locale\" content=\"es_ES\" \/>\n<meta property=\"og:type\" content=\"article\" \/>\n<meta property=\"og:title\" content=\"Huile de cannabis Cherry\" \/>\n<meta property=\"og:description\" content=\"THC: 70% Effets M\u00e9dicaux: Id\u00e9ale pour le soulagement de la douleur, de l&rsquo;inflammation, de la naus\u00e9e, de la d\u00e9pression, des spasmes musculaires, du stress et de l&rsquo;anxi\u00e9t\u00e9.\" \/>\n<meta property=\"og:url\" content=\"https:\/\/beuhparadis.com\/es\/product\/huile-de-cannabis-cherry\/\" \/>\n<meta property=\"og:site_name\" content=\"Beuh Paradis\" \/>\n<meta property=\"article:modified_time\" content=\"2024-12-10T23:41:08+00:00\" \/>\n<meta name=\"twitter:card\" content=\"summary_large_image\" \/>\n<meta name=\"twitter:label1\" content=\"Tiempo de lectura\" \/>\n\t<meta name=\"twitter:data1\" content=\"2 minutes\" \/>\n<script type=\"application\/ld+json\" class=\"yoast-schema-graph\">{\"@context\":\"https:\/\/schema.org\",\"@graph\":[{\"@type\":\"WebPage\",\"@id\":\"https:\/\/beuhparadis.com\/product\/huile-de-cannabis-cherry\/\",\"url\":\"https:\/\/beuhparadis.com\/product\/huile-de-cannabis-cherry\/\",\"name\":\"Huile de cannabis Cherry - Beuh Paradis\",\"isPartOf\":{\"@id\":\"https:\/\/beuhparadis.com\/#website\"},\"primaryImageOfPage\":{\"@id\":\"https:\/\/beuhparadis.com\/product\/huile-de-cannabis-cherry\/#primaryimage\"},\"image\":{\"@id\":\"https:\/\/beuhparadis.com\/product\/huile-de-cannabis-cherry\/#primaryimage\"},\"thumbnailUrl\":\"https:\/\/beuhparadis.com\/wp-content\/uploads\/2024\/12\/Cherry-Cannabis-Oil.webp\",\"datePublished\":\"2024-12-10T23:40:48+00:00\",\"dateModified\":\"2024-12-10T23:41:08+00:00\",\"breadcrumb\":{\"@id\":\"https:\/\/beuhparadis.com\/product\/huile-de-cannabis-cherry\/#breadcrumb\"},\"inLanguage\":\"es-ES\",\"potentialAction\":[{\"@type\":\"ReadAction\",\"target\":[\"https:\/\/beuhparadis.com\/product\/huile-de-cannabis-cherry\/\"]}]},{\"@type\":\"ImageObject\",\"inLanguage\":\"es-ES\",\"@id\":\"https:\/\/beuhparadis.com\/product\/huile-de-cannabis-cherry\/#primaryimage\",\"url\":\"https:\/\/beuhparadis.com\/wp-content\/uploads\/2024\/12\/Cherry-Cannabis-Oil.webp\",\"contentUrl\":\"https:\/\/beuhparadis.com\/wp-content\/uploads\/2024\/12\/Cherry-Cannabis-Oil.webp\",\"width\":225,\"height\":225},{\"@type\":\"BreadcrumbList\",\"@id\":\"https:\/\/beuhparadis.com\/product\/huile-de-cannabis-cherry\/#breadcrumb\",\"itemListElement\":[{\"@type\":\"ListItem\",\"position\":1,\"name\":\"Home\",\"item\":\"https:\/\/beuhparadis.com\/\"},{\"@type\":\"ListItem\",\"position\":2,\"name\":\"Shop\",\"item\":\"https:\/\/beuhparadis.com\/shop\/\"},{\"@type\":\"ListItem\",\"position\":3,\"name\":\"Huile de cannabis Cherry\"}]},{\"@type\":\"WebSite\",\"@id\":\"https:\/\/beuhparadis.com\/#website\",\"url\":\"https:\/\/beuhparadis.com\/\",\"name\":\"Beuh Paradis\",\"description\":\"\",\"potentialAction\":[{\"@type\":\"SearchAction\",\"target\":{\"@type\":\"EntryPoint\",\"urlTemplate\":\"https:\/\/beuhparadis.com\/?s={search_term_string}\"},\"query-input\":{\"@type\":\"PropertyValueSpecification\",\"valueRequired\":true,\"valueName\":\"search_term_string\"}}],\"inLanguage\":\"es-ES\"}]}<\/script>\n<!-- \/ Yoast SEO Premium plugin. -->","yoast_head_json":{"title":"Aceite de cannabis de cereza - Beuh Paradis","robots":{"index":"index","follow":"follow","max-snippet":"max-snippet:-1","max-image-preview":"max-image-preview:large","max-video-preview":"max-video-preview:-1"},"canonical":"https:\/\/beuhparadis.com\/es\/product\/huile-de-cannabis-cherry\/","og_locale":"es_ES","og_type":"article","og_title":"Huile de cannabis Cherry","og_description":"THC: 70% Effets M\u00e9dicaux: Id\u00e9ale pour le soulagement de la douleur, de l&rsquo;inflammation, de la naus\u00e9e, de la d\u00e9pression, des spasmes musculaires, du stress et de l&rsquo;anxi\u00e9t\u00e9.","og_url":"https:\/\/beuhparadis.com\/es\/product\/huile-de-cannabis-cherry\/","og_site_name":"Beuh Paradis","article_modified_time":"2024-12-10T23:41:08+00:00","twitter_card":"summary_large_image","twitter_misc":{"Tiempo de lectura":"2 minutes"},"schema":{"@context":"https:\/\/schema.org","@graph":[{"@type":"WebPage","@id":"https:\/\/beuhparadis.com\/product\/huile-de-cannabis-cherry\/","url":"https:\/\/beuhparadis.com\/product\/huile-de-cannabis-cherry\/","name":"Aceite de cannabis de cereza - Beuh Paradis","isPartOf":{"@id":"https:\/\/beuhparadis.com\/#website"},"primaryImageOfPage":{"@id":"https:\/\/beuhparadis.com\/product\/huile-de-cannabis-cherry\/#primaryimage"},"image":{"@id":"https:\/\/beuhparadis.com\/product\/huile-de-cannabis-cherry\/#primaryimage"},"thumbnailUrl":"https:\/\/beuhparadis.com\/wp-content\/uploads\/2024\/12\/Cherry-Cannabis-Oil.webp","datePublished":"2024-12-10T23:40:48+00:00","dateModified":"2024-12-10T23:41:08+00:00","breadcrumb":{"@id":"https:\/\/beuhparadis.com\/product\/huile-de-cannabis-cherry\/#breadcrumb"},"inLanguage":"es-ES","potentialAction":[{"@type":"ReadAction","target":["https:\/\/beuhparadis.com\/product\/huile-de-cannabis-cherry\/"]}]},{"@type":"ImageObject","inLanguage":"es-ES","@id":"https:\/\/beuhparadis.com\/product\/huile-de-cannabis-cherry\/#primaryimage","url":"https:\/\/beuhparadis.com\/wp-content\/uploads\/2024\/12\/Cherry-Cannabis-Oil.webp","contentUrl":"https:\/\/beuhparadis.com\/wp-content\/uploads\/2024\/12\/Cherry-Cannabis-Oil.webp","width":225,"height":225},{"@type":"BreadcrumbList","@id":"https:\/\/beuhparadis.com\/product\/huile-de-cannabis-cherry\/#breadcrumb","itemListElement":[{"@type":"ListItem","position":1,"name":"Home","item":"https:\/\/beuhparadis.com\/"},{"@type":"ListItem","position":2,"name":"Shop","item":"https:\/\/beuhparadis.com\/shop\/"},{"@type":"ListItem","position":3,"name":"Huile de cannabis Cherry"}]},{"@type":"WebSite","@id":"https:\/\/beuhparadis.com\/#website","url":"https:\/\/beuhparadis.com\/","name":"Beuh Paradis","description":"","potentialAction":[{"@type":"SearchAction","target":{"@type":"EntryPoint","urlTemplate":"https:\/\/beuhparadis.com\/?s={search_term_string}"},"query-input":{"@type":"PropertyValueSpecification","valueRequired":true,"valueName":"search_term_string"}}],"inLanguage":"es-ES"}]}},"_links":{"self":[{"href":"https:\/\/beuhparadis.com\/es\/wp-json\/wp\/v2\/product\/1457","targetHints":{"allow":["GET"]}}],"collection":[{"href":"https:\/\/beuhparadis.com\/es\/wp-json\/wp\/v2\/product"}],"about":[{"href":"https:\/\/beuhparadis.com\/es\/wp-json\/wp\/v2\/types\/product"}],"replies":[{"embeddable":true,"href":"https:\/\/beuhparadis.com\/es\/wp-json\/wp\/v2\/comments?post=1457"}],"wp:featuredmedia":[{"embeddable":true,"href":"https:\/\/beuhparadis.com\/es\/wp-json\/wp\/v2\/media\/1462"}],"wp:attachment":[{"href":"https:\/\/beuhparadis.com\/es\/wp-json\/wp\/v2\/media?parent=1457"}],"wp:term":[{"taxonomy":"product_brand","embeddable":true,"href":"https:\/\/beuhparadis.com\/es\/wp-json\/wp\/v2\/product_brand?post=1457"},{"taxonomy":"product_cat","embeddable":true,"href":"https:\/\/beuhparadis.com\/es\/wp-json\/wp\/v2\/product_cat?post=1457"},{"taxonomy":"product_tag","embeddable":true,"href":"https:\/\/beuhparadis.com\/es\/wp-json\/wp\/v2\/product_tag?post=1457"}],"curies":[{"name":"wp","href":"https:\/\/api.w.org\/{rel}","templated":true}]}}