{"id":1451,"date":"2024-12-10T23:40:47","date_gmt":"2024-12-10T23:40:47","guid":{"rendered":"https:\/\/beuhparadis.com\/?post_type=product&#038;p=1451"},"modified":"2024-12-10T23:41:00","modified_gmt":"2024-12-10T23:41:00","slug":"huile-de-miel-jack-herer-dabbers-delight","status":"publish","type":"product","link":"https:\/\/beuhparadis.com\/es\/product\/huile-de-miel-jack-herer-dabbers-delight\/","title":{"rendered":"Aceite de miel Jack Herer Dabber's Delight"},"content":{"rendered":"<h1 class=\"wp-block-heading\">Aceite de miel de Jack Herer<\/h1>\n<p>Descubre Jack Herer Honey Oil, un aceite de cannabis rico en THC inspirado en la famosa cepa hom\u00f3nima de predominancia Sativa, que rinde homenaje al activista cann\u00e1bico y escritor Jack Herer. Este aceite combina un h\u00edbrido Haze con un cruce de Northern Lights #5 y Shiva Skunk, con el objetivo de ofrecer un subid\u00f3n cerebral a la vez que produce abundante resina. Ideal para dabbing y vaping, este aceite viene en una jeringa de vidrio resistente a altas temperaturas.<\/p>\n<h2 class=\"wp-block-heading\">Composici\u00f3n del aceite de THC<\/h2>\n<ul class=\"wp-block-list\">\n<li><strong>Ingredientes:<\/strong> Concentrado de la variedad Jack Herer con un perfil rico en THC.<\/li>\n<li><strong>Dosificaci\u00f3n:<\/strong> Optimizado para un uso eficaz y preciso.<\/li>\n<\/ul>\n<h2 class=\"wp-block-heading\">THC y CBD (incluidos los porcentajes)<\/h2>\n<ul class=\"wp-block-list\">\n<li>Principalmente concentrado en THC, el aceite de miel Jack Herer est\u00e1 dise\u00f1ado para producir fuertes efectos psicoactivos, con el equilibrio perfecto de Indica para mantenerte con los pies en la tierra. Los porcentajes espec\u00edficos de THC y CBD se ajustan para maximizar la eficacia.<\/li>\n<\/ul>\n<h2 class=\"wp-block-heading\">\u00bfD\u00f3nde puedo comprar Aceite de Miel Jack Herer en Internet?<\/h2>\n<ul class=\"wp-block-list\">\n<li>El aceite de miel Jack Herer est\u00e1 disponible en l\u00ednea en <strong>Buyducannabis<\/strong>ofreciendo una calidad superior y una entrega fiable en toda Europa.<\/li>\n<\/ul>\n<h2 class=\"wp-block-heading\">Efectos, aroma y sabor<\/h2>\n<h3 class=\"wp-block-heading\">Efecto<\/h3>\n<ul class=\"wp-block-list\">\n<li>Elevaci\u00f3n cerebral con un toque de Indica para el equilibrio perfecto entre mente y cuerpo.<\/li>\n<\/ul>\n<h3 class=\"wp-block-heading\">Aroma<\/h3>\n<ul class=\"wp-block-list\">\n<li>Notas distintivas de la cepa Jack Herer, que combinan frescura e intensidad.<\/li>\n<\/ul>\n<h3 class=\"wp-block-heading\">Pruebe<\/h3>\n<ul class=\"wp-block-list\">\n<li>Perfil de sabor complejo con toques de Haze, pino y especias.<\/li>\n<\/ul>\n<h2 class=\"wp-block-heading\">Efectos m\u00e9dicos<\/h2>\n<ul class=\"wp-block-list\">\n<li>Ideal para quienes buscan alivio del estr\u00e9s, la ansiedad y el dolor, a la vez que estimulan la creatividad.<\/li>\n<\/ul>\n<h3 class=\"wp-block-heading\">Puede aliviar<\/h3>\n<ul class=\"wp-block-list\">\n<li>Estr\u00e9s, ansiedad, dolor, fatiga.<\/li>\n<\/ul>\n<h2 class=\"wp-block-heading\">Elegir el aceite de THC adecuado<\/h2>\n<p>El Aceite de Miel Jack Herer es perfecto para los usuarios que buscan estimulaci\u00f3n mental sin perder su conexi\u00f3n con el mundo real.<\/p>\n<h2 class=\"wp-block-heading\">Usos del Aceite de Miel THC Jack Herer<\/h2>\n<p>Apto para dabbing y vaping gracias a su jeringuilla de cristal para una aplicaci\u00f3n f\u00e1cil y precisa.<\/p>\n<h2 class=\"wp-block-heading\">\u00bfC\u00f3mo debe conservarse el aceite de THC?<\/h2>\n<p>Para conservar su frescura y eficacia, guarde el aceite en un lugar fresco y oscuro.<\/p>\n<h2 class=\"wp-block-heading\">\u00bfPor qu\u00e9 comprar Aceite de Miel Jack Herer en Acheterducannabis?<\/h2>\n<p><a href=\"https:\/\/acheterducannabis.fr\/\" data-type=\"link\" data-id=\"https:\/\/acheterducannabis.fr\/\">Buyducannabis<\/a> se compromete a ofrecer productos de la m\u00e1xima calidad, con una entrega segura y discreta.<\/p>\n<h2 class=\"wp-block-heading\">Ley sobre la venta de aceite de THC en Europa<\/h2>\n<p>La venta y el consumo de aceite de THC, incluidos <strong>Aceite de miel de Jack Herer<\/strong>est\u00e1n regulados en Europa. Aseg\u00farese de cumplir la legislaci\u00f3n local antes de comprar.<\/p>\n<p>El Aceite de Miel Jack Herer es la encarnaci\u00f3n perfecta de la armon\u00eda entre potencia y delicadeza, ofreciendo una experiencia embriagadora pero enraizante. Disponible exclusivamente en Acheterducannabis, este aceite es la elecci\u00f3n perfecta para entendidos y entusiastas del cannabis que buscan explorar los matices \u00fanicos de la cepa Jack Herer.<\/p>","protected":false},"excerpt":{"rendered":"<p><strong>THC:<\/strong> 60%<\/p>\n<p><strong>Efectos m\u00e9dicos:<\/strong><br \/> Ideal para quienes buscan alivio del estr\u00e9s, la ansiedad y el dolor, a la vez que estimulan la creatividad.<\/p>","protected":false},"featured_media":1461,"comment_status":"closed","ping_status":"closed","template":"","meta":{"site-sidebar-layout":"default","site-content-layout":"","ast-site-content-layout":"","site-content-style":"default","site-sidebar-style":"default","ast-global-header-display":"","ast-banner-title-visibility":"","ast-main-header-display":"","ast-hfb-above-header-display":"","ast-hfb-below-header-display":"","ast-hfb-mobile-header-display":"","site-post-title":"","ast-breadcrumbs-content":"","ast-featured-img":"","footer-sml-layout":"","theme-transparent-header-meta":"","adv-header-id-meta":"","stick-header-meta":"","header-above-stick-meta":"","header-main-stick-meta":"","header-below-stick-meta":"","astra-migrate-meta-layouts":"default","ast-page-background-enabled":"default","ast-page-background-meta":{"desktop":{"background-color":"","background-image":"","background-repeat":"repeat","background-position":"center center","background-size":"auto","background-attachment":"scroll","background-type":"","background-media":"","overlay-type":"","overlay-color":"","overlay-opacity":"","overlay-gradient":""},"tablet":{"background-color":"","background-image":"","background-repeat":"repeat","background-position":"center center","background-size":"auto","background-attachment":"scroll","background-type":"","background-media":"","overlay-type":"","overlay-color":"","overlay-opacity":"","overlay-gradient":""},"mobile":{"background-color":"","background-image":"","background-repeat":"repeat","background-position":"center center","background-size":"auto","background-attachment":"scroll","background-type":"","background-media":"","overlay-type":"","overlay-color":"","overlay-opacity":"","overlay-gradient":""}},"ast-content-background-meta":{"desktop":{"background-color":"var(--ast-global-color-5)","background-image":"","background-repeat":"repeat","background-position":"center center","background-size":"auto","background-attachment":"scroll","background-type":"","background-media":"","overlay-type":"","overlay-color":"","overlay-opacity":"","overlay-gradient":""},"tablet":{"background-color":"var(--ast-global-color-5)","background-image":"","background-repeat":"repeat","background-position":"center center","background-size":"auto","background-attachment":"scroll","background-type":"","background-media":"","overlay-type":"","overlay-color":"","overlay-opacity":"","overlay-gradient":""},"mobile":{"background-color":"var(--ast-global-color-5)","background-image":"","background-repeat":"repeat","background-position":"center center","background-size":"auto","background-attachment":"scroll","background-type":"","background-media":"","overlay-type":"","overlay-color":"","overlay-opacity":"","overlay-gradient":""}},"_joinchat":[]},"product_brand":[],"product_cat":[36],"product_tag":[],"class_list":{"0":"post-1451","1":"product","2":"type-product","3":"status-publish","4":"has-post-thumbnail","6":"product_cat-huile-thc","7":"desktop-align-left","8":"tablet-align-left","9":"mobile-align-left","11":"first","12":"instock","13":"shipping-taxable","14":"purchasable","15":"product-type-variable"},"yoast_head":"<!-- This site is optimized with the Yoast SEO Premium plugin v24.1 (Yoast SEO v26.8) - https:\/\/yoast.com\/product\/yoast-seo-premium-wordpress\/ -->\n<title>Huile de miel Jack Herer Dabber&rsquo;s Delight - Beuh Paradis<\/title>\n<meta name=\"robots\" content=\"index, follow, max-snippet:-1, max-image-preview:large, max-video-preview:-1\" \/>\n<link rel=\"canonical\" href=\"https:\/\/beuhparadis.com\/es\/product\/huile-de-miel-jack-herer-dabbers-delight\/\" \/>\n<meta property=\"og:locale\" content=\"es_ES\" \/>\n<meta property=\"og:type\" content=\"article\" \/>\n<meta property=\"og:title\" content=\"Huile de miel Jack Herer Dabber&rsquo;s Delight\" \/>\n<meta property=\"og:description\" content=\"THC: 60% Effets M\u00e9dicaux: Id\u00e9ale pour ceux \u00e0 la recherche d&rsquo;un soulagement du stress, de l&rsquo;anxi\u00e9t\u00e9 et des douleurs, tout en stimulant la cr\u00e9ativit\u00e9.\" \/>\n<meta property=\"og:url\" content=\"https:\/\/beuhparadis.com\/es\/product\/huile-de-miel-jack-herer-dabbers-delight\/\" \/>\n<meta property=\"og:site_name\" content=\"Beuh Paradis\" \/>\n<meta property=\"article:modified_time\" content=\"2024-12-10T23:41:00+00:00\" \/>\n<meta name=\"twitter:card\" content=\"summary_large_image\" \/>\n<meta name=\"twitter:label1\" content=\"Tiempo de lectura\" \/>\n\t<meta name=\"twitter:data1\" content=\"3 minutes\" \/>\n<script type=\"application\/ld+json\" class=\"yoast-schema-graph\">{\"@context\":\"https:\/\/schema.org\",\"@graph\":[{\"@type\":\"WebPage\",\"@id\":\"https:\/\/beuhparadis.com\/product\/huile-de-miel-jack-herer-dabbers-delight\/\",\"url\":\"https:\/\/beuhparadis.com\/product\/huile-de-miel-jack-herer-dabbers-delight\/\",\"name\":\"Huile de miel Jack Herer Dabber&rsquo;s Delight - Beuh Paradis\",\"isPartOf\":{\"@id\":\"https:\/\/beuhparadis.com\/#website\"},\"primaryImageOfPage\":{\"@id\":\"https:\/\/beuhparadis.com\/product\/huile-de-miel-jack-herer-dabbers-delight\/#primaryimage\"},\"image\":{\"@id\":\"https:\/\/beuhparadis.com\/product\/huile-de-miel-jack-herer-dabbers-delight\/#primaryimage\"},\"thumbnailUrl\":\"https:\/\/beuhparadis.com\/wp-content\/uploads\/2024\/12\/Dabbers-Delight-Jack-Herer-Honey-Oi.webp\",\"datePublished\":\"2024-12-10T23:40:47+00:00\",\"dateModified\":\"2024-12-10T23:41:00+00:00\",\"breadcrumb\":{\"@id\":\"https:\/\/beuhparadis.com\/product\/huile-de-miel-jack-herer-dabbers-delight\/#breadcrumb\"},\"inLanguage\":\"es-ES\",\"potentialAction\":[{\"@type\":\"ReadAction\",\"target\":[\"https:\/\/beuhparadis.com\/product\/huile-de-miel-jack-herer-dabbers-delight\/\"]}]},{\"@type\":\"ImageObject\",\"inLanguage\":\"es-ES\",\"@id\":\"https:\/\/beuhparadis.com\/product\/huile-de-miel-jack-herer-dabbers-delight\/#primaryimage\",\"url\":\"https:\/\/beuhparadis.com\/wp-content\/uploads\/2024\/12\/Dabbers-Delight-Jack-Herer-Honey-Oi.webp\",\"contentUrl\":\"https:\/\/beuhparadis.com\/wp-content\/uploads\/2024\/12\/Dabbers-Delight-Jack-Herer-Honey-Oi.webp\",\"width\":1000,\"height\":1000},{\"@type\":\"BreadcrumbList\",\"@id\":\"https:\/\/beuhparadis.com\/product\/huile-de-miel-jack-herer-dabbers-delight\/#breadcrumb\",\"itemListElement\":[{\"@type\":\"ListItem\",\"position\":1,\"name\":\"Home\",\"item\":\"https:\/\/beuhparadis.com\/\"},{\"@type\":\"ListItem\",\"position\":2,\"name\":\"Shop\",\"item\":\"https:\/\/beuhparadis.com\/shop\/\"},{\"@type\":\"ListItem\",\"position\":3,\"name\":\"Huile de miel Jack Herer Dabber&rsquo;s Delight\"}]},{\"@type\":\"WebSite\",\"@id\":\"https:\/\/beuhparadis.com\/#website\",\"url\":\"https:\/\/beuhparadis.com\/\",\"name\":\"Beuh Paradis\",\"description\":\"\",\"potentialAction\":[{\"@type\":\"SearchAction\",\"target\":{\"@type\":\"EntryPoint\",\"urlTemplate\":\"https:\/\/beuhparadis.com\/?s={search_term_string}\"},\"query-input\":{\"@type\":\"PropertyValueSpecification\",\"valueRequired\":true,\"valueName\":\"search_term_string\"}}],\"inLanguage\":\"es-ES\"}]}<\/script>\n<!-- \/ Yoast SEO Premium plugin. -->","yoast_head_json":{"title":"Aceite de Miel Jack Herer Dabber's Delight - Beuh Paradis","robots":{"index":"index","follow":"follow","max-snippet":"max-snippet:-1","max-image-preview":"max-image-preview:large","max-video-preview":"max-video-preview:-1"},"canonical":"https:\/\/beuhparadis.com\/es\/product\/huile-de-miel-jack-herer-dabbers-delight\/","og_locale":"es_ES","og_type":"article","og_title":"Huile de miel Jack Herer Dabber&rsquo;s Delight","og_description":"THC: 60% Effets M\u00e9dicaux: Id\u00e9ale pour ceux \u00e0 la recherche d&rsquo;un soulagement du stress, de l&rsquo;anxi\u00e9t\u00e9 et des douleurs, tout en stimulant la cr\u00e9ativit\u00e9.","og_url":"https:\/\/beuhparadis.com\/es\/product\/huile-de-miel-jack-herer-dabbers-delight\/","og_site_name":"Beuh Paradis","article_modified_time":"2024-12-10T23:41:00+00:00","twitter_card":"summary_large_image","twitter_misc":{"Tiempo de lectura":"3 minutes"},"schema":{"@context":"https:\/\/schema.org","@graph":[{"@type":"WebPage","@id":"https:\/\/beuhparadis.com\/product\/huile-de-miel-jack-herer-dabbers-delight\/","url":"https:\/\/beuhparadis.com\/product\/huile-de-miel-jack-herer-dabbers-delight\/","name":"Aceite de Miel Jack Herer Dabber's Delight - Beuh Paradis","isPartOf":{"@id":"https:\/\/beuhparadis.com\/#website"},"primaryImageOfPage":{"@id":"https:\/\/beuhparadis.com\/product\/huile-de-miel-jack-herer-dabbers-delight\/#primaryimage"},"image":{"@id":"https:\/\/beuhparadis.com\/product\/huile-de-miel-jack-herer-dabbers-delight\/#primaryimage"},"thumbnailUrl":"https:\/\/beuhparadis.com\/wp-content\/uploads\/2024\/12\/Dabbers-Delight-Jack-Herer-Honey-Oi.webp","datePublished":"2024-12-10T23:40:47+00:00","dateModified":"2024-12-10T23:41:00+00:00","breadcrumb":{"@id":"https:\/\/beuhparadis.com\/product\/huile-de-miel-jack-herer-dabbers-delight\/#breadcrumb"},"inLanguage":"es-ES","potentialAction":[{"@type":"ReadAction","target":["https:\/\/beuhparadis.com\/product\/huile-de-miel-jack-herer-dabbers-delight\/"]}]},{"@type":"ImageObject","inLanguage":"es-ES","@id":"https:\/\/beuhparadis.com\/product\/huile-de-miel-jack-herer-dabbers-delight\/#primaryimage","url":"https:\/\/beuhparadis.com\/wp-content\/uploads\/2024\/12\/Dabbers-Delight-Jack-Herer-Honey-Oi.webp","contentUrl":"https:\/\/beuhparadis.com\/wp-content\/uploads\/2024\/12\/Dabbers-Delight-Jack-Herer-Honey-Oi.webp","width":1000,"height":1000},{"@type":"BreadcrumbList","@id":"https:\/\/beuhparadis.com\/product\/huile-de-miel-jack-herer-dabbers-delight\/#breadcrumb","itemListElement":[{"@type":"ListItem","position":1,"name":"Home","item":"https:\/\/beuhparadis.com\/"},{"@type":"ListItem","position":2,"name":"Shop","item":"https:\/\/beuhparadis.com\/shop\/"},{"@type":"ListItem","position":3,"name":"Huile de miel Jack Herer Dabber&rsquo;s Delight"}]},{"@type":"WebSite","@id":"https:\/\/beuhparadis.com\/#website","url":"https:\/\/beuhparadis.com\/","name":"Beuh Paradis","description":"","potentialAction":[{"@type":"SearchAction","target":{"@type":"EntryPoint","urlTemplate":"https:\/\/beuhparadis.com\/?s={search_term_string}"},"query-input":{"@type":"PropertyValueSpecification","valueRequired":true,"valueName":"search_term_string"}}],"inLanguage":"es-ES"}]}},"_links":{"self":[{"href":"https:\/\/beuhparadis.com\/es\/wp-json\/wp\/v2\/product\/1451","targetHints":{"allow":["GET"]}}],"collection":[{"href":"https:\/\/beuhparadis.com\/es\/wp-json\/wp\/v2\/product"}],"about":[{"href":"https:\/\/beuhparadis.com\/es\/wp-json\/wp\/v2\/types\/product"}],"replies":[{"embeddable":true,"href":"https:\/\/beuhparadis.com\/es\/wp-json\/wp\/v2\/comments?post=1451"}],"wp:featuredmedia":[{"embeddable":true,"href":"https:\/\/beuhparadis.com\/es\/wp-json\/wp\/v2\/media\/1461"}],"wp:attachment":[{"href":"https:\/\/beuhparadis.com\/es\/wp-json\/wp\/v2\/media?parent=1451"}],"wp:term":[{"taxonomy":"product_brand","embeddable":true,"href":"https:\/\/beuhparadis.com\/es\/wp-json\/wp\/v2\/product_brand?post=1451"},{"taxonomy":"product_cat","embeddable":true,"href":"https:\/\/beuhparadis.com\/es\/wp-json\/wp\/v2\/product_cat?post=1451"},{"taxonomy":"product_tag","embeddable":true,"href":"https:\/\/beuhparadis.com\/es\/wp-json\/wp\/v2\/product_tag?post=1451"}],"curies":[{"name":"wp","href":"https:\/\/api.w.org\/{rel}","templated":true}]}}