{"id":1439,"date":"2024-12-10T23:40:47","date_gmt":"2024-12-10T23:40:47","guid":{"rendered":"https:\/\/beuhparadis.com\/?post_type=product&#038;p=1439"},"modified":"2024-12-10T23:41:00","modified_gmt":"2024-12-10T23:41:00","slug":"huile-de-noix-de-coco-gaia-thc-200-mg","status":"publish","type":"product","link":"https:\/\/beuhparadis.com\/es\/product\/huile-de-noix-de-coco-gaia-thc-200-mg\/","title":{"rendered":"Gaia Aceite de Coco THC 200 mg"},"content":{"rendered":"<h1 class=\"wp-block-heading\">Aceite de coco Gaia<\/h1>\n<p>Descubre Gaia Coconut Oil, un aceite de cannabis enriquecido con THC elaborado con aceite de coco virgen prensado en fr\u00edo y destilado de THC. Utilizando ingredientes org\u00e1nicos de la m\u00e1s alta calidad, este aceite de coco es el suplemento perfecto para el uso diario, ofreciendo m\u00faltiples beneficios para la salud.<\/p>\n<h2 class=\"wp-block-heading\">Composici\u00f3n del aceite de THC<\/h2>\n<ul class=\"wp-block-list\">\n<li><strong>Ingredientes:<\/strong> Aceite de coco virgen prensado en fr\u00edo y destilado de THC.<\/li>\n<li><strong>Dosificaci\u00f3n:<\/strong> 200mg de THC para una f\u00e1cil integraci\u00f3n en tu rutina de bienestar.<\/li>\n<\/ul>\n<h2 class=\"wp-block-heading\">THC y CBD (incluidos los porcentajes)<\/h2>\n<ul class=\"wp-block-list\">\n<li>Este aceite contiene principalmente THC, con una dosis precisa de <strong>200 mg<\/strong> por cada envase. El porcentaje de CBD es m\u00ednimo o inexistente, lo que acent\u00faa los efectos del THC.<\/li>\n<\/ul>\n<h2 class=\"wp-block-heading\">\u00bfD\u00f3nde puedo comprar aceite de coco Gaia en Internet?<\/h2>\n<p>El aceite de coco Gaia est\u00e1 disponible en l\u00ednea en <strong>Buyducannabis<\/strong>donde podr\u00e1 disfrutar de una calidad garantizada y una entrega fiable.<\/p>\n<h2 class=\"wp-block-heading\">Efectos, aroma y sabor<\/h2>\n<h3 class=\"wp-block-heading\">Efecto<\/h3>\n<ul class=\"wp-block-list\">\n<li>Proporciona una sensaci\u00f3n de bienestar y relajaci\u00f3n, perfecta para el uso diario.<\/li>\n<\/ul>\n<h3 class=\"wp-block-heading\">Sabor y gusto<\/h3>\n<ul class=\"wp-block-list\">\n<li>Disfrute de las notas dulces y tropicales naturales del aceite de coco, sin aromas artificiales a\u00f1adidos.<\/li>\n<\/ul>\n<h2 class=\"wp-block-heading\">Efectos m\u00e9dicos<\/h2>\n<ul class=\"wp-block-list\">\n<li>El aceite de coco es famoso por sus beneficios para la salud, sobre todo en t\u00e9rminos de relajaci\u00f3n y mejora del bienestar general.<\/li>\n<\/ul>\n<h3 class=\"wp-block-heading\">Puede aliviar<\/h3>\n<ul class=\"wp-block-list\">\n<li>Estr\u00e9s, ansiedad, dolor leve, mejora del sue\u00f1o.<\/li>\n<\/ul>\n<h2 class=\"wp-block-heading\">Elegir el aceite de THC adecuado<\/h2>\n<p>Elige el Aceite de Coco Gaia si buscas una soluci\u00f3n natural y org\u00e1nica para incorporar el THC a tu rutina de cuidado de la piel.<\/p>\n<h2 class=\"wp-block-heading\">Usos del aceite de coco THC Gaia<\/h2>\n<p>Perfecto para uso culinario, como complemento alimenticio o para aplicar sobre la piel, gracias a su base de aceite de coco.<\/p>\n<h2 class=\"wp-block-heading\">\u00bfC\u00f3mo debe conservarse el aceite de THC?<\/h2>\n<p>Conserve el aceite en un lugar fresco y oscuro para mantener su frescura y potencia.<\/p>\n<h2 class=\"wp-block-heading\">\u00bfPor qu\u00e9 comprar Aceite de Coco Gaia en Acheterducannabis?<\/h2>\n<p><a href=\"https:\/\/acheterducannabis.fr\/\" data-type=\"link\" data-id=\"https:\/\/acheterducannabis.fr\/\">Buyducannabis<\/a> se compromete a ofrecer productos de la m\u00e1xima calidad con una entrega r\u00e1pida y segura para una \u00f3ptima satisfacci\u00f3n del cliente.<\/p>\n<h2 class=\"wp-block-heading\">Ley sobre la venta de aceite de THC en Europa<\/h2>\n<p>La venta y el consumo de aceite de THC, incluido el Aceite de Coco Gaia, est\u00e1n regulados en Europa. Es aconsejable comprobar las leyes locales antes de comprar.<\/p>\n<p>El Aceite de Coco Gaia es la soluci\u00f3n ideal para aquellos que buscan disfrutar de los beneficios del THC a la vez que aprovechan las ventajas naturales del aceite de coco. Disponible exclusivamente en Acheterducannabis, este aceite facilita la incorporaci\u00f3n del cannabis a tu vida diaria de forma sana y natural.<\/p>","protected":false},"excerpt":{"rendered":"<p><strong>THC:<\/strong> 60%<br \/> <strong>Efectos m\u00e9dicos:<\/strong><br \/> El aceite de coco es famoso por sus beneficios para la salud, sobre todo en t\u00e9rminos de relajaci\u00f3n y mejora del bienestar general.<\/p>","protected":false},"featured_media":1459,"comment_status":"closed","ping_status":"closed","template":"","meta":{"site-sidebar-layout":"default","site-content-layout":"","ast-site-content-layout":"","site-content-style":"default","site-sidebar-style":"default","ast-global-header-display":"","ast-banner-title-visibility":"","ast-main-header-display":"","ast-hfb-above-header-display":"","ast-hfb-below-header-display":"","ast-hfb-mobile-header-display":"","site-post-title":"","ast-breadcrumbs-content":"","ast-featured-img":"","footer-sml-layout":"","theme-transparent-header-meta":"","adv-header-id-meta":"","stick-header-meta":"","header-above-stick-meta":"","header-main-stick-meta":"","header-below-stick-meta":"","astra-migrate-meta-layouts":"default","ast-page-background-enabled":"default","ast-page-background-meta":{"desktop":{"background-color":"","background-image":"","background-repeat":"repeat","background-position":"center center","background-size":"auto","background-attachment":"scroll","background-type":"","background-media":"","overlay-type":"","overlay-color":"","overlay-opacity":"","overlay-gradient":""},"tablet":{"background-color":"","background-image":"","background-repeat":"repeat","background-position":"center center","background-size":"auto","background-attachment":"scroll","background-type":"","background-media":"","overlay-type":"","overlay-color":"","overlay-opacity":"","overlay-gradient":""},"mobile":{"background-color":"","background-image":"","background-repeat":"repeat","background-position":"center center","background-size":"auto","background-attachment":"scroll","background-type":"","background-media":"","overlay-type":"","overlay-color":"","overlay-opacity":"","overlay-gradient":""}},"ast-content-background-meta":{"desktop":{"background-color":"var(--ast-global-color-5)","background-image":"","background-repeat":"repeat","background-position":"center center","background-size":"auto","background-attachment":"scroll","background-type":"","background-media":"","overlay-type":"","overlay-color":"","overlay-opacity":"","overlay-gradient":""},"tablet":{"background-color":"var(--ast-global-color-5)","background-image":"","background-repeat":"repeat","background-position":"center center","background-size":"auto","background-attachment":"scroll","background-type":"","background-media":"","overlay-type":"","overlay-color":"","overlay-opacity":"","overlay-gradient":""},"mobile":{"background-color":"var(--ast-global-color-5)","background-image":"","background-repeat":"repeat","background-position":"center center","background-size":"auto","background-attachment":"scroll","background-type":"","background-media":"","overlay-type":"","overlay-color":"","overlay-opacity":"","overlay-gradient":""}},"_joinchat":[]},"product_brand":[],"product_cat":[36],"product_tag":[],"class_list":{"0":"post-1439","1":"product","2":"type-product","3":"status-publish","4":"has-post-thumbnail","6":"product_cat-huile-thc","7":"desktop-align-left","8":"tablet-align-left","9":"mobile-align-left","11":"first","12":"instock","13":"shipping-taxable","14":"purchasable","15":"product-type-variable"},"yoast_head":"<!-- This site is optimized with the Yoast SEO Premium plugin v24.1 (Yoast SEO v26.8) - https:\/\/yoast.com\/product\/yoast-seo-premium-wordpress\/ -->\n<title>Huile de noix de coco Gaia THC 200 mg - Beuh Paradis<\/title>\n<meta name=\"robots\" content=\"index, follow, max-snippet:-1, max-image-preview:large, max-video-preview:-1\" \/>\n<link rel=\"canonical\" href=\"https:\/\/beuhparadis.com\/es\/product\/huile-de-noix-de-coco-gaia-thc-200-mg\/\" \/>\n<meta property=\"og:locale\" content=\"es_ES\" \/>\n<meta property=\"og:type\" content=\"article\" \/>\n<meta property=\"og:title\" content=\"Huile de noix de coco Gaia THC 200 mg\" \/>\n<meta property=\"og:description\" content=\"THC: 60% Effets M\u00e9dicaux: Cette huile de noix de coco est r\u00e9put\u00e9e pour ses bienfaits sur la sant\u00e9, notamment en termes de relaxation et d&rsquo;am\u00e9lioration du bien-\u00eatre g\u00e9n\u00e9ral.\" \/>\n<meta property=\"og:url\" content=\"https:\/\/beuhparadis.com\/es\/product\/huile-de-noix-de-coco-gaia-thc-200-mg\/\" \/>\n<meta property=\"og:site_name\" content=\"Beuh Paradis\" \/>\n<meta property=\"article:modified_time\" content=\"2024-12-10T23:41:00+00:00\" \/>\n<meta name=\"twitter:card\" content=\"summary_large_image\" \/>\n<meta name=\"twitter:label1\" content=\"Tiempo de lectura\" \/>\n\t<meta name=\"twitter:data1\" content=\"3 minutes\" \/>\n<script type=\"application\/ld+json\" class=\"yoast-schema-graph\">{\"@context\":\"https:\/\/schema.org\",\"@graph\":[{\"@type\":\"WebPage\",\"@id\":\"https:\/\/beuhparadis.com\/product\/huile-de-noix-de-coco-gaia-thc-200-mg\/\",\"url\":\"https:\/\/beuhparadis.com\/product\/huile-de-noix-de-coco-gaia-thc-200-mg\/\",\"name\":\"Huile de noix de coco Gaia THC 200 mg - Beuh Paradis\",\"isPartOf\":{\"@id\":\"https:\/\/beuhparadis.com\/#website\"},\"primaryImageOfPage\":{\"@id\":\"https:\/\/beuhparadis.com\/product\/huile-de-noix-de-coco-gaia-thc-200-mg\/#primaryimage\"},\"image\":{\"@id\":\"https:\/\/beuhparadis.com\/product\/huile-de-noix-de-coco-gaia-thc-200-mg\/#primaryimage\"},\"thumbnailUrl\":\"https:\/\/beuhparadis.com\/wp-content\/uploads\/2024\/12\/Gaia-THC-Coconut-Oil-200mg.webp\",\"datePublished\":\"2024-12-10T23:40:47+00:00\",\"dateModified\":\"2024-12-10T23:41:00+00:00\",\"breadcrumb\":{\"@id\":\"https:\/\/beuhparadis.com\/product\/huile-de-noix-de-coco-gaia-thc-200-mg\/#breadcrumb\"},\"inLanguage\":\"es-ES\",\"potentialAction\":[{\"@type\":\"ReadAction\",\"target\":[\"https:\/\/beuhparadis.com\/product\/huile-de-noix-de-coco-gaia-thc-200-mg\/\"]}]},{\"@type\":\"ImageObject\",\"inLanguage\":\"es-ES\",\"@id\":\"https:\/\/beuhparadis.com\/product\/huile-de-noix-de-coco-gaia-thc-200-mg\/#primaryimage\",\"url\":\"https:\/\/beuhparadis.com\/wp-content\/uploads\/2024\/12\/Gaia-THC-Coconut-Oil-200mg.webp\",\"contentUrl\":\"https:\/\/beuhparadis.com\/wp-content\/uploads\/2024\/12\/Gaia-THC-Coconut-Oil-200mg.webp\",\"width\":1000,\"height\":1000},{\"@type\":\"BreadcrumbList\",\"@id\":\"https:\/\/beuhparadis.com\/product\/huile-de-noix-de-coco-gaia-thc-200-mg\/#breadcrumb\",\"itemListElement\":[{\"@type\":\"ListItem\",\"position\":1,\"name\":\"Home\",\"item\":\"https:\/\/beuhparadis.com\/\"},{\"@type\":\"ListItem\",\"position\":2,\"name\":\"Shop\",\"item\":\"https:\/\/beuhparadis.com\/shop\/\"},{\"@type\":\"ListItem\",\"position\":3,\"name\":\"Huile de noix de coco Gaia THC 200 mg\"}]},{\"@type\":\"WebSite\",\"@id\":\"https:\/\/beuhparadis.com\/#website\",\"url\":\"https:\/\/beuhparadis.com\/\",\"name\":\"Beuh Paradis\",\"description\":\"\",\"potentialAction\":[{\"@type\":\"SearchAction\",\"target\":{\"@type\":\"EntryPoint\",\"urlTemplate\":\"https:\/\/beuhparadis.com\/?s={search_term_string}\"},\"query-input\":{\"@type\":\"PropertyValueSpecification\",\"valueRequired\":true,\"valueName\":\"search_term_string\"}}],\"inLanguage\":\"es-ES\"}]}<\/script>\n<!-- \/ Yoast SEO Premium plugin. -->","yoast_head_json":{"title":"Gaia Aceite de Coco THC 200 mg - Beuh Paradis","robots":{"index":"index","follow":"follow","max-snippet":"max-snippet:-1","max-image-preview":"max-image-preview:large","max-video-preview":"max-video-preview:-1"},"canonical":"https:\/\/beuhparadis.com\/es\/product\/huile-de-noix-de-coco-gaia-thc-200-mg\/","og_locale":"es_ES","og_type":"article","og_title":"Huile de noix de coco Gaia THC 200 mg","og_description":"THC: 60% Effets M\u00e9dicaux: Cette huile de noix de coco est r\u00e9put\u00e9e pour ses bienfaits sur la sant\u00e9, notamment en termes de relaxation et d&rsquo;am\u00e9lioration du bien-\u00eatre g\u00e9n\u00e9ral.","og_url":"https:\/\/beuhparadis.com\/es\/product\/huile-de-noix-de-coco-gaia-thc-200-mg\/","og_site_name":"Beuh Paradis","article_modified_time":"2024-12-10T23:41:00+00:00","twitter_card":"summary_large_image","twitter_misc":{"Tiempo de lectura":"3 minutes"},"schema":{"@context":"https:\/\/schema.org","@graph":[{"@type":"WebPage","@id":"https:\/\/beuhparadis.com\/product\/huile-de-noix-de-coco-gaia-thc-200-mg\/","url":"https:\/\/beuhparadis.com\/product\/huile-de-noix-de-coco-gaia-thc-200-mg\/","name":"Gaia Aceite de Coco THC 200 mg - Beuh Paradis","isPartOf":{"@id":"https:\/\/beuhparadis.com\/#website"},"primaryImageOfPage":{"@id":"https:\/\/beuhparadis.com\/product\/huile-de-noix-de-coco-gaia-thc-200-mg\/#primaryimage"},"image":{"@id":"https:\/\/beuhparadis.com\/product\/huile-de-noix-de-coco-gaia-thc-200-mg\/#primaryimage"},"thumbnailUrl":"https:\/\/beuhparadis.com\/wp-content\/uploads\/2024\/12\/Gaia-THC-Coconut-Oil-200mg.webp","datePublished":"2024-12-10T23:40:47+00:00","dateModified":"2024-12-10T23:41:00+00:00","breadcrumb":{"@id":"https:\/\/beuhparadis.com\/product\/huile-de-noix-de-coco-gaia-thc-200-mg\/#breadcrumb"},"inLanguage":"es-ES","potentialAction":[{"@type":"ReadAction","target":["https:\/\/beuhparadis.com\/product\/huile-de-noix-de-coco-gaia-thc-200-mg\/"]}]},{"@type":"ImageObject","inLanguage":"es-ES","@id":"https:\/\/beuhparadis.com\/product\/huile-de-noix-de-coco-gaia-thc-200-mg\/#primaryimage","url":"https:\/\/beuhparadis.com\/wp-content\/uploads\/2024\/12\/Gaia-THC-Coconut-Oil-200mg.webp","contentUrl":"https:\/\/beuhparadis.com\/wp-content\/uploads\/2024\/12\/Gaia-THC-Coconut-Oil-200mg.webp","width":1000,"height":1000},{"@type":"BreadcrumbList","@id":"https:\/\/beuhparadis.com\/product\/huile-de-noix-de-coco-gaia-thc-200-mg\/#breadcrumb","itemListElement":[{"@type":"ListItem","position":1,"name":"Home","item":"https:\/\/beuhparadis.com\/"},{"@type":"ListItem","position":2,"name":"Shop","item":"https:\/\/beuhparadis.com\/shop\/"},{"@type":"ListItem","position":3,"name":"Huile de noix de coco Gaia THC 200 mg"}]},{"@type":"WebSite","@id":"https:\/\/beuhparadis.com\/#website","url":"https:\/\/beuhparadis.com\/","name":"Beuh Paradis","description":"","potentialAction":[{"@type":"SearchAction","target":{"@type":"EntryPoint","urlTemplate":"https:\/\/beuhparadis.com\/?s={search_term_string}"},"query-input":{"@type":"PropertyValueSpecification","valueRequired":true,"valueName":"search_term_string"}}],"inLanguage":"es-ES"}]}},"_links":{"self":[{"href":"https:\/\/beuhparadis.com\/es\/wp-json\/wp\/v2\/product\/1439","targetHints":{"allow":["GET"]}}],"collection":[{"href":"https:\/\/beuhparadis.com\/es\/wp-json\/wp\/v2\/product"}],"about":[{"href":"https:\/\/beuhparadis.com\/es\/wp-json\/wp\/v2\/types\/product"}],"replies":[{"embeddable":true,"href":"https:\/\/beuhparadis.com\/es\/wp-json\/wp\/v2\/comments?post=1439"}],"wp:featuredmedia":[{"embeddable":true,"href":"https:\/\/beuhparadis.com\/es\/wp-json\/wp\/v2\/media\/1459"}],"wp:attachment":[{"href":"https:\/\/beuhparadis.com\/es\/wp-json\/wp\/v2\/media?parent=1439"}],"wp:term":[{"taxonomy":"product_brand","embeddable":true,"href":"https:\/\/beuhparadis.com\/es\/wp-json\/wp\/v2\/product_brand?post=1439"},{"taxonomy":"product_cat","embeddable":true,"href":"https:\/\/beuhparadis.com\/es\/wp-json\/wp\/v2\/product_cat?post=1439"},{"taxonomy":"product_tag","embeddable":true,"href":"https:\/\/beuhparadis.com\/es\/wp-json\/wp\/v2\/product_tag?post=1439"}],"curies":[{"name":"wp","href":"https:\/\/api.w.org\/{rel}","templated":true}]}}