{"id":1433,"date":"2024-12-10T23:40:47","date_gmt":"2024-12-10T23:40:47","guid":{"rendered":"https:\/\/beuhparadis.com\/?post_type=product&#038;p=1433"},"modified":"2024-12-10T23:41:00","modified_gmt":"2024-12-10T23:41:00","slug":"huile-gaia-wellness-indica-rso-1-ml","status":"publish","type":"product","link":"https:\/\/beuhparadis.com\/es\/product\/huile-gaia-wellness-indica-rso-1-ml\/","title":{"rendered":"Gaia Wellness Aceite Indica RSO 1 ml"},"content":{"rendered":"<h1 class=\"wp-block-heading\">Comprar Gaia Wellness Aceite Indica RSO<\/h1>\n<p>Descubre Gaia Wellness Indica RSO, un extracto de espectro completo altamente eficaz tambi\u00e9n conocido como L\u00e1grimas de F\u00e9nix. Producido a partir de la planta de cannabis, este aceite captura todos los cannabinoides beneficiosos desde el punto de vista medicinal, dando como resultado un medicamento potente y eficaz para consumo oral.<\/p>\n<h2 class=\"wp-block-heading\">Composici\u00f3n del aceite de THC<\/h2>\n<ul class=\"wp-block-list\">\n<li><strong>Ingredientes:<\/strong> Extracto de espectro completo rico en cannabinoides medicinales beneficiosos.<\/li>\n<li><strong>Dosificaci\u00f3n:<\/strong> 1ml, recomend\u00e1ndose un uso gradual, comenzando con una dosis del tama\u00f1o de medio grano de arroz.<\/li>\n<\/ul>\n<h2 class=\"wp-block-heading\">THC y CBD (incluidos los porcentajes)<\/h2>\n<p>Gaia Wellness Indica RSO es conocida por su alta concentraci\u00f3n de THC, esencial para su eficacia medicinal. Los porcentajes espec\u00edficos de THC y CBD est\u00e1n adaptados para maximizar los beneficios terap\u00e9uticos.<\/p>\n<h2 class=\"wp-block-heading\">\u00bfD\u00f3nde puedo comprar el Aceite Gaia Wellness Indica RSO online?<\/h2>\n<p>Gaia Wellness Indica RSO est\u00e1 disponible en l\u00ednea en <a href=\"https:\/\/acheterducannabis.fr\/\" data-type=\"link\" data-id=\"https:\/\/acheterducannabis.fr\/\">Buyducannabis<\/a>ofreciendo calidad garantizada y entrega fiable en Europa.<\/p>\n<h2 class=\"wp-block-heading\">Efectos, aroma y sabor<\/h2>\n<h3 class=\"wp-block-heading\">Efecto<\/h3>\n<ul class=\"wp-block-list\">\n<li>Proporciona alivio y relajaci\u00f3n profundos, ideal para el estr\u00e9s, la ansiedad, los espasmos musculares, el insomnio, las convulsiones y los dolores de cabeza.<\/li>\n<\/ul>\n<h3 class=\"wp-block-heading\">Sabor y gusto<\/h3>\n<ul class=\"wp-block-list\">\n<li>El aroma y el sabor se caracterizan por notas profundas y terrosas, t\u00edpicas de las cepas Indica.<\/li>\n<\/ul>\n<h2 class=\"wp-block-heading\">Efectos m\u00e9dicos<\/h2>\n<ul class=\"wp-block-list\">\n<li>Especialmente beneficioso para las personas que padecen enfermedades graves, dolores cr\u00f3nicos y dolencias diversas.<\/li>\n<\/ul>\n<h3 class=\"wp-block-heading\">Puede aliviar<\/h3>\n<ul class=\"wp-block-list\">\n<li>Dolor, ansiedad, insomnio, espasmos musculares, convulsiones, dolores de cabeza.<\/li>\n<\/ul>\n<h2 class=\"wp-block-heading\">Elegir el aceite de THC adecuado<\/h2>\n<p>El aceite RSO Indica est\u00e1 recomendado para aquellos que buscan el profundo efecto calmante y sedante de las cepas Indica.<\/p>\n<h2 class=\"wp-block-heading\">Usos del Aceite Indica Gaia Wellness RSO THC<\/h2>\n<p>Consumo oral, aplicaci\u00f3n cut\u00e1nea diluida o incorporaci\u00f3n a comestibles para una administraci\u00f3n vers\u00e1til.<\/p>\n<h2 class=\"wp-block-heading\">\u00bfC\u00f3mo debe conservarse el aceite de THC?<\/h2>\n<p>Gu\u00e1rdelo en un lugar fresco y oscuro para mantener su fuerza y frescura.<\/p>\n<h2 class=\"wp-block-heading\">\u00bfPor qu\u00e9 comprar Gaia Wellness Indica RSO en Acheterducannabis?<\/h2>\n<p>Acheterducannabis es reconocida por la alta calidad de sus productos, garantizando la total satisfacci\u00f3n de sus clientes.<\/p>\n<h2 class=\"wp-block-heading\">Ley sobre la venta de aceite de THC en Europa<\/h2>\n<p>La venta y el consumo de aceite de THC, incluido el Gaia Wellness Indica RSO, est\u00e1n regulados en Europa. Es importante informarse sobre las leyes locales antes de comprar.<\/p>\n<p>El aceite RSO Gaia Wellness Indica es una poderosa soluci\u00f3n para aquellos que buscan un tratamiento natural y eficaz para una variedad de condiciones m\u00e9dicas. Disponible exclusivamente en Acheterducannabis, este aceite RSO ofrece un enfoque terap\u00e9utico para aquellos que buscan mejorar su calidad de vida a trav\u00e9s del potencial curativo del cannabis.<\/p>","protected":false},"excerpt":{"rendered":"<p><strong>THC:<\/strong> 82%<\/p>\n<p><strong>Efectos m\u00e9dicos:<\/strong><br \/> Especialmente beneficioso para las personas que padecen enfermedades graves, dolores cr\u00f3nicos y dolencias diversas.<\/p>","protected":false},"featured_media":1458,"comment_status":"closed","ping_status":"closed","template":"","meta":{"site-sidebar-layout":"default","site-content-layout":"","ast-site-content-layout":"","site-content-style":"default","site-sidebar-style":"default","ast-global-header-display":"","ast-banner-title-visibility":"","ast-main-header-display":"","ast-hfb-above-header-display":"","ast-hfb-below-header-display":"","ast-hfb-mobile-header-display":"","site-post-title":"","ast-breadcrumbs-content":"","ast-featured-img":"","footer-sml-layout":"","theme-transparent-header-meta":"","adv-header-id-meta":"","stick-header-meta":"","header-above-stick-meta":"","header-main-stick-meta":"","header-below-stick-meta":"","astra-migrate-meta-layouts":"default","ast-page-background-enabled":"default","ast-page-background-meta":{"desktop":{"background-color":"","background-image":"","background-repeat":"repeat","background-position":"center center","background-size":"auto","background-attachment":"scroll","background-type":"","background-media":"","overlay-type":"","overlay-color":"","overlay-opacity":"","overlay-gradient":""},"tablet":{"background-color":"","background-image":"","background-repeat":"repeat","background-position":"center center","background-size":"auto","background-attachment":"scroll","background-type":"","background-media":"","overlay-type":"","overlay-color":"","overlay-opacity":"","overlay-gradient":""},"mobile":{"background-color":"","background-image":"","background-repeat":"repeat","background-position":"center center","background-size":"auto","background-attachment":"scroll","background-type":"","background-media":"","overlay-type":"","overlay-color":"","overlay-opacity":"","overlay-gradient":""}},"ast-content-background-meta":{"desktop":{"background-color":"var(--ast-global-color-5)","background-image":"","background-repeat":"repeat","background-position":"center center","background-size":"auto","background-attachment":"scroll","background-type":"","background-media":"","overlay-type":"","overlay-color":"","overlay-opacity":"","overlay-gradient":""},"tablet":{"background-color":"var(--ast-global-color-5)","background-image":"","background-repeat":"repeat","background-position":"center center","background-size":"auto","background-attachment":"scroll","background-type":"","background-media":"","overlay-type":"","overlay-color":"","overlay-opacity":"","overlay-gradient":""},"mobile":{"background-color":"var(--ast-global-color-5)","background-image":"","background-repeat":"repeat","background-position":"center center","background-size":"auto","background-attachment":"scroll","background-type":"","background-media":"","overlay-type":"","overlay-color":"","overlay-opacity":"","overlay-gradient":""}},"_joinchat":[]},"product_brand":[],"product_cat":[36],"product_tag":[],"class_list":{"0":"post-1433","1":"product","2":"type-product","3":"status-publish","4":"has-post-thumbnail","6":"product_cat-huile-thc","7":"desktop-align-left","8":"tablet-align-left","9":"mobile-align-left","11":"first","12":"instock","13":"shipping-taxable","14":"purchasable","15":"product-type-variable"},"yoast_head":"<!-- This site is optimized with the Yoast SEO Premium plugin v24.1 (Yoast SEO v26.8) - https:\/\/yoast.com\/product\/yoast-seo-premium-wordpress\/ -->\n<title>Huile Gaia Wellness Indica RSO 1 ml - Beuh Paradis<\/title>\n<meta name=\"robots\" content=\"index, follow, max-snippet:-1, max-image-preview:large, max-video-preview:-1\" \/>\n<link rel=\"canonical\" href=\"https:\/\/beuhparadis.com\/es\/product\/huile-gaia-wellness-indica-rso-1-ml\/\" \/>\n<meta property=\"og:locale\" content=\"es_ES\" \/>\n<meta property=\"og:type\" content=\"article\" \/>\n<meta property=\"og:title\" content=\"Huile Gaia Wellness Indica RSO 1 ml\" \/>\n<meta property=\"og:description\" content=\"THC: 82% Effets M\u00e9dicaux: Particuli\u00e8rement b\u00e9n\u00e9fique pour les personnes souffrant de maladies graves, de douleurs chroniques et diverses affections.\" \/>\n<meta property=\"og:url\" content=\"https:\/\/beuhparadis.com\/es\/product\/huile-gaia-wellness-indica-rso-1-ml\/\" \/>\n<meta property=\"og:site_name\" content=\"Beuh Paradis\" \/>\n<meta property=\"article:modified_time\" content=\"2024-12-10T23:41:00+00:00\" \/>\n<meta name=\"twitter:card\" content=\"summary_large_image\" \/>\n<meta name=\"twitter:label1\" content=\"Tiempo de lectura\" \/>\n\t<meta name=\"twitter:data1\" content=\"2 minutes\" \/>\n<script type=\"application\/ld+json\" class=\"yoast-schema-graph\">{\"@context\":\"https:\/\/schema.org\",\"@graph\":[{\"@type\":\"WebPage\",\"@id\":\"https:\/\/beuhparadis.com\/product\/huile-gaia-wellness-indica-rso-1-ml\/\",\"url\":\"https:\/\/beuhparadis.com\/product\/huile-gaia-wellness-indica-rso-1-ml\/\",\"name\":\"Huile Gaia Wellness Indica RSO 1 ml - Beuh Paradis\",\"isPartOf\":{\"@id\":\"https:\/\/beuhparadis.com\/#website\"},\"primaryImageOfPage\":{\"@id\":\"https:\/\/beuhparadis.com\/product\/huile-gaia-wellness-indica-rso-1-ml\/#primaryimage\"},\"image\":{\"@id\":\"https:\/\/beuhparadis.com\/product\/huile-gaia-wellness-indica-rso-1-ml\/#primaryimage\"},\"thumbnailUrl\":\"https:\/\/beuhparadis.com\/wp-content\/uploads\/2024\/12\/Gaia-Wellness-Indica-RSO-Oil-1ml.webp\",\"datePublished\":\"2024-12-10T23:40:47+00:00\",\"dateModified\":\"2024-12-10T23:41:00+00:00\",\"breadcrumb\":{\"@id\":\"https:\/\/beuhparadis.com\/product\/huile-gaia-wellness-indica-rso-1-ml\/#breadcrumb\"},\"inLanguage\":\"es-ES\",\"potentialAction\":[{\"@type\":\"ReadAction\",\"target\":[\"https:\/\/beuhparadis.com\/product\/huile-gaia-wellness-indica-rso-1-ml\/\"]}]},{\"@type\":\"ImageObject\",\"inLanguage\":\"es-ES\",\"@id\":\"https:\/\/beuhparadis.com\/product\/huile-gaia-wellness-indica-rso-1-ml\/#primaryimage\",\"url\":\"https:\/\/beuhparadis.com\/wp-content\/uploads\/2024\/12\/Gaia-Wellness-Indica-RSO-Oil-1ml.webp\",\"contentUrl\":\"https:\/\/beuhparadis.com\/wp-content\/uploads\/2024\/12\/Gaia-Wellness-Indica-RSO-Oil-1ml.webp\",\"width\":1000,\"height\":1000},{\"@type\":\"BreadcrumbList\",\"@id\":\"https:\/\/beuhparadis.com\/product\/huile-gaia-wellness-indica-rso-1-ml\/#breadcrumb\",\"itemListElement\":[{\"@type\":\"ListItem\",\"position\":1,\"name\":\"Home\",\"item\":\"https:\/\/beuhparadis.com\/\"},{\"@type\":\"ListItem\",\"position\":2,\"name\":\"Shop\",\"item\":\"https:\/\/beuhparadis.com\/shop\/\"},{\"@type\":\"ListItem\",\"position\":3,\"name\":\"Huile Gaia Wellness Indica RSO 1 ml\"}]},{\"@type\":\"WebSite\",\"@id\":\"https:\/\/beuhparadis.com\/#website\",\"url\":\"https:\/\/beuhparadis.com\/\",\"name\":\"Beuh Paradis\",\"description\":\"\",\"potentialAction\":[{\"@type\":\"SearchAction\",\"target\":{\"@type\":\"EntryPoint\",\"urlTemplate\":\"https:\/\/beuhparadis.com\/?s={search_term_string}\"},\"query-input\":{\"@type\":\"PropertyValueSpecification\",\"valueRequired\":true,\"valueName\":\"search_term_string\"}}],\"inLanguage\":\"es-ES\"}]}<\/script>\n<!-- \/ Yoast SEO Premium plugin. -->","yoast_head_json":{"title":"Gaia Wellness Aceite Indica RSO 1 ml - Beuh Paradis","robots":{"index":"index","follow":"follow","max-snippet":"max-snippet:-1","max-image-preview":"max-image-preview:large","max-video-preview":"max-video-preview:-1"},"canonical":"https:\/\/beuhparadis.com\/es\/product\/huile-gaia-wellness-indica-rso-1-ml\/","og_locale":"es_ES","og_type":"article","og_title":"Huile Gaia Wellness Indica RSO 1 ml","og_description":"THC: 82% Effets M\u00e9dicaux: Particuli\u00e8rement b\u00e9n\u00e9fique pour les personnes souffrant de maladies graves, de douleurs chroniques et diverses affections.","og_url":"https:\/\/beuhparadis.com\/es\/product\/huile-gaia-wellness-indica-rso-1-ml\/","og_site_name":"Beuh Paradis","article_modified_time":"2024-12-10T23:41:00+00:00","twitter_card":"summary_large_image","twitter_misc":{"Tiempo de lectura":"2 minutes"},"schema":{"@context":"https:\/\/schema.org","@graph":[{"@type":"WebPage","@id":"https:\/\/beuhparadis.com\/product\/huile-gaia-wellness-indica-rso-1-ml\/","url":"https:\/\/beuhparadis.com\/product\/huile-gaia-wellness-indica-rso-1-ml\/","name":"Gaia Wellness Aceite Indica RSO 1 ml - Beuh Paradis","isPartOf":{"@id":"https:\/\/beuhparadis.com\/#website"},"primaryImageOfPage":{"@id":"https:\/\/beuhparadis.com\/product\/huile-gaia-wellness-indica-rso-1-ml\/#primaryimage"},"image":{"@id":"https:\/\/beuhparadis.com\/product\/huile-gaia-wellness-indica-rso-1-ml\/#primaryimage"},"thumbnailUrl":"https:\/\/beuhparadis.com\/wp-content\/uploads\/2024\/12\/Gaia-Wellness-Indica-RSO-Oil-1ml.webp","datePublished":"2024-12-10T23:40:47+00:00","dateModified":"2024-12-10T23:41:00+00:00","breadcrumb":{"@id":"https:\/\/beuhparadis.com\/product\/huile-gaia-wellness-indica-rso-1-ml\/#breadcrumb"},"inLanguage":"es-ES","potentialAction":[{"@type":"ReadAction","target":["https:\/\/beuhparadis.com\/product\/huile-gaia-wellness-indica-rso-1-ml\/"]}]},{"@type":"ImageObject","inLanguage":"es-ES","@id":"https:\/\/beuhparadis.com\/product\/huile-gaia-wellness-indica-rso-1-ml\/#primaryimage","url":"https:\/\/beuhparadis.com\/wp-content\/uploads\/2024\/12\/Gaia-Wellness-Indica-RSO-Oil-1ml.webp","contentUrl":"https:\/\/beuhparadis.com\/wp-content\/uploads\/2024\/12\/Gaia-Wellness-Indica-RSO-Oil-1ml.webp","width":1000,"height":1000},{"@type":"BreadcrumbList","@id":"https:\/\/beuhparadis.com\/product\/huile-gaia-wellness-indica-rso-1-ml\/#breadcrumb","itemListElement":[{"@type":"ListItem","position":1,"name":"Home","item":"https:\/\/beuhparadis.com\/"},{"@type":"ListItem","position":2,"name":"Shop","item":"https:\/\/beuhparadis.com\/shop\/"},{"@type":"ListItem","position":3,"name":"Huile Gaia Wellness Indica RSO 1 ml"}]},{"@type":"WebSite","@id":"https:\/\/beuhparadis.com\/#website","url":"https:\/\/beuhparadis.com\/","name":"Beuh Paradis","description":"","potentialAction":[{"@type":"SearchAction","target":{"@type":"EntryPoint","urlTemplate":"https:\/\/beuhparadis.com\/?s={search_term_string}"},"query-input":{"@type":"PropertyValueSpecification","valueRequired":true,"valueName":"search_term_string"}}],"inLanguage":"es-ES"}]}},"_links":{"self":[{"href":"https:\/\/beuhparadis.com\/es\/wp-json\/wp\/v2\/product\/1433","targetHints":{"allow":["GET"]}}],"collection":[{"href":"https:\/\/beuhparadis.com\/es\/wp-json\/wp\/v2\/product"}],"about":[{"href":"https:\/\/beuhparadis.com\/es\/wp-json\/wp\/v2\/types\/product"}],"replies":[{"embeddable":true,"href":"https:\/\/beuhparadis.com\/es\/wp-json\/wp\/v2\/comments?post=1433"}],"wp:featuredmedia":[{"embeddable":true,"href":"https:\/\/beuhparadis.com\/es\/wp-json\/wp\/v2\/media\/1458"}],"wp:attachment":[{"href":"https:\/\/beuhparadis.com\/es\/wp-json\/wp\/v2\/media?parent=1433"}],"wp:term":[{"taxonomy":"product_brand","embeddable":true,"href":"https:\/\/beuhparadis.com\/es\/wp-json\/wp\/v2\/product_brand?post=1433"},{"taxonomy":"product_cat","embeddable":true,"href":"https:\/\/beuhparadis.com\/es\/wp-json\/wp\/v2\/product_cat?post=1433"},{"taxonomy":"product_tag","embeddable":true,"href":"https:\/\/beuhparadis.com\/es\/wp-json\/wp\/v2\/product_tag?post=1433"}],"curies":[{"name":"wp","href":"https:\/\/api.w.org\/{rel}","templated":true}]}}