{"id":1422,"date":"2024-12-10T23:40:32","date_gmt":"2024-12-10T23:40:32","guid":{"rendered":"https:\/\/beuhparadis.com\/?post_type=product&#038;p=1422"},"modified":"2024-12-10T23:41:00","modified_gmt":"2024-12-10T23:41:00","slug":"seringue-rso-1ml","status":"publish","type":"product","link":"https:\/\/beuhparadis.com\/es\/product\/seringue-rso-1ml\/","title":{"rendered":"Jeringa 1ML RSO"},"content":{"rendered":"<h1 class=\"wp-block-heading\">Comprar jeringa 1ML RSO<\/h1>\n<p>Descubre RSO 1ML Syringe, un aceite de cannabis concentrado conocido como Rick Simpson Oil (RSO), que se consume principalmente por v\u00eda oral o como supositorio. Tambi\u00e9n puede diluirse con un aceite portador para aplicaci\u00f3n d\u00e9rmica o incorporarse a comestibles. La jeringa RSO contiene altos niveles de cannabinoides y terpenos, lo que le confiere un alto valor medicinal.<\/p>\n<h2 class=\"wp-block-heading\">Composici\u00f3n del aceite de THC<\/h2>\n<ul class=\"wp-block-list\">\n<li><strong>Ingredientes:<\/strong> Alta concentraci\u00f3n de cannabinoides y terpenos para un valor medicinal \u00f3ptimo.<\/li>\n<li><strong>Dosificaci\u00f3n:<\/strong> 1ML de alta concentraci\u00f3n para una administraci\u00f3n precisa.<\/li>\n<\/ul>\n<h2 class=\"wp-block-heading\">THC y CBD (incluidos los porcentajes)<\/h2>\n<ul class=\"wp-block-list\">\n<li>La jeringuilla RSO se distingue por su alta concentraci\u00f3n de THC. Los porcentajes espec\u00edficos de THC y CBD var\u00edan en funci\u00f3n del producto.<\/li>\n<\/ul>\n<h2 class=\"wp-block-heading\">\u00bfD\u00f3nde puedo comprar la jeringa RSO en Internet?<\/h2>\n<p>La <strong>Jeringa RSO<\/strong> est\u00e1 disponible en l\u00ednea en <strong>Buyducannabis<\/strong>ofreciendo una calidad superior y una entrega fiable.<\/p>\n<h2 class=\"wp-block-heading\">Efectos, aroma y sabor<\/h2>\n<h3 class=\"wp-block-heading\">Efecto<\/h3>\n<ul class=\"wp-block-list\">\n<li>Proporciona energ\u00eda creativa, sensaci\u00f3n de euforia y relajaci\u00f3n profunda.<\/li>\n<\/ul>\n<h3 class=\"wp-block-heading\">Aroma<\/h3>\n<ul class=\"wp-block-list\">\n<li>Los aromas var\u00edan, pero suelen incluir notas terrosas y amaderadas.<\/li>\n<\/ul>\n<h3 class=\"wp-block-heading\">Pruebe<\/h3>\n<ul class=\"wp-block-list\">\n<li>Sabores ricos y complejos que pueden variar en funci\u00f3n del perfil de terpenos.<\/li>\n<\/ul>\n<h2 class=\"wp-block-heading\">Efectos m\u00e9dicos<\/h2>\n<ul class=\"wp-block-list\">\n<li>La jeringa RSO es muy solicitada por su potencial para aliviar diversas afecciones m\u00e9dicas.<\/li>\n<\/ul>\n<h3 class=\"wp-block-heading\">Puede aliviar<\/h3>\n<ul class=\"wp-block-list\">\n<li>Dolor, ansiedad, insomnio, ciertos s\u00edntomas relacionados con el c\u00e1ncer.<\/li>\n<\/ul>\n<h2 class=\"wp-block-heading\">Elegir el aceite de THC adecuado<\/h2>\n<ul class=\"wp-block-list\">\n<li>Opte por la jeringa RSO para una aplicaci\u00f3n precisa y una alta concentraci\u00f3n de cannabinoides.<\/li>\n<\/ul>\n<h2 class=\"wp-block-heading\">Usos del aceite de THC<\/h2>\n<ul class=\"wp-block-list\">\n<li>Consumido por v\u00eda oral, en supositorios, diluido para aplicaci\u00f3n cut\u00e1nea o incorporado a comestibles.<\/li>\n<\/ul>\n<h2 class=\"wp-block-heading\">\u00bfC\u00f3mo debe almacenarse el aceite de THC?<\/h2>\n<p>Cons\u00e9rvese en un lugar fresco y oscuro para mantener su potencia y frescura.<\/p>\n<h2 class=\"wp-block-heading\">\u00bfPor qu\u00e9 comprar la Jeringa RSO en Acheterducannabis?<\/h2>\n<p><a href=\"https:\/\/acheterducannabis.fr\/\" data-type=\"link\" data-id=\"https:\/\/acheterducannabis.fr\/\">Buyducannabis<\/a> ofrece productos de la m\u00e1xima calidad con una entrega fiable y discreta, garantizando una satisfacci\u00f3n total.<\/p>\n<h2 class=\"wp-block-heading\">Ley sobre la venta de aceite de THC en Europa<\/h2>\n<p>La venta y el consumo de aceite de THC, incluida la Jeringa RSO, est\u00e1n sujetos a normativas espec\u00edficas en Europa. Inf\u00f3rmese sobre las leyes locales antes de comprar.<\/p>\n<p>La Jeringa RSO de 1ML es una potente soluci\u00f3n para aquellos que buscan un tratamiento alternativo concentrado en THC, que ofrece tanto flexibilidad de uso como eficacia medicinal. Disponible en Acheterducannabis, esta jeringa RSO es la elecci\u00f3n ideal para disfrutar de la experiencia terap\u00e9utica con cannabis definitiva.<\/p>","protected":false},"excerpt":{"rendered":"<p><strong>THC:<\/strong> 70%<br \/> <strong>Efectos m\u00e9dicos<\/strong><br \/> La jeringa RSO es muy solicitada por su potencial para aliviar diversas afecciones m\u00e9dicas.<\/p>","protected":false},"featured_media":1427,"comment_status":"closed","ping_status":"closed","template":"","meta":{"site-sidebar-layout":"default","site-content-layout":"","ast-site-content-layout":"","site-content-style":"default","site-sidebar-style":"default","ast-global-header-display":"","ast-banner-title-visibility":"","ast-main-header-display":"","ast-hfb-above-header-display":"","ast-hfb-below-header-display":"","ast-hfb-mobile-header-display":"","site-post-title":"","ast-breadcrumbs-content":"","ast-featured-img":"","footer-sml-layout":"","theme-transparent-header-meta":"","adv-header-id-meta":"","stick-header-meta":"","header-above-stick-meta":"","header-main-stick-meta":"","header-below-stick-meta":"","astra-migrate-meta-layouts":"default","ast-page-background-enabled":"default","ast-page-background-meta":{"desktop":{"background-color":"","background-image":"","background-repeat":"repeat","background-position":"center center","background-size":"auto","background-attachment":"scroll","background-type":"","background-media":"","overlay-type":"","overlay-color":"","overlay-opacity":"","overlay-gradient":""},"tablet":{"background-color":"","background-image":"","background-repeat":"repeat","background-position":"center center","background-size":"auto","background-attachment":"scroll","background-type":"","background-media":"","overlay-type":"","overlay-color":"","overlay-opacity":"","overlay-gradient":""},"mobile":{"background-color":"","background-image":"","background-repeat":"repeat","background-position":"center center","background-size":"auto","background-attachment":"scroll","background-type":"","background-media":"","overlay-type":"","overlay-color":"","overlay-opacity":"","overlay-gradient":""}},"ast-content-background-meta":{"desktop":{"background-color":"var(--ast-global-color-5)","background-image":"","background-repeat":"repeat","background-position":"center center","background-size":"auto","background-attachment":"scroll","background-type":"","background-media":"","overlay-type":"","overlay-color":"","overlay-opacity":"","overlay-gradient":""},"tablet":{"background-color":"var(--ast-global-color-5)","background-image":"","background-repeat":"repeat","background-position":"center center","background-size":"auto","background-attachment":"scroll","background-type":"","background-media":"","overlay-type":"","overlay-color":"","overlay-opacity":"","overlay-gradient":""},"mobile":{"background-color":"var(--ast-global-color-5)","background-image":"","background-repeat":"repeat","background-position":"center center","background-size":"auto","background-attachment":"scroll","background-type":"","background-media":"","overlay-type":"","overlay-color":"","overlay-opacity":"","overlay-gradient":""}},"_joinchat":[]},"product_brand":[],"product_cat":[36],"product_tag":[],"class_list":{"0":"post-1422","1":"product","2":"type-product","3":"status-publish","4":"has-post-thumbnail","6":"product_cat-huile-thc","7":"desktop-align-left","8":"tablet-align-left","9":"mobile-align-left","11":"first","12":"instock","13":"shipping-taxable","14":"purchasable","15":"product-type-variable"},"yoast_head":"<!-- This site is optimized with the Yoast SEO Premium plugin v24.1 (Yoast SEO v26.8) - https:\/\/yoast.com\/product\/yoast-seo-premium-wordpress\/ -->\n<title>Seringue RSO 1ML - Beuh Paradis<\/title>\n<meta name=\"robots\" content=\"index, follow, max-snippet:-1, max-image-preview:large, max-video-preview:-1\" \/>\n<link rel=\"canonical\" href=\"https:\/\/beuhparadis.com\/es\/product\/seringue-rso-1ml\/\" \/>\n<meta property=\"og:locale\" content=\"es_ES\" \/>\n<meta property=\"og:type\" content=\"article\" \/>\n<meta property=\"og:title\" content=\"Seringue RSO 1ML\" \/>\n<meta property=\"og:description\" content=\"THC: 70% Effets M\u00e9dicaux La seringue RSO est recherch\u00e9e pour son potentiel \u00e0 soulager diverses conditions m\u00e9dicales.\" \/>\n<meta property=\"og:url\" content=\"https:\/\/beuhparadis.com\/es\/product\/seringue-rso-1ml\/\" \/>\n<meta property=\"og:site_name\" content=\"Beuh Paradis\" \/>\n<meta property=\"article:modified_time\" content=\"2024-12-10T23:41:00+00:00\" \/>\n<meta name=\"twitter:card\" content=\"summary_large_image\" \/>\n<meta name=\"twitter:label1\" content=\"Tiempo de lectura\" \/>\n\t<meta name=\"twitter:data1\" content=\"2 minutes\" \/>\n<script type=\"application\/ld+json\" class=\"yoast-schema-graph\">{\"@context\":\"https:\/\/schema.org\",\"@graph\":[{\"@type\":\"WebPage\",\"@id\":\"https:\/\/beuhparadis.com\/product\/seringue-rso-1ml\/\",\"url\":\"https:\/\/beuhparadis.com\/product\/seringue-rso-1ml\/\",\"name\":\"Seringue RSO 1ML - Beuh Paradis\",\"isPartOf\":{\"@id\":\"https:\/\/beuhparadis.com\/#website\"},\"primaryImageOfPage\":{\"@id\":\"https:\/\/beuhparadis.com\/product\/seringue-rso-1ml\/#primaryimage\"},\"image\":{\"@id\":\"https:\/\/beuhparadis.com\/product\/seringue-rso-1ml\/#primaryimage\"},\"thumbnailUrl\":\"https:\/\/beuhparadis.com\/wp-content\/uploads\/2024\/12\/RSO-Syringe-Online-1ML.webp\",\"datePublished\":\"2024-12-10T23:40:32+00:00\",\"dateModified\":\"2024-12-10T23:41:00+00:00\",\"breadcrumb\":{\"@id\":\"https:\/\/beuhparadis.com\/product\/seringue-rso-1ml\/#breadcrumb\"},\"inLanguage\":\"es-ES\",\"potentialAction\":[{\"@type\":\"ReadAction\",\"target\":[\"https:\/\/beuhparadis.com\/product\/seringue-rso-1ml\/\"]}]},{\"@type\":\"ImageObject\",\"inLanguage\":\"es-ES\",\"@id\":\"https:\/\/beuhparadis.com\/product\/seringue-rso-1ml\/#primaryimage\",\"url\":\"https:\/\/beuhparadis.com\/wp-content\/uploads\/2024\/12\/RSO-Syringe-Online-1ML.webp\",\"contentUrl\":\"https:\/\/beuhparadis.com\/wp-content\/uploads\/2024\/12\/RSO-Syringe-Online-1ML.webp\",\"width\":1000,\"height\":907},{\"@type\":\"BreadcrumbList\",\"@id\":\"https:\/\/beuhparadis.com\/product\/seringue-rso-1ml\/#breadcrumb\",\"itemListElement\":[{\"@type\":\"ListItem\",\"position\":1,\"name\":\"Home\",\"item\":\"https:\/\/beuhparadis.com\/\"},{\"@type\":\"ListItem\",\"position\":2,\"name\":\"Shop\",\"item\":\"https:\/\/beuhparadis.com\/shop\/\"},{\"@type\":\"ListItem\",\"position\":3,\"name\":\"Seringue RSO 1ML\"}]},{\"@type\":\"WebSite\",\"@id\":\"https:\/\/beuhparadis.com\/#website\",\"url\":\"https:\/\/beuhparadis.com\/\",\"name\":\"Beuh Paradis\",\"description\":\"\",\"potentialAction\":[{\"@type\":\"SearchAction\",\"target\":{\"@type\":\"EntryPoint\",\"urlTemplate\":\"https:\/\/beuhparadis.com\/?s={search_term_string}\"},\"query-input\":{\"@type\":\"PropertyValueSpecification\",\"valueRequired\":true,\"valueName\":\"search_term_string\"}}],\"inLanguage\":\"es-ES\"}]}<\/script>\n<!-- \/ Yoast SEO Premium plugin. -->","yoast_head_json":{"title":"Jeringa 1ML RSO - Beuh Paradis","robots":{"index":"index","follow":"follow","max-snippet":"max-snippet:-1","max-image-preview":"max-image-preview:large","max-video-preview":"max-video-preview:-1"},"canonical":"https:\/\/beuhparadis.com\/es\/product\/seringue-rso-1ml\/","og_locale":"es_ES","og_type":"article","og_title":"Seringue RSO 1ML","og_description":"THC: 70% Effets M\u00e9dicaux La seringue RSO est recherch\u00e9e pour son potentiel \u00e0 soulager diverses conditions m\u00e9dicales.","og_url":"https:\/\/beuhparadis.com\/es\/product\/seringue-rso-1ml\/","og_site_name":"Beuh Paradis","article_modified_time":"2024-12-10T23:41:00+00:00","twitter_card":"summary_large_image","twitter_misc":{"Tiempo de lectura":"2 minutes"},"schema":{"@context":"https:\/\/schema.org","@graph":[{"@type":"WebPage","@id":"https:\/\/beuhparadis.com\/product\/seringue-rso-1ml\/","url":"https:\/\/beuhparadis.com\/product\/seringue-rso-1ml\/","name":"Jeringa 1ML RSO - Beuh Paradis","isPartOf":{"@id":"https:\/\/beuhparadis.com\/#website"},"primaryImageOfPage":{"@id":"https:\/\/beuhparadis.com\/product\/seringue-rso-1ml\/#primaryimage"},"image":{"@id":"https:\/\/beuhparadis.com\/product\/seringue-rso-1ml\/#primaryimage"},"thumbnailUrl":"https:\/\/beuhparadis.com\/wp-content\/uploads\/2024\/12\/RSO-Syringe-Online-1ML.webp","datePublished":"2024-12-10T23:40:32+00:00","dateModified":"2024-12-10T23:41:00+00:00","breadcrumb":{"@id":"https:\/\/beuhparadis.com\/product\/seringue-rso-1ml\/#breadcrumb"},"inLanguage":"es-ES","potentialAction":[{"@type":"ReadAction","target":["https:\/\/beuhparadis.com\/product\/seringue-rso-1ml\/"]}]},{"@type":"ImageObject","inLanguage":"es-ES","@id":"https:\/\/beuhparadis.com\/product\/seringue-rso-1ml\/#primaryimage","url":"https:\/\/beuhparadis.com\/wp-content\/uploads\/2024\/12\/RSO-Syringe-Online-1ML.webp","contentUrl":"https:\/\/beuhparadis.com\/wp-content\/uploads\/2024\/12\/RSO-Syringe-Online-1ML.webp","width":1000,"height":907},{"@type":"BreadcrumbList","@id":"https:\/\/beuhparadis.com\/product\/seringue-rso-1ml\/#breadcrumb","itemListElement":[{"@type":"ListItem","position":1,"name":"Home","item":"https:\/\/beuhparadis.com\/"},{"@type":"ListItem","position":2,"name":"Shop","item":"https:\/\/beuhparadis.com\/shop\/"},{"@type":"ListItem","position":3,"name":"Seringue RSO 1ML"}]},{"@type":"WebSite","@id":"https:\/\/beuhparadis.com\/#website","url":"https:\/\/beuhparadis.com\/","name":"Beuh Paradis","description":"","potentialAction":[{"@type":"SearchAction","target":{"@type":"EntryPoint","urlTemplate":"https:\/\/beuhparadis.com\/?s={search_term_string}"},"query-input":{"@type":"PropertyValueSpecification","valueRequired":true,"valueName":"search_term_string"}}],"inLanguage":"es-ES"}]}},"_links":{"self":[{"href":"https:\/\/beuhparadis.com\/es\/wp-json\/wp\/v2\/product\/1422","targetHints":{"allow":["GET"]}}],"collection":[{"href":"https:\/\/beuhparadis.com\/es\/wp-json\/wp\/v2\/product"}],"about":[{"href":"https:\/\/beuhparadis.com\/es\/wp-json\/wp\/v2\/types\/product"}],"replies":[{"embeddable":true,"href":"https:\/\/beuhparadis.com\/es\/wp-json\/wp\/v2\/comments?post=1422"}],"wp:featuredmedia":[{"embeddable":true,"href":"https:\/\/beuhparadis.com\/es\/wp-json\/wp\/v2\/media\/1427"}],"wp:attachment":[{"href":"https:\/\/beuhparadis.com\/es\/wp-json\/wp\/v2\/media?parent=1422"}],"wp:term":[{"taxonomy":"product_brand","embeddable":true,"href":"https:\/\/beuhparadis.com\/es\/wp-json\/wp\/v2\/product_brand?post=1422"},{"taxonomy":"product_cat","embeddable":true,"href":"https:\/\/beuhparadis.com\/es\/wp-json\/wp\/v2\/product_cat?post=1422"},{"taxonomy":"product_tag","embeddable":true,"href":"https:\/\/beuhparadis.com\/es\/wp-json\/wp\/v2\/product_tag?post=1422"}],"curies":[{"name":"wp","href":"https:\/\/api.w.org\/{rel}","templated":true}]}}