{"id":1416,"date":"2024-12-10T23:40:32","date_gmt":"2024-12-10T23:40:32","guid":{"rendered":"https:\/\/beuhparadis.com\/?post_type=product&#038;p=1416"},"modified":"2024-12-10T23:40:45","modified_gmt":"2024-12-10T23:40:45","slug":"huile-de-cannabis-tangie-og-thc","status":"publish","type":"product","link":"https:\/\/beuhparadis.com\/es\/product\/huile-de-cannabis-tangie-og-thc\/","title":{"rendered":"Aceite de cannabis Tangie OG THC"},"content":{"rendered":"<h1 class=\"wp-block-heading\">Comprar aceite de cannabis Tangie OG<\/h1>\n<p>Descubre el aceite de cannabis Tangie OG, un h\u00edbrido perfectamente equilibrado creado al cruzar la deliciosa cepa Tangie con la cl\u00e1sica OG Kush. Este aceite adopta los sabores de sus dos famosos padres para ofrecer una experiencia de sabor irresistible que te dejar\u00e1 con ganas de m\u00e1s.<\/p>\n<h2 class=\"wp-block-heading\">Composici\u00f3n del aceite de THC<\/h2>\n<ul class=\"wp-block-list\">\n<li><strong>Ingredientes:<\/strong> Extracciones puras de cannabis Tangie OG.<\/li>\n<li><strong>Dosificaci\u00f3n:<\/strong> Altamente concentrado en THC con 62,06% y 2,66% de CBD.<\/li>\n<\/ul>\n<h2 class=\"wp-block-heading\">THC y CBD (incluidos los porcentajes)<\/h2>\n<ul class=\"wp-block-list\">\n<li><strong>THC:<\/strong> 62.06%<\/li>\n<li><strong>CBD:<\/strong> 2.66%<\/li>\n<\/ul>\n<h2 class=\"wp-block-heading\">\u00bfD\u00f3nde puedo comprar aceite de cannabis Tangie OG online?<\/h2>\n<ul class=\"wp-block-list\">\n<li>El aceite de cannabis Tangie OG est\u00e1 disponible online en Acheterducannabis, garantizando la m\u00e1xima calidad y un env\u00edo fiable.<\/li>\n<\/ul>\n<h2 class=\"wp-block-heading\">Efectos, aroma y sabor<\/h2>\n<h3 class=\"wp-block-heading\">Efecto<\/h3>\n<ul class=\"wp-block-list\">\n<li>Energ\u00eda creativa, euforia pura, sensaci\u00f3n de hormigueo en todo el cuerpo.<\/li>\n<\/ul>\n<h3 class=\"wp-block-heading\">Aroma<\/h3>\n<ul class=\"wp-block-list\">\n<li>Dulce y amaderado con un matiz c\u00edtrico terroso que se vuelve picante al quemarse.<\/li>\n<\/ul>\n<h3 class=\"wp-block-heading\">Pruebe<\/h3>\n<ul class=\"wp-block-list\">\n<li>C\u00edtricos picantes y a pino acentuados por un regusto herb\u00e1ceo y alimonado.<\/li>\n<\/ul>\n<h2 class=\"wp-block-heading\">Efectos m\u00e9dicos<\/h2>\n<ul class=\"wp-block-list\">\n<li>Perfecto para tratar afecciones como el dolor cr\u00f3nico, la fatiga, el insomnio, la depresi\u00f3n, el estr\u00e9s o la ansiedad cr\u00f3nica.<\/li>\n<\/ul>\n<h3 class=\"wp-block-heading\">Puede aliviar<\/h3>\n<ul class=\"wp-block-list\">\n<li>Estr\u00e9s, Depresi\u00f3n, Fatiga, Dolor, P\u00e9rdida de apetito.<\/li>\n<\/ul>\n<h2 class=\"wp-block-heading\">Elegir el aceite de THC adecuado<\/h2>\n<p>El aceite de cannabis Tangie OG es ideal para aquellos que buscan el equilibrio perfecto entre energ\u00eda y relajaci\u00f3n, ofreciendo efectos tanto estimulantes como calmantes.<\/p>\n<h2 class=\"wp-block-heading\">Usos del aceite de cannabis Tangie OG THC<\/h2>\n<p>Adecuado para pulverizar, a\u00f1adir a la comida o directamente bajo la lengua para una r\u00e1pida absorci\u00f3n.<\/p>\n<h2 class=\"wp-block-heading\">\u00bfC\u00f3mo debe almacenarse el aceite de THC?<\/h2>\n<p>Conserve el aceite en un lugar fresco y oscuro para mantener su fuerza y frescura.<\/p>\n<h2 class=\"wp-block-heading\">\u00bfPor qu\u00e9 comprar aceite de cannabis Tangie OG en Acheterducannabis?<\/h2>\n<p><a href=\"https:\/\/acheterducannabis.fr\/\" data-type=\"link\" data-id=\"https:\/\/acheterducannabis.fr\/\">Buyducannabis<\/a> ofrece productos de la m\u00e1xima calidad con una entrega fiable y discreta, garantizando una satisfacci\u00f3n total.<\/p>\n<h2 class=\"wp-block-heading\">Ley sobre la venta de aceite de THC en Europa<\/h2>\n<p>La venta y el consumo de aceite de THC, incluido el aceite de cannabis Tangie OG, est\u00e1n sujetos a normativas espec\u00edficas en Europa. Es aconsejable informarse sobre las leyes locales antes de comprar.<\/p>\n<p>El aceite de cannabis Tangie OG es una elecci\u00f3n excepcional para aquellos que buscan elevar su experiencia cann\u00e1bica, ofreciendo la mezcla perfecta de sabor, aroma y eficacia m\u00e9dica. Disfruta de los beneficios y placeres que ofrece este aceite premium, disponible exclusivamente en Acheterducannabis.<\/p>","protected":false},"excerpt":{"rendered":"<p><strong>THC:<\/strong> 62.06%<br \/> <strong>CBD:<\/strong> 2.66%<\/p>\n<p><strong>Efectos m\u00e9dicos:<\/strong><br \/> Perfecto para tratar afecciones como el dolor cr\u00f3nico, la fatiga, el insomnio, la depresi\u00f3n, el estr\u00e9s o la ansiedad cr\u00f3nica.<\/p>","protected":false},"featured_media":1426,"comment_status":"closed","ping_status":"closed","template":"","meta":{"site-sidebar-layout":"default","site-content-layout":"","ast-site-content-layout":"","site-content-style":"default","site-sidebar-style":"default","ast-global-header-display":"","ast-banner-title-visibility":"","ast-main-header-display":"","ast-hfb-above-header-display":"","ast-hfb-below-header-display":"","ast-hfb-mobile-header-display":"","site-post-title":"","ast-breadcrumbs-content":"","ast-featured-img":"","footer-sml-layout":"","theme-transparent-header-meta":"","adv-header-id-meta":"","stick-header-meta":"","header-above-stick-meta":"","header-main-stick-meta":"","header-below-stick-meta":"","astra-migrate-meta-layouts":"default","ast-page-background-enabled":"default","ast-page-background-meta":{"desktop":{"background-color":"","background-image":"","background-repeat":"repeat","background-position":"center center","background-size":"auto","background-attachment":"scroll","background-type":"","background-media":"","overlay-type":"","overlay-color":"","overlay-opacity":"","overlay-gradient":""},"tablet":{"background-color":"","background-image":"","background-repeat":"repeat","background-position":"center center","background-size":"auto","background-attachment":"scroll","background-type":"","background-media":"","overlay-type":"","overlay-color":"","overlay-opacity":"","overlay-gradient":""},"mobile":{"background-color":"","background-image":"","background-repeat":"repeat","background-position":"center center","background-size":"auto","background-attachment":"scroll","background-type":"","background-media":"","overlay-type":"","overlay-color":"","overlay-opacity":"","overlay-gradient":""}},"ast-content-background-meta":{"desktop":{"background-color":"var(--ast-global-color-5)","background-image":"","background-repeat":"repeat","background-position":"center center","background-size":"auto","background-attachment":"scroll","background-type":"","background-media":"","overlay-type":"","overlay-color":"","overlay-opacity":"","overlay-gradient":""},"tablet":{"background-color":"var(--ast-global-color-5)","background-image":"","background-repeat":"repeat","background-position":"center center","background-size":"auto","background-attachment":"scroll","background-type":"","background-media":"","overlay-type":"","overlay-color":"","overlay-opacity":"","overlay-gradient":""},"mobile":{"background-color":"var(--ast-global-color-5)","background-image":"","background-repeat":"repeat","background-position":"center center","background-size":"auto","background-attachment":"scroll","background-type":"","background-media":"","overlay-type":"","overlay-color":"","overlay-opacity":"","overlay-gradient":""}},"_joinchat":[]},"product_brand":[],"product_cat":[36],"product_tag":[],"class_list":{"0":"post-1416","1":"product","2":"type-product","3":"status-publish","4":"has-post-thumbnail","6":"product_cat-huile-thc","7":"desktop-align-left","8":"tablet-align-left","9":"mobile-align-left","11":"first","12":"instock","13":"shipping-taxable","14":"purchasable","15":"product-type-variable"},"yoast_head":"<!-- This site is optimized with the Yoast SEO Premium plugin v24.1 (Yoast SEO v26.8) - https:\/\/yoast.com\/product\/yoast-seo-premium-wordpress\/ -->\n<title>Huile de cannabis Tangie OG THC - Beuh Paradis<\/title>\n<meta name=\"robots\" content=\"index, follow, max-snippet:-1, max-image-preview:large, max-video-preview:-1\" \/>\n<link rel=\"canonical\" href=\"https:\/\/beuhparadis.com\/es\/product\/huile-de-cannabis-tangie-og-thc\/\" \/>\n<meta property=\"og:locale\" content=\"es_ES\" \/>\n<meta property=\"og:type\" content=\"article\" \/>\n<meta property=\"og:title\" content=\"Huile de cannabis Tangie OG THC\" \/>\n<meta property=\"og:description\" content=\"THC: 62.06% CBD: 2.66% Effets M\u00e9dicaux: Parfait pour traiter des conditions telles que douleurs chroniques, fatigue, insomnie, d\u00e9pression, stress ou anxi\u00e9t\u00e9 chronique.\" \/>\n<meta property=\"og:url\" content=\"https:\/\/beuhparadis.com\/es\/product\/huile-de-cannabis-tangie-og-thc\/\" \/>\n<meta property=\"og:site_name\" content=\"Beuh Paradis\" \/>\n<meta property=\"article:modified_time\" content=\"2024-12-10T23:40:45+00:00\" \/>\n<meta name=\"twitter:card\" content=\"summary_large_image\" \/>\n<meta name=\"twitter:label1\" content=\"Tiempo de lectura\" \/>\n\t<meta name=\"twitter:data1\" content=\"2 minutes\" \/>\n<script type=\"application\/ld+json\" class=\"yoast-schema-graph\">{\"@context\":\"https:\/\/schema.org\",\"@graph\":[{\"@type\":\"WebPage\",\"@id\":\"https:\/\/beuhparadis.com\/product\/huile-de-cannabis-tangie-og-thc\/\",\"url\":\"https:\/\/beuhparadis.com\/product\/huile-de-cannabis-tangie-og-thc\/\",\"name\":\"Huile de cannabis Tangie OG THC - Beuh Paradis\",\"isPartOf\":{\"@id\":\"https:\/\/beuhparadis.com\/#website\"},\"primaryImageOfPage\":{\"@id\":\"https:\/\/beuhparadis.com\/product\/huile-de-cannabis-tangie-og-thc\/#primaryimage\"},\"image\":{\"@id\":\"https:\/\/beuhparadis.com\/product\/huile-de-cannabis-tangie-og-thc\/#primaryimage\"},\"thumbnailUrl\":\"https:\/\/beuhparadis.com\/wp-content\/uploads\/2024\/12\/Tangie-OG-THC-Marijuana-Oil.webp\",\"datePublished\":\"2024-12-10T23:40:32+00:00\",\"dateModified\":\"2024-12-10T23:40:45+00:00\",\"breadcrumb\":{\"@id\":\"https:\/\/beuhparadis.com\/product\/huile-de-cannabis-tangie-og-thc\/#breadcrumb\"},\"inLanguage\":\"es-ES\",\"potentialAction\":[{\"@type\":\"ReadAction\",\"target\":[\"https:\/\/beuhparadis.com\/product\/huile-de-cannabis-tangie-og-thc\/\"]}]},{\"@type\":\"ImageObject\",\"inLanguage\":\"es-ES\",\"@id\":\"https:\/\/beuhparadis.com\/product\/huile-de-cannabis-tangie-og-thc\/#primaryimage\",\"url\":\"https:\/\/beuhparadis.com\/wp-content\/uploads\/2024\/12\/Tangie-OG-THC-Marijuana-Oil.webp\",\"contentUrl\":\"https:\/\/beuhparadis.com\/wp-content\/uploads\/2024\/12\/Tangie-OG-THC-Marijuana-Oil.webp\",\"width\":450,\"height\":450},{\"@type\":\"BreadcrumbList\",\"@id\":\"https:\/\/beuhparadis.com\/product\/huile-de-cannabis-tangie-og-thc\/#breadcrumb\",\"itemListElement\":[{\"@type\":\"ListItem\",\"position\":1,\"name\":\"Home\",\"item\":\"https:\/\/beuhparadis.com\/\"},{\"@type\":\"ListItem\",\"position\":2,\"name\":\"Shop\",\"item\":\"https:\/\/beuhparadis.com\/shop\/\"},{\"@type\":\"ListItem\",\"position\":3,\"name\":\"Huile de cannabis Tangie OG THC\"}]},{\"@type\":\"WebSite\",\"@id\":\"https:\/\/beuhparadis.com\/#website\",\"url\":\"https:\/\/beuhparadis.com\/\",\"name\":\"Beuh Paradis\",\"description\":\"\",\"potentialAction\":[{\"@type\":\"SearchAction\",\"target\":{\"@type\":\"EntryPoint\",\"urlTemplate\":\"https:\/\/beuhparadis.com\/?s={search_term_string}\"},\"query-input\":{\"@type\":\"PropertyValueSpecification\",\"valueRequired\":true,\"valueName\":\"search_term_string\"}}],\"inLanguage\":\"es-ES\"}]}<\/script>\n<!-- \/ Yoast SEO Premium plugin. -->","yoast_head_json":{"title":"Aceite de cannabis Tangie OG THC - Beuh Paradis","robots":{"index":"index","follow":"follow","max-snippet":"max-snippet:-1","max-image-preview":"max-image-preview:large","max-video-preview":"max-video-preview:-1"},"canonical":"https:\/\/beuhparadis.com\/es\/product\/huile-de-cannabis-tangie-og-thc\/","og_locale":"es_ES","og_type":"article","og_title":"Huile de cannabis Tangie OG THC","og_description":"THC: 62.06% CBD: 2.66% Effets M\u00e9dicaux: Parfait pour traiter des conditions telles que douleurs chroniques, fatigue, insomnie, d\u00e9pression, stress ou anxi\u00e9t\u00e9 chronique.","og_url":"https:\/\/beuhparadis.com\/es\/product\/huile-de-cannabis-tangie-og-thc\/","og_site_name":"Beuh Paradis","article_modified_time":"2024-12-10T23:40:45+00:00","twitter_card":"summary_large_image","twitter_misc":{"Tiempo de lectura":"2 minutes"},"schema":{"@context":"https:\/\/schema.org","@graph":[{"@type":"WebPage","@id":"https:\/\/beuhparadis.com\/product\/huile-de-cannabis-tangie-og-thc\/","url":"https:\/\/beuhparadis.com\/product\/huile-de-cannabis-tangie-og-thc\/","name":"Aceite de cannabis Tangie OG THC - Beuh Paradis","isPartOf":{"@id":"https:\/\/beuhparadis.com\/#website"},"primaryImageOfPage":{"@id":"https:\/\/beuhparadis.com\/product\/huile-de-cannabis-tangie-og-thc\/#primaryimage"},"image":{"@id":"https:\/\/beuhparadis.com\/product\/huile-de-cannabis-tangie-og-thc\/#primaryimage"},"thumbnailUrl":"https:\/\/beuhparadis.com\/wp-content\/uploads\/2024\/12\/Tangie-OG-THC-Marijuana-Oil.webp","datePublished":"2024-12-10T23:40:32+00:00","dateModified":"2024-12-10T23:40:45+00:00","breadcrumb":{"@id":"https:\/\/beuhparadis.com\/product\/huile-de-cannabis-tangie-og-thc\/#breadcrumb"},"inLanguage":"es-ES","potentialAction":[{"@type":"ReadAction","target":["https:\/\/beuhparadis.com\/product\/huile-de-cannabis-tangie-og-thc\/"]}]},{"@type":"ImageObject","inLanguage":"es-ES","@id":"https:\/\/beuhparadis.com\/product\/huile-de-cannabis-tangie-og-thc\/#primaryimage","url":"https:\/\/beuhparadis.com\/wp-content\/uploads\/2024\/12\/Tangie-OG-THC-Marijuana-Oil.webp","contentUrl":"https:\/\/beuhparadis.com\/wp-content\/uploads\/2024\/12\/Tangie-OG-THC-Marijuana-Oil.webp","width":450,"height":450},{"@type":"BreadcrumbList","@id":"https:\/\/beuhparadis.com\/product\/huile-de-cannabis-tangie-og-thc\/#breadcrumb","itemListElement":[{"@type":"ListItem","position":1,"name":"Home","item":"https:\/\/beuhparadis.com\/"},{"@type":"ListItem","position":2,"name":"Shop","item":"https:\/\/beuhparadis.com\/shop\/"},{"@type":"ListItem","position":3,"name":"Huile de cannabis Tangie OG THC"}]},{"@type":"WebSite","@id":"https:\/\/beuhparadis.com\/#website","url":"https:\/\/beuhparadis.com\/","name":"Beuh Paradis","description":"","potentialAction":[{"@type":"SearchAction","target":{"@type":"EntryPoint","urlTemplate":"https:\/\/beuhparadis.com\/?s={search_term_string}"},"query-input":{"@type":"PropertyValueSpecification","valueRequired":true,"valueName":"search_term_string"}}],"inLanguage":"es-ES"}]}},"_links":{"self":[{"href":"https:\/\/beuhparadis.com\/es\/wp-json\/wp\/v2\/product\/1416","targetHints":{"allow":["GET"]}}],"collection":[{"href":"https:\/\/beuhparadis.com\/es\/wp-json\/wp\/v2\/product"}],"about":[{"href":"https:\/\/beuhparadis.com\/es\/wp-json\/wp\/v2\/types\/product"}],"replies":[{"embeddable":true,"href":"https:\/\/beuhparadis.com\/es\/wp-json\/wp\/v2\/comments?post=1416"}],"wp:featuredmedia":[{"embeddable":true,"href":"https:\/\/beuhparadis.com\/es\/wp-json\/wp\/v2\/media\/1426"}],"wp:attachment":[{"href":"https:\/\/beuhparadis.com\/es\/wp-json\/wp\/v2\/media?parent=1416"}],"wp:term":[{"taxonomy":"product_brand","embeddable":true,"href":"https:\/\/beuhparadis.com\/es\/wp-json\/wp\/v2\/product_brand?post=1416"},{"taxonomy":"product_cat","embeddable":true,"href":"https:\/\/beuhparadis.com\/es\/wp-json\/wp\/v2\/product_cat?post=1416"},{"taxonomy":"product_tag","embeddable":true,"href":"https:\/\/beuhparadis.com\/es\/wp-json\/wp\/v2\/product_tag?post=1416"}],"curies":[{"name":"wp","href":"https:\/\/api.w.org\/{rel}","templated":true}]}}