{"id":1404,"date":"2024-12-10T23:40:31","date_gmt":"2024-12-10T23:40:31","guid":{"rendered":"https:\/\/beuhparadis.com\/?post_type=product&#038;p=1404"},"modified":"2024-12-10T23:40:45","modified_gmt":"2024-12-10T23:40:45","slug":"huile-de-cannabis-au-miel-pink-kush-de-dabbers-delight","status":"publish","type":"product","link":"https:\/\/beuhparadis.com\/es\/product\/huile-de-cannabis-au-miel-pink-kush-de-dabbers-delight\/","title":{"rendered":"Aceite de cannabis con miel Pink Kush de Dabber's Delight"},"content":{"rendered":"<h1 class=\"wp-block-heading\">Comprar Aceite de Miel Pink Kush<\/h1>\n<p>El Aceite de Miel Pink Kush Dabber's Delight es un excepcional extracto de cannabis h\u00edbrido, famoso por su perfil \u00fanico de terpenos y sus efectos equilibrados sobre el cuerpo y la mente. Con un alto contenido de THC, este aceite proporciona una experiencia relajante, ideal para la segunda mitad del d\u00eda para reducir el estr\u00e9s. Perfecto para dabbing y vaping, viene en una jeringuilla de cristal que puede soportar el alto calor de los clavos dab rig.<\/p>\n<h2 class=\"wp-block-heading\">Composici\u00f3n del aceite de THC<\/h2>\n<ul class=\"wp-block-list\">\n<li><strong>Extracci\u00f3n<\/strong>Variedad h\u00edbrida Pink Kush<\/li>\n<li><strong>Utilice<\/strong>Ideal para dabbing y vaping<\/li>\n<\/ul>\n<h2 class=\"wp-block-heading\">THC y CBD<\/h2>\n<p>El aceite tiene una alta concentraci\u00f3n de THC, con efectos cerebrales y corporales mixtos, mientras que los porcentajes precisos de CBD no se especifican.<\/p>\n<h2 class=\"wp-block-heading\">\u00bfD\u00f3nde comprar aceite de miel Pink Kush en l\u00ednea?<\/h2>\n<p>Este aceite de cannabis de alta gama est\u00e1 disponible en l\u00ednea en sitios especializados como Acheterducannabis, que ofrece una calidad garantizada para los usuarios de Europa.<\/p>\n<h2 class=\"wp-block-heading\">Efectos, aromas y sabores<\/h2>\n<h3 class=\"wp-block-heading\">Efecto<\/h3>\n<ul class=\"wp-block-list\">\n<li>Efecto h\u00edbrido perfecto, que permite a los usuarios elegir entre relajaci\u00f3n y energ\u00eda seg\u00fan deseen.<\/li>\n<\/ul>\n<h3 class=\"wp-block-heading\">Sabor y gusto<\/h3>\n<ul class=\"wp-block-list\">\n<li>Un perfil de terpenos \u00fanico que ofrece una experiencia de sabor excepcional, con las notas dulces y florales caracter\u00edsticas de la variedad Pink Kush.<\/li>\n<\/ul>\n<h2 class=\"wp-block-heading\">Efectos m\u00e9dicos<\/h2>\n<h3 class=\"wp-block-heading\">Efectos m\u00e9dicos<\/h3>\n<ul class=\"wp-block-list\">\n<li>Propiedades relajantes que ayudan a aliviar el estr\u00e9s y favorecen el sue\u00f1o.<\/li>\n<\/ul>\n<h3 class=\"wp-block-heading\">Puede aliviar<\/h3>\n<ul class=\"wp-block-list\">\n<li>Estr\u00e9s, ansiedad, insomnio, y ofrece una relajaci\u00f3n profunda para el cuerpo y la mente.<\/li>\n<\/ul>\n<h2 class=\"wp-block-heading\">Elegir el aceite de THC adecuado<\/h2>\n<p>El Aceite de Miel Pink Kush es una excelente elecci\u00f3n para aquellos que buscan un efecto h\u00edbrido con un alto contenido en THC y un rico perfil de terpenos.<\/p>\n<h2 class=\"wp-block-heading\">Usos del aceite de miel Pink Kush<\/h2>\n<p>El aceite se recomienda especialmente para su uso por la noche, ofreciendo relajaci\u00f3n o energ\u00eda en funci\u00f3n de las necesidades del usuario.<\/p>\n<h2 class=\"wp-block-heading\">\u00bfC\u00f3mo debe conservarse el aceite de THC?<\/h2>\n<p>Para mantener la calidad del aceite, cons\u00e9rvelo en un lugar fresco y oscuro y caliente ligeramente la jeringa antes de usarla para facilitar la dosificaci\u00f3n.<\/p>\n<h2 class=\"wp-block-heading\">\u00bfPor qu\u00e9 comprar Aceite de Miel Pink Kush en Acheterducannabis?<\/h2>\n<p>Acheterducannabis ofrece este aceite de primera calidad, garantizando una experiencia de uso \u00f3ptima para aquellos que buscan disfrutar de los beneficios \u00fanicos de la cepa Pink Kush.<\/p>\n<h2 class=\"wp-block-heading\">Legislaci\u00f3n sobre la venta de aceite de THC en Europa<\/h2>\n<p>La venta de<a href=\"https:\/\/acheterducannabis.fr\/huile-thc\/\" data-type=\"link\" data-id=\"https:\/\/acheterducannabis.fr\/huile-thc\/\">Aceite de THC<\/a>incluido el Aceite de Miel Pink Kush, est\u00e1 regulado en Europa. Es esencial comprobar la legislaci\u00f3n local antes de realizar una compra para disfrutar de una experiencia completamente legal.<\/p>\n<p>El Aceite de Miel Dabber's Delight Pink Kush ofrece una experiencia \u00fanica de cannabis h\u00edbrido, logrando el equilibrio perfecto entre relajaci\u00f3n y estimulaci\u00f3n. Disponible en Acheterducannabis, este aceite promete una aventura a medida para los que buscan alivio o un impulso creativo.<\/p>","protected":false},"excerpt":{"rendered":"<p><strong>THC:<\/strong> 20%<\/p>\n<p><strong>Efectos m\u00e9dicos:<\/strong><br \/> Propiedades relajantes que ayudan a aliviar el estr\u00e9s y favorecen el sue\u00f1o.<\/p>","protected":false},"featured_media":1424,"comment_status":"closed","ping_status":"closed","template":"","meta":{"site-sidebar-layout":"default","site-content-layout":"","ast-site-content-layout":"","site-content-style":"default","site-sidebar-style":"default","ast-global-header-display":"","ast-banner-title-visibility":"","ast-main-header-display":"","ast-hfb-above-header-display":"","ast-hfb-below-header-display":"","ast-hfb-mobile-header-display":"","site-post-title":"","ast-breadcrumbs-content":"","ast-featured-img":"","footer-sml-layout":"","theme-transparent-header-meta":"","adv-header-id-meta":"","stick-header-meta":"","header-above-stick-meta":"","header-main-stick-meta":"","header-below-stick-meta":"","astra-migrate-meta-layouts":"default","ast-page-background-enabled":"default","ast-page-background-meta":{"desktop":{"background-color":"","background-image":"","background-repeat":"repeat","background-position":"center center","background-size":"auto","background-attachment":"scroll","background-type":"","background-media":"","overlay-type":"","overlay-color":"","overlay-opacity":"","overlay-gradient":""},"tablet":{"background-color":"","background-image":"","background-repeat":"repeat","background-position":"center center","background-size":"auto","background-attachment":"scroll","background-type":"","background-media":"","overlay-type":"","overlay-color":"","overlay-opacity":"","overlay-gradient":""},"mobile":{"background-color":"","background-image":"","background-repeat":"repeat","background-position":"center center","background-size":"auto","background-attachment":"scroll","background-type":"","background-media":"","overlay-type":"","overlay-color":"","overlay-opacity":"","overlay-gradient":""}},"ast-content-background-meta":{"desktop":{"background-color":"var(--ast-global-color-5)","background-image":"","background-repeat":"repeat","background-position":"center center","background-size":"auto","background-attachment":"scroll","background-type":"","background-media":"","overlay-type":"","overlay-color":"","overlay-opacity":"","overlay-gradient":""},"tablet":{"background-color":"var(--ast-global-color-5)","background-image":"","background-repeat":"repeat","background-position":"center center","background-size":"auto","background-attachment":"scroll","background-type":"","background-media":"","overlay-type":"","overlay-color":"","overlay-opacity":"","overlay-gradient":""},"mobile":{"background-color":"var(--ast-global-color-5)","background-image":"","background-repeat":"repeat","background-position":"center center","background-size":"auto","background-attachment":"scroll","background-type":"","background-media":"","overlay-type":"","overlay-color":"","overlay-opacity":"","overlay-gradient":""}},"_joinchat":[]},"product_brand":[],"product_cat":[36],"product_tag":[],"class_list":{"0":"post-1404","1":"product","2":"type-product","3":"status-publish","4":"has-post-thumbnail","6":"product_cat-huile-thc","7":"desktop-align-left","8":"tablet-align-left","9":"mobile-align-left","11":"first","12":"instock","13":"shipping-taxable","14":"purchasable","15":"product-type-variable"},"yoast_head":"<!-- This site is optimized with the Yoast SEO Premium plugin v24.1 (Yoast SEO v26.8) - https:\/\/yoast.com\/product\/yoast-seo-premium-wordpress\/ -->\n<title>Huile de cannabis au miel Pink Kush de Dabber\u2019s Delight - Beuh Paradis<\/title>\n<meta name=\"robots\" content=\"index, follow, max-snippet:-1, max-image-preview:large, max-video-preview:-1\" \/>\n<link rel=\"canonical\" href=\"https:\/\/beuhparadis.com\/es\/product\/huile-de-cannabis-au-miel-pink-kush-de-dabbers-delight\/\" \/>\n<meta property=\"og:locale\" content=\"es_ES\" \/>\n<meta property=\"og:type\" content=\"article\" \/>\n<meta property=\"og:title\" content=\"Huile de cannabis au miel Pink Kush de Dabber\u2019s Delight\" \/>\n<meta property=\"og:description\" content=\"THC: 20% Effets M\u00e9dicaux: Propri\u00e9t\u00e9s relaxantes aidant \u00e0 soulager le stress et \u00e0 favoriser le sommeil.\" \/>\n<meta property=\"og:url\" content=\"https:\/\/beuhparadis.com\/es\/product\/huile-de-cannabis-au-miel-pink-kush-de-dabbers-delight\/\" \/>\n<meta property=\"og:site_name\" content=\"Beuh Paradis\" \/>\n<meta property=\"article:modified_time\" content=\"2024-12-10T23:40:45+00:00\" \/>\n<meta name=\"twitter:card\" content=\"summary_large_image\" \/>\n<meta name=\"twitter:label1\" content=\"Tiempo de lectura\" \/>\n\t<meta name=\"twitter:data1\" content=\"3 minutes\" \/>\n<script type=\"application\/ld+json\" class=\"yoast-schema-graph\">{\"@context\":\"https:\/\/schema.org\",\"@graph\":[{\"@type\":\"WebPage\",\"@id\":\"https:\/\/beuhparadis.com\/product\/huile-de-cannabis-au-miel-pink-kush-de-dabbers-delight\/\",\"url\":\"https:\/\/beuhparadis.com\/product\/huile-de-cannabis-au-miel-pink-kush-de-dabbers-delight\/\",\"name\":\"Huile de cannabis au miel Pink Kush de Dabber\u2019s Delight - Beuh Paradis\",\"isPartOf\":{\"@id\":\"https:\/\/beuhparadis.com\/#website\"},\"primaryImageOfPage\":{\"@id\":\"https:\/\/beuhparadis.com\/product\/huile-de-cannabis-au-miel-pink-kush-de-dabbers-delight\/#primaryimage\"},\"image\":{\"@id\":\"https:\/\/beuhparadis.com\/product\/huile-de-cannabis-au-miel-pink-kush-de-dabbers-delight\/#primaryimage\"},\"thumbnailUrl\":\"https:\/\/beuhparadis.com\/wp-content\/uploads\/2024\/12\/Dabbers-Delight-Pink-Kush-Honey-Cannabis-Oil.webp\",\"datePublished\":\"2024-12-10T23:40:31+00:00\",\"dateModified\":\"2024-12-10T23:40:45+00:00\",\"breadcrumb\":{\"@id\":\"https:\/\/beuhparadis.com\/product\/huile-de-cannabis-au-miel-pink-kush-de-dabbers-delight\/#breadcrumb\"},\"inLanguage\":\"es-ES\",\"potentialAction\":[{\"@type\":\"ReadAction\",\"target\":[\"https:\/\/beuhparadis.com\/product\/huile-de-cannabis-au-miel-pink-kush-de-dabbers-delight\/\"]}]},{\"@type\":\"ImageObject\",\"inLanguage\":\"es-ES\",\"@id\":\"https:\/\/beuhparadis.com\/product\/huile-de-cannabis-au-miel-pink-kush-de-dabbers-delight\/#primaryimage\",\"url\":\"https:\/\/beuhparadis.com\/wp-content\/uploads\/2024\/12\/Dabbers-Delight-Pink-Kush-Honey-Cannabis-Oil.webp\",\"contentUrl\":\"https:\/\/beuhparadis.com\/wp-content\/uploads\/2024\/12\/Dabbers-Delight-Pink-Kush-Honey-Cannabis-Oil.webp\",\"width\":1000,\"height\":1000},{\"@type\":\"BreadcrumbList\",\"@id\":\"https:\/\/beuhparadis.com\/product\/huile-de-cannabis-au-miel-pink-kush-de-dabbers-delight\/#breadcrumb\",\"itemListElement\":[{\"@type\":\"ListItem\",\"position\":1,\"name\":\"Home\",\"item\":\"https:\/\/beuhparadis.com\/\"},{\"@type\":\"ListItem\",\"position\":2,\"name\":\"Shop\",\"item\":\"https:\/\/beuhparadis.com\/shop\/\"},{\"@type\":\"ListItem\",\"position\":3,\"name\":\"Huile de cannabis au miel Pink Kush de Dabber\u2019s Delight\"}]},{\"@type\":\"WebSite\",\"@id\":\"https:\/\/beuhparadis.com\/#website\",\"url\":\"https:\/\/beuhparadis.com\/\",\"name\":\"Beuh Paradis\",\"description\":\"\",\"potentialAction\":[{\"@type\":\"SearchAction\",\"target\":{\"@type\":\"EntryPoint\",\"urlTemplate\":\"https:\/\/beuhparadis.com\/?s={search_term_string}\"},\"query-input\":{\"@type\":\"PropertyValueSpecification\",\"valueRequired\":true,\"valueName\":\"search_term_string\"}}],\"inLanguage\":\"es-ES\"}]}<\/script>\n<!-- \/ Yoast SEO Premium plugin. -->","yoast_head_json":{"title":"Aceite de cannabis con miel Pink Kush de Dabber's Delight - Beuh Paradis","robots":{"index":"index","follow":"follow","max-snippet":"max-snippet:-1","max-image-preview":"max-image-preview:large","max-video-preview":"max-video-preview:-1"},"canonical":"https:\/\/beuhparadis.com\/es\/product\/huile-de-cannabis-au-miel-pink-kush-de-dabbers-delight\/","og_locale":"es_ES","og_type":"article","og_title":"Huile de cannabis au miel Pink Kush de Dabber\u2019s Delight","og_description":"THC: 20% Effets M\u00e9dicaux: Propri\u00e9t\u00e9s relaxantes aidant \u00e0 soulager le stress et \u00e0 favoriser le sommeil.","og_url":"https:\/\/beuhparadis.com\/es\/product\/huile-de-cannabis-au-miel-pink-kush-de-dabbers-delight\/","og_site_name":"Beuh Paradis","article_modified_time":"2024-12-10T23:40:45+00:00","twitter_card":"summary_large_image","twitter_misc":{"Tiempo de lectura":"3 minutes"},"schema":{"@context":"https:\/\/schema.org","@graph":[{"@type":"WebPage","@id":"https:\/\/beuhparadis.com\/product\/huile-de-cannabis-au-miel-pink-kush-de-dabbers-delight\/","url":"https:\/\/beuhparadis.com\/product\/huile-de-cannabis-au-miel-pink-kush-de-dabbers-delight\/","name":"Aceite de cannabis con miel Pink Kush de Dabber's Delight - Beuh Paradis","isPartOf":{"@id":"https:\/\/beuhparadis.com\/#website"},"primaryImageOfPage":{"@id":"https:\/\/beuhparadis.com\/product\/huile-de-cannabis-au-miel-pink-kush-de-dabbers-delight\/#primaryimage"},"image":{"@id":"https:\/\/beuhparadis.com\/product\/huile-de-cannabis-au-miel-pink-kush-de-dabbers-delight\/#primaryimage"},"thumbnailUrl":"https:\/\/beuhparadis.com\/wp-content\/uploads\/2024\/12\/Dabbers-Delight-Pink-Kush-Honey-Cannabis-Oil.webp","datePublished":"2024-12-10T23:40:31+00:00","dateModified":"2024-12-10T23:40:45+00:00","breadcrumb":{"@id":"https:\/\/beuhparadis.com\/product\/huile-de-cannabis-au-miel-pink-kush-de-dabbers-delight\/#breadcrumb"},"inLanguage":"es-ES","potentialAction":[{"@type":"ReadAction","target":["https:\/\/beuhparadis.com\/product\/huile-de-cannabis-au-miel-pink-kush-de-dabbers-delight\/"]}]},{"@type":"ImageObject","inLanguage":"es-ES","@id":"https:\/\/beuhparadis.com\/product\/huile-de-cannabis-au-miel-pink-kush-de-dabbers-delight\/#primaryimage","url":"https:\/\/beuhparadis.com\/wp-content\/uploads\/2024\/12\/Dabbers-Delight-Pink-Kush-Honey-Cannabis-Oil.webp","contentUrl":"https:\/\/beuhparadis.com\/wp-content\/uploads\/2024\/12\/Dabbers-Delight-Pink-Kush-Honey-Cannabis-Oil.webp","width":1000,"height":1000},{"@type":"BreadcrumbList","@id":"https:\/\/beuhparadis.com\/product\/huile-de-cannabis-au-miel-pink-kush-de-dabbers-delight\/#breadcrumb","itemListElement":[{"@type":"ListItem","position":1,"name":"Home","item":"https:\/\/beuhparadis.com\/"},{"@type":"ListItem","position":2,"name":"Shop","item":"https:\/\/beuhparadis.com\/shop\/"},{"@type":"ListItem","position":3,"name":"Huile de cannabis au miel Pink Kush de Dabber\u2019s Delight"}]},{"@type":"WebSite","@id":"https:\/\/beuhparadis.com\/#website","url":"https:\/\/beuhparadis.com\/","name":"Beuh Paradis","description":"","potentialAction":[{"@type":"SearchAction","target":{"@type":"EntryPoint","urlTemplate":"https:\/\/beuhparadis.com\/?s={search_term_string}"},"query-input":{"@type":"PropertyValueSpecification","valueRequired":true,"valueName":"search_term_string"}}],"inLanguage":"es-ES"}]}},"_links":{"self":[{"href":"https:\/\/beuhparadis.com\/es\/wp-json\/wp\/v2\/product\/1404","targetHints":{"allow":["GET"]}}],"collection":[{"href":"https:\/\/beuhparadis.com\/es\/wp-json\/wp\/v2\/product"}],"about":[{"href":"https:\/\/beuhparadis.com\/es\/wp-json\/wp\/v2\/types\/product"}],"replies":[{"embeddable":true,"href":"https:\/\/beuhparadis.com\/es\/wp-json\/wp\/v2\/comments?post=1404"}],"wp:featuredmedia":[{"embeddable":true,"href":"https:\/\/beuhparadis.com\/es\/wp-json\/wp\/v2\/media\/1424"}],"wp:attachment":[{"href":"https:\/\/beuhparadis.com\/es\/wp-json\/wp\/v2\/media?parent=1404"}],"wp:term":[{"taxonomy":"product_brand","embeddable":true,"href":"https:\/\/beuhparadis.com\/es\/wp-json\/wp\/v2\/product_brand?post=1404"},{"taxonomy":"product_cat","embeddable":true,"href":"https:\/\/beuhparadis.com\/es\/wp-json\/wp\/v2\/product_cat?post=1404"},{"taxonomy":"product_tag","embeddable":true,"href":"https:\/\/beuhparadis.com\/es\/wp-json\/wp\/v2\/product_tag?post=1404"}],"curies":[{"name":"wp","href":"https:\/\/api.w.org\/{rel}","templated":true}]}}