{"id":1386,"date":"2024-12-10T23:40:08","date_gmt":"2024-12-10T23:40:08","guid":{"rendered":"https:\/\/beuhparadis.com\/?post_type=product&#038;p=1386"},"modified":"2024-12-10T23:40:45","modified_gmt":"2024-12-10T23:40:45","slug":"huile-de-miel-sour-diesel-dabbers-delight","status":"publish","type":"product","link":"https:\/\/beuhparadis.com\/es\/product\/huile-de-miel-sour-diesel-dabbers-delight\/","title":{"rendered":"Aceite de miel Sour Diesel Dabber's Delight"},"content":{"rendered":"<h1 class=\"wp-block-heading\">Comprar Aceite de Miel Sour Diesel Dabber's Delight<\/h1>\n<p>El aceite de miel Sour Diesel de Dabber's Delight se extrae de la famosa variedad de cannabis sativa Sour Diesel, un cruce entre Chemdawg y Super Skunk. La Sour Diesel se hizo popular a principios de los a\u00f1os 90 y es famosa por su penetrante sabor a diesel, aunque este aroma es menos pronunciado en forma de aceite de miel. Ideal para dabbing y vaping, este aceite viene en una jeringa de vidrio resistente a altas temperaturas, perfecta para clavar en dab rig.<\/p>\n<h2 class=\"wp-block-heading\">Composici\u00f3n del aceite de THC<\/h2>\n<ul class=\"wp-block-list\">\n<li><strong>Extracci\u00f3n<\/strong>Sour Diesel, variedad Sativa.<\/li>\n<li><strong>Utilizaci\u00f3n<\/strong>Ideal para dabbing y vaping.<\/li>\n<\/ul>\n<h2 class=\"wp-block-heading\">THC y CBD<\/h2>\n<p>El aceite de miel Sour Diesel es conocido por su alta concentraci\u00f3n de THC: 70%, caracter\u00edstica de la cepa Sour Diesel.<\/p>\n<h2 class=\"wp-block-heading\">\u00bfD\u00f3nde comprar aceite de miel de di\u00e9sel agrio en Internet?<\/h2>\n<p>Este aceite de cannabis de calidad est\u00e1 disponible en l\u00ednea en sitios especializados como <a href=\"https:\/\/acheterducannabis.fr\/\" data-type=\"link\" data-id=\"https:\/\/acheterducannabis.fr\/\">Buyducannabis<\/a>garantizando un producto puro y eficaz.<\/p>\n<h2 class=\"wp-block-heading\">Efectos, aromas y sabores<\/h2>\n<h3 class=\"wp-block-heading\">Efecto<\/h3>\n<ul class=\"wp-block-list\">\n<li>Efectos r\u00e1pidos, energizantes y cerebrales que fomentan una profunda introspecci\u00f3n y una mayor creatividad.<\/li>\n<\/ul>\n<h3 class=\"wp-block-heading\">Aroma<\/h3>\n<ul class=\"wp-block-list\">\n<li>Perfil arom\u00e1tico diesel picante, sutil en forma de aceite de miel.<\/li>\n<\/ul>\n<h3 class=\"wp-block-heading\">Pruebe<\/h3>\n<ul class=\"wp-block-list\">\n<li>Un sabor distintivo menos picante que el de la flor Sour Diesel, que ofrece una experiencia gustativa \u00fanica.<\/li>\n<\/ul>\n<h2 class=\"wp-block-heading\">Efectos m\u00e9dicos<\/h2>\n<h3 class=\"wp-block-heading\">Efectos m\u00e9dicos<\/h3>\n<ul class=\"wp-block-list\">\n<li>Alivio potencial de diversas afecciones m\u00e9dicas gracias a sus efectos energizantes y a su concentraci\u00f3n de THC.<\/li>\n<\/ul>\n<h3 class=\"wp-block-heading\">Puede aliviar<\/h3>\n<ul class=\"wp-block-list\">\n<li>Estr\u00e9s, fatiga, trastornos del estado de \u00e1nimo y dolor, al favorecer una sensaci\u00f3n de bienestar y energ\u00eda.<\/li>\n<\/ul>\n<h2 class=\"wp-block-heading\">Elegir el aceite de THC adecuado<\/h2>\n<p>Elige Sour Diesel Honey Oil por sus cualidades espec\u00edficas, su eficacia en dabbing y vaping, y su perfil arom\u00e1tico \u00fanico.<\/p>\n<h2 class=\"wp-block-heading\">Usos del Aceite de Miel Sour Diesel<\/h2>\n<p>Perfecta para usuarios que buscan una intensa experiencia cerebral e introspectiva, mientras disfrutan de los beneficios medicinales del THC.<\/p>\n<h2 class=\"wp-block-heading\">\u00bfC\u00f3mo debe conservarse el aceite de THC?<\/h2>\n<p>Conserve el aceite en un lugar fresco y oscuro para mantener su potencia y calidad, y caliente ligeramente la jeringuilla para facilitar su uso.<\/p>\n<h2 class=\"wp-block-heading\">\u00bfPor qu\u00e9 comprar Aceite de Miel Sour Diesel en Acheterducannabis?<\/h2>\n<p>Acheterducannabis ofrece este aceite de miel de primera calidad, garantizando una experiencia de consumo \u00f3ptima para aquellos que buscan lo mejor del cannabis sativa.<\/p>\n<h2 class=\"wp-block-heading\">Legislaci\u00f3n sobre la venta de aceite de THC en Europa<\/h2>\n<p>Las leyes relativas a la venta de aceite de THC, incluido el Aceite de Miel Sour Diesel, var\u00edan en toda Europa. Es crucial informarse sobre la normativa vigente antes de realizar una compra para disfrutar de una experiencia segura y legal.<\/p>\n<p>Diesel Dabber's Delight Sour Honey Oil ofrece una llave a nuevas dimensiones de la mente, desbloqueando la creatividad y la introspecci\u00f3n gracias a su composici\u00f3n rica en THC. Disponible en Acheterducannabis, es la elecci\u00f3n ideal para los amantes de las emociones y las cualidades medicinales del cannabis.<\/p>","protected":false},"excerpt":{"rendered":"<p><strong>THC:<\/strong> 70%<\/p>\n<p><strong>Efectos m\u00e9dicos:<\/strong><br \/> Alivio potencial de diversas afecciones m\u00e9dicas gracias a sus efectos energizantes y a su concentraci\u00f3n de THC.<\/p>","protected":false},"featured_media":1423,"comment_status":"closed","ping_status":"closed","template":"","meta":{"site-sidebar-layout":"default","site-content-layout":"","ast-site-content-layout":"","site-content-style":"default","site-sidebar-style":"default","ast-global-header-display":"","ast-banner-title-visibility":"","ast-main-header-display":"","ast-hfb-above-header-display":"","ast-hfb-below-header-display":"","ast-hfb-mobile-header-display":"","site-post-title":"","ast-breadcrumbs-content":"","ast-featured-img":"","footer-sml-layout":"","theme-transparent-header-meta":"","adv-header-id-meta":"","stick-header-meta":"","header-above-stick-meta":"","header-main-stick-meta":"","header-below-stick-meta":"","astra-migrate-meta-layouts":"default","ast-page-background-enabled":"default","ast-page-background-meta":{"desktop":{"background-color":"","background-image":"","background-repeat":"repeat","background-position":"center center","background-size":"auto","background-attachment":"scroll","background-type":"","background-media":"","overlay-type":"","overlay-color":"","overlay-opacity":"","overlay-gradient":""},"tablet":{"background-color":"","background-image":"","background-repeat":"repeat","background-position":"center center","background-size":"auto","background-attachment":"scroll","background-type":"","background-media":"","overlay-type":"","overlay-color":"","overlay-opacity":"","overlay-gradient":""},"mobile":{"background-color":"","background-image":"","background-repeat":"repeat","background-position":"center center","background-size":"auto","background-attachment":"scroll","background-type":"","background-media":"","overlay-type":"","overlay-color":"","overlay-opacity":"","overlay-gradient":""}},"ast-content-background-meta":{"desktop":{"background-color":"var(--ast-global-color-5)","background-image":"","background-repeat":"repeat","background-position":"center center","background-size":"auto","background-attachment":"scroll","background-type":"","background-media":"","overlay-type":"","overlay-color":"","overlay-opacity":"","overlay-gradient":""},"tablet":{"background-color":"var(--ast-global-color-5)","background-image":"","background-repeat":"repeat","background-position":"center center","background-size":"auto","background-attachment":"scroll","background-type":"","background-media":"","overlay-type":"","overlay-color":"","overlay-opacity":"","overlay-gradient":""},"mobile":{"background-color":"var(--ast-global-color-5)","background-image":"","background-repeat":"repeat","background-position":"center center","background-size":"auto","background-attachment":"scroll","background-type":"","background-media":"","overlay-type":"","overlay-color":"","overlay-opacity":"","overlay-gradient":""}},"_joinchat":[]},"product_brand":[],"product_cat":[36],"product_tag":[],"class_list":{"0":"post-1386","1":"product","2":"type-product","3":"status-publish","4":"has-post-thumbnail","6":"product_cat-huile-thc","7":"desktop-align-left","8":"tablet-align-left","9":"mobile-align-left","11":"first","12":"instock","13":"shipping-taxable","14":"purchasable","15":"product-type-variable"},"yoast_head":"<!-- This site is optimized with the Yoast SEO Premium plugin v24.1 (Yoast SEO v26.8) - https:\/\/yoast.com\/product\/yoast-seo-premium-wordpress\/ -->\n<title>Huile de miel Sour Diesel Dabber\u2019s Delight - Beuh Paradis<\/title>\n<meta name=\"robots\" content=\"index, follow, max-snippet:-1, max-image-preview:large, max-video-preview:-1\" \/>\n<link rel=\"canonical\" href=\"https:\/\/beuhparadis.com\/es\/product\/huile-de-miel-sour-diesel-dabbers-delight\/\" \/>\n<meta property=\"og:locale\" content=\"es_ES\" \/>\n<meta property=\"og:type\" content=\"article\" \/>\n<meta property=\"og:title\" content=\"Huile de miel Sour Diesel Dabber\u2019s Delight\" \/>\n<meta property=\"og:description\" content=\"THC: 70% Effets M\u00e9dicaux: Soulagement potentiel de diverses conditions m\u00e9dicales gr\u00e2ce \u00e0 ses effets \u00e9nergisants et sa concentration en THC.\" \/>\n<meta property=\"og:url\" content=\"https:\/\/beuhparadis.com\/es\/product\/huile-de-miel-sour-diesel-dabbers-delight\/\" \/>\n<meta property=\"og:site_name\" content=\"Beuh Paradis\" \/>\n<meta property=\"article:modified_time\" content=\"2024-12-10T23:40:45+00:00\" \/>\n<meta name=\"twitter:card\" content=\"summary_large_image\" \/>\n<meta name=\"twitter:label1\" content=\"Tiempo de lectura\" \/>\n\t<meta name=\"twitter:data1\" content=\"3 minutes\" \/>\n<script type=\"application\/ld+json\" class=\"yoast-schema-graph\">{\"@context\":\"https:\/\/schema.org\",\"@graph\":[{\"@type\":\"WebPage\",\"@id\":\"https:\/\/beuhparadis.com\/product\/huile-de-miel-sour-diesel-dabbers-delight\/\",\"url\":\"https:\/\/beuhparadis.com\/product\/huile-de-miel-sour-diesel-dabbers-delight\/\",\"name\":\"Huile de miel Sour Diesel Dabber\u2019s Delight - Beuh Paradis\",\"isPartOf\":{\"@id\":\"https:\/\/beuhparadis.com\/#website\"},\"primaryImageOfPage\":{\"@id\":\"https:\/\/beuhparadis.com\/product\/huile-de-miel-sour-diesel-dabbers-delight\/#primaryimage\"},\"image\":{\"@id\":\"https:\/\/beuhparadis.com\/product\/huile-de-miel-sour-diesel-dabbers-delight\/#primaryimage\"},\"thumbnailUrl\":\"https:\/\/beuhparadis.com\/wp-content\/uploads\/2024\/12\/Dabbers-Delight-Sour-Diesel-Honey-Oil.jpeg\",\"datePublished\":\"2024-12-10T23:40:08+00:00\",\"dateModified\":\"2024-12-10T23:40:45+00:00\",\"breadcrumb\":{\"@id\":\"https:\/\/beuhparadis.com\/product\/huile-de-miel-sour-diesel-dabbers-delight\/#breadcrumb\"},\"inLanguage\":\"es-ES\",\"potentialAction\":[{\"@type\":\"ReadAction\",\"target\":[\"https:\/\/beuhparadis.com\/product\/huile-de-miel-sour-diesel-dabbers-delight\/\"]}]},{\"@type\":\"ImageObject\",\"inLanguage\":\"es-ES\",\"@id\":\"https:\/\/beuhparadis.com\/product\/huile-de-miel-sour-diesel-dabbers-delight\/#primaryimage\",\"url\":\"https:\/\/beuhparadis.com\/wp-content\/uploads\/2024\/12\/Dabbers-Delight-Sour-Diesel-Honey-Oil.jpeg\",\"contentUrl\":\"https:\/\/beuhparadis.com\/wp-content\/uploads\/2024\/12\/Dabbers-Delight-Sour-Diesel-Honey-Oil.jpeg\",\"width\":1000,\"height\":1000},{\"@type\":\"BreadcrumbList\",\"@id\":\"https:\/\/beuhparadis.com\/product\/huile-de-miel-sour-diesel-dabbers-delight\/#breadcrumb\",\"itemListElement\":[{\"@type\":\"ListItem\",\"position\":1,\"name\":\"Home\",\"item\":\"https:\/\/beuhparadis.com\/\"},{\"@type\":\"ListItem\",\"position\":2,\"name\":\"Shop\",\"item\":\"https:\/\/beuhparadis.com\/shop\/\"},{\"@type\":\"ListItem\",\"position\":3,\"name\":\"Huile de miel Sour Diesel Dabber\u2019s Delight\"}]},{\"@type\":\"WebSite\",\"@id\":\"https:\/\/beuhparadis.com\/#website\",\"url\":\"https:\/\/beuhparadis.com\/\",\"name\":\"Beuh Paradis\",\"description\":\"\",\"potentialAction\":[{\"@type\":\"SearchAction\",\"target\":{\"@type\":\"EntryPoint\",\"urlTemplate\":\"https:\/\/beuhparadis.com\/?s={search_term_string}\"},\"query-input\":{\"@type\":\"PropertyValueSpecification\",\"valueRequired\":true,\"valueName\":\"search_term_string\"}}],\"inLanguage\":\"es-ES\"}]}<\/script>\n<!-- \/ Yoast SEO Premium plugin. -->","yoast_head_json":{"title":"Aceite de Miel Sour Diesel Dabber's Delight - Beuh Paradis","robots":{"index":"index","follow":"follow","max-snippet":"max-snippet:-1","max-image-preview":"max-image-preview:large","max-video-preview":"max-video-preview:-1"},"canonical":"https:\/\/beuhparadis.com\/es\/product\/huile-de-miel-sour-diesel-dabbers-delight\/","og_locale":"es_ES","og_type":"article","og_title":"Huile de miel Sour Diesel Dabber\u2019s Delight","og_description":"THC: 70% Effets M\u00e9dicaux: Soulagement potentiel de diverses conditions m\u00e9dicales gr\u00e2ce \u00e0 ses effets \u00e9nergisants et sa concentration en THC.","og_url":"https:\/\/beuhparadis.com\/es\/product\/huile-de-miel-sour-diesel-dabbers-delight\/","og_site_name":"Beuh Paradis","article_modified_time":"2024-12-10T23:40:45+00:00","twitter_card":"summary_large_image","twitter_misc":{"Tiempo de lectura":"3 minutes"},"schema":{"@context":"https:\/\/schema.org","@graph":[{"@type":"WebPage","@id":"https:\/\/beuhparadis.com\/product\/huile-de-miel-sour-diesel-dabbers-delight\/","url":"https:\/\/beuhparadis.com\/product\/huile-de-miel-sour-diesel-dabbers-delight\/","name":"Aceite de Miel Sour Diesel Dabber's Delight - Beuh Paradis","isPartOf":{"@id":"https:\/\/beuhparadis.com\/#website"},"primaryImageOfPage":{"@id":"https:\/\/beuhparadis.com\/product\/huile-de-miel-sour-diesel-dabbers-delight\/#primaryimage"},"image":{"@id":"https:\/\/beuhparadis.com\/product\/huile-de-miel-sour-diesel-dabbers-delight\/#primaryimage"},"thumbnailUrl":"https:\/\/beuhparadis.com\/wp-content\/uploads\/2024\/12\/Dabbers-Delight-Sour-Diesel-Honey-Oil.jpeg","datePublished":"2024-12-10T23:40:08+00:00","dateModified":"2024-12-10T23:40:45+00:00","breadcrumb":{"@id":"https:\/\/beuhparadis.com\/product\/huile-de-miel-sour-diesel-dabbers-delight\/#breadcrumb"},"inLanguage":"es-ES","potentialAction":[{"@type":"ReadAction","target":["https:\/\/beuhparadis.com\/product\/huile-de-miel-sour-diesel-dabbers-delight\/"]}]},{"@type":"ImageObject","inLanguage":"es-ES","@id":"https:\/\/beuhparadis.com\/product\/huile-de-miel-sour-diesel-dabbers-delight\/#primaryimage","url":"https:\/\/beuhparadis.com\/wp-content\/uploads\/2024\/12\/Dabbers-Delight-Sour-Diesel-Honey-Oil.jpeg","contentUrl":"https:\/\/beuhparadis.com\/wp-content\/uploads\/2024\/12\/Dabbers-Delight-Sour-Diesel-Honey-Oil.jpeg","width":1000,"height":1000},{"@type":"BreadcrumbList","@id":"https:\/\/beuhparadis.com\/product\/huile-de-miel-sour-diesel-dabbers-delight\/#breadcrumb","itemListElement":[{"@type":"ListItem","position":1,"name":"Home","item":"https:\/\/beuhparadis.com\/"},{"@type":"ListItem","position":2,"name":"Shop","item":"https:\/\/beuhparadis.com\/shop\/"},{"@type":"ListItem","position":3,"name":"Huile de miel Sour Diesel Dabber\u2019s Delight"}]},{"@type":"WebSite","@id":"https:\/\/beuhparadis.com\/#website","url":"https:\/\/beuhparadis.com\/","name":"Beuh Paradis","description":"","potentialAction":[{"@type":"SearchAction","target":{"@type":"EntryPoint","urlTemplate":"https:\/\/beuhparadis.com\/?s={search_term_string}"},"query-input":{"@type":"PropertyValueSpecification","valueRequired":true,"valueName":"search_term_string"}}],"inLanguage":"es-ES"}]}},"_links":{"self":[{"href":"https:\/\/beuhparadis.com\/es\/wp-json\/wp\/v2\/product\/1386","targetHints":{"allow":["GET"]}}],"collection":[{"href":"https:\/\/beuhparadis.com\/es\/wp-json\/wp\/v2\/product"}],"about":[{"href":"https:\/\/beuhparadis.com\/es\/wp-json\/wp\/v2\/types\/product"}],"replies":[{"embeddable":true,"href":"https:\/\/beuhparadis.com\/es\/wp-json\/wp\/v2\/comments?post=1386"}],"wp:featuredmedia":[{"embeddable":true,"href":"https:\/\/beuhparadis.com\/es\/wp-json\/wp\/v2\/media\/1423"}],"wp:attachment":[{"href":"https:\/\/beuhparadis.com\/es\/wp-json\/wp\/v2\/media?parent=1386"}],"wp:term":[{"taxonomy":"product_brand","embeddable":true,"href":"https:\/\/beuhparadis.com\/es\/wp-json\/wp\/v2\/product_brand?post=1386"},{"taxonomy":"product_cat","embeddable":true,"href":"https:\/\/beuhparadis.com\/es\/wp-json\/wp\/v2\/product_cat?post=1386"},{"taxonomy":"product_tag","embeddable":true,"href":"https:\/\/beuhparadis.com\/es\/wp-json\/wp\/v2\/product_tag?post=1386"}],"curies":[{"name":"wp","href":"https:\/\/api.w.org\/{rel}","templated":true}]}}