{"id":1380,"date":"2024-12-10T23:40:08","date_gmt":"2024-12-10T23:40:08","guid":{"rendered":"https:\/\/beuhparadis.com\/?post_type=product&#038;p=1380"},"modified":"2024-12-10T23:40:29","modified_gmt":"2024-12-10T23:40:29","slug":"huile-gaia-wellness-sativa-rso-1ml","status":"publish","type":"product","link":"https:\/\/beuhparadis.com\/es\/product\/huile-gaia-wellness-sativa-rso-1ml\/","title":{"rendered":"Gaia Wellness Aceite Sativa RSO 1ml"},"content":{"rendered":"<h1 class=\"wp-block-heading\">Comprar Aceite RSO Gaia Sativa<\/h1>\n<p>Gaia Sativa RSO es un extracto de cannabis de espectro completo altamente eficaz, conocido como Rick Simpson Oil (RSO) o aceite de cannabis Phoenix Tears. Resultado de un meticuloso proceso de extracci\u00f3n, este aceite captura todos los cannabinoides m\u00e9dicamente beneficiosos de la planta de cannabis, proporcionando un potente remedio para consumo oral. Perfecto para quienes buscan alivio contra el estr\u00e9s, los trastornos del estado de \u00e1nimo, la depresi\u00f3n, el TDAH y todo tipo de dolores corporales, el Gaia Sativa RSO destaca por sus efectos relajantes y creativos, al tiempo que favorece la concentraci\u00f3n y el alivio.<\/p>\n<h2 class=\"wp-block-heading\">Composici\u00f3n del aceite de THC<\/h2>\n<ul class=\"wp-block-list\">\n<li><strong>Extracci\u00f3n<\/strong>Proceso de extracci\u00f3n de espectro completo para una medicaci\u00f3n eficaz.<\/li>\n<li><strong>Dosificaci\u00f3n<\/strong>1ml, con sugerencias para un uso prudente y gradual.<\/li>\n<\/ul>\n<h2 class=\"wp-block-heading\">THC y CBD<\/h2>\n<p>El aceite contiene una alta concentraci\u00f3n de THC 46% en porcentajes no especificados, lo que subraya su eficacia debido al efecto s\u00e9quito de los cannabinoides presentes.<\/p>\n<h2 class=\"wp-block-heading\">\u00bfD\u00f3nde comprar aceite RSO Gaia Sativa en l\u00ednea?<\/h2>\n<p>Este potente aceite de cannabis est\u00e1 disponible online en plataformas especializadas como Acheterducannabis, garantizando un producto de m\u00e1xima calidad para los usuarios de Europa.<\/p>\n<h2 class=\"wp-block-heading\">Efectos, aromas y sabores<\/h2>\n<h3 class=\"wp-block-heading\">Efecto<\/h3>\n<ul class=\"wp-block-list\">\n<li>Ofrece relajaci\u00f3n, creatividad, aumento de la concentraci\u00f3n y alivio profundo.<\/li>\n<\/ul>\n<h3 class=\"wp-block-heading\">Sabor y gusto<\/h3>\n<ul class=\"wp-block-list\">\n<li>Las caracter\u00edsticas naturales del cannabis Sativa ayudan a mejorar el estado de \u00e1nimo, la creatividad y la sociabilidad.<\/li>\n<\/ul>\n<h2 class=\"wp-block-heading\">Efectos m\u00e9dicos<\/h2>\n<h3 class=\"wp-block-heading\">Efectos m\u00e9dicos<\/h3>\n<ul class=\"wp-block-list\">\n<li>Alivia el estr\u00e9s, las n\u00e1useas, los trastornos del estado de \u00e1nimo, la depresi\u00f3n, el TDAH y los dolores corporales.<\/li>\n<\/ul>\n<h3 class=\"wp-block-heading\">Puede aliviar<\/h3>\n<ul class=\"wp-block-list\">\n<li>Amplio espectro de afecciones m\u00e9dicas, gracias a la naturaleza Sativa del aceite.<\/li>\n<\/ul>\n<h2 class=\"wp-block-heading\">Elegir el aceite de THC adecuado<\/h2>\n<p>Elija el aceite Gaia Sativa RSO por su concentraci\u00f3n de THC y su eficacia demostrada, especialmente indicado para quienes buscan productividad, motivaci\u00f3n y calidad social.<\/p>\n<h2 class=\"wp-block-heading\">Usos del aceite RSO Gaia Sativa<\/h2>\n<p>El aceite de Gaia Sativa RSO es ideal para el consumo oral, con una dosis inicial recomendada del tama\u00f1o de medio grano de arroz, ajustada seg\u00fan las necesidades.<\/p>\n<h2 class=\"wp-block-heading\">\u00bfC\u00f3mo debe conservarse el aceite de THC?<\/h2>\n<p>Para una conservaci\u00f3n \u00f3ptima, caliente la jeringuilla para facilitar la dispensaci\u00f3n y consuma el aceite con la comida, dejando transcurrir dos horas para que se noten todos sus efectos.<\/p>\n<h2 class=\"wp-block-heading\">\u00bfPor qu\u00e9 comprar Aceite Gaia Sativa RSO en Acheterducannabis?<\/h2>\n<p><a href=\"https:\/\/acheterducannabis.fr\/\" data-type=\"link\" data-id=\"https:\/\/acheterducannabis.fr\/\">Buyducannabis<\/a> es su elecci\u00f3n preferida para el aceite Gaia Sativa RSO, ofreciendo un producto altamente concentrado y viscoso a un coste asequible, con un servicio de atenci\u00f3n al cliente excepcional.<\/p>\n<h2 class=\"wp-block-heading\">Legislaci\u00f3n sobre la venta de aceite de THC en Europa<\/h2>\n<p>La venta de<a href=\"https:\/\/acheterducannabis.fr\/huile-thc\/\" data-type=\"link\" data-id=\"https:\/\/acheterducannabis.fr\/huile-thc\/\">Aceite de THC<\/a>incluido el aceite Gaia Sativa RSO, est\u00e1 regulado en Europa. Es esencial comprobar la legislaci\u00f3n local antes de comprar para garantizar una experiencia segura y conforme a la normativa.<\/p>\n<p>El aceite Gaia Sativa RSO es una potente soluci\u00f3n natural para quienes buscan un alivio profundo y una mejor calidad de vida. Disponible en Acheterducannabis, este aceite promete una experiencia terap\u00e9utica excepcional para los usuarios que buscan un tratamiento alternativo eficaz.<\/p>","protected":false},"excerpt":{"rendered":"<p><strong>THC:<\/strong> 46%<\/p>\n<p><strong>Efectos m\u00e9dicos:<\/strong> Alivia el estr\u00e9s, las n\u00e1useas, los trastornos del estado de \u00e1nimo, la depresi\u00f3n, el TDAH y los dolores corporales.<\/p>","protected":false},"featured_media":1400,"comment_status":"closed","ping_status":"closed","template":"","meta":{"site-sidebar-layout":"default","site-content-layout":"","ast-site-content-layout":"","site-content-style":"default","site-sidebar-style":"default","ast-global-header-display":"","ast-banner-title-visibility":"","ast-main-header-display":"","ast-hfb-above-header-display":"","ast-hfb-below-header-display":"","ast-hfb-mobile-header-display":"","site-post-title":"","ast-breadcrumbs-content":"","ast-featured-img":"","footer-sml-layout":"","theme-transparent-header-meta":"","adv-header-id-meta":"","stick-header-meta":"","header-above-stick-meta":"","header-main-stick-meta":"","header-below-stick-meta":"","astra-migrate-meta-layouts":"default","ast-page-background-enabled":"default","ast-page-background-meta":{"desktop":{"background-color":"","background-image":"","background-repeat":"repeat","background-position":"center center","background-size":"auto","background-attachment":"scroll","background-type":"","background-media":"","overlay-type":"","overlay-color":"","overlay-opacity":"","overlay-gradient":""},"tablet":{"background-color":"","background-image":"","background-repeat":"repeat","background-position":"center center","background-size":"auto","background-attachment":"scroll","background-type":"","background-media":"","overlay-type":"","overlay-color":"","overlay-opacity":"","overlay-gradient":""},"mobile":{"background-color":"","background-image":"","background-repeat":"repeat","background-position":"center center","background-size":"auto","background-attachment":"scroll","background-type":"","background-media":"","overlay-type":"","overlay-color":"","overlay-opacity":"","overlay-gradient":""}},"ast-content-background-meta":{"desktop":{"background-color":"var(--ast-global-color-5)","background-image":"","background-repeat":"repeat","background-position":"center center","background-size":"auto","background-attachment":"scroll","background-type":"","background-media":"","overlay-type":"","overlay-color":"","overlay-opacity":"","overlay-gradient":""},"tablet":{"background-color":"var(--ast-global-color-5)","background-image":"","background-repeat":"repeat","background-position":"center center","background-size":"auto","background-attachment":"scroll","background-type":"","background-media":"","overlay-type":"","overlay-color":"","overlay-opacity":"","overlay-gradient":""},"mobile":{"background-color":"var(--ast-global-color-5)","background-image":"","background-repeat":"repeat","background-position":"center center","background-size":"auto","background-attachment":"scroll","background-type":"","background-media":"","overlay-type":"","overlay-color":"","overlay-opacity":"","overlay-gradient":""}},"_joinchat":[]},"product_brand":[],"product_cat":[36],"product_tag":[],"class_list":{"0":"post-1380","1":"product","2":"type-product","3":"status-publish","4":"has-post-thumbnail","6":"product_cat-huile-thc","7":"desktop-align-left","8":"tablet-align-left","9":"mobile-align-left","11":"first","12":"outofstock","13":"shipping-taxable","14":"product-type-variable"},"yoast_head":"<!-- This site is optimized with the Yoast SEO Premium plugin v24.1 (Yoast SEO v26.8) - https:\/\/yoast.com\/product\/yoast-seo-premium-wordpress\/ -->\n<title>Huile Gaia Wellness Sativa RSO 1ml - Beuh Paradis<\/title>\n<meta name=\"robots\" content=\"index, follow, max-snippet:-1, max-image-preview:large, max-video-preview:-1\" \/>\n<link rel=\"canonical\" href=\"https:\/\/beuhparadis.com\/es\/product\/huile-gaia-wellness-sativa-rso-1ml\/\" \/>\n<meta property=\"og:locale\" content=\"es_ES\" \/>\n<meta property=\"og:type\" content=\"article\" \/>\n<meta property=\"og:title\" content=\"Huile Gaia Wellness Sativa RSO 1ml\" \/>\n<meta property=\"og:description\" content=\"THC: 46% Effets M\u00e9dicaux: Soulagement du stress, des naus\u00e9es, des troubles de l&rsquo;humeur, de la d\u00e9pression, du TDAH, et des douleurs corporelles.\" \/>\n<meta property=\"og:url\" content=\"https:\/\/beuhparadis.com\/es\/product\/huile-gaia-wellness-sativa-rso-1ml\/\" \/>\n<meta property=\"og:site_name\" content=\"Beuh Paradis\" \/>\n<meta property=\"article:modified_time\" content=\"2024-12-10T23:40:29+00:00\" \/>\n<meta name=\"twitter:card\" content=\"summary_large_image\" \/>\n<meta name=\"twitter:label1\" content=\"Tiempo de lectura\" \/>\n\t<meta name=\"twitter:data1\" content=\"3 minutes\" \/>\n<script type=\"application\/ld+json\" class=\"yoast-schema-graph\">{\"@context\":\"https:\/\/schema.org\",\"@graph\":[{\"@type\":\"WebPage\",\"@id\":\"https:\/\/beuhparadis.com\/product\/huile-gaia-wellness-sativa-rso-1ml\/\",\"url\":\"https:\/\/beuhparadis.com\/product\/huile-gaia-wellness-sativa-rso-1ml\/\",\"name\":\"Huile Gaia Wellness Sativa RSO 1ml - Beuh Paradis\",\"isPartOf\":{\"@id\":\"https:\/\/beuhparadis.com\/#website\"},\"primaryImageOfPage\":{\"@id\":\"https:\/\/beuhparadis.com\/product\/huile-gaia-wellness-sativa-rso-1ml\/#primaryimage\"},\"image\":{\"@id\":\"https:\/\/beuhparadis.com\/product\/huile-gaia-wellness-sativa-rso-1ml\/#primaryimage\"},\"thumbnailUrl\":\"https:\/\/beuhparadis.com\/wp-content\/uploads\/2024\/12\/Gaia-Wellness-Sativa-RSO-Oil-1ml.webp\",\"datePublished\":\"2024-12-10T23:40:08+00:00\",\"dateModified\":\"2024-12-10T23:40:29+00:00\",\"breadcrumb\":{\"@id\":\"https:\/\/beuhparadis.com\/product\/huile-gaia-wellness-sativa-rso-1ml\/#breadcrumb\"},\"inLanguage\":\"es-ES\",\"potentialAction\":[{\"@type\":\"ReadAction\",\"target\":[\"https:\/\/beuhparadis.com\/product\/huile-gaia-wellness-sativa-rso-1ml\/\"]}]},{\"@type\":\"ImageObject\",\"inLanguage\":\"es-ES\",\"@id\":\"https:\/\/beuhparadis.com\/product\/huile-gaia-wellness-sativa-rso-1ml\/#primaryimage\",\"url\":\"https:\/\/beuhparadis.com\/wp-content\/uploads\/2024\/12\/Gaia-Wellness-Sativa-RSO-Oil-1ml.webp\",\"contentUrl\":\"https:\/\/beuhparadis.com\/wp-content\/uploads\/2024\/12\/Gaia-Wellness-Sativa-RSO-Oil-1ml.webp\",\"width\":1000,\"height\":1000},{\"@type\":\"BreadcrumbList\",\"@id\":\"https:\/\/beuhparadis.com\/product\/huile-gaia-wellness-sativa-rso-1ml\/#breadcrumb\",\"itemListElement\":[{\"@type\":\"ListItem\",\"position\":1,\"name\":\"Home\",\"item\":\"https:\/\/beuhparadis.com\/\"},{\"@type\":\"ListItem\",\"position\":2,\"name\":\"Shop\",\"item\":\"https:\/\/beuhparadis.com\/shop\/\"},{\"@type\":\"ListItem\",\"position\":3,\"name\":\"Huile Gaia Wellness Sativa RSO 1ml\"}]},{\"@type\":\"WebSite\",\"@id\":\"https:\/\/beuhparadis.com\/#website\",\"url\":\"https:\/\/beuhparadis.com\/\",\"name\":\"Beuh Paradis\",\"description\":\"\",\"potentialAction\":[{\"@type\":\"SearchAction\",\"target\":{\"@type\":\"EntryPoint\",\"urlTemplate\":\"https:\/\/beuhparadis.com\/?s={search_term_string}\"},\"query-input\":{\"@type\":\"PropertyValueSpecification\",\"valueRequired\":true,\"valueName\":\"search_term_string\"}}],\"inLanguage\":\"es-ES\"}]}<\/script>\n<!-- \/ Yoast SEO Premium plugin. -->","yoast_head_json":{"title":"Gaia Wellness Aceite Sativa RSO 1ml - Beuh Paradis","robots":{"index":"index","follow":"follow","max-snippet":"max-snippet:-1","max-image-preview":"max-image-preview:large","max-video-preview":"max-video-preview:-1"},"canonical":"https:\/\/beuhparadis.com\/es\/product\/huile-gaia-wellness-sativa-rso-1ml\/","og_locale":"es_ES","og_type":"article","og_title":"Huile Gaia Wellness Sativa RSO 1ml","og_description":"THC: 46% Effets M\u00e9dicaux: Soulagement du stress, des naus\u00e9es, des troubles de l&rsquo;humeur, de la d\u00e9pression, du TDAH, et des douleurs corporelles.","og_url":"https:\/\/beuhparadis.com\/es\/product\/huile-gaia-wellness-sativa-rso-1ml\/","og_site_name":"Beuh Paradis","article_modified_time":"2024-12-10T23:40:29+00:00","twitter_card":"summary_large_image","twitter_misc":{"Tiempo de lectura":"3 minutes"},"schema":{"@context":"https:\/\/schema.org","@graph":[{"@type":"WebPage","@id":"https:\/\/beuhparadis.com\/product\/huile-gaia-wellness-sativa-rso-1ml\/","url":"https:\/\/beuhparadis.com\/product\/huile-gaia-wellness-sativa-rso-1ml\/","name":"Gaia Wellness Aceite Sativa RSO 1ml - Beuh Paradis","isPartOf":{"@id":"https:\/\/beuhparadis.com\/#website"},"primaryImageOfPage":{"@id":"https:\/\/beuhparadis.com\/product\/huile-gaia-wellness-sativa-rso-1ml\/#primaryimage"},"image":{"@id":"https:\/\/beuhparadis.com\/product\/huile-gaia-wellness-sativa-rso-1ml\/#primaryimage"},"thumbnailUrl":"https:\/\/beuhparadis.com\/wp-content\/uploads\/2024\/12\/Gaia-Wellness-Sativa-RSO-Oil-1ml.webp","datePublished":"2024-12-10T23:40:08+00:00","dateModified":"2024-12-10T23:40:29+00:00","breadcrumb":{"@id":"https:\/\/beuhparadis.com\/product\/huile-gaia-wellness-sativa-rso-1ml\/#breadcrumb"},"inLanguage":"es-ES","potentialAction":[{"@type":"ReadAction","target":["https:\/\/beuhparadis.com\/product\/huile-gaia-wellness-sativa-rso-1ml\/"]}]},{"@type":"ImageObject","inLanguage":"es-ES","@id":"https:\/\/beuhparadis.com\/product\/huile-gaia-wellness-sativa-rso-1ml\/#primaryimage","url":"https:\/\/beuhparadis.com\/wp-content\/uploads\/2024\/12\/Gaia-Wellness-Sativa-RSO-Oil-1ml.webp","contentUrl":"https:\/\/beuhparadis.com\/wp-content\/uploads\/2024\/12\/Gaia-Wellness-Sativa-RSO-Oil-1ml.webp","width":1000,"height":1000},{"@type":"BreadcrumbList","@id":"https:\/\/beuhparadis.com\/product\/huile-gaia-wellness-sativa-rso-1ml\/#breadcrumb","itemListElement":[{"@type":"ListItem","position":1,"name":"Home","item":"https:\/\/beuhparadis.com\/"},{"@type":"ListItem","position":2,"name":"Shop","item":"https:\/\/beuhparadis.com\/shop\/"},{"@type":"ListItem","position":3,"name":"Huile Gaia Wellness Sativa RSO 1ml"}]},{"@type":"WebSite","@id":"https:\/\/beuhparadis.com\/#website","url":"https:\/\/beuhparadis.com\/","name":"Beuh Paradis","description":"","potentialAction":[{"@type":"SearchAction","target":{"@type":"EntryPoint","urlTemplate":"https:\/\/beuhparadis.com\/?s={search_term_string}"},"query-input":{"@type":"PropertyValueSpecification","valueRequired":true,"valueName":"search_term_string"}}],"inLanguage":"es-ES"}]}},"_links":{"self":[{"href":"https:\/\/beuhparadis.com\/es\/wp-json\/wp\/v2\/product\/1380","targetHints":{"allow":["GET"]}}],"collection":[{"href":"https:\/\/beuhparadis.com\/es\/wp-json\/wp\/v2\/product"}],"about":[{"href":"https:\/\/beuhparadis.com\/es\/wp-json\/wp\/v2\/types\/product"}],"replies":[{"embeddable":true,"href":"https:\/\/beuhparadis.com\/es\/wp-json\/wp\/v2\/comments?post=1380"}],"wp:featuredmedia":[{"embeddable":true,"href":"https:\/\/beuhparadis.com\/es\/wp-json\/wp\/v2\/media\/1400"}],"wp:attachment":[{"href":"https:\/\/beuhparadis.com\/es\/wp-json\/wp\/v2\/media?parent=1380"}],"wp:term":[{"taxonomy":"product_brand","embeddable":true,"href":"https:\/\/beuhparadis.com\/es\/wp-json\/wp\/v2\/product_brand?post=1380"},{"taxonomy":"product_cat","embeddable":true,"href":"https:\/\/beuhparadis.com\/es\/wp-json\/wp\/v2\/product_cat?post=1380"},{"taxonomy":"product_tag","embeddable":true,"href":"https:\/\/beuhparadis.com\/es\/wp-json\/wp\/v2\/product_tag?post=1380"}],"curies":[{"name":"wp","href":"https:\/\/api.w.org\/{rel}","templated":true}]}}