{"id":1225,"date":"2024-12-10T23:39:00","date_gmt":"2024-12-10T23:39:00","guid":{"rendered":"https:\/\/beuhparadis.com\/?post_type=product&#038;p=1225"},"modified":"2025-01-27T04:06:51","modified_gmt":"2025-01-27T04:06:51","slug":"apple-fritter","status":"publish","type":"product","link":"https:\/\/beuhparadis.com\/es\/product\/apple-fritter\/","title":{"rendered":"Bu\u00f1uelo de manzana"},"content":{"rendered":"<h1 class=\"wp-block-heading\">Hierba Apple Fritter: un h\u00edbrido potente y relajante<\/h1>\n<h3 class=\"wp-block-heading\">Informaci\u00f3n sobre La Souche<\/h3>\n<ul class=\"wp-block-list\">\n<li>Apple Fritter es una variedad h\u00edbrida de cannabis conocida por su potente efecto relajante.<\/li>\n<li>Producida por Lumpy's Flowers, esta variedad es un cruce entre Sour Apple y Animal Cookies.<\/li>\n<li>Los consumidores afirman sentirse relajados, felices y vigorizados tras su consumo.<\/li>\n<li>El contenido de THC es de 24%, mientras que el CBD se mantiene en niveles m\u00e1s bajos, ofreciendo el equilibrio perfecto para un efecto completo.<\/li>\n<\/ul>\n<h2 class=\"wp-block-heading\">\u00bfD\u00f3nde puedo comprar Apple Fritter Weed en Internet?<\/h2>\n<p>Disponible en <a href=\"https:\/\/beuhparadis.com\/es\/product\/huile-de-cannabis-tangie-og-thc\/\">beuhparadis<\/a>\u00a0su tienda en l\u00ednea de confianza para obtener cepas de primera calidad entregadas directamente en su domicilio, en cumplimiento de la legislaci\u00f3n europea.<\/p>\n<h2 class=\"wp-block-heading\">Efectos, aroma y sabor<\/h2>\n<h3 class=\"wp-block-heading\">Efecto<\/h3>\n<ul class=\"wp-block-list\">\n<li>Relajaci\u00f3n<\/li>\n<li>Sensaci\u00f3n de hormigueo<\/li>\n<li>Euforia<\/li>\n<\/ul>\n<h3 class=\"wp-block-heading\">Aroma<\/h3>\n<ul class=\"wp-block-list\">\n<li>Terroso y dulce, con un ligero toque de pastel de manzana y queso<\/li>\n<\/ul>\n<h3 class=\"wp-block-heading\">Pruebe<\/h3>\n<ul class=\"wp-block-list\">\n<li>Manzana<\/li>\n<li>Mantequilla<\/li>\n<li>Queso<\/li>\n<\/ul>\n<h2 class=\"wp-block-heading\">Efectos m\u00e9dicos<\/h2>\n<p>El bu\u00f1uelo de manzana se elige para ayudar a aliviar :<\/p>\n<ul class=\"wp-block-list\">\n<li>Ansiedad<\/li>\n<li>Estr\u00e9s<\/li>\n<li>Depresi\u00f3n<\/li>\n<\/ul>\n<h2 class=\"wp-block-heading\">\u00bfPor qu\u00e9 comprar Apple Fritter Weed en Acheterducannabis?<\/h2>\n<p>Acheterducannabis es su destino ideal para variedades de cannabis de alta calidad como Apple Fritter. Estamos comprometidos a proporcionar productos probados y conformes para garantizar su completa satisfacci\u00f3n.<\/p>\n<h2 class=\"wp-block-heading\">Legislaci\u00f3n europea sobre la venta de esta cepa<\/h2>\n<p>Conforme a la legislaci\u00f3n europea, Apple Fritter se vende con la garant\u00eda de una distribuci\u00f3n legal y segura, lo que garantiza a nuestros clientes de toda Europa un acceso sin problemas a cepas de primera calidad.<\/p>\n<p>La hierba Apple Fritter representa la cumbre del cannabis h\u00edbrido, ofreciendo el equilibrio perfecto entre relajaci\u00f3n y euforia. Con su perfil de sabor \u00fanico y sus beneficiosos efectos medicinales, esta variedad es ideal para aquellos que buscan alivio para la ansiedad, el estr\u00e9s y la depresi\u00f3n. Descubra <a href=\"https:\/\/www.allbud.com\/marijuana-strains\/hybrid\/apple-fritter\" data-type=\"link\" data-id=\"https:\/\/www.allbud.com\/marijuana-strains\/hybrid\/apple-fritter\">Bu\u00f1uelo de manzana<\/a> y otras variedades excepcionales en Acheterducannabis para una experiencia cann\u00e1bica de primera.<\/p>","protected":false},"excerpt":{"rendered":"<p><strong>THC:<\/strong> 24% <strong>Efectos m\u00e9dicos <\/strong>El bu\u00f1uelo de manzana se elige para ayudar a aliviar :<\/p>\n<ul class=\"wp-block-list\">\n<li>Ansiedad<\/li>\n<li>Estr\u00e9s<\/li>\n<li>Depresi\u00f3n<\/li>\n<\/ul>\n<p>&nbsp;<\/p>","protected":false},"featured_media":1247,"comment_status":"closed","ping_status":"closed","template":"","meta":{"site-sidebar-layout":"default","site-content-layout":"","ast-site-content-layout":"default","site-content-style":"default","site-sidebar-style":"default","ast-global-header-display":"","ast-banner-title-visibility":"","ast-main-header-display":"","ast-hfb-above-header-display":"","ast-hfb-below-header-display":"","ast-hfb-mobile-header-display":"","site-post-title":"","ast-breadcrumbs-content":"","ast-featured-img":"","footer-sml-layout":"","theme-transparent-header-meta":"default","adv-header-id-meta":"","stick-header-meta":"","header-above-stick-meta":"","header-main-stick-meta":"","header-below-stick-meta":"","astra-migrate-meta-layouts":"set","ast-page-background-enabled":"default","ast-page-background-meta":{"desktop":{"background-color":"","background-image":"","background-repeat":"repeat","background-position":"center center","background-size":"auto","background-attachment":"scroll","background-type":"","background-media":"","overlay-type":"","overlay-color":"","overlay-opacity":"","overlay-gradient":""},"tablet":{"background-color":"","background-image":"","background-repeat":"repeat","background-position":"center center","background-size":"auto","background-attachment":"scroll","background-type":"","background-media":"","overlay-type":"","overlay-color":"","overlay-opacity":"","overlay-gradient":""},"mobile":{"background-color":"","background-image":"","background-repeat":"repeat","background-position":"center center","background-size":"auto","background-attachment":"scroll","background-type":"","background-media":"","overlay-type":"","overlay-color":"","overlay-opacity":"","overlay-gradient":""}},"ast-content-background-meta":{"desktop":{"background-color":"var(--ast-global-color-5)","background-image":"","background-repeat":"repeat","background-position":"center center","background-size":"auto","background-attachment":"scroll","background-type":"","background-media":"","overlay-type":"","overlay-color":"","overlay-opacity":"","overlay-gradient":""},"tablet":{"background-color":"var(--ast-global-color-5)","background-image":"","background-repeat":"repeat","background-position":"center center","background-size":"auto","background-attachment":"scroll","background-type":"","background-media":"","overlay-type":"","overlay-color":"","overlay-opacity":"","overlay-gradient":""},"mobile":{"background-color":"var(--ast-global-color-5)","background-image":"","background-repeat":"repeat","background-position":"center center","background-size":"auto","background-attachment":"scroll","background-type":"","background-media":"","overlay-type":"","overlay-color":"","overlay-opacity":"","overlay-gradient":""}},"_joinchat":[]},"product_brand":[],"product_cat":[32,33],"product_tag":[],"class_list":{"0":"post-1225","1":"product","2":"type-product","3":"status-publish","4":"has-post-thumbnail","6":"product_cat-fleur-de-chanvre","7":"product_cat-thc-beuh","8":"desktop-align-left","9":"tablet-align-left","10":"mobile-align-left","12":"first","13":"instock","14":"shipping-taxable","15":"purchasable","16":"product-type-variable"},"yoast_head":"<!-- This site is optimized with the Yoast SEO Premium plugin v24.1 (Yoast SEO v26.8) - https:\/\/yoast.com\/product\/yoast-seo-premium-wordpress\/ -->\n<title>Acheter Apple Fritter Weed en Ligne | Qualit\u00e9 Premium<\/title>\n<meta name=\"description\" content=\"D\u00e9couvrez l&#039;Apple Fritter Weed, une vari\u00e9t\u00e9 puissante et savoureuse. Livraison rapide et discr\u00e8te. Profitez des meilleurs prix et d&#039;un service fiable.\" \/>\n<meta name=\"robots\" content=\"index, follow, max-snippet:-1, max-image-preview:large, max-video-preview:-1\" \/>\n<link rel=\"canonical\" href=\"https:\/\/beuhparadis.com\/es\/product\/apple-fritter\/\" \/>\n<meta property=\"og:locale\" content=\"es_ES\" \/>\n<meta property=\"og:type\" content=\"article\" \/>\n<meta property=\"og:title\" content=\"Apple Fritter\" \/>\n<meta property=\"og:description\" content=\"D\u00e9couvrez l&#039;Apple Fritter Weed, une vari\u00e9t\u00e9 puissante et savoureuse. Livraison rapide et discr\u00e8te. Profitez des meilleurs prix et d&#039;un service fiable.\" \/>\n<meta property=\"og:url\" content=\"https:\/\/beuhparadis.com\/es\/product\/apple-fritter\/\" \/>\n<meta property=\"og:site_name\" content=\"Beuh Paradis\" \/>\n<meta property=\"article:modified_time\" content=\"2025-01-27T04:06:51+00:00\" \/>\n<meta property=\"og:image\" content=\"https:\/\/beuhparadis.com\/wp-content\/uploads\/2024\/12\/Apple-Fritter.webp\" \/>\n\t<meta property=\"og:image:width\" content=\"1800\" \/>\n\t<meta property=\"og:image:height\" content=\"1000\" \/>\n\t<meta property=\"og:image:type\" content=\"image\/webp\" \/>\n<meta name=\"twitter:card\" content=\"summary_large_image\" \/>\n<meta name=\"twitter:label1\" content=\"Tiempo de lectura\" \/>\n\t<meta name=\"twitter:data1\" content=\"2 minutes\" \/>\n<script type=\"application\/ld+json\" class=\"yoast-schema-graph\">{\"@context\":\"https:\/\/schema.org\",\"@graph\":[{\"@type\":\"WebPage\",\"@id\":\"https:\/\/beuhparadis.com\/product\/apple-fritter\/\",\"url\":\"https:\/\/beuhparadis.com\/product\/apple-fritter\/\",\"name\":\"Acheter Apple Fritter Weed en Ligne | Qualit\u00e9 Premium\",\"isPartOf\":{\"@id\":\"https:\/\/beuhparadis.com\/#website\"},\"primaryImageOfPage\":{\"@id\":\"https:\/\/beuhparadis.com\/product\/apple-fritter\/#primaryimage\"},\"image\":{\"@id\":\"https:\/\/beuhparadis.com\/product\/apple-fritter\/#primaryimage\"},\"thumbnailUrl\":\"https:\/\/beuhparadis.com\/wp-content\/uploads\/2024\/12\/Apple-Fritter.webp\",\"datePublished\":\"2024-12-10T23:39:00+00:00\",\"dateModified\":\"2025-01-27T04:06:51+00:00\",\"description\":\"D\u00e9couvrez l'Apple Fritter Weed, une vari\u00e9t\u00e9 puissante et savoureuse. Livraison rapide et discr\u00e8te. Profitez des meilleurs prix et d'un service fiable.\",\"breadcrumb\":{\"@id\":\"https:\/\/beuhparadis.com\/product\/apple-fritter\/#breadcrumb\"},\"inLanguage\":\"es-ES\",\"potentialAction\":[{\"@type\":\"ReadAction\",\"target\":[\"https:\/\/beuhparadis.com\/product\/apple-fritter\/\"]}]},{\"@type\":\"ImageObject\",\"inLanguage\":\"es-ES\",\"@id\":\"https:\/\/beuhparadis.com\/product\/apple-fritter\/#primaryimage\",\"url\":\"https:\/\/beuhparadis.com\/wp-content\/uploads\/2024\/12\/Apple-Fritter.webp\",\"contentUrl\":\"https:\/\/beuhparadis.com\/wp-content\/uploads\/2024\/12\/Apple-Fritter.webp\",\"width\":1800,\"height\":1000},{\"@type\":\"BreadcrumbList\",\"@id\":\"https:\/\/beuhparadis.com\/product\/apple-fritter\/#breadcrumb\",\"itemListElement\":[{\"@type\":\"ListItem\",\"position\":1,\"name\":\"Home\",\"item\":\"https:\/\/beuhparadis.com\/\"},{\"@type\":\"ListItem\",\"position\":2,\"name\":\"Shop\",\"item\":\"https:\/\/beuhparadis.com\/shop\/\"},{\"@type\":\"ListItem\",\"position\":3,\"name\":\"Apple Fritter\"}]},{\"@type\":\"WebSite\",\"@id\":\"https:\/\/beuhparadis.com\/#website\",\"url\":\"https:\/\/beuhparadis.com\/\",\"name\":\"Beuh Paradis\",\"description\":\"\",\"potentialAction\":[{\"@type\":\"SearchAction\",\"target\":{\"@type\":\"EntryPoint\",\"urlTemplate\":\"https:\/\/beuhparadis.com\/?s={search_term_string}\"},\"query-input\":{\"@type\":\"PropertyValueSpecification\",\"valueRequired\":true,\"valueName\":\"search_term_string\"}}],\"inLanguage\":\"es-ES\"}]}<\/script>\n<!-- \/ Yoast SEO Premium plugin. -->","yoast_head_json":{"title":"Comprar Apple Fritter Weed Online | Calidad Premium","description":"Descubre Apple Fritter Weed, una variedad potente y sabrosa. Entrega r\u00e1pida y discreta. Disfruta de los mejores precios y un servicio fiable.","robots":{"index":"index","follow":"follow","max-snippet":"max-snippet:-1","max-image-preview":"max-image-preview:large","max-video-preview":"max-video-preview:-1"},"canonical":"https:\/\/beuhparadis.com\/es\/product\/apple-fritter\/","og_locale":"es_ES","og_type":"article","og_title":"Apple Fritter","og_description":"D\u00e9couvrez l'Apple Fritter Weed, une vari\u00e9t\u00e9 puissante et savoureuse. Livraison rapide et discr\u00e8te. Profitez des meilleurs prix et d'un service fiable.","og_url":"https:\/\/beuhparadis.com\/es\/product\/apple-fritter\/","og_site_name":"Beuh Paradis","article_modified_time":"2025-01-27T04:06:51+00:00","og_image":[{"width":1800,"height":1000,"url":"https:\/\/beuhparadis.com\/wp-content\/uploads\/2024\/12\/Apple-Fritter.webp","type":"image\/webp"}],"twitter_card":"summary_large_image","twitter_misc":{"Tiempo de lectura":"2 minutes"},"schema":{"@context":"https:\/\/schema.org","@graph":[{"@type":"WebPage","@id":"https:\/\/beuhparadis.com\/product\/apple-fritter\/","url":"https:\/\/beuhparadis.com\/product\/apple-fritter\/","name":"Comprar Apple Fritter Weed Online | Calidad Premium","isPartOf":{"@id":"https:\/\/beuhparadis.com\/#website"},"primaryImageOfPage":{"@id":"https:\/\/beuhparadis.com\/product\/apple-fritter\/#primaryimage"},"image":{"@id":"https:\/\/beuhparadis.com\/product\/apple-fritter\/#primaryimage"},"thumbnailUrl":"https:\/\/beuhparadis.com\/wp-content\/uploads\/2024\/12\/Apple-Fritter.webp","datePublished":"2024-12-10T23:39:00+00:00","dateModified":"2025-01-27T04:06:51+00:00","description":"Descubre Apple Fritter Weed, una variedad potente y sabrosa. Entrega r\u00e1pida y discreta. Disfruta de los mejores precios y un servicio fiable.","breadcrumb":{"@id":"https:\/\/beuhparadis.com\/product\/apple-fritter\/#breadcrumb"},"inLanguage":"es-ES","potentialAction":[{"@type":"ReadAction","target":["https:\/\/beuhparadis.com\/product\/apple-fritter\/"]}]},{"@type":"ImageObject","inLanguage":"es-ES","@id":"https:\/\/beuhparadis.com\/product\/apple-fritter\/#primaryimage","url":"https:\/\/beuhparadis.com\/wp-content\/uploads\/2024\/12\/Apple-Fritter.webp","contentUrl":"https:\/\/beuhparadis.com\/wp-content\/uploads\/2024\/12\/Apple-Fritter.webp","width":1800,"height":1000},{"@type":"BreadcrumbList","@id":"https:\/\/beuhparadis.com\/product\/apple-fritter\/#breadcrumb","itemListElement":[{"@type":"ListItem","position":1,"name":"Home","item":"https:\/\/beuhparadis.com\/"},{"@type":"ListItem","position":2,"name":"Shop","item":"https:\/\/beuhparadis.com\/shop\/"},{"@type":"ListItem","position":3,"name":"Apple Fritter"}]},{"@type":"WebSite","@id":"https:\/\/beuhparadis.com\/#website","url":"https:\/\/beuhparadis.com\/","name":"Beuh Paradis","description":"","potentialAction":[{"@type":"SearchAction","target":{"@type":"EntryPoint","urlTemplate":"https:\/\/beuhparadis.com\/?s={search_term_string}"},"query-input":{"@type":"PropertyValueSpecification","valueRequired":true,"valueName":"search_term_string"}}],"inLanguage":"es-ES"}]}},"_links":{"self":[{"href":"https:\/\/beuhparadis.com\/es\/wp-json\/wp\/v2\/product\/1225","targetHints":{"allow":["GET"]}}],"collection":[{"href":"https:\/\/beuhparadis.com\/es\/wp-json\/wp\/v2\/product"}],"about":[{"href":"https:\/\/beuhparadis.com\/es\/wp-json\/wp\/v2\/types\/product"}],"replies":[{"embeddable":true,"href":"https:\/\/beuhparadis.com\/es\/wp-json\/wp\/v2\/comments?post=1225"}],"wp:featuredmedia":[{"embeddable":true,"href":"https:\/\/beuhparadis.com\/es\/wp-json\/wp\/v2\/media\/1247"}],"wp:attachment":[{"href":"https:\/\/beuhparadis.com\/es\/wp-json\/wp\/v2\/media?parent=1225"}],"wp:term":[{"taxonomy":"product_brand","embeddable":true,"href":"https:\/\/beuhparadis.com\/es\/wp-json\/wp\/v2\/product_brand?post=1225"},{"taxonomy":"product_cat","embeddable":true,"href":"https:\/\/beuhparadis.com\/es\/wp-json\/wp\/v2\/product_cat?post=1225"},{"taxonomy":"product_tag","embeddable":true,"href":"https:\/\/beuhparadis.com\/es\/wp-json\/wp\/v2\/product_tag?post=1225"}],"curies":[{"name":"wp","href":"https:\/\/api.w.org\/{rel}","templated":true}]}}