{"id":1220,"date":"2024-12-10T23:39:00","date_gmt":"2024-12-10T23:39:00","guid":{"rendered":"https:\/\/beuhparadis.com\/?post_type=product&#038;p=1220"},"modified":"2025-01-27T04:30:46","modified_gmt":"2025-01-27T04:30:46","slug":"bio-jesus-hybrid-weed","status":"publish","type":"product","link":"https:\/\/beuhparadis.com\/es\/product\/bio-jesus-hybrid-weed\/","title":{"rendered":"Hierba h\u00edbrida Bio-Jesus"},"content":{"rendered":"<h1 class=\"wp-block-heading\">Comprar Hierba de Jes\u00fas ecol\u00f3gica: Descubrimiento de una poderosa variedad nocturna<\/h1>\n<p>Informaci\u00f3n sobre La Souche<\/p>\n<p>Bio Jesus es una variedad h\u00edbrida de cannabis famosa por su poder anest\u00e9sico y su excepcional aplicaci\u00f3n en el alivio del dolor. Esta variedad es el resultado de un cruce entre Gumbo y Bio-Diesel. Bio Jesus es particularmente apreciada por sus intensos efectos corporales y su neblina euf\u00f3rica, ideal para el consumo nocturno. Los pacientes que consumen cannabis con fines medicinales eligen esta variedad para aliviar los s\u00edntomas asociados al insomnio.<\/p>\n<h2 class=\"wp-block-heading\">THC y CBD<\/h2>\n<p>Bio Jesus tiene un alto contenido de THC, mientras que el porcentaje de CBD sigue siendo generalmente bajo, lo que acent\u00faa su potencial de relajaci\u00f3n profunda sin efectos psicotr\u00f3picos significativos.<\/p>\n<h2 class=\"wp-block-heading\">\u00bfD\u00f3nde puedo comprar Bio Jesus Weed en l\u00ednea?<\/h2>\n<p>La variedad Bio Jesus est\u00e1 disponible para su compra online en Acheterducannabis, su proveedor de confianza de variedades de alta calidad directamente a su puerta, cumpliendo con las leyes europeas sobre la venta de cannabis.<\/p>\n<h2 class=\"wp-block-heading\">Efectos, aroma y sabor<\/h2>\n<h4 class=\"wp-block-heading\">Efecto<\/h4>\n<ul class=\"wp-block-list\">\n<li>Somnolencia<\/li>\n<li>Relajaci\u00f3n<\/li>\n<li>Sensaci\u00f3n de hambre<\/li>\n<\/ul>\n<h4 class=\"wp-block-heading\">Aroma<\/h4>\n<ul class=\"wp-block-list\">\n<li>Diesel<\/li>\n<li>Qu\u00edmica<\/li>\n<li>Terroso<\/li>\n<\/ul>\n<h4 class=\"wp-block-heading\">Pruebe<\/h4>\n<p>Los sabores de Bio Jesus incluyen notas diesel, qu\u00edmicas y terrosas, creando una experiencia gustativa \u00fanica para los entendidos.<\/p>\n<h2 class=\"wp-block-heading\">Efectos m\u00e9dicos<\/h2>\n<p>Bio Jesus es muy recomendable para :<\/p>\n<ul class=\"wp-block-list\">\n<li>Alivio del dolor<\/li>\n<li>Reducir el estr\u00e9s<\/li>\n<li>Combatir el insomnio<\/li>\n<\/ul>\n<h2 class=\"wp-block-heading\">\u00bfPor qu\u00e9 comprar hierba Bio Jesus en Acheter Beuhparadis?<\/h2>\n<p><a href=\"https:\/\/beuhparadis.com\/es\/product\/birthday-cake-kush\/\" data-type=\"link\" data-id=\"https:\/\/acheterducannabis.fr\/\">Beuhparadis<\/a> es su destino preferido para variedades de cannabis de primera calidad como Bio Jesus. Garantizamos la calidad, trazabilidad y cumplimiento legal de nuestros productos, asegur\u00e1ndote una experiencia segura y satisfactoria.<\/p>\n<h2 class=\"wp-block-heading\">Ley sobre la venta de esta cepa en Europa<\/h2>\n<p>De acuerdo con la legislaci\u00f3n europea, la cepa Bio Jesus se comercializa en plena conformidad con las normas vigentes, lo que garantiza un acceso seguro y legal a nuestros clientes en toda Europa.<\/p>\n<p>La hierba Bio Jesus es la quintaesencia de la relajaci\u00f3n nocturna, ofreciendo un bienvenido escape del dolor y el estr\u00e9s cotidianos. Con sus profundos efectos corporales y su rico perfil de terpenos, es la variedad por excelencia para aquellos que buscan alivio en el cannabis medicinal. Visita Acheterducannabis para descubrir <a href=\"https:\/\/www.hytiva.com\/strains\/hybrid\/bio-jesus\" data-type=\"link\" data-id=\"https:\/\/www.hytiva.com\/strains\/hybrid\/bio-jesus\">Bio Jes\u00fas<\/a> y muchas otras variedades especialmente seleccionadas para usted.<\/p>","protected":false},"excerpt":{"rendered":"<div class=\"col-xs-12 col-sm-12 wider\">\n<div class=\"flipblock-wrapper\">\n<section id=\"positive-effects\" class=\"panel panel-default\" data-label=\"positive_effects\">\n<div class=\"face front\">\n<div class=\"panel-heading\"><strong>THC: <\/strong>25%<strong> Efectos<\/strong> Creativo, Euforia, Feliz <strong>Puede aliviar<\/strong> Ansiedad, trastorno bipolar, dolor cr\u00f3nico, fatiga, fibromialgia, cefaleas, insomnio, migra\u00f1as, espasmos musculares, n\u00e1useas, TEPT, estr\u00e9s<\/div>\n<\/div>\n<\/section>\n<\/div>\n<\/div>","protected":false},"featured_media":1246,"comment_status":"closed","ping_status":"closed","template":"","meta":{"site-sidebar-layout":"default","site-content-layout":"","ast-site-content-layout":"default","site-content-style":"default","site-sidebar-style":"default","ast-global-header-display":"","ast-banner-title-visibility":"","ast-main-header-display":"","ast-hfb-above-header-display":"","ast-hfb-below-header-display":"","ast-hfb-mobile-header-display":"","site-post-title":"","ast-breadcrumbs-content":"","ast-featured-img":"","footer-sml-layout":"","theme-transparent-header-meta":"default","adv-header-id-meta":"","stick-header-meta":"","header-above-stick-meta":"","header-main-stick-meta":"","header-below-stick-meta":"","astra-migrate-meta-layouts":"set","ast-page-background-enabled":"default","ast-page-background-meta":{"desktop":{"background-color":"","background-image":"","background-repeat":"repeat","background-position":"center center","background-size":"auto","background-attachment":"scroll","background-type":"","background-media":"","overlay-type":"","overlay-color":"","overlay-opacity":"","overlay-gradient":""},"tablet":{"background-color":"","background-image":"","background-repeat":"repeat","background-position":"center center","background-size":"auto","background-attachment":"scroll","background-type":"","background-media":"","overlay-type":"","overlay-color":"","overlay-opacity":"","overlay-gradient":""},"mobile":{"background-color":"","background-image":"","background-repeat":"repeat","background-position":"center center","background-size":"auto","background-attachment":"scroll","background-type":"","background-media":"","overlay-type":"","overlay-color":"","overlay-opacity":"","overlay-gradient":""}},"ast-content-background-meta":{"desktop":{"background-color":"var(--ast-global-color-5)","background-image":"","background-repeat":"repeat","background-position":"center center","background-size":"auto","background-attachment":"scroll","background-type":"","background-media":"","overlay-type":"","overlay-color":"","overlay-opacity":"","overlay-gradient":""},"tablet":{"background-color":"var(--ast-global-color-5)","background-image":"","background-repeat":"repeat","background-position":"center center","background-size":"auto","background-attachment":"scroll","background-type":"","background-media":"","overlay-type":"","overlay-color":"","overlay-opacity":"","overlay-gradient":""},"mobile":{"background-color":"var(--ast-global-color-5)","background-image":"","background-repeat":"repeat","background-position":"center center","background-size":"auto","background-attachment":"scroll","background-type":"","background-media":"","overlay-type":"","overlay-color":"","overlay-opacity":"","overlay-gradient":""}},"_joinchat":[]},"product_brand":[],"product_cat":[32,33],"product_tag":[],"class_list":{"0":"post-1220","1":"product","2":"type-product","3":"status-publish","4":"has-post-thumbnail","6":"product_cat-fleur-de-chanvre","7":"product_cat-thc-beuh","8":"desktop-align-left","9":"tablet-align-left","10":"mobile-align-left","12":"first","13":"instock","14":"shipping-taxable","15":"purchasable","16":"product-type-variable"},"yoast_head":"<!-- This site is optimized with the Yoast SEO Premium plugin v24.1 (Yoast SEO v26.8) - https:\/\/yoast.com\/product\/yoast-seo-premium-wordpress\/ -->\n<title>Acheter Bio Jesus Weed \u2013 Cannabis Relaxant\/Qualit\u00e9 Sup\u00e9rieure<\/title>\n<meta name=\"description\" content=\"Commandez Bio Jesus Weed, une vari\u00e9t\u00e9 de cannabis r\u00e9put\u00e9e pour ses effets apaisants et ses ar\u00f4mes terreux. Livraison rapide et discr\u00e8te en France.\" \/>\n<meta name=\"robots\" content=\"index, follow, max-snippet:-1, max-image-preview:large, max-video-preview:-1\" \/>\n<link rel=\"canonical\" href=\"https:\/\/beuhparadis.com\/es\/product\/bio-jesus-hybrid-weed\/\" \/>\n<meta property=\"og:locale\" content=\"es_ES\" \/>\n<meta property=\"og:type\" content=\"article\" \/>\n<meta property=\"og:title\" content=\"Bio-Jesus Hybrid Weed\" \/>\n<meta property=\"og:description\" content=\"Commandez Bio Jesus Weed, une vari\u00e9t\u00e9 de cannabis r\u00e9put\u00e9e pour ses effets apaisants et ses ar\u00f4mes terreux. Livraison rapide et discr\u00e8te en France.\" \/>\n<meta property=\"og:url\" content=\"https:\/\/beuhparadis.com\/es\/product\/bio-jesus-hybrid-weed\/\" \/>\n<meta property=\"og:site_name\" content=\"Beuh Paradis\" \/>\n<meta property=\"article:modified_time\" content=\"2025-01-27T04:30:46+00:00\" \/>\n<meta property=\"og:image\" content=\"https:\/\/beuhparadis.com\/wp-content\/uploads\/2024\/12\/Bio-Jesus-Hybrid-Weed.webp\" \/>\n\t<meta property=\"og:image:width\" content=\"966\" \/>\n\t<meta property=\"og:image:height\" content=\"1175\" \/>\n\t<meta property=\"og:image:type\" content=\"image\/webp\" \/>\n<meta name=\"twitter:card\" content=\"summary_large_image\" \/>\n<meta name=\"twitter:label1\" content=\"Tiempo de lectura\" \/>\n\t<meta name=\"twitter:data1\" content=\"2 minutes\" \/>\n<script type=\"application\/ld+json\" class=\"yoast-schema-graph\">{\"@context\":\"https:\/\/schema.org\",\"@graph\":[{\"@type\":\"WebPage\",\"@id\":\"https:\/\/beuhparadis.com\/product\/bio-jesus-hybrid-weed\/\",\"url\":\"https:\/\/beuhparadis.com\/product\/bio-jesus-hybrid-weed\/\",\"name\":\"Acheter Bio Jesus Weed \u2013 Cannabis Relaxant\/Qualit\u00e9 Sup\u00e9rieure\",\"isPartOf\":{\"@id\":\"https:\/\/beuhparadis.com\/#website\"},\"primaryImageOfPage\":{\"@id\":\"https:\/\/beuhparadis.com\/product\/bio-jesus-hybrid-weed\/#primaryimage\"},\"image\":{\"@id\":\"https:\/\/beuhparadis.com\/product\/bio-jesus-hybrid-weed\/#primaryimage\"},\"thumbnailUrl\":\"https:\/\/beuhparadis.com\/wp-content\/uploads\/2024\/12\/Bio-Jesus-Hybrid-Weed.webp\",\"datePublished\":\"2024-12-10T23:39:00+00:00\",\"dateModified\":\"2025-01-27T04:30:46+00:00\",\"description\":\"Commandez Bio Jesus Weed, une vari\u00e9t\u00e9 de cannabis r\u00e9put\u00e9e pour ses effets apaisants et ses ar\u00f4mes terreux. Livraison rapide et discr\u00e8te en France.\",\"breadcrumb\":{\"@id\":\"https:\/\/beuhparadis.com\/product\/bio-jesus-hybrid-weed\/#breadcrumb\"},\"inLanguage\":\"es-ES\",\"potentialAction\":[{\"@type\":\"ReadAction\",\"target\":[\"https:\/\/beuhparadis.com\/product\/bio-jesus-hybrid-weed\/\"]}]},{\"@type\":\"ImageObject\",\"inLanguage\":\"es-ES\",\"@id\":\"https:\/\/beuhparadis.com\/product\/bio-jesus-hybrid-weed\/#primaryimage\",\"url\":\"https:\/\/beuhparadis.com\/wp-content\/uploads\/2024\/12\/Bio-Jesus-Hybrid-Weed.webp\",\"contentUrl\":\"https:\/\/beuhparadis.com\/wp-content\/uploads\/2024\/12\/Bio-Jesus-Hybrid-Weed.webp\",\"width\":966,\"height\":1175},{\"@type\":\"BreadcrumbList\",\"@id\":\"https:\/\/beuhparadis.com\/product\/bio-jesus-hybrid-weed\/#breadcrumb\",\"itemListElement\":[{\"@type\":\"ListItem\",\"position\":1,\"name\":\"Home\",\"item\":\"https:\/\/beuhparadis.com\/\"},{\"@type\":\"ListItem\",\"position\":2,\"name\":\"Shop\",\"item\":\"https:\/\/beuhparadis.com\/shop\/\"},{\"@type\":\"ListItem\",\"position\":3,\"name\":\"Bio-Jesus Hybrid Weed\"}]},{\"@type\":\"WebSite\",\"@id\":\"https:\/\/beuhparadis.com\/#website\",\"url\":\"https:\/\/beuhparadis.com\/\",\"name\":\"Beuh Paradis\",\"description\":\"\",\"potentialAction\":[{\"@type\":\"SearchAction\",\"target\":{\"@type\":\"EntryPoint\",\"urlTemplate\":\"https:\/\/beuhparadis.com\/?s={search_term_string}\"},\"query-input\":{\"@type\":\"PropertyValueSpecification\",\"valueRequired\":true,\"valueName\":\"search_term_string\"}}],\"inLanguage\":\"es-ES\"}]}<\/script>\n<!-- \/ Yoast SEO Premium plugin. -->","yoast_head_json":{"title":"Comprar Bio Jesus Weed - Cannabis Relaxant\/Qualit\u00e9 Sup\u00e9rieure","description":"Encargue Bio Jesus Weed, una variedad de cannabis famosa por sus efectos calmantes y sus aromas terrosos. Entrega r\u00e1pida y discreta en Francia.","robots":{"index":"index","follow":"follow","max-snippet":"max-snippet:-1","max-image-preview":"max-image-preview:large","max-video-preview":"max-video-preview:-1"},"canonical":"https:\/\/beuhparadis.com\/es\/product\/bio-jesus-hybrid-weed\/","og_locale":"es_ES","og_type":"article","og_title":"Bio-Jesus Hybrid Weed","og_description":"Commandez Bio Jesus Weed, une vari\u00e9t\u00e9 de cannabis r\u00e9put\u00e9e pour ses effets apaisants et ses ar\u00f4mes terreux. Livraison rapide et discr\u00e8te en France.","og_url":"https:\/\/beuhparadis.com\/es\/product\/bio-jesus-hybrid-weed\/","og_site_name":"Beuh Paradis","article_modified_time":"2025-01-27T04:30:46+00:00","og_image":[{"width":966,"height":1175,"url":"https:\/\/beuhparadis.com\/wp-content\/uploads\/2024\/12\/Bio-Jesus-Hybrid-Weed.webp","type":"image\/webp"}],"twitter_card":"summary_large_image","twitter_misc":{"Tiempo de lectura":"2 minutes"},"schema":{"@context":"https:\/\/schema.org","@graph":[{"@type":"WebPage","@id":"https:\/\/beuhparadis.com\/product\/bio-jesus-hybrid-weed\/","url":"https:\/\/beuhparadis.com\/product\/bio-jesus-hybrid-weed\/","name":"Comprar Bio Jesus Weed - Cannabis Relaxant\/Qualit\u00e9 Sup\u00e9rieure","isPartOf":{"@id":"https:\/\/beuhparadis.com\/#website"},"primaryImageOfPage":{"@id":"https:\/\/beuhparadis.com\/product\/bio-jesus-hybrid-weed\/#primaryimage"},"image":{"@id":"https:\/\/beuhparadis.com\/product\/bio-jesus-hybrid-weed\/#primaryimage"},"thumbnailUrl":"https:\/\/beuhparadis.com\/wp-content\/uploads\/2024\/12\/Bio-Jesus-Hybrid-Weed.webp","datePublished":"2024-12-10T23:39:00+00:00","dateModified":"2025-01-27T04:30:46+00:00","description":"Encargue Bio Jesus Weed, una variedad de cannabis famosa por sus efectos calmantes y sus aromas terrosos. Entrega r\u00e1pida y discreta en Francia.","breadcrumb":{"@id":"https:\/\/beuhparadis.com\/product\/bio-jesus-hybrid-weed\/#breadcrumb"},"inLanguage":"es-ES","potentialAction":[{"@type":"ReadAction","target":["https:\/\/beuhparadis.com\/product\/bio-jesus-hybrid-weed\/"]}]},{"@type":"ImageObject","inLanguage":"es-ES","@id":"https:\/\/beuhparadis.com\/product\/bio-jesus-hybrid-weed\/#primaryimage","url":"https:\/\/beuhparadis.com\/wp-content\/uploads\/2024\/12\/Bio-Jesus-Hybrid-Weed.webp","contentUrl":"https:\/\/beuhparadis.com\/wp-content\/uploads\/2024\/12\/Bio-Jesus-Hybrid-Weed.webp","width":966,"height":1175},{"@type":"BreadcrumbList","@id":"https:\/\/beuhparadis.com\/product\/bio-jesus-hybrid-weed\/#breadcrumb","itemListElement":[{"@type":"ListItem","position":1,"name":"Home","item":"https:\/\/beuhparadis.com\/"},{"@type":"ListItem","position":2,"name":"Shop","item":"https:\/\/beuhparadis.com\/shop\/"},{"@type":"ListItem","position":3,"name":"Bio-Jesus Hybrid Weed"}]},{"@type":"WebSite","@id":"https:\/\/beuhparadis.com\/#website","url":"https:\/\/beuhparadis.com\/","name":"Beuh Paradis","description":"","potentialAction":[{"@type":"SearchAction","target":{"@type":"EntryPoint","urlTemplate":"https:\/\/beuhparadis.com\/?s={search_term_string}"},"query-input":{"@type":"PropertyValueSpecification","valueRequired":true,"valueName":"search_term_string"}}],"inLanguage":"es-ES"}]}},"_links":{"self":[{"href":"https:\/\/beuhparadis.com\/es\/wp-json\/wp\/v2\/product\/1220","targetHints":{"allow":["GET"]}}],"collection":[{"href":"https:\/\/beuhparadis.com\/es\/wp-json\/wp\/v2\/product"}],"about":[{"href":"https:\/\/beuhparadis.com\/es\/wp-json\/wp\/v2\/types\/product"}],"replies":[{"embeddable":true,"href":"https:\/\/beuhparadis.com\/es\/wp-json\/wp\/v2\/comments?post=1220"}],"wp:featuredmedia":[{"embeddable":true,"href":"https:\/\/beuhparadis.com\/es\/wp-json\/wp\/v2\/media\/1246"}],"wp:attachment":[{"href":"https:\/\/beuhparadis.com\/es\/wp-json\/wp\/v2\/media?parent=1220"}],"wp:term":[{"taxonomy":"product_brand","embeddable":true,"href":"https:\/\/beuhparadis.com\/es\/wp-json\/wp\/v2\/product_brand?post=1220"},{"taxonomy":"product_cat","embeddable":true,"href":"https:\/\/beuhparadis.com\/es\/wp-json\/wp\/v2\/product_cat?post=1220"},{"taxonomy":"product_tag","embeddable":true,"href":"https:\/\/beuhparadis.com\/es\/wp-json\/wp\/v2\/product_tag?post=1220"}],"curies":[{"name":"wp","href":"https:\/\/api.w.org\/{rel}","templated":true}]}}