{"id":1204,"date":"2024-12-10T23:38:48","date_gmt":"2024-12-10T23:38:48","guid":{"rendered":"https:\/\/beuhparadis.com\/?post_type=product&#038;p=1204"},"modified":"2025-01-26T16:30:14","modified_gmt":"2025-01-26T16:30:14","slug":"birthday-cake-kush","status":"publish","type":"product","link":"https:\/\/beuhparadis.com\/es\/product\/birthday-cake-kush\/","title":{"rendered":"Birthday Cake Kush"},"content":{"rendered":"<h1 class=\"wp-block-heading\">La hierba Birthday Cake: una delicia con predominancia Indica<\/h1>\n<p>Birthday Cake Kush, tambi\u00e9n conocida como Birthday Cake, es una raza h\u00edbrida con indica dominante famosa por sus potentes efectos corporales y su sabor dulce y a tarta. Fruto del cruce entre las variedades Girl Scout Cookies y Cherry Pie, Birthday Cake Kush se distingue por sus flores recubiertas de una resina rica en THC, similar al glaseado de cristal.<\/p>\n<p><strong>Informaci\u00f3n sobre La Souche<\/strong><\/p>\n<ul class=\"wp-block-list\">\n<li><strong>Tipo :<\/strong> H\u00edbrido con dominancia Indica<\/li>\n<li><strong>Gen\u00e9tica :<\/strong> Un cruce entre Girl Scout Cookies y Cherry Pie<\/li>\n<li><strong>Producci\u00f3n :<\/strong> Florece con un glaseado de resina rico en THC<\/li>\n<\/ul>\n<h2 class=\"wp-block-heading\">THC y CBD<\/h2>\n<ul class=\"wp-block-list\">\n<li><strong>THC :<\/strong> Coloc\u00f3n, que ofrece profundos efectos relajantes<\/li>\n<li><strong>CBD :<\/strong> Bajo, concentrado en los beneficios del THC<\/li>\n<\/ul>\n<h2 class=\"wp-block-heading\">\u00bfD\u00f3nde puedo comprar Birthday Cake Kush online?<\/h2>\n<p>Birthday Cake Kush est\u00e1 disponible en sitios web especializados como Acheterducannabis, que ofrece una amplia selecci\u00f3n de variedades de cannabis de la mejor calidad para satisfacer las necesidades de los consumidores m\u00e1s exigentes.<\/p>\n<h2 class=\"wp-block-heading\">Efectos, aroma y sabor de la hierba Birthday Cake<\/h2>\n<h3 class=\"wp-block-heading\">Efecto<\/h3>\n<ul class=\"wp-block-list\">\n<li><strong>Sensaci\u00f3n :<\/strong> Relajaci\u00f3n profunda, hambre, somnolencia<\/li>\n<li><strong>Ideal para :<\/strong> Alivia el dolor, la ansiedad, la p\u00e9rdida de apetito, la inflamaci\u00f3n y los dolores de cabeza<\/li>\n<\/ul>\n<h3 class=\"wp-block-heading\">Aroma<\/h3>\n<p>Una fragancia golosa de vainilla y dulzura, con un toque de mantequilla, que evoca la delicadeza de una tarta de cumplea\u00f1os.<\/p>\n<h3 class=\"wp-block-heading\">Pruebe<\/h3>\n<p>Notas de vainilla y dulzura envuelven el paladar, complementadas por un sutil regusto a mantequilla, haciendo irresistible cada calada.<\/p>\n<h2 class=\"wp-block-heading\">Efectos m\u00e9dicos<\/h2>\n<p>Los pacientes eligen Birthday Cake Kush por sus potenciales beneficios terap\u00e9uticos, incluyendo :<\/p>\n<ul class=\"wp-block-list\">\n<li>Ansiedad<\/li>\n<li>Estr\u00e9s<\/li>\n<li>Depresi\u00f3n<\/li>\n<\/ul>\n<h2 class=\"wp-block-heading\">\u00bfPor qu\u00e9 comprar Birthday Cake Kush en beuhparadis?<\/h2>\n<p><a href=\"https:\/\/beuhparadis.com\/es\/product\/lions-cake\/\">Beuhparadis<\/a> es el destino elegido para Birthday Cake Kush, gracias a su compromiso con la calidad, la trazabilidad del producto y el cumplimiento de las leyes europeas sobre la venta de cannabis.<\/p>\n<h2 class=\"wp-block-heading\">Legislaci\u00f3n europea sobre la venta de tartas de cumplea\u00f1os<\/h2>\n<p>La venta de hierba Birthday Cake, como todas las variedades de cannabis, est\u00e1 estrictamente regulada en Europa. Los productos ofrecidos en Acheterducannabis cumplen con todas las normas legales vigentes, lo que garantiza una experiencia segura y legal para los consumidores adultos.<\/p>\n<p>La hierba Birthday Cake ofrece una experiencia de consumo excepcional, que combina a la perfecci\u00f3n la relajaci\u00f3n profunda y el placer gustativo. Tanto si buscas calmar dolores y molestias como si simplemente quieres disfrutar de un relajante final de d\u00eda, <a href=\"https:\/\/www.hytiva.com\/strains\/hybrid\/birthday-cake-kush\">Tarta de cumplea\u00f1os<\/a> Kush es la elecci\u00f3n perfecta. Descubre esta variedad y muchas otras en Acheterducannabis, tu referencia para comprar cannabis de calidad en Europa.<\/p>","protected":false},"excerpt":{"rendered":"<p><strong>THC :<\/strong>\u00a024\u00a0% <strong>Efectos<\/strong> Euforia, felicidad, hambre, relajaci\u00f3n <strong>Puede aliviar<\/strong> Artritis, dolor cr\u00f3nico, depresi\u00f3n, fibromialgia, trastornos gastrointestinales, cefaleas, insomnio, estr\u00e9s<\/p>","protected":false},"featured_media":1214,"comment_status":"closed","ping_status":"closed","template":"","meta":{"site-sidebar-layout":"default","site-content-layout":"","ast-site-content-layout":"default","site-content-style":"default","site-sidebar-style":"default","ast-global-header-display":"","ast-banner-title-visibility":"","ast-main-header-display":"","ast-hfb-above-header-display":"","ast-hfb-below-header-display":"","ast-hfb-mobile-header-display":"","site-post-title":"","ast-breadcrumbs-content":"","ast-featured-img":"","footer-sml-layout":"","theme-transparent-header-meta":"default","adv-header-id-meta":"","stick-header-meta":"","header-above-stick-meta":"","header-main-stick-meta":"","header-below-stick-meta":"","astra-migrate-meta-layouts":"set","ast-page-background-enabled":"default","ast-page-background-meta":{"desktop":{"background-color":"","background-image":"","background-repeat":"repeat","background-position":"center center","background-size":"auto","background-attachment":"scroll","background-type":"","background-media":"","overlay-type":"","overlay-color":"","overlay-opacity":"","overlay-gradient":""},"tablet":{"background-color":"","background-image":"","background-repeat":"repeat","background-position":"center center","background-size":"auto","background-attachment":"scroll","background-type":"","background-media":"","overlay-type":"","overlay-color":"","overlay-opacity":"","overlay-gradient":""},"mobile":{"background-color":"","background-image":"","background-repeat":"repeat","background-position":"center center","background-size":"auto","background-attachment":"scroll","background-type":"","background-media":"","overlay-type":"","overlay-color":"","overlay-opacity":"","overlay-gradient":""}},"ast-content-background-meta":{"desktop":{"background-color":"var(--ast-global-color-5)","background-image":"","background-repeat":"repeat","background-position":"center center","background-size":"auto","background-attachment":"scroll","background-type":"","background-media":"","overlay-type":"","overlay-color":"","overlay-opacity":"","overlay-gradient":""},"tablet":{"background-color":"var(--ast-global-color-5)","background-image":"","background-repeat":"repeat","background-position":"center center","background-size":"auto","background-attachment":"scroll","background-type":"","background-media":"","overlay-type":"","overlay-color":"","overlay-opacity":"","overlay-gradient":""},"mobile":{"background-color":"var(--ast-global-color-5)","background-image":"","background-repeat":"repeat","background-position":"center center","background-size":"auto","background-attachment":"scroll","background-type":"","background-media":"","overlay-type":"","overlay-color":"","overlay-opacity":"","overlay-gradient":""}},"_joinchat":[]},"product_brand":[],"product_cat":[32,33],"product_tag":[],"class_list":{"0":"post-1204","1":"product","2":"type-product","3":"status-publish","4":"has-post-thumbnail","6":"product_cat-fleur-de-chanvre","7":"product_cat-thc-beuh","8":"desktop-align-left","9":"tablet-align-left","10":"mobile-align-left","12":"first","13":"instock","14":"shipping-taxable","15":"purchasable","16":"product-type-variable"},"yoast_head":"<!-- This site is optimized with the Yoast SEO Premium plugin v24.1 (Yoast SEO v26.8) - https:\/\/yoast.com\/product\/yoast-seo-premium-wordpress\/ -->\n<title>Acheter Birthday Cake Weed | Vari\u00e9t\u00e9 de Cannabis Premium<\/title>\n<meta name=\"description\" content=\"Birthday Cake Weed, un vari\u00e9t\u00e9 de cannabis savoureuse et puissante aux ar\u00f4mes sucr\u00e9s. Parfaite pour se d\u00e9tendre, commandez avec livraison discr\u00e8te et rapide\" \/>\n<meta name=\"robots\" content=\"index, follow, max-snippet:-1, max-image-preview:large, max-video-preview:-1\" \/>\n<link rel=\"canonical\" href=\"https:\/\/beuhparadis.com\/es\/product\/birthday-cake-kush\/\" \/>\n<meta property=\"og:locale\" content=\"es_ES\" \/>\n<meta property=\"og:type\" content=\"article\" \/>\n<meta property=\"og:title\" content=\"Birthday Cake Kush\" \/>\n<meta property=\"og:description\" content=\"Birthday Cake Weed, un vari\u00e9t\u00e9 de cannabis savoureuse et puissante aux ar\u00f4mes sucr\u00e9s. Parfaite pour se d\u00e9tendre, commandez avec livraison discr\u00e8te et rapide\" \/>\n<meta property=\"og:url\" content=\"https:\/\/beuhparadis.com\/es\/product\/birthday-cake-kush\/\" \/>\n<meta property=\"og:site_name\" content=\"Beuh Paradis\" \/>\n<meta property=\"article:modified_time\" content=\"2025-01-26T16:30:14+00:00\" \/>\n<meta property=\"og:image\" content=\"https:\/\/beuhparadis.com\/wp-content\/uploads\/2024\/12\/Birthday-Cake-Kush.webp\" \/>\n\t<meta property=\"og:image:width\" content=\"500\" \/>\n\t<meta property=\"og:image:height\" content=\"500\" \/>\n\t<meta property=\"og:image:type\" content=\"image\/webp\" \/>\n<meta name=\"twitter:card\" content=\"summary_large_image\" \/>\n<meta name=\"twitter:label1\" content=\"Tiempo de lectura\" \/>\n\t<meta name=\"twitter:data1\" content=\"2 minutes\" \/>\n<script type=\"application\/ld+json\" class=\"yoast-schema-graph\">{\"@context\":\"https:\/\/schema.org\",\"@graph\":[{\"@type\":\"WebPage\",\"@id\":\"https:\/\/beuhparadis.com\/product\/birthday-cake-kush\/\",\"url\":\"https:\/\/beuhparadis.com\/product\/birthday-cake-kush\/\",\"name\":\"Acheter Birthday Cake Weed | Vari\u00e9t\u00e9 de Cannabis Premium\",\"isPartOf\":{\"@id\":\"https:\/\/beuhparadis.com\/#website\"},\"primaryImageOfPage\":{\"@id\":\"https:\/\/beuhparadis.com\/product\/birthday-cake-kush\/#primaryimage\"},\"image\":{\"@id\":\"https:\/\/beuhparadis.com\/product\/birthday-cake-kush\/#primaryimage\"},\"thumbnailUrl\":\"https:\/\/beuhparadis.com\/wp-content\/uploads\/2024\/12\/Birthday-Cake-Kush.webp\",\"datePublished\":\"2024-12-10T23:38:48+00:00\",\"dateModified\":\"2025-01-26T16:30:14+00:00\",\"description\":\"Birthday Cake Weed, un vari\u00e9t\u00e9 de cannabis savoureuse et puissante aux ar\u00f4mes sucr\u00e9s. Parfaite pour se d\u00e9tendre, commandez avec livraison discr\u00e8te et rapide\",\"breadcrumb\":{\"@id\":\"https:\/\/beuhparadis.com\/product\/birthday-cake-kush\/#breadcrumb\"},\"inLanguage\":\"es-ES\",\"potentialAction\":[{\"@type\":\"ReadAction\",\"target\":[\"https:\/\/beuhparadis.com\/product\/birthday-cake-kush\/\"]}]},{\"@type\":\"ImageObject\",\"inLanguage\":\"es-ES\",\"@id\":\"https:\/\/beuhparadis.com\/product\/birthday-cake-kush\/#primaryimage\",\"url\":\"https:\/\/beuhparadis.com\/wp-content\/uploads\/2024\/12\/Birthday-Cake-Kush.webp\",\"contentUrl\":\"https:\/\/beuhparadis.com\/wp-content\/uploads\/2024\/12\/Birthday-Cake-Kush.webp\",\"width\":500,\"height\":500},{\"@type\":\"BreadcrumbList\",\"@id\":\"https:\/\/beuhparadis.com\/product\/birthday-cake-kush\/#breadcrumb\",\"itemListElement\":[{\"@type\":\"ListItem\",\"position\":1,\"name\":\"Home\",\"item\":\"https:\/\/beuhparadis.com\/\"},{\"@type\":\"ListItem\",\"position\":2,\"name\":\"Shop\",\"item\":\"https:\/\/beuhparadis.com\/shop\/\"},{\"@type\":\"ListItem\",\"position\":3,\"name\":\"Birthday Cake Kush\"}]},{\"@type\":\"WebSite\",\"@id\":\"https:\/\/beuhparadis.com\/#website\",\"url\":\"https:\/\/beuhparadis.com\/\",\"name\":\"Beuh Paradis\",\"description\":\"\",\"potentialAction\":[{\"@type\":\"SearchAction\",\"target\":{\"@type\":\"EntryPoint\",\"urlTemplate\":\"https:\/\/beuhparadis.com\/?s={search_term_string}\"},\"query-input\":{\"@type\":\"PropertyValueSpecification\",\"valueRequired\":true,\"valueName\":\"search_term_string\"}}],\"inLanguage\":\"es-ES\"}]}<\/script>\n<!-- \/ Yoast SEO Premium plugin. -->","yoast_head_json":{"title":"Comprar hierba Birthday Cake | Variedad de Cannabis Premium","description":"Birthday Cake Weed, una sabrosa y potente variedad de cannabis con un dulce aroma. Perfecta para relajarse, p\u00eddela con entrega r\u00e1pida y discreta.","robots":{"index":"index","follow":"follow","max-snippet":"max-snippet:-1","max-image-preview":"max-image-preview:large","max-video-preview":"max-video-preview:-1"},"canonical":"https:\/\/beuhparadis.com\/es\/product\/birthday-cake-kush\/","og_locale":"es_ES","og_type":"article","og_title":"Birthday Cake Kush","og_description":"Birthday Cake Weed, un vari\u00e9t\u00e9 de cannabis savoureuse et puissante aux ar\u00f4mes sucr\u00e9s. Parfaite pour se d\u00e9tendre, commandez avec livraison discr\u00e8te et rapide","og_url":"https:\/\/beuhparadis.com\/es\/product\/birthday-cake-kush\/","og_site_name":"Beuh Paradis","article_modified_time":"2025-01-26T16:30:14+00:00","og_image":[{"width":500,"height":500,"url":"https:\/\/beuhparadis.com\/wp-content\/uploads\/2024\/12\/Birthday-Cake-Kush.webp","type":"image\/webp"}],"twitter_card":"summary_large_image","twitter_misc":{"Tiempo de lectura":"2 minutes"},"schema":{"@context":"https:\/\/schema.org","@graph":[{"@type":"WebPage","@id":"https:\/\/beuhparadis.com\/product\/birthday-cake-kush\/","url":"https:\/\/beuhparadis.com\/product\/birthday-cake-kush\/","name":"Comprar hierba Birthday Cake | Variedad de Cannabis Premium","isPartOf":{"@id":"https:\/\/beuhparadis.com\/#website"},"primaryImageOfPage":{"@id":"https:\/\/beuhparadis.com\/product\/birthday-cake-kush\/#primaryimage"},"image":{"@id":"https:\/\/beuhparadis.com\/product\/birthday-cake-kush\/#primaryimage"},"thumbnailUrl":"https:\/\/beuhparadis.com\/wp-content\/uploads\/2024\/12\/Birthday-Cake-Kush.webp","datePublished":"2024-12-10T23:38:48+00:00","dateModified":"2025-01-26T16:30:14+00:00","description":"Birthday Cake Weed, una sabrosa y potente variedad de cannabis con un dulce aroma. Perfecta para relajarse, p\u00eddela con entrega r\u00e1pida y discreta.","breadcrumb":{"@id":"https:\/\/beuhparadis.com\/product\/birthday-cake-kush\/#breadcrumb"},"inLanguage":"es-ES","potentialAction":[{"@type":"ReadAction","target":["https:\/\/beuhparadis.com\/product\/birthday-cake-kush\/"]}]},{"@type":"ImageObject","inLanguage":"es-ES","@id":"https:\/\/beuhparadis.com\/product\/birthday-cake-kush\/#primaryimage","url":"https:\/\/beuhparadis.com\/wp-content\/uploads\/2024\/12\/Birthday-Cake-Kush.webp","contentUrl":"https:\/\/beuhparadis.com\/wp-content\/uploads\/2024\/12\/Birthday-Cake-Kush.webp","width":500,"height":500},{"@type":"BreadcrumbList","@id":"https:\/\/beuhparadis.com\/product\/birthday-cake-kush\/#breadcrumb","itemListElement":[{"@type":"ListItem","position":1,"name":"Home","item":"https:\/\/beuhparadis.com\/"},{"@type":"ListItem","position":2,"name":"Shop","item":"https:\/\/beuhparadis.com\/shop\/"},{"@type":"ListItem","position":3,"name":"Birthday Cake Kush"}]},{"@type":"WebSite","@id":"https:\/\/beuhparadis.com\/#website","url":"https:\/\/beuhparadis.com\/","name":"Beuh Paradis","description":"","potentialAction":[{"@type":"SearchAction","target":{"@type":"EntryPoint","urlTemplate":"https:\/\/beuhparadis.com\/?s={search_term_string}"},"query-input":{"@type":"PropertyValueSpecification","valueRequired":true,"valueName":"search_term_string"}}],"inLanguage":"es-ES"}]}},"_links":{"self":[{"href":"https:\/\/beuhparadis.com\/es\/wp-json\/wp\/v2\/product\/1204","targetHints":{"allow":["GET"]}}],"collection":[{"href":"https:\/\/beuhparadis.com\/es\/wp-json\/wp\/v2\/product"}],"about":[{"href":"https:\/\/beuhparadis.com\/es\/wp-json\/wp\/v2\/types\/product"}],"replies":[{"embeddable":true,"href":"https:\/\/beuhparadis.com\/es\/wp-json\/wp\/v2\/comments?post=1204"}],"wp:featuredmedia":[{"embeddable":true,"href":"https:\/\/beuhparadis.com\/es\/wp-json\/wp\/v2\/media\/1214"}],"wp:attachment":[{"href":"https:\/\/beuhparadis.com\/es\/wp-json\/wp\/v2\/media?parent=1204"}],"wp:term":[{"taxonomy":"product_brand","embeddable":true,"href":"https:\/\/beuhparadis.com\/es\/wp-json\/wp\/v2\/product_brand?post=1204"},{"taxonomy":"product_cat","embeddable":true,"href":"https:\/\/beuhparadis.com\/es\/wp-json\/wp\/v2\/product_cat?post=1204"},{"taxonomy":"product_tag","embeddable":true,"href":"https:\/\/beuhparadis.com\/es\/wp-json\/wp\/v2\/product_tag?post=1204"}],"curies":[{"name":"wp","href":"https:\/\/api.w.org\/{rel}","templated":true}]}}