{"id":1199,"date":"2024-12-10T23:38:48","date_gmt":"2024-12-10T23:38:48","guid":{"rendered":"https:\/\/beuhparadis.com\/?post_type=product&#038;p=1199"},"modified":"2025-01-26T16:35:46","modified_gmt":"2025-01-26T16:35:46","slug":"cannatonic-weed","status":"publish","type":"product","link":"https:\/\/beuhparadis.com\/es\/product\/cannatonic-weed\/","title":{"rendered":"Hierba cannat\u00f3nica"},"content":{"rendered":"<h1 class=\"wp-block-heading\">Comprar hierba cannat\u00f3nica: la variedad medicinal definitiva<\/h1>\n<p>Cannatonic Weed es una variedad de cannabis principalmente rica en CBD, resultado del cruce entre MK Ultra y G13 Haze. Conocida por sus efectos relajantes, esta cepa destaca por su capacidad para proporcionar una relajaci\u00f3n profunda a la vez que estimula una sensaci\u00f3n de alerta y concentraci\u00f3n.<\/p>\n<p><strong>Informaci\u00f3n clave<\/strong><\/p>\n<ul class=\"wp-block-list\">\n<li><strong>Tipo :<\/strong> Principalmente CBD<\/li>\n<li><strong>Gen\u00e9tica :<\/strong> Cruce entre MK Ultra y G13 Haze<\/li>\n<li><strong>Producci\u00f3n :<\/strong> Cultivado cuidadosamente para garantizar un alto contenido de CBD<\/li>\n<\/ul>\n<h2 class=\"wp-block-heading\">THC y CBD<\/h2>\n<ul class=\"wp-block-list\">\n<li><strong>THC :<\/strong> Bajo<\/li>\n<li><strong>CBD :<\/strong> High, lo que hace que Cannatonic Weed sea ideal para pacientes que buscan beneficios terap\u00e9uticos sin los intensos efectos psicoactivos.<\/li>\n<\/ul>\n<h2 class=\"wp-block-heading\">\u00bfD\u00f3nde puedo comprar Cannatonic Weed en Internet?<\/h2>\n<p>Cannatonic Weed est\u00e1 disponible en plataformas especializadas como Acheterducannabis, que ofrecen una calidad impecable y el pleno cumplimiento de las leyes europeas sobre el cannabis.<\/p>\n<h2 class=\"wp-block-heading\">Efectos, aroma y sabor de Cannatonic<\/h2>\n<h3 class=\"wp-block-heading\">Efecto<\/h3>\n<ul class=\"wp-block-list\">\n<li><strong>Sensaci\u00f3n :<\/strong> Relajaci\u00f3n, concentraci\u00f3n y elevaci\u00f3n del esp\u00edritu<\/li>\n<li><strong>Ideal para :<\/strong> Uso m\u00e9dico como tratamiento del dolor, espasmos musculares, ansiedad y migra\u00f1as<\/li>\n<\/ul>\n<h3 class=\"wp-block-heading\">Aroma<\/h3>\n<p>Un aroma ligeramente terroso con matices c\u00edtricos dulces, caracter\u00edstico de la variedad Cannatonic.<\/p>\n<h3 class=\"wp-block-heading\">Pruebe<\/h3>\n<p>Un sabor amaderado, especiado\/herbal y a pino, que enriquece la experiencia de consumo de esta cepa \u00fanica.<\/p>\n<h2 class=\"wp-block-heading\">Efectos m\u00e9dicos de Cannatonic<\/h2>\n<p>Los pacientes m\u00e9dicos eligen Cannatonic Weed por su potencial para aliviar :<\/p>\n<ul class=\"wp-block-list\">\n<li>El dolor<\/li>\n<li>Estr\u00e9s<\/li>\n<li>Ansiedad<\/li>\n<\/ul>\n<h2 class=\"wp-block-heading\">\u00bfPor qu\u00e9 comprar Cannatonic Weed en beuhparadis?<\/h2>\n<p>Opta por <a href=\"https:\/\/beuhparadis.com\/es\" data-type=\"link\" data-id=\"https:\/\/acheterducannabis.fr\/\">beuhparadis<\/a> para comprar Cannatonic Weed y beneficiarse de asesoramiento experto, calidad garantizada y entrega conforme a la normativa europea.<\/p>\n<h2 class=\"wp-block-heading\">Legislaci\u00f3n europea sobre la venta de Cannatonic<\/h2>\n<p>La venta de la variedad Cannatonic, como la de todas las variedades de cannabis, sigue estrictamente las normas establecidas en Europa, garantizando la concentraci\u00f3n correcta de THC y el acceso legal de los consumidores adultos.<\/p>\n<p>Cannatonic Weed es una soluci\u00f3n esencial para los usuarios que buscan alivio sin los efectos embriagadores a menudo asociados con el THC. Ya sea para uso m\u00e9dico o simplemente para un momento de relajaci\u00f3n, <a href=\"https:\/\/www.cannaconnection.com\/strains\/cannatonic\" data-type=\"link\" data-id=\"https:\/\/www.cannaconnection.com\/strains\/cannatonic\">Cepa cannat\u00f3nica<\/a> ofrece una experiencia gratificante, destacando los beneficios del CBD. Descubre esta variedad excepcional y muchas otras en Acheterducannabis, tu destino preferido para productos de cannabis de alta calidad en Europa.<\/p>","protected":false},"excerpt":{"rendered":"<p><strong>THC :<\/strong> 7 % - 8 %, CBD : 14 %, CBN : 1 % <strong>Efectos<\/strong> Calmante, Alegre, Suave, Relajante, Edificante <strong>Puede aliviar<\/strong> Ansiedad, dolor cr\u00f3nico, calambres, dolores de cabeza, migra\u00f1as, espasmos musculares, estr\u00e9s<\/p>","protected":false},"featured_media":1213,"comment_status":"closed","ping_status":"closed","template":"","meta":{"site-sidebar-layout":"default","site-content-layout":"","ast-site-content-layout":"default","site-content-style":"default","site-sidebar-style":"default","ast-global-header-display":"","ast-banner-title-visibility":"","ast-main-header-display":"","ast-hfb-above-header-display":"","ast-hfb-below-header-display":"","ast-hfb-mobile-header-display":"","site-post-title":"","ast-breadcrumbs-content":"","ast-featured-img":"","footer-sml-layout":"","theme-transparent-header-meta":"default","adv-header-id-meta":"","stick-header-meta":"","header-above-stick-meta":"","header-main-stick-meta":"","header-below-stick-meta":"","astra-migrate-meta-layouts":"set","ast-page-background-enabled":"default","ast-page-background-meta":{"desktop":{"background-color":"","background-image":"","background-repeat":"repeat","background-position":"center center","background-size":"auto","background-attachment":"scroll","background-type":"","background-media":"","overlay-type":"","overlay-color":"","overlay-opacity":"","overlay-gradient":""},"tablet":{"background-color":"","background-image":"","background-repeat":"repeat","background-position":"center center","background-size":"auto","background-attachment":"scroll","background-type":"","background-media":"","overlay-type":"","overlay-color":"","overlay-opacity":"","overlay-gradient":""},"mobile":{"background-color":"","background-image":"","background-repeat":"repeat","background-position":"center center","background-size":"auto","background-attachment":"scroll","background-type":"","background-media":"","overlay-type":"","overlay-color":"","overlay-opacity":"","overlay-gradient":""}},"ast-content-background-meta":{"desktop":{"background-color":"var(--ast-global-color-5)","background-image":"","background-repeat":"repeat","background-position":"center center","background-size":"auto","background-attachment":"scroll","background-type":"","background-media":"","overlay-type":"","overlay-color":"","overlay-opacity":"","overlay-gradient":""},"tablet":{"background-color":"var(--ast-global-color-5)","background-image":"","background-repeat":"repeat","background-position":"center center","background-size":"auto","background-attachment":"scroll","background-type":"","background-media":"","overlay-type":"","overlay-color":"","overlay-opacity":"","overlay-gradient":""},"mobile":{"background-color":"var(--ast-global-color-5)","background-image":"","background-repeat":"repeat","background-position":"center center","background-size":"auto","background-attachment":"scroll","background-type":"","background-media":"","overlay-type":"","overlay-color":"","overlay-opacity":"","overlay-gradient":""}},"_joinchat":[]},"product_brand":[],"product_cat":[32,33],"product_tag":[],"class_list":{"0":"post-1199","1":"product","2":"type-product","3":"status-publish","4":"has-post-thumbnail","6":"product_cat-fleur-de-chanvre","7":"product_cat-thc-beuh","8":"desktop-align-left","9":"tablet-align-left","10":"mobile-align-left","12":"first","13":"instock","14":"shipping-taxable","15":"purchasable","16":"product-type-variable"},"yoast_head":"<!-- This site is optimized with the Yoast SEO Premium plugin v24.1 (Yoast SEO v26.8) - https:\/\/yoast.com\/product\/yoast-seo-premium-wordpress\/ -->\n<title>Acheter Cannatonic Weed | Cannabis \u00e0 Haute Teneur en CBD<\/title>\n<meta name=\"description\" content=\"Acheter Cannatonic Weed ? D\u00e9couvrez cette vari\u00e9t\u00e9 \u00e9quilibr\u00e9e, riche en CBD et faible en THC, id\u00e9ale pour la relaxation sans effets psychoactifs intenses. C\" \/>\n<meta name=\"robots\" content=\"index, follow, max-snippet:-1, max-image-preview:large, max-video-preview:-1\" \/>\n<link rel=\"canonical\" href=\"https:\/\/beuhparadis.com\/es\/product\/cannatonic-weed\/\" \/>\n<meta property=\"og:locale\" content=\"es_ES\" \/>\n<meta property=\"og:type\" content=\"article\" \/>\n<meta property=\"og:title\" content=\"Cannatonic Weed\" \/>\n<meta property=\"og:description\" content=\"Acheter Cannatonic Weed ? D\u00e9couvrez cette vari\u00e9t\u00e9 \u00e9quilibr\u00e9e, riche en CBD et faible en THC, id\u00e9ale pour la relaxation sans effets psychoactifs intenses. C\" \/>\n<meta property=\"og:url\" content=\"https:\/\/beuhparadis.com\/es\/product\/cannatonic-weed\/\" \/>\n<meta property=\"og:site_name\" content=\"Beuh Paradis\" \/>\n<meta property=\"article:modified_time\" content=\"2025-01-26T16:35:46+00:00\" \/>\n<meta property=\"og:image\" content=\"https:\/\/beuhparadis.com\/wp-content\/uploads\/2024\/12\/Cannatonic-Weed.webp\" \/>\n\t<meta property=\"og:image:width\" content=\"500\" \/>\n\t<meta property=\"og:image:height\" content=\"500\" \/>\n\t<meta property=\"og:image:type\" content=\"image\/webp\" \/>\n<meta name=\"twitter:card\" content=\"summary_large_image\" \/>\n<meta name=\"twitter:label1\" content=\"Tiempo de lectura\" \/>\n\t<meta name=\"twitter:data1\" content=\"2 minutes\" \/>\n<script type=\"application\/ld+json\" class=\"yoast-schema-graph\">{\"@context\":\"https:\/\/schema.org\",\"@graph\":[{\"@type\":\"WebPage\",\"@id\":\"https:\/\/beuhparadis.com\/product\/cannatonic-weed\/\",\"url\":\"https:\/\/beuhparadis.com\/product\/cannatonic-weed\/\",\"name\":\"Acheter Cannatonic Weed | Cannabis \u00e0 Haute Teneur en CBD\",\"isPartOf\":{\"@id\":\"https:\/\/beuhparadis.com\/#website\"},\"primaryImageOfPage\":{\"@id\":\"https:\/\/beuhparadis.com\/product\/cannatonic-weed\/#primaryimage\"},\"image\":{\"@id\":\"https:\/\/beuhparadis.com\/product\/cannatonic-weed\/#primaryimage\"},\"thumbnailUrl\":\"https:\/\/beuhparadis.com\/wp-content\/uploads\/2024\/12\/Cannatonic-Weed.webp\",\"datePublished\":\"2024-12-10T23:38:48+00:00\",\"dateModified\":\"2025-01-26T16:35:46+00:00\",\"description\":\"Acheter Cannatonic Weed ? D\u00e9couvrez cette vari\u00e9t\u00e9 \u00e9quilibr\u00e9e, riche en CBD et faible en THC, id\u00e9ale pour la relaxation sans effets psychoactifs intenses. C\",\"breadcrumb\":{\"@id\":\"https:\/\/beuhparadis.com\/product\/cannatonic-weed\/#breadcrumb\"},\"inLanguage\":\"es-ES\",\"potentialAction\":[{\"@type\":\"ReadAction\",\"target\":[\"https:\/\/beuhparadis.com\/product\/cannatonic-weed\/\"]}]},{\"@type\":\"ImageObject\",\"inLanguage\":\"es-ES\",\"@id\":\"https:\/\/beuhparadis.com\/product\/cannatonic-weed\/#primaryimage\",\"url\":\"https:\/\/beuhparadis.com\/wp-content\/uploads\/2024\/12\/Cannatonic-Weed.webp\",\"contentUrl\":\"https:\/\/beuhparadis.com\/wp-content\/uploads\/2024\/12\/Cannatonic-Weed.webp\",\"width\":500,\"height\":500},{\"@type\":\"BreadcrumbList\",\"@id\":\"https:\/\/beuhparadis.com\/product\/cannatonic-weed\/#breadcrumb\",\"itemListElement\":[{\"@type\":\"ListItem\",\"position\":1,\"name\":\"Home\",\"item\":\"https:\/\/beuhparadis.com\/\"},{\"@type\":\"ListItem\",\"position\":2,\"name\":\"Shop\",\"item\":\"https:\/\/beuhparadis.com\/shop\/\"},{\"@type\":\"ListItem\",\"position\":3,\"name\":\"Cannatonic Weed\"}]},{\"@type\":\"WebSite\",\"@id\":\"https:\/\/beuhparadis.com\/#website\",\"url\":\"https:\/\/beuhparadis.com\/\",\"name\":\"Beuh Paradis\",\"description\":\"\",\"potentialAction\":[{\"@type\":\"SearchAction\",\"target\":{\"@type\":\"EntryPoint\",\"urlTemplate\":\"https:\/\/beuhparadis.com\/?s={search_term_string}\"},\"query-input\":{\"@type\":\"PropertyValueSpecification\",\"valueRequired\":true,\"valueName\":\"search_term_string\"}}],\"inLanguage\":\"es-ES\"}]}<\/script>\n<!-- \/ Yoast SEO Premium plugin. -->","yoast_head_json":{"title":"Comprar Cannatonic Weed | Cannabis con alto contenido en CBD","description":"Comprar Cannatonic Weed? Descubre esta variedad equilibrada, rica en CBD y baja en THC, ideal para relajarse sin efectos psicoactivos intensos. C","robots":{"index":"index","follow":"follow","max-snippet":"max-snippet:-1","max-image-preview":"max-image-preview:large","max-video-preview":"max-video-preview:-1"},"canonical":"https:\/\/beuhparadis.com\/es\/product\/cannatonic-weed\/","og_locale":"es_ES","og_type":"article","og_title":"Cannatonic Weed","og_description":"Acheter Cannatonic Weed ? D\u00e9couvrez cette vari\u00e9t\u00e9 \u00e9quilibr\u00e9e, riche en CBD et faible en THC, id\u00e9ale pour la relaxation sans effets psychoactifs intenses. C","og_url":"https:\/\/beuhparadis.com\/es\/product\/cannatonic-weed\/","og_site_name":"Beuh Paradis","article_modified_time":"2025-01-26T16:35:46+00:00","og_image":[{"width":500,"height":500,"url":"https:\/\/beuhparadis.com\/wp-content\/uploads\/2024\/12\/Cannatonic-Weed.webp","type":"image\/webp"}],"twitter_card":"summary_large_image","twitter_misc":{"Tiempo de lectura":"2 minutes"},"schema":{"@context":"https:\/\/schema.org","@graph":[{"@type":"WebPage","@id":"https:\/\/beuhparadis.com\/product\/cannatonic-weed\/","url":"https:\/\/beuhparadis.com\/product\/cannatonic-weed\/","name":"Comprar Cannatonic Weed | Cannabis con alto contenido en CBD","isPartOf":{"@id":"https:\/\/beuhparadis.com\/#website"},"primaryImageOfPage":{"@id":"https:\/\/beuhparadis.com\/product\/cannatonic-weed\/#primaryimage"},"image":{"@id":"https:\/\/beuhparadis.com\/product\/cannatonic-weed\/#primaryimage"},"thumbnailUrl":"https:\/\/beuhparadis.com\/wp-content\/uploads\/2024\/12\/Cannatonic-Weed.webp","datePublished":"2024-12-10T23:38:48+00:00","dateModified":"2025-01-26T16:35:46+00:00","description":"Comprar Cannatonic Weed? Descubre esta variedad equilibrada, rica en CBD y baja en THC, ideal para relajarse sin efectos psicoactivos intensos. C","breadcrumb":{"@id":"https:\/\/beuhparadis.com\/product\/cannatonic-weed\/#breadcrumb"},"inLanguage":"es-ES","potentialAction":[{"@type":"ReadAction","target":["https:\/\/beuhparadis.com\/product\/cannatonic-weed\/"]}]},{"@type":"ImageObject","inLanguage":"es-ES","@id":"https:\/\/beuhparadis.com\/product\/cannatonic-weed\/#primaryimage","url":"https:\/\/beuhparadis.com\/wp-content\/uploads\/2024\/12\/Cannatonic-Weed.webp","contentUrl":"https:\/\/beuhparadis.com\/wp-content\/uploads\/2024\/12\/Cannatonic-Weed.webp","width":500,"height":500},{"@type":"BreadcrumbList","@id":"https:\/\/beuhparadis.com\/product\/cannatonic-weed\/#breadcrumb","itemListElement":[{"@type":"ListItem","position":1,"name":"Home","item":"https:\/\/beuhparadis.com\/"},{"@type":"ListItem","position":2,"name":"Shop","item":"https:\/\/beuhparadis.com\/shop\/"},{"@type":"ListItem","position":3,"name":"Cannatonic Weed"}]},{"@type":"WebSite","@id":"https:\/\/beuhparadis.com\/#website","url":"https:\/\/beuhparadis.com\/","name":"Beuh Paradis","description":"","potentialAction":[{"@type":"SearchAction","target":{"@type":"EntryPoint","urlTemplate":"https:\/\/beuhparadis.com\/?s={search_term_string}"},"query-input":{"@type":"PropertyValueSpecification","valueRequired":true,"valueName":"search_term_string"}}],"inLanguage":"es-ES"}]}},"_links":{"self":[{"href":"https:\/\/beuhparadis.com\/es\/wp-json\/wp\/v2\/product\/1199","targetHints":{"allow":["GET"]}}],"collection":[{"href":"https:\/\/beuhparadis.com\/es\/wp-json\/wp\/v2\/product"}],"about":[{"href":"https:\/\/beuhparadis.com\/es\/wp-json\/wp\/v2\/types\/product"}],"replies":[{"embeddable":true,"href":"https:\/\/beuhparadis.com\/es\/wp-json\/wp\/v2\/comments?post=1199"}],"wp:featuredmedia":[{"embeddable":true,"href":"https:\/\/beuhparadis.com\/es\/wp-json\/wp\/v2\/media\/1213"}],"wp:attachment":[{"href":"https:\/\/beuhparadis.com\/es\/wp-json\/wp\/v2\/media?parent=1199"}],"wp:term":[{"taxonomy":"product_brand","embeddable":true,"href":"https:\/\/beuhparadis.com\/es\/wp-json\/wp\/v2\/product_brand?post=1199"},{"taxonomy":"product_cat","embeddable":true,"href":"https:\/\/beuhparadis.com\/es\/wp-json\/wp\/v2\/product_cat?post=1199"},{"taxonomy":"product_tag","embeddable":true,"href":"https:\/\/beuhparadis.com\/es\/wp-json\/wp\/v2\/product_tag?post=1199"}],"curies":[{"name":"wp","href":"https:\/\/api.w.org\/{rel}","templated":true}]}}