{"id":1194,"date":"2024-12-10T23:38:48","date_gmt":"2024-12-10T23:38:48","guid":{"rendered":"https:\/\/beuhparadis.com\/?post_type=product&#038;p=1194"},"modified":"2025-01-26T16:26:26","modified_gmt":"2025-01-26T16:26:26","slug":"lions-cake","status":"publish","type":"product","link":"https:\/\/beuhparadis.com\/es\/product\/lions-cake\/","title":{"rendered":"Tarta del Le\u00f3n"},"content":{"rendered":"<h1 class=\"wp-block-heading\">Comprar hierba Lion's Cake: H\u00edbrido con efectos euforizantes<\/h1>\n<p>Lion's Cake Weed, una variedad h\u00edbrida \u00fanica, es un cruce entre The Original Z y Lava Cake. Apreciada por sus efectos estimulantes, ofrece una experiencia euf\u00f3rica y satisfactoria, ideal para entendidos en busca de nuevas sensaciones.<\/p>\n<h2 class=\"wp-block-heading\">Informaci\u00f3n sobre la cepa Pastel de Le\u00f3n<\/h2>\n<ul class=\"wp-block-list\">\n<li><strong>Tipo :<\/strong> H\u00edbrido<\/li>\n<li><strong>Gen\u00e9tica :<\/strong> Un cruce entre The Original Z y Lava Cake<\/li>\n<li><strong>Productor :<\/strong> Expertos cultivadores de cannabis<\/li>\n<\/ul>\n<h2 class=\"wp-block-heading\">THC y CBD<\/h2>\n<ul class=\"wp-block-list\">\n<li><strong>THC :<\/strong> 26%, garantizando una alta potencia<\/li>\n<li><strong>CBG :<\/strong> 1%, enriqueciendo su perfil cannabinoide<\/li>\n<\/ul>\n<h2 class=\"wp-block-heading\">\u00bfD\u00f3nde puedo comprar hierba de la torta del le\u00f3n en l\u00ednea?<\/h2>\n<p>Descubre Lion's Cake Weed en plataformas online de confianza como Acheterducannabis, que ofrecen una rigurosa selecci\u00f3n de las mejores cepas para una m\u00e1xima satisfacci\u00f3n.<\/p>\n<h2 class=\"wp-block-heading\">Efectos, sabor y gusto de la Tarta de Le\u00f3n<\/h2>\n<h3 class=\"wp-block-heading\">Efecto<\/h3>\n<ul class=\"wp-block-list\">\n<li><strong>Sensaci\u00f3n :<\/strong> Euforia, hambre, excitaci\u00f3n<\/li>\n<li><strong>Ideal para :<\/strong> Relajaci\u00f3n profunda o una inyecci\u00f3n de energ\u00eda creativa<\/li>\n<\/ul>\n<h3 class=\"wp-block-heading\">Aroma<\/h3>\n<p>Una cautivadora mezcla de amon\u00edaco y madera, testigo de su singularidad y complejidad arom\u00e1tica.<\/p>\n<h3 class=\"wp-block-heading\">Pruebe<\/h3>\n<p>Los sabores de Lion's Cake Weed evocan una armon\u00eda de madera y matices sutiles, ofreciendo una experiencia gustativa rica y satisfactoria.<\/p>\n<h2 class=\"wp-block-heading\">Efectos m\u00e9dicos<\/h2>\n<p>La torta de le\u00f3n es apreciada por sus posibles beneficios en :<\/p>\n<ul class=\"wp-block-list\">\n<li>Calambres<\/li>\n<li>El dolor<\/li>\n<li>Estr\u00e9s<\/li>\n<\/ul>\n<h2 class=\"wp-block-heading\">\u00bfPor qu\u00e9 comprar hierba torta de le\u00f3n en beuhparadis?<\/h2>\n<p><a href=\"https:\/\/beuhparadis.com\/es\/product\/trideri-weed\/\">Beuhparadis<\/a> es su elecci\u00f3n preferida para Lion's Cake Weed, gracias a su compromiso con la calidad, la trazabilidad y el cumplimiento legal, garantizando una experiencia de usuario \u00f3ptima y segura.<\/p>\n<h2 class=\"wp-block-heading\">Legislaci\u00f3n europea sobre la venta de la tarta de le\u00f3n<\/h2>\n<p>La venta de Lion's Cake Weed, como la de todas las variedades de cannabis, est\u00e1 estrictamente regulada en Europa, con una concentraci\u00f3n de THC acorde con las normas legales, lo que hace que esta variedad sea accesible y legal para los consumidores adultos.<\/p>\n<p>Lion's Cake Weed cuenta con un rico perfil de terpenos dominado por el limoneno, con agradables notas a lim\u00f3n y especias gracias al pineno y al cariofileno. Tanto si buscas aliviar dolores y molestias, reducir el estr\u00e9s o simplemente disfrutar de una experiencia euf\u00f3rica, <a href=\"https:\/\/www.allbud.com\/marijuana-strains\/hybrid\/lions-cake\" data-type=\"link\" data-id=\"https:\/\/www.allbud.com\/marijuana-strains\/hybrid\/lions-cake\">Tarta del Le\u00f3n<\/a> es una excelente elecci\u00f3n. Disponible en Acheterducannabis, esta cepa promete no s\u00f3lo efectos potentes, sino tambi\u00e9n una aventura de sabor inolvidable para todos los amantes del cannabis en Europa.<\/p>","protected":false},"excerpt":{"rendered":"<ul>\n<li>Estr\u00e9s<\/li>\n<\/ul>\n<p><strong>THC:<\/strong> 26%<\/p>\n<p><strong>Efectos m\u00e9dicos<\/strong><br \/>\nLa torta de le\u00f3n es muy apreciada por sus beneficios potenciales en:<\/p>\n<ul class=\"wp-block-list\">\n<li>Calambres<\/li>\n<li>El dolor<\/li>\n<li>Estr\u00e9s<\/li>\n<\/ul>","protected":false},"featured_media":1212,"comment_status":"closed","ping_status":"closed","template":"","meta":{"site-sidebar-layout":"default","site-content-layout":"","ast-site-content-layout":"default","site-content-style":"default","site-sidebar-style":"default","ast-global-header-display":"","ast-banner-title-visibility":"","ast-main-header-display":"","ast-hfb-above-header-display":"","ast-hfb-below-header-display":"","ast-hfb-mobile-header-display":"","site-post-title":"","ast-breadcrumbs-content":"","ast-featured-img":"","footer-sml-layout":"","theme-transparent-header-meta":"default","adv-header-id-meta":"","stick-header-meta":"","header-above-stick-meta":"","header-main-stick-meta":"","header-below-stick-meta":"","astra-migrate-meta-layouts":"set","ast-page-background-enabled":"default","ast-page-background-meta":{"desktop":{"background-color":"","background-image":"","background-repeat":"repeat","background-position":"center center","background-size":"auto","background-attachment":"scroll","background-type":"","background-media":"","overlay-type":"","overlay-color":"","overlay-opacity":"","overlay-gradient":""},"tablet":{"background-color":"","background-image":"","background-repeat":"repeat","background-position":"center center","background-size":"auto","background-attachment":"scroll","background-type":"","background-media":"","overlay-type":"","overlay-color":"","overlay-opacity":"","overlay-gradient":""},"mobile":{"background-color":"","background-image":"","background-repeat":"repeat","background-position":"center center","background-size":"auto","background-attachment":"scroll","background-type":"","background-media":"","overlay-type":"","overlay-color":"","overlay-opacity":"","overlay-gradient":""}},"ast-content-background-meta":{"desktop":{"background-color":"var(--ast-global-color-5)","background-image":"","background-repeat":"repeat","background-position":"center center","background-size":"auto","background-attachment":"scroll","background-type":"","background-media":"","overlay-type":"","overlay-color":"","overlay-opacity":"","overlay-gradient":""},"tablet":{"background-color":"var(--ast-global-color-5)","background-image":"","background-repeat":"repeat","background-position":"center center","background-size":"auto","background-attachment":"scroll","background-type":"","background-media":"","overlay-type":"","overlay-color":"","overlay-opacity":"","overlay-gradient":""},"mobile":{"background-color":"var(--ast-global-color-5)","background-image":"","background-repeat":"repeat","background-position":"center center","background-size":"auto","background-attachment":"scroll","background-type":"","background-media":"","overlay-type":"","overlay-color":"","overlay-opacity":"","overlay-gradient":""}},"_joinchat":[]},"product_brand":[],"product_cat":[32,33],"product_tag":[],"class_list":{"0":"post-1194","1":"product","2":"type-product","3":"status-publish","4":"has-post-thumbnail","6":"product_cat-fleur-de-chanvre","7":"product_cat-thc-beuh","8":"desktop-align-left","9":"tablet-align-left","10":"mobile-align-left","12":"first","13":"instock","14":"shipping-taxable","15":"purchasable","16":"product-type-variable"},"yoast_head":"<!-- This site is optimized with the Yoast SEO Premium plugin v24.1 (Yoast SEO v26.8) - https:\/\/yoast.com\/product\/yoast-seo-premium-wordpress\/ -->\n<title>Acheter Lion\u2019s Cake Weed | Cannabis de Qualit\u00e9 Sup\u00e9rieure<\/title>\n<meta name=\"description\" content=\"Acheter Lion\u2019s Cake Weed, une vari\u00e9t\u00e9 de cannabis puissante et savoureuse. Profitez d\u2019une livraison discr\u00e8te et de produits de qualit\u00e9 sup\u00e9rieure.\" \/>\n<meta name=\"robots\" content=\"index, follow, max-snippet:-1, max-image-preview:large, max-video-preview:-1\" \/>\n<link rel=\"canonical\" href=\"https:\/\/beuhparadis.com\/es\/product\/lions-cake\/\" \/>\n<meta property=\"og:locale\" content=\"es_ES\" \/>\n<meta property=\"og:type\" content=\"article\" \/>\n<meta property=\"og:title\" content=\"Lion\u2019s Cake\" \/>\n<meta property=\"og:description\" content=\"Acheter Lion\u2019s Cake Weed, une vari\u00e9t\u00e9 de cannabis puissante et savoureuse. Profitez d\u2019une livraison discr\u00e8te et de produits de qualit\u00e9 sup\u00e9rieure.\" \/>\n<meta property=\"og:url\" content=\"https:\/\/beuhparadis.com\/es\/product\/lions-cake\/\" \/>\n<meta property=\"og:site_name\" content=\"Beuh Paradis\" \/>\n<meta property=\"article:modified_time\" content=\"2025-01-26T16:26:26+00:00\" \/>\n<meta property=\"og:image\" content=\"https:\/\/beuhparadis.com\/wp-content\/uploads\/2024\/12\/Lions-Cake.webp\" \/>\n\t<meta property=\"og:image:width\" content=\"500\" \/>\n\t<meta property=\"og:image:height\" content=\"500\" \/>\n\t<meta property=\"og:image:type\" content=\"image\/webp\" \/>\n<meta name=\"twitter:card\" content=\"summary_large_image\" \/>\n<meta name=\"twitter:label1\" content=\"Tiempo de lectura\" \/>\n\t<meta name=\"twitter:data1\" content=\"2 minutes\" \/>\n<script type=\"application\/ld+json\" class=\"yoast-schema-graph\">{\"@context\":\"https:\/\/schema.org\",\"@graph\":[{\"@type\":\"WebPage\",\"@id\":\"https:\/\/beuhparadis.com\/product\/lions-cake\/\",\"url\":\"https:\/\/beuhparadis.com\/product\/lions-cake\/\",\"name\":\"Acheter Lion\u2019s Cake Weed | Cannabis de Qualit\u00e9 Sup\u00e9rieure\",\"isPartOf\":{\"@id\":\"https:\/\/beuhparadis.com\/#website\"},\"primaryImageOfPage\":{\"@id\":\"https:\/\/beuhparadis.com\/product\/lions-cake\/#primaryimage\"},\"image\":{\"@id\":\"https:\/\/beuhparadis.com\/product\/lions-cake\/#primaryimage\"},\"thumbnailUrl\":\"https:\/\/beuhparadis.com\/wp-content\/uploads\/2024\/12\/Lions-Cake.webp\",\"datePublished\":\"2024-12-10T23:38:48+00:00\",\"dateModified\":\"2025-01-26T16:26:26+00:00\",\"description\":\"Acheter Lion\u2019s Cake Weed, une vari\u00e9t\u00e9 de cannabis puissante et savoureuse. Profitez d\u2019une livraison discr\u00e8te et de produits de qualit\u00e9 sup\u00e9rieure.\",\"breadcrumb\":{\"@id\":\"https:\/\/beuhparadis.com\/product\/lions-cake\/#breadcrumb\"},\"inLanguage\":\"es-ES\",\"potentialAction\":[{\"@type\":\"ReadAction\",\"target\":[\"https:\/\/beuhparadis.com\/product\/lions-cake\/\"]}]},{\"@type\":\"ImageObject\",\"inLanguage\":\"es-ES\",\"@id\":\"https:\/\/beuhparadis.com\/product\/lions-cake\/#primaryimage\",\"url\":\"https:\/\/beuhparadis.com\/wp-content\/uploads\/2024\/12\/Lions-Cake.webp\",\"contentUrl\":\"https:\/\/beuhparadis.com\/wp-content\/uploads\/2024\/12\/Lions-Cake.webp\",\"width\":500,\"height\":500},{\"@type\":\"BreadcrumbList\",\"@id\":\"https:\/\/beuhparadis.com\/product\/lions-cake\/#breadcrumb\",\"itemListElement\":[{\"@type\":\"ListItem\",\"position\":1,\"name\":\"Home\",\"item\":\"https:\/\/beuhparadis.com\/\"},{\"@type\":\"ListItem\",\"position\":2,\"name\":\"Shop\",\"item\":\"https:\/\/beuhparadis.com\/shop\/\"},{\"@type\":\"ListItem\",\"position\":3,\"name\":\"Lion\u2019s Cake\"}]},{\"@type\":\"WebSite\",\"@id\":\"https:\/\/beuhparadis.com\/#website\",\"url\":\"https:\/\/beuhparadis.com\/\",\"name\":\"Beuh Paradis\",\"description\":\"\",\"potentialAction\":[{\"@type\":\"SearchAction\",\"target\":{\"@type\":\"EntryPoint\",\"urlTemplate\":\"https:\/\/beuhparadis.com\/?s={search_term_string}\"},\"query-input\":{\"@type\":\"PropertyValueSpecification\",\"valueRequired\":true,\"valueName\":\"search_term_string\"}}],\"inLanguage\":\"es-ES\"}]}<\/script>\n<!-- \/ Yoast SEO Premium plugin. -->","yoast_head_json":{"title":"Comprar hierba Lion's Cake | Cannabis de alta calidad","description":"Compra Lion's Cake Weed, una variedad de cannabis potente y sabrosa. Disfruta de una entrega discreta y productos de alta calidad.","robots":{"index":"index","follow":"follow","max-snippet":"max-snippet:-1","max-image-preview":"max-image-preview:large","max-video-preview":"max-video-preview:-1"},"canonical":"https:\/\/beuhparadis.com\/es\/product\/lions-cake\/","og_locale":"es_ES","og_type":"article","og_title":"Lion\u2019s Cake","og_description":"Acheter Lion\u2019s Cake Weed, une vari\u00e9t\u00e9 de cannabis puissante et savoureuse. Profitez d\u2019une livraison discr\u00e8te et de produits de qualit\u00e9 sup\u00e9rieure.","og_url":"https:\/\/beuhparadis.com\/es\/product\/lions-cake\/","og_site_name":"Beuh Paradis","article_modified_time":"2025-01-26T16:26:26+00:00","og_image":[{"width":500,"height":500,"url":"https:\/\/beuhparadis.com\/wp-content\/uploads\/2024\/12\/Lions-Cake.webp","type":"image\/webp"}],"twitter_card":"summary_large_image","twitter_misc":{"Tiempo de lectura":"2 minutes"},"schema":{"@context":"https:\/\/schema.org","@graph":[{"@type":"WebPage","@id":"https:\/\/beuhparadis.com\/product\/lions-cake\/","url":"https:\/\/beuhparadis.com\/product\/lions-cake\/","name":"Comprar hierba Lion's Cake | Cannabis de alta calidad","isPartOf":{"@id":"https:\/\/beuhparadis.com\/#website"},"primaryImageOfPage":{"@id":"https:\/\/beuhparadis.com\/product\/lions-cake\/#primaryimage"},"image":{"@id":"https:\/\/beuhparadis.com\/product\/lions-cake\/#primaryimage"},"thumbnailUrl":"https:\/\/beuhparadis.com\/wp-content\/uploads\/2024\/12\/Lions-Cake.webp","datePublished":"2024-12-10T23:38:48+00:00","dateModified":"2025-01-26T16:26:26+00:00","description":"Compra Lion's Cake Weed, una variedad de cannabis potente y sabrosa. Disfruta de una entrega discreta y productos de alta calidad.","breadcrumb":{"@id":"https:\/\/beuhparadis.com\/product\/lions-cake\/#breadcrumb"},"inLanguage":"es-ES","potentialAction":[{"@type":"ReadAction","target":["https:\/\/beuhparadis.com\/product\/lions-cake\/"]}]},{"@type":"ImageObject","inLanguage":"es-ES","@id":"https:\/\/beuhparadis.com\/product\/lions-cake\/#primaryimage","url":"https:\/\/beuhparadis.com\/wp-content\/uploads\/2024\/12\/Lions-Cake.webp","contentUrl":"https:\/\/beuhparadis.com\/wp-content\/uploads\/2024\/12\/Lions-Cake.webp","width":500,"height":500},{"@type":"BreadcrumbList","@id":"https:\/\/beuhparadis.com\/product\/lions-cake\/#breadcrumb","itemListElement":[{"@type":"ListItem","position":1,"name":"Home","item":"https:\/\/beuhparadis.com\/"},{"@type":"ListItem","position":2,"name":"Shop","item":"https:\/\/beuhparadis.com\/shop\/"},{"@type":"ListItem","position":3,"name":"Lion\u2019s Cake"}]},{"@type":"WebSite","@id":"https:\/\/beuhparadis.com\/#website","url":"https:\/\/beuhparadis.com\/","name":"Beuh Paradis","description":"","potentialAction":[{"@type":"SearchAction","target":{"@type":"EntryPoint","urlTemplate":"https:\/\/beuhparadis.com\/?s={search_term_string}"},"query-input":{"@type":"PropertyValueSpecification","valueRequired":true,"valueName":"search_term_string"}}],"inLanguage":"es-ES"}]}},"_links":{"self":[{"href":"https:\/\/beuhparadis.com\/es\/wp-json\/wp\/v2\/product\/1194","targetHints":{"allow":["GET"]}}],"collection":[{"href":"https:\/\/beuhparadis.com\/es\/wp-json\/wp\/v2\/product"}],"about":[{"href":"https:\/\/beuhparadis.com\/es\/wp-json\/wp\/v2\/types\/product"}],"replies":[{"embeddable":true,"href":"https:\/\/beuhparadis.com\/es\/wp-json\/wp\/v2\/comments?post=1194"}],"wp:featuredmedia":[{"embeddable":true,"href":"https:\/\/beuhparadis.com\/es\/wp-json\/wp\/v2\/media\/1212"}],"wp:attachment":[{"href":"https:\/\/beuhparadis.com\/es\/wp-json\/wp\/v2\/media?parent=1194"}],"wp:term":[{"taxonomy":"product_brand","embeddable":true,"href":"https:\/\/beuhparadis.com\/es\/wp-json\/wp\/v2\/product_brand?post=1194"},{"taxonomy":"product_cat","embeddable":true,"href":"https:\/\/beuhparadis.com\/es\/wp-json\/wp\/v2\/product_cat?post=1194"},{"taxonomy":"product_tag","embeddable":true,"href":"https:\/\/beuhparadis.com\/es\/wp-json\/wp\/v2\/product_tag?post=1194"}],"curies":[{"name":"wp","href":"https:\/\/api.w.org\/{rel}","templated":true}]}}