{"id":1189,"date":"2024-12-10T23:38:47","date_gmt":"2024-12-10T23:38:47","guid":{"rendered":"https:\/\/beuhparadis.com\/?post_type=product&#038;p=1189"},"modified":"2025-01-26T16:16:07","modified_gmt":"2025-01-26T16:16:07","slug":"runtz-weed","status":"publish","type":"product","link":"https:\/\/beuhparadis.com\/es\/product\/runtz-weed\/","title":{"rendered":"Hierba Runtz"},"content":{"rendered":"<h1 class=\"wp-block-heading\">Comprar hierba Runtz: Una experiencia cann\u00e1bica excepcional con la variedad Runtz<\/h1>\n<p>Compra Runtz Weed, una variedad h\u00edbrida equilibrada que capta la atenci\u00f3n de los amantes del cannabis gracias a su mezcla \u00fanica de efectos \u00edndica y sativa. Un cruce entre Zkittlez y Gelato, <strong>l<\/strong>a variedad Runtz destaca por su cautivador perfil arom\u00e1tico y su notable potencia, lo que la convierte en una excelente representante de la calidad Cali Runtz.<\/p>\n<p><strong>Informaci\u00f3n clave<\/strong><\/p>\n<ul class=\"wp-block-list\">\n<li><strong>Tipo :<\/strong> H\u00edbrido (50% indica \/ 50% sativa)<\/li>\n<li><strong>Origen :<\/strong> Cruce entre Zkittlez y Gelato<\/li>\n<li><strong>Dise\u00f1adores :<\/strong> Pasi\u00f3n por la cultura y Cookies Fam, celebrando la herencia de la cepa Runtz OG<\/li>\n<\/ul>\n<h2 class=\"wp-block-heading\">THC y CBD<\/h2>\n<ul class=\"wp-block-list\">\n<li><strong>THC :<\/strong> Aproximadamente 24%, ofreciendo una potencia significativa a la cepa Runtz<\/li>\n<li><strong>CBD :<\/strong> Bajo contenido, potenciando los efectos psicoactivos de Runtz Weed<\/li>\n<\/ul>\n<h2 class=\"wp-block-heading\">D\u00f3nde comprar <strong>Hierba Runtz<\/strong> \u00bfEn l\u00ednea?<\/h2>\n<p>Runtz Weed se puede comprar en plataformas en l\u00ednea especializadas como<a href=\"https:\/\/acheterducannabis.fr\/\" data-type=\"link\" data-id=\"https:\/\/acheterducannabis.fr\/\">Buyducannabis<\/a>Esto garantiza una experiencia de compra segura y una calidad superior para los aficionados a esta excepcional cepa de Runtz.<\/p>\n<h2 class=\"wp-block-heading\">Efectos, aroma y sabor de <strong>Hierba Runtz<\/strong><\/h2>\n<h3 class=\"wp-block-heading\">Efecto<\/h3>\n<ul class=\"wp-block-list\">\n<li><strong>Sensaci\u00f3n :<\/strong> Relajaci\u00f3n, euforia, creatividad: caracter\u00edsticas clave de la <strong>Cepa Runtz OG<\/strong><\/li>\n<li><strong>Efectos secundarios :<\/strong> Boca seca, ojos secos<\/li>\n<\/ul>\n<h3 class=\"wp-block-heading\">Sabor y gusto<\/h3>\n<p>Una mezcla \u00fanica de lim\u00f3n, skunk y lima, que crea un perfil de sabor complejo y atractivo con cada inhalaci\u00f3n de Runtz OG. Los sabores de la cepa Runtz siguen su aroma, proporcionando una experiencia de sabor rica y distinta para la comunidad Cali Runtz.<\/p>\n<h2 class=\"wp-block-heading\">Efectos m\u00e9dicos<\/h2>\n<p>La Runtz OG es apreciada por su potencial para aliviar el estr\u00e9s, la ansiedad y las n\u00e1useas, lo que la convierte en una variedad esencial en el repertorio del cannabis medicinal.<\/p>\n<h2 class=\"wp-block-heading\">Por qu\u00e9 comprar <strong>Hierba Runtz<\/strong> en beuhparadis?<\/h2>\n<p><a href=\"https:\/\/beuhparadis.com\/es\/product\/acheter-cheetah-piss-weed\/\">Beuhparadis<\/a> es famosa por su meticulosa selecci\u00f3n de cannabis de primera calidad, que incluye <strong>Hierba Runtz<\/strong>Esta cepa es a la vez potente y rica en sabor, ofreciendo a los consumidores una experiencia \u00fanica. La disponibilidad y calidad de la cepa Runtz en Acheterducannabis satisface las altas expectativas de los conocedores de Cali Runtz.<\/p>\n<p>Runtz Weed es para los amantes del cannabis que buscan una experiencia rica en sabor y efecto. Su origen gen\u00e9tico \u00fanico, su complejo perfil de terpenos y su estatus dentro de la <a href=\"https:\/\/www.leafly.com\/strains\/runtz\" data-type=\"link\" data-id=\"https:\/\/www.leafly.com\/strains\/runtz\">Runtz OG<\/a> La variedad Runtz es una variedad que hay que probar. Visita Acheterducannabis para sumergirte en una experiencia cann\u00e1bica sin igual con la cepa Runtz y otras cepas de calidad de Europa.<\/p>","protected":false},"excerpt":{"rendered":"<p><strong>THC :<\/strong> 24%<br \/>\n<strong><br \/>\nEfectos:<\/strong><br \/>\nLa Runtz Weed es apreciada por su potencial para aliviar el estr\u00e9s, la ansiedad y las n\u00e1useas, lo que la convierte en una variedad esencial en el repertorio del cannabis medicinal.<\/p>","protected":false},"featured_media":1211,"comment_status":"closed","ping_status":"closed","template":"","meta":{"site-sidebar-layout":"default","site-content-layout":"","ast-site-content-layout":"default","site-content-style":"default","site-sidebar-style":"default","ast-global-header-display":"","ast-banner-title-visibility":"","ast-main-header-display":"","ast-hfb-above-header-display":"","ast-hfb-below-header-display":"","ast-hfb-mobile-header-display":"","site-post-title":"","ast-breadcrumbs-content":"","ast-featured-img":"","footer-sml-layout":"","theme-transparent-header-meta":"default","adv-header-id-meta":"","stick-header-meta":"","header-above-stick-meta":"","header-main-stick-meta":"","header-below-stick-meta":"","astra-migrate-meta-layouts":"set","ast-page-background-enabled":"default","ast-page-background-meta":{"desktop":{"background-color":"","background-image":"","background-repeat":"repeat","background-position":"center center","background-size":"auto","background-attachment":"scroll","background-type":"","background-media":"","overlay-type":"","overlay-color":"","overlay-opacity":"","overlay-gradient":""},"tablet":{"background-color":"","background-image":"","background-repeat":"repeat","background-position":"center center","background-size":"auto","background-attachment":"scroll","background-type":"","background-media":"","overlay-type":"","overlay-color":"","overlay-opacity":"","overlay-gradient":""},"mobile":{"background-color":"","background-image":"","background-repeat":"repeat","background-position":"center center","background-size":"auto","background-attachment":"scroll","background-type":"","background-media":"","overlay-type":"","overlay-color":"","overlay-opacity":"","overlay-gradient":""}},"ast-content-background-meta":{"desktop":{"background-color":"var(--ast-global-color-5)","background-image":"","background-repeat":"repeat","background-position":"center center","background-size":"auto","background-attachment":"scroll","background-type":"","background-media":"","overlay-type":"","overlay-color":"","overlay-opacity":"","overlay-gradient":""},"tablet":{"background-color":"var(--ast-global-color-5)","background-image":"","background-repeat":"repeat","background-position":"center center","background-size":"auto","background-attachment":"scroll","background-type":"","background-media":"","overlay-type":"","overlay-color":"","overlay-opacity":"","overlay-gradient":""},"mobile":{"background-color":"var(--ast-global-color-5)","background-image":"","background-repeat":"repeat","background-position":"center center","background-size":"auto","background-attachment":"scroll","background-type":"","background-media":"","overlay-type":"","overlay-color":"","overlay-opacity":"","overlay-gradient":""}},"_joinchat":[]},"product_brand":[],"product_cat":[15],"product_tag":[],"class_list":{"0":"post-1189","1":"product","2":"type-product","3":"status-publish","4":"has-post-thumbnail","6":"product_cat-uncategorized","7":"desktop-align-left","8":"tablet-align-left","9":"mobile-align-left","11":"first","12":"instock","13":"shipping-taxable","14":"purchasable","15":"product-type-variable"},"yoast_head":"<!-- This site is optimized with the Yoast SEO Premium plugin v24.1 (Yoast SEO v26.8) - https:\/\/yoast.com\/product\/yoast-seo-premium-wordpress\/ -->\n<title>Acheter Runtz Weed \u2013 Cannabis Premium aux Saveurs Sucr\u00e9es<\/title>\n<meta name=\"description\" content=\"D\u00e9couvrez Runtz Weed, une vari\u00e9t\u00e9 de cannabis populaire pour son ar\u00f4me sucr\u00e9 et ses effets relaxants. Commandez en ligne avec livraison rapide et discr\u00e8te\" \/>\n<meta name=\"robots\" content=\"index, follow, max-snippet:-1, max-image-preview:large, max-video-preview:-1\" \/>\n<link rel=\"canonical\" href=\"https:\/\/beuhparadis.com\/es\/product\/runtz-weed\/\" \/>\n<meta property=\"og:locale\" content=\"es_ES\" \/>\n<meta property=\"og:type\" content=\"article\" \/>\n<meta property=\"og:title\" content=\"Runtz Weed\" \/>\n<meta property=\"og:description\" content=\"D\u00e9couvrez Runtz Weed, une vari\u00e9t\u00e9 de cannabis populaire pour son ar\u00f4me sucr\u00e9 et ses effets relaxants. Commandez en ligne avec livraison rapide et discr\u00e8te\" \/>\n<meta property=\"og:url\" content=\"https:\/\/beuhparadis.com\/es\/product\/runtz-weed\/\" \/>\n<meta property=\"og:site_name\" content=\"Beuh Paradis\" \/>\n<meta property=\"article:modified_time\" content=\"2025-01-26T16:16:07+00:00\" \/>\n<meta property=\"og:image\" content=\"https:\/\/beuhparadis.com\/wp-content\/uploads\/2024\/12\/Runtz-Weed.webp\" \/>\n\t<meta property=\"og:image:width\" content=\"500\" \/>\n\t<meta property=\"og:image:height\" content=\"500\" \/>\n\t<meta property=\"og:image:type\" content=\"image\/webp\" \/>\n<meta name=\"twitter:card\" content=\"summary_large_image\" \/>\n<meta name=\"twitter:label1\" content=\"Tiempo de lectura\" \/>\n\t<meta name=\"twitter:data1\" content=\"2 minutes\" \/>\n<script type=\"application\/ld+json\" class=\"yoast-schema-graph\">{\"@context\":\"https:\/\/schema.org\",\"@graph\":[{\"@type\":\"WebPage\",\"@id\":\"https:\/\/beuhparadis.com\/product\/runtz-weed\/\",\"url\":\"https:\/\/beuhparadis.com\/product\/runtz-weed\/\",\"name\":\"Acheter Runtz Weed \u2013 Cannabis Premium aux Saveurs Sucr\u00e9es\",\"isPartOf\":{\"@id\":\"https:\/\/beuhparadis.com\/#website\"},\"primaryImageOfPage\":{\"@id\":\"https:\/\/beuhparadis.com\/product\/runtz-weed\/#primaryimage\"},\"image\":{\"@id\":\"https:\/\/beuhparadis.com\/product\/runtz-weed\/#primaryimage\"},\"thumbnailUrl\":\"https:\/\/beuhparadis.com\/wp-content\/uploads\/2024\/12\/Runtz-Weed.webp\",\"datePublished\":\"2024-12-10T23:38:47+00:00\",\"dateModified\":\"2025-01-26T16:16:07+00:00\",\"description\":\"D\u00e9couvrez Runtz Weed, une vari\u00e9t\u00e9 de cannabis populaire pour son ar\u00f4me sucr\u00e9 et ses effets relaxants. Commandez en ligne avec livraison rapide et discr\u00e8te\",\"breadcrumb\":{\"@id\":\"https:\/\/beuhparadis.com\/product\/runtz-weed\/#breadcrumb\"},\"inLanguage\":\"es-ES\",\"potentialAction\":[{\"@type\":\"ReadAction\",\"target\":[\"https:\/\/beuhparadis.com\/product\/runtz-weed\/\"]}]},{\"@type\":\"ImageObject\",\"inLanguage\":\"es-ES\",\"@id\":\"https:\/\/beuhparadis.com\/product\/runtz-weed\/#primaryimage\",\"url\":\"https:\/\/beuhparadis.com\/wp-content\/uploads\/2024\/12\/Runtz-Weed.webp\",\"contentUrl\":\"https:\/\/beuhparadis.com\/wp-content\/uploads\/2024\/12\/Runtz-Weed.webp\",\"width\":500,\"height\":500},{\"@type\":\"BreadcrumbList\",\"@id\":\"https:\/\/beuhparadis.com\/product\/runtz-weed\/#breadcrumb\",\"itemListElement\":[{\"@type\":\"ListItem\",\"position\":1,\"name\":\"Home\",\"item\":\"https:\/\/beuhparadis.com\/\"},{\"@type\":\"ListItem\",\"position\":2,\"name\":\"Shop\",\"item\":\"https:\/\/beuhparadis.com\/shop\/\"},{\"@type\":\"ListItem\",\"position\":3,\"name\":\"Runtz Weed\"}]},{\"@type\":\"WebSite\",\"@id\":\"https:\/\/beuhparadis.com\/#website\",\"url\":\"https:\/\/beuhparadis.com\/\",\"name\":\"Beuh Paradis\",\"description\":\"\",\"potentialAction\":[{\"@type\":\"SearchAction\",\"target\":{\"@type\":\"EntryPoint\",\"urlTemplate\":\"https:\/\/beuhparadis.com\/?s={search_term_string}\"},\"query-input\":{\"@type\":\"PropertyValueSpecification\",\"valueRequired\":true,\"valueName\":\"search_term_string\"}}],\"inLanguage\":\"es-ES\"}]}<\/script>\n<!-- \/ Yoast SEO Premium plugin. -->","yoast_head_json":{"title":"Comprar Runtz Weed - Cannabis Premium con Sabor Dulce","description":"Descubre Runtz Weed, una variedad de cannabis popular por su dulce aroma y sus efectos relajantes. Haz tu pedido online con entrega r\u00e1pida y discreta","robots":{"index":"index","follow":"follow","max-snippet":"max-snippet:-1","max-image-preview":"max-image-preview:large","max-video-preview":"max-video-preview:-1"},"canonical":"https:\/\/beuhparadis.com\/es\/product\/runtz-weed\/","og_locale":"es_ES","og_type":"article","og_title":"Runtz Weed","og_description":"D\u00e9couvrez Runtz Weed, une vari\u00e9t\u00e9 de cannabis populaire pour son ar\u00f4me sucr\u00e9 et ses effets relaxants. Commandez en ligne avec livraison rapide et discr\u00e8te","og_url":"https:\/\/beuhparadis.com\/es\/product\/runtz-weed\/","og_site_name":"Beuh Paradis","article_modified_time":"2025-01-26T16:16:07+00:00","og_image":[{"width":500,"height":500,"url":"https:\/\/beuhparadis.com\/wp-content\/uploads\/2024\/12\/Runtz-Weed.webp","type":"image\/webp"}],"twitter_card":"summary_large_image","twitter_misc":{"Tiempo de lectura":"2 minutes"},"schema":{"@context":"https:\/\/schema.org","@graph":[{"@type":"WebPage","@id":"https:\/\/beuhparadis.com\/product\/runtz-weed\/","url":"https:\/\/beuhparadis.com\/product\/runtz-weed\/","name":"Comprar Runtz Weed - Cannabis Premium con Sabor Dulce","isPartOf":{"@id":"https:\/\/beuhparadis.com\/#website"},"primaryImageOfPage":{"@id":"https:\/\/beuhparadis.com\/product\/runtz-weed\/#primaryimage"},"image":{"@id":"https:\/\/beuhparadis.com\/product\/runtz-weed\/#primaryimage"},"thumbnailUrl":"https:\/\/beuhparadis.com\/wp-content\/uploads\/2024\/12\/Runtz-Weed.webp","datePublished":"2024-12-10T23:38:47+00:00","dateModified":"2025-01-26T16:16:07+00:00","description":"Descubre Runtz Weed, una variedad de cannabis popular por su dulce aroma y sus efectos relajantes. Haz tu pedido online con entrega r\u00e1pida y discreta","breadcrumb":{"@id":"https:\/\/beuhparadis.com\/product\/runtz-weed\/#breadcrumb"},"inLanguage":"es-ES","potentialAction":[{"@type":"ReadAction","target":["https:\/\/beuhparadis.com\/product\/runtz-weed\/"]}]},{"@type":"ImageObject","inLanguage":"es-ES","@id":"https:\/\/beuhparadis.com\/product\/runtz-weed\/#primaryimage","url":"https:\/\/beuhparadis.com\/wp-content\/uploads\/2024\/12\/Runtz-Weed.webp","contentUrl":"https:\/\/beuhparadis.com\/wp-content\/uploads\/2024\/12\/Runtz-Weed.webp","width":500,"height":500},{"@type":"BreadcrumbList","@id":"https:\/\/beuhparadis.com\/product\/runtz-weed\/#breadcrumb","itemListElement":[{"@type":"ListItem","position":1,"name":"Home","item":"https:\/\/beuhparadis.com\/"},{"@type":"ListItem","position":2,"name":"Shop","item":"https:\/\/beuhparadis.com\/shop\/"},{"@type":"ListItem","position":3,"name":"Runtz Weed"}]},{"@type":"WebSite","@id":"https:\/\/beuhparadis.com\/#website","url":"https:\/\/beuhparadis.com\/","name":"Beuh Paradis","description":"","potentialAction":[{"@type":"SearchAction","target":{"@type":"EntryPoint","urlTemplate":"https:\/\/beuhparadis.com\/?s={search_term_string}"},"query-input":{"@type":"PropertyValueSpecification","valueRequired":true,"valueName":"search_term_string"}}],"inLanguage":"es-ES"}]}},"_links":{"self":[{"href":"https:\/\/beuhparadis.com\/es\/wp-json\/wp\/v2\/product\/1189","targetHints":{"allow":["GET"]}}],"collection":[{"href":"https:\/\/beuhparadis.com\/es\/wp-json\/wp\/v2\/product"}],"about":[{"href":"https:\/\/beuhparadis.com\/es\/wp-json\/wp\/v2\/types\/product"}],"replies":[{"embeddable":true,"href":"https:\/\/beuhparadis.com\/es\/wp-json\/wp\/v2\/comments?post=1189"}],"wp:featuredmedia":[{"embeddable":true,"href":"https:\/\/beuhparadis.com\/es\/wp-json\/wp\/v2\/media\/1211"}],"wp:attachment":[{"href":"https:\/\/beuhparadis.com\/es\/wp-json\/wp\/v2\/media?parent=1189"}],"wp:term":[{"taxonomy":"product_brand","embeddable":true,"href":"https:\/\/beuhparadis.com\/es\/wp-json\/wp\/v2\/product_brand?post=1189"},{"taxonomy":"product_cat","embeddable":true,"href":"https:\/\/beuhparadis.com\/es\/wp-json\/wp\/v2\/product_cat?post=1189"},{"taxonomy":"product_tag","embeddable":true,"href":"https:\/\/beuhparadis.com\/es\/wp-json\/wp\/v2\/product_tag?post=1189"}],"curies":[{"name":"wp","href":"https:\/\/api.w.org\/{rel}","templated":true}]}}