{"id":1184,"date":"2024-12-10T23:38:47","date_gmt":"2024-12-10T23:38:47","guid":{"rendered":"https:\/\/beuhparadis.com\/?post_type=product&#038;p=1184"},"modified":"2025-01-26T16:19:22","modified_gmt":"2025-01-26T16:19:22","slug":"trideri-weed","status":"publish","type":"product","link":"https:\/\/beuhparadis.com\/es\/product\/trideri-weed\/","title":{"rendered":"Hierba de Trideri"},"content":{"rendered":"<h1 class=\"wp-block-heading\">Comprar hierba Trideri: una variedad Indica con efectos calmantes<\/h1>\n<p>Compra Trideri Weed, una variedad de cannabis indica famosa por sus efectos relajantes y creativos. Perfecta para aquellos que buscan aliviar el estr\u00e9s y la ansiedad a la vez que estimulan su creatividad.<\/p>\n<h2 class=\"wp-block-heading\">Informaci\u00f3n sobre la cepa Trideri<\/h2>\n<ul class=\"wp-block-list\">\n<li><strong>Tipo :<\/strong> Indica<\/li>\n<li><strong>Efectos principales :<\/strong> Relajaci\u00f3n, felicidad, creatividad<\/li>\n<li><strong>Desventajas:<\/strong> Boca seca<\/li>\n<\/ul>\n<h2 class=\"wp-block-heading\">THC y CBD<\/h2>\n<ul class=\"wp-block-list\">\n<li><strong>THC :<\/strong> Alto porcentaje, centrado en los efectos psicoactivos<\/li>\n<li><strong>CBD :<\/strong> Bajo porcentaje, acentuando las propiedades relajantes del THC<\/li>\n<\/ul>\n<h2 class=\"wp-block-heading\">\u00bfD\u00f3nde puedo comprar hierba Trideri en Internet?<\/h2>\n<p>Trideri Weed se puede comprar en l\u00ednea en plataformas especializadas como <a href=\"https:\/\/acheterducannabis.fr\/\" data-type=\"link\" data-id=\"https:\/\/acheterducannabis.fr\/\">Buyducannabis<\/a>ofreciendo una calidad superior y una experiencia de consumo \u00f3ptima para los amantes del cannabis \u00edndica.<\/p>\n<h2 class=\"wp-block-heading\">Efectos, aroma y sabor de Trideri<\/h2>\n<h3 class=\"wp-block-heading\">Efecto<\/h3>\n<ul class=\"wp-block-list\">\n<li><strong>Sentimientos :<\/strong> Relajaci\u00f3n, felicidad, aumento de la creatividad<\/li>\n<li><strong>Aspectos negativos :<\/strong> Boca seca<\/li>\n<\/ul>\n<h3 class=\"wp-block-heading\">Aroma<\/h3>\n<p>Trideri Weed tiene un aroma complejo que combina lim\u00f3n y skunk, con sutiles notas de lima.<\/p>\n<h3 class=\"wp-block-heading\">Pruebe<\/h3>\n<p>El sabor sigue el aroma, ofreciendo una agradable mezcla de lim\u00f3n, skunk y lima.<\/p>\n<h2 class=\"wp-block-heading\">Efectos m\u00e9dicos de Trideri<\/h2>\n<p>Los usuarios m\u00e9dicos prefieren Trideri por su ayuda en el tratamiento de :<\/p>\n<ul class=\"wp-block-list\">\n<li>Estr\u00e9s (40% de usuarios)<\/li>\n<li>Ansiedad (30% de usuarios)<\/li>\n<li>N\u00e1useas (20% de los usuarios)<\/li>\n<\/ul>\n<h2 class=\"wp-block-heading\">\u00bfPor qu\u00e9 comprar hierba Trideri en beuhparadis?<\/h2>\n<p><a href=\"https:\/\/beuhparadis.com\/es\/product\/cookie-og-weed\/\">Beuhparadis<\/a> se distingue por su compromiso de ofrecer variedades de cannabis de la m\u00e1s alta calidad, incluida la Trideri Weed, para satisfacer las necesidades de los consumidores que buscan efectos relajantes y creativos. Elegir Acheterducannabis significa optar por la seguridad, la calidad y el cumplimiento legal.<\/p>\n<h2 class=\"wp-block-heading\">Legislaci\u00f3n que regula la venta de Trideri en Europa<\/h2>\n<p>La venta de la variedad Trideri, como la de todas las variedades de cannabis, est\u00e1 sujeta a la legislaci\u00f3n europea que regula el contenido de THC. Gracias a su conformidad con las normas vigentes, Trideri sigue siendo accesible para quienes buscan beneficiarse de sus propiedades terap\u00e9uticas y recreativas \u00fanicas en Europa.<\/p>\n<p>Trideri Weed es una gran opci\u00f3n para los amantes del cannabis \u00edndica que buscan una relajaci\u00f3n profunda y un impulso creativo. Su combinaci\u00f3n \u00fanica de aromas y sabores, combinada con sus efectos beneficiosos sobre el estr\u00e9s, la ansiedad y las n\u00e1useas, la convierten en una variedad imprescindible. Descubre <a href=\"https:\/\/www.allbud.com\/marijuana-strains\/hybrid\/trideri\" data-type=\"link\" data-id=\"https:\/\/www.allbud.com\/marijuana-strains\/hybrid\/trideri\">Cepa Trideri<\/a> y muchas otras variedades de calidad en Acheterducannabis, su destino preferido para cannabis de calidad en Europa.<\/p>","protected":false},"excerpt":{"rendered":"<p><strong>THC :<\/strong> 33 % - 34 % <strong>Efectos<\/strong> Euforia, Concentraci\u00f3n, Feliz, Hambriento, Relajante, Edificante <strong>Puede aliviar<\/strong> Artritis, dolor cr\u00f3nico, depresi\u00f3n, inflamaci\u00f3n, n\u00e1useas, estr\u00e9s<\/p>","protected":false},"featured_media":1210,"comment_status":"closed","ping_status":"closed","template":"","meta":{"site-sidebar-layout":"default","site-content-layout":"","ast-site-content-layout":"default","site-content-style":"default","site-sidebar-style":"default","ast-global-header-display":"","ast-banner-title-visibility":"","ast-main-header-display":"","ast-hfb-above-header-display":"","ast-hfb-below-header-display":"","ast-hfb-mobile-header-display":"","site-post-title":"","ast-breadcrumbs-content":"","ast-featured-img":"","footer-sml-layout":"","theme-transparent-header-meta":"default","adv-header-id-meta":"","stick-header-meta":"","header-above-stick-meta":"","header-main-stick-meta":"","header-below-stick-meta":"","astra-migrate-meta-layouts":"set","ast-page-background-enabled":"default","ast-page-background-meta":{"desktop":{"background-color":"","background-image":"","background-repeat":"repeat","background-position":"center center","background-size":"auto","background-attachment":"scroll","background-type":"","background-media":"","overlay-type":"","overlay-color":"","overlay-opacity":"","overlay-gradient":""},"tablet":{"background-color":"","background-image":"","background-repeat":"repeat","background-position":"center center","background-size":"auto","background-attachment":"scroll","background-type":"","background-media":"","overlay-type":"","overlay-color":"","overlay-opacity":"","overlay-gradient":""},"mobile":{"background-color":"","background-image":"","background-repeat":"repeat","background-position":"center center","background-size":"auto","background-attachment":"scroll","background-type":"","background-media":"","overlay-type":"","overlay-color":"","overlay-opacity":"","overlay-gradient":""}},"ast-content-background-meta":{"desktop":{"background-color":"var(--ast-global-color-5)","background-image":"","background-repeat":"repeat","background-position":"center center","background-size":"auto","background-attachment":"scroll","background-type":"","background-media":"","overlay-type":"","overlay-color":"","overlay-opacity":"","overlay-gradient":""},"tablet":{"background-color":"var(--ast-global-color-5)","background-image":"","background-repeat":"repeat","background-position":"center center","background-size":"auto","background-attachment":"scroll","background-type":"","background-media":"","overlay-type":"","overlay-color":"","overlay-opacity":"","overlay-gradient":""},"mobile":{"background-color":"var(--ast-global-color-5)","background-image":"","background-repeat":"repeat","background-position":"center center","background-size":"auto","background-attachment":"scroll","background-type":"","background-media":"","overlay-type":"","overlay-color":"","overlay-opacity":"","overlay-gradient":""}},"_joinchat":[]},"product_brand":[],"product_cat":[32,33],"product_tag":[],"class_list":{"0":"post-1184","1":"product","2":"type-product","3":"status-publish","4":"has-post-thumbnail","6":"product_cat-fleur-de-chanvre","7":"product_cat-thc-beuh","8":"desktop-align-left","9":"tablet-align-left","10":"mobile-align-left","12":"first","13":"instock","14":"shipping-taxable","15":"purchasable","16":"product-type-variable"},"yoast_head":"<!-- This site is optimized with the Yoast SEO Premium plugin v24.1 (Yoast SEO v26.8) - https:\/\/yoast.com\/product\/yoast-seo-premium-wordpress\/ -->\n<title>Acheter Trideri Weed \u2013 Cannabis Premium de Qualit\u00e9 Sup\u00e9rieure<\/title>\n<meta name=\"description\" content=\"Commandez Trideri Weed, une vari\u00e9t\u00e9 de cannabis exceptionnelle connue pour ses ar\u00f4mes riches et ses effets relaxants. Livraison rapide et discr\u00e8te\" \/>\n<meta name=\"robots\" content=\"index, follow, max-snippet:-1, max-image-preview:large, max-video-preview:-1\" \/>\n<link rel=\"canonical\" href=\"https:\/\/beuhparadis.com\/es\/product\/trideri-weed\/\" \/>\n<meta property=\"og:locale\" content=\"es_ES\" \/>\n<meta property=\"og:type\" content=\"article\" \/>\n<meta property=\"og:title\" content=\"Trideri Weed\" \/>\n<meta property=\"og:description\" content=\"Commandez Trideri Weed, une vari\u00e9t\u00e9 de cannabis exceptionnelle connue pour ses ar\u00f4mes riches et ses effets relaxants. Livraison rapide et discr\u00e8te\" \/>\n<meta property=\"og:url\" content=\"https:\/\/beuhparadis.com\/es\/product\/trideri-weed\/\" \/>\n<meta property=\"og:site_name\" content=\"Beuh Paradis\" \/>\n<meta property=\"article:modified_time\" content=\"2025-01-26T16:19:22+00:00\" \/>\n<meta property=\"og:image\" content=\"https:\/\/beuhparadis.com\/wp-content\/uploads\/2024\/12\/Trideri-Weed.webp\" \/>\n\t<meta property=\"og:image:width\" content=\"500\" \/>\n\t<meta property=\"og:image:height\" content=\"500\" \/>\n\t<meta property=\"og:image:type\" content=\"image\/webp\" \/>\n<meta name=\"twitter:card\" content=\"summary_large_image\" \/>\n<meta name=\"twitter:label1\" content=\"Tiempo de lectura\" \/>\n\t<meta name=\"twitter:data1\" content=\"2 minutes\" \/>\n<script type=\"application\/ld+json\" class=\"yoast-schema-graph\">{\"@context\":\"https:\/\/schema.org\",\"@graph\":[{\"@type\":\"WebPage\",\"@id\":\"https:\/\/beuhparadis.com\/product\/trideri-weed\/\",\"url\":\"https:\/\/beuhparadis.com\/product\/trideri-weed\/\",\"name\":\"Acheter Trideri Weed \u2013 Cannabis Premium de Qualit\u00e9 Sup\u00e9rieure\",\"isPartOf\":{\"@id\":\"https:\/\/beuhparadis.com\/#website\"},\"primaryImageOfPage\":{\"@id\":\"https:\/\/beuhparadis.com\/product\/trideri-weed\/#primaryimage\"},\"image\":{\"@id\":\"https:\/\/beuhparadis.com\/product\/trideri-weed\/#primaryimage\"},\"thumbnailUrl\":\"https:\/\/beuhparadis.com\/wp-content\/uploads\/2024\/12\/Trideri-Weed.webp\",\"datePublished\":\"2024-12-10T23:38:47+00:00\",\"dateModified\":\"2025-01-26T16:19:22+00:00\",\"description\":\"Commandez Trideri Weed, une vari\u00e9t\u00e9 de cannabis exceptionnelle connue pour ses ar\u00f4mes riches et ses effets relaxants. Livraison rapide et discr\u00e8te\",\"breadcrumb\":{\"@id\":\"https:\/\/beuhparadis.com\/product\/trideri-weed\/#breadcrumb\"},\"inLanguage\":\"es-ES\",\"potentialAction\":[{\"@type\":\"ReadAction\",\"target\":[\"https:\/\/beuhparadis.com\/product\/trideri-weed\/\"]}]},{\"@type\":\"ImageObject\",\"inLanguage\":\"es-ES\",\"@id\":\"https:\/\/beuhparadis.com\/product\/trideri-weed\/#primaryimage\",\"url\":\"https:\/\/beuhparadis.com\/wp-content\/uploads\/2024\/12\/Trideri-Weed.webp\",\"contentUrl\":\"https:\/\/beuhparadis.com\/wp-content\/uploads\/2024\/12\/Trideri-Weed.webp\",\"width\":500,\"height\":500},{\"@type\":\"BreadcrumbList\",\"@id\":\"https:\/\/beuhparadis.com\/product\/trideri-weed\/#breadcrumb\",\"itemListElement\":[{\"@type\":\"ListItem\",\"position\":1,\"name\":\"Home\",\"item\":\"https:\/\/beuhparadis.com\/\"},{\"@type\":\"ListItem\",\"position\":2,\"name\":\"Shop\",\"item\":\"https:\/\/beuhparadis.com\/shop\/\"},{\"@type\":\"ListItem\",\"position\":3,\"name\":\"Trideri Weed\"}]},{\"@type\":\"WebSite\",\"@id\":\"https:\/\/beuhparadis.com\/#website\",\"url\":\"https:\/\/beuhparadis.com\/\",\"name\":\"Beuh Paradis\",\"description\":\"\",\"potentialAction\":[{\"@type\":\"SearchAction\",\"target\":{\"@type\":\"EntryPoint\",\"urlTemplate\":\"https:\/\/beuhparadis.com\/?s={search_term_string}\"},\"query-input\":{\"@type\":\"PropertyValueSpecification\",\"valueRequired\":true,\"valueName\":\"search_term_string\"}}],\"inLanguage\":\"es-ES\"}]}<\/script>\n<!-- \/ Yoast SEO Premium plugin. -->","yoast_head_json":{"title":"Comprar Trideri Weed - Cannabis de primera calidad","description":"Encarga Trideri Weed, una excepcional variedad de cannabis conocida por sus ricos aromas y efectos relajantes. Entrega r\u00e1pida y discreta","robots":{"index":"index","follow":"follow","max-snippet":"max-snippet:-1","max-image-preview":"max-image-preview:large","max-video-preview":"max-video-preview:-1"},"canonical":"https:\/\/beuhparadis.com\/es\/product\/trideri-weed\/","og_locale":"es_ES","og_type":"article","og_title":"Trideri Weed","og_description":"Commandez Trideri Weed, une vari\u00e9t\u00e9 de cannabis exceptionnelle connue pour ses ar\u00f4mes riches et ses effets relaxants. Livraison rapide et discr\u00e8te","og_url":"https:\/\/beuhparadis.com\/es\/product\/trideri-weed\/","og_site_name":"Beuh Paradis","article_modified_time":"2025-01-26T16:19:22+00:00","og_image":[{"width":500,"height":500,"url":"https:\/\/beuhparadis.com\/wp-content\/uploads\/2024\/12\/Trideri-Weed.webp","type":"image\/webp"}],"twitter_card":"summary_large_image","twitter_misc":{"Tiempo de lectura":"2 minutes"},"schema":{"@context":"https:\/\/schema.org","@graph":[{"@type":"WebPage","@id":"https:\/\/beuhparadis.com\/product\/trideri-weed\/","url":"https:\/\/beuhparadis.com\/product\/trideri-weed\/","name":"Comprar Trideri Weed - Cannabis de primera calidad","isPartOf":{"@id":"https:\/\/beuhparadis.com\/#website"},"primaryImageOfPage":{"@id":"https:\/\/beuhparadis.com\/product\/trideri-weed\/#primaryimage"},"image":{"@id":"https:\/\/beuhparadis.com\/product\/trideri-weed\/#primaryimage"},"thumbnailUrl":"https:\/\/beuhparadis.com\/wp-content\/uploads\/2024\/12\/Trideri-Weed.webp","datePublished":"2024-12-10T23:38:47+00:00","dateModified":"2025-01-26T16:19:22+00:00","description":"Encarga Trideri Weed, una excepcional variedad de cannabis conocida por sus ricos aromas y efectos relajantes. Entrega r\u00e1pida y discreta","breadcrumb":{"@id":"https:\/\/beuhparadis.com\/product\/trideri-weed\/#breadcrumb"},"inLanguage":"es-ES","potentialAction":[{"@type":"ReadAction","target":["https:\/\/beuhparadis.com\/product\/trideri-weed\/"]}]},{"@type":"ImageObject","inLanguage":"es-ES","@id":"https:\/\/beuhparadis.com\/product\/trideri-weed\/#primaryimage","url":"https:\/\/beuhparadis.com\/wp-content\/uploads\/2024\/12\/Trideri-Weed.webp","contentUrl":"https:\/\/beuhparadis.com\/wp-content\/uploads\/2024\/12\/Trideri-Weed.webp","width":500,"height":500},{"@type":"BreadcrumbList","@id":"https:\/\/beuhparadis.com\/product\/trideri-weed\/#breadcrumb","itemListElement":[{"@type":"ListItem","position":1,"name":"Home","item":"https:\/\/beuhparadis.com\/"},{"@type":"ListItem","position":2,"name":"Shop","item":"https:\/\/beuhparadis.com\/shop\/"},{"@type":"ListItem","position":3,"name":"Trideri Weed"}]},{"@type":"WebSite","@id":"https:\/\/beuhparadis.com\/#website","url":"https:\/\/beuhparadis.com\/","name":"Beuh Paradis","description":"","potentialAction":[{"@type":"SearchAction","target":{"@type":"EntryPoint","urlTemplate":"https:\/\/beuhparadis.com\/?s={search_term_string}"},"query-input":{"@type":"PropertyValueSpecification","valueRequired":true,"valueName":"search_term_string"}}],"inLanguage":"es-ES"}]}},"_links":{"self":[{"href":"https:\/\/beuhparadis.com\/es\/wp-json\/wp\/v2\/product\/1184","targetHints":{"allow":["GET"]}}],"collection":[{"href":"https:\/\/beuhparadis.com\/es\/wp-json\/wp\/v2\/product"}],"about":[{"href":"https:\/\/beuhparadis.com\/es\/wp-json\/wp\/v2\/types\/product"}],"replies":[{"embeddable":true,"href":"https:\/\/beuhparadis.com\/es\/wp-json\/wp\/v2\/comments?post=1184"}],"wp:featuredmedia":[{"embeddable":true,"href":"https:\/\/beuhparadis.com\/es\/wp-json\/wp\/v2\/media\/1210"}],"wp:attachment":[{"href":"https:\/\/beuhparadis.com\/es\/wp-json\/wp\/v2\/media?parent=1184"}],"wp:term":[{"taxonomy":"product_brand","embeddable":true,"href":"https:\/\/beuhparadis.com\/es\/wp-json\/wp\/v2\/product_brand?post=1184"},{"taxonomy":"product_cat","embeddable":true,"href":"https:\/\/beuhparadis.com\/es\/wp-json\/wp\/v2\/product_cat?post=1184"},{"taxonomy":"product_tag","embeddable":true,"href":"https:\/\/beuhparadis.com\/es\/wp-json\/wp\/v2\/product_tag?post=1184"}],"curies":[{"name":"wp","href":"https:\/\/api.w.org\/{rel}","templated":true}]}}