{"id":1179,"date":"2024-12-10T23:38:47","date_gmt":"2024-12-10T23:38:47","guid":{"rendered":"https:\/\/beuhparadis.com\/?post_type=product&#038;p=1179"},"modified":"2025-01-26T16:12:34","modified_gmt":"2025-01-26T16:12:34","slug":"acheter-cheetah-piss-weed","status":"publish","type":"product","link":"https:\/\/beuhparadis.com\/es\/product\/acheter-cheetah-piss-weed\/","title":{"rendered":"Cheetah Piss Weed"},"content":{"rendered":"<h1 class=\"wp-block-heading\">Comprar Cheetah Piss Weed: Una variedad \u00fanica con efectos energizantes<\/h1>\n<p>Descubre la Cheetah Piss Weed, una creaci\u00f3n excepcional creada mediante el cruce de tres cepas de calidad de Growing Passion y Cookies Fam: Lemonnade, Gelato 42 y London Poundcake 97. Aunque su nombre rinde homenaje a la famosa cepa Cat Piss de anta\u00f1o, los efectos de Cheetah Piss son marcadamente diferentes, ofreciendo a los consumidores una experiencia \u00fanica.<\/p>\n<h2 class=\"wp-block-heading\">Informaci\u00f3n sobre la cepa Cheetah Piss<\/h2>\n<ul class=\"wp-block-list\">\n<li><strong>Tipo :<\/strong> H\u00edbrido<\/li>\n<li><strong>Gen\u00e9tica :<\/strong> Un cruce entre Lemonnade, Gelato 42 y London Poundcake 97<\/li>\n<li><strong>Productor :<\/strong> Creciendo Pasi\u00f3n y Galletas Fam<\/li>\n<\/ul>\n<h2 class=\"wp-block-heading\">THC y CBD<\/h2>\n<ul class=\"wp-block-list\">\n<li><strong>THC :<\/strong> Alto porcentaje, lo que subraya el poder de esta cepa<\/li>\n<li><strong>CBD :<\/strong> Bajo, centrado en los efectos psicoactivos del THC<\/li>\n<\/ul>\n<h2 class=\"wp-block-heading\">\u00bfD\u00f3nde puedo comprar Cheetah Piss Weed en Internet?<\/h2>\n<p>Cheetah Piss Weed se puede comprar en l\u00ednea en sitios especializados, como Acheterducannabis, que ofrece esta cepa \u00fanica a los consumidores que buscan efectos estimulantes y un perfil de terpenos distinto.<\/p>\n<h2 class=\"wp-block-heading\">Efectos, aroma y sabor de Cheetah Piss<\/h2>\n<h3 class=\"wp-block-heading\">Efecto<\/h3>\n<ul class=\"wp-block-list\">\n<li><strong>Sentimientos :<\/strong> Excitaci\u00f3n, euforia, energ\u00eda<\/li>\n<li><strong>Aspectos negativos :<\/strong> Ansiedad, paranoia, mareos<\/li>\n<\/ul>\n<h3 class=\"wp-block-heading\">Aroma<\/h3>\n<p>Cheetah Piss tiene un aroma funk que recuerda al de Cat Piss, con cualidades extra\u00f1as e inusuales.<\/p>\n<h3 class=\"wp-block-heading\">Pruebe<\/h3>\n<p>El sabor de esta cepa combina notas de amoniaco, potencia y skunk, ofreciendo una experiencia de sabor atrevida.<\/p>\n<h2 class=\"wp-block-heading\">Efectos m\u00e9dicos de la orina de guepardo<\/h2>\n<p>Los pacientes m\u00e9dicos eligen Cheetah Piss para aliviar :<\/p>\n<ul class=\"wp-block-list\">\n<li>Ansiedad (20% de usuarios)<\/li>\n<li>Depresi\u00f3n (17% de usuarios)<\/li>\n<li>Estr\u00e9s (16% de usuarios)<\/li>\n<\/ul>\n<h2 class=\"wp-block-heading\">\u00bfPor qu\u00e9 comprar Cheetah Piss Weed en beuhparadis?<\/h2>\n<p><a href=\"https:\/\/beuhparadis.com\/es\" data-type=\"link\" data-id=\"https:\/\/acheterducannabis.fr\/\">Beuhparadis<\/a> es famosa por su rigurosa selecci\u00f3n de variedades de cannabis de primera calidad, entre las que se encuentra Cheetah Piss Weed. Al elegir Acheterducannabis, te garantizas el acceso a una cepa con pronunciados efectos energizantes y un perfil de terpenos \u00fanico.<\/p>\n<h2 class=\"wp-block-heading\">Legislaci\u00f3n sobre la venta de orina de guepardo en Europa<\/h2>\n<p>La venta de Cheetah Piss, como la de todas las variedades de cannabis, est\u00e1 regulada por las leyes europeas que limitan el contenido de THC. Gracias a su cumplimiento de las normas legales, Cheetah Piss sigue siendo accesible para quienes buscan sus marcados efectos terap\u00e9uticos y recreativos en Europa.<\/p>\n<p>Cheetah Piss es una gran opci\u00f3n para los amantes del cannabis que buscan una experiencia estimulante y una euforia instant\u00e1nea. Con su gen\u00e9tica \u00fanica y homenaje a la cepa Cat Piss, <a href=\"https:\/\/wehikei.com\/blog\/cheetah-piss-strain-guide\" data-type=\"link\" data-id=\"https:\/\/wehikei.com\/blog\/cheetah-piss-strain-guide\">Cheetah Piss Weed<\/a> se ha establecido como una variedad imprescindible para los consumidores experimentados. Explora esta excepcional cepa y muchas otras en Acheterducannabis, tu fuente fiable de cannabis de calidad en Europa.<\/p>","protected":false},"excerpt":{"rendered":"<p class=\"percentage\"><strong>THC :<\/strong>\u00a020\u00a0%<\/p>\n<p class=\"percentage\"><strong>Efectos<\/strong> Excitado, Creativo, Euforia, Concentrado, Feliz, Relajante, Sociable <strong>Puede aliviar<\/strong> Dolor cr\u00f3nico, depresi\u00f3n, fatiga, estr\u00e9s<\/p>","protected":false},"featured_media":1209,"comment_status":"closed","ping_status":"closed","template":"","meta":{"site-sidebar-layout":"default","site-content-layout":"","ast-site-content-layout":"default","site-content-style":"default","site-sidebar-style":"default","ast-global-header-display":"","ast-banner-title-visibility":"","ast-main-header-display":"","ast-hfb-above-header-display":"","ast-hfb-below-header-display":"","ast-hfb-mobile-header-display":"","site-post-title":"","ast-breadcrumbs-content":"","ast-featured-img":"","footer-sml-layout":"","theme-transparent-header-meta":"default","adv-header-id-meta":"","stick-header-meta":"","header-above-stick-meta":"","header-main-stick-meta":"","header-below-stick-meta":"","astra-migrate-meta-layouts":"set","ast-page-background-enabled":"default","ast-page-background-meta":{"desktop":{"background-color":"","background-image":"","background-repeat":"repeat","background-position":"center center","background-size":"auto","background-attachment":"scroll","background-type":"","background-media":"","overlay-type":"","overlay-color":"","overlay-opacity":"","overlay-gradient":""},"tablet":{"background-color":"","background-image":"","background-repeat":"repeat","background-position":"center center","background-size":"auto","background-attachment":"scroll","background-type":"","background-media":"","overlay-type":"","overlay-color":"","overlay-opacity":"","overlay-gradient":""},"mobile":{"background-color":"","background-image":"","background-repeat":"repeat","background-position":"center center","background-size":"auto","background-attachment":"scroll","background-type":"","background-media":"","overlay-type":"","overlay-color":"","overlay-opacity":"","overlay-gradient":""}},"ast-content-background-meta":{"desktop":{"background-color":"var(--ast-global-color-5)","background-image":"","background-repeat":"repeat","background-position":"center center","background-size":"auto","background-attachment":"scroll","background-type":"","background-media":"","overlay-type":"","overlay-color":"","overlay-opacity":"","overlay-gradient":""},"tablet":{"background-color":"var(--ast-global-color-5)","background-image":"","background-repeat":"repeat","background-position":"center center","background-size":"auto","background-attachment":"scroll","background-type":"","background-media":"","overlay-type":"","overlay-color":"","overlay-opacity":"","overlay-gradient":""},"mobile":{"background-color":"var(--ast-global-color-5)","background-image":"","background-repeat":"repeat","background-position":"center center","background-size":"auto","background-attachment":"scroll","background-type":"","background-media":"","overlay-type":"","overlay-color":"","overlay-opacity":"","overlay-gradient":""}},"_joinchat":[]},"product_brand":[],"product_cat":[32,33],"product_tag":[],"class_list":{"0":"post-1179","1":"product","2":"type-product","3":"status-publish","4":"has-post-thumbnail","6":"product_cat-fleur-de-chanvre","7":"product_cat-thc-beuh","8":"desktop-align-left","9":"tablet-align-left","10":"mobile-align-left","12":"first","13":"instock","14":"shipping-taxable","15":"purchasable","16":"product-type-variable"},"yoast_head":"<!-- This site is optimized with the Yoast SEO Premium plugin v24.1 (Yoast SEO v26.8) - https:\/\/yoast.com\/product\/yoast-seo-premium-wordpress\/ -->\n<title>Acheter Cheetah Piss Weed \u2013 Cannabis aux Saveurs Exotiques<\/title>\n<meta name=\"description\" content=\"Acheter Cheetah Piss Weed, une vari\u00e9t\u00e9 de cannabis unique avec un ar\u00f4me exotique et des effets puissants. Livraison rapide et discr\u00e8te\" \/>\n<meta name=\"robots\" content=\"index, follow, max-snippet:-1, max-image-preview:large, max-video-preview:-1\" \/>\n<link rel=\"canonical\" href=\"https:\/\/beuhparadis.com\/es\/product\/acheter-cheetah-piss-weed\/\" \/>\n<meta property=\"og:locale\" content=\"es_ES\" \/>\n<meta property=\"og:type\" content=\"article\" \/>\n<meta property=\"og:title\" content=\"Cheetah Piss Weed\" \/>\n<meta property=\"og:description\" content=\"Acheter Cheetah Piss Weed, une vari\u00e9t\u00e9 de cannabis unique avec un ar\u00f4me exotique et des effets puissants. Livraison rapide et discr\u00e8te\" \/>\n<meta property=\"og:url\" content=\"https:\/\/beuhparadis.com\/es\/product\/acheter-cheetah-piss-weed\/\" \/>\n<meta property=\"og:site_name\" content=\"Beuh Paradis\" \/>\n<meta property=\"article:modified_time\" content=\"2025-01-26T16:12:34+00:00\" \/>\n<meta property=\"og:image\" content=\"https:\/\/beuhparadis.com\/wp-content\/uploads\/2024\/12\/Cheetah-Piss-Weed.webp\" \/>\n\t<meta property=\"og:image:width\" content=\"800\" \/>\n\t<meta property=\"og:image:height\" content=\"800\" \/>\n\t<meta property=\"og:image:type\" content=\"image\/webp\" \/>\n<meta name=\"twitter:card\" content=\"summary_large_image\" \/>\n<meta name=\"twitter:label1\" content=\"Tiempo de lectura\" \/>\n\t<meta name=\"twitter:data1\" content=\"2 minutes\" \/>\n<script type=\"application\/ld+json\" class=\"yoast-schema-graph\">{\"@context\":\"https:\/\/schema.org\",\"@graph\":[{\"@type\":\"WebPage\",\"@id\":\"https:\/\/beuhparadis.com\/product\/acheter-cheetah-piss-weed\/\",\"url\":\"https:\/\/beuhparadis.com\/product\/acheter-cheetah-piss-weed\/\",\"name\":\"Acheter Cheetah Piss Weed \u2013 Cannabis aux Saveurs Exotiques\",\"isPartOf\":{\"@id\":\"https:\/\/beuhparadis.com\/#website\"},\"primaryImageOfPage\":{\"@id\":\"https:\/\/beuhparadis.com\/product\/acheter-cheetah-piss-weed\/#primaryimage\"},\"image\":{\"@id\":\"https:\/\/beuhparadis.com\/product\/acheter-cheetah-piss-weed\/#primaryimage\"},\"thumbnailUrl\":\"https:\/\/beuhparadis.com\/wp-content\/uploads\/2024\/12\/Cheetah-Piss-Weed.webp\",\"datePublished\":\"2024-12-10T23:38:47+00:00\",\"dateModified\":\"2025-01-26T16:12:34+00:00\",\"description\":\"Acheter Cheetah Piss Weed, une vari\u00e9t\u00e9 de cannabis unique avec un ar\u00f4me exotique et des effets puissants. Livraison rapide et discr\u00e8te\",\"breadcrumb\":{\"@id\":\"https:\/\/beuhparadis.com\/product\/acheter-cheetah-piss-weed\/#breadcrumb\"},\"inLanguage\":\"es-ES\",\"potentialAction\":[{\"@type\":\"ReadAction\",\"target\":[\"https:\/\/beuhparadis.com\/product\/acheter-cheetah-piss-weed\/\"]}]},{\"@type\":\"ImageObject\",\"inLanguage\":\"es-ES\",\"@id\":\"https:\/\/beuhparadis.com\/product\/acheter-cheetah-piss-weed\/#primaryimage\",\"url\":\"https:\/\/beuhparadis.com\/wp-content\/uploads\/2024\/12\/Cheetah-Piss-Weed.webp\",\"contentUrl\":\"https:\/\/beuhparadis.com\/wp-content\/uploads\/2024\/12\/Cheetah-Piss-Weed.webp\",\"width\":800,\"height\":800},{\"@type\":\"BreadcrumbList\",\"@id\":\"https:\/\/beuhparadis.com\/product\/acheter-cheetah-piss-weed\/#breadcrumb\",\"itemListElement\":[{\"@type\":\"ListItem\",\"position\":1,\"name\":\"Home\",\"item\":\"https:\/\/beuhparadis.com\/\"},{\"@type\":\"ListItem\",\"position\":2,\"name\":\"Shop\",\"item\":\"https:\/\/beuhparadis.com\/shop\/\"},{\"@type\":\"ListItem\",\"position\":3,\"name\":\"Cheetah Piss Weed\"}]},{\"@type\":\"WebSite\",\"@id\":\"https:\/\/beuhparadis.com\/#website\",\"url\":\"https:\/\/beuhparadis.com\/\",\"name\":\"Beuh Paradis\",\"description\":\"\",\"potentialAction\":[{\"@type\":\"SearchAction\",\"target\":{\"@type\":\"EntryPoint\",\"urlTemplate\":\"https:\/\/beuhparadis.com\/?s={search_term_string}\"},\"query-input\":{\"@type\":\"PropertyValueSpecification\",\"valueRequired\":true,\"valueName\":\"search_term_string\"}}],\"inLanguage\":\"es-ES\"}]}<\/script>\n<!-- \/ Yoast SEO Premium plugin. -->","yoast_head_json":{"title":"Comprar Cheetah Piss Weed - Cannabis con sabor ex\u00f3tico","description":"Compra Cheetah Piss Weed, una variedad de cannabis \u00fanica con un aroma ex\u00f3tico y potentes efectos. Entrega r\u00e1pida y discreta","robots":{"index":"index","follow":"follow","max-snippet":"max-snippet:-1","max-image-preview":"max-image-preview:large","max-video-preview":"max-video-preview:-1"},"canonical":"https:\/\/beuhparadis.com\/es\/product\/acheter-cheetah-piss-weed\/","og_locale":"es_ES","og_type":"article","og_title":"Cheetah Piss Weed","og_description":"Acheter Cheetah Piss Weed, une vari\u00e9t\u00e9 de cannabis unique avec un ar\u00f4me exotique et des effets puissants. Livraison rapide et discr\u00e8te","og_url":"https:\/\/beuhparadis.com\/es\/product\/acheter-cheetah-piss-weed\/","og_site_name":"Beuh Paradis","article_modified_time":"2025-01-26T16:12:34+00:00","og_image":[{"width":800,"height":800,"url":"https:\/\/beuhparadis.com\/wp-content\/uploads\/2024\/12\/Cheetah-Piss-Weed.webp","type":"image\/webp"}],"twitter_card":"summary_large_image","twitter_misc":{"Tiempo de lectura":"2 minutes"},"schema":{"@context":"https:\/\/schema.org","@graph":[{"@type":"WebPage","@id":"https:\/\/beuhparadis.com\/product\/acheter-cheetah-piss-weed\/","url":"https:\/\/beuhparadis.com\/product\/acheter-cheetah-piss-weed\/","name":"Comprar Cheetah Piss Weed - Cannabis con sabor ex\u00f3tico","isPartOf":{"@id":"https:\/\/beuhparadis.com\/#website"},"primaryImageOfPage":{"@id":"https:\/\/beuhparadis.com\/product\/acheter-cheetah-piss-weed\/#primaryimage"},"image":{"@id":"https:\/\/beuhparadis.com\/product\/acheter-cheetah-piss-weed\/#primaryimage"},"thumbnailUrl":"https:\/\/beuhparadis.com\/wp-content\/uploads\/2024\/12\/Cheetah-Piss-Weed.webp","datePublished":"2024-12-10T23:38:47+00:00","dateModified":"2025-01-26T16:12:34+00:00","description":"Compra Cheetah Piss Weed, una variedad de cannabis \u00fanica con un aroma ex\u00f3tico y potentes efectos. Entrega r\u00e1pida y discreta","breadcrumb":{"@id":"https:\/\/beuhparadis.com\/product\/acheter-cheetah-piss-weed\/#breadcrumb"},"inLanguage":"es-ES","potentialAction":[{"@type":"ReadAction","target":["https:\/\/beuhparadis.com\/product\/acheter-cheetah-piss-weed\/"]}]},{"@type":"ImageObject","inLanguage":"es-ES","@id":"https:\/\/beuhparadis.com\/product\/acheter-cheetah-piss-weed\/#primaryimage","url":"https:\/\/beuhparadis.com\/wp-content\/uploads\/2024\/12\/Cheetah-Piss-Weed.webp","contentUrl":"https:\/\/beuhparadis.com\/wp-content\/uploads\/2024\/12\/Cheetah-Piss-Weed.webp","width":800,"height":800},{"@type":"BreadcrumbList","@id":"https:\/\/beuhparadis.com\/product\/acheter-cheetah-piss-weed\/#breadcrumb","itemListElement":[{"@type":"ListItem","position":1,"name":"Home","item":"https:\/\/beuhparadis.com\/"},{"@type":"ListItem","position":2,"name":"Shop","item":"https:\/\/beuhparadis.com\/shop\/"},{"@type":"ListItem","position":3,"name":"Cheetah Piss Weed"}]},{"@type":"WebSite","@id":"https:\/\/beuhparadis.com\/#website","url":"https:\/\/beuhparadis.com\/","name":"Beuh Paradis","description":"","potentialAction":[{"@type":"SearchAction","target":{"@type":"EntryPoint","urlTemplate":"https:\/\/beuhparadis.com\/?s={search_term_string}"},"query-input":{"@type":"PropertyValueSpecification","valueRequired":true,"valueName":"search_term_string"}}],"inLanguage":"es-ES"}]}},"_links":{"self":[{"href":"https:\/\/beuhparadis.com\/es\/wp-json\/wp\/v2\/product\/1179","targetHints":{"allow":["GET"]}}],"collection":[{"href":"https:\/\/beuhparadis.com\/es\/wp-json\/wp\/v2\/product"}],"about":[{"href":"https:\/\/beuhparadis.com\/es\/wp-json\/wp\/v2\/types\/product"}],"replies":[{"embeddable":true,"href":"https:\/\/beuhparadis.com\/es\/wp-json\/wp\/v2\/comments?post=1179"}],"wp:featuredmedia":[{"embeddable":true,"href":"https:\/\/beuhparadis.com\/es\/wp-json\/wp\/v2\/media\/1209"}],"wp:attachment":[{"href":"https:\/\/beuhparadis.com\/es\/wp-json\/wp\/v2\/media?parent=1179"}],"wp:term":[{"taxonomy":"product_brand","embeddable":true,"href":"https:\/\/beuhparadis.com\/es\/wp-json\/wp\/v2\/product_brand?post=1179"},{"taxonomy":"product_cat","embeddable":true,"href":"https:\/\/beuhparadis.com\/es\/wp-json\/wp\/v2\/product_cat?post=1179"},{"taxonomy":"product_tag","embeddable":true,"href":"https:\/\/beuhparadis.com\/es\/wp-json\/wp\/v2\/product_tag?post=1179"}],"curies":[{"name":"wp","href":"https:\/\/api.w.org\/{rel}","templated":true}]}}