{"id":1168,"date":"2024-12-10T23:38:32","date_gmt":"2024-12-10T23:38:32","guid":{"rendered":"https:\/\/beuhparadis.com\/?post_type=product&#038;p=1168"},"modified":"2025-01-26T16:08:28","modified_gmt":"2025-01-26T16:08:28","slug":"cherry-gorilla","status":"publish","type":"product","link":"https:\/\/beuhparadis.com\/es\/product\/cherry-gorilla\/","title":{"rendered":"Gorila cereza"},"content":{"rendered":"<h1 class=\"wp-block-heading\">Comprar hierba gorila cereza: un h\u00edbrido con efectos calmantes<\/h1>\n<p>Compra hierba Cherry Gorilla, tambi\u00e9n conocida como \"Cherry Gorilla Glue\", una cepa h\u00edbrida resultado del cruce entre dos famosas variedades: GG4 (tambi\u00e9n conocida como Gorilla Glue #4) y Black Cherry Pie. Esta cepa destaca por sus efectos calmantes m\u00e1s que energizantes.<\/p>\n<h2 class=\"wp-block-heading\">Informaci\u00f3n sobre la cepa Cherry Gorilla<\/h2>\n<ul class=\"wp-block-list\">\n<li><strong>Tipo :<\/strong> H\u00edbrido<\/li>\n<li><strong>Gen\u00e9tica :<\/strong> Cruce entre GG4 y Black Cherry Pie<\/li>\n<li><strong>Productor :<\/strong> Gen\u00e9tica propia<\/li>\n<\/ul>\n<h2 class=\"wp-block-heading\">THC y CBD<\/h2>\n<ul class=\"wp-block-list\">\n<li><strong>THC :<\/strong> 22%, con algunas variedades probadas hasta 22% o m\u00e1s<\/li>\n<li><strong>CBD :<\/strong> Bajo porcentaje, centrado en los efectos del THC<\/li>\n<\/ul>\n<h2 class=\"wp-block-heading\">\u00bfD\u00f3nde puedo comprar Cherry Gorilla en Internet?<\/h2>\n<p>La variedad de hierba Cherry Gorilla est\u00e1 disponible para comprar online en plataformas especializadas como Acheterducannabis, ofreciendo a los consumidores experimentados una variedad de alta calidad con una alta tolerancia al THC.<\/p>\n<h2 class=\"wp-block-heading\">Efectos, aroma y sabor de Cherry Gorilla Weed<\/h2>\n<h3 class=\"wp-block-heading\">Efecto<\/h3>\n<ul class=\"wp-block-list\">\n<li><strong>Sentimientos :<\/strong> Felicidad, relajaci\u00f3n, concentraci\u00f3n<\/li>\n<li><strong>Aspectos negativos :<\/strong> Boca seca, ojos secos<\/li>\n<\/ul>\n<h3 class=\"wp-block-heading\">Aroma<\/h3>\n<p>Cherry Gorilla tiene un perfil arom\u00e1tico terroso, complementado con notas de bayas y gas\u00f3leo.<\/p>\n<h3 class=\"wp-block-heading\">Pruebe<\/h3>\n<p>El sabor de esta cepa sigue su aroma, ofreciendo una mezcla de bayas, diesel y tierra.<\/p>\n<h2 class=\"wp-block-heading\">Efectos m\u00e9dicos de Cherry Gorilla<\/h2>\n<p>Los pacientes m\u00e9dicos eligen Cherry Gorilla Weed para aliviar los s\u00edntomas asociados a :<\/p>\n<ul class=\"wp-block-list\">\n<li>Depresi\u00f3n<\/li>\n<li>Estr\u00e9s<\/li>\n<li>El dolor<\/li>\n<\/ul>\n<h3 class=\"wp-block-heading\">Puede aliviar<\/h3>\n<ul class=\"wp-block-list\">\n<li>Depresi\u00f3n (17% de usuarios)<\/li>\n<li>Dolor (17% de usuarios)<\/li>\n<li>Ansiedad (17% de usuarios)<\/li>\n<\/ul>\n<h2 class=\"wp-block-heading\">\u00bfPor qu\u00e9 comprar la variedad Cherry Gorilla en Acheterducannabis?<\/h2>\n<p><a href=\"https:\/\/beuhparadis.com\/es\">Beuhparadis<\/a> selecciona rigurosamente cepas de primera calidad como Cherry Gorilla, garantizando a los consumidores experimentados el acceso a productos con un alto contenido en THC y profundos efectos calmantes.<\/p>\n<h2 class=\"wp-block-heading\">Legislaci\u00f3n que regula la venta de Cherry Gorilla en Europa<\/h2>\n<p>La venta de Cherry Gorilla, como la de todas las variedades de cannabis, est\u00e1 sujeta a la legislaci\u00f3n europea que regula el contenido de THC. Con niveles de THC por debajo del umbral legal en muchos pa\u00edses europeos, esta variedad sigue siendo accesible para quienes buscan sus efectos terap\u00e9uticos y recreativos espec\u00edficos.<\/p>\n<p><a href=\"https:\/\/www.leafly.com\/strains\/cheetah-piss\" data-type=\"link\" data-id=\"https:\/\/www.leafly.com\/strains\/cheetah-piss\">Gorila cereza<\/a> weed es imprescindible para los amantes del cannabis que buscan una experiencia relajante, caracterizada por una euforia instant\u00e1nea seguida de un estado de somnolencia. Ideal para usuarios experimentados, esta variedad ilustra a la perfecci\u00f3n la experiencia de sus creadores, In House Genetics, en cruces gen\u00e9ticos.<\/p>","protected":false},"excerpt":{"rendered":"<p><strong>THC :<\/strong> 17 % - 18 <strong>Efectos<\/strong> Cuerpo elevado, feliz, relajante, edificante <strong>Puede aliviar<\/strong> Dolor cr\u00f3nico, depresi\u00f3n, fatiga, insomnio, n\u00e1useas, estr\u00e9s<\/p>","protected":false},"featured_media":1178,"comment_status":"closed","ping_status":"closed","template":"","meta":{"site-sidebar-layout":"default","site-content-layout":"","ast-site-content-layout":"default","site-content-style":"default","site-sidebar-style":"default","ast-global-header-display":"","ast-banner-title-visibility":"","ast-main-header-display":"","ast-hfb-above-header-display":"","ast-hfb-below-header-display":"","ast-hfb-mobile-header-display":"","site-post-title":"","ast-breadcrumbs-content":"","ast-featured-img":"","footer-sml-layout":"","theme-transparent-header-meta":"default","adv-header-id-meta":"","stick-header-meta":"","header-above-stick-meta":"","header-main-stick-meta":"","header-below-stick-meta":"","astra-migrate-meta-layouts":"set","ast-page-background-enabled":"default","ast-page-background-meta":{"desktop":{"background-color":"","background-image":"","background-repeat":"repeat","background-position":"center center","background-size":"auto","background-attachment":"scroll","background-type":"","background-media":"","overlay-type":"","overlay-color":"","overlay-opacity":"","overlay-gradient":""},"tablet":{"background-color":"","background-image":"","background-repeat":"repeat","background-position":"center center","background-size":"auto","background-attachment":"scroll","background-type":"","background-media":"","overlay-type":"","overlay-color":"","overlay-opacity":"","overlay-gradient":""},"mobile":{"background-color":"","background-image":"","background-repeat":"repeat","background-position":"center center","background-size":"auto","background-attachment":"scroll","background-type":"","background-media":"","overlay-type":"","overlay-color":"","overlay-opacity":"","overlay-gradient":""}},"ast-content-background-meta":{"desktop":{"background-color":"var(--ast-global-color-5)","background-image":"","background-repeat":"repeat","background-position":"center center","background-size":"auto","background-attachment":"scroll","background-type":"","background-media":"","overlay-type":"","overlay-color":"","overlay-opacity":"","overlay-gradient":""},"tablet":{"background-color":"var(--ast-global-color-5)","background-image":"","background-repeat":"repeat","background-position":"center center","background-size":"auto","background-attachment":"scroll","background-type":"","background-media":"","overlay-type":"","overlay-color":"","overlay-opacity":"","overlay-gradient":""},"mobile":{"background-color":"var(--ast-global-color-5)","background-image":"","background-repeat":"repeat","background-position":"center center","background-size":"auto","background-attachment":"scroll","background-type":"","background-media":"","overlay-type":"","overlay-color":"","overlay-opacity":"","overlay-gradient":""}},"_joinchat":[]},"product_brand":[],"product_cat":[32,33],"product_tag":[],"class_list":{"0":"post-1168","1":"product","2":"type-product","3":"status-publish","4":"has-post-thumbnail","6":"product_cat-fleur-de-chanvre","7":"product_cat-thc-beuh","8":"desktop-align-left","9":"tablet-align-left","10":"mobile-align-left","12":"first","13":"instock","14":"shipping-taxable","15":"purchasable","16":"product-type-variable"},"yoast_head":"<!-- This site is optimized with the Yoast SEO Premium plugin v24.1 (Yoast SEO v26.8) - https:\/\/yoast.com\/product\/yoast-seo-premium-wordpress\/ -->\n<title>Acheter Cherry Gorilla Weed \u2013 Cannabis Puissant et Savoureux<\/title>\n<meta name=\"description\" content=\"Acheter Cherry Gorilla Weed, une vari\u00e9t\u00e9 de cannabis premium offrant un m\u00e9lange unique de saveurs sucr\u00e9es et terreuses. Livraison rapide et discr\u00e8te\" \/>\n<meta name=\"robots\" content=\"index, follow, max-snippet:-1, max-image-preview:large, max-video-preview:-1\" \/>\n<link rel=\"canonical\" href=\"https:\/\/beuhparadis.com\/es\/product\/cherry-gorilla\/\" \/>\n<meta property=\"og:locale\" content=\"es_ES\" \/>\n<meta property=\"og:type\" content=\"article\" \/>\n<meta property=\"og:title\" content=\"Cherry Gorilla\" \/>\n<meta property=\"og:description\" content=\"Acheter Cherry Gorilla Weed, une vari\u00e9t\u00e9 de cannabis premium offrant un m\u00e9lange unique de saveurs sucr\u00e9es et terreuses. Livraison rapide et discr\u00e8te\" \/>\n<meta property=\"og:url\" content=\"https:\/\/beuhparadis.com\/es\/product\/cherry-gorilla\/\" \/>\n<meta property=\"og:site_name\" content=\"Beuh Paradis\" \/>\n<meta property=\"article:modified_time\" content=\"2025-01-26T16:08:28+00:00\" \/>\n<meta property=\"og:image\" content=\"https:\/\/beuhparadis.com\/wp-content\/uploads\/2024\/12\/Cherry-Gorilla.webp\" \/>\n\t<meta property=\"og:image:width\" content=\"500\" \/>\n\t<meta property=\"og:image:height\" content=\"500\" \/>\n\t<meta property=\"og:image:type\" content=\"image\/webp\" \/>\n<meta name=\"twitter:card\" content=\"summary_large_image\" \/>\n<meta name=\"twitter:label1\" content=\"Tiempo de lectura\" \/>\n\t<meta name=\"twitter:data1\" content=\"2 minutes\" \/>\n<script type=\"application\/ld+json\" class=\"yoast-schema-graph\">{\"@context\":\"https:\/\/schema.org\",\"@graph\":[{\"@type\":\"WebPage\",\"@id\":\"https:\/\/beuhparadis.com\/product\/cherry-gorilla\/\",\"url\":\"https:\/\/beuhparadis.com\/product\/cherry-gorilla\/\",\"name\":\"Acheter Cherry Gorilla Weed \u2013 Cannabis Puissant et Savoureux\",\"isPartOf\":{\"@id\":\"https:\/\/beuhparadis.com\/#website\"},\"primaryImageOfPage\":{\"@id\":\"https:\/\/beuhparadis.com\/product\/cherry-gorilla\/#primaryimage\"},\"image\":{\"@id\":\"https:\/\/beuhparadis.com\/product\/cherry-gorilla\/#primaryimage\"},\"thumbnailUrl\":\"https:\/\/beuhparadis.com\/wp-content\/uploads\/2024\/12\/Cherry-Gorilla.webp\",\"datePublished\":\"2024-12-10T23:38:32+00:00\",\"dateModified\":\"2025-01-26T16:08:28+00:00\",\"description\":\"Acheter Cherry Gorilla Weed, une vari\u00e9t\u00e9 de cannabis premium offrant un m\u00e9lange unique de saveurs sucr\u00e9es et terreuses. Livraison rapide et discr\u00e8te\",\"breadcrumb\":{\"@id\":\"https:\/\/beuhparadis.com\/product\/cherry-gorilla\/#breadcrumb\"},\"inLanguage\":\"es-ES\",\"potentialAction\":[{\"@type\":\"ReadAction\",\"target\":[\"https:\/\/beuhparadis.com\/product\/cherry-gorilla\/\"]}]},{\"@type\":\"ImageObject\",\"inLanguage\":\"es-ES\",\"@id\":\"https:\/\/beuhparadis.com\/product\/cherry-gorilla\/#primaryimage\",\"url\":\"https:\/\/beuhparadis.com\/wp-content\/uploads\/2024\/12\/Cherry-Gorilla.webp\",\"contentUrl\":\"https:\/\/beuhparadis.com\/wp-content\/uploads\/2024\/12\/Cherry-Gorilla.webp\",\"width\":500,\"height\":500},{\"@type\":\"BreadcrumbList\",\"@id\":\"https:\/\/beuhparadis.com\/product\/cherry-gorilla\/#breadcrumb\",\"itemListElement\":[{\"@type\":\"ListItem\",\"position\":1,\"name\":\"Home\",\"item\":\"https:\/\/beuhparadis.com\/\"},{\"@type\":\"ListItem\",\"position\":2,\"name\":\"Shop\",\"item\":\"https:\/\/beuhparadis.com\/shop\/\"},{\"@type\":\"ListItem\",\"position\":3,\"name\":\"Cherry Gorilla\"}]},{\"@type\":\"WebSite\",\"@id\":\"https:\/\/beuhparadis.com\/#website\",\"url\":\"https:\/\/beuhparadis.com\/\",\"name\":\"Beuh Paradis\",\"description\":\"\",\"potentialAction\":[{\"@type\":\"SearchAction\",\"target\":{\"@type\":\"EntryPoint\",\"urlTemplate\":\"https:\/\/beuhparadis.com\/?s={search_term_string}\"},\"query-input\":{\"@type\":\"PropertyValueSpecification\",\"valueRequired\":true,\"valueName\":\"search_term_string\"}}],\"inLanguage\":\"es-ES\"}]}<\/script>\n<!-- \/ Yoast SEO Premium plugin. -->","yoast_head_json":{"title":"Comprar Cherry Gorilla Weed - Cannabis potente y sabroso","description":"Compra Cherry Gorilla Weed, una variedad de cannabis de primera calidad que ofrece una mezcla \u00fanica de sabores dulces y terrosos. Entrega r\u00e1pida y discreta","robots":{"index":"index","follow":"follow","max-snippet":"max-snippet:-1","max-image-preview":"max-image-preview:large","max-video-preview":"max-video-preview:-1"},"canonical":"https:\/\/beuhparadis.com\/es\/product\/cherry-gorilla\/","og_locale":"es_ES","og_type":"article","og_title":"Cherry Gorilla","og_description":"Acheter Cherry Gorilla Weed, une vari\u00e9t\u00e9 de cannabis premium offrant un m\u00e9lange unique de saveurs sucr\u00e9es et terreuses. Livraison rapide et discr\u00e8te","og_url":"https:\/\/beuhparadis.com\/es\/product\/cherry-gorilla\/","og_site_name":"Beuh Paradis","article_modified_time":"2025-01-26T16:08:28+00:00","og_image":[{"width":500,"height":500,"url":"https:\/\/beuhparadis.com\/wp-content\/uploads\/2024\/12\/Cherry-Gorilla.webp","type":"image\/webp"}],"twitter_card":"summary_large_image","twitter_misc":{"Tiempo de lectura":"2 minutes"},"schema":{"@context":"https:\/\/schema.org","@graph":[{"@type":"WebPage","@id":"https:\/\/beuhparadis.com\/product\/cherry-gorilla\/","url":"https:\/\/beuhparadis.com\/product\/cherry-gorilla\/","name":"Comprar Cherry Gorilla Weed - Cannabis potente y sabroso","isPartOf":{"@id":"https:\/\/beuhparadis.com\/#website"},"primaryImageOfPage":{"@id":"https:\/\/beuhparadis.com\/product\/cherry-gorilla\/#primaryimage"},"image":{"@id":"https:\/\/beuhparadis.com\/product\/cherry-gorilla\/#primaryimage"},"thumbnailUrl":"https:\/\/beuhparadis.com\/wp-content\/uploads\/2024\/12\/Cherry-Gorilla.webp","datePublished":"2024-12-10T23:38:32+00:00","dateModified":"2025-01-26T16:08:28+00:00","description":"Compra Cherry Gorilla Weed, una variedad de cannabis de primera calidad que ofrece una mezcla \u00fanica de sabores dulces y terrosos. Entrega r\u00e1pida y discreta","breadcrumb":{"@id":"https:\/\/beuhparadis.com\/product\/cherry-gorilla\/#breadcrumb"},"inLanguage":"es-ES","potentialAction":[{"@type":"ReadAction","target":["https:\/\/beuhparadis.com\/product\/cherry-gorilla\/"]}]},{"@type":"ImageObject","inLanguage":"es-ES","@id":"https:\/\/beuhparadis.com\/product\/cherry-gorilla\/#primaryimage","url":"https:\/\/beuhparadis.com\/wp-content\/uploads\/2024\/12\/Cherry-Gorilla.webp","contentUrl":"https:\/\/beuhparadis.com\/wp-content\/uploads\/2024\/12\/Cherry-Gorilla.webp","width":500,"height":500},{"@type":"BreadcrumbList","@id":"https:\/\/beuhparadis.com\/product\/cherry-gorilla\/#breadcrumb","itemListElement":[{"@type":"ListItem","position":1,"name":"Home","item":"https:\/\/beuhparadis.com\/"},{"@type":"ListItem","position":2,"name":"Shop","item":"https:\/\/beuhparadis.com\/shop\/"},{"@type":"ListItem","position":3,"name":"Cherry Gorilla"}]},{"@type":"WebSite","@id":"https:\/\/beuhparadis.com\/#website","url":"https:\/\/beuhparadis.com\/","name":"Beuh Paradis","description":"","potentialAction":[{"@type":"SearchAction","target":{"@type":"EntryPoint","urlTemplate":"https:\/\/beuhparadis.com\/?s={search_term_string}"},"query-input":{"@type":"PropertyValueSpecification","valueRequired":true,"valueName":"search_term_string"}}],"inLanguage":"es-ES"}]}},"_links":{"self":[{"href":"https:\/\/beuhparadis.com\/es\/wp-json\/wp\/v2\/product\/1168","targetHints":{"allow":["GET"]}}],"collection":[{"href":"https:\/\/beuhparadis.com\/es\/wp-json\/wp\/v2\/product"}],"about":[{"href":"https:\/\/beuhparadis.com\/es\/wp-json\/wp\/v2\/types\/product"}],"replies":[{"embeddable":true,"href":"https:\/\/beuhparadis.com\/es\/wp-json\/wp\/v2\/comments?post=1168"}],"wp:featuredmedia":[{"embeddable":true,"href":"https:\/\/beuhparadis.com\/es\/wp-json\/wp\/v2\/media\/1178"}],"wp:attachment":[{"href":"https:\/\/beuhparadis.com\/es\/wp-json\/wp\/v2\/media?parent=1168"}],"wp:term":[{"taxonomy":"product_brand","embeddable":true,"href":"https:\/\/beuhparadis.com\/es\/wp-json\/wp\/v2\/product_brand?post=1168"},{"taxonomy":"product_cat","embeddable":true,"href":"https:\/\/beuhparadis.com\/es\/wp-json\/wp\/v2\/product_cat?post=1168"},{"taxonomy":"product_tag","embeddable":true,"href":"https:\/\/beuhparadis.com\/es\/wp-json\/wp\/v2\/product_tag?post=1168"}],"curies":[{"name":"wp","href":"https:\/\/api.w.org\/{rel}","templated":true}]}}