{"id":1163,"date":"2024-12-10T23:38:32","date_gmt":"2024-12-10T23:38:32","guid":{"rendered":"https:\/\/beuhparadis.com\/?post_type=product&#038;p=1163"},"modified":"2025-01-25T23:27:23","modified_gmt":"2025-01-25T23:27:23","slug":"clementine","status":"publish","type":"product","link":"https:\/\/beuhparadis.com\/es\/product\/clementine\/","title":{"rendered":"Clementina"},"content":{"rendered":"<h1 class=\"wp-block-heading\">Comprar hierba clementina: despierta tus sentidos con la sativa energizante<\/h1>\n<p>Clementine Weed, una variedad sativa dominante, es el resultado de un exitoso cruce entre Tangie y Lemon Skunk. Famosa por su sabor dulce y su aroma c\u00edtrico, la Clementine se ha establecido como la mejor opci\u00f3n para aquellos que buscan una experiencia energizante y vigorizante.<\/p>\n<h2 class=\"wp-block-heading\">Informaci\u00f3n sobre la hierba clementina<\/h2>\n<ul class=\"wp-block-list\">\n<li><strong>Tipo:<\/strong> Dominantemente sativa<\/li>\n<li><strong>Gen\u00e9tica:<\/strong> Cruce entre Tangie y Lemon Skunk<\/li>\n<li><strong>Perfil arom\u00e1tico:<\/strong> C\u00edtricos, con notas dominantes de naranja y lim\u00f3n<\/li>\n<li><strong>Premios:<\/strong> Mejor concentrado de sativa en 2015<\/li>\n<\/ul>\n<h2 class=\"wp-block-heading\">THC y CBD<\/h2>\n<ul class=\"wp-block-list\">\n<li><strong>THC:<\/strong> Alta tasa, lo que contribuye a sus efectos energizantes<\/li>\n<li><strong>CBD:<\/strong> D\u00e9bil, acentuando las caracter\u00edsticas sativa de la cepa<\/li>\n<\/ul>\n<h2 class=\"wp-block-heading\">\u00bfD\u00f3nde puedo comprar hierba clementina en Internet?<\/h2>\n<p>Clementine Weed est\u00e1 disponible para comprar online en Acheterducannabis, donde los consumidores pueden encontrar productos de alta calidad que han sido probados y aprobados por su pureza y eficacia.<\/p>\n<h2 class=\"wp-block-heading\">Efectos, aromas y sabores de la hierba clementina<\/h2>\n<h3 class=\"wp-block-heading\">Efecto<\/h3>\n<ul class=\"wp-block-list\">\n<li><strong>Sentimientos:<\/strong> Energ\u00eda, elevaci\u00f3n, concentraci\u00f3n<\/li>\n<li><strong>Negativo:<\/strong> Ansiedad, paranoia, dolores de cabeza<\/li>\n<\/ul>\n<h3 class=\"wp-block-heading\">Aroma<\/h3>\n<ul class=\"wp-block-list\">\n<li>Clementine Weed posee un fresco aroma c\u00edtrico, con notas dominantes de naranja y lim\u00f3n, que invitan a disfrutar de una experiencia olfativa incomparable.<\/li>\n<\/ul>\n<h3 class=\"wp-block-heading\">Pruebe<\/h3>\n<ul class=\"wp-block-list\">\n<li>El sabor de la clementina es fiel a su aroma, ofreciendo sabores de naranja, lim\u00f3n y otros c\u00edtricos para una experiencia gustativa refrescante y agradable.<\/li>\n<\/ul>\n<h2 class=\"wp-block-heading\">Efectos m\u00e9dicos de la hierba clementina<\/h2>\n<p>La hierba clementina es famosa por sus numerosos beneficios medicinales, entre ellos :<\/p>\n<ul class=\"wp-block-list\">\n<li>Alivio del estr\u00e9s<\/li>\n<li>Reducci\u00f3n de la ansiedad<\/li>\n<li>Reducci\u00f3n de los s\u00edntomas de depresi\u00f3n<\/li>\n<\/ul>\n<h3 class=\"wp-block-heading\">Puede aliviar<\/h3>\n<ul class=\"wp-block-list\">\n<li>Estr\u00e9s<\/li>\n<li>Ansiedad<\/li>\n<li>Depresi\u00f3n<\/li>\n<\/ul>\n<h2 class=\"wp-block-heading\">\u00bfPor qu\u00e9 comprar hierba clementina en beuhparadis?<\/h2>\n<p><a href=\"https:\/\/beuhparadis.com\/es\">Beuhparadis<\/a> ofrece una rigurosa selecci\u00f3n de Hierba Clementina, garantizando una experiencia \u00f3ptima al usuario gracias a productos de primera calidad que cumplen los requisitos legales.<\/p>\n<h2 class=\"wp-block-heading\">Legislaci\u00f3n sobre la venta de hierba clementina en Europa<\/h2>\n<p>La venta de cannabis, incluyendo Clementine Weed, est\u00e1 regulada por leyes espec\u00edficas en cada pa\u00eds europeo. Acheterducannabis respeta escrupulosamente estas leyes para ofrecer una experiencia de compra segura y legal a todos nuestros clientes.<\/p>\n<p>Clementine Weed es una invitaci\u00f3n a dinamizar tu d\u00eda, gracias a su efecto energizante y a su exquisito perfil arom\u00e1tico. Si buscas estimular tu creatividad, concentrarte o simplemente disfrutar de un momento de relajaci\u00f3n, Clementine es la variedad ideal. Disponible en Acheterducannabis, descubre esta variedad galardonada y d\u00e9jate seducir por su mundo de c\u00edtricos y bienestar.<\/p>","protected":false},"excerpt":{"rendered":"<p><strong>THC :<\/strong> 17 % - 19 % <strong>Efectos<\/strong> Euforia, Concentraci\u00f3n, Feliz, Relajante, Edificante <strong>Puede aliviar<\/strong> Trastorno bipolar, dolor cr\u00f3nico, depresi\u00f3n, fatiga, cefaleas, inflamaci\u00f3n, migra\u00f1as, n\u00e1useas, TEPT<\/p>","protected":false},"featured_media":1177,"comment_status":"closed","ping_status":"closed","template":"","meta":{"site-sidebar-layout":"default","site-content-layout":"","ast-site-content-layout":"default","site-content-style":"default","site-sidebar-style":"default","ast-global-header-display":"","ast-banner-title-visibility":"","ast-main-header-display":"","ast-hfb-above-header-display":"","ast-hfb-below-header-display":"","ast-hfb-mobile-header-display":"","site-post-title":"","ast-breadcrumbs-content":"","ast-featured-img":"","footer-sml-layout":"","theme-transparent-header-meta":"default","adv-header-id-meta":"","stick-header-meta":"","header-above-stick-meta":"","header-main-stick-meta":"","header-below-stick-meta":"","astra-migrate-meta-layouts":"set","ast-page-background-enabled":"default","ast-page-background-meta":{"desktop":{"background-color":"","background-image":"","background-repeat":"repeat","background-position":"center center","background-size":"auto","background-attachment":"scroll","background-type":"","background-media":"","overlay-type":"","overlay-color":"","overlay-opacity":"","overlay-gradient":""},"tablet":{"background-color":"","background-image":"","background-repeat":"repeat","background-position":"center center","background-size":"auto","background-attachment":"scroll","background-type":"","background-media":"","overlay-type":"","overlay-color":"","overlay-opacity":"","overlay-gradient":""},"mobile":{"background-color":"","background-image":"","background-repeat":"repeat","background-position":"center center","background-size":"auto","background-attachment":"scroll","background-type":"","background-media":"","overlay-type":"","overlay-color":"","overlay-opacity":"","overlay-gradient":""}},"ast-content-background-meta":{"desktop":{"background-color":"var(--ast-global-color-5)","background-image":"","background-repeat":"repeat","background-position":"center center","background-size":"auto","background-attachment":"scroll","background-type":"","background-media":"","overlay-type":"","overlay-color":"","overlay-opacity":"","overlay-gradient":""},"tablet":{"background-color":"var(--ast-global-color-5)","background-image":"","background-repeat":"repeat","background-position":"center center","background-size":"auto","background-attachment":"scroll","background-type":"","background-media":"","overlay-type":"","overlay-color":"","overlay-opacity":"","overlay-gradient":""},"mobile":{"background-color":"var(--ast-global-color-5)","background-image":"","background-repeat":"repeat","background-position":"center center","background-size":"auto","background-attachment":"scroll","background-type":"","background-media":"","overlay-type":"","overlay-color":"","overlay-opacity":"","overlay-gradient":""}},"_joinchat":[]},"product_brand":[],"product_cat":[32,33],"product_tag":[],"class_list":{"0":"post-1163","1":"product","2":"type-product","3":"status-publish","4":"has-post-thumbnail","6":"product_cat-fleur-de-chanvre","7":"product_cat-thc-beuh","8":"desktop-align-left","9":"tablet-align-left","10":"mobile-align-left","12":"first","13":"instock","14":"shipping-taxable","15":"purchasable","16":"product-type-variable"},"yoast_head":"<!-- This site is optimized with the Yoast SEO Premium plugin v24.1 (Yoast SEO v26.8) - https:\/\/yoast.com\/product\/yoast-seo-premium-wordpress\/ -->\n<title>Acheter Clementine Weed \u2013 Cannabis Premium \u00e0 la Saveur Fruit\u00e9e<\/title>\n<meta name=\"description\" content=\"Acheter Clementine Weed, une vari\u00e9t\u00e9 de cannabis aromatique avec des notes fruit\u00e9es et un effet \u00e9nergisant. Livraison rapide et discr\u00e8te\" \/>\n<meta name=\"robots\" content=\"index, follow, max-snippet:-1, max-image-preview:large, max-video-preview:-1\" \/>\n<link rel=\"canonical\" href=\"https:\/\/beuhparadis.com\/es\/product\/clementine\/\" \/>\n<meta property=\"og:locale\" content=\"es_ES\" \/>\n<meta property=\"og:type\" content=\"article\" \/>\n<meta property=\"og:title\" content=\"Clementine\" \/>\n<meta property=\"og:description\" content=\"Acheter Clementine Weed, une vari\u00e9t\u00e9 de cannabis aromatique avec des notes fruit\u00e9es et un effet \u00e9nergisant. Livraison rapide et discr\u00e8te\" \/>\n<meta property=\"og:url\" content=\"https:\/\/beuhparadis.com\/es\/product\/clementine\/\" \/>\n<meta property=\"og:site_name\" content=\"Beuh Paradis\" \/>\n<meta property=\"article:modified_time\" content=\"2025-01-25T23:27:23+00:00\" \/>\n<meta property=\"og:image\" content=\"https:\/\/beuhparadis.com\/wp-content\/uploads\/2024\/12\/Clementine.webp\" \/>\n\t<meta property=\"og:image:width\" content=\"500\" \/>\n\t<meta property=\"og:image:height\" content=\"500\" \/>\n\t<meta property=\"og:image:type\" content=\"image\/webp\" \/>\n<meta name=\"twitter:card\" content=\"summary_large_image\" \/>\n<meta name=\"twitter:label1\" content=\"Tiempo de lectura\" \/>\n\t<meta name=\"twitter:data1\" content=\"2 minutes\" \/>\n<script type=\"application\/ld+json\" class=\"yoast-schema-graph\">{\"@context\":\"https:\/\/schema.org\",\"@graph\":[{\"@type\":\"WebPage\",\"@id\":\"https:\/\/beuhparadis.com\/product\/clementine\/\",\"url\":\"https:\/\/beuhparadis.com\/product\/clementine\/\",\"name\":\"Acheter Clementine Weed \u2013 Cannabis Premium \u00e0 la Saveur Fruit\u00e9e\",\"isPartOf\":{\"@id\":\"https:\/\/beuhparadis.com\/#website\"},\"primaryImageOfPage\":{\"@id\":\"https:\/\/beuhparadis.com\/product\/clementine\/#primaryimage\"},\"image\":{\"@id\":\"https:\/\/beuhparadis.com\/product\/clementine\/#primaryimage\"},\"thumbnailUrl\":\"https:\/\/beuhparadis.com\/wp-content\/uploads\/2024\/12\/Clementine.webp\",\"datePublished\":\"2024-12-10T23:38:32+00:00\",\"dateModified\":\"2025-01-25T23:27:23+00:00\",\"description\":\"Acheter Clementine Weed, une vari\u00e9t\u00e9 de cannabis aromatique avec des notes fruit\u00e9es et un effet \u00e9nergisant. Livraison rapide et discr\u00e8te\",\"breadcrumb\":{\"@id\":\"https:\/\/beuhparadis.com\/product\/clementine\/#breadcrumb\"},\"inLanguage\":\"es-ES\",\"potentialAction\":[{\"@type\":\"ReadAction\",\"target\":[\"https:\/\/beuhparadis.com\/product\/clementine\/\"]}]},{\"@type\":\"ImageObject\",\"inLanguage\":\"es-ES\",\"@id\":\"https:\/\/beuhparadis.com\/product\/clementine\/#primaryimage\",\"url\":\"https:\/\/beuhparadis.com\/wp-content\/uploads\/2024\/12\/Clementine.webp\",\"contentUrl\":\"https:\/\/beuhparadis.com\/wp-content\/uploads\/2024\/12\/Clementine.webp\",\"width\":500,\"height\":500},{\"@type\":\"BreadcrumbList\",\"@id\":\"https:\/\/beuhparadis.com\/product\/clementine\/#breadcrumb\",\"itemListElement\":[{\"@type\":\"ListItem\",\"position\":1,\"name\":\"Home\",\"item\":\"https:\/\/beuhparadis.com\/\"},{\"@type\":\"ListItem\",\"position\":2,\"name\":\"Shop\",\"item\":\"https:\/\/beuhparadis.com\/shop\/\"},{\"@type\":\"ListItem\",\"position\":3,\"name\":\"Clementine\"}]},{\"@type\":\"WebSite\",\"@id\":\"https:\/\/beuhparadis.com\/#website\",\"url\":\"https:\/\/beuhparadis.com\/\",\"name\":\"Beuh Paradis\",\"description\":\"\",\"potentialAction\":[{\"@type\":\"SearchAction\",\"target\":{\"@type\":\"EntryPoint\",\"urlTemplate\":\"https:\/\/beuhparadis.com\/?s={search_term_string}\"},\"query-input\":{\"@type\":\"PropertyValueSpecification\",\"valueRequired\":true,\"valueName\":\"search_term_string\"}}],\"inLanguage\":\"es-ES\"}]}<\/script>\n<!-- \/ Yoast SEO Premium plugin. -->","yoast_head_json":{"title":"Comprar Clementine Weed - Cannabis de primera calidad con sabor afrutado","description":"Comprar Clementine Weed, una variedad de cannabis arom\u00e1tica con notas afrutadas y un efecto energizante. Entrega r\u00e1pida y discreta","robots":{"index":"index","follow":"follow","max-snippet":"max-snippet:-1","max-image-preview":"max-image-preview:large","max-video-preview":"max-video-preview:-1"},"canonical":"https:\/\/beuhparadis.com\/es\/product\/clementine\/","og_locale":"es_ES","og_type":"article","og_title":"Clementine","og_description":"Acheter Clementine Weed, une vari\u00e9t\u00e9 de cannabis aromatique avec des notes fruit\u00e9es et un effet \u00e9nergisant. Livraison rapide et discr\u00e8te","og_url":"https:\/\/beuhparadis.com\/es\/product\/clementine\/","og_site_name":"Beuh Paradis","article_modified_time":"2025-01-25T23:27:23+00:00","og_image":[{"width":500,"height":500,"url":"https:\/\/beuhparadis.com\/wp-content\/uploads\/2024\/12\/Clementine.webp","type":"image\/webp"}],"twitter_card":"summary_large_image","twitter_misc":{"Tiempo de lectura":"2 minutes"},"schema":{"@context":"https:\/\/schema.org","@graph":[{"@type":"WebPage","@id":"https:\/\/beuhparadis.com\/product\/clementine\/","url":"https:\/\/beuhparadis.com\/product\/clementine\/","name":"Comprar Clementine Weed - Cannabis de primera calidad con sabor afrutado","isPartOf":{"@id":"https:\/\/beuhparadis.com\/#website"},"primaryImageOfPage":{"@id":"https:\/\/beuhparadis.com\/product\/clementine\/#primaryimage"},"image":{"@id":"https:\/\/beuhparadis.com\/product\/clementine\/#primaryimage"},"thumbnailUrl":"https:\/\/beuhparadis.com\/wp-content\/uploads\/2024\/12\/Clementine.webp","datePublished":"2024-12-10T23:38:32+00:00","dateModified":"2025-01-25T23:27:23+00:00","description":"Comprar Clementine Weed, una variedad de cannabis arom\u00e1tica con notas afrutadas y un efecto energizante. Entrega r\u00e1pida y discreta","breadcrumb":{"@id":"https:\/\/beuhparadis.com\/product\/clementine\/#breadcrumb"},"inLanguage":"es-ES","potentialAction":[{"@type":"ReadAction","target":["https:\/\/beuhparadis.com\/product\/clementine\/"]}]},{"@type":"ImageObject","inLanguage":"es-ES","@id":"https:\/\/beuhparadis.com\/product\/clementine\/#primaryimage","url":"https:\/\/beuhparadis.com\/wp-content\/uploads\/2024\/12\/Clementine.webp","contentUrl":"https:\/\/beuhparadis.com\/wp-content\/uploads\/2024\/12\/Clementine.webp","width":500,"height":500},{"@type":"BreadcrumbList","@id":"https:\/\/beuhparadis.com\/product\/clementine\/#breadcrumb","itemListElement":[{"@type":"ListItem","position":1,"name":"Home","item":"https:\/\/beuhparadis.com\/"},{"@type":"ListItem","position":2,"name":"Shop","item":"https:\/\/beuhparadis.com\/shop\/"},{"@type":"ListItem","position":3,"name":"Clementine"}]},{"@type":"WebSite","@id":"https:\/\/beuhparadis.com\/#website","url":"https:\/\/beuhparadis.com\/","name":"Beuh Paradis","description":"","potentialAction":[{"@type":"SearchAction","target":{"@type":"EntryPoint","urlTemplate":"https:\/\/beuhparadis.com\/?s={search_term_string}"},"query-input":{"@type":"PropertyValueSpecification","valueRequired":true,"valueName":"search_term_string"}}],"inLanguage":"es-ES"}]}},"_links":{"self":[{"href":"https:\/\/beuhparadis.com\/es\/wp-json\/wp\/v2\/product\/1163","targetHints":{"allow":["GET"]}}],"collection":[{"href":"https:\/\/beuhparadis.com\/es\/wp-json\/wp\/v2\/product"}],"about":[{"href":"https:\/\/beuhparadis.com\/es\/wp-json\/wp\/v2\/types\/product"}],"replies":[{"embeddable":true,"href":"https:\/\/beuhparadis.com\/es\/wp-json\/wp\/v2\/comments?post=1163"}],"wp:featuredmedia":[{"embeddable":true,"href":"https:\/\/beuhparadis.com\/es\/wp-json\/wp\/v2\/media\/1177"}],"wp:attachment":[{"href":"https:\/\/beuhparadis.com\/es\/wp-json\/wp\/v2\/media?parent=1163"}],"wp:term":[{"taxonomy":"product_brand","embeddable":true,"href":"https:\/\/beuhparadis.com\/es\/wp-json\/wp\/v2\/product_brand?post=1163"},{"taxonomy":"product_cat","embeddable":true,"href":"https:\/\/beuhparadis.com\/es\/wp-json\/wp\/v2\/product_cat?post=1163"},{"taxonomy":"product_tag","embeddable":true,"href":"https:\/\/beuhparadis.com\/es\/wp-json\/wp\/v2\/product_tag?post=1163"}],"curies":[{"name":"wp","href":"https:\/\/api.w.org\/{rel}","templated":true}]}}