{"id":1158,"date":"2024-12-10T23:38:32","date_gmt":"2024-12-10T23:38:32","guid":{"rendered":"https:\/\/beuhparadis.com\/?post_type=product&#038;p=1158"},"modified":"2025-01-25T23:21:18","modified_gmt":"2025-01-25T23:21:18","slug":"cookie-glue","status":"publish","type":"product","link":"https:\/\/beuhparadis.com\/es\/product\/cookie-glue\/","title":{"rendered":"Pegamento para galletas"},"content":{"rendered":"<h1 class=\"wp-block-heading\">Comprar hierba Cookie Glue: el h\u00edbrido perfecto para un subid\u00f3n euf\u00f3rico<\/h1>\n<p>Cookie Glue es una variedad de cannabis h\u00edbrida equilibrada creada mediante el cruce de Cookies y Glue Bx2. Esta cepa \u00fanica es famosa por su efecto euf\u00f3rico y sabor distintivo, por lo que es una opci\u00f3n popular entre los conocedores del cannabis.<\/p>\n<h2 class=\"wp-block-heading\">Informaci\u00f3n sobre la cepa Cookie Glue<\/h2>\n<ul class=\"wp-block-list\">\n<li><strong>Tipo:<\/strong> H\u00edbrido equilibrado<\/li>\n<li><strong>Gen\u00e9tica:<\/strong> Cruce entre galletas y pegamento Bx2<\/li>\n<li><strong>Criador:<\/strong> Equillibrium Genetics, con sede en Mendocino, California<\/li>\n<li><strong>Efecto:<\/strong> Euforia, relajaci\u00f3n, sensaci\u00f3n de hormigueo<\/li>\n<li><strong>Gusto:<\/strong> Afrutado, \u00e1cido, picante con un toque de skunk<\/li>\n<\/ul>\n<h2 class=\"wp-block-heading\">THC y CBD<\/h2>\n<ul class=\"wp-block-list\">\n<li><strong>THC:<\/strong> Tasa particularmente elevada, que ofrece una sensaci\u00f3n relajante y de hormigueo<\/li>\n<li><strong>CBD:<\/strong> Baja, acentuando los efectos psicoactivos y relajantes de la cepa<\/li>\n<\/ul>\n<h2 class=\"wp-block-heading\">\u00bfD\u00f3nde comprar Cookie Glue Weed en l\u00ednea?<\/h2>\n<p>Cookie Glue se puede comprar online en plataformas especializadas como Acheterducannabis, donde la calidad y el cumplimiento legal est\u00e1n siempre garantizados.<\/p>\n<h2 class=\"wp-block-heading\">Efectos, aromas y sabores de Cookie Glue<\/h2>\n<h3 class=\"wp-block-heading\">Efecto<\/h3>\n<ul class=\"wp-block-list\">\n<li>Los usuarios informan de una sensaci\u00f3n de relajaci\u00f3n, hambre y hormigueo, ideal para levantar el \u00e1nimo y relajarse profundamente.<\/li>\n<\/ul>\n<h3 class=\"wp-block-heading\">Aroma<\/h3>\n<ul class=\"wp-block-list\">\n<li>El perfil arom\u00e1tico de Cookie Glue est\u00e1 marcado por notas de pimienta, skunk y tierra.<\/li>\n<\/ul>\n<h3 class=\"wp-block-heading\">Pruebe<\/h3>\n<ul class=\"wp-block-list\">\n<li>Esta variedad tiene un sabor complejo que combina lo afrutado, lo \u00e1cido y lo picante, con la cantidad justa de skunk para intrigar a las papilas gustativas.<\/li>\n<\/ul>\n<h2 class=\"wp-block-heading\">Efectos m\u00e9dicos de Cookie Glue<\/h2>\n<p>Cookie Glue es elegido por los pacientes m\u00e9dicos por su capacidad de :<\/p>\n<ul class=\"wp-block-list\">\n<li>Calma los dolores corporales<\/li>\n<li>Provocar una sensaci\u00f3n de relajaci\u00f3n y hormigueo<\/li>\n<\/ul>\n<h3 class=\"wp-block-heading\">Puede aliviar<\/h3>\n<ul class=\"wp-block-list\">\n<li>Ansiedad<\/li>\n<li>Depresi\u00f3n<\/li>\n<li>Insomnio<\/li>\n<\/ul>\n<h2 class=\"wp-block-heading\">\u00bfPor qu\u00e9 comprar Cookie Glue Weed en beuhparadis?<\/h2>\n<p>Comprar en <a href=\"https:\/\/beuhparadis.com\/es\" data-type=\"link\" data-id=\"https:\/\/acheterducannabis.fr\/\">Buyducannabis<\/a> garantiza una experiencia de compra segura y conforme a las normas, con productos de primera calidad criados por criadores reconocidos como Equillibrium Genetics.<\/p>\n<h2 class=\"wp-block-heading\">Legislaci\u00f3n sobre la venta de la variedad Cookie Glue en Europa<\/h2>\n<p>La venta de cannabis, incluida la variedad Cookie Glue, est\u00e1 sujeta a las leyes de cada pa\u00eds europeo. Acheterducannabis cumple estrictamente estas normativas para ofrecer una experiencia segura y legal a todos nuestros clientes.<\/p>\n<p>La <a href=\"https:\/\/www.leafly.com\/strains\/cookie-glue\" data-type=\"link\" data-id=\"https:\/\/www.leafly.com\/strains\/cookie-glue\">Hierba de pegamento para galletas<\/a> destaca por su efecto euf\u00f3rico que aumenta gradualmente, su aroma y sabor \u00fanicos y sus beneficios medicinales, lo que la convierte en una variedad popular entre los usuarios que buscan una experiencia cann\u00e1bica relajante y estimulante a la vez. Con un perfil de terpenos dominado por el cariofileno, el mirceno y el humuleno, ofrece beneficios antiinflamatorios a la vez que complace los sentidos. Descubra esta variedad excepcional y muchas otras en Acheterducannabis, su destino preferido para productos de cannabis de calidad en Europa.<\/p>","protected":false},"excerpt":{"rendered":"<p>Acheter Cookie Glue Weed: L\u2019Hybride Parfait pour un High Euphorique La Cookie Glue est une vari\u00e9t\u00e9 de cannabis hybride \u00e9quilibr\u00e9e, n\u00e9e du croisement entre Cookies et Glue Bx2. Cette souche unique est r\u00e9put\u00e9e pour son effet euphorique et son go\u00fbt distinctif, faisant d\u2019elle un choix populaire parmi les connaisseurs de cannabis. Informations sur la Souche [&hellip;]<\/p>\n","protected":false},"featured_media":1176,"comment_status":"closed","ping_status":"closed","template":"","meta":{"site-sidebar-layout":"default","site-content-layout":"","ast-site-content-layout":"default","site-content-style":"default","site-sidebar-style":"default","ast-global-header-display":"","ast-banner-title-visibility":"","ast-main-header-display":"","ast-hfb-above-header-display":"","ast-hfb-below-header-display":"","ast-hfb-mobile-header-display":"","site-post-title":"","ast-breadcrumbs-content":"","ast-featured-img":"","footer-sml-layout":"","theme-transparent-header-meta":"default","adv-header-id-meta":"","stick-header-meta":"","header-above-stick-meta":"","header-main-stick-meta":"","header-below-stick-meta":"","astra-migrate-meta-layouts":"set","ast-page-background-enabled":"default","ast-page-background-meta":{"desktop":{"background-color":"","background-image":"","background-repeat":"repeat","background-position":"center center","background-size":"auto","background-attachment":"scroll","background-type":"","background-media":"","overlay-type":"","overlay-color":"","overlay-opacity":"","overlay-gradient":""},"tablet":{"background-color":"","background-image":"","background-repeat":"repeat","background-position":"center center","background-size":"auto","background-attachment":"scroll","background-type":"","background-media":"","overlay-type":"","overlay-color":"","overlay-opacity":"","overlay-gradient":""},"mobile":{"background-color":"","background-image":"","background-repeat":"repeat","background-position":"center center","background-size":"auto","background-attachment":"scroll","background-type":"","background-media":"","overlay-type":"","overlay-color":"","overlay-opacity":"","overlay-gradient":""}},"ast-content-background-meta":{"desktop":{"background-color":"var(--ast-global-color-5)","background-image":"","background-repeat":"repeat","background-position":"center center","background-size":"auto","background-attachment":"scroll","background-type":"","background-media":"","overlay-type":"","overlay-color":"","overlay-opacity":"","overlay-gradient":""},"tablet":{"background-color":"var(--ast-global-color-5)","background-image":"","background-repeat":"repeat","background-position":"center center","background-size":"auto","background-attachment":"scroll","background-type":"","background-media":"","overlay-type":"","overlay-color":"","overlay-opacity":"","overlay-gradient":""},"mobile":{"background-color":"var(--ast-global-color-5)","background-image":"","background-repeat":"repeat","background-position":"center center","background-size":"auto","background-attachment":"scroll","background-type":"","background-media":"","overlay-type":"","overlay-color":"","overlay-opacity":"","overlay-gradient":""}},"_joinchat":[]},"product_brand":[],"product_cat":[32,33],"product_tag":[],"class_list":{"0":"post-1158","1":"product","2":"type-product","3":"status-publish","4":"has-post-thumbnail","6":"product_cat-fleur-de-chanvre","7":"product_cat-thc-beuh","8":"desktop-align-left","9":"tablet-align-left","10":"mobile-align-left","12":"first","13":"instock","14":"shipping-taxable","15":"purchasable","16":"product-type-variable"},"yoast_head":"<!-- This site is optimized with the Yoast SEO Premium plugin v24.1 (Yoast SEO v26.8) - https:\/\/yoast.com\/product\/yoast-seo-premium-wordpress\/ -->\n<title>Acheter Cookie Glue Weed \u2013 Cannabis Puissant et Premium<\/title>\n<meta name=\"description\" content=\"D\u00e9couvrez Cookie Glue Weed, une vari\u00e9t\u00e9 de cannabis puissante alliant saveur sucr\u00e9e et effet relaxant. Achetez en ligne avec livraison rapide et discr\u00e8te\" \/>\n<meta name=\"robots\" content=\"index, follow, max-snippet:-1, max-image-preview:large, max-video-preview:-1\" \/>\n<link rel=\"canonical\" href=\"https:\/\/beuhparadis.com\/es\/product\/cookie-glue\/\" \/>\n<meta property=\"og:locale\" content=\"es_ES\" \/>\n<meta property=\"og:type\" content=\"article\" \/>\n<meta property=\"og:title\" content=\"Cookie Glue\" \/>\n<meta property=\"og:description\" content=\"D\u00e9couvrez Cookie Glue Weed, une vari\u00e9t\u00e9 de cannabis puissante alliant saveur sucr\u00e9e et effet relaxant. Achetez en ligne avec livraison rapide et discr\u00e8te\" \/>\n<meta property=\"og:url\" content=\"https:\/\/beuhparadis.com\/es\/product\/cookie-glue\/\" \/>\n<meta property=\"og:site_name\" content=\"Beuh Paradis\" \/>\n<meta property=\"article:modified_time\" content=\"2025-01-25T23:21:18+00:00\" \/>\n<meta property=\"og:image\" content=\"https:\/\/beuhparadis.com\/wp-content\/uploads\/2024\/12\/Cookie-Glue.webp\" \/>\n\t<meta property=\"og:image:width\" content=\"768\" \/>\n\t<meta property=\"og:image:height\" content=\"768\" \/>\n\t<meta property=\"og:image:type\" content=\"image\/webp\" \/>\n<meta name=\"twitter:card\" content=\"summary_large_image\" \/>\n<meta name=\"twitter:label1\" content=\"Tiempo de lectura\" \/>\n\t<meta name=\"twitter:data1\" content=\"3 minutes\" \/>\n<script type=\"application\/ld+json\" class=\"yoast-schema-graph\">{\"@context\":\"https:\/\/schema.org\",\"@graph\":[{\"@type\":\"WebPage\",\"@id\":\"https:\/\/beuhparadis.com\/product\/cookie-glue\/\",\"url\":\"https:\/\/beuhparadis.com\/product\/cookie-glue\/\",\"name\":\"Acheter Cookie Glue Weed \u2013 Cannabis Puissant et Premium\",\"isPartOf\":{\"@id\":\"https:\/\/beuhparadis.com\/#website\"},\"primaryImageOfPage\":{\"@id\":\"https:\/\/beuhparadis.com\/product\/cookie-glue\/#primaryimage\"},\"image\":{\"@id\":\"https:\/\/beuhparadis.com\/product\/cookie-glue\/#primaryimage\"},\"thumbnailUrl\":\"https:\/\/beuhparadis.com\/wp-content\/uploads\/2024\/12\/Cookie-Glue.webp\",\"datePublished\":\"2024-12-10T23:38:32+00:00\",\"dateModified\":\"2025-01-25T23:21:18+00:00\",\"description\":\"D\u00e9couvrez Cookie Glue Weed, une vari\u00e9t\u00e9 de cannabis puissante alliant saveur sucr\u00e9e et effet relaxant. Achetez en ligne avec livraison rapide et discr\u00e8te\",\"breadcrumb\":{\"@id\":\"https:\/\/beuhparadis.com\/product\/cookie-glue\/#breadcrumb\"},\"inLanguage\":\"es-ES\",\"potentialAction\":[{\"@type\":\"ReadAction\",\"target\":[\"https:\/\/beuhparadis.com\/product\/cookie-glue\/\"]}]},{\"@type\":\"ImageObject\",\"inLanguage\":\"es-ES\",\"@id\":\"https:\/\/beuhparadis.com\/product\/cookie-glue\/#primaryimage\",\"url\":\"https:\/\/beuhparadis.com\/wp-content\/uploads\/2024\/12\/Cookie-Glue.webp\",\"contentUrl\":\"https:\/\/beuhparadis.com\/wp-content\/uploads\/2024\/12\/Cookie-Glue.webp\",\"width\":768,\"height\":768},{\"@type\":\"BreadcrumbList\",\"@id\":\"https:\/\/beuhparadis.com\/product\/cookie-glue\/#breadcrumb\",\"itemListElement\":[{\"@type\":\"ListItem\",\"position\":1,\"name\":\"Home\",\"item\":\"https:\/\/beuhparadis.com\/\"},{\"@type\":\"ListItem\",\"position\":2,\"name\":\"Shop\",\"item\":\"https:\/\/beuhparadis.com\/shop\/\"},{\"@type\":\"ListItem\",\"position\":3,\"name\":\"Cookie Glue\"}]},{\"@type\":\"WebSite\",\"@id\":\"https:\/\/beuhparadis.com\/#website\",\"url\":\"https:\/\/beuhparadis.com\/\",\"name\":\"Beuh Paradis\",\"description\":\"\",\"potentialAction\":[{\"@type\":\"SearchAction\",\"target\":{\"@type\":\"EntryPoint\",\"urlTemplate\":\"https:\/\/beuhparadis.com\/?s={search_term_string}\"},\"query-input\":{\"@type\":\"PropertyValueSpecification\",\"valueRequired\":true,\"valueName\":\"search_term_string\"}}],\"inLanguage\":\"es-ES\"}]}<\/script>\n<!-- \/ Yoast SEO Premium plugin. -->","yoast_head_json":{"title":"Comprar Cookie Glue Weed - Cannabis Puissant et Premium","description":"Descubre Cookie Glue Weed, una potente variedad de cannabis que combina un sabor dulce con un efecto relajante. Compra online con entrega r\u00e1pida y discreta.","robots":{"index":"index","follow":"follow","max-snippet":"max-snippet:-1","max-image-preview":"max-image-preview:large","max-video-preview":"max-video-preview:-1"},"canonical":"https:\/\/beuhparadis.com\/es\/product\/cookie-glue\/","og_locale":"es_ES","og_type":"article","og_title":"Cookie Glue","og_description":"D\u00e9couvrez Cookie Glue Weed, une vari\u00e9t\u00e9 de cannabis puissante alliant saveur sucr\u00e9e et effet relaxant. Achetez en ligne avec livraison rapide et discr\u00e8te","og_url":"https:\/\/beuhparadis.com\/es\/product\/cookie-glue\/","og_site_name":"Beuh Paradis","article_modified_time":"2025-01-25T23:21:18+00:00","og_image":[{"width":768,"height":768,"url":"https:\/\/beuhparadis.com\/wp-content\/uploads\/2024\/12\/Cookie-Glue.webp","type":"image\/webp"}],"twitter_card":"summary_large_image","twitter_misc":{"Tiempo de lectura":"3 minutes"},"schema":{"@context":"https:\/\/schema.org","@graph":[{"@type":"WebPage","@id":"https:\/\/beuhparadis.com\/product\/cookie-glue\/","url":"https:\/\/beuhparadis.com\/product\/cookie-glue\/","name":"Comprar Cookie Glue Weed - Cannabis Puissant et Premium","isPartOf":{"@id":"https:\/\/beuhparadis.com\/#website"},"primaryImageOfPage":{"@id":"https:\/\/beuhparadis.com\/product\/cookie-glue\/#primaryimage"},"image":{"@id":"https:\/\/beuhparadis.com\/product\/cookie-glue\/#primaryimage"},"thumbnailUrl":"https:\/\/beuhparadis.com\/wp-content\/uploads\/2024\/12\/Cookie-Glue.webp","datePublished":"2024-12-10T23:38:32+00:00","dateModified":"2025-01-25T23:21:18+00:00","description":"Descubre Cookie Glue Weed, una potente variedad de cannabis que combina un sabor dulce con un efecto relajante. Compra online con entrega r\u00e1pida y discreta.","breadcrumb":{"@id":"https:\/\/beuhparadis.com\/product\/cookie-glue\/#breadcrumb"},"inLanguage":"es-ES","potentialAction":[{"@type":"ReadAction","target":["https:\/\/beuhparadis.com\/product\/cookie-glue\/"]}]},{"@type":"ImageObject","inLanguage":"es-ES","@id":"https:\/\/beuhparadis.com\/product\/cookie-glue\/#primaryimage","url":"https:\/\/beuhparadis.com\/wp-content\/uploads\/2024\/12\/Cookie-Glue.webp","contentUrl":"https:\/\/beuhparadis.com\/wp-content\/uploads\/2024\/12\/Cookie-Glue.webp","width":768,"height":768},{"@type":"BreadcrumbList","@id":"https:\/\/beuhparadis.com\/product\/cookie-glue\/#breadcrumb","itemListElement":[{"@type":"ListItem","position":1,"name":"Home","item":"https:\/\/beuhparadis.com\/"},{"@type":"ListItem","position":2,"name":"Shop","item":"https:\/\/beuhparadis.com\/shop\/"},{"@type":"ListItem","position":3,"name":"Cookie Glue"}]},{"@type":"WebSite","@id":"https:\/\/beuhparadis.com\/#website","url":"https:\/\/beuhparadis.com\/","name":"Beuh Paradis","description":"","potentialAction":[{"@type":"SearchAction","target":{"@type":"EntryPoint","urlTemplate":"https:\/\/beuhparadis.com\/?s={search_term_string}"},"query-input":{"@type":"PropertyValueSpecification","valueRequired":true,"valueName":"search_term_string"}}],"inLanguage":"es-ES"}]}},"_links":{"self":[{"href":"https:\/\/beuhparadis.com\/es\/wp-json\/wp\/v2\/product\/1158","targetHints":{"allow":["GET"]}}],"collection":[{"href":"https:\/\/beuhparadis.com\/es\/wp-json\/wp\/v2\/product"}],"about":[{"href":"https:\/\/beuhparadis.com\/es\/wp-json\/wp\/v2\/types\/product"}],"replies":[{"embeddable":true,"href":"https:\/\/beuhparadis.com\/es\/wp-json\/wp\/v2\/comments?post=1158"}],"wp:featuredmedia":[{"embeddable":true,"href":"https:\/\/beuhparadis.com\/es\/wp-json\/wp\/v2\/media\/1176"}],"wp:attachment":[{"href":"https:\/\/beuhparadis.com\/es\/wp-json\/wp\/v2\/media?parent=1158"}],"wp:term":[{"taxonomy":"product_brand","embeddable":true,"href":"https:\/\/beuhparadis.com\/es\/wp-json\/wp\/v2\/product_brand?post=1158"},{"taxonomy":"product_cat","embeddable":true,"href":"https:\/\/beuhparadis.com\/es\/wp-json\/wp\/v2\/product_cat?post=1158"},{"taxonomy":"product_tag","embeddable":true,"href":"https:\/\/beuhparadis.com\/es\/wp-json\/wp\/v2\/product_tag?post=1158"}],"curies":[{"name":"wp","href":"https:\/\/api.w.org\/{rel}","templated":true}]}}