{"id":1148,"date":"2024-12-10T23:38:31","date_gmt":"2024-12-10T23:38:31","guid":{"rendered":"https:\/\/beuhparadis.com\/?post_type=product&#038;p=1148"},"modified":"2025-01-25T23:12:07","modified_gmt":"2025-01-25T23:12:07","slug":"cookies-and-cream","status":"publish","type":"product","link":"https:\/\/beuhparadis.com\/es\/product\/cookies-and-cream\/","title":{"rendered":"Galletas y nata"},"content":{"rendered":"<h1 class=\"wp-block-heading\">Comprar hierba de galleta y nata: una dulce delicia para entendidos<\/h1>\n<p>Cookie and Cream Weed es una variedad imprescindible para los amantes del cannabis que buscan sabor dulce y potencia. Este h\u00edbrido perfectamente equilibrado cuenta con un perfil excepcional de sabor y aroma, as\u00ed como efectos equilibrados que har\u00e1n las delicias de los usuarios recreativos y m\u00e9dicos por igual. Veamos con m\u00e1s detalle las caracter\u00edsticas de la cepa Cookie and Cream Weed, sus efectos, sus beneficios y d\u00f3nde encontrarla.<\/p>\n<h2 class=\"wp-block-heading\">Informaci\u00f3n sobre la variedad Cookie and Cream Weed<\/h2>\n<ul class=\"wp-block-list\">\n<li><strong>Origen gen\u00e9tico:<\/strong> Un cruce entre Girl Scout Cookies y Starfighter, esta variedad es una creaci\u00f3n de Exotic Genetix.<\/li>\n<li><strong>Premios:<\/strong> Cookie and Cream Weed Strain ha ganado numerosos premios, demostrando su calidad y popularidad.<\/li>\n<\/ul>\n<h2 class=\"wp-block-heading\">THC y CBD en la hierba Cookie and Cream<\/h2>\n<ul class=\"wp-block-list\">\n<li><strong>THC:<\/strong> Con un contenido de 20% a 25%, Cookies and Cream Weed ofrece una experiencia fuerte y satisfactoria.<\/li>\n<li><strong>CBD:<\/strong> El nivel casi inexistente de CBD pone de relieve los efectos psicoactivos de esta variedad.<\/li>\n<\/ul>\n<h2 class=\"wp-block-heading\">\u00bfD\u00f3nde puedo comprar hierba Cookie and Cream en l\u00ednea?<\/h2>\n<p>Puede comprar Cookie and Cream Weed en l\u00ednea en sitios especializados como <a href=\"https:\/\/acheterducannabis.fr\/\" data-type=\"link\" data-id=\"https:\/\/acheterducannabis.fr\/\">Buyducannabis<\/a>donde la calidad y el cumplimiento de la legislaci\u00f3n est\u00e1n siempre garantizados.<\/p>\n<h2 class=\"wp-block-heading\">Efectos, aromas y sabores de la variedad Cookies and Cream<\/h2>\n<h3 class=\"wp-block-heading\">Efecto<\/h3>\n<ul class=\"wp-block-list\">\n<li>Cookie and Cream Weed Strain es famosa por su efecto euf\u00f3rico inicial, que evoluciona hacia una profunda relajaci\u00f3n corporal, ideal para consumir al final del d\u00eda.<\/li>\n<\/ul>\n<h3 class=\"wp-block-heading\">Aroma<\/h3>\n<ul class=\"wp-block-list\">\n<li>La variedad de marihuana Cookies and Cream seduce con su aroma alimonado y especiado, resultado de una compleja mezcla de terpenos.<\/li>\n<\/ul>\n<h3 class=\"wp-block-heading\">Pruebe<\/h3>\n<ul class=\"wp-block-list\">\n<li>El sabor de Cookies and Cream Weed Strain hace honor a su nombre, ofreciendo un dulzor cremoso con toques de vainilla y aromas terrosos.<\/li>\n<\/ul>\n<h2 class=\"wp-block-heading\">Efectos m\u00e9dicos de la hierba Cookies and Cream<\/h2>\n<p>Cookies and Cream Weed Strain es buscada por sus muchos beneficios medicinales, incluyendo :<\/p>\n<ul class=\"wp-block-list\">\n<li>Reducci\u00f3n del estr\u00e9s y la ansiedad<\/li>\n<li>Alivio del dolor<\/li>\n<li>Estimulaci\u00f3n del apetito<\/li>\n<li>Mejora de la calidad del sue\u00f1o<\/li>\n<\/ul>\n<h3 class=\"wp-block-heading\">Puede aliviar<\/h3>\n<ul class=\"wp-block-list\">\n<li>S\u00edntomas de la depresi\u00f3n<\/li>\n<li>Estr\u00e9s cr\u00f3nico<\/li>\n<\/ul>\n<h2 class=\"wp-block-heading\">\u00bfPor qu\u00e9 comprar hierba Cookie and Cream en Acheterducannabis?<\/h2>\n<p>Elegir Acheterducannabis para su compra de Cookies and Cream Weed le garantiza una variedad de la m\u00e1s alta calidad, cultivada de forma experta y legal, con un servicio de atenci\u00f3n al cliente impecable.<\/p>\n<h2 class=\"wp-block-heading\">Legislaci\u00f3n sobre la venta de galletas de hierba y nata en Europa<\/h2>\n<p>La venta de Cookies and Cream Weed Strain, como todos los productos de cannabis, est\u00e1 sujeta a las regulaciones espec\u00edficas de cada pa\u00eds europeo. Acheterducannabis se compromete a cumplir con estas leyes, garantizando una experiencia de compra segura y legal.<\/p>\n<p>La <a href=\"https:\/\/www.cannaconnection.com\/strains\/cookies-and-cream#:~:text=Q%3A%20What%20is%20Cookies%20and,of%20euphoric%20and%20relaxing%20effects.\" data-type=\"link\" data-id=\"https:\/\/www.cannaconnection.com\/strains\/cookies-and-cream#:~:text=Q%3A%20What%20is%20Cookies%20and,of%20euphoric%20and%20relaxing%20effects.\">Hierba de galleta y nata<\/a> Strain es la variedad perfecta para aquellos que quieren combinar un gran sabor con efectos beneficiosos, ya sea para uso recreativo o medicinal. Disponible en Acheterducannabis, esta cepa promete una experiencia superior.<\/p>","protected":false},"excerpt":{"rendered":"<p><strong>THC :<\/strong> 26\u00a0% <strong>Efectos<\/strong> Creativo, Euf\u00f3rico, Feliz, Relajante, Edificante <strong>Puede aliviar<\/strong> TDA\/TDAH, dolor cr\u00f3nico, depresi\u00f3n, fibromialgia, trastornos gastrointestinales, insomnio, p\u00e9rdida de apetito, espasmos musculares, n\u00e1useas, TEPT, estr\u00e9s<\/p>","protected":false},"featured_media":1174,"comment_status":"closed","ping_status":"closed","template":"","meta":{"site-sidebar-layout":"default","site-content-layout":"","ast-site-content-layout":"default","site-content-style":"default","site-sidebar-style":"default","ast-global-header-display":"","ast-banner-title-visibility":"","ast-main-header-display":"","ast-hfb-above-header-display":"","ast-hfb-below-header-display":"","ast-hfb-mobile-header-display":"","site-post-title":"","ast-breadcrumbs-content":"","ast-featured-img":"","footer-sml-layout":"","theme-transparent-header-meta":"default","adv-header-id-meta":"","stick-header-meta":"","header-above-stick-meta":"","header-main-stick-meta":"","header-below-stick-meta":"","astra-migrate-meta-layouts":"set","ast-page-background-enabled":"default","ast-page-background-meta":{"desktop":{"background-color":"","background-image":"","background-repeat":"repeat","background-position":"center center","background-size":"auto","background-attachment":"scroll","background-type":"","background-media":"","overlay-type":"","overlay-color":"","overlay-opacity":"","overlay-gradient":""},"tablet":{"background-color":"","background-image":"","background-repeat":"repeat","background-position":"center center","background-size":"auto","background-attachment":"scroll","background-type":"","background-media":"","overlay-type":"","overlay-color":"","overlay-opacity":"","overlay-gradient":""},"mobile":{"background-color":"","background-image":"","background-repeat":"repeat","background-position":"center center","background-size":"auto","background-attachment":"scroll","background-type":"","background-media":"","overlay-type":"","overlay-color":"","overlay-opacity":"","overlay-gradient":""}},"ast-content-background-meta":{"desktop":{"background-color":"var(--ast-global-color-5)","background-image":"","background-repeat":"repeat","background-position":"center center","background-size":"auto","background-attachment":"scroll","background-type":"","background-media":"","overlay-type":"","overlay-color":"","overlay-opacity":"","overlay-gradient":""},"tablet":{"background-color":"var(--ast-global-color-5)","background-image":"","background-repeat":"repeat","background-position":"center center","background-size":"auto","background-attachment":"scroll","background-type":"","background-media":"","overlay-type":"","overlay-color":"","overlay-opacity":"","overlay-gradient":""},"mobile":{"background-color":"var(--ast-global-color-5)","background-image":"","background-repeat":"repeat","background-position":"center center","background-size":"auto","background-attachment":"scroll","background-type":"","background-media":"","overlay-type":"","overlay-color":"","overlay-opacity":"","overlay-gradient":""}},"_joinchat":[]},"product_brand":[],"product_cat":[32,33],"product_tag":[],"class_list":{"0":"post-1148","1":"product","2":"type-product","3":"status-publish","4":"has-post-thumbnail","6":"product_cat-fleur-de-chanvre","7":"product_cat-thc-beuh","8":"desktop-align-left","9":"tablet-align-left","10":"mobile-align-left","12":"first","13":"instock","14":"shipping-taxable","15":"purchasable","16":"product-type-variable"},"yoast_head":"<!-- This site is optimized with the Yoast SEO Premium plugin v24.1 (Yoast SEO v26.8) - https:\/\/yoast.com\/product\/yoast-seo-premium-wordpress\/ -->\n<title>Cookies and Cream \u2013 Vari\u00e9t\u00e9 de Cannabis Premium \u00e0 Acheter<\/title>\n<meta name=\"description\" content=\"R\u00e9couvrez la vari\u00e9t\u00e9 Cookies and Cream, c\u00e9l\u00e8bre pour son go\u00fbt doux et cr\u00e9meux. Achetez du cannabis premium en ligne avec livraison rapide et discr\u00e8te\" \/>\n<meta name=\"robots\" content=\"index, follow, max-snippet:-1, max-image-preview:large, max-video-preview:-1\" \/>\n<link rel=\"canonical\" href=\"https:\/\/beuhparadis.com\/es\/product\/cookies-and-cream\/\" \/>\n<meta property=\"og:locale\" content=\"es_ES\" \/>\n<meta property=\"og:type\" content=\"article\" \/>\n<meta property=\"og:title\" content=\"Cookies and Cream\" \/>\n<meta property=\"og:description\" content=\"R\u00e9couvrez la vari\u00e9t\u00e9 Cookies and Cream, c\u00e9l\u00e8bre pour son go\u00fbt doux et cr\u00e9meux. Achetez du cannabis premium en ligne avec livraison rapide et discr\u00e8te\" \/>\n<meta property=\"og:url\" content=\"https:\/\/beuhparadis.com\/es\/product\/cookies-and-cream\/\" \/>\n<meta property=\"og:site_name\" content=\"Beuh Paradis\" \/>\n<meta property=\"article:modified_time\" content=\"2025-01-25T23:12:07+00:00\" \/>\n<meta property=\"og:image\" content=\"https:\/\/beuhparadis.com\/wp-content\/uploads\/2024\/12\/Cookies-and-Cream.webp\" \/>\n\t<meta property=\"og:image:width\" content=\"1620\" \/>\n\t<meta property=\"og:image:height\" content=\"1080\" \/>\n\t<meta property=\"og:image:type\" content=\"image\/webp\" \/>\n<meta name=\"twitter:card\" content=\"summary_large_image\" \/>\n<meta name=\"twitter:label1\" content=\"Tiempo de lectura\" \/>\n\t<meta name=\"twitter:data1\" content=\"3 minutes\" \/>\n<script type=\"application\/ld+json\" class=\"yoast-schema-graph\">{\"@context\":\"https:\/\/schema.org\",\"@graph\":[{\"@type\":\"WebPage\",\"@id\":\"https:\/\/beuhparadis.com\/product\/cookies-and-cream\/\",\"url\":\"https:\/\/beuhparadis.com\/product\/cookies-and-cream\/\",\"name\":\"Cookies and Cream \u2013 Vari\u00e9t\u00e9 de Cannabis Premium \u00e0 Acheter\",\"isPartOf\":{\"@id\":\"https:\/\/beuhparadis.com\/#website\"},\"primaryImageOfPage\":{\"@id\":\"https:\/\/beuhparadis.com\/product\/cookies-and-cream\/#primaryimage\"},\"image\":{\"@id\":\"https:\/\/beuhparadis.com\/product\/cookies-and-cream\/#primaryimage\"},\"thumbnailUrl\":\"https:\/\/beuhparadis.com\/wp-content\/uploads\/2024\/12\/Cookies-and-Cream.webp\",\"datePublished\":\"2024-12-10T23:38:31+00:00\",\"dateModified\":\"2025-01-25T23:12:07+00:00\",\"description\":\"R\u00e9couvrez la vari\u00e9t\u00e9 Cookies and Cream, c\u00e9l\u00e8bre pour son go\u00fbt doux et cr\u00e9meux. Achetez du cannabis premium en ligne avec livraison rapide et discr\u00e8te\",\"breadcrumb\":{\"@id\":\"https:\/\/beuhparadis.com\/product\/cookies-and-cream\/#breadcrumb\"},\"inLanguage\":\"es-ES\",\"potentialAction\":[{\"@type\":\"ReadAction\",\"target\":[\"https:\/\/beuhparadis.com\/product\/cookies-and-cream\/\"]}]},{\"@type\":\"ImageObject\",\"inLanguage\":\"es-ES\",\"@id\":\"https:\/\/beuhparadis.com\/product\/cookies-and-cream\/#primaryimage\",\"url\":\"https:\/\/beuhparadis.com\/wp-content\/uploads\/2024\/12\/Cookies-and-Cream.webp\",\"contentUrl\":\"https:\/\/beuhparadis.com\/wp-content\/uploads\/2024\/12\/Cookies-and-Cream.webp\",\"width\":1620,\"height\":1080},{\"@type\":\"BreadcrumbList\",\"@id\":\"https:\/\/beuhparadis.com\/product\/cookies-and-cream\/#breadcrumb\",\"itemListElement\":[{\"@type\":\"ListItem\",\"position\":1,\"name\":\"Home\",\"item\":\"https:\/\/beuhparadis.com\/\"},{\"@type\":\"ListItem\",\"position\":2,\"name\":\"Shop\",\"item\":\"https:\/\/beuhparadis.com\/shop\/\"},{\"@type\":\"ListItem\",\"position\":3,\"name\":\"Cookies and Cream\"}]},{\"@type\":\"WebSite\",\"@id\":\"https:\/\/beuhparadis.com\/#website\",\"url\":\"https:\/\/beuhparadis.com\/\",\"name\":\"Beuh Paradis\",\"description\":\"\",\"potentialAction\":[{\"@type\":\"SearchAction\",\"target\":{\"@type\":\"EntryPoint\",\"urlTemplate\":\"https:\/\/beuhparadis.com\/?s={search_term_string}\"},\"query-input\":{\"@type\":\"PropertyValueSpecification\",\"valueRequired\":true,\"valueName\":\"search_term_string\"}}],\"inLanguage\":\"es-ES\"}]}<\/script>\n<!-- \/ Yoast SEO Premium plugin. -->","yoast_head_json":{"title":"Cookies and Cream - Variedades de cannabis premium para comprar","description":"Descubre la variedad Cookies and Cream, famosa por su sabor dulce y cremoso. Compra cannabis de primera calidad online con entrega r\u00e1pida y discreta.","robots":{"index":"index","follow":"follow","max-snippet":"max-snippet:-1","max-image-preview":"max-image-preview:large","max-video-preview":"max-video-preview:-1"},"canonical":"https:\/\/beuhparadis.com\/es\/product\/cookies-and-cream\/","og_locale":"es_ES","og_type":"article","og_title":"Cookies and Cream","og_description":"R\u00e9couvrez la vari\u00e9t\u00e9 Cookies and Cream, c\u00e9l\u00e8bre pour son go\u00fbt doux et cr\u00e9meux. Achetez du cannabis premium en ligne avec livraison rapide et discr\u00e8te","og_url":"https:\/\/beuhparadis.com\/es\/product\/cookies-and-cream\/","og_site_name":"Beuh Paradis","article_modified_time":"2025-01-25T23:12:07+00:00","og_image":[{"width":1620,"height":1080,"url":"https:\/\/beuhparadis.com\/wp-content\/uploads\/2024\/12\/Cookies-and-Cream.webp","type":"image\/webp"}],"twitter_card":"summary_large_image","twitter_misc":{"Tiempo de lectura":"3 minutes"},"schema":{"@context":"https:\/\/schema.org","@graph":[{"@type":"WebPage","@id":"https:\/\/beuhparadis.com\/product\/cookies-and-cream\/","url":"https:\/\/beuhparadis.com\/product\/cookies-and-cream\/","name":"Cookies and Cream - Variedades de cannabis premium para comprar","isPartOf":{"@id":"https:\/\/beuhparadis.com\/#website"},"primaryImageOfPage":{"@id":"https:\/\/beuhparadis.com\/product\/cookies-and-cream\/#primaryimage"},"image":{"@id":"https:\/\/beuhparadis.com\/product\/cookies-and-cream\/#primaryimage"},"thumbnailUrl":"https:\/\/beuhparadis.com\/wp-content\/uploads\/2024\/12\/Cookies-and-Cream.webp","datePublished":"2024-12-10T23:38:31+00:00","dateModified":"2025-01-25T23:12:07+00:00","description":"Descubre la variedad Cookies and Cream, famosa por su sabor dulce y cremoso. Compra cannabis de primera calidad online con entrega r\u00e1pida y discreta.","breadcrumb":{"@id":"https:\/\/beuhparadis.com\/product\/cookies-and-cream\/#breadcrumb"},"inLanguage":"es-ES","potentialAction":[{"@type":"ReadAction","target":["https:\/\/beuhparadis.com\/product\/cookies-and-cream\/"]}]},{"@type":"ImageObject","inLanguage":"es-ES","@id":"https:\/\/beuhparadis.com\/product\/cookies-and-cream\/#primaryimage","url":"https:\/\/beuhparadis.com\/wp-content\/uploads\/2024\/12\/Cookies-and-Cream.webp","contentUrl":"https:\/\/beuhparadis.com\/wp-content\/uploads\/2024\/12\/Cookies-and-Cream.webp","width":1620,"height":1080},{"@type":"BreadcrumbList","@id":"https:\/\/beuhparadis.com\/product\/cookies-and-cream\/#breadcrumb","itemListElement":[{"@type":"ListItem","position":1,"name":"Home","item":"https:\/\/beuhparadis.com\/"},{"@type":"ListItem","position":2,"name":"Shop","item":"https:\/\/beuhparadis.com\/shop\/"},{"@type":"ListItem","position":3,"name":"Cookies and Cream"}]},{"@type":"WebSite","@id":"https:\/\/beuhparadis.com\/#website","url":"https:\/\/beuhparadis.com\/","name":"Beuh Paradis","description":"","potentialAction":[{"@type":"SearchAction","target":{"@type":"EntryPoint","urlTemplate":"https:\/\/beuhparadis.com\/?s={search_term_string}"},"query-input":{"@type":"PropertyValueSpecification","valueRequired":true,"valueName":"search_term_string"}}],"inLanguage":"es-ES"}]}},"_links":{"self":[{"href":"https:\/\/beuhparadis.com\/es\/wp-json\/wp\/v2\/product\/1148","targetHints":{"allow":["GET"]}}],"collection":[{"href":"https:\/\/beuhparadis.com\/es\/wp-json\/wp\/v2\/product"}],"about":[{"href":"https:\/\/beuhparadis.com\/es\/wp-json\/wp\/v2\/types\/product"}],"replies":[{"embeddable":true,"href":"https:\/\/beuhparadis.com\/es\/wp-json\/wp\/v2\/comments?post=1148"}],"wp:featuredmedia":[{"embeddable":true,"href":"https:\/\/beuhparadis.com\/es\/wp-json\/wp\/v2\/media\/1174"}],"wp:attachment":[{"href":"https:\/\/beuhparadis.com\/es\/wp-json\/wp\/v2\/media?parent=1148"}],"wp:term":[{"taxonomy":"product_brand","embeddable":true,"href":"https:\/\/beuhparadis.com\/es\/wp-json\/wp\/v2\/product_brand?post=1148"},{"taxonomy":"product_cat","embeddable":true,"href":"https:\/\/beuhparadis.com\/es\/wp-json\/wp\/v2\/product_cat?post=1148"},{"taxonomy":"product_tag","embeddable":true,"href":"https:\/\/beuhparadis.com\/es\/wp-json\/wp\/v2\/product_tag?post=1148"}],"curies":[{"name":"wp","href":"https:\/\/api.w.org\/{rel}","templated":true}]}}