{"id":2140,"date":"2024-12-10T23:51:22","date_gmt":"2024-12-10T23:51:22","guid":{"rendered":"https:\/\/beuhparadis.com\/?post_type=product&#038;p=2140"},"modified":"2025-01-28T08:22:14","modified_gmt":"2025-01-28T08:22:14","slug":"afghan-hash","status":"publish","type":"product","link":"https:\/\/beuhparadis.com\/de\/product\/afghan-hash\/","title":{"rendered":"Afghan Hash"},"content":{"rendered":"<h1 class=\"wp-block-heading\">Afghan Hash kaufen: Reine Tradition und Top-Qualit\u00e4t<\/h1>\n<p>Afghan Hash kaufen ist ein au\u00dfergew\u00f6hnliches Produkt in der Welt des Cannabis, das f\u00fcr seine h\u00f6chste Qualit\u00e4t und seine starke Wirkung bekannt ist. Afghan Hash wird durch traditionelle Extraktionstechniken aus den Bl\u00fcten des legalen Sativa-Hanfs gewonnen und bietet ein einzigartiges Erlebnis, das von Kennern gesch\u00e4tzt wird. Hier ist ein umfassender Leitfaden, um alles \u00fcber Afghan Hash zu erfahren und warum es eine bevorzugte Wahl f\u00fcr Liebhaber authentischer Produkte ist.<\/p>\n<h2 class=\"wp-block-heading\">Informationen zu Afghan Hash<\/h2>\n<ul class=\"wp-block-list\">\n<li><strong>Herkunft<\/strong> : Extraktion der Bl\u00fcten von legalem Hanf sativa.<\/li>\n<li><strong>Farbe<\/strong> : Tiefschwarz, wird bei Hitze \u00f6lig.<\/li>\n<li><strong>Textur<\/strong> : F\u00fchlt sich weich an.<\/li>\n<li><strong>Technik der Extraktion<\/strong> : Verwendung der fortschrittlichsten Methoden, um die Reinheit des Hashes zu bewahren.<\/li>\n<\/ul>\n<h2 class=\"wp-block-heading\">THC und CBD<\/h2>\n<ul class=\"wp-block-list\">\n<li><strong>THC<\/strong> : Bis zu 72%, garantiert intensive Entspannungsmomente.<\/li>\n<li><strong>CBD<\/strong> : Weniger als 1%, f\u00fcr ein Experiment, das sich auf die Wirkung von THC ohne die Intensit\u00e4t von CBD konzentriert.<\/li>\n<\/ul>\n<h2 class=\"wp-block-heading\">Wo kann man Afghan Hash online kaufen?<\/h2>\n<p>F\u00fcr einen sicheren und qualitativ hochwertigen Erwerb, <a href=\"https:\/\/beuhparadis.com\/de\/product\/runtz-weed\/\">beuhparadis<\/a> ist Ihr Ziel der Wahl. Unsere Plattform bietet eine strenge Auswahl an Hash Afghan und garantiert ein 100% nat\u00fcrliches Produkt, das den europ\u00e4ischen Standards entspricht.<\/p>\n<h2 class=\"wp-block-heading\">Wirkung, Aroma und Geschmack<\/h2>\n<h3 class=\"wp-block-heading\">Wirkung<\/h3>\n<ul class=\"wp-block-list\">\n<li>Intensive Entspannung<\/li>\n<li>Gef\u00fchl des tiefen Wohlbefindens<\/li>\n<\/ul>\n<h3 class=\"wp-block-heading\">Aroma<\/h3>\n<ul class=\"wp-block-list\">\n<li>Intensives, reines Haschischaroma ohne Zusatzstoffe, das unter Hitzeeinwirkung freigesetzt wird.<\/li>\n<\/ul>\n<h3 class=\"wp-block-heading\">Geschmack<\/h3>\n<ul class=\"wp-block-list\">\n<li>Authentischer und reichhaltiger Geschmack, typisch f\u00fcr traditionelles afghanisches Hasch.<\/li>\n<\/ul>\n<h2 class=\"wp-block-heading\">Medizinische Effekte<\/h2>\n<h3 class=\"wp-block-heading\">Medizinische Effekte<\/h3>\n<ul class=\"wp-block-list\">\n<li>Tiefe Entspannung<\/li>\n<li>Bes\u00e4nftigung<\/li>\n<\/ul>\n<h3 class=\"wp-block-heading\">Kann Linderung verschaffen<\/h3>\n<ul class=\"wp-block-list\">\n<li>Stress<\/li>\n<li>Angst<\/li>\n<li>Schlaflosigkeit<\/li>\n<\/ul>\n<h2 class=\"wp-block-heading\">Warum Afghani Hash auf Beuhparadis kaufen?<\/h2>\n<p>W\u00e4hlen Sie <a href=\"https:\/\/beuhparadis.com\/de\/product\/runtz-weed\/\">beuhparadis<\/a> f\u00fcr Ihren Kauf von Afghani Hash entscheiden Sie sich f\u00fcr :<\/p>\n<ul class=\"wp-block-list\">\n<li><strong>H\u00f6chste Qualit\u00e4t<\/strong> : Auswahl der besten legalen Haschischsorten.<\/li>\n<li><strong>Nat\u00fcrliches Produkt<\/strong> : Garantie f\u00fcr ein nat\u00fcrliches 100%-Produkt ohne Zusatzstoffe.<\/li>\n<li><strong>Gesetzliche Konformit\u00e4t<\/strong> : Volle Einhaltung der geltenden europ\u00e4ischen Normen.<\/li>\n<\/ul>\n<h2 class=\"wp-block-heading\">Europ\u00e4ische Gesetzgebung zum Verkauf von Hash<\/h2>\n<p>Der Kauf und Verkauf von Hash Afghan ist in Europa reguliert, wodurch sichergestellt wird, dass nur Produkte auf dem Markt erh\u00e4ltlich sind, die die festgelegten THC- und CBD-Grenzwerte einhalten. Auf Acheterducannabis.de stellen wir sicher, dass alle unsere Produkte diese Standards erf\u00fcllen, und bieten unseren Kunden so Sicherheit und Seelenfrieden.<\/p>\n<p>Hash Afghan repr\u00e4sentiert den Gipfel der Tradition und Qualit\u00e4t in der Welt des Cannabis. F\u00fcr ein authentisches Erlebnis und garantierte Momente der Entspannung, entscheiden Sie sich f\u00fcr Qualit\u00e4t und Sicherheit und bestellen Sie Ihre Hash Afghan auf <a href=\"https:\/\/beuhparadis.com\/de\/product\/trideri-weed\/\">beuhparadis<\/a>. Entdecken Sie unsere Auswahl und genie\u00dfen Sie die beste Qualit\u00e4t auf dem Markt, die direkt zu Ihnen nach Hause geliefert wird, in voller \u00dcbereinstimmung mit der europ\u00e4ischen Gesetzgebung.<\/p>","protected":false},"excerpt":{"rendered":"<p><strong>THC:<\/strong> 72%<\/p>\n<p><strong>Medizinische Effekte<\/strong><\/p>\n<ul class=\"wp-block-list\">\n<li>Tiefe Entspannung<\/li>\n<li>Bes\u00e4nftigung<\/li>\n<\/ul>","protected":false},"featured_media":2150,"comment_status":"closed","ping_status":"closed","template":"","meta":{"site-sidebar-layout":"default","site-content-layout":"","ast-site-content-layout":"default","site-content-style":"default","site-sidebar-style":"default","ast-global-header-display":"","ast-banner-title-visibility":"","ast-main-header-display":"","ast-hfb-above-header-display":"","ast-hfb-below-header-display":"","ast-hfb-mobile-header-display":"","site-post-title":"","ast-breadcrumbs-content":"","ast-featured-img":"","footer-sml-layout":"","theme-transparent-header-meta":"default","adv-header-id-meta":"","stick-header-meta":"","header-above-stick-meta":"","header-main-stick-meta":"","header-below-stick-meta":"","astra-migrate-meta-layouts":"set","ast-page-background-enabled":"default","ast-page-background-meta":{"desktop":{"background-color":"","background-image":"","background-repeat":"repeat","background-position":"center center","background-size":"auto","background-attachment":"scroll","background-type":"","background-media":"","overlay-type":"","overlay-color":"","overlay-opacity":"","overlay-gradient":""},"tablet":{"background-color":"","background-image":"","background-repeat":"repeat","background-position":"center center","background-size":"auto","background-attachment":"scroll","background-type":"","background-media":"","overlay-type":"","overlay-color":"","overlay-opacity":"","overlay-gradient":""},"mobile":{"background-color":"","background-image":"","background-repeat":"repeat","background-position":"center center","background-size":"auto","background-attachment":"scroll","background-type":"","background-media":"","overlay-type":"","overlay-color":"","overlay-opacity":"","overlay-gradient":""}},"ast-content-background-meta":{"desktop":{"background-color":"var(--ast-global-color-5)","background-image":"","background-repeat":"repeat","background-position":"center center","background-size":"auto","background-attachment":"scroll","background-type":"","background-media":"","overlay-type":"","overlay-color":"","overlay-opacity":"","overlay-gradient":""},"tablet":{"background-color":"var(--ast-global-color-5)","background-image":"","background-repeat":"repeat","background-position":"center center","background-size":"auto","background-attachment":"scroll","background-type":"","background-media":"","overlay-type":"","overlay-color":"","overlay-opacity":"","overlay-gradient":""},"mobile":{"background-color":"var(--ast-global-color-5)","background-image":"","background-repeat":"repeat","background-position":"center center","background-size":"auto","background-attachment":"scroll","background-type":"","background-media":"","overlay-type":"","overlay-color":"","overlay-opacity":"","overlay-gradient":""}},"_joinchat":[]},"product_brand":[],"product_cat":[48],"product_tag":[],"class_list":{"0":"post-2140","1":"product","2":"type-product","3":"status-publish","4":"has-post-thumbnail","6":"product_cat-shit-thc","7":"desktop-align-left","8":"tablet-align-left","9":"mobile-align-left","11":"first","12":"instock","13":"shipping-taxable","14":"purchasable","15":"product-type-variable"},"yoast_head":"<!-- This site is optimized with the Yoast SEO Premium plugin v24.1 (Yoast SEO v26.8) - https:\/\/yoast.com\/product\/yoast-seo-premium-wordpress\/ -->\n<title>Acheter Afghan Hash | Hash Afghan de Qualit\u00e9 Sup\u00e9rieure<\/title>\n<meta name=\"description\" content=\"Acheter Afghan Hash authentique et de qualit\u00e9 sup\u00e9rieure. D\u00e9couvrez notre s\u00e9lection premium, livraison discr\u00e8te et rapide. Parfait pour les connaisseurs de cannabis.\" \/>\n<meta name=\"robots\" content=\"index, follow, max-snippet:-1, max-image-preview:large, max-video-preview:-1\" \/>\n<link rel=\"canonical\" href=\"https:\/\/beuhparadis.com\/de\/product\/afghan-hash\/\" \/>\n<meta property=\"og:locale\" content=\"de_DE\" \/>\n<meta property=\"og:type\" content=\"article\" \/>\n<meta property=\"og:title\" content=\"Afghan Hash\" \/>\n<meta property=\"og:description\" content=\"Acheter Afghan Hash authentique et de qualit\u00e9 sup\u00e9rieure. D\u00e9couvrez notre s\u00e9lection premium, livraison discr\u00e8te et rapide. Parfait pour les connaisseurs de cannabis.\" \/>\n<meta property=\"og:url\" content=\"https:\/\/beuhparadis.com\/de\/product\/afghan-hash\/\" \/>\n<meta property=\"og:site_name\" content=\"Beuh Paradis\" \/>\n<meta property=\"article:modified_time\" content=\"2025-01-28T08:22:14+00:00\" \/>\n<meta property=\"og:image\" content=\"https:\/\/beuhparadis.com\/wp-content\/uploads\/2024\/12\/aphghan-2.jpeg\" \/>\n\t<meta property=\"og:image:width\" content=\"247\" \/>\n\t<meta property=\"og:image:height\" content=\"296\" \/>\n\t<meta property=\"og:image:type\" content=\"image\/jpeg\" \/>\n<meta name=\"twitter:card\" content=\"summary_large_image\" \/>\n<meta name=\"twitter:label1\" content=\"Gesch\u00e4tzte Lesezeit\" \/>\n\t<meta name=\"twitter:data1\" content=\"2 minutes\" \/>\n<script type=\"application\/ld+json\" class=\"yoast-schema-graph\">{\"@context\":\"https:\/\/schema.org\",\"@graph\":[{\"@type\":\"WebPage\",\"@id\":\"https:\/\/beuhparadis.com\/product\/afghan-hash\/\",\"url\":\"https:\/\/beuhparadis.com\/product\/afghan-hash\/\",\"name\":\"Acheter Afghan Hash | Hash Afghan de Qualit\u00e9 Sup\u00e9rieure\",\"isPartOf\":{\"@id\":\"https:\/\/beuhparadis.com\/#website\"},\"primaryImageOfPage\":{\"@id\":\"https:\/\/beuhparadis.com\/product\/afghan-hash\/#primaryimage\"},\"image\":{\"@id\":\"https:\/\/beuhparadis.com\/product\/afghan-hash\/#primaryimage\"},\"thumbnailUrl\":\"https:\/\/beuhparadis.com\/wp-content\/uploads\/2024\/12\/aphghan-2.jpeg\",\"datePublished\":\"2024-12-10T23:51:22+00:00\",\"dateModified\":\"2025-01-28T08:22:14+00:00\",\"description\":\"Acheter Afghan Hash authentique et de qualit\u00e9 sup\u00e9rieure. D\u00e9couvrez notre s\u00e9lection premium, livraison discr\u00e8te et rapide. Parfait pour les connaisseurs de cannabis.\",\"breadcrumb\":{\"@id\":\"https:\/\/beuhparadis.com\/product\/afghan-hash\/#breadcrumb\"},\"inLanguage\":\"de-DE-formal\",\"potentialAction\":[{\"@type\":\"ReadAction\",\"target\":[\"https:\/\/beuhparadis.com\/product\/afghan-hash\/\"]}]},{\"@type\":\"ImageObject\",\"inLanguage\":\"de-DE-formal\",\"@id\":\"https:\/\/beuhparadis.com\/product\/afghan-hash\/#primaryimage\",\"url\":\"https:\/\/beuhparadis.com\/wp-content\/uploads\/2024\/12\/aphghan-2.jpeg\",\"contentUrl\":\"https:\/\/beuhparadis.com\/wp-content\/uploads\/2024\/12\/aphghan-2.jpeg\",\"width\":247,\"height\":296},{\"@type\":\"BreadcrumbList\",\"@id\":\"https:\/\/beuhparadis.com\/product\/afghan-hash\/#breadcrumb\",\"itemListElement\":[{\"@type\":\"ListItem\",\"position\":1,\"name\":\"Home\",\"item\":\"https:\/\/beuhparadis.com\/\"},{\"@type\":\"ListItem\",\"position\":2,\"name\":\"Shop\",\"item\":\"https:\/\/beuhparadis.com\/shop\/\"},{\"@type\":\"ListItem\",\"position\":3,\"name\":\"Afghan Hash\"}]},{\"@type\":\"WebSite\",\"@id\":\"https:\/\/beuhparadis.com\/#website\",\"url\":\"https:\/\/beuhparadis.com\/\",\"name\":\"Beuh Paradis\",\"description\":\"\",\"potentialAction\":[{\"@type\":\"SearchAction\",\"target\":{\"@type\":\"EntryPoint\",\"urlTemplate\":\"https:\/\/beuhparadis.com\/?s={search_term_string}\"},\"query-input\":{\"@type\":\"PropertyValueSpecification\",\"valueRequired\":true,\"valueName\":\"search_term_string\"}}],\"inLanguage\":\"de-DE-formal\"}]}<\/script>\n<!-- \/ Yoast SEO Premium plugin. -->","yoast_head_json":{"title":"Afghan Hash kaufen | Afghan Hash in Top-Qualit\u00e4t","description":"Kaufen Sie Afghan Hash authentisch und in bester Qualit\u00e4t. Entdecken Sie unsere Premium-Auswahl, diskrete und schnelle Lieferung. Perfekt f\u00fcr Cannabis-Kenner.","robots":{"index":"index","follow":"follow","max-snippet":"max-snippet:-1","max-image-preview":"max-image-preview:large","max-video-preview":"max-video-preview:-1"},"canonical":"https:\/\/beuhparadis.com\/de\/product\/afghan-hash\/","og_locale":"de_DE","og_type":"article","og_title":"Afghan Hash","og_description":"Acheter Afghan Hash authentique et de qualit\u00e9 sup\u00e9rieure. D\u00e9couvrez notre s\u00e9lection premium, livraison discr\u00e8te et rapide. Parfait pour les connaisseurs de cannabis.","og_url":"https:\/\/beuhparadis.com\/de\/product\/afghan-hash\/","og_site_name":"Beuh Paradis","article_modified_time":"2025-01-28T08:22:14+00:00","og_image":[{"width":247,"height":296,"url":"https:\/\/beuhparadis.com\/wp-content\/uploads\/2024\/12\/aphghan-2.jpeg","type":"image\/jpeg"}],"twitter_card":"summary_large_image","twitter_misc":{"Gesch\u00e4tzte Lesezeit":"2 minutes"},"schema":{"@context":"https:\/\/schema.org","@graph":[{"@type":"WebPage","@id":"https:\/\/beuhparadis.com\/product\/afghan-hash\/","url":"https:\/\/beuhparadis.com\/product\/afghan-hash\/","name":"Afghan Hash kaufen | Afghan Hash in Top-Qualit\u00e4t","isPartOf":{"@id":"https:\/\/beuhparadis.com\/#website"},"primaryImageOfPage":{"@id":"https:\/\/beuhparadis.com\/product\/afghan-hash\/#primaryimage"},"image":{"@id":"https:\/\/beuhparadis.com\/product\/afghan-hash\/#primaryimage"},"thumbnailUrl":"https:\/\/beuhparadis.com\/wp-content\/uploads\/2024\/12\/aphghan-2.jpeg","datePublished":"2024-12-10T23:51:22+00:00","dateModified":"2025-01-28T08:22:14+00:00","description":"Kaufen Sie Afghan Hash authentisch und in bester Qualit\u00e4t. Entdecken Sie unsere Premium-Auswahl, diskrete und schnelle Lieferung. Perfekt f\u00fcr Cannabis-Kenner.","breadcrumb":{"@id":"https:\/\/beuhparadis.com\/product\/afghan-hash\/#breadcrumb"},"inLanguage":"de-DE-formal","potentialAction":[{"@type":"ReadAction","target":["https:\/\/beuhparadis.com\/product\/afghan-hash\/"]}]},{"@type":"ImageObject","inLanguage":"de-DE-formal","@id":"https:\/\/beuhparadis.com\/product\/afghan-hash\/#primaryimage","url":"https:\/\/beuhparadis.com\/wp-content\/uploads\/2024\/12\/aphghan-2.jpeg","contentUrl":"https:\/\/beuhparadis.com\/wp-content\/uploads\/2024\/12\/aphghan-2.jpeg","width":247,"height":296},{"@type":"BreadcrumbList","@id":"https:\/\/beuhparadis.com\/product\/afghan-hash\/#breadcrumb","itemListElement":[{"@type":"ListItem","position":1,"name":"Home","item":"https:\/\/beuhparadis.com\/"},{"@type":"ListItem","position":2,"name":"Shop","item":"https:\/\/beuhparadis.com\/shop\/"},{"@type":"ListItem","position":3,"name":"Afghan Hash"}]},{"@type":"WebSite","@id":"https:\/\/beuhparadis.com\/#website","url":"https:\/\/beuhparadis.com\/","name":"Gras Paradies","description":"","potentialAction":[{"@type":"SearchAction","target":{"@type":"EntryPoint","urlTemplate":"https:\/\/beuhparadis.com\/?s={search_term_string}"},"query-input":{"@type":"PropertyValueSpecification","valueRequired":true,"valueName":"search_term_string"}}],"inLanguage":"de-DE-formal"}]}},"_links":{"self":[{"href":"https:\/\/beuhparadis.com\/de\/wp-json\/wp\/v2\/product\/2140","targetHints":{"allow":["GET"]}}],"collection":[{"href":"https:\/\/beuhparadis.com\/de\/wp-json\/wp\/v2\/product"}],"about":[{"href":"https:\/\/beuhparadis.com\/de\/wp-json\/wp\/v2\/types\/product"}],"replies":[{"embeddable":true,"href":"https:\/\/beuhparadis.com\/de\/wp-json\/wp\/v2\/comments?post=2140"}],"wp:featuredmedia":[{"embeddable":true,"href":"https:\/\/beuhparadis.com\/de\/wp-json\/wp\/v2\/media\/2150"}],"wp:attachment":[{"href":"https:\/\/beuhparadis.com\/de\/wp-json\/wp\/v2\/media?parent=2140"}],"wp:term":[{"taxonomy":"product_brand","embeddable":true,"href":"https:\/\/beuhparadis.com\/de\/wp-json\/wp\/v2\/product_brand?post=2140"},{"taxonomy":"product_cat","embeddable":true,"href":"https:\/\/beuhparadis.com\/de\/wp-json\/wp\/v2\/product_cat?post=2140"},{"taxonomy":"product_tag","embeddable":true,"href":"https:\/\/beuhparadis.com\/de\/wp-json\/wp\/v2\/product_tag?post=2140"}],"curies":[{"name":"wp","href":"https:\/\/api.w.org\/{rel}","templated":true}]}}