{"id":2135,"date":"2024-12-10T23:51:22","date_gmt":"2024-12-10T23:51:22","guid":{"rendered":"https:\/\/beuhparadis.com\/?post_type=product&#038;p=2135"},"modified":"2025-01-28T08:14:40","modified_gmt":"2025-01-28T08:14:40","slug":"bubble-hash","status":"publish","type":"product","link":"https:\/\/beuhparadis.com\/de\/product\/bubble-hash\/","title":{"rendered":"Bubble Hash"},"content":{"rendered":"<h1 class=\"wp-block-heading\">Bubble Hash kaufen: Das eiswassergereinigte Cannabiskonzentrat<\/h1>\n<p>Bubble Hash kaufen: Bubble Hash ist ein konzentriertes Cannabisprodukt, das f\u00fcr die Reinheit seiner Herstellung und seine F\u00e4higkeit, beim Konsum Blasen zu erzeugen, bekannt ist. Dieser Leitfaden erl\u00e4utert ausf\u00fchrlich den Herstellungsprozess, die Wirkung und die medizinischen Vorteile von Bubble Hash.<\/p>\n<h2 class=\"wp-block-heading\">Informationen zu Bubble Hash<\/h2>\n<ul class=\"wp-block-list\">\n<li><strong>Herstellung<\/strong> : Hash Bubble wird hergestellt, indem man die Cannabisbl\u00fcte in Eiswasser eintaucht und sie dann sch\u00fcttelt. Diese Methode trennt die harzhaltigen Dr\u00fcsen, die reich an THC und CBD sind, vom Rest der Pflanze.<\/li>\n<li><strong>Technik<\/strong> : Verwendung von speziellen S\u00e4cken, sogenannten \"Bubble Bags\", die mit Sieben ausgestattet sind, um die Trichome aus dem Pflanzenmaterial herauszufiltern.<\/li>\n<li><strong>Qualit\u00e4t<\/strong> Full Melt\" ist die h\u00f6chste Qualit\u00e4t von Bubble Hash, das sich durch seine F\u00e4higkeit auszeichnet, beim Rauchen oder Verdampfen fast vollst\u00e4ndig zu schmelzen.<\/li>\n<\/ul>\n<h2 class=\"wp-block-heading\">THC und CBD<\/h2>\n<ul class=\"wp-block-list\">\n<li><strong>THC<\/strong> : Hohe Konzentration, die je nach Qualit\u00e4t des Produkts variiert und bei den raffiniertesten Extraktionen bis zu 60% betragen kann.<\/li>\n<li><strong>CBD<\/strong> : Meist niedriger Gehalt, der die psychoaktiven Wirkungen verst\u00e4rkt, ohne sie zu verd\u00fcnnen.<\/li>\n<\/ul>\n<h2 class=\"wp-block-heading\">Effekte, Aromen und Geschmack<\/h2>\n<h3 class=\"wp-block-heading\">Wirkung<\/h3>\n<ul class=\"wp-block-list\">\n<li>Tiefe Entspannung und Euphorie, ideal f\u00fcr eine entspannte Erfahrung.<\/li>\n<\/ul>\n<h3 class=\"wp-block-heading\">Aroma<\/h3>\n<ul class=\"wp-block-list\">\n<li>Reiches und vielf\u00e4ltiges Aromaprofil mit Nuancen von s\u00fc\u00df bis erdig.<\/li>\n<\/ul>\n<h3 class=\"wp-block-heading\">Geschmack<\/h3>\n<ul class=\"wp-block-list\">\n<li>Reiner, konzentrierter Geschmack, der die Terpene und Cannabinoide der Originalpflanze getreu widerspiegelt.<\/li>\n<\/ul>\n<h2 class=\"wp-block-heading\">Medizinische Effekte<\/h2>\n<h3 class=\"wp-block-heading\">Medizinische Effekte<\/h3>\n<ul class=\"wp-block-list\">\n<li>Angstl\u00f6sende und entspannende Eigenschaften.<\/li>\n<\/ul>\n<h3 class=\"wp-block-heading\">Kann Linderung verschaffen<\/h3>\n<ul class=\"wp-block-list\">\n<li>Stress, Angstzust\u00e4nde und hilft durch seine sedierende Wirkung gegen Schlaflosigkeit.<\/li>\n<\/ul>\n<h2 class=\"wp-block-heading\">Wie man Hash raucht<\/h2>\n<ul class=\"wp-block-list\">\n<li>Kann verdampft, allein geraucht oder zu Joints hinzugef\u00fcgt werden, um das Cannabiserlebnis zu intensivieren.<\/li>\n<\/ul>\n<h2 class=\"wp-block-heading\">Wo kann man Bubble Hash online kaufen?<\/h2>\n<p><a href=\"https:\/\/beuhparadis.com\/de\/product\/charas-hash\/\">Beuhparadies<\/a> ist Ihre zuverl\u00e4ssige Quelle, um hochwertiges, garantiert reines und starkes Bubble Hash zu erwerben.<\/p>\n<h2 class=\"wp-block-heading\">Der Preis von Bubble Hash<\/h2>\n<p>Der Preis von Bubble Hash kann aufgrund mehrerer Faktoren variieren, darunter die Qualit\u00e4t, die THC-Konzentration und die Region, in der es gekauft wird. Bei Beuhparadis haben wir es uns zur Aufgabe gemacht, das beste Bubble Hash zum wettbewerbsf\u00e4higsten Preis auf dem Markt anzubieten.<\/p>\n<h3 class=\"wp-block-heading\">Wie erhalte ich den besten Preis?<\/h3>\n<ol class=\"wp-block-list\">\n<li><strong>Eink\u00e4ufe in Volumen<\/strong> : Nutzen Sie unsere Rabatte auf Gro\u00dfeink\u00e4ufe, um einen besseren Preis pro Gramm zu erzielen.<\/li>\n<li><strong>Sonderangebote und Promotionen<\/strong> : Halten Sie Ausschau nach unseren regelm\u00e4\u00dfigen Sonderangeboten, um von interessanten Preisnachl\u00e4ssen zu profitieren.<\/li>\n<\/ol>\n<h2 class=\"wp-block-heading\">Warum Hash Bubble auf Acheterducannabis.de kaufen?<\/h2>\n<p>Wir haben es uns zur Aufgabe gemacht, Bubble Hash von h\u00f6chster Qualit\u00e4t zu liefern. Dabei halten wir uns an traditionelle Produktionsmethoden, um ein authentisches und befriedigendes Nutzererlebnis zu gew\u00e4hrleisten.<\/p>\n<h2 class=\"wp-block-heading\">Europ\u00e4ische Gesetze zum Verkauf von Hash<\/h2>\n<p>Der Kauf von Bubble Hash \u00fcber Acheterducannabis.de entspricht den europ\u00e4ischen Gesetzen, wodurch eine sichere und legale Transaktion f\u00fcr alle unsere Kunden gew\u00e4hrleistet wird.<\/p>\n<p>Hash Bubble zeichnet sich durch seine einzigartige Herstellungsmethode und seine au\u00dfergew\u00f6hnliche Qualit\u00e4t aus. Ob Sie nun nach tiefer Entspannung oder medizinischen Vorteilen suchen, Hash Bubble ist eine hervorragende Option f\u00fcr alle, die Wert auf Reinheit und St\u00e4rke legen. Entdecken Sie es auf Acheterducannabis.de f\u00fcr ein unvergleichliches Erlebnis von konzentriertem Cannabis.<\/p>","protected":false},"excerpt":{"rendered":"<p><strong>THC:<\/strong> 60%<\/p>\n<p><strong>Medizinische Effekte<\/strong><br \/>\nAngstl\u00f6sende und entspannende Eigenschaften.<\/p>","protected":false},"featured_media":2149,"comment_status":"closed","ping_status":"closed","template":"","meta":{"site-sidebar-layout":"default","site-content-layout":"","ast-site-content-layout":"default","site-content-style":"default","site-sidebar-style":"default","ast-global-header-display":"","ast-banner-title-visibility":"","ast-main-header-display":"","ast-hfb-above-header-display":"","ast-hfb-below-header-display":"","ast-hfb-mobile-header-display":"","site-post-title":"","ast-breadcrumbs-content":"","ast-featured-img":"","footer-sml-layout":"","theme-transparent-header-meta":"default","adv-header-id-meta":"","stick-header-meta":"","header-above-stick-meta":"","header-main-stick-meta":"","header-below-stick-meta":"","astra-migrate-meta-layouts":"set","ast-page-background-enabled":"default","ast-page-background-meta":{"desktop":{"background-color":"","background-image":"","background-repeat":"repeat","background-position":"center center","background-size":"auto","background-attachment":"scroll","background-type":"","background-media":"","overlay-type":"","overlay-color":"","overlay-opacity":"","overlay-gradient":""},"tablet":{"background-color":"","background-image":"","background-repeat":"repeat","background-position":"center center","background-size":"auto","background-attachment":"scroll","background-type":"","background-media":"","overlay-type":"","overlay-color":"","overlay-opacity":"","overlay-gradient":""},"mobile":{"background-color":"","background-image":"","background-repeat":"repeat","background-position":"center center","background-size":"auto","background-attachment":"scroll","background-type":"","background-media":"","overlay-type":"","overlay-color":"","overlay-opacity":"","overlay-gradient":""}},"ast-content-background-meta":{"desktop":{"background-color":"var(--ast-global-color-5)","background-image":"","background-repeat":"repeat","background-position":"center center","background-size":"auto","background-attachment":"scroll","background-type":"","background-media":"","overlay-type":"","overlay-color":"","overlay-opacity":"","overlay-gradient":""},"tablet":{"background-color":"var(--ast-global-color-5)","background-image":"","background-repeat":"repeat","background-position":"center center","background-size":"auto","background-attachment":"scroll","background-type":"","background-media":"","overlay-type":"","overlay-color":"","overlay-opacity":"","overlay-gradient":""},"mobile":{"background-color":"var(--ast-global-color-5)","background-image":"","background-repeat":"repeat","background-position":"center center","background-size":"auto","background-attachment":"scroll","background-type":"","background-media":"","overlay-type":"","overlay-color":"","overlay-opacity":"","overlay-gradient":""}},"_joinchat":[]},"product_brand":[],"product_cat":[48],"product_tag":[],"class_list":{"0":"post-2135","1":"product","2":"type-product","3":"status-publish","4":"has-post-thumbnail","6":"product_cat-shit-thc","7":"desktop-align-left","8":"tablet-align-left","9":"mobile-align-left","11":"first","12":"instock","13":"shipping-taxable","14":"purchasable","15":"product-type-variable"},"yoast_head":"<!-- This site is optimized with the Yoast SEO Premium plugin v24.1 (Yoast SEO v26.8) - https:\/\/yoast.com\/product\/yoast-seo-premium-wordpress\/ -->\n<title>Acheter Bubble Hash en Ligne \u2013 Concentr\u00e9 de Cannabis Pur<\/title>\n<meta name=\"description\" content=\"Acheter Bubble Hash de qualit\u00e9 premium sur Beuh Paradis. Haschich pur, riche en THC, avec des saveurs naturelles. Livraison rapide et discr\u00e8te\" \/>\n<meta name=\"robots\" content=\"index, follow, max-snippet:-1, max-image-preview:large, max-video-preview:-1\" \/>\n<link rel=\"canonical\" href=\"https:\/\/beuhparadis.com\/de\/product\/bubble-hash\/\" \/>\n<meta property=\"og:locale\" content=\"de_DE\" \/>\n<meta property=\"og:type\" content=\"article\" \/>\n<meta property=\"og:title\" content=\"Bubble Hash\" \/>\n<meta property=\"og:description\" content=\"Acheter Bubble Hash de qualit\u00e9 premium sur Beuh Paradis. Haschich pur, riche en THC, avec des saveurs naturelles. Livraison rapide et discr\u00e8te\" \/>\n<meta property=\"og:url\" content=\"https:\/\/beuhparadis.com\/de\/product\/bubble-hash\/\" \/>\n<meta property=\"og:site_name\" content=\"Beuh Paradis\" \/>\n<meta property=\"article:modified_time\" content=\"2025-01-28T08:14:40+00:00\" \/>\n<meta property=\"og:image\" content=\"https:\/\/beuhparadis.com\/wp-content\/uploads\/2024\/12\/Bubble-Hash-2.jpeg\" \/>\n\t<meta property=\"og:image:width\" content=\"247\" \/>\n\t<meta property=\"og:image:height\" content=\"296\" \/>\n\t<meta property=\"og:image:type\" content=\"image\/jpeg\" \/>\n<meta name=\"twitter:card\" content=\"summary_large_image\" \/>\n<meta name=\"twitter:label1\" content=\"Gesch\u00e4tzte Lesezeit\" \/>\n\t<meta name=\"twitter:data1\" content=\"3 minutes\" \/>\n<script type=\"application\/ld+json\" class=\"yoast-schema-graph\">{\"@context\":\"https:\/\/schema.org\",\"@graph\":[{\"@type\":\"WebPage\",\"@id\":\"https:\/\/beuhparadis.com\/product\/bubble-hash\/\",\"url\":\"https:\/\/beuhparadis.com\/product\/bubble-hash\/\",\"name\":\"Acheter Bubble Hash en Ligne \u2013 Concentr\u00e9 de Cannabis Pur\",\"isPartOf\":{\"@id\":\"https:\/\/beuhparadis.com\/#website\"},\"primaryImageOfPage\":{\"@id\":\"https:\/\/beuhparadis.com\/product\/bubble-hash\/#primaryimage\"},\"image\":{\"@id\":\"https:\/\/beuhparadis.com\/product\/bubble-hash\/#primaryimage\"},\"thumbnailUrl\":\"https:\/\/beuhparadis.com\/wp-content\/uploads\/2024\/12\/Bubble-Hash-2.jpeg\",\"datePublished\":\"2024-12-10T23:51:22+00:00\",\"dateModified\":\"2025-01-28T08:14:40+00:00\",\"description\":\"Acheter Bubble Hash de qualit\u00e9 premium sur Beuh Paradis. Haschich pur, riche en THC, avec des saveurs naturelles. Livraison rapide et discr\u00e8te\",\"breadcrumb\":{\"@id\":\"https:\/\/beuhparadis.com\/product\/bubble-hash\/#breadcrumb\"},\"inLanguage\":\"de-DE-formal\",\"potentialAction\":[{\"@type\":\"ReadAction\",\"target\":[\"https:\/\/beuhparadis.com\/product\/bubble-hash\/\"]}]},{\"@type\":\"ImageObject\",\"inLanguage\":\"de-DE-formal\",\"@id\":\"https:\/\/beuhparadis.com\/product\/bubble-hash\/#primaryimage\",\"url\":\"https:\/\/beuhparadis.com\/wp-content\/uploads\/2024\/12\/Bubble-Hash-2.jpeg\",\"contentUrl\":\"https:\/\/beuhparadis.com\/wp-content\/uploads\/2024\/12\/Bubble-Hash-2.jpeg\",\"width\":247,\"height\":296},{\"@type\":\"BreadcrumbList\",\"@id\":\"https:\/\/beuhparadis.com\/product\/bubble-hash\/#breadcrumb\",\"itemListElement\":[{\"@type\":\"ListItem\",\"position\":1,\"name\":\"Home\",\"item\":\"https:\/\/beuhparadis.com\/\"},{\"@type\":\"ListItem\",\"position\":2,\"name\":\"Shop\",\"item\":\"https:\/\/beuhparadis.com\/shop\/\"},{\"@type\":\"ListItem\",\"position\":3,\"name\":\"Bubble Hash\"}]},{\"@type\":\"WebSite\",\"@id\":\"https:\/\/beuhparadis.com\/#website\",\"url\":\"https:\/\/beuhparadis.com\/\",\"name\":\"Beuh Paradis\",\"description\":\"\",\"potentialAction\":[{\"@type\":\"SearchAction\",\"target\":{\"@type\":\"EntryPoint\",\"urlTemplate\":\"https:\/\/beuhparadis.com\/?s={search_term_string}\"},\"query-input\":{\"@type\":\"PropertyValueSpecification\",\"valueRequired\":true,\"valueName\":\"search_term_string\"}}],\"inLanguage\":\"de-DE-formal\"}]}<\/script>\n<!-- \/ Yoast SEO Premium plugin. -->","yoast_head_json":{"title":"Bubble Hash online kaufen - Reines Cannabis-Konzentrat","description":"Kaufen Sie Bubble Hash in Premium-Qualit\u00e4t auf Beuh Paradis. Reines Haschisch, reich an THC, mit nat\u00fcrlichen Aromen. Schnelle und diskrete Lieferung","robots":{"index":"index","follow":"follow","max-snippet":"max-snippet:-1","max-image-preview":"max-image-preview:large","max-video-preview":"max-video-preview:-1"},"canonical":"https:\/\/beuhparadis.com\/de\/product\/bubble-hash\/","og_locale":"de_DE","og_type":"article","og_title":"Bubble Hash","og_description":"Acheter Bubble Hash de qualit\u00e9 premium sur Beuh Paradis. Haschich pur, riche en THC, avec des saveurs naturelles. Livraison rapide et discr\u00e8te","og_url":"https:\/\/beuhparadis.com\/de\/product\/bubble-hash\/","og_site_name":"Beuh Paradis","article_modified_time":"2025-01-28T08:14:40+00:00","og_image":[{"width":247,"height":296,"url":"https:\/\/beuhparadis.com\/wp-content\/uploads\/2024\/12\/Bubble-Hash-2.jpeg","type":"image\/jpeg"}],"twitter_card":"summary_large_image","twitter_misc":{"Gesch\u00e4tzte Lesezeit":"3 minutes"},"schema":{"@context":"https:\/\/schema.org","@graph":[{"@type":"WebPage","@id":"https:\/\/beuhparadis.com\/product\/bubble-hash\/","url":"https:\/\/beuhparadis.com\/product\/bubble-hash\/","name":"Bubble Hash online kaufen - Reines Cannabis-Konzentrat","isPartOf":{"@id":"https:\/\/beuhparadis.com\/#website"},"primaryImageOfPage":{"@id":"https:\/\/beuhparadis.com\/product\/bubble-hash\/#primaryimage"},"image":{"@id":"https:\/\/beuhparadis.com\/product\/bubble-hash\/#primaryimage"},"thumbnailUrl":"https:\/\/beuhparadis.com\/wp-content\/uploads\/2024\/12\/Bubble-Hash-2.jpeg","datePublished":"2024-12-10T23:51:22+00:00","dateModified":"2025-01-28T08:14:40+00:00","description":"Kaufen Sie Bubble Hash in Premium-Qualit\u00e4t auf Beuh Paradis. Reines Haschisch, reich an THC, mit nat\u00fcrlichen Aromen. Schnelle und diskrete Lieferung","breadcrumb":{"@id":"https:\/\/beuhparadis.com\/product\/bubble-hash\/#breadcrumb"},"inLanguage":"de-DE-formal","potentialAction":[{"@type":"ReadAction","target":["https:\/\/beuhparadis.com\/product\/bubble-hash\/"]}]},{"@type":"ImageObject","inLanguage":"de-DE-formal","@id":"https:\/\/beuhparadis.com\/product\/bubble-hash\/#primaryimage","url":"https:\/\/beuhparadis.com\/wp-content\/uploads\/2024\/12\/Bubble-Hash-2.jpeg","contentUrl":"https:\/\/beuhparadis.com\/wp-content\/uploads\/2024\/12\/Bubble-Hash-2.jpeg","width":247,"height":296},{"@type":"BreadcrumbList","@id":"https:\/\/beuhparadis.com\/product\/bubble-hash\/#breadcrumb","itemListElement":[{"@type":"ListItem","position":1,"name":"Home","item":"https:\/\/beuhparadis.com\/"},{"@type":"ListItem","position":2,"name":"Shop","item":"https:\/\/beuhparadis.com\/shop\/"},{"@type":"ListItem","position":3,"name":"Bubble Hash"}]},{"@type":"WebSite","@id":"https:\/\/beuhparadis.com\/#website","url":"https:\/\/beuhparadis.com\/","name":"Gras Paradies","description":"","potentialAction":[{"@type":"SearchAction","target":{"@type":"EntryPoint","urlTemplate":"https:\/\/beuhparadis.com\/?s={search_term_string}"},"query-input":{"@type":"PropertyValueSpecification","valueRequired":true,"valueName":"search_term_string"}}],"inLanguage":"de-DE-formal"}]}},"_links":{"self":[{"href":"https:\/\/beuhparadis.com\/de\/wp-json\/wp\/v2\/product\/2135","targetHints":{"allow":["GET"]}}],"collection":[{"href":"https:\/\/beuhparadis.com\/de\/wp-json\/wp\/v2\/product"}],"about":[{"href":"https:\/\/beuhparadis.com\/de\/wp-json\/wp\/v2\/types\/product"}],"replies":[{"embeddable":true,"href":"https:\/\/beuhparadis.com\/de\/wp-json\/wp\/v2\/comments?post=2135"}],"wp:featuredmedia":[{"embeddable":true,"href":"https:\/\/beuhparadis.com\/de\/wp-json\/wp\/v2\/media\/2149"}],"wp:attachment":[{"href":"https:\/\/beuhparadis.com\/de\/wp-json\/wp\/v2\/media?parent=2135"}],"wp:term":[{"taxonomy":"product_brand","embeddable":true,"href":"https:\/\/beuhparadis.com\/de\/wp-json\/wp\/v2\/product_brand?post=2135"},{"taxonomy":"product_cat","embeddable":true,"href":"https:\/\/beuhparadis.com\/de\/wp-json\/wp\/v2\/product_cat?post=2135"},{"taxonomy":"product_tag","embeddable":true,"href":"https:\/\/beuhparadis.com\/de\/wp-json\/wp\/v2\/product_tag?post=2135"}],"curies":[{"name":"wp","href":"https:\/\/api.w.org\/{rel}","templated":true}]}}