{"id":2130,"date":"2024-12-10T23:51:22","date_gmt":"2024-12-10T23:51:22","guid":{"rendered":"https:\/\/beuhparadis.com\/?post_type=product&#038;p=2130"},"modified":"2025-01-28T08:09:00","modified_gmt":"2025-01-28T08:09:00","slug":"charas-hash","status":"publish","type":"product","link":"https:\/\/beuhparadis.com\/de\/product\/charas-hash\/","title":{"rendered":"Charas Hash"},"content":{"rendered":"<h3><strong>Charas Hash online kaufen - Eine einzigartige Erfahrung mit Beuh Paradis<\/strong><\/h3>\n<h4><\/h4>\n<p>Kaufen Sie charas Hash online: Die <strong>Charas Hash<\/strong>Das legend\u00e4re, handgefertigte Produkt kann jetzt online gekauft werden unter <strong><a href=\"https:\/\/beuhparadis.com\/de\" target=\"_new\" rel=\"noopener\">Gras Paradies<\/a><\/strong>. Dieses traditionelle Haschisch, das aus hochwertigem Cannabisharz hergestellt wird, ist wegen seines authentischen Geschmacks und seiner starken Wirkung beliebt. Ob Sie nun ein Kenner oder ein neuer Liebhaber sind, Charas Hasch verspricht Ihnen ein unvergessliches Erlebnis, das direkt zu Ihnen nach Hause geliefert wird.<\/p>\n<h4><strong>\u00a0Was ist Charas Hash?<\/strong><\/h4>\n<p>Die <strong>Charas Hash<\/strong> ist eine einzigartige Art von Haschisch, die aus den Bergregionen des Himalaya stammt. Im Gegensatz zu anderen Haschischsorten wird es hergestellt, indem die frischen Cannabisbl\u00fcten von Hand gerieben werden, um das Harz zu extrahieren. Dieser handwerkliche Prozess ergibt ein terpenreiches Produkt mit erdigen und w\u00fcrzigen Aromen, das eine starke und entspannende Wirkung bietet.<\/p>\n<h4><strong>\u00a0Warum Charas Hash auf Beuh Paradis kaufen?<\/strong><\/h4>\n<p>Bei <strong>Gras Paradies<\/strong>Wir haben es uns zur Aufgabe gemacht, Produkte von herausragender Qualit\u00e4t zu liefern, damit Sie rundum zufrieden sind. Hier sind die Gr\u00fcnde, warum Sie sich f\u00fcr den <strong>Charas Hash<\/strong> auf unserer Plattform :<\/p>\n<ul>\n<li><strong>Premium-Qualit\u00e4t :<\/strong> Unser Charas Hash wird aus sorgf\u00e4ltig angebautem Cannabis hergestellt, was ein reines und starkes Produkt garantiert.<\/li>\n<li><strong>Competitive Awards :<\/strong> Profitieren Sie von einem hervorragenden Preis-Leistungs-Verh\u00e4ltnis bei allen unseren Produkten, einschlie\u00dflich Charas Hash.<\/li>\n<li><strong>Schnelle und diskrete Lieferung :<\/strong> Bestellen Sie ganz einfach online und erhalten Sie Ihr Charas Hash schnell und diskret.<\/li>\n<li><strong>Sichere Seite :<\/strong> Auf <strong><a href=\"https:\/\/beuhparadis.com\/de\" target=\"_new\" rel=\"noopener\">Gras Paradies<\/a><\/strong>Ihre Zahlungen und pers\u00f6nlichen Daten sind durch unsere fortschrittlichen Sicherheitssysteme gesch\u00fctzt.<\/li>\n<\/ul>\n<h4><strong>\u00a0Die Vorteile von Charas Hash<\/strong><\/h4>\n<p>Die <strong>Charas Hash<\/strong> wird gesch\u00e4tzt f\u00fcr :<\/p>\n<ul>\n<li><strong>Seine reichhaltigen Aromen :<\/strong> W\u00fcrzige und erdige Noten, die Liebhaber von authentischem Haschisch begeistern werden.<\/li>\n<li><strong>Seine starken Effekte :<\/strong> Tiefe Entspannung in Kombination mit einem Gef\u00fchl geistiger Leichtigkeit.<\/li>\n<li><strong>Seine handwerkliche Authentizit\u00e4t :<\/strong> Der Charas Hash wird nach uralten Traditionen von Hand gefertigt und ist ein wahres Kunstwerk.<\/li>\n<\/ul>\n<h4><strong>\u00a0Bestellen Sie jetzt Ihr Charas Hash online<\/strong><\/h4>\n<p>Mit <strong><a href=\"https:\/\/beuhparadis.com\/de\" target=\"_new\" rel=\"noopener\">Gras Paradies<\/a><\/strong>, kaufen von <strong>Charas Hash online<\/strong> war noch nie so einfach und sicher. Entdecken Sie unsere Premium-Produktpalette und genie\u00dfen Sie ein au\u00dfergew\u00f6hnliches Cannabis-Erlebnis. Geben Sie noch heute Ihre Bestellung auf und lassen Sie sich von der Authentizit\u00e4t und Kraft von Charas Hash verf\u00fchren.<\/p>","protected":false},"excerpt":{"rendered":"<p><strong>THC:<\/strong> 29%<\/p>","protected":false},"featured_media":2148,"comment_status":"closed","ping_status":"closed","template":"","meta":{"site-sidebar-layout":"default","site-content-layout":"","ast-site-content-layout":"default","site-content-style":"default","site-sidebar-style":"default","ast-global-header-display":"","ast-banner-title-visibility":"","ast-main-header-display":"","ast-hfb-above-header-display":"","ast-hfb-below-header-display":"","ast-hfb-mobile-header-display":"","site-post-title":"","ast-breadcrumbs-content":"","ast-featured-img":"","footer-sml-layout":"","theme-transparent-header-meta":"default","adv-header-id-meta":"","stick-header-meta":"","header-above-stick-meta":"","header-main-stick-meta":"","header-below-stick-meta":"","astra-migrate-meta-layouts":"set","ast-page-background-enabled":"default","ast-page-background-meta":{"desktop":{"background-color":"","background-image":"","background-repeat":"repeat","background-position":"center center","background-size":"auto","background-attachment":"scroll","background-type":"","background-media":"","overlay-type":"","overlay-color":"","overlay-opacity":"","overlay-gradient":""},"tablet":{"background-color":"","background-image":"","background-repeat":"repeat","background-position":"center center","background-size":"auto","background-attachment":"scroll","background-type":"","background-media":"","overlay-type":"","overlay-color":"","overlay-opacity":"","overlay-gradient":""},"mobile":{"background-color":"","background-image":"","background-repeat":"repeat","background-position":"center center","background-size":"auto","background-attachment":"scroll","background-type":"","background-media":"","overlay-type":"","overlay-color":"","overlay-opacity":"","overlay-gradient":""}},"ast-content-background-meta":{"desktop":{"background-color":"var(--ast-global-color-5)","background-image":"","background-repeat":"repeat","background-position":"center center","background-size":"auto","background-attachment":"scroll","background-type":"","background-media":"","overlay-type":"","overlay-color":"","overlay-opacity":"","overlay-gradient":""},"tablet":{"background-color":"var(--ast-global-color-5)","background-image":"","background-repeat":"repeat","background-position":"center center","background-size":"auto","background-attachment":"scroll","background-type":"","background-media":"","overlay-type":"","overlay-color":"","overlay-opacity":"","overlay-gradient":""},"mobile":{"background-color":"var(--ast-global-color-5)","background-image":"","background-repeat":"repeat","background-position":"center center","background-size":"auto","background-attachment":"scroll","background-type":"","background-media":"","overlay-type":"","overlay-color":"","overlay-opacity":"","overlay-gradient":""}},"_joinchat":[]},"product_brand":[],"product_cat":[48],"product_tag":[],"class_list":{"0":"post-2130","1":"product","2":"type-product","3":"status-publish","4":"has-post-thumbnail","6":"product_cat-shit-thc","7":"desktop-align-left","8":"tablet-align-left","9":"mobile-align-left","11":"first","12":"instock","13":"shipping-taxable","14":"purchasable","15":"product-type-variable"},"yoast_head":"<!-- This site is optimized with the Yoast SEO Premium plugin v24.1 (Yoast SEO v26.8) - https:\/\/yoast.com\/product\/yoast-seo-premium-wordpress\/ -->\n<title>Acheter Charas Hash en Ligne \u2013 Qualit\u00e9 Premium | Beuh Paradis<\/title>\n<meta name=\"description\" content=\"Achate du Charas Hash artisanal en ligne sur Beuh Paradis. Profitez d\u2019un haschich authentique.. Livraison rapide et discr\u00e8te\" \/>\n<meta name=\"robots\" content=\"index, follow, max-snippet:-1, max-image-preview:large, max-video-preview:-1\" \/>\n<link rel=\"canonical\" href=\"https:\/\/beuhparadis.com\/de\/product\/charas-hash\/\" \/>\n<meta property=\"og:locale\" content=\"de_DE\" \/>\n<meta property=\"og:type\" content=\"article\" \/>\n<meta property=\"og:title\" content=\"Charas Hash\" \/>\n<meta property=\"og:description\" content=\"Achate du Charas Hash artisanal en ligne sur Beuh Paradis. Profitez d\u2019un haschich authentique.. Livraison rapide et discr\u00e8te\" \/>\n<meta property=\"og:url\" content=\"https:\/\/beuhparadis.com\/de\/product\/charas-hash\/\" \/>\n<meta property=\"og:site_name\" content=\"Beuh Paradis\" \/>\n<meta property=\"article:modified_time\" content=\"2025-01-28T08:09:00+00:00\" \/>\n<meta property=\"og:image\" content=\"https:\/\/beuhparadis.com\/wp-content\/uploads\/2024\/12\/Charas-Hash-2.jpeg\" \/>\n\t<meta property=\"og:image:width\" content=\"247\" \/>\n\t<meta property=\"og:image:height\" content=\"296\" \/>\n\t<meta property=\"og:image:type\" content=\"image\/jpeg\" \/>\n<meta name=\"twitter:card\" content=\"summary_large_image\" \/>\n<meta name=\"twitter:label1\" content=\"Gesch\u00e4tzte Lesezeit\" \/>\n\t<meta name=\"twitter:data1\" content=\"2 minutes\" \/>\n<script type=\"application\/ld+json\" class=\"yoast-schema-graph\">{\"@context\":\"https:\/\/schema.org\",\"@graph\":[{\"@type\":\"WebPage\",\"@id\":\"https:\/\/beuhparadis.com\/product\/charas-hash\/\",\"url\":\"https:\/\/beuhparadis.com\/product\/charas-hash\/\",\"name\":\"Acheter Charas Hash en Ligne \u2013 Qualit\u00e9 Premium | Beuh Paradis\",\"isPartOf\":{\"@id\":\"https:\/\/beuhparadis.com\/#website\"},\"primaryImageOfPage\":{\"@id\":\"https:\/\/beuhparadis.com\/product\/charas-hash\/#primaryimage\"},\"image\":{\"@id\":\"https:\/\/beuhparadis.com\/product\/charas-hash\/#primaryimage\"},\"thumbnailUrl\":\"https:\/\/beuhparadis.com\/wp-content\/uploads\/2024\/12\/Charas-Hash-2.jpeg\",\"datePublished\":\"2024-12-10T23:51:22+00:00\",\"dateModified\":\"2025-01-28T08:09:00+00:00\",\"description\":\"Achate du Charas Hash artisanal en ligne sur Beuh Paradis. Profitez d\u2019un haschich authentique.. Livraison rapide et discr\u00e8te\",\"breadcrumb\":{\"@id\":\"https:\/\/beuhparadis.com\/product\/charas-hash\/#breadcrumb\"},\"inLanguage\":\"de-DE-formal\",\"potentialAction\":[{\"@type\":\"ReadAction\",\"target\":[\"https:\/\/beuhparadis.com\/product\/charas-hash\/\"]}]},{\"@type\":\"ImageObject\",\"inLanguage\":\"de-DE-formal\",\"@id\":\"https:\/\/beuhparadis.com\/product\/charas-hash\/#primaryimage\",\"url\":\"https:\/\/beuhparadis.com\/wp-content\/uploads\/2024\/12\/Charas-Hash-2.jpeg\",\"contentUrl\":\"https:\/\/beuhparadis.com\/wp-content\/uploads\/2024\/12\/Charas-Hash-2.jpeg\",\"width\":247,\"height\":296,\"caption\":\"Acheter Charas Hash en Ligne\"},{\"@type\":\"BreadcrumbList\",\"@id\":\"https:\/\/beuhparadis.com\/product\/charas-hash\/#breadcrumb\",\"itemListElement\":[{\"@type\":\"ListItem\",\"position\":1,\"name\":\"Home\",\"item\":\"https:\/\/beuhparadis.com\/\"},{\"@type\":\"ListItem\",\"position\":2,\"name\":\"Shop\",\"item\":\"https:\/\/beuhparadis.com\/shop\/\"},{\"@type\":\"ListItem\",\"position\":3,\"name\":\"Charas Hash\"}]},{\"@type\":\"WebSite\",\"@id\":\"https:\/\/beuhparadis.com\/#website\",\"url\":\"https:\/\/beuhparadis.com\/\",\"name\":\"Beuh Paradis\",\"description\":\"\",\"potentialAction\":[{\"@type\":\"SearchAction\",\"target\":{\"@type\":\"EntryPoint\",\"urlTemplate\":\"https:\/\/beuhparadis.com\/?s={search_term_string}\"},\"query-input\":{\"@type\":\"PropertyValueSpecification\",\"valueRequired\":true,\"valueName\":\"search_term_string\"}}],\"inLanguage\":\"de-DE-formal\"}]}<\/script>\n<!-- \/ Yoast SEO Premium plugin. -->","yoast_head_json":{"title":"Charas Hash online kaufen - Premium Qualit\u00e4t | Beuh Paradis","description":"Kaufe handgefertigtes Charas Hasch online auf Beuh Paradis. Genie\u00dfen Sie authentisches Haschisch... Schnelle und diskrete Lieferung","robots":{"index":"index","follow":"follow","max-snippet":"max-snippet:-1","max-image-preview":"max-image-preview:large","max-video-preview":"max-video-preview:-1"},"canonical":"https:\/\/beuhparadis.com\/de\/product\/charas-hash\/","og_locale":"de_DE","og_type":"article","og_title":"Charas Hash","og_description":"Achate du Charas Hash artisanal en ligne sur Beuh Paradis. Profitez d\u2019un haschich authentique.. Livraison rapide et discr\u00e8te","og_url":"https:\/\/beuhparadis.com\/de\/product\/charas-hash\/","og_site_name":"Beuh Paradis","article_modified_time":"2025-01-28T08:09:00+00:00","og_image":[{"width":247,"height":296,"url":"https:\/\/beuhparadis.com\/wp-content\/uploads\/2024\/12\/Charas-Hash-2.jpeg","type":"image\/jpeg"}],"twitter_card":"summary_large_image","twitter_misc":{"Gesch\u00e4tzte Lesezeit":"2 minutes"},"schema":{"@context":"https:\/\/schema.org","@graph":[{"@type":"WebPage","@id":"https:\/\/beuhparadis.com\/product\/charas-hash\/","url":"https:\/\/beuhparadis.com\/product\/charas-hash\/","name":"Charas Hash online kaufen - Premium Qualit\u00e4t | Beuh Paradis","isPartOf":{"@id":"https:\/\/beuhparadis.com\/#website"},"primaryImageOfPage":{"@id":"https:\/\/beuhparadis.com\/product\/charas-hash\/#primaryimage"},"image":{"@id":"https:\/\/beuhparadis.com\/product\/charas-hash\/#primaryimage"},"thumbnailUrl":"https:\/\/beuhparadis.com\/wp-content\/uploads\/2024\/12\/Charas-Hash-2.jpeg","datePublished":"2024-12-10T23:51:22+00:00","dateModified":"2025-01-28T08:09:00+00:00","description":"Kaufe handgefertigtes Charas Hasch online auf Beuh Paradis. Genie\u00dfen Sie authentisches Haschisch... Schnelle und diskrete Lieferung","breadcrumb":{"@id":"https:\/\/beuhparadis.com\/product\/charas-hash\/#breadcrumb"},"inLanguage":"de-DE-formal","potentialAction":[{"@type":"ReadAction","target":["https:\/\/beuhparadis.com\/product\/charas-hash\/"]}]},{"@type":"ImageObject","inLanguage":"de-DE-formal","@id":"https:\/\/beuhparadis.com\/product\/charas-hash\/#primaryimage","url":"https:\/\/beuhparadis.com\/wp-content\/uploads\/2024\/12\/Charas-Hash-2.jpeg","contentUrl":"https:\/\/beuhparadis.com\/wp-content\/uploads\/2024\/12\/Charas-Hash-2.jpeg","width":247,"height":296,"caption":"Acheter Charas Hash en Ligne"},{"@type":"BreadcrumbList","@id":"https:\/\/beuhparadis.com\/product\/charas-hash\/#breadcrumb","itemListElement":[{"@type":"ListItem","position":1,"name":"Home","item":"https:\/\/beuhparadis.com\/"},{"@type":"ListItem","position":2,"name":"Shop","item":"https:\/\/beuhparadis.com\/shop\/"},{"@type":"ListItem","position":3,"name":"Charas Hash"}]},{"@type":"WebSite","@id":"https:\/\/beuhparadis.com\/#website","url":"https:\/\/beuhparadis.com\/","name":"Gras Paradies","description":"","potentialAction":[{"@type":"SearchAction","target":{"@type":"EntryPoint","urlTemplate":"https:\/\/beuhparadis.com\/?s={search_term_string}"},"query-input":{"@type":"PropertyValueSpecification","valueRequired":true,"valueName":"search_term_string"}}],"inLanguage":"de-DE-formal"}]}},"_links":{"self":[{"href":"https:\/\/beuhparadis.com\/de\/wp-json\/wp\/v2\/product\/2130","targetHints":{"allow":["GET"]}}],"collection":[{"href":"https:\/\/beuhparadis.com\/de\/wp-json\/wp\/v2\/product"}],"about":[{"href":"https:\/\/beuhparadis.com\/de\/wp-json\/wp\/v2\/types\/product"}],"replies":[{"embeddable":true,"href":"https:\/\/beuhparadis.com\/de\/wp-json\/wp\/v2\/comments?post=2130"}],"wp:featuredmedia":[{"embeddable":true,"href":"https:\/\/beuhparadis.com\/de\/wp-json\/wp\/v2\/media\/2148"}],"wp:attachment":[{"href":"https:\/\/beuhparadis.com\/de\/wp-json\/wp\/v2\/media?parent=2130"}],"wp:term":[{"taxonomy":"product_brand","embeddable":true,"href":"https:\/\/beuhparadis.com\/de\/wp-json\/wp\/v2\/product_brand?post=2130"},{"taxonomy":"product_cat","embeddable":true,"href":"https:\/\/beuhparadis.com\/de\/wp-json\/wp\/v2\/product_cat?post=2130"},{"taxonomy":"product_tag","embeddable":true,"href":"https:\/\/beuhparadis.com\/de\/wp-json\/wp\/v2\/product_tag?post=2130"}],"curies":[{"name":"wp","href":"https:\/\/api.w.org\/{rel}","templated":true}]}}