{"id":2125,"date":"2024-12-10T23:51:21","date_gmt":"2024-12-10T23:51:21","guid":{"rendered":"https:\/\/beuhparadis.com\/?post_type=product&#038;p=2125"},"modified":"2025-01-28T08:27:25","modified_gmt":"2025-01-28T08:27:25","slug":"honey-moroccan-blonde-hash","status":"publish","type":"product","link":"https:\/\/beuhparadis.com\/de\/product\/honey-moroccan-blonde-hash\/","title":{"rendered":"Honey Moroccan Blonde Hash"},"content":{"rendered":"<h1 class=\"wp-block-heading\">Kaufen Honey Moroccan Blonde Hash<\/h1>\n<p>Entdecken Sie Honey Moroccan Blonde Hash, ein ikonisches Produkt aus Marokko, das f\u00fcr seine au\u00dfergew\u00f6hnliche Qualit\u00e4t und seine einzigartige Textur bekannt ist. Dieses Hasch ist das Ergebnis einer uralten Tradition der Haschischherstellung in Nordafrika und bietet Cannabisliebhabern ein unvergessliches Erlebnis.<\/p>\n<h2 class=\"wp-block-heading\">Informationen zu Honey Moroccan Blonde Hash<\/h2>\n<ul class=\"wp-block-list\">\n<li><strong>Herkunft<\/strong> : Hergestellt in Marokko, dem gr\u00f6\u00dften Produzenten von hochwertigem Haschisch in Nordafrika.<\/li>\n<li><strong>Produktion<\/strong> : Haschisch wird aus den Bl\u00fcten der Cannabispflanze hergestellt, die in Marokko oft \"Kif\" genannt wird.<\/li>\n<li><strong>Textur<\/strong> : Weich und geschmeidig, kann leicht mit den Fingern zu einer Kugel oder einer Schlange geformt werden.<\/li>\n<li><strong>Methoden des Konsums<\/strong> : Kann gerollt, langsam verbrannt oder gegrillt werden, ideal zum Einarbeiten in einen Joint.<\/li>\n<\/ul>\n<h2 class=\"wp-block-heading\">THC und CBD<\/h2>\n<ul class=\"wp-block-list\">\n<li><strong>THC :<\/strong> M\u00e4\u00dfige Konzentration, bei der die Qualit\u00e4t der Verbrennung und tiefe Effekte wichtiger sind als ein intensives, kurzzeitiges High.<\/li>\n<li><strong>CBD:<\/strong> Spezifische Informationen zu CBD werden nicht gegeben, wobei der Schwerpunkt auf der ausgewogenen Erfahrung mit THC liegt.<\/li>\n<\/ul>\n<h2 class=\"wp-block-heading\">Wirkung, Aroma und Geschmack<\/h2>\n<h3 class=\"wp-block-heading\">Wirkung<\/h3>\n<p>Blonde Hash bietet ein entspannendes, rituelles Erlebnis, das perfekt f\u00fcr diejenigen ist, die eine langsame Verbrennung und ausgewogene Effekte genie\u00dfen wollen.<\/p>\n<h3 class=\"wp-block-heading\">Aroma<\/h3>\n<p>Das Aroma von Moroccan Hash ist charakteristisch f\u00fcr marokkanisches Haschisch und bietet ein authentisches Geruchserlebnis.<\/p>\n<h3 class=\"wp-block-heading\">Geschmack<\/h3>\n<p>Der Geschmack ist reich und komplex und spiegelt die hohe Qualit\u00e4t dieses marokkanischen Haschischs wider.<\/p>\n<h2 class=\"wp-block-heading\">Medizinische Effekte<\/h2>\n<h3 class=\"wp-block-heading\">Medizinische Effekte<\/h3>\n<ul class=\"wp-block-list\">\n<li>Bietet ein entspannendes Erlebnis, ohne \u00fcberm\u00e4\u00dfige Schl\u00e4frigkeit zu verursachen.<\/li>\n<li>Ideal f\u00fcr den Einsatz in einer entspannten Umgebung.<\/li>\n<\/ul>\n<h3 class=\"wp-block-heading\">Kann Linderung verschaffen<\/h3>\n<ul class=\"wp-block-list\">\n<li>Stress.<\/li>\n<li>Angstzust\u00e4nde.<\/li>\n<li>Leichte Schmerzen.<\/li>\n<\/ul>\n<h2 class=\"wp-block-heading\">Wie man Hash raucht<\/h2>\n<p>Honey Moroccan Hash kann auf verschiedene Arten konsumiert werden:<\/p>\n<ul class=\"wp-block-list\">\n<li>Zu einer Schlange gerollt und in einen Joint oder Blunt eingearbeitet.<\/li>\n<li>Wird zu Blumen in einer Pfeife hinzugef\u00fcgt oder mit ihnen gemischt.<\/li>\n<li>Wird allein auf einem Bildschirm in einer Pfeife oder in einer Wasserpfeife konsumiert.<\/li>\n<li>Verdampft, am besten mit einem f\u00fcr Haschisch und \u00e4hnliche Konzentrate geeigneten Verdampfer.<\/li>\n<\/ul>\n<h2 class=\"wp-block-heading\">Wo kann man Honey Moroccan Blonde Hash online kaufen?<\/h2>\n<p>Acheterducannabis.de ist Ihr bevorzugtes Ziel, um Honey Moroccan Blonde Hash online zu erwerben, und garantiert ein authentisches und hochwertiges Produkt.<\/p>\n<h2 class=\"wp-block-heading\">Warum sollte man Honey Moroccan Blonde Hash auf Acheterducannabis.de kaufen?<\/h2>\n<p>Durch die Wahl <a href=\"https:\/\/beuhparadis.com\/de\/product\/afghan-hash\/\" data-type=\"link\" data-id=\"https:\/\/acheterducannabis.fr\/\">beuhparadis<\/a>Wenn Sie sich f\u00fcr ein erstklassiges marokkanisches Haschisch entscheiden, ist es ideal f\u00fcr diejenigen, die ein authentisches und qualitativ hochwertiges Cannabiserlebnis suchen.<\/p>\n<h2 class=\"wp-block-heading\">Regierungsgesetze zum Verkauf von Hash in Europa<\/h2>\n<p>Der Kauf von Honey Blonde Hash \u00fcber Acheterducannabis.de garantiert Ihnen die vollst\u00e4ndige Einhaltung der europ\u00e4ischen Gesetzgebung und erm\u00f6glicht ein legales und sicheres Einkaufserlebnis.<\/p>\n<p>Honey Moroccan Blonde Hash ist mehr als nur ein Cannabisprodukt; es ist eine Einladung, den Reichtum der marokkanischen Kultur durch ein einzigartiges und unvergessliches Konsumerlebnis zu entdecken. Ob Sie nun auf der Suche nach einer tiefen Entspannung sind oder eine neue Art und Weise suchen, Ihre Zeit zu genie\u00dfen, Honey Moroccan Hash ist die erste Wahl f\u00fcr Kenner.<\/p>","protected":false},"excerpt":{"rendered":"<p><strong>THC:<\/strong> 30%<\/p>\n<p>&amp;lt;strong&gt;Effets M&eacute;dicaux&lt;\/strong&gt;<\/p>\n<p><ul class=\"wp-block-list\"><li>Sorgt f\u00fcr ein entspannendes Erlebnis, ohne \u00fcberm\u00e4\u00dfige Schl\u00e4frigkeit zu verursachen.<\/p>\n<ul>\n<li>Ideal f\u00fcr den Einsatz in einer entspannten Umgebung.<\/li>\n<\/ul>","protected":false},"featured_media":2147,"comment_status":"closed","ping_status":"closed","template":"","meta":{"site-sidebar-layout":"default","site-content-layout":"","ast-site-content-layout":"default","site-content-style":"default","site-sidebar-style":"default","ast-global-header-display":"","ast-banner-title-visibility":"","ast-main-header-display":"","ast-hfb-above-header-display":"","ast-hfb-below-header-display":"","ast-hfb-mobile-header-display":"","site-post-title":"","ast-breadcrumbs-content":"","ast-featured-img":"","footer-sml-layout":"","theme-transparent-header-meta":"default","adv-header-id-meta":"","stick-header-meta":"","header-above-stick-meta":"","header-main-stick-meta":"","header-below-stick-meta":"","astra-migrate-meta-layouts":"set","ast-page-background-enabled":"default","ast-page-background-meta":{"desktop":{"background-color":"","background-image":"","background-repeat":"repeat","background-position":"center center","background-size":"auto","background-attachment":"scroll","background-type":"","background-media":"","overlay-type":"","overlay-color":"","overlay-opacity":"","overlay-gradient":""},"tablet":{"background-color":"","background-image":"","background-repeat":"repeat","background-position":"center center","background-size":"auto","background-attachment":"scroll","background-type":"","background-media":"","overlay-type":"","overlay-color":"","overlay-opacity":"","overlay-gradient":""},"mobile":{"background-color":"","background-image":"","background-repeat":"repeat","background-position":"center center","background-size":"auto","background-attachment":"scroll","background-type":"","background-media":"","overlay-type":"","overlay-color":"","overlay-opacity":"","overlay-gradient":""}},"ast-content-background-meta":{"desktop":{"background-color":"var(--ast-global-color-5)","background-image":"","background-repeat":"repeat","background-position":"center center","background-size":"auto","background-attachment":"scroll","background-type":"","background-media":"","overlay-type":"","overlay-color":"","overlay-opacity":"","overlay-gradient":""},"tablet":{"background-color":"var(--ast-global-color-5)","background-image":"","background-repeat":"repeat","background-position":"center center","background-size":"auto","background-attachment":"scroll","background-type":"","background-media":"","overlay-type":"","overlay-color":"","overlay-opacity":"","overlay-gradient":""},"mobile":{"background-color":"var(--ast-global-color-5)","background-image":"","background-repeat":"repeat","background-position":"center center","background-size":"auto","background-attachment":"scroll","background-type":"","background-media":"","overlay-type":"","overlay-color":"","overlay-opacity":"","overlay-gradient":""}},"_joinchat":[]},"product_brand":[],"product_cat":[48],"product_tag":[],"class_list":{"0":"post-2125","1":"product","2":"type-product","3":"status-publish","4":"has-post-thumbnail","6":"product_cat-shit-thc","7":"desktop-align-left","8":"tablet-align-left","9":"mobile-align-left","11":"first","12":"instock","13":"shipping-taxable","14":"purchasable","15":"product-type-variable"},"yoast_head":"<!-- This site is optimized with the Yoast SEO Premium plugin v24.1 (Yoast SEO v26.8) - https:\/\/yoast.com\/product\/yoast-seo-premium-wordpress\/ -->\n<title>Acheter Honey Moroccan Blonde Hash | Qualite Premium<\/title>\n<meta name=\"description\" content=\"Commandez du Honey Moroccan Blonde Hash de qualit\u00e9 premium sur Beuh Paradis. Haschich pur, riche en THC, avec des saveurs naturelles.\" \/>\n<meta name=\"robots\" content=\"index, follow, max-snippet:-1, max-image-preview:large, max-video-preview:-1\" \/>\n<link rel=\"canonical\" href=\"https:\/\/beuhparadis.com\/de\/product\/honey-moroccan-blonde-hash\/\" \/>\n<meta property=\"og:locale\" content=\"de_DE\" \/>\n<meta property=\"og:type\" content=\"article\" \/>\n<meta property=\"og:title\" content=\"Honey Moroccan Blonde Hash\" \/>\n<meta property=\"og:description\" content=\"Commandez du Honey Moroccan Blonde Hash de qualit\u00e9 premium sur Beuh Paradis. Haschich pur, riche en THC, avec des saveurs naturelles.\" \/>\n<meta property=\"og:url\" content=\"https:\/\/beuhparadis.com\/de\/product\/honey-moroccan-blonde-hash\/\" \/>\n<meta property=\"og:site_name\" content=\"Beuh Paradis\" \/>\n<meta property=\"article:modified_time\" content=\"2025-01-28T08:27:25+00:00\" \/>\n<meta property=\"og:image\" content=\"https:\/\/beuhparadis.com\/wp-content\/uploads\/2024\/12\/Honey-Moroccan-Blonde-Hash-2.png\" \/>\n\t<meta property=\"og:image:width\" content=\"247\" \/>\n\t<meta property=\"og:image:height\" content=\"296\" \/>\n\t<meta property=\"og:image:type\" content=\"image\/png\" \/>\n<meta name=\"twitter:card\" content=\"summary_large_image\" \/>\n<meta name=\"twitter:label1\" content=\"Gesch\u00e4tzte Lesezeit\" \/>\n\t<meta name=\"twitter:data1\" content=\"3 minutes\" \/>\n<script type=\"application\/ld+json\" class=\"yoast-schema-graph\">{\"@context\":\"https:\/\/schema.org\",\"@graph\":[{\"@type\":\"WebPage\",\"@id\":\"https:\/\/beuhparadis.com\/product\/honey-moroccan-blonde-hash\/\",\"url\":\"https:\/\/beuhparadis.com\/product\/honey-moroccan-blonde-hash\/\",\"name\":\"Acheter Honey Moroccan Blonde Hash | Qualite Premium\",\"isPartOf\":{\"@id\":\"https:\/\/beuhparadis.com\/#website\"},\"primaryImageOfPage\":{\"@id\":\"https:\/\/beuhparadis.com\/product\/honey-moroccan-blonde-hash\/#primaryimage\"},\"image\":{\"@id\":\"https:\/\/beuhparadis.com\/product\/honey-moroccan-blonde-hash\/#primaryimage\"},\"thumbnailUrl\":\"https:\/\/beuhparadis.com\/wp-content\/uploads\/2024\/12\/Honey-Moroccan-Blonde-Hash-2.png\",\"datePublished\":\"2024-12-10T23:51:21+00:00\",\"dateModified\":\"2025-01-28T08:27:25+00:00\",\"description\":\"Commandez du Honey Moroccan Blonde Hash de qualit\u00e9 premium sur Beuh Paradis. Haschich pur, riche en THC, avec des saveurs naturelles.\",\"breadcrumb\":{\"@id\":\"https:\/\/beuhparadis.com\/product\/honey-moroccan-blonde-hash\/#breadcrumb\"},\"inLanguage\":\"de-DE-formal\",\"potentialAction\":[{\"@type\":\"ReadAction\",\"target\":[\"https:\/\/beuhparadis.com\/product\/honey-moroccan-blonde-hash\/\"]}]},{\"@type\":\"ImageObject\",\"inLanguage\":\"de-DE-formal\",\"@id\":\"https:\/\/beuhparadis.com\/product\/honey-moroccan-blonde-hash\/#primaryimage\",\"url\":\"https:\/\/beuhparadis.com\/wp-content\/uploads\/2024\/12\/Honey-Moroccan-Blonde-Hash-2.png\",\"contentUrl\":\"https:\/\/beuhparadis.com\/wp-content\/uploads\/2024\/12\/Honey-Moroccan-Blonde-Hash-2.png\",\"width\":247,\"height\":296},{\"@type\":\"BreadcrumbList\",\"@id\":\"https:\/\/beuhparadis.com\/product\/honey-moroccan-blonde-hash\/#breadcrumb\",\"itemListElement\":[{\"@type\":\"ListItem\",\"position\":1,\"name\":\"Home\",\"item\":\"https:\/\/beuhparadis.com\/\"},{\"@type\":\"ListItem\",\"position\":2,\"name\":\"Shop\",\"item\":\"https:\/\/beuhparadis.com\/shop\/\"},{\"@type\":\"ListItem\",\"position\":3,\"name\":\"Honey Moroccan Blonde Hash\"}]},{\"@type\":\"WebSite\",\"@id\":\"https:\/\/beuhparadis.com\/#website\",\"url\":\"https:\/\/beuhparadis.com\/\",\"name\":\"Beuh Paradis\",\"description\":\"\",\"potentialAction\":[{\"@type\":\"SearchAction\",\"target\":{\"@type\":\"EntryPoint\",\"urlTemplate\":\"https:\/\/beuhparadis.com\/?s={search_term_string}\"},\"query-input\":{\"@type\":\"PropertyValueSpecification\",\"valueRequired\":true,\"valueName\":\"search_term_string\"}}],\"inLanguage\":\"de-DE-formal\"}]}<\/script>\n<!-- \/ Yoast SEO Premium plugin. -->","yoast_head_json":{"title":"Honey Moroccan Blonde Hash kaufen | Premium Qualit\u00e4t","description":"Bestellen Sie Honey Moroccan Blonde Hash in Premium-Qualit\u00e4t auf Beuh Paradis. Reines Haschisch, reich an THC, mit nat\u00fcrlichen Aromen.","robots":{"index":"index","follow":"follow","max-snippet":"max-snippet:-1","max-image-preview":"max-image-preview:large","max-video-preview":"max-video-preview:-1"},"canonical":"https:\/\/beuhparadis.com\/de\/product\/honey-moroccan-blonde-hash\/","og_locale":"de_DE","og_type":"article","og_title":"Honey Moroccan Blonde Hash","og_description":"Commandez du Honey Moroccan Blonde Hash de qualit\u00e9 premium sur Beuh Paradis. Haschich pur, riche en THC, avec des saveurs naturelles.","og_url":"https:\/\/beuhparadis.com\/de\/product\/honey-moroccan-blonde-hash\/","og_site_name":"Beuh Paradis","article_modified_time":"2025-01-28T08:27:25+00:00","og_image":[{"width":247,"height":296,"url":"https:\/\/beuhparadis.com\/wp-content\/uploads\/2024\/12\/Honey-Moroccan-Blonde-Hash-2.png","type":"image\/png"}],"twitter_card":"summary_large_image","twitter_misc":{"Gesch\u00e4tzte Lesezeit":"3 minutes"},"schema":{"@context":"https:\/\/schema.org","@graph":[{"@type":"WebPage","@id":"https:\/\/beuhparadis.com\/product\/honey-moroccan-blonde-hash\/","url":"https:\/\/beuhparadis.com\/product\/honey-moroccan-blonde-hash\/","name":"Honey Moroccan Blonde Hash kaufen | Premium Qualit\u00e4t","isPartOf":{"@id":"https:\/\/beuhparadis.com\/#website"},"primaryImageOfPage":{"@id":"https:\/\/beuhparadis.com\/product\/honey-moroccan-blonde-hash\/#primaryimage"},"image":{"@id":"https:\/\/beuhparadis.com\/product\/honey-moroccan-blonde-hash\/#primaryimage"},"thumbnailUrl":"https:\/\/beuhparadis.com\/wp-content\/uploads\/2024\/12\/Honey-Moroccan-Blonde-Hash-2.png","datePublished":"2024-12-10T23:51:21+00:00","dateModified":"2025-01-28T08:27:25+00:00","description":"Bestellen Sie Honey Moroccan Blonde Hash in Premium-Qualit\u00e4t auf Beuh Paradis. Reines Haschisch, reich an THC, mit nat\u00fcrlichen Aromen.","breadcrumb":{"@id":"https:\/\/beuhparadis.com\/product\/honey-moroccan-blonde-hash\/#breadcrumb"},"inLanguage":"de-DE-formal","potentialAction":[{"@type":"ReadAction","target":["https:\/\/beuhparadis.com\/product\/honey-moroccan-blonde-hash\/"]}]},{"@type":"ImageObject","inLanguage":"de-DE-formal","@id":"https:\/\/beuhparadis.com\/product\/honey-moroccan-blonde-hash\/#primaryimage","url":"https:\/\/beuhparadis.com\/wp-content\/uploads\/2024\/12\/Honey-Moroccan-Blonde-Hash-2.png","contentUrl":"https:\/\/beuhparadis.com\/wp-content\/uploads\/2024\/12\/Honey-Moroccan-Blonde-Hash-2.png","width":247,"height":296},{"@type":"BreadcrumbList","@id":"https:\/\/beuhparadis.com\/product\/honey-moroccan-blonde-hash\/#breadcrumb","itemListElement":[{"@type":"ListItem","position":1,"name":"Home","item":"https:\/\/beuhparadis.com\/"},{"@type":"ListItem","position":2,"name":"Shop","item":"https:\/\/beuhparadis.com\/shop\/"},{"@type":"ListItem","position":3,"name":"Honey Moroccan Blonde Hash"}]},{"@type":"WebSite","@id":"https:\/\/beuhparadis.com\/#website","url":"https:\/\/beuhparadis.com\/","name":"Gras Paradies","description":"","potentialAction":[{"@type":"SearchAction","target":{"@type":"EntryPoint","urlTemplate":"https:\/\/beuhparadis.com\/?s={search_term_string}"},"query-input":{"@type":"PropertyValueSpecification","valueRequired":true,"valueName":"search_term_string"}}],"inLanguage":"de-DE-formal"}]}},"_links":{"self":[{"href":"https:\/\/beuhparadis.com\/de\/wp-json\/wp\/v2\/product\/2125","targetHints":{"allow":["GET"]}}],"collection":[{"href":"https:\/\/beuhparadis.com\/de\/wp-json\/wp\/v2\/product"}],"about":[{"href":"https:\/\/beuhparadis.com\/de\/wp-json\/wp\/v2\/types\/product"}],"replies":[{"embeddable":true,"href":"https:\/\/beuhparadis.com\/de\/wp-json\/wp\/v2\/comments?post=2125"}],"wp:featuredmedia":[{"embeddable":true,"href":"https:\/\/beuhparadis.com\/de\/wp-json\/wp\/v2\/media\/2147"}],"wp:attachment":[{"href":"https:\/\/beuhparadis.com\/de\/wp-json\/wp\/v2\/media?parent=2125"}],"wp:term":[{"taxonomy":"product_brand","embeddable":true,"href":"https:\/\/beuhparadis.com\/de\/wp-json\/wp\/v2\/product_brand?post=2125"},{"taxonomy":"product_cat","embeddable":true,"href":"https:\/\/beuhparadis.com\/de\/wp-json\/wp\/v2\/product_cat?post=2125"},{"taxonomy":"product_tag","embeddable":true,"href":"https:\/\/beuhparadis.com\/de\/wp-json\/wp\/v2\/product_tag?post=2125"}],"curies":[{"name":"wp","href":"https:\/\/api.w.org\/{rel}","templated":true}]}}