{"id":2105,"date":"2024-12-10T23:51:12","date_gmt":"2024-12-10T23:51:12","guid":{"rendered":"https:\/\/beuhparadis.com\/?post_type=product&#038;p=2105"},"modified":"2025-01-28T08:44:31","modified_gmt":"2025-01-28T08:44:31","slug":"moroccan-primero-hash","status":"publish","type":"product","link":"https:\/\/beuhparadis.com\/de\/product\/moroccan-primero-hash\/","title":{"rendered":"Moroccan Primero Hash"},"content":{"rendered":"<h1 class=\"wp-block-heading\">Moroccan Primero Hash kaufen: Exzellentes marokkanisches Hash<\/h1>\n<p>Moroccan Primero Hash kaufen, ein Cannabiskonzentrat, das Kenner mit seiner au\u00dfergew\u00f6hnlichen Qualit\u00e4t, der sorgf\u00e4ltigen Herstellung und der bemerkenswerten Wirkung in seinen Bann zieht.<\/p>\n<h2 class=\"wp-block-heading\">Informationen zum Moroccan Primero Hash<\/h2>\n<ul class=\"wp-block-list\">\n<li>Farbe variiert von hell bis dunkelbraun, manchmal mit einem gr\u00fcnlichen Unterton.<\/li>\n<li>Wird aus Cannabispflanzen hergestellt, die in einer kurzen Saison angebaut werden und bei der Ernte eine gr\u00fcne Farbe behalten.<\/li>\n<li>Traditionelle Produktionsmethode, die eine hohe Qualit\u00e4t gew\u00e4hrleistet.<\/li>\n<\/ul>\n<h2 class=\"wp-block-heading\">THC und CBD<\/h2>\n<ul class=\"wp-block-list\">\n<li>Hoher THC-Gehalt, der starke Effekte garantiert.<\/li>\n<li>Niedrige CBD-Konzentration, betont die psychoaktive Erfahrung, ohne die geistige Klarheit zu beeintr\u00e4chtigen.<\/li>\n<\/ul>\n<h2 class=\"wp-block-heading\">Effekte, Aromen und Geschmack<\/h2>\n<h3 class=\"wp-block-heading\">Wirkung<\/h3>\n<ul class=\"wp-block-list\">\n<li>Entspannende und euphorisierende Wirkung, ideal zum Entspannen nach einem langen Tag.<\/li>\n<\/ul>\n<h3 class=\"wp-block-heading\">Aroma<\/h3>\n<ul class=\"wp-block-list\">\n<li>Leicht aromatischer, unverwechselbarer Geruch, nicht w\u00fcrzig, ein Zeichen f\u00fcr erstklassiges Hasch.<\/li>\n<\/ul>\n<h3 class=\"wp-block-heading\">Geschmack<\/h3>\n<ul class=\"wp-block-list\">\n<li>Milder, leichter Geschmack, der an hochwertiges Weed erinnert, mit sanfter Kehle.<\/li>\n<\/ul>\n<h2 class=\"wp-block-heading\">Medizinische Effekte<\/h2>\n<h3 class=\"wp-block-heading\">Medizinische Effekte<\/h3>\n<ul class=\"wp-block-list\">\n<li>Entspannende und beruhigende Eigenschaften, die zu einem Gef\u00fchl des Wohlbefindens beitragen.<\/li>\n<\/ul>\n<h3 class=\"wp-block-heading\">Kann Linderung verschaffen<\/h3>\n<ul class=\"wp-block-list\">\n<li>Besonders wirksam bei Stress, Angstzust\u00e4nden und Schlafst\u00f6rungen, f\u00f6rdert die Entspannung und einen erholsamen Schlaf.<\/li>\n<\/ul>\n<h2 class=\"wp-block-heading\">Wie man Hash raucht<\/h2>\n<p>Moroccan Primero Hash kann auf verschiedene Arten genossen werden, sei es, indem man sie pur raucht, sie mit Tabak f\u00fcr einen Joint mischt oder sie f\u00fcr ein sanfteres und reineres Erlebnis verdampft.<\/p>\n<h2 class=\"wp-block-heading\">Wo kann man Moroccan Primero Hash online kaufen?<\/h2>\n<p>Besuchen Sie <a href=\"https:\/\/beuhparadis.com\/de\/product\/apple-jack\/\">Beuhparadies<\/a> um echtes, hochwertiges Moroccan Primero Hash zu erwerben, das diskret an Ihre T\u00fcr geliefert wird.<\/p>\n<h2 class=\"wp-block-heading\">Warum Moroccan Primero Hash auf Acheterducannabis.de kaufen?<\/h2>\n<p>Wir bieten ausschlie\u00dflich Moroccan Primero Hash von h\u00f6chster Qualit\u00e4t an und halten uns dabei an traditionelle Produktionsmethoden, um unseren Kunden ein unvergleichliches Erlebnis zu bieten.<\/p>\n<h2 class=\"wp-block-heading\">Europ\u00e4ische Gesetze zum Verkauf von Hash<\/h2>\n<p>Wir operieren in voller \u00dcbereinstimmung mit den europ\u00e4ischen Gesetzen und garantieren ein sicheres und legales Einkaufserlebnis f\u00fcr alle unsere Kunden, die die Vorz\u00fcge von marokkanischem Hasch genie\u00dfen wollen.<\/p>\n<p>Moroccan Primero Hash ist die erste Wahl f\u00fcr Haschliebhaber, die auf der Suche nach h\u00f6chster Qualit\u00e4t, starken Effekten und einem authentischen Erlebnis sind. Seine Milde, die subtilen Aromen und die entspannende Wirkung machen es zu einem Muss f\u00fcr alle, die Cannabis in seiner feinsten Form genie\u00dfen.<\/p>","protected":false},"excerpt":{"rendered":"<p><strong>THC:<\/strong> 18%<\/p>\n<p><strong>Medizinische Effekte<\/strong><br \/>\nEntspannende und beruhigende Eigenschaften, die zu einem Gef\u00fchl des Wohlbefindens beitragen.<\/p>","protected":false},"featured_media":2114,"comment_status":"closed","ping_status":"closed","template":"","meta":{"site-sidebar-layout":"default","site-content-layout":"","ast-site-content-layout":"default","site-content-style":"default","site-sidebar-style":"default","ast-global-header-display":"","ast-banner-title-visibility":"","ast-main-header-display":"","ast-hfb-above-header-display":"","ast-hfb-below-header-display":"","ast-hfb-mobile-header-display":"","site-post-title":"","ast-breadcrumbs-content":"","ast-featured-img":"","footer-sml-layout":"","theme-transparent-header-meta":"default","adv-header-id-meta":"","stick-header-meta":"","header-above-stick-meta":"","header-main-stick-meta":"","header-below-stick-meta":"","astra-migrate-meta-layouts":"set","ast-page-background-enabled":"default","ast-page-background-meta":{"desktop":{"background-color":"","background-image":"","background-repeat":"repeat","background-position":"center center","background-size":"auto","background-attachment":"scroll","background-type":"","background-media":"","overlay-type":"","overlay-color":"","overlay-opacity":"","overlay-gradient":""},"tablet":{"background-color":"","background-image":"","background-repeat":"repeat","background-position":"center center","background-size":"auto","background-attachment":"scroll","background-type":"","background-media":"","overlay-type":"","overlay-color":"","overlay-opacity":"","overlay-gradient":""},"mobile":{"background-color":"","background-image":"","background-repeat":"repeat","background-position":"center center","background-size":"auto","background-attachment":"scroll","background-type":"","background-media":"","overlay-type":"","overlay-color":"","overlay-opacity":"","overlay-gradient":""}},"ast-content-background-meta":{"desktop":{"background-color":"var(--ast-global-color-5)","background-image":"","background-repeat":"repeat","background-position":"center center","background-size":"auto","background-attachment":"scroll","background-type":"","background-media":"","overlay-type":"","overlay-color":"","overlay-opacity":"","overlay-gradient":""},"tablet":{"background-color":"var(--ast-global-color-5)","background-image":"","background-repeat":"repeat","background-position":"center center","background-size":"auto","background-attachment":"scroll","background-type":"","background-media":"","overlay-type":"","overlay-color":"","overlay-opacity":"","overlay-gradient":""},"mobile":{"background-color":"var(--ast-global-color-5)","background-image":"","background-repeat":"repeat","background-position":"center center","background-size":"auto","background-attachment":"scroll","background-type":"","background-media":"","overlay-type":"","overlay-color":"","overlay-opacity":"","overlay-gradient":""}},"_joinchat":[]},"product_brand":[],"product_cat":[48],"product_tag":[],"class_list":{"0":"post-2105","1":"product","2":"type-product","3":"status-publish","4":"has-post-thumbnail","6":"product_cat-shit-thc","7":"desktop-align-left","8":"tablet-align-left","9":"mobile-align-left","11":"first","12":"instock","13":"shipping-taxable","14":"purchasable","15":"product-type-variable"},"yoast_head":"<!-- This site is optimized with the Yoast SEO Premium plugin v24.1 (Yoast SEO v26.8) - https:\/\/yoast.com\/product\/yoast-seo-premium-wordpress\/ -->\n<title>Acheter Moroccan Primero Hash | Hash Marocain Premium<\/title>\n<meta name=\"description\" content=\"Acheter Moroccan Primero Hash en ligne \u2013 hash marocain premium, riche en saveurs. Livraison discr\u00e8te et rapide. Parfait pour les connaisseurs.\" \/>\n<meta name=\"robots\" content=\"index, follow, max-snippet:-1, max-image-preview:large, max-video-preview:-1\" \/>\n<link rel=\"canonical\" href=\"https:\/\/beuhparadis.com\/de\/product\/moroccan-primero-hash\/\" \/>\n<meta property=\"og:locale\" content=\"de_DE\" \/>\n<meta property=\"og:type\" content=\"article\" \/>\n<meta property=\"og:title\" content=\"Moroccan Primero Hash\" \/>\n<meta property=\"og:description\" content=\"Acheter Moroccan Primero Hash en ligne \u2013 hash marocain premium, riche en saveurs. Livraison discr\u00e8te et rapide. Parfait pour les connaisseurs.\" \/>\n<meta property=\"og:url\" content=\"https:\/\/beuhparadis.com\/de\/product\/moroccan-primero-hash\/\" \/>\n<meta property=\"og:site_name\" content=\"Beuh Paradis\" \/>\n<meta property=\"article:modified_time\" content=\"2025-01-28T08:44:31+00:00\" \/>\n<meta property=\"og:image\" content=\"https:\/\/beuhparadis.com\/wp-content\/uploads\/2024\/12\/Moroccan-Primero-Hash-2.jpeg\" \/>\n\t<meta property=\"og:image:width\" content=\"247\" \/>\n\t<meta property=\"og:image:height\" content=\"296\" \/>\n\t<meta property=\"og:image:type\" content=\"image\/jpeg\" \/>\n<meta name=\"twitter:card\" content=\"summary_large_image\" \/>\n<meta name=\"twitter:label1\" content=\"Gesch\u00e4tzte Lesezeit\" \/>\n\t<meta name=\"twitter:data1\" content=\"2 minutes\" \/>\n<script type=\"application\/ld+json\" class=\"yoast-schema-graph\">{\"@context\":\"https:\/\/schema.org\",\"@graph\":[{\"@type\":\"WebPage\",\"@id\":\"https:\/\/beuhparadis.com\/product\/moroccan-primero-hash\/\",\"url\":\"https:\/\/beuhparadis.com\/product\/moroccan-primero-hash\/\",\"name\":\"Acheter Moroccan Primero Hash | Hash Marocain Premium\",\"isPartOf\":{\"@id\":\"https:\/\/beuhparadis.com\/#website\"},\"primaryImageOfPage\":{\"@id\":\"https:\/\/beuhparadis.com\/product\/moroccan-primero-hash\/#primaryimage\"},\"image\":{\"@id\":\"https:\/\/beuhparadis.com\/product\/moroccan-primero-hash\/#primaryimage\"},\"thumbnailUrl\":\"https:\/\/beuhparadis.com\/wp-content\/uploads\/2024\/12\/Moroccan-Primero-Hash-2.jpeg\",\"datePublished\":\"2024-12-10T23:51:12+00:00\",\"dateModified\":\"2025-01-28T08:44:31+00:00\",\"description\":\"Acheter Moroccan Primero Hash en ligne \u2013 hash marocain premium, riche en saveurs. Livraison discr\u00e8te et rapide. Parfait pour les connaisseurs.\",\"breadcrumb\":{\"@id\":\"https:\/\/beuhparadis.com\/product\/moroccan-primero-hash\/#breadcrumb\"},\"inLanguage\":\"de-DE-formal\",\"potentialAction\":[{\"@type\":\"ReadAction\",\"target\":[\"https:\/\/beuhparadis.com\/product\/moroccan-primero-hash\/\"]}]},{\"@type\":\"ImageObject\",\"inLanguage\":\"de-DE-formal\",\"@id\":\"https:\/\/beuhparadis.com\/product\/moroccan-primero-hash\/#primaryimage\",\"url\":\"https:\/\/beuhparadis.com\/wp-content\/uploads\/2024\/12\/Moroccan-Primero-Hash-2.jpeg\",\"contentUrl\":\"https:\/\/beuhparadis.com\/wp-content\/uploads\/2024\/12\/Moroccan-Primero-Hash-2.jpeg\",\"width\":247,\"height\":296},{\"@type\":\"BreadcrumbList\",\"@id\":\"https:\/\/beuhparadis.com\/product\/moroccan-primero-hash\/#breadcrumb\",\"itemListElement\":[{\"@type\":\"ListItem\",\"position\":1,\"name\":\"Home\",\"item\":\"https:\/\/beuhparadis.com\/\"},{\"@type\":\"ListItem\",\"position\":2,\"name\":\"Shop\",\"item\":\"https:\/\/beuhparadis.com\/shop\/\"},{\"@type\":\"ListItem\",\"position\":3,\"name\":\"Moroccan Primero Hash\"}]},{\"@type\":\"WebSite\",\"@id\":\"https:\/\/beuhparadis.com\/#website\",\"url\":\"https:\/\/beuhparadis.com\/\",\"name\":\"Beuh Paradis\",\"description\":\"\",\"potentialAction\":[{\"@type\":\"SearchAction\",\"target\":{\"@type\":\"EntryPoint\",\"urlTemplate\":\"https:\/\/beuhparadis.com\/?s={search_term_string}\"},\"query-input\":{\"@type\":\"PropertyValueSpecification\",\"valueRequired\":true,\"valueName\":\"search_term_string\"}}],\"inLanguage\":\"de-DE-formal\"}]}<\/script>\n<!-- \/ Yoast SEO Premium plugin. -->","yoast_head_json":{"title":"Moroccan Primero Hash kaufen | Marokkanische Premium Hash","description":"Moroccan Primero Hash online kaufen - marokkanisches Premium-Hash, reich an Aromen. Diskrete und schnelle Lieferung. Perfekt f\u00fcr Kenner.","robots":{"index":"index","follow":"follow","max-snippet":"max-snippet:-1","max-image-preview":"max-image-preview:large","max-video-preview":"max-video-preview:-1"},"canonical":"https:\/\/beuhparadis.com\/de\/product\/moroccan-primero-hash\/","og_locale":"de_DE","og_type":"article","og_title":"Moroccan Primero Hash","og_description":"Acheter Moroccan Primero Hash en ligne \u2013 hash marocain premium, riche en saveurs. Livraison discr\u00e8te et rapide. Parfait pour les connaisseurs.","og_url":"https:\/\/beuhparadis.com\/de\/product\/moroccan-primero-hash\/","og_site_name":"Beuh Paradis","article_modified_time":"2025-01-28T08:44:31+00:00","og_image":[{"width":247,"height":296,"url":"https:\/\/beuhparadis.com\/wp-content\/uploads\/2024\/12\/Moroccan-Primero-Hash-2.jpeg","type":"image\/jpeg"}],"twitter_card":"summary_large_image","twitter_misc":{"Gesch\u00e4tzte Lesezeit":"2 minutes"},"schema":{"@context":"https:\/\/schema.org","@graph":[{"@type":"WebPage","@id":"https:\/\/beuhparadis.com\/product\/moroccan-primero-hash\/","url":"https:\/\/beuhparadis.com\/product\/moroccan-primero-hash\/","name":"Moroccan Primero Hash kaufen | Marokkanische Premium Hash","isPartOf":{"@id":"https:\/\/beuhparadis.com\/#website"},"primaryImageOfPage":{"@id":"https:\/\/beuhparadis.com\/product\/moroccan-primero-hash\/#primaryimage"},"image":{"@id":"https:\/\/beuhparadis.com\/product\/moroccan-primero-hash\/#primaryimage"},"thumbnailUrl":"https:\/\/beuhparadis.com\/wp-content\/uploads\/2024\/12\/Moroccan-Primero-Hash-2.jpeg","datePublished":"2024-12-10T23:51:12+00:00","dateModified":"2025-01-28T08:44:31+00:00","description":"Moroccan Primero Hash online kaufen - marokkanisches Premium-Hash, reich an Aromen. Diskrete und schnelle Lieferung. Perfekt f\u00fcr Kenner.","breadcrumb":{"@id":"https:\/\/beuhparadis.com\/product\/moroccan-primero-hash\/#breadcrumb"},"inLanguage":"de-DE-formal","potentialAction":[{"@type":"ReadAction","target":["https:\/\/beuhparadis.com\/product\/moroccan-primero-hash\/"]}]},{"@type":"ImageObject","inLanguage":"de-DE-formal","@id":"https:\/\/beuhparadis.com\/product\/moroccan-primero-hash\/#primaryimage","url":"https:\/\/beuhparadis.com\/wp-content\/uploads\/2024\/12\/Moroccan-Primero-Hash-2.jpeg","contentUrl":"https:\/\/beuhparadis.com\/wp-content\/uploads\/2024\/12\/Moroccan-Primero-Hash-2.jpeg","width":247,"height":296},{"@type":"BreadcrumbList","@id":"https:\/\/beuhparadis.com\/product\/moroccan-primero-hash\/#breadcrumb","itemListElement":[{"@type":"ListItem","position":1,"name":"Home","item":"https:\/\/beuhparadis.com\/"},{"@type":"ListItem","position":2,"name":"Shop","item":"https:\/\/beuhparadis.com\/shop\/"},{"@type":"ListItem","position":3,"name":"Moroccan Primero Hash"}]},{"@type":"WebSite","@id":"https:\/\/beuhparadis.com\/#website","url":"https:\/\/beuhparadis.com\/","name":"Gras Paradies","description":"","potentialAction":[{"@type":"SearchAction","target":{"@type":"EntryPoint","urlTemplate":"https:\/\/beuhparadis.com\/?s={search_term_string}"},"query-input":{"@type":"PropertyValueSpecification","valueRequired":true,"valueName":"search_term_string"}}],"inLanguage":"de-DE-formal"}]}},"_links":{"self":[{"href":"https:\/\/beuhparadis.com\/de\/wp-json\/wp\/v2\/product\/2105","targetHints":{"allow":["GET"]}}],"collection":[{"href":"https:\/\/beuhparadis.com\/de\/wp-json\/wp\/v2\/product"}],"about":[{"href":"https:\/\/beuhparadis.com\/de\/wp-json\/wp\/v2\/types\/product"}],"replies":[{"embeddable":true,"href":"https:\/\/beuhparadis.com\/de\/wp-json\/wp\/v2\/comments?post=2105"}],"wp:featuredmedia":[{"embeddable":true,"href":"https:\/\/beuhparadis.com\/de\/wp-json\/wp\/v2\/media\/2114"}],"wp:attachment":[{"href":"https:\/\/beuhparadis.com\/de\/wp-json\/wp\/v2\/media?parent=2105"}],"wp:term":[{"taxonomy":"product_brand","embeddable":true,"href":"https:\/\/beuhparadis.com\/de\/wp-json\/wp\/v2\/product_brand?post=2105"},{"taxonomy":"product_cat","embeddable":true,"href":"https:\/\/beuhparadis.com\/de\/wp-json\/wp\/v2\/product_cat?post=2105"},{"taxonomy":"product_tag","embeddable":true,"href":"https:\/\/beuhparadis.com\/de\/wp-json\/wp\/v2\/product_tag?post=2105"}],"curies":[{"name":"wp","href":"https:\/\/api.w.org\/{rel}","templated":true}]}}