{"id":2090,"date":"2024-12-10T23:51:11","date_gmt":"2024-12-10T23:51:11","guid":{"rendered":"https:\/\/beuhparadis.com\/?post_type=product&#038;p=2090"},"modified":"2025-01-28T09:14:48","modified_gmt":"2025-01-28T09:14:48","slug":"scissor-hash-finger-hash","status":"publish","type":"product","link":"https:\/\/beuhparadis.com\/de\/product\/scissor-hash-finger-hash\/","title":{"rendered":"Scissor Hash (Fingerhash)"},"content":{"rendered":"<h1 class=\"wp-block-heading\">Scissor Hash kaufen<\/h1>\n<p>Scissor Hash kaufen, auch bekannt als Fingerhash, ist ein einzigartiges harziges Produkt, das aus dem klebrigen Harz der Scheren gewonnen wird, die zum Beschneiden von Cannabispflanzen verwendet werden. Diese Form von Hasch wird wegen seiner einfachen Herstellung und seiner \u00fcberraschenden St\u00e4rke gesch\u00e4tzt und bietet Cannabisliebhabern eine reiche und konzentrierte Erfahrung.<\/p>\n<h2 class=\"wp-block-heading\">Informationen zu Scissor Hash<\/h2>\n<ul class=\"wp-block-list\">\n<li><strong>Herkunft<\/strong> : R\u00fcckstand, der nach dem Beschneiden der Cannabisbl\u00fcten auf der Schere zur\u00fcckbleibt, bekannt als Fingerhash.<\/li>\n<li><strong>Produktion<\/strong> : Durch manuellen Druck werden kleine Harzkugeln geformt, wodurch das Scissor Hash entsteht.<\/li>\n<li><strong>Farbe und Textur<\/strong> : Klebrige, meist dunkel gef\u00e4rbte Konsistenz, die typisch f\u00fcr Haschischfinger ist.<\/li>\n<\/ul>\n<h2 class=\"wp-block-heading\">THC und CBD<\/h2>\n<p>Scissor Hash zeichnet sich durch eine THC-Konzentration aus, die zwischen <strong>15% und 50%<\/strong>mit einem Durchschnitt von 20% bis 30%. Der CBD-Gehalt bleibt im Allgemeinen niedrig, wodurch die psychoaktiven Wirkungen von THC in den Vordergrund ger\u00fcckt werden. Der Fingerhash-Preis spiegelt oft seine St\u00e4rke und Qualit\u00e4t wider.<\/p>\n<h2 class=\"wp-block-heading\">Wirkung, Aroma und Geschmack<\/h2>\n<h3 class=\"wp-block-heading\">Wirkung<\/h3>\n<p>Scissor Hash ist f\u00fcr seine starke und unmittelbare Wirkung bekannt und bietet ein intensives Erlebnis, das je nach konsumierter Menge von tiefer Entspannung bis hin zu leichter Euphorie reichen kann.<\/p>\n<h3 class=\"wp-block-heading\">Aroma<\/h3>\n<p>Das Aroma von Scissorhash ist tief erdig mit w\u00fcrzigen Noten, die die hohe Konzentration von Terpenen im Cannabisharz widerspiegeln.<\/p>\n<h3 class=\"wp-block-heading\">Geschmack<\/h3>\n<p>Der Geschmack ist reich und komplex, mischt erdige Noten mit s\u00fc\u00dfen und w\u00fcrzigen Ankl\u00e4ngen und bietet so ein einzigartiges Geschmackserlebnis. Dieses Profil ist typisch f\u00fcr Fingerhash.<\/p>\n<h2 class=\"wp-block-heading\">Medizinische Effekte<\/h2>\n<h3 class=\"wp-block-heading\">Medizinische Effekte<\/h3>\n<p>Aufgrund seiner hohen THC-Konzentration kann Scissor Hash zur Linderung verschiedener Symptome und Zust\u00e4nde, einschlie\u00dflich Schmerzen, Angstzust\u00e4nden und Schlaflosigkeit, verwendet werden.<\/p>\n<h3 class=\"wp-block-heading\">Kann Linderung verschaffen<\/h3>\n<ul class=\"wp-block-list\">\n<li>Chronische Schmerzen<\/li>\n<li>Stress und Angst<\/li>\n<li>Schlaflosigkeit und Schlafst\u00f6rungen<\/li>\n<\/ul>\n<h2 class=\"wp-block-heading\">Wie man Scissor Hash raucht<\/h2>\n<p>Scissor Hash kann auf verschiedene Arten konsumiert werden: allein geraucht, mit Tabak oder Cannabis in Joints gemischt, verdampft oder nach der Decarboxylierung als Zutat f\u00fcr die Herstellung von Edibles verwendet.<\/p>\n<h2 class=\"wp-block-heading\">Wo kann man Scissor Hash online kaufen?<\/h2>\n<p>Sie k\u00f6nnen hochwertiges Scissor-hash online auf spezialisierten Websites kaufen, z. B. <strong>Kaufenducannabis.de<\/strong>Das Ergebnis ist ein reines und kraftvolles Produkt.<\/p>\n<h2 class=\"wp-block-heading\">Warum Scissor Hash auf beuhparadis kaufen?<\/h2>\n<p><a href=\"https:\/\/beuhparadis.com\/de\/product\/charas-hash\/\" data-type=\"link\" data-id=\"https:\/\/acheterducannabis.fr\/\">Beuhparadies.com<\/a> zeichnet sich durch sein Engagement f\u00fcr Qualit\u00e4t aus und bietet einen Hash Scissor an, der nach traditionellen Methoden hergestellt wird und so eine authentische und befriedigende Erfahrung garantiert. Der Preis f\u00fcr Fingerhash auf Acheterducannabis ist wettbewerbsf\u00e4hig und spiegelt die au\u00dfergew\u00f6hnliche Qualit\u00e4t des Produkts wider.<\/p>\n<h2 class=\"wp-block-heading\">Regierungsgesetze zum Verkauf von Hash in Europa<\/h2>\n<p>In Europa wird der Verkauf von Cannabisprodukten wie Scissor-Hash durch strenge Gesetze geregelt. Sie sollten sich unbedingt \u00fcber die Gesetzgebung in Ihrem Land informieren, bevor Sie Hasch kaufen oder konsumieren.<\/p>\n<p>Scissor Hash, oder Fingerhash, bietet eine einzigartige Erfahrung f\u00fcr Cannabisliebhaber, indem es St\u00e4rke, Geschmack und Benutzerfreundlichkeit kombiniert. Ob Sie nach einer entspannenden Wirkung oder medizinischer Hilfe suchen, Scissor Hash ist eine Option, die Sie in Betracht ziehen sollten.<\/p>","protected":false},"excerpt":{"rendered":"<p><strong>THC:<\/strong> 30%<\/p>\n<p><strong>Medizinische Effekte<\/strong><br \/>\nAufgrund seiner hohen THC-Konzentration kann Scissor Hash zur Linderung verschiedener Symptome und Zust\u00e4nde, einschlie\u00dflich Schmerzen, Angstzust\u00e4nden und Schlaflosigkeit, verwendet werden.<\/p>","protected":false},"featured_media":2111,"comment_status":"closed","ping_status":"closed","template":"","meta":{"site-sidebar-layout":"default","site-content-layout":"","ast-site-content-layout":"default","site-content-style":"default","site-sidebar-style":"default","ast-global-header-display":"","ast-banner-title-visibility":"","ast-main-header-display":"","ast-hfb-above-header-display":"","ast-hfb-below-header-display":"","ast-hfb-mobile-header-display":"","site-post-title":"","ast-breadcrumbs-content":"","ast-featured-img":"","footer-sml-layout":"","theme-transparent-header-meta":"default","adv-header-id-meta":"","stick-header-meta":"","header-above-stick-meta":"","header-main-stick-meta":"","header-below-stick-meta":"","astra-migrate-meta-layouts":"set","ast-page-background-enabled":"default","ast-page-background-meta":{"desktop":{"background-color":"","background-image":"","background-repeat":"repeat","background-position":"center center","background-size":"auto","background-attachment":"scroll","background-type":"","background-media":"","overlay-type":"","overlay-color":"","overlay-opacity":"","overlay-gradient":""},"tablet":{"background-color":"","background-image":"","background-repeat":"repeat","background-position":"center center","background-size":"auto","background-attachment":"scroll","background-type":"","background-media":"","overlay-type":"","overlay-color":"","overlay-opacity":"","overlay-gradient":""},"mobile":{"background-color":"","background-image":"","background-repeat":"repeat","background-position":"center center","background-size":"auto","background-attachment":"scroll","background-type":"","background-media":"","overlay-type":"","overlay-color":"","overlay-opacity":"","overlay-gradient":""}},"ast-content-background-meta":{"desktop":{"background-color":"var(--ast-global-color-5)","background-image":"","background-repeat":"repeat","background-position":"center center","background-size":"auto","background-attachment":"scroll","background-type":"","background-media":"","overlay-type":"","overlay-color":"","overlay-opacity":"","overlay-gradient":""},"tablet":{"background-color":"var(--ast-global-color-5)","background-image":"","background-repeat":"repeat","background-position":"center center","background-size":"auto","background-attachment":"scroll","background-type":"","background-media":"","overlay-type":"","overlay-color":"","overlay-opacity":"","overlay-gradient":""},"mobile":{"background-color":"var(--ast-global-color-5)","background-image":"","background-repeat":"repeat","background-position":"center center","background-size":"auto","background-attachment":"scroll","background-type":"","background-media":"","overlay-type":"","overlay-color":"","overlay-opacity":"","overlay-gradient":""}},"_joinchat":[]},"product_brand":[],"product_cat":[48],"product_tag":[],"class_list":{"0":"post-2090","1":"product","2":"type-product","3":"status-publish","4":"has-post-thumbnail","6":"product_cat-shit-thc","7":"desktop-align-left","8":"tablet-align-left","9":"mobile-align-left","11":"first","12":"instock","13":"shipping-taxable","14":"purchasable","15":"product-type-variable"},"yoast_head":"<!-- This site is optimized with the Yoast SEO Premium plugin v24.1 (Yoast SEO v26.8) - https:\/\/yoast.com\/product\/yoast-seo-premium-wordpress\/ -->\n<title>Acheter Scissor Hash en Ligne | Qualit\u00e9 Sup\u00e9rieure<\/title>\n<meta name=\"description\" content=\"D\u00e9couvrez notre Scissor Hash, un hash artisanal r\u00e9colt\u00e9 \u00e0 la main, riche en saveurs et en puissance. Achetez en ligne avec livraison discr\u00e8te et rapide.\" \/>\n<meta name=\"robots\" content=\"index, follow, max-snippet:-1, max-image-preview:large, max-video-preview:-1\" \/>\n<link rel=\"canonical\" href=\"https:\/\/beuhparadis.com\/de\/product\/scissor-hash-finger-hash\/\" \/>\n<meta property=\"og:locale\" content=\"de_DE\" \/>\n<meta property=\"og:type\" content=\"article\" \/>\n<meta property=\"og:title\" content=\"Scissor Hash (finger hash)\" \/>\n<meta property=\"og:description\" content=\"D\u00e9couvrez notre Scissor Hash, un hash artisanal r\u00e9colt\u00e9 \u00e0 la main, riche en saveurs et en puissance. Achetez en ligne avec livraison discr\u00e8te et rapide.\" \/>\n<meta property=\"og:url\" content=\"https:\/\/beuhparadis.com\/de\/product\/scissor-hash-finger-hash\/\" \/>\n<meta property=\"og:site_name\" content=\"Beuh Paradis\" \/>\n<meta property=\"article:modified_time\" content=\"2025-01-28T09:14:48+00:00\" \/>\n<meta property=\"og:image\" content=\"https:\/\/beuhparadis.com\/wp-content\/uploads\/2024\/12\/scissor-hash-2.jpeg\" \/>\n\t<meta property=\"og:image:width\" content=\"247\" \/>\n\t<meta property=\"og:image:height\" content=\"296\" \/>\n\t<meta property=\"og:image:type\" content=\"image\/jpeg\" \/>\n<meta name=\"twitter:card\" content=\"summary_large_image\" \/>\n<meta name=\"twitter:label1\" content=\"Gesch\u00e4tzte Lesezeit\" \/>\n\t<meta name=\"twitter:data1\" content=\"3 minutes\" \/>\n<script type=\"application\/ld+json\" class=\"yoast-schema-graph\">{\"@context\":\"https:\/\/schema.org\",\"@graph\":[{\"@type\":\"WebPage\",\"@id\":\"https:\/\/beuhparadis.com\/product\/scissor-hash-finger-hash\/\",\"url\":\"https:\/\/beuhparadis.com\/product\/scissor-hash-finger-hash\/\",\"name\":\"Acheter Scissor Hash en Ligne | Qualit\u00e9 Sup\u00e9rieure\",\"isPartOf\":{\"@id\":\"https:\/\/beuhparadis.com\/#website\"},\"primaryImageOfPage\":{\"@id\":\"https:\/\/beuhparadis.com\/product\/scissor-hash-finger-hash\/#primaryimage\"},\"image\":{\"@id\":\"https:\/\/beuhparadis.com\/product\/scissor-hash-finger-hash\/#primaryimage\"},\"thumbnailUrl\":\"https:\/\/beuhparadis.com\/wp-content\/uploads\/2024\/12\/scissor-hash-2.jpeg\",\"datePublished\":\"2024-12-10T23:51:11+00:00\",\"dateModified\":\"2025-01-28T09:14:48+00:00\",\"description\":\"D\u00e9couvrez notre Scissor Hash, un hash artisanal r\u00e9colt\u00e9 \u00e0 la main, riche en saveurs et en puissance. Achetez en ligne avec livraison discr\u00e8te et rapide.\",\"breadcrumb\":{\"@id\":\"https:\/\/beuhparadis.com\/product\/scissor-hash-finger-hash\/#breadcrumb\"},\"inLanguage\":\"de-DE-formal\",\"potentialAction\":[{\"@type\":\"ReadAction\",\"target\":[\"https:\/\/beuhparadis.com\/product\/scissor-hash-finger-hash\/\"]}]},{\"@type\":\"ImageObject\",\"inLanguage\":\"de-DE-formal\",\"@id\":\"https:\/\/beuhparadis.com\/product\/scissor-hash-finger-hash\/#primaryimage\",\"url\":\"https:\/\/beuhparadis.com\/wp-content\/uploads\/2024\/12\/scissor-hash-2.jpeg\",\"contentUrl\":\"https:\/\/beuhparadis.com\/wp-content\/uploads\/2024\/12\/scissor-hash-2.jpeg\",\"width\":247,\"height\":296},{\"@type\":\"BreadcrumbList\",\"@id\":\"https:\/\/beuhparadis.com\/product\/scissor-hash-finger-hash\/#breadcrumb\",\"itemListElement\":[{\"@type\":\"ListItem\",\"position\":1,\"name\":\"Home\",\"item\":\"https:\/\/beuhparadis.com\/\"},{\"@type\":\"ListItem\",\"position\":2,\"name\":\"Shop\",\"item\":\"https:\/\/beuhparadis.com\/shop\/\"},{\"@type\":\"ListItem\",\"position\":3,\"name\":\"Scissor Hash (finger hash)\"}]},{\"@type\":\"WebSite\",\"@id\":\"https:\/\/beuhparadis.com\/#website\",\"url\":\"https:\/\/beuhparadis.com\/\",\"name\":\"Beuh Paradis\",\"description\":\"\",\"potentialAction\":[{\"@type\":\"SearchAction\",\"target\":{\"@type\":\"EntryPoint\",\"urlTemplate\":\"https:\/\/beuhparadis.com\/?s={search_term_string}\"},\"query-input\":{\"@type\":\"PropertyValueSpecification\",\"valueRequired\":true,\"valueName\":\"search_term_string\"}}],\"inLanguage\":\"de-DE-formal\"}]}<\/script>\n<!-- \/ Yoast SEO Premium plugin. -->","yoast_head_json":{"title":"Scissor Hash online kaufen | Top-Qualit\u00e4t","description":"Entdecken Sie unser Scissor Hash, ein handgeerntetes, handwerklich hergestelltes Hasch, reich an Geschmack und St\u00e4rke. Kaufen Sie online mit diskreter und schneller Lieferung.","robots":{"index":"index","follow":"follow","max-snippet":"max-snippet:-1","max-image-preview":"max-image-preview:large","max-video-preview":"max-video-preview:-1"},"canonical":"https:\/\/beuhparadis.com\/de\/product\/scissor-hash-finger-hash\/","og_locale":"de_DE","og_type":"article","og_title":"Scissor Hash (finger hash)","og_description":"D\u00e9couvrez notre Scissor Hash, un hash artisanal r\u00e9colt\u00e9 \u00e0 la main, riche en saveurs et en puissance. Achetez en ligne avec livraison discr\u00e8te et rapide.","og_url":"https:\/\/beuhparadis.com\/de\/product\/scissor-hash-finger-hash\/","og_site_name":"Beuh Paradis","article_modified_time":"2025-01-28T09:14:48+00:00","og_image":[{"width":247,"height":296,"url":"https:\/\/beuhparadis.com\/wp-content\/uploads\/2024\/12\/scissor-hash-2.jpeg","type":"image\/jpeg"}],"twitter_card":"summary_large_image","twitter_misc":{"Gesch\u00e4tzte Lesezeit":"3 minutes"},"schema":{"@context":"https:\/\/schema.org","@graph":[{"@type":"WebPage","@id":"https:\/\/beuhparadis.com\/product\/scissor-hash-finger-hash\/","url":"https:\/\/beuhparadis.com\/product\/scissor-hash-finger-hash\/","name":"Scissor Hash online kaufen | Top-Qualit\u00e4t","isPartOf":{"@id":"https:\/\/beuhparadis.com\/#website"},"primaryImageOfPage":{"@id":"https:\/\/beuhparadis.com\/product\/scissor-hash-finger-hash\/#primaryimage"},"image":{"@id":"https:\/\/beuhparadis.com\/product\/scissor-hash-finger-hash\/#primaryimage"},"thumbnailUrl":"https:\/\/beuhparadis.com\/wp-content\/uploads\/2024\/12\/scissor-hash-2.jpeg","datePublished":"2024-12-10T23:51:11+00:00","dateModified":"2025-01-28T09:14:48+00:00","description":"Entdecken Sie unser Scissor Hash, ein handgeerntetes, handwerklich hergestelltes Hasch, reich an Geschmack und St\u00e4rke. Kaufen Sie online mit diskreter und schneller Lieferung.","breadcrumb":{"@id":"https:\/\/beuhparadis.com\/product\/scissor-hash-finger-hash\/#breadcrumb"},"inLanguage":"de-DE-formal","potentialAction":[{"@type":"ReadAction","target":["https:\/\/beuhparadis.com\/product\/scissor-hash-finger-hash\/"]}]},{"@type":"ImageObject","inLanguage":"de-DE-formal","@id":"https:\/\/beuhparadis.com\/product\/scissor-hash-finger-hash\/#primaryimage","url":"https:\/\/beuhparadis.com\/wp-content\/uploads\/2024\/12\/scissor-hash-2.jpeg","contentUrl":"https:\/\/beuhparadis.com\/wp-content\/uploads\/2024\/12\/scissor-hash-2.jpeg","width":247,"height":296},{"@type":"BreadcrumbList","@id":"https:\/\/beuhparadis.com\/product\/scissor-hash-finger-hash\/#breadcrumb","itemListElement":[{"@type":"ListItem","position":1,"name":"Home","item":"https:\/\/beuhparadis.com\/"},{"@type":"ListItem","position":2,"name":"Shop","item":"https:\/\/beuhparadis.com\/shop\/"},{"@type":"ListItem","position":3,"name":"Scissor Hash (finger hash)"}]},{"@type":"WebSite","@id":"https:\/\/beuhparadis.com\/#website","url":"https:\/\/beuhparadis.com\/","name":"Gras Paradies","description":"","potentialAction":[{"@type":"SearchAction","target":{"@type":"EntryPoint","urlTemplate":"https:\/\/beuhparadis.com\/?s={search_term_string}"},"query-input":{"@type":"PropertyValueSpecification","valueRequired":true,"valueName":"search_term_string"}}],"inLanguage":"de-DE-formal"}]}},"_links":{"self":[{"href":"https:\/\/beuhparadis.com\/de\/wp-json\/wp\/v2\/product\/2090","targetHints":{"allow":["GET"]}}],"collection":[{"href":"https:\/\/beuhparadis.com\/de\/wp-json\/wp\/v2\/product"}],"about":[{"href":"https:\/\/beuhparadis.com\/de\/wp-json\/wp\/v2\/types\/product"}],"replies":[{"embeddable":true,"href":"https:\/\/beuhparadis.com\/de\/wp-json\/wp\/v2\/comments?post=2090"}],"wp:featuredmedia":[{"embeddable":true,"href":"https:\/\/beuhparadis.com\/de\/wp-json\/wp\/v2\/media\/2111"}],"wp:attachment":[{"href":"https:\/\/beuhparadis.com\/de\/wp-json\/wp\/v2\/media?parent=2090"}],"wp:term":[{"taxonomy":"product_brand","embeddable":true,"href":"https:\/\/beuhparadis.com\/de\/wp-json\/wp\/v2\/product_brand?post=2090"},{"taxonomy":"product_cat","embeddable":true,"href":"https:\/\/beuhparadis.com\/de\/wp-json\/wp\/v2\/product_cat?post=2090"},{"taxonomy":"product_tag","embeddable":true,"href":"https:\/\/beuhparadis.com\/de\/wp-json\/wp\/v2\/product_tag?post=2090"}],"curies":[{"name":"wp","href":"https:\/\/api.w.org\/{rel}","templated":true}]}}