{"id":2076,"date":"2024-12-10T23:50:48","date_gmt":"2024-12-10T23:50:48","guid":{"rendered":"https:\/\/beuhparadis.com\/?post_type=product&#038;p=2076"},"modified":"2025-01-28T09:20:44","modified_gmt":"2025-01-28T09:20:44","slug":"bentley-hash","status":"publish","type":"product","link":"https:\/\/beuhparadis.com\/de\/product\/bentley-hash\/","title":{"rendered":"Bentley Hash"},"content":{"rendered":"<h1 class=\"wp-block-heading\">Bentley Hash kaufen<\/h1>\n<p>Achater Bentley Hash ist ein gereinigtes Harz, das aus Cannabispflanzen aus ganz British Columbia extrahiert und gepresst wird. Dieses Hasch wird lokal hergestellt und ohne den Einsatz von L\u00f6sungsmitteln gepresst, was ein authentisches und reines Erlebnis bietet.<\/p>\n<h2 class=\"wp-block-heading\">Informationen zu Hash<\/h2>\n<ul class=\"wp-block-list\">\n<li>Herkunft: British Columbia, Kanada.<\/li>\n<li>Herstellungsmethode: Extraktion mit kaltem Wasser und Eis, ohne L\u00f6sungsmittel.<\/li>\n<li>Reinheit: Rigorose Filtration, um unerw\u00fcnschte Materialien zu entfernen, was zu fast reinem Hasch f\u00fchrt.<\/li>\n<\/ul>\n<h2 class=\"wp-block-heading\">THC und CBD<\/h2>\n<ul class=\"wp-block-list\">\n<li><strong>THC :<\/strong> Hohe Konzentrationen, die f\u00fcr konzentrierte Cannabisharze typisch sind.<\/li>\n<li><strong>CBD:<\/strong> Niedrige oder nicht spezifizierte Konzentrationen, Fokus auf die psychoaktiven Wirkungen von THC.<\/li>\n<\/ul>\n<h2 class=\"wp-block-heading\">Wirkung, Aroma und Geschmack<\/h2>\n<h3 class=\"wp-block-heading\">Wirkung<\/h3>\n<ul class=\"wp-block-list\">\n<li>Allm\u00e4hlicher und dauerhafter Anstieg.<\/li>\n<li>Energiegeladener Buzz, ideal f\u00fcr den Tagesgebrauch.<\/li>\n<li>Wirksame Bek\u00e4mpfung von Angstzust\u00e4nden.<\/li>\n<\/ul>\n<h3 class=\"wp-block-heading\">Aroma<\/h3>\n<ul class=\"wp-block-list\">\n<li>Dominiert von Kiefer, mit einem relativ milden Duft.<\/li>\n<\/ul>\n<h3 class=\"wp-block-heading\">Geschmack<\/h3>\n<ul class=\"wp-block-list\">\n<li>Kieferngeschmack, sanft zu den Sinnen.<\/li>\n<\/ul>\n<h2 class=\"wp-block-heading\">Medizinische Effekte<\/h2>\n<h3 class=\"wp-block-heading\">Medizinische Effekte<\/h3>\n<ul class=\"wp-block-list\">\n<li>Linderung von Angstzust\u00e4nden.<\/li>\n<li>Energieboost f\u00fcr Personen, die einen Energieschub ben\u00f6tigen.<\/li>\n<\/ul>\n<h3 class=\"wp-block-heading\">Kann Linderung verschaffen<\/h3>\n<ul class=\"wp-block-list\">\n<li>Angstzust\u00e4nde.<\/li>\n<li>Energiemangel oder M\u00fcdigkeit.<\/li>\n<\/ul>\n<h2 class=\"wp-block-heading\">Wie man Hash raucht<\/h2>\n<p>Bentley Hash kann auf verschiedene Arten konsumiert werden: traditionell oral, allein oder mit Cannabisbl\u00fcten geraucht oder auf eine hei\u00dfe Oberfl\u00e4che gespr\u00fcht\/gedabbt, f\u00fcr diejenigen, die einen r\u00fcckstandsfreien Konsum bevorzugen.<\/p>\n<h2 class=\"wp-block-heading\">Wo kann ich Bentley Hash online kaufen?<\/h2>\n<p>Der Bentley Hash ist <a href=\"https:\/\/chemsxpress.com\/\">verf\u00fcgbar<\/a> auf Acheterducannabis.de zu kaufen und bietet damit h\u00f6chste Qualit\u00e4t und ein sicheres Einkaufserlebnis.<\/p>\n<h2 class=\"wp-block-heading\">Warum sollte man Bentley Hash auf Acheterducannabis.de kaufen?<\/h2>\n<p><a href=\"https:\/\/beuhparadis.com\/de\/product\/honey-moroccan-blonde-hash\/\" data-type=\"link\" data-id=\"https:\/\/acheterducannabis.fr\/\">Beuhparadies.com<\/a> garantiert ein hochwertiges, reines und l\u00f6sungsmittelfreies Produkt mit einem hervorragenden Kundenservice und einer diskreten Lieferung.<\/p>\n<h2 class=\"wp-block-heading\">Regierungsgesetz f\u00fcr den Verkauf von Haschisch in Europa<\/h2>\n<p>Der Kauf und Konsum von Cannabis, einschlie\u00dflich Bentley Hash, ist in Europa reguliert. Der Kauf auf renommierten Seiten wie Acheterducannabis.de gew\u00e4hrleistet die Einhaltung der lokalen Gesetze und Qualit\u00e4tsstandards.<\/p>","protected":false},"excerpt":{"rendered":"<p><strong>THC:<\/strong> 24%<\/p>\n<p><strong>Medizinische Effekte<\/strong><\/p>\n<ul class=\"wp-block-list\">\n<li>Linderung von Angstzust\u00e4nden.<\/li>\n<li>Energieboost f\u00fcr Personen, die einen Energieschub ben\u00f6tigen.<\/li>\n<\/ul>","protected":false},"featured_media":2080,"comment_status":"closed","ping_status":"closed","template":"","meta":{"site-sidebar-layout":"default","site-content-layout":"","ast-site-content-layout":"default","site-content-style":"default","site-sidebar-style":"default","ast-global-header-display":"","ast-banner-title-visibility":"","ast-main-header-display":"","ast-hfb-above-header-display":"","ast-hfb-below-header-display":"","ast-hfb-mobile-header-display":"","site-post-title":"","ast-breadcrumbs-content":"","ast-featured-img":"","footer-sml-layout":"","theme-transparent-header-meta":"default","adv-header-id-meta":"","stick-header-meta":"","header-above-stick-meta":"","header-main-stick-meta":"","header-below-stick-meta":"","astra-migrate-meta-layouts":"set","ast-page-background-enabled":"default","ast-page-background-meta":{"desktop":{"background-color":"","background-image":"","background-repeat":"repeat","background-position":"center center","background-size":"auto","background-attachment":"scroll","background-type":"","background-media":"","overlay-type":"","overlay-color":"","overlay-opacity":"","overlay-gradient":""},"tablet":{"background-color":"","background-image":"","background-repeat":"repeat","background-position":"center center","background-size":"auto","background-attachment":"scroll","background-type":"","background-media":"","overlay-type":"","overlay-color":"","overlay-opacity":"","overlay-gradient":""},"mobile":{"background-color":"","background-image":"","background-repeat":"repeat","background-position":"center center","background-size":"auto","background-attachment":"scroll","background-type":"","background-media":"","overlay-type":"","overlay-color":"","overlay-opacity":"","overlay-gradient":""}},"ast-content-background-meta":{"desktop":{"background-color":"var(--ast-global-color-5)","background-image":"","background-repeat":"repeat","background-position":"center center","background-size":"auto","background-attachment":"scroll","background-type":"","background-media":"","overlay-type":"","overlay-color":"","overlay-opacity":"","overlay-gradient":""},"tablet":{"background-color":"var(--ast-global-color-5)","background-image":"","background-repeat":"repeat","background-position":"center center","background-size":"auto","background-attachment":"scroll","background-type":"","background-media":"","overlay-type":"","overlay-color":"","overlay-opacity":"","overlay-gradient":""},"mobile":{"background-color":"var(--ast-global-color-5)","background-image":"","background-repeat":"repeat","background-position":"center center","background-size":"auto","background-attachment":"scroll","background-type":"","background-media":"","overlay-type":"","overlay-color":"","overlay-opacity":"","overlay-gradient":""}},"_joinchat":[]},"product_brand":[],"product_cat":[48],"product_tag":[],"class_list":{"0":"post-2076","1":"product","2":"type-product","3":"status-publish","4":"has-post-thumbnail","6":"product_cat-shit-thc","7":"desktop-align-left","8":"tablet-align-left","9":"mobile-align-left","11":"first","12":"instock","13":"shipping-taxable","14":"product-type-variable"},"yoast_head":"<!-- This site is optimized with the Yoast SEO Premium plugin v24.1 (Yoast SEO v26.8) - https:\/\/yoast.com\/product\/yoast-seo-premium-wordpress\/ -->\n<title>Achater Bentley Hash en Ligne | Hash Premium de Luxe<\/title>\n<meta name=\"description\" content=\"Achater Bentley Hash, un hash haut de gamme, puissant et riche en ar\u00f4mes. Achetez en ligne avec livraison discr\u00e8te et rapide chez beuhparadis.com\" \/>\n<meta name=\"robots\" content=\"index, follow, max-snippet:-1, max-image-preview:large, max-video-preview:-1\" \/>\n<link rel=\"canonical\" href=\"https:\/\/beuhparadis.com\/de\/product\/bentley-hash\/\" \/>\n<meta property=\"og:locale\" content=\"de_DE\" \/>\n<meta property=\"og:type\" content=\"article\" \/>\n<meta property=\"og:title\" content=\"Bentley Hash\" \/>\n<meta property=\"og:description\" content=\"Achater Bentley Hash, un hash haut de gamme, puissant et riche en ar\u00f4mes. Achetez en ligne avec livraison discr\u00e8te et rapide chez beuhparadis.com\" \/>\n<meta property=\"og:url\" content=\"https:\/\/beuhparadis.com\/de\/product\/bentley-hash\/\" \/>\n<meta property=\"og:site_name\" content=\"Beuh Paradis\" \/>\n<meta property=\"article:modified_time\" content=\"2025-01-28T09:20:44+00:00\" \/>\n<meta property=\"og:image\" content=\"https:\/\/beuhparadis.com\/wp-content\/uploads\/2024\/12\/Bentley-Hash-2.jpeg\" \/>\n\t<meta property=\"og:image:width\" content=\"900\" \/>\n\t<meta property=\"og:image:height\" content=\"900\" \/>\n\t<meta property=\"og:image:type\" content=\"image\/jpeg\" \/>\n<meta name=\"twitter:card\" content=\"summary_large_image\" \/>\n<meta name=\"twitter:label1\" content=\"Gesch\u00e4tzte Lesezeit\" \/>\n\t<meta name=\"twitter:data1\" content=\"2 minutes\" \/>\n<script type=\"application\/ld+json\" class=\"yoast-schema-graph\">{\"@context\":\"https:\/\/schema.org\",\"@graph\":[{\"@type\":\"WebPage\",\"@id\":\"https:\/\/beuhparadis.com\/product\/bentley-hash\/\",\"url\":\"https:\/\/beuhparadis.com\/product\/bentley-hash\/\",\"name\":\"Achater Bentley Hash en Ligne | Hash Premium de Luxe\",\"isPartOf\":{\"@id\":\"https:\/\/beuhparadis.com\/#website\"},\"primaryImageOfPage\":{\"@id\":\"https:\/\/beuhparadis.com\/product\/bentley-hash\/#primaryimage\"},\"image\":{\"@id\":\"https:\/\/beuhparadis.com\/product\/bentley-hash\/#primaryimage\"},\"thumbnailUrl\":\"https:\/\/beuhparadis.com\/wp-content\/uploads\/2024\/12\/Bentley-Hash-2.jpeg\",\"datePublished\":\"2024-12-10T23:50:48+00:00\",\"dateModified\":\"2025-01-28T09:20:44+00:00\",\"description\":\"Achater Bentley Hash, un hash haut de gamme, puissant et riche en ar\u00f4mes. Achetez en ligne avec livraison discr\u00e8te et rapide chez beuhparadis.com\",\"breadcrumb\":{\"@id\":\"https:\/\/beuhparadis.com\/product\/bentley-hash\/#breadcrumb\"},\"inLanguage\":\"de-DE-formal\",\"potentialAction\":[{\"@type\":\"ReadAction\",\"target\":[\"https:\/\/beuhparadis.com\/product\/bentley-hash\/\"]}]},{\"@type\":\"ImageObject\",\"inLanguage\":\"de-DE-formal\",\"@id\":\"https:\/\/beuhparadis.com\/product\/bentley-hash\/#primaryimage\",\"url\":\"https:\/\/beuhparadis.com\/wp-content\/uploads\/2024\/12\/Bentley-Hash-2.jpeg\",\"contentUrl\":\"https:\/\/beuhparadis.com\/wp-content\/uploads\/2024\/12\/Bentley-Hash-2.jpeg\",\"width\":900,\"height\":900,\"caption\":\"Achater Bentley Hash\"},{\"@type\":\"BreadcrumbList\",\"@id\":\"https:\/\/beuhparadis.com\/product\/bentley-hash\/#breadcrumb\",\"itemListElement\":[{\"@type\":\"ListItem\",\"position\":1,\"name\":\"Home\",\"item\":\"https:\/\/beuhparadis.com\/\"},{\"@type\":\"ListItem\",\"position\":2,\"name\":\"Shop\",\"item\":\"https:\/\/beuhparadis.com\/shop\/\"},{\"@type\":\"ListItem\",\"position\":3,\"name\":\"Bentley Hash\"}]},{\"@type\":\"WebSite\",\"@id\":\"https:\/\/beuhparadis.com\/#website\",\"url\":\"https:\/\/beuhparadis.com\/\",\"name\":\"Beuh Paradis\",\"description\":\"\",\"potentialAction\":[{\"@type\":\"SearchAction\",\"target\":{\"@type\":\"EntryPoint\",\"urlTemplate\":\"https:\/\/beuhparadis.com\/?s={search_term_string}\"},\"query-input\":{\"@type\":\"PropertyValueSpecification\",\"valueRequired\":true,\"valueName\":\"search_term_string\"}}],\"inLanguage\":\"de-DE-formal\"}]}<\/script>\n<!-- \/ Yoast SEO Premium plugin. -->","yoast_head_json":{"title":"Bentley Hash online kaufen | Hash Premium de Luxe","description":"Achater Bentley Hash, ein Hasch der Spitzenklasse, stark und reich an Aromen. Kaufen Sie online mit diskreter und schneller Lieferung bei beuhparadis.com.","robots":{"index":"index","follow":"follow","max-snippet":"max-snippet:-1","max-image-preview":"max-image-preview:large","max-video-preview":"max-video-preview:-1"},"canonical":"https:\/\/beuhparadis.com\/de\/product\/bentley-hash\/","og_locale":"de_DE","og_type":"article","og_title":"Bentley Hash","og_description":"Achater Bentley Hash, un hash haut de gamme, puissant et riche en ar\u00f4mes. Achetez en ligne avec livraison discr\u00e8te et rapide chez beuhparadis.com","og_url":"https:\/\/beuhparadis.com\/de\/product\/bentley-hash\/","og_site_name":"Beuh Paradis","article_modified_time":"2025-01-28T09:20:44+00:00","og_image":[{"width":900,"height":900,"url":"https:\/\/beuhparadis.com\/wp-content\/uploads\/2024\/12\/Bentley-Hash-2.jpeg","type":"image\/jpeg"}],"twitter_card":"summary_large_image","twitter_misc":{"Gesch\u00e4tzte Lesezeit":"2 minutes"},"schema":{"@context":"https:\/\/schema.org","@graph":[{"@type":"WebPage","@id":"https:\/\/beuhparadis.com\/product\/bentley-hash\/","url":"https:\/\/beuhparadis.com\/product\/bentley-hash\/","name":"Bentley Hash online kaufen | Hash Premium de Luxe","isPartOf":{"@id":"https:\/\/beuhparadis.com\/#website"},"primaryImageOfPage":{"@id":"https:\/\/beuhparadis.com\/product\/bentley-hash\/#primaryimage"},"image":{"@id":"https:\/\/beuhparadis.com\/product\/bentley-hash\/#primaryimage"},"thumbnailUrl":"https:\/\/beuhparadis.com\/wp-content\/uploads\/2024\/12\/Bentley-Hash-2.jpeg","datePublished":"2024-12-10T23:50:48+00:00","dateModified":"2025-01-28T09:20:44+00:00","description":"Achater Bentley Hash, ein Hasch der Spitzenklasse, stark und reich an Aromen. Kaufen Sie online mit diskreter und schneller Lieferung bei beuhparadis.com.","breadcrumb":{"@id":"https:\/\/beuhparadis.com\/product\/bentley-hash\/#breadcrumb"},"inLanguage":"de-DE-formal","potentialAction":[{"@type":"ReadAction","target":["https:\/\/beuhparadis.com\/product\/bentley-hash\/"]}]},{"@type":"ImageObject","inLanguage":"de-DE-formal","@id":"https:\/\/beuhparadis.com\/product\/bentley-hash\/#primaryimage","url":"https:\/\/beuhparadis.com\/wp-content\/uploads\/2024\/12\/Bentley-Hash-2.jpeg","contentUrl":"https:\/\/beuhparadis.com\/wp-content\/uploads\/2024\/12\/Bentley-Hash-2.jpeg","width":900,"height":900,"caption":"Achater Bentley Hash"},{"@type":"BreadcrumbList","@id":"https:\/\/beuhparadis.com\/product\/bentley-hash\/#breadcrumb","itemListElement":[{"@type":"ListItem","position":1,"name":"Home","item":"https:\/\/beuhparadis.com\/"},{"@type":"ListItem","position":2,"name":"Shop","item":"https:\/\/beuhparadis.com\/shop\/"},{"@type":"ListItem","position":3,"name":"Bentley Hash"}]},{"@type":"WebSite","@id":"https:\/\/beuhparadis.com\/#website","url":"https:\/\/beuhparadis.com\/","name":"Gras Paradies","description":"","potentialAction":[{"@type":"SearchAction","target":{"@type":"EntryPoint","urlTemplate":"https:\/\/beuhparadis.com\/?s={search_term_string}"},"query-input":{"@type":"PropertyValueSpecification","valueRequired":true,"valueName":"search_term_string"}}],"inLanguage":"de-DE-formal"}]}},"_links":{"self":[{"href":"https:\/\/beuhparadis.com\/de\/wp-json\/wp\/v2\/product\/2076","targetHints":{"allow":["GET"]}}],"collection":[{"href":"https:\/\/beuhparadis.com\/de\/wp-json\/wp\/v2\/product"}],"about":[{"href":"https:\/\/beuhparadis.com\/de\/wp-json\/wp\/v2\/types\/product"}],"replies":[{"embeddable":true,"href":"https:\/\/beuhparadis.com\/de\/wp-json\/wp\/v2\/comments?post=2076"}],"wp:featuredmedia":[{"embeddable":true,"href":"https:\/\/beuhparadis.com\/de\/wp-json\/wp\/v2\/media\/2080"}],"wp:attachment":[{"href":"https:\/\/beuhparadis.com\/de\/wp-json\/wp\/v2\/media?parent=2076"}],"wp:term":[{"taxonomy":"product_brand","embeddable":true,"href":"https:\/\/beuhparadis.com\/de\/wp-json\/wp\/v2\/product_brand?post=2076"},{"taxonomy":"product_cat","embeddable":true,"href":"https:\/\/beuhparadis.com\/de\/wp-json\/wp\/v2\/product_cat?post=2076"},{"taxonomy":"product_tag","embeddable":true,"href":"https:\/\/beuhparadis.com\/de\/wp-json\/wp\/v2\/product_tag?post=2076"}],"curies":[{"name":"wp","href":"https:\/\/api.w.org\/{rel}","templated":true}]}}