{"id":2061,"date":"2024-12-10T23:50:47","date_gmt":"2024-12-10T23:50:47","guid":{"rendered":"https:\/\/beuhparadis.com\/?post_type=product&#038;p=2061"},"modified":"2025-01-28T09:32:05","modified_gmt":"2025-01-28T09:32:05","slug":"red-lebanese-hash","status":"publish","type":"product","link":"https:\/\/beuhparadis.com\/de\/product\/red-lebanese-hash\/","title":{"rendered":"Red Lebanese Hash"},"content":{"rendered":"<h1 class=\"wp-block-heading\">Red Lebanese Hash kaufen<\/h1>\n<p>Red Lebanese Hash kaufen ist eine Hash-Sorte, die besonders f\u00fcr ihre zerebrale Wirkung gesch\u00e4tzt wird, im Gegensatz zu den meisten weltweit erh\u00e4ltlichen Haschischsorten, die tendenziell eher beruhigend wirken. Allerdings sorgt es auch f\u00fcr einen makellosen K\u00f6rperstein und sehr starke Entspannungswellen, die mit denen von marokkanischem Hasch vergleichbar sind.<\/p>\n<h2 class=\"wp-block-heading\">Informationen zu Hash<\/h2>\n<ul class=\"wp-block-list\">\n<li>Herkunft: Baalbek-Tal, Libanon.<\/li>\n<li>Produktion: Unter schwierigen Bedingungen gez\u00fcchtet, entwickeln die Landrace-St\u00e4mme dicke Schichten von THC-Trichomen, um sich gegen die Elemente zu verteidigen.<\/li>\n<li>Prozess: Nat\u00fcrliche Trocknung und Heilung, die dem Haschisch einen einzigartigen roten Farbton verleiht.<\/li>\n<li>Reifung : Hasch wird ein oder zwei Erntesaisons (4-8 Monate) lang gealtert, um eine ideale Konsistenz zu entwickeln und Aroma und Geschmack anzureichern.<\/li>\n<\/ul>\n<h2 class=\"wp-block-heading\">THC und CBD<\/h2>\n<ul class=\"wp-block-list\">\n<li><strong>THC :<\/strong> Hohe Konzentrationen, typisch f\u00fcr Haschischprodukte.<\/li>\n<li><strong>CBD:<\/strong> Informationen nicht angegeben, meist niedriger CBD-Gehalt.<\/li>\n<\/ul>\n<h2 class=\"wp-block-heading\">Wirkung, Aroma und Geschmack<\/h2>\n<h3 class=\"wp-block-heading\">Wirkung<\/h3>\n<ul class=\"wp-block-list\">\n<li>Ausgepr\u00e4gte zerebrale Effekte.<\/li>\n<li>Tiefe Entspannung und kraftvoller K\u00f6rperstein.<\/li>\n<\/ul>\n<h3 class=\"wp-block-heading\">Aroma<\/h3>\n<ul class=\"wp-block-list\">\n<li>Nat\u00fcrliches Holz.<\/li>\n<li>Einzigartige w\u00fcrzige Terpene.<\/li>\n<\/ul>\n<h3 class=\"wp-block-heading\">Geschmack<\/h3>\n<ul class=\"wp-block-list\">\n<li>Holzige und w\u00fcrzige Noten, die durch den Alterungsprozess angereichert wurden.<\/li>\n<\/ul>\n<h2 class=\"wp-block-heading\">Medizinische Effekte<\/h2>\n<h3 class=\"wp-block-heading\">Medizinische Effekte<\/h3>\n<ul class=\"wp-block-list\">\n<li>Wirksame Schmerzlinderung.<\/li>\n<li>Abbau von Stress und Angstzust\u00e4nden.<\/li>\n<\/ul>\n<h3 class=\"wp-block-heading\">Kann Linderung verschaffen<\/h3>\n<ul class=\"wp-block-list\">\n<li>Schlaflosigkeit.<\/li>\n<li>Chronische Schmerzen.<\/li>\n<li>Stimmungsschwankungen.<\/li>\n<\/ul>\n<h2 class=\"wp-block-heading\">Wie man lebanese red hash raucht<\/h2>\n<p>Der Konsum von Hasch bietet eine Vielzahl von M\u00f6glichkeiten. Es empfiehlt sich, es auf Ihre Bong- oder Pfeifenschalen zu br\u00f6seln oder es in Ihre Joints zu mischen, um ein entspannendes Erlebnis zu haben.<\/p>\n<h2 class=\"wp-block-heading\">Wo kann ich Red Lebanese Hash online kaufen?<\/h2>\n<p>Lebanese Red Hash kann online auf zuverl\u00e4ssigen Seiten wie Acheterducannabis.de gekauft werden, die hohe Qualit\u00e4t und diskrete Lieferung bieten.<\/p>\n<h2 class=\"wp-block-heading\">Warum sollte man bei Acheterducannabis.de Hash Red Lebanese kaufen?<\/h2>\n<p><a href=\"https:\/\/beuhparadis.com\/de\/product\/honey-moroccan-blonde-hash\/\" data-type=\"link\" data-id=\"https:\/\/acheterducannabis.fr\/\">Beuhparadies.com<\/a> ist bekannt f\u00fcr seine Premium-Auswahl an Cannabis, einschlie\u00dflich Red-Lebanese-Hash, und garantiert ein sicheres Einkaufserlebnis und einen erstklassigen Kundenservice.<\/p>\n<h2 class=\"wp-block-heading\">Regierungsgesetz f\u00fcr den Verkauf von Haschisch in Europa<\/h2>\n<p>Der Verkauf von Cannabis, einschlie\u00dflich Red Lebanese Hash, unterliegt in Europa strengen Vorschriften. Der Kauf bei seri\u00f6sen Anbietern wie Acheterducannabis.de gew\u00e4hrleistet die Einhaltung der Gesetze und der Qualit\u00e4ts- und Sicherheitsstandards.<\/p>","protected":false},"excerpt":{"rendered":"<p><strong>THC:<\/strong> 25%<\/p>\n<p><strong>Medizinische Effekte<\/strong><\/p>\n<ul class=\"wp-block-list\">\n<li>Wirksame Schmerzlinderung.<\/li>\n<li>Abbau von Stress und Angstzust\u00e4nden.<\/li>\n<\/ul>","protected":false},"featured_media":2078,"comment_status":"closed","ping_status":"closed","template":"","meta":{"site-sidebar-layout":"default","site-content-layout":"","ast-site-content-layout":"default","site-content-style":"default","site-sidebar-style":"default","ast-global-header-display":"","ast-banner-title-visibility":"","ast-main-header-display":"","ast-hfb-above-header-display":"","ast-hfb-below-header-display":"","ast-hfb-mobile-header-display":"","site-post-title":"","ast-breadcrumbs-content":"","ast-featured-img":"","footer-sml-layout":"","theme-transparent-header-meta":"default","adv-header-id-meta":"","stick-header-meta":"","header-above-stick-meta":"","header-main-stick-meta":"","header-below-stick-meta":"","astra-migrate-meta-layouts":"set","ast-page-background-enabled":"default","ast-page-background-meta":{"desktop":{"background-color":"","background-image":"","background-repeat":"repeat","background-position":"center center","background-size":"auto","background-attachment":"scroll","background-type":"","background-media":"","overlay-type":"","overlay-color":"","overlay-opacity":"","overlay-gradient":""},"tablet":{"background-color":"","background-image":"","background-repeat":"repeat","background-position":"center center","background-size":"auto","background-attachment":"scroll","background-type":"","background-media":"","overlay-type":"","overlay-color":"","overlay-opacity":"","overlay-gradient":""},"mobile":{"background-color":"","background-image":"","background-repeat":"repeat","background-position":"center center","background-size":"auto","background-attachment":"scroll","background-type":"","background-media":"","overlay-type":"","overlay-color":"","overlay-opacity":"","overlay-gradient":""}},"ast-content-background-meta":{"desktop":{"background-color":"var(--ast-global-color-5)","background-image":"","background-repeat":"repeat","background-position":"center center","background-size":"auto","background-attachment":"scroll","background-type":"","background-media":"","overlay-type":"","overlay-color":"","overlay-opacity":"","overlay-gradient":""},"tablet":{"background-color":"var(--ast-global-color-5)","background-image":"","background-repeat":"repeat","background-position":"center center","background-size":"auto","background-attachment":"scroll","background-type":"","background-media":"","overlay-type":"","overlay-color":"","overlay-opacity":"","overlay-gradient":""},"mobile":{"background-color":"var(--ast-global-color-5)","background-image":"","background-repeat":"repeat","background-position":"center center","background-size":"auto","background-attachment":"scroll","background-type":"","background-media":"","overlay-type":"","overlay-color":"","overlay-opacity":"","overlay-gradient":""}},"_joinchat":[]},"product_brand":[],"product_cat":[48],"product_tag":[],"class_list":{"0":"post-2061","1":"product","2":"type-product","3":"status-publish","4":"has-post-thumbnail","6":"product_cat-shit-thc","7":"desktop-align-left","8":"tablet-align-left","9":"mobile-align-left","11":"first","12":"instock","13":"shipping-taxable","14":"purchasable","15":"product-type-variable"},"yoast_head":"<!-- This site is optimized with the Yoast SEO Premium plugin v24.1 (Yoast SEO v26.8) - https:\/\/yoast.com\/product\/yoast-seo-premium-wordpress\/ -->\n<title>Acheter Red Lebanese Hash | Hash Libanais Rouge Premium<\/title>\n<meta name=\"description\" content=\"Acheter Red Lebanese Hash, un hash libanais rouge traditionnel, connu pour sa texture douce et ses ar\u00f4mes riches. Livraison discr\u00e8te et rapide.\" \/>\n<meta name=\"robots\" content=\"index, follow, max-snippet:-1, max-image-preview:large, max-video-preview:-1\" \/>\n<link rel=\"canonical\" href=\"https:\/\/beuhparadis.com\/de\/product\/red-lebanese-hash\/\" \/>\n<meta property=\"og:locale\" content=\"de_DE\" \/>\n<meta property=\"og:type\" content=\"article\" \/>\n<meta property=\"og:title\" content=\"Red Lebanese Hash\" \/>\n<meta property=\"og:description\" content=\"Acheter Red Lebanese Hash, un hash libanais rouge traditionnel, connu pour sa texture douce et ses ar\u00f4mes riches. Livraison discr\u00e8te et rapide.\" \/>\n<meta property=\"og:url\" content=\"https:\/\/beuhparadis.com\/de\/product\/red-lebanese-hash\/\" \/>\n<meta property=\"og:site_name\" content=\"Beuh Paradis\" \/>\n<meta property=\"article:modified_time\" content=\"2025-01-28T09:32:05+00:00\" \/>\n<meta property=\"og:image\" content=\"https:\/\/beuhparadis.com\/wp-content\/uploads\/2024\/12\/Red-Lebanese-Hash-2.jpeg\" \/>\n\t<meta property=\"og:image:width\" content=\"924\" \/>\n\t<meta property=\"og:image:height\" content=\"924\" \/>\n\t<meta property=\"og:image:type\" content=\"image\/jpeg\" \/>\n<meta name=\"twitter:card\" content=\"summary_large_image\" \/>\n<meta name=\"twitter:label1\" content=\"Gesch\u00e4tzte Lesezeit\" \/>\n\t<meta name=\"twitter:data1\" content=\"2 minutes\" \/>\n<script type=\"application\/ld+json\" class=\"yoast-schema-graph\">{\"@context\":\"https:\/\/schema.org\",\"@graph\":[{\"@type\":\"WebPage\",\"@id\":\"https:\/\/beuhparadis.com\/product\/red-lebanese-hash\/\",\"url\":\"https:\/\/beuhparadis.com\/product\/red-lebanese-hash\/\",\"name\":\"Acheter Red Lebanese Hash | Hash Libanais Rouge Premium\",\"isPartOf\":{\"@id\":\"https:\/\/beuhparadis.com\/#website\"},\"primaryImageOfPage\":{\"@id\":\"https:\/\/beuhparadis.com\/product\/red-lebanese-hash\/#primaryimage\"},\"image\":{\"@id\":\"https:\/\/beuhparadis.com\/product\/red-lebanese-hash\/#primaryimage\"},\"thumbnailUrl\":\"https:\/\/beuhparadis.com\/wp-content\/uploads\/2024\/12\/Red-Lebanese-Hash-2.jpeg\",\"datePublished\":\"2024-12-10T23:50:47+00:00\",\"dateModified\":\"2025-01-28T09:32:05+00:00\",\"description\":\"Acheter Red Lebanese Hash, un hash libanais rouge traditionnel, connu pour sa texture douce et ses ar\u00f4mes riches. Livraison discr\u00e8te et rapide.\",\"breadcrumb\":{\"@id\":\"https:\/\/beuhparadis.com\/product\/red-lebanese-hash\/#breadcrumb\"},\"inLanguage\":\"de-DE-formal\",\"potentialAction\":[{\"@type\":\"ReadAction\",\"target\":[\"https:\/\/beuhparadis.com\/product\/red-lebanese-hash\/\"]}]},{\"@type\":\"ImageObject\",\"inLanguage\":\"de-DE-formal\",\"@id\":\"https:\/\/beuhparadis.com\/product\/red-lebanese-hash\/#primaryimage\",\"url\":\"https:\/\/beuhparadis.com\/wp-content\/uploads\/2024\/12\/Red-Lebanese-Hash-2.jpeg\",\"contentUrl\":\"https:\/\/beuhparadis.com\/wp-content\/uploads\/2024\/12\/Red-Lebanese-Hash-2.jpeg\",\"width\":924,\"height\":924},{\"@type\":\"BreadcrumbList\",\"@id\":\"https:\/\/beuhparadis.com\/product\/red-lebanese-hash\/#breadcrumb\",\"itemListElement\":[{\"@type\":\"ListItem\",\"position\":1,\"name\":\"Home\",\"item\":\"https:\/\/beuhparadis.com\/\"},{\"@type\":\"ListItem\",\"position\":2,\"name\":\"Shop\",\"item\":\"https:\/\/beuhparadis.com\/shop\/\"},{\"@type\":\"ListItem\",\"position\":3,\"name\":\"Red Lebanese Hash\"}]},{\"@type\":\"WebSite\",\"@id\":\"https:\/\/beuhparadis.com\/#website\",\"url\":\"https:\/\/beuhparadis.com\/\",\"name\":\"Beuh Paradis\",\"description\":\"\",\"potentialAction\":[{\"@type\":\"SearchAction\",\"target\":{\"@type\":\"EntryPoint\",\"urlTemplate\":\"https:\/\/beuhparadis.com\/?s={search_term_string}\"},\"query-input\":{\"@type\":\"PropertyValueSpecification\",\"valueRequired\":true,\"valueName\":\"search_term_string\"}}],\"inLanguage\":\"de-DE-formal\"}]}<\/script>\n<!-- \/ Yoast SEO Premium plugin. -->","yoast_head_json":{"title":"Red Lebanese Hash | Libanesische Hash Rot Premium kaufen","description":"Kaufen Red Lebanese Hash, traditionelles rotes libanesisches Hasch, das f\u00fcr seine weiche Textur und reichen Aromen bekannt ist. Diskrete und schnelle Lieferung.","robots":{"index":"index","follow":"follow","max-snippet":"max-snippet:-1","max-image-preview":"max-image-preview:large","max-video-preview":"max-video-preview:-1"},"canonical":"https:\/\/beuhparadis.com\/de\/product\/red-lebanese-hash\/","og_locale":"de_DE","og_type":"article","og_title":"Red Lebanese Hash","og_description":"Acheter Red Lebanese Hash, un hash libanais rouge traditionnel, connu pour sa texture douce et ses ar\u00f4mes riches. Livraison discr\u00e8te et rapide.","og_url":"https:\/\/beuhparadis.com\/de\/product\/red-lebanese-hash\/","og_site_name":"Beuh Paradis","article_modified_time":"2025-01-28T09:32:05+00:00","og_image":[{"width":924,"height":924,"url":"https:\/\/beuhparadis.com\/wp-content\/uploads\/2024\/12\/Red-Lebanese-Hash-2.jpeg","type":"image\/jpeg"}],"twitter_card":"summary_large_image","twitter_misc":{"Gesch\u00e4tzte Lesezeit":"2 minutes"},"schema":{"@context":"https:\/\/schema.org","@graph":[{"@type":"WebPage","@id":"https:\/\/beuhparadis.com\/product\/red-lebanese-hash\/","url":"https:\/\/beuhparadis.com\/product\/red-lebanese-hash\/","name":"Red Lebanese Hash | Libanesische Hash Rot Premium kaufen","isPartOf":{"@id":"https:\/\/beuhparadis.com\/#website"},"primaryImageOfPage":{"@id":"https:\/\/beuhparadis.com\/product\/red-lebanese-hash\/#primaryimage"},"image":{"@id":"https:\/\/beuhparadis.com\/product\/red-lebanese-hash\/#primaryimage"},"thumbnailUrl":"https:\/\/beuhparadis.com\/wp-content\/uploads\/2024\/12\/Red-Lebanese-Hash-2.jpeg","datePublished":"2024-12-10T23:50:47+00:00","dateModified":"2025-01-28T09:32:05+00:00","description":"Kaufen Red Lebanese Hash, traditionelles rotes libanesisches Hasch, das f\u00fcr seine weiche Textur und reichen Aromen bekannt ist. Diskrete und schnelle Lieferung.","breadcrumb":{"@id":"https:\/\/beuhparadis.com\/product\/red-lebanese-hash\/#breadcrumb"},"inLanguage":"de-DE-formal","potentialAction":[{"@type":"ReadAction","target":["https:\/\/beuhparadis.com\/product\/red-lebanese-hash\/"]}]},{"@type":"ImageObject","inLanguage":"de-DE-formal","@id":"https:\/\/beuhparadis.com\/product\/red-lebanese-hash\/#primaryimage","url":"https:\/\/beuhparadis.com\/wp-content\/uploads\/2024\/12\/Red-Lebanese-Hash-2.jpeg","contentUrl":"https:\/\/beuhparadis.com\/wp-content\/uploads\/2024\/12\/Red-Lebanese-Hash-2.jpeg","width":924,"height":924},{"@type":"BreadcrumbList","@id":"https:\/\/beuhparadis.com\/product\/red-lebanese-hash\/#breadcrumb","itemListElement":[{"@type":"ListItem","position":1,"name":"Home","item":"https:\/\/beuhparadis.com\/"},{"@type":"ListItem","position":2,"name":"Shop","item":"https:\/\/beuhparadis.com\/shop\/"},{"@type":"ListItem","position":3,"name":"Red Lebanese Hash"}]},{"@type":"WebSite","@id":"https:\/\/beuhparadis.com\/#website","url":"https:\/\/beuhparadis.com\/","name":"Gras Paradies","description":"","potentialAction":[{"@type":"SearchAction","target":{"@type":"EntryPoint","urlTemplate":"https:\/\/beuhparadis.com\/?s={search_term_string}"},"query-input":{"@type":"PropertyValueSpecification","valueRequired":true,"valueName":"search_term_string"}}],"inLanguage":"de-DE-formal"}]}},"_links":{"self":[{"href":"https:\/\/beuhparadis.com\/de\/wp-json\/wp\/v2\/product\/2061","targetHints":{"allow":["GET"]}}],"collection":[{"href":"https:\/\/beuhparadis.com\/de\/wp-json\/wp\/v2\/product"}],"about":[{"href":"https:\/\/beuhparadis.com\/de\/wp-json\/wp\/v2\/types\/product"}],"replies":[{"embeddable":true,"href":"https:\/\/beuhparadis.com\/de\/wp-json\/wp\/v2\/comments?post=2061"}],"wp:featuredmedia":[{"embeddable":true,"href":"https:\/\/beuhparadis.com\/de\/wp-json\/wp\/v2\/media\/2078"}],"wp:attachment":[{"href":"https:\/\/beuhparadis.com\/de\/wp-json\/wp\/v2\/media?parent=2061"}],"wp:term":[{"taxonomy":"product_brand","embeddable":true,"href":"https:\/\/beuhparadis.com\/de\/wp-json\/wp\/v2\/product_brand?post=2061"},{"taxonomy":"product_cat","embeddable":true,"href":"https:\/\/beuhparadis.com\/de\/wp-json\/wp\/v2\/product_cat?post=2061"},{"taxonomy":"product_tag","embeddable":true,"href":"https:\/\/beuhparadis.com\/de\/wp-json\/wp\/v2\/product_tag?post=2061"}],"curies":[{"name":"wp","href":"https:\/\/api.w.org\/{rel}","templated":true}]}}