{"id":2047,"date":"2024-12-10T23:50:24","date_gmt":"2024-12-10T23:50:24","guid":{"rendered":"https:\/\/beuhparadis.com\/?post_type=product&#038;p=2047"},"modified":"2025-01-28T10:06:59","modified_gmt":"2025-01-28T10:06:59","slug":"doja-exclusive-apple-fritter","status":"publish","type":"product","link":"https:\/\/beuhparadis.com\/de\/product\/doja-exclusive-apple-fritter\/","title":{"rendered":"Doja Exclusive | Apple Fritter"},"content":{"rendered":"<h1 class=\"wp-block-heading\">Doja Apple Frittieren Kaufen: Eine s\u00fc\u00dfe Sorte mit beruhigenden Effekten<\/h1>\n<p>Kaufen Doja Apple Fritter, seit 2016 in der Cannabiswelt vertreten, zeichnet sich durch seine au\u00dfergew\u00f6hnliche Qualit\u00e4t und seine weltweite Beliebtheit aus. Diese Sorte, die au\u00dferhalb der Ostk\u00fcste der USA nur schwer zu finden ist, zeichnet sich durch einen k\u00f6stlichen Geschmack und eine angenehme Wirkung aus, was sie f\u00fcr Kenner unumg\u00e4nglich macht.<\/p>\n<h2 class=\"wp-block-heading\">Info \u00fcber La Souche<\/h2>\n<ul class=\"wp-block-list\">\n<li><strong>Genetik<\/strong> : Doja Apple Fritter ist ein ausgewogener Hybrid mit einer Indica\/Sativa-Dominanz von 50\/50, die aus einer harmonischen Mischung von s\u00fc\u00dfen und fruchtigen Aromen mit Karamell- und Apfelnoten resultiert.<\/li>\n<li><strong>Produktion<\/strong> : Sorgf\u00e4ltig gez\u00fcchtet, um das einzigartige Aromaprofil und die hohe Konzentration an Cannabinoiden zu erhalten.<\/li>\n<li><strong>Typ<\/strong> : Ausgewogener Hybrid, perfekt f\u00fcr alle, die sowohl Entspannung als auch geistige Anregung suchen.<\/li>\n<\/ul>\n<h2 class=\"wp-block-heading\">THC und CBD<\/h2>\n<ul class=\"wp-block-list\">\n<li><strong>THC<\/strong> : Hohe Konzentration f\u00fcr starke und sofortige Effekte, ideal f\u00fcr ein einpr\u00e4gsames Erlebnis.<\/li>\n<li><strong>CBD<\/strong> : Schwach, betont die psychoaktiven und entspannenden Effekte des Stammes.<\/li>\n<\/ul>\n<h2 class=\"wp-block-heading\">Wo kann ich Doja Apple Fritter online kaufen?<\/h2>\n<p><a href=\"https:\/\/beuhparadis.com\/de\/product\/honey-moroccan-blonde-hash\/\" data-type=\"link\" data-id=\"https:\/\/acheterducannabis.fr\/\">Beuhparadies.com<\/a> ist Ihr bevorzugtes Ziel, um zu erwerben <strong>Doja Apple Fritter<\/strong> online und garantieren h\u00f6chste Qualit\u00e4t, diskrete Lieferung und einen hervorragenden Kundenservice.<\/p>\n<h2 class=\"wp-block-heading\">Wirkung, Aroma und Geschmack<\/h2>\n<h3 class=\"wp-block-heading\">Wirkung<\/h3>\n<ul class=\"wp-block-list\">\n<li><strong>Doja Apple Fritter<\/strong> bietet ein warmes, umh\u00fcllendes Gef\u00fchl, das perfekt f\u00fcr Winterabende ist. Dieser Stamm induziert auch einen euphorischen und entspannten Zustand, ideal zum Entspannen oder um die Kreativit\u00e4t anzuregen.<\/li>\n<\/ul>\n<h3 class=\"wp-block-heading\">Aroma<\/h3>\n<ul class=\"wp-block-list\">\n<li>Ein intensiv s\u00fc\u00dfes und fruchtiges Aroma mit Nuancen von Diesel, Apfel und anderen tropischen Fr\u00fcchten wie Ananas und Mango macht Doja Apple Fritter besonders attraktiv.<\/li>\n<\/ul>\n<h3 class=\"wp-block-heading\">Geschmack<\/h3>\n<ul class=\"wp-block-list\">\n<li>Exquisiter Geschmack, der an Apfelkrapfen erinnert, mit einem perfekten Gleichgewicht zwischen der S\u00fc\u00dfe der Fr\u00fcchte und einem leichten Zitronentang, erg\u00e4nzt durch einen Hauch von Diesel beim Ausatmen.<\/li>\n<\/ul>\n<h2 class=\"wp-block-heading\">Medizinische Effekte<\/h2>\n<h3 class=\"wp-block-heading\">Medizinische Effekte<\/h3>\n<ul class=\"wp-block-list\">\n<li>Wirksam gegen Angst und Stress, verschafft Doja Applefritter eine tiefe Erleichterung und ein Gef\u00fchl des Wohlbefindens.<\/li>\n<li>Kann auch helfen, chronische Schmerzen zu lindern und einen erholsamen Schlaf zu f\u00f6rdern.<\/li>\n<\/ul>\n<h3 class=\"wp-block-heading\">Kann Linderung verschaffen<\/h3>\n<ul class=\"wp-block-list\">\n<li>Angstst\u00f6rungen, in kleinen Dosen, ohne den Zustand zu verschlimmern.<\/li>\n<li>Anhaltende Schmerzen und Schlafst\u00f6rungen, indem sie Komfort und Entspannung bieten.<\/li>\n<\/ul>\n<h2 class=\"wp-block-heading\">Warum Doja Apple Fritter bei Acheterducannabis kaufen?<\/h2>\n<p>Wenn Sie Acheterducannabis f\u00fcr Ihren Kauf von Doja Apple Fritter w\u00e4hlen, entscheiden Sie sich f\u00fcr ein Cannabisprodukt von h\u00f6chster Qualit\u00e4t. Wir sind bestrebt, ein unvergleichliches Einkaufserlebnis zu bieten, von der Bestellung bis zur Lieferung an Ihre Haust\u00fcr.<\/p>\n<h2 class=\"wp-block-heading\">Regierungsgesetze f\u00fcr den Verkauf von Cannabis in Europa<\/h2>\n<p>Der Verkauf von Cannabis in Europa ist reguliert, um die Sicherheit der Verbraucher und die Qualit\u00e4t der Produkte zu gew\u00e4hrleisten. Acheterducannabis h\u00e4lt sich strikt an diese Standards und bietet einen v\u00f6llig legalen und sicheren Online-Einkaufsservice f\u00fcr Doja Apple Fritter.<\/p>\n<hr class=\"wp-block-separator has-alpha-channel-opacity\" \/>\n<p>Acheterducannabis l\u00e4dt Sie dazu ein, die k\u00f6stliche Welt von <strong>Doja Apple Fritter<\/strong>Sie garantieren h\u00f6chste Qualit\u00e4t, zuverl\u00e4ssige Lieferung und die Einhaltung der europ\u00e4ischen Rechtsnormen.<\/p>","protected":false},"excerpt":{"rendered":"<h3 class=\"wp-block-heading\">Medizinische Effekte<\/h3>\n<ul class=\"wp-block-list\">\n<li>Wirksam gegen Angst und Stress, verschafft Doja Apple Fritter eine tiefe Erleichterung und ein Gef\u00fchl des Wohlbefindens.<\/li>\n<li>Kann auch helfen, chronische Schmerzen zu lindern und einen erholsamen Schlaf zu f\u00f6rdern.<\/li>\n<\/ul>","protected":false},"featured_media":2077,"comment_status":"closed","ping_status":"closed","template":"","meta":{"site-sidebar-layout":"default","site-content-layout":"","ast-site-content-layout":"default","site-content-style":"default","site-sidebar-style":"default","ast-global-header-display":"","ast-banner-title-visibility":"","ast-main-header-display":"","ast-hfb-above-header-display":"","ast-hfb-below-header-display":"","ast-hfb-mobile-header-display":"","site-post-title":"","ast-breadcrumbs-content":"","ast-featured-img":"","footer-sml-layout":"","theme-transparent-header-meta":"default","adv-header-id-meta":"","stick-header-meta":"","header-above-stick-meta":"","header-main-stick-meta":"","header-below-stick-meta":"","astra-migrate-meta-layouts":"set","ast-page-background-enabled":"default","ast-page-background-meta":{"desktop":{"background-color":"","background-image":"","background-repeat":"repeat","background-position":"center center","background-size":"auto","background-attachment":"scroll","background-type":"","background-media":"","overlay-type":"","overlay-color":"","overlay-opacity":"","overlay-gradient":""},"tablet":{"background-color":"","background-image":"","background-repeat":"repeat","background-position":"center center","background-size":"auto","background-attachment":"scroll","background-type":"","background-media":"","overlay-type":"","overlay-color":"","overlay-opacity":"","overlay-gradient":""},"mobile":{"background-color":"","background-image":"","background-repeat":"repeat","background-position":"center center","background-size":"auto","background-attachment":"scroll","background-type":"","background-media":"","overlay-type":"","overlay-color":"","overlay-opacity":"","overlay-gradient":""}},"ast-content-background-meta":{"desktop":{"background-color":"var(--ast-global-color-5)","background-image":"","background-repeat":"repeat","background-position":"center center","background-size":"auto","background-attachment":"scroll","background-type":"","background-media":"","overlay-type":"","overlay-color":"","overlay-opacity":"","overlay-gradient":""},"tablet":{"background-color":"var(--ast-global-color-5)","background-image":"","background-repeat":"repeat","background-position":"center center","background-size":"auto","background-attachment":"scroll","background-type":"","background-media":"","overlay-type":"","overlay-color":"","overlay-opacity":"","overlay-gradient":""},"mobile":{"background-color":"var(--ast-global-color-5)","background-image":"","background-repeat":"repeat","background-position":"center center","background-size":"auto","background-attachment":"scroll","background-type":"","background-media":"","overlay-type":"","overlay-color":"","overlay-opacity":"","overlay-gradient":""}},"_joinchat":[]},"product_brand":[],"product_cat":[41,47],"product_tag":[],"class_list":{"0":"post-2047","1":"product","2":"type-product","3":"status-publish","4":"has-post-thumbnail","6":"product_cat-cali-weed","7":"product_cat-doja-weed-doja-exclusive","8":"desktop-align-left","9":"tablet-align-left","10":"mobile-align-left","12":"first","13":"instock","14":"shipping-taxable","15":"purchasable","16":"product-type-variable"},"yoast_head":"<!-- This site is optimized with the Yoast SEO Premium plugin v24.1 (Yoast SEO v26.8) - https:\/\/yoast.com\/product\/yoast-seo-premium-wordpress\/ -->\n<title>Acheter Doja Apple Fritter en Ligne | Vari\u00e9t\u00e9 de Cannabis Gourmet<\/title>\n<meta name=\"description\" content=\"D\u00e9couvrez le Doja Apple Fritter, une vari\u00e9t\u00e9 de cannabis gourmet aux ar\u00f4mes sucr\u00e9s et \u00e9pic\u00e9s. Achetez en ligne avec livraison discr\u00e8te et rapide.\" \/>\n<meta name=\"robots\" content=\"index, follow, max-snippet:-1, max-image-preview:large, max-video-preview:-1\" \/>\n<link rel=\"canonical\" href=\"https:\/\/beuhparadis.com\/de\/product\/doja-exclusive-apple-fritter\/\" \/>\n<meta property=\"og:locale\" content=\"de_DE\" \/>\n<meta property=\"og:type\" content=\"article\" \/>\n<meta property=\"og:title\" content=\"Doja Exclusive | Apple Fritter\" \/>\n<meta property=\"og:description\" content=\"D\u00e9couvrez le Doja Apple Fritter, une vari\u00e9t\u00e9 de cannabis gourmet aux ar\u00f4mes sucr\u00e9s et \u00e9pic\u00e9s. Achetez en ligne avec livraison discr\u00e8te et rapide.\" \/>\n<meta property=\"og:url\" content=\"https:\/\/beuhparadis.com\/de\/product\/doja-exclusive-apple-fritter\/\" \/>\n<meta property=\"og:site_name\" content=\"Beuh Paradis\" \/>\n<meta property=\"article:modified_time\" content=\"2025-01-28T10:06:59+00:00\" \/>\n<meta property=\"og:image\" content=\"https:\/\/beuhparadis.com\/wp-content\/uploads\/2024\/12\/Doja-Exclusive-Apple-Fritter-3.jpg\" \/>\n\t<meta property=\"og:image:width\" content=\"1284\" \/>\n\t<meta property=\"og:image:height\" content=\"1593\" \/>\n\t<meta property=\"og:image:type\" content=\"image\/jpeg\" \/>\n<meta name=\"twitter:card\" content=\"summary_large_image\" \/>\n<meta name=\"twitter:label1\" content=\"Gesch\u00e4tzte Lesezeit\" \/>\n\t<meta name=\"twitter:data1\" content=\"3 minutes\" \/>\n<script type=\"application\/ld+json\" class=\"yoast-schema-graph\">{\"@context\":\"https:\/\/schema.org\",\"@graph\":[{\"@type\":\"WebPage\",\"@id\":\"https:\/\/beuhparadis.com\/product\/doja-exclusive-apple-fritter\/\",\"url\":\"https:\/\/beuhparadis.com\/product\/doja-exclusive-apple-fritter\/\",\"name\":\"Acheter Doja Apple Fritter en Ligne | Vari\u00e9t\u00e9 de Cannabis Gourmet\",\"isPartOf\":{\"@id\":\"https:\/\/beuhparadis.com\/#website\"},\"primaryImageOfPage\":{\"@id\":\"https:\/\/beuhparadis.com\/product\/doja-exclusive-apple-fritter\/#primaryimage\"},\"image\":{\"@id\":\"https:\/\/beuhparadis.com\/product\/doja-exclusive-apple-fritter\/#primaryimage\"},\"thumbnailUrl\":\"https:\/\/beuhparadis.com\/wp-content\/uploads\/2024\/12\/Doja-Exclusive-Apple-Fritter-3.jpg\",\"datePublished\":\"2024-12-10T23:50:24+00:00\",\"dateModified\":\"2025-01-28T10:06:59+00:00\",\"description\":\"D\u00e9couvrez le Doja Apple Fritter, une vari\u00e9t\u00e9 de cannabis gourmet aux ar\u00f4mes sucr\u00e9s et \u00e9pic\u00e9s. Achetez en ligne avec livraison discr\u00e8te et rapide.\",\"breadcrumb\":{\"@id\":\"https:\/\/beuhparadis.com\/product\/doja-exclusive-apple-fritter\/#breadcrumb\"},\"inLanguage\":\"de-DE-formal\",\"potentialAction\":[{\"@type\":\"ReadAction\",\"target\":[\"https:\/\/beuhparadis.com\/product\/doja-exclusive-apple-fritter\/\"]}]},{\"@type\":\"ImageObject\",\"inLanguage\":\"de-DE-formal\",\"@id\":\"https:\/\/beuhparadis.com\/product\/doja-exclusive-apple-fritter\/#primaryimage\",\"url\":\"https:\/\/beuhparadis.com\/wp-content\/uploads\/2024\/12\/Doja-Exclusive-Apple-Fritter-3.jpg\",\"contentUrl\":\"https:\/\/beuhparadis.com\/wp-content\/uploads\/2024\/12\/Doja-Exclusive-Apple-Fritter-3.jpg\",\"width\":1284,\"height\":1593},{\"@type\":\"BreadcrumbList\",\"@id\":\"https:\/\/beuhparadis.com\/product\/doja-exclusive-apple-fritter\/#breadcrumb\",\"itemListElement\":[{\"@type\":\"ListItem\",\"position\":1,\"name\":\"Home\",\"item\":\"https:\/\/beuhparadis.com\/\"},{\"@type\":\"ListItem\",\"position\":2,\"name\":\"Shop\",\"item\":\"https:\/\/beuhparadis.com\/shop\/\"},{\"@type\":\"ListItem\",\"position\":3,\"name\":\"Doja Exclusive | Apple Fritter\"}]},{\"@type\":\"WebSite\",\"@id\":\"https:\/\/beuhparadis.com\/#website\",\"url\":\"https:\/\/beuhparadis.com\/\",\"name\":\"Beuh Paradis\",\"description\":\"\",\"potentialAction\":[{\"@type\":\"SearchAction\",\"target\":{\"@type\":\"EntryPoint\",\"urlTemplate\":\"https:\/\/beuhparadis.com\/?s={search_term_string}\"},\"query-input\":{\"@type\":\"PropertyValueSpecification\",\"valueRequired\":true,\"valueName\":\"search_term_string\"}}],\"inLanguage\":\"de-DE-formal\"}]}<\/script>\n<!-- \/ Yoast SEO Premium plugin. -->","yoast_head_json":{"title":"Doja Apple Frittieren Kaufen Online | Gourmet Cannabis Sorte","description":"Entdecken Sie die Doja Apple Fritter, eine Gourmet-Cannabissorte mit s\u00fc\u00dfen und w\u00fcrzigen Aromen. Kaufen Sie online mit diskreter und schneller Lieferung.","robots":{"index":"index","follow":"follow","max-snippet":"max-snippet:-1","max-image-preview":"max-image-preview:large","max-video-preview":"max-video-preview:-1"},"canonical":"https:\/\/beuhparadis.com\/de\/product\/doja-exclusive-apple-fritter\/","og_locale":"de_DE","og_type":"article","og_title":"Doja Exclusive | Apple Fritter","og_description":"D\u00e9couvrez le Doja Apple Fritter, une vari\u00e9t\u00e9 de cannabis gourmet aux ar\u00f4mes sucr\u00e9s et \u00e9pic\u00e9s. Achetez en ligne avec livraison discr\u00e8te et rapide.","og_url":"https:\/\/beuhparadis.com\/de\/product\/doja-exclusive-apple-fritter\/","og_site_name":"Beuh Paradis","article_modified_time":"2025-01-28T10:06:59+00:00","og_image":[{"width":1284,"height":1593,"url":"https:\/\/beuhparadis.com\/wp-content\/uploads\/2024\/12\/Doja-Exclusive-Apple-Fritter-3.jpg","type":"image\/jpeg"}],"twitter_card":"summary_large_image","twitter_misc":{"Gesch\u00e4tzte Lesezeit":"3 minutes"},"schema":{"@context":"https:\/\/schema.org","@graph":[{"@type":"WebPage","@id":"https:\/\/beuhparadis.com\/product\/doja-exclusive-apple-fritter\/","url":"https:\/\/beuhparadis.com\/product\/doja-exclusive-apple-fritter\/","name":"Doja Apple Frittieren Kaufen Online | Gourmet Cannabis Sorte","isPartOf":{"@id":"https:\/\/beuhparadis.com\/#website"},"primaryImageOfPage":{"@id":"https:\/\/beuhparadis.com\/product\/doja-exclusive-apple-fritter\/#primaryimage"},"image":{"@id":"https:\/\/beuhparadis.com\/product\/doja-exclusive-apple-fritter\/#primaryimage"},"thumbnailUrl":"https:\/\/beuhparadis.com\/wp-content\/uploads\/2024\/12\/Doja-Exclusive-Apple-Fritter-3.jpg","datePublished":"2024-12-10T23:50:24+00:00","dateModified":"2025-01-28T10:06:59+00:00","description":"Entdecken Sie die Doja Apple Fritter, eine Gourmet-Cannabissorte mit s\u00fc\u00dfen und w\u00fcrzigen Aromen. Kaufen Sie online mit diskreter und schneller Lieferung.","breadcrumb":{"@id":"https:\/\/beuhparadis.com\/product\/doja-exclusive-apple-fritter\/#breadcrumb"},"inLanguage":"de-DE-formal","potentialAction":[{"@type":"ReadAction","target":["https:\/\/beuhparadis.com\/product\/doja-exclusive-apple-fritter\/"]}]},{"@type":"ImageObject","inLanguage":"de-DE-formal","@id":"https:\/\/beuhparadis.com\/product\/doja-exclusive-apple-fritter\/#primaryimage","url":"https:\/\/beuhparadis.com\/wp-content\/uploads\/2024\/12\/Doja-Exclusive-Apple-Fritter-3.jpg","contentUrl":"https:\/\/beuhparadis.com\/wp-content\/uploads\/2024\/12\/Doja-Exclusive-Apple-Fritter-3.jpg","width":1284,"height":1593},{"@type":"BreadcrumbList","@id":"https:\/\/beuhparadis.com\/product\/doja-exclusive-apple-fritter\/#breadcrumb","itemListElement":[{"@type":"ListItem","position":1,"name":"Home","item":"https:\/\/beuhparadis.com\/"},{"@type":"ListItem","position":2,"name":"Shop","item":"https:\/\/beuhparadis.com\/shop\/"},{"@type":"ListItem","position":3,"name":"Doja Exclusive | Apple Fritter"}]},{"@type":"WebSite","@id":"https:\/\/beuhparadis.com\/#website","url":"https:\/\/beuhparadis.com\/","name":"Gras Paradies","description":"","potentialAction":[{"@type":"SearchAction","target":{"@type":"EntryPoint","urlTemplate":"https:\/\/beuhparadis.com\/?s={search_term_string}"},"query-input":{"@type":"PropertyValueSpecification","valueRequired":true,"valueName":"search_term_string"}}],"inLanguage":"de-DE-formal"}]}},"_links":{"self":[{"href":"https:\/\/beuhparadis.com\/de\/wp-json\/wp\/v2\/product\/2047","targetHints":{"allow":["GET"]}}],"collection":[{"href":"https:\/\/beuhparadis.com\/de\/wp-json\/wp\/v2\/product"}],"about":[{"href":"https:\/\/beuhparadis.com\/de\/wp-json\/wp\/v2\/types\/product"}],"replies":[{"embeddable":true,"href":"https:\/\/beuhparadis.com\/de\/wp-json\/wp\/v2\/comments?post=2047"}],"wp:featuredmedia":[{"embeddable":true,"href":"https:\/\/beuhparadis.com\/de\/wp-json\/wp\/v2\/media\/2077"}],"wp:attachment":[{"href":"https:\/\/beuhparadis.com\/de\/wp-json\/wp\/v2\/media?parent=2047"}],"wp:term":[{"taxonomy":"product_brand","embeddable":true,"href":"https:\/\/beuhparadis.com\/de\/wp-json\/wp\/v2\/product_brand?post=2047"},{"taxonomy":"product_cat","embeddable":true,"href":"https:\/\/beuhparadis.com\/de\/wp-json\/wp\/v2\/product_cat?post=2047"},{"taxonomy":"product_tag","embeddable":true,"href":"https:\/\/beuhparadis.com\/de\/wp-json\/wp\/v2\/product_tag?post=2047"}],"curies":[{"name":"wp","href":"https:\/\/api.w.org\/{rel}","templated":true}]}}