{"id":2042,"date":"2024-12-10T23:50:24","date_gmt":"2024-12-10T23:50:24","guid":{"rendered":"https:\/\/beuhparadis.com\/?post_type=product&#038;p=2042"},"modified":"2025-01-28T09:56:06","modified_gmt":"2025-01-28T09:56:06","slug":"doja-exclusive-mochi","status":"publish","type":"product","link":"https:\/\/beuhparadis.com\/de\/product\/doja-exclusive-mochi\/","title":{"rendered":"Doja Exklusiv | Mochi"},"content":{"rendered":"<h1 class=\"wp-block-heading\">Doja Mochi: Ein kreatives und beruhigendes Hybrid-Erlebnis<\/h1>\n<p>Doja Mochi ist eine Cannabis-Hybridsorte, die sich durch ihre F\u00e4higkeit auszeichnet, die Kreativit\u00e4t zu f\u00f6rdern und gleichzeitig eine deutliche Schmerzlinderung zu bieten. Diese Sorte ist das Ergebnis der Kreuzung von Sunset Sherbet und Thin Mint Girl Scout Cookies, was zu einem Stamm f\u00fchrte, der f\u00fcr seine dichten und wundersch\u00f6nen Knospen bekannt ist, die eine frostige Mischung von Farben aufweisen, darunter Purpur, Jade und leuchtendes Rot.<\/p>\n<h2 class=\"wp-block-heading\">Info \u00fcber La Souche<\/h2>\n<ul class=\"wp-block-list\">\n<li><strong>Genetik<\/strong> : Hybride aus Sunset Sherbet und Thin Mint Girl Scout Cookies.<\/li>\n<li><strong>Produktion<\/strong> : Sorgf\u00e4ltig gez\u00fcchtet, um dichte, farbige Knospen mit hoher THC-Konzentration zu erhalten.<\/li>\n<li><strong>Typ<\/strong> : Hybride, manchmal auch Gelato 47 oder Mochi Gelato genannt, bekannt daf\u00fcr, Entspannung und Kreativit\u00e4t zu f\u00f6rdern.<\/li>\n<\/ul>\n<h2 class=\"wp-block-heading\">THC und CBD<\/h2>\n<ul class=\"wp-block-list\">\n<li><strong>THC<\/strong> Durchschnittliche Rate um 12%, bietet ein perfektes Gleichgewicht zwischen Entspannung und geistiger Stimulation, ohne \u00fcberw\u00e4ltigend zu sein.<\/li>\n<li><strong>CBD<\/strong> : Sehr gering, betont haupts\u00e4chlich die Freizeit- und therapeutischen Effekte von THC.<\/li>\n<\/ul>\n<h2 class=\"wp-block-heading\">Wo kann ich Doja Mochi online kaufen?<\/h2>\n<p><a href=\"https:\/\/beuhparadis.com\/de\/product\/bubble-hash\/\">Beuhparadies.com<\/a> ist Ihr bevorzugtes Ziel f\u00fcr den Kauf von <strong>Doja Mochi<\/strong> online und garantieren ein hochwertiges Produkt, eine diskrete Lieferung und einen einwandfreien Kundenservice.<\/p>\n<h2 class=\"wp-block-heading\">Wirkung, Aroma und Geschmack<\/h2>\n<h3 class=\"wp-block-heading\">Wirkung<\/h3>\n<ul class=\"wp-block-list\">\n<li><strong>Doja Mochi<\/strong> wird f\u00fcr seine F\u00e4higkeit gesch\u00e4tzt, tief zu entspannen, Schlaf zu induzieren, die Stimmung zu heben, zu stimulieren und ein euphorisches Gef\u00fchl zu erzeugen.<\/li>\n<li>Minimale Nebenwirkungen einschlie\u00dflich trockenem Mund und trockenen Augen, mit seltenen F\u00e4llen von Angst und Paranoia.<\/li>\n<\/ul>\n<h3 class=\"wp-block-heading\">Aroma<\/h3>\n<ul class=\"wp-block-list\">\n<li>Ein komplexer und bet\u00f6render Duft, der s\u00fc\u00dfe und fruchtige Noten mit einem Hauch von Diesel vermischt, der von den gefrosteten und farbigen Knospen ausgeht.<\/li>\n<\/ul>\n<h3 class=\"wp-block-heading\">Geschmack<\/h3>\n<ul class=\"wp-block-list\">\n<li>Unverwechselbarer s\u00fc\u00dfer und fruchtiger Geschmack mit Nuancen von Karamell und Apfel, ausgeglichen durch eine leichte Zitronens\u00e4ure, die an seinen vielsagenden Namen ankn\u00fcpft von <strong>Doja Mochi<\/strong>.<\/li>\n<\/ul>\n<h2 class=\"wp-block-heading\">Medizinische Effekte<\/h2>\n<h3 class=\"wp-block-heading\">Medizinische Effekte<\/h3>\n<ul class=\"wp-block-list\">\n<li>Wirkt gegen Angstzust\u00e4nde, Schlaflosigkeit, Stress, Depressionen und \u00dcbelkeit, <strong>Doja Mochi<\/strong> bietet Linderung bei einer Vielzahl von Zust\u00e4nden.<\/li>\n<\/ul>\n<h3 class=\"wp-block-heading\">Kann Linderung verschaffen<\/h3>\n<ul class=\"wp-block-list\">\n<li>Besonders hilfreich f\u00fcr Menschen, die unter Angstzust\u00e4nden, Schlaflosigkeit und Stress leiden, da es Entspannung und Wohlbefinden bietet.<\/li>\n<\/ul>\n<h2 class=\"wp-block-heading\">Warum Doja Mochi bei Acheterducannabis kaufen?<\/h2>\n<p>W\u00e4hlen Sie <strong>Kaufenducannabis<\/strong> f\u00fcr Ihren Erwerb von <strong>Doja Mochi<\/strong> bedeutet, sich f\u00fcr einen zuverl\u00e4ssigen Anbieter zu entscheiden, der Cannabisprodukte von h\u00f6chster Qualit\u00e4t anbietet, die mit Fachwissen und Leidenschaft angebaut werden. Wir setzen uns f\u00fcr ein unvergleichliches Einkaufserlebnis ein, vom Anfang bis zum Ende.<\/p>\n<h2 class=\"wp-block-heading\">Regierungsgesetze f\u00fcr den Verkauf von Cannabis in Europa<\/h2>\n<p>Der Verkauf von Cannabis in Europa wird durch strenge Gesetze geregelt, um die Sicherheit der Verbraucher und die Konformit\u00e4t der Produkte zu gew\u00e4hrleisten. Acheterducannabis h\u00e4lt sich strikt an diese Vorschriften und bietet einen v\u00f6llig legalen und sicheren Online-Kaufservice f\u00fcr Doja Mochi an.<\/p>\n<hr class=\"wp-block-separator has-alpha-channel-opacity\" \/>\n<p>Acheterducannabis l\u00e4dt Sie ein, Doja Mochi zu entdecken, das h\u00f6chste Qualit\u00e4t, eine au\u00dfergew\u00f6hnliche Benutzererfahrung und die Einhaltung der europ\u00e4ischen Rechtsnormen f\u00fcr den Kauf von Cannabis garantiert.<\/p>","protected":false},"excerpt":{"rendered":"<p><strong>Medizinische Effekte<\/strong><\/p>\n<p>Wirksam gegen Angstzust\u00e4nde, Schlaflosigkeit, Stress, Depressionen und \u00dcbelkeit, bietet Doja Mochi Linderung bei einem breiten Spektrum von Zust\u00e4nden.<\/p>","protected":false},"featured_media":2055,"comment_status":"closed","ping_status":"closed","template":"","meta":{"site-sidebar-layout":"default","site-content-layout":"","ast-site-content-layout":"default","site-content-style":"default","site-sidebar-style":"default","ast-global-header-display":"","ast-banner-title-visibility":"","ast-main-header-display":"","ast-hfb-above-header-display":"","ast-hfb-below-header-display":"","ast-hfb-mobile-header-display":"","site-post-title":"","ast-breadcrumbs-content":"","ast-featured-img":"","footer-sml-layout":"","theme-transparent-header-meta":"default","adv-header-id-meta":"","stick-header-meta":"","header-above-stick-meta":"","header-main-stick-meta":"","header-below-stick-meta":"","astra-migrate-meta-layouts":"set","ast-page-background-enabled":"default","ast-page-background-meta":{"desktop":{"background-color":"","background-image":"","background-repeat":"repeat","background-position":"center center","background-size":"auto","background-attachment":"scroll","background-type":"","background-media":"","overlay-type":"","overlay-color":"","overlay-opacity":"","overlay-gradient":""},"tablet":{"background-color":"","background-image":"","background-repeat":"repeat","background-position":"center center","background-size":"auto","background-attachment":"scroll","background-type":"","background-media":"","overlay-type":"","overlay-color":"","overlay-opacity":"","overlay-gradient":""},"mobile":{"background-color":"","background-image":"","background-repeat":"repeat","background-position":"center center","background-size":"auto","background-attachment":"scroll","background-type":"","background-media":"","overlay-type":"","overlay-color":"","overlay-opacity":"","overlay-gradient":""}},"ast-content-background-meta":{"desktop":{"background-color":"var(--ast-global-color-5)","background-image":"","background-repeat":"repeat","background-position":"center center","background-size":"auto","background-attachment":"scroll","background-type":"","background-media":"","overlay-type":"","overlay-color":"","overlay-opacity":"","overlay-gradient":""},"tablet":{"background-color":"var(--ast-global-color-5)","background-image":"","background-repeat":"repeat","background-position":"center center","background-size":"auto","background-attachment":"scroll","background-type":"","background-media":"","overlay-type":"","overlay-color":"","overlay-opacity":"","overlay-gradient":""},"mobile":{"background-color":"var(--ast-global-color-5)","background-image":"","background-repeat":"repeat","background-position":"center center","background-size":"auto","background-attachment":"scroll","background-type":"","background-media":"","overlay-type":"","overlay-color":"","overlay-opacity":"","overlay-gradient":""}},"_joinchat":[]},"product_brand":[],"product_cat":[41,47],"product_tag":[],"class_list":{"0":"post-2042","1":"product","2":"type-product","3":"status-publish","4":"has-post-thumbnail","6":"product_cat-cali-weed","7":"product_cat-doja-weed-doja-exclusive","8":"desktop-align-left","9":"tablet-align-left","10":"mobile-align-left","12":"first","13":"instock","14":"shipping-taxable","15":"purchasable","16":"product-type-variable"},"yoast_head":"<!-- This site is optimized with the Yoast SEO Premium plugin v24.1 (Yoast SEO v26.8) - https:\/\/yoast.com\/product\/yoast-seo-premium-wordpress\/ -->\n<title>Acheter Doja Mochi en Ligne | Vari\u00e9t\u00e9 de Cannabis Exotique<\/title>\n<meta name=\"description\" content=\"Acheter Doja Mochi, une vari\u00e9t\u00e9 de cannabis exotique aux ar\u00f4mes uniques et aux effets puissants. Achetez en ligne avec livraison discr\u00e8te et rapide.\" \/>\n<meta name=\"robots\" content=\"index, follow, max-snippet:-1, max-image-preview:large, max-video-preview:-1\" \/>\n<link rel=\"canonical\" href=\"https:\/\/beuhparadis.com\/de\/product\/doja-exclusive-mochi\/\" \/>\n<meta property=\"og:locale\" content=\"de_DE\" \/>\n<meta property=\"og:type\" content=\"article\" \/>\n<meta property=\"og:title\" content=\"Doja Exclusive | Mochi\" \/>\n<meta property=\"og:description\" content=\"Acheter Doja Mochi, une vari\u00e9t\u00e9 de cannabis exotique aux ar\u00f4mes uniques et aux effets puissants. Achetez en ligne avec livraison discr\u00e8te et rapide.\" \/>\n<meta property=\"og:url\" content=\"https:\/\/beuhparadis.com\/de\/product\/doja-exclusive-mochi\/\" \/>\n<meta property=\"og:site_name\" content=\"Beuh Paradis\" \/>\n<meta property=\"article:modified_time\" content=\"2025-01-28T09:56:06+00:00\" \/>\n<meta property=\"og:image\" content=\"https:\/\/beuhparadis.com\/wp-content\/uploads\/2024\/12\/Doja-Exclusive-Mochi-3.jpg\" \/>\n\t<meta property=\"og:image:width\" content=\"1284\" \/>\n\t<meta property=\"og:image:height\" content=\"1464\" \/>\n\t<meta property=\"og:image:type\" content=\"image\/jpeg\" \/>\n<meta name=\"twitter:card\" content=\"summary_large_image\" \/>\n<meta name=\"twitter:label1\" content=\"Gesch\u00e4tzte Lesezeit\" \/>\n\t<meta name=\"twitter:data1\" content=\"3 minutes\" \/>\n<script type=\"application\/ld+json\" class=\"yoast-schema-graph\">{\"@context\":\"https:\/\/schema.org\",\"@graph\":[{\"@type\":\"WebPage\",\"@id\":\"https:\/\/beuhparadis.com\/product\/doja-exclusive-mochi\/\",\"url\":\"https:\/\/beuhparadis.com\/product\/doja-exclusive-mochi\/\",\"name\":\"Acheter Doja Mochi en Ligne | Vari\u00e9t\u00e9 de Cannabis Exotique\",\"isPartOf\":{\"@id\":\"https:\/\/beuhparadis.com\/#website\"},\"primaryImageOfPage\":{\"@id\":\"https:\/\/beuhparadis.com\/product\/doja-exclusive-mochi\/#primaryimage\"},\"image\":{\"@id\":\"https:\/\/beuhparadis.com\/product\/doja-exclusive-mochi\/#primaryimage\"},\"thumbnailUrl\":\"https:\/\/beuhparadis.com\/wp-content\/uploads\/2024\/12\/Doja-Exclusive-Mochi-3.jpg\",\"datePublished\":\"2024-12-10T23:50:24+00:00\",\"dateModified\":\"2025-01-28T09:56:06+00:00\",\"description\":\"Acheter Doja Mochi, une vari\u00e9t\u00e9 de cannabis exotique aux ar\u00f4mes uniques et aux effets puissants. Achetez en ligne avec livraison discr\u00e8te et rapide.\",\"breadcrumb\":{\"@id\":\"https:\/\/beuhparadis.com\/product\/doja-exclusive-mochi\/#breadcrumb\"},\"inLanguage\":\"de-DE-formal\",\"potentialAction\":[{\"@type\":\"ReadAction\",\"target\":[\"https:\/\/beuhparadis.com\/product\/doja-exclusive-mochi\/\"]}]},{\"@type\":\"ImageObject\",\"inLanguage\":\"de-DE-formal\",\"@id\":\"https:\/\/beuhparadis.com\/product\/doja-exclusive-mochi\/#primaryimage\",\"url\":\"https:\/\/beuhparadis.com\/wp-content\/uploads\/2024\/12\/Doja-Exclusive-Mochi-3.jpg\",\"contentUrl\":\"https:\/\/beuhparadis.com\/wp-content\/uploads\/2024\/12\/Doja-Exclusive-Mochi-3.jpg\",\"width\":1284,\"height\":1464},{\"@type\":\"BreadcrumbList\",\"@id\":\"https:\/\/beuhparadis.com\/product\/doja-exclusive-mochi\/#breadcrumb\",\"itemListElement\":[{\"@type\":\"ListItem\",\"position\":1,\"name\":\"Home\",\"item\":\"https:\/\/beuhparadis.com\/\"},{\"@type\":\"ListItem\",\"position\":2,\"name\":\"Shop\",\"item\":\"https:\/\/beuhparadis.com\/shop\/\"},{\"@type\":\"ListItem\",\"position\":3,\"name\":\"Doja Exclusive | Mochi\"}]},{\"@type\":\"WebSite\",\"@id\":\"https:\/\/beuhparadis.com\/#website\",\"url\":\"https:\/\/beuhparadis.com\/\",\"name\":\"Beuh Paradis\",\"description\":\"\",\"potentialAction\":[{\"@type\":\"SearchAction\",\"target\":{\"@type\":\"EntryPoint\",\"urlTemplate\":\"https:\/\/beuhparadis.com\/?s={search_term_string}\"},\"query-input\":{\"@type\":\"PropertyValueSpecification\",\"valueRequired\":true,\"valueName\":\"search_term_string\"}}],\"inLanguage\":\"de-DE-formal\"}]}<\/script>\n<!-- \/ Yoast SEO Premium plugin. -->","yoast_head_json":{"title":"Doja Mochi online kaufen | Exotische Cannabissorte","description":"Kaufen Sie Doja Mochi, eine exotische Cannabissorte mit einzigartigen Aromen und starker Wirkung. Kaufen Sie online mit diskreter und schneller Lieferung.","robots":{"index":"index","follow":"follow","max-snippet":"max-snippet:-1","max-image-preview":"max-image-preview:large","max-video-preview":"max-video-preview:-1"},"canonical":"https:\/\/beuhparadis.com\/de\/product\/doja-exclusive-mochi\/","og_locale":"de_DE","og_type":"article","og_title":"Doja Exclusive | Mochi","og_description":"Acheter Doja Mochi, une vari\u00e9t\u00e9 de cannabis exotique aux ar\u00f4mes uniques et aux effets puissants. Achetez en ligne avec livraison discr\u00e8te et rapide.","og_url":"https:\/\/beuhparadis.com\/de\/product\/doja-exclusive-mochi\/","og_site_name":"Beuh Paradis","article_modified_time":"2025-01-28T09:56:06+00:00","og_image":[{"width":1284,"height":1464,"url":"https:\/\/beuhparadis.com\/wp-content\/uploads\/2024\/12\/Doja-Exclusive-Mochi-3.jpg","type":"image\/jpeg"}],"twitter_card":"summary_large_image","twitter_misc":{"Gesch\u00e4tzte Lesezeit":"3 minutes"},"schema":{"@context":"https:\/\/schema.org","@graph":[{"@type":"WebPage","@id":"https:\/\/beuhparadis.com\/product\/doja-exclusive-mochi\/","url":"https:\/\/beuhparadis.com\/product\/doja-exclusive-mochi\/","name":"Doja Mochi online kaufen | Exotische Cannabissorte","isPartOf":{"@id":"https:\/\/beuhparadis.com\/#website"},"primaryImageOfPage":{"@id":"https:\/\/beuhparadis.com\/product\/doja-exclusive-mochi\/#primaryimage"},"image":{"@id":"https:\/\/beuhparadis.com\/product\/doja-exclusive-mochi\/#primaryimage"},"thumbnailUrl":"https:\/\/beuhparadis.com\/wp-content\/uploads\/2024\/12\/Doja-Exclusive-Mochi-3.jpg","datePublished":"2024-12-10T23:50:24+00:00","dateModified":"2025-01-28T09:56:06+00:00","description":"Kaufen Sie Doja Mochi, eine exotische Cannabissorte mit einzigartigen Aromen und starker Wirkung. Kaufen Sie online mit diskreter und schneller Lieferung.","breadcrumb":{"@id":"https:\/\/beuhparadis.com\/product\/doja-exclusive-mochi\/#breadcrumb"},"inLanguage":"de-DE-formal","potentialAction":[{"@type":"ReadAction","target":["https:\/\/beuhparadis.com\/product\/doja-exclusive-mochi\/"]}]},{"@type":"ImageObject","inLanguage":"de-DE-formal","@id":"https:\/\/beuhparadis.com\/product\/doja-exclusive-mochi\/#primaryimage","url":"https:\/\/beuhparadis.com\/wp-content\/uploads\/2024\/12\/Doja-Exclusive-Mochi-3.jpg","contentUrl":"https:\/\/beuhparadis.com\/wp-content\/uploads\/2024\/12\/Doja-Exclusive-Mochi-3.jpg","width":1284,"height":1464},{"@type":"BreadcrumbList","@id":"https:\/\/beuhparadis.com\/product\/doja-exclusive-mochi\/#breadcrumb","itemListElement":[{"@type":"ListItem","position":1,"name":"Home","item":"https:\/\/beuhparadis.com\/"},{"@type":"ListItem","position":2,"name":"Shop","item":"https:\/\/beuhparadis.com\/shop\/"},{"@type":"ListItem","position":3,"name":"Doja Exclusive | Mochi"}]},{"@type":"WebSite","@id":"https:\/\/beuhparadis.com\/#website","url":"https:\/\/beuhparadis.com\/","name":"Gras Paradies","description":"","potentialAction":[{"@type":"SearchAction","target":{"@type":"EntryPoint","urlTemplate":"https:\/\/beuhparadis.com\/?s={search_term_string}"},"query-input":{"@type":"PropertyValueSpecification","valueRequired":true,"valueName":"search_term_string"}}],"inLanguage":"de-DE-formal"}]}},"_links":{"self":[{"href":"https:\/\/beuhparadis.com\/de\/wp-json\/wp\/v2\/product\/2042","targetHints":{"allow":["GET"]}}],"collection":[{"href":"https:\/\/beuhparadis.com\/de\/wp-json\/wp\/v2\/product"}],"about":[{"href":"https:\/\/beuhparadis.com\/de\/wp-json\/wp\/v2\/types\/product"}],"replies":[{"embeddable":true,"href":"https:\/\/beuhparadis.com\/de\/wp-json\/wp\/v2\/comments?post=2042"}],"wp:featuredmedia":[{"embeddable":true,"href":"https:\/\/beuhparadis.com\/de\/wp-json\/wp\/v2\/media\/2055"}],"wp:attachment":[{"href":"https:\/\/beuhparadis.com\/de\/wp-json\/wp\/v2\/media?parent=2042"}],"wp:term":[{"taxonomy":"product_brand","embeddable":true,"href":"https:\/\/beuhparadis.com\/de\/wp-json\/wp\/v2\/product_brand?post=2042"},{"taxonomy":"product_cat","embeddable":true,"href":"https:\/\/beuhparadis.com\/de\/wp-json\/wp\/v2\/product_cat?post=2042"},{"taxonomy":"product_tag","embeddable":true,"href":"https:\/\/beuhparadis.com\/de\/wp-json\/wp\/v2\/product_tag?post=2042"}],"curies":[{"name":"wp","href":"https:\/\/api.w.org\/{rel}","templated":true}]}}