{"id":2037,"date":"2024-12-10T23:50:24","date_gmt":"2024-12-10T23:50:24","guid":{"rendered":"https:\/\/beuhparadis.com\/?post_type=product&#038;p=2037"},"modified":"2025-01-28T09:37:39","modified_gmt":"2025-01-28T09:37:39","slug":"doja-exclusive-biscotti","status":"publish","type":"product","link":"https:\/\/beuhparadis.com\/de\/product\/doja-exclusive-biscotti\/","title":{"rendered":"Doja Exclusive Biscotti"},"content":{"rendered":"<h1 class=\"wp-block-heading\">Biscotti Doja kaufen: Hybride Exzellenz mit ausgewogenen Effekten<\/h1>\n<p>Kaufen Biscotti Doja, die neueste exklusive Kreation der anerkannten Marke Doja, wurde wegen ihrer Premium-Qualit\u00e4t und harmonischen Effekte schnell zu einer beliebten Sorte unter Cannabis-Liebhabern. Aus der Kreuzung der ber\u00fchmten St\u00e4mme Biscotti und Gelato entstanden, bietet Biscotti Doja ein unvergessliches Konsumerlebnis, das zerebrale Einfl\u00fcsse und k\u00f6rperliche Entspannung miteinander verbindet. Dieser Stamm ist ein perfektes Beispiel f\u00fcr Dojas Expertise in der Kreation einzigartiger Sorten, wie auch die Biscotti Doja zeigt.<\/p>\n<h2 class=\"wp-block-heading\">Info \u00fcber La Souche<\/h2>\n<ul class=\"wp-block-list\">\n<li><strong>Genetik<\/strong> : Hybrid aus der Kreuzung von Biscotti und Gelato, Biscotti Doja garantiert ein ausgewogenes und aromareiches Erlebnis.<\/li>\n<li><strong>Produktion<\/strong> : Angebaut nach den hohen Standards von Doja, die eine hohe Qualit\u00e4t und eine optimale Konzentration an Cannabinoiden f\u00fcr Doja Biscotti gew\u00e4hrleisten.<\/li>\n<li><strong>Typ<\/strong> : Als ausgewogener Hybrid ist Biscotti Doja perfekt f\u00fcr diejenigen, die entspannende Effekte mit geistiger Stimulation verbinden wollen.<\/li>\n<\/ul>\n<h2 class=\"wp-block-heading\">THC und CBD<\/h2>\n<ul class=\"wp-block-list\">\n<li><strong>THC<\/strong> : Hohe Rate, etwa 20-25%, f\u00fcr sp\u00fcrbare und anhaltende Effekte von Biscotti Doja.<\/li>\n<li><strong>CBD<\/strong> : Niedrig, weniger als 1%, betont das psychoaktive Erlebnis und bietet gleichzeitig gezielte therapeutische Vorteile von Doja Biscotti.<\/li>\n<\/ul>\n<h2 class=\"wp-block-heading\">Wo kann ich Biscotti Doja online kaufen?<\/h2>\n<p><a href=\"https:\/\/beuhparadis.com\/de\/product\/honey-moroccan-blonde-hash\/\">Beuhparadies.com<\/a> ist Ihre zuverl\u00e4ssige Quelle f\u00fcr den Erwerb <strong>Biscotti Exclusive Doja<\/strong> online und bietet eine Garantie f\u00fcr au\u00dfergew\u00f6hnliche Qualit\u00e4t, diskrete Lieferung und einen hervorragenden Kundenservice.<\/p>\n<h2 class=\"wp-block-heading\">Wirkung, Aroma und Geschmack<\/h2>\n<h3 class=\"wp-block-heading\">Wirkung<\/h3>\n<ul class=\"wp-block-list\">\n<li>Biscotti Exclusive Doja bietet tiefe Entspannung und Euphorie, ideal zum Entspannen nach einem anstrengenden Tag oder um die Kreativit\u00e4t und Konzentration zu f\u00f6rdern.<\/li>\n<li>Doja Biscotti hebt die Stimmung und sorgt f\u00fcr ein allgemeines Wohlbefinden.<\/li>\n<\/ul>\n<h3 class=\"wp-block-heading\">Aroma<\/h3>\n<ul class=\"wp-block-list\">\n<li><strong>Biscotti Doja<\/strong> verstr\u00f6mt einen reichhaltigen und komplexen Duft mit Noten von Kaffee und Schokolade, der an die s\u00fc\u00dfe und cremige Mischung von Tiramisu erinnert.<\/li>\n<\/ul>\n<h3 class=\"wp-block-heading\">Geschmack<\/h3>\n<ul class=\"wp-block-list\">\n<li>Der Geschmack von Doja Biscotti ist gourmandig und authentisch und kombiniert die S\u00fc\u00dfe der Mascarpone-Creme mit einem Hauch von Kaffee und Kakao f\u00fcr ein exquisites Geschmackserlebnis von Biscotti Exclusive Doja.<\/li>\n<\/ul>\n<h2 class=\"wp-block-heading\">Medizinische Effekte<\/h2>\n<h3 class=\"wp-block-heading\">Medizinische Effekte<\/h3>\n<ul class=\"wp-block-list\">\n<li><strong>Biscottidoja<\/strong> bietet eine wirksame Linderung von Stress und Angstzust\u00e4nden sowie schmerzlindernde Eigenschaften zur Schmerzbehandlung.<\/li>\n<\/ul>\n<h3 class=\"wp-block-heading\">Kann Linderung verschaffen<\/h3>\n<ul class=\"wp-block-list\">\n<li>Cherry Biscotti Strain Doja ist ideal zur Bek\u00e4mpfung von Schlaflosigkeit, chronischen Schmerzen und Stimmungsschwankungen und verbessert den allgemeinen Gem\u00fctszustand.<\/li>\n<\/ul>\n<h2 class=\"wp-block-heading\">Warum sollte man Biscotti Doja bei Acheterducannabis kaufen?<\/h2>\n<p>Sich f\u00fcr Acheterducannabis f\u00fcr Ihren Kauf von Cherry Biscotti Strain Doja zu entscheiden, bedeutet, sich f\u00fcr Exzellenz und Zuverl\u00e4ssigkeit zu entscheiden. Wir verpflichten uns, Cannabisprodukte von h\u00f6chster Qualit\u00e4t zu liefern, die auf Reinheit und Potenz getestet und genehmigt wurden, und sorgen so f\u00fcr absolute Zufriedenheit bei jeder Bestellung von Biscotti Strain Doja.<\/p>\n<h2 class=\"wp-block-heading\">Regierungsgesetze f\u00fcr den Verkauf von Cannabis in Europa<\/h2>\n<p>Die Vermarktung von Cannabis in Europa wird durch strenge Gesetze geregelt. Acheterducannabis h\u00e4lt sich an alle geltenden Vorschriften und bietet einen v\u00f6llig legalen und sicheren Online-Kaufservice f\u00fcr Ihre Cherry Biscotti Strain Doja.<\/p>\n<hr class=\"wp-block-separator has-alpha-channel-opacity\" \/>\n<p><strong>Kaufenducannabis<\/strong> l\u00e4dt Sie ein, den Biscotti Exclusive Doja zu entdecken, der h\u00f6chste Qualit\u00e4t, ein bereicherndes Konsumerlebnis und die Einhaltung der europ\u00e4ischen Gesetzesrichtlinien garantiert f\u00fcr <a href=\"https:\/\/www.dojaexclusives.com\" data-type=\"link\" data-id=\"https:\/\/www.dojaexclusives.com\">Doja Biscotti<\/a>.<\/p>","protected":false},"excerpt":{"rendered":"<p><strong>Medizinische Effekte<\/strong><br \/>\nBietet eine wirksame Linderung von Stress und Angstzust\u00e4nden sowie schmerzlindernde Eigenschaften zur Schmerzbehandlung.<\/p>","protected":false},"featured_media":2054,"comment_status":"closed","ping_status":"closed","template":"","meta":{"site-sidebar-layout":"default","site-content-layout":"","ast-site-content-layout":"default","site-content-style":"default","site-sidebar-style":"default","ast-global-header-display":"","ast-banner-title-visibility":"","ast-main-header-display":"","ast-hfb-above-header-display":"","ast-hfb-below-header-display":"","ast-hfb-mobile-header-display":"","site-post-title":"","ast-breadcrumbs-content":"","ast-featured-img":"","footer-sml-layout":"","theme-transparent-header-meta":"default","adv-header-id-meta":"","stick-header-meta":"","header-above-stick-meta":"","header-main-stick-meta":"","header-below-stick-meta":"","astra-migrate-meta-layouts":"set","ast-page-background-enabled":"default","ast-page-background-meta":{"desktop":{"background-color":"","background-image":"","background-repeat":"repeat","background-position":"center center","background-size":"auto","background-attachment":"scroll","background-type":"","background-media":"","overlay-type":"","overlay-color":"","overlay-opacity":"","overlay-gradient":""},"tablet":{"background-color":"","background-image":"","background-repeat":"repeat","background-position":"center center","background-size":"auto","background-attachment":"scroll","background-type":"","background-media":"","overlay-type":"","overlay-color":"","overlay-opacity":"","overlay-gradient":""},"mobile":{"background-color":"","background-image":"","background-repeat":"repeat","background-position":"center center","background-size":"auto","background-attachment":"scroll","background-type":"","background-media":"","overlay-type":"","overlay-color":"","overlay-opacity":"","overlay-gradient":""}},"ast-content-background-meta":{"desktop":{"background-color":"var(--ast-global-color-5)","background-image":"","background-repeat":"repeat","background-position":"center center","background-size":"auto","background-attachment":"scroll","background-type":"","background-media":"","overlay-type":"","overlay-color":"","overlay-opacity":"","overlay-gradient":""},"tablet":{"background-color":"var(--ast-global-color-5)","background-image":"","background-repeat":"repeat","background-position":"center center","background-size":"auto","background-attachment":"scroll","background-type":"","background-media":"","overlay-type":"","overlay-color":"","overlay-opacity":"","overlay-gradient":""},"mobile":{"background-color":"var(--ast-global-color-5)","background-image":"","background-repeat":"repeat","background-position":"center center","background-size":"auto","background-attachment":"scroll","background-type":"","background-media":"","overlay-type":"","overlay-color":"","overlay-opacity":"","overlay-gradient":""}},"_joinchat":[]},"product_brand":[],"product_cat":[41,47],"product_tag":[],"class_list":{"0":"post-2037","1":"product","2":"type-product","3":"status-publish","4":"has-post-thumbnail","6":"product_cat-cali-weed","7":"product_cat-doja-weed-doja-exclusive","8":"desktop-align-left","9":"tablet-align-left","10":"mobile-align-left","12":"first","13":"instock","14":"shipping-taxable","15":"purchasable","16":"product-type-variable"},"yoast_head":"<!-- This site is optimized with the Yoast SEO Premium plugin v24.1 (Yoast SEO v26.8) - https:\/\/yoast.com\/product\/yoast-seo-premium-wordpress\/ -->\n<title>Acheter Biscotti Doja en Ligne | Vari\u00e9t\u00e9 de Cannabis Premium<\/title>\n<meta name=\"description\" content=\"Acheter Biscotti Doja, une vari\u00e9t\u00e9 de cannabis premium r\u00e9put\u00e9e pour ses ar\u00f4mes sucr\u00e9s et ses effets \u00e9quilibr\u00e9s. Achetez en ligne avec livraison discr\u00e8te et rapide. Parfait pour les amateurs de cannabis raffin\u00e9.\" \/>\n<meta name=\"robots\" content=\"index, follow, max-snippet:-1, max-image-preview:large, max-video-preview:-1\" \/>\n<link rel=\"canonical\" href=\"https:\/\/beuhparadis.com\/de\/product\/doja-exclusive-biscotti\/\" \/>\n<meta property=\"og:locale\" content=\"de_DE\" \/>\n<meta property=\"og:type\" content=\"article\" \/>\n<meta property=\"og:title\" content=\"Doja Exclusive Biscotti\" \/>\n<meta property=\"og:description\" content=\"Acheter Biscotti Doja, une vari\u00e9t\u00e9 de cannabis premium r\u00e9put\u00e9e pour ses ar\u00f4mes sucr\u00e9s et ses effets \u00e9quilibr\u00e9s. Achetez en ligne avec livraison discr\u00e8te et rapide. Parfait pour les amateurs de cannabis raffin\u00e9.\" \/>\n<meta property=\"og:url\" content=\"https:\/\/beuhparadis.com\/de\/product\/doja-exclusive-biscotti\/\" \/>\n<meta property=\"og:site_name\" content=\"Beuh Paradis\" \/>\n<meta property=\"article:modified_time\" content=\"2025-01-28T09:37:39+00:00\" \/>\n<meta property=\"og:image\" content=\"https:\/\/beuhparadis.com\/wp-content\/uploads\/2024\/12\/Doja-Exclusive-Biscotti-3.jpg\" \/>\n\t<meta property=\"og:image:width\" content=\"1242\" \/>\n\t<meta property=\"og:image:height\" content=\"1376\" \/>\n\t<meta property=\"og:image:type\" content=\"image\/jpeg\" \/>\n<meta name=\"twitter:card\" content=\"summary_large_image\" \/>\n<meta name=\"twitter:label1\" content=\"Gesch\u00e4tzte Lesezeit\" \/>\n\t<meta name=\"twitter:data1\" content=\"3 minutes\" \/>\n<script type=\"application\/ld+json\" class=\"yoast-schema-graph\">{\"@context\":\"https:\/\/schema.org\",\"@graph\":[{\"@type\":\"WebPage\",\"@id\":\"https:\/\/beuhparadis.com\/product\/doja-exclusive-biscotti\/\",\"url\":\"https:\/\/beuhparadis.com\/product\/doja-exclusive-biscotti\/\",\"name\":\"Acheter Biscotti Doja en Ligne | Vari\u00e9t\u00e9 de Cannabis Premium\",\"isPartOf\":{\"@id\":\"https:\/\/beuhparadis.com\/#website\"},\"primaryImageOfPage\":{\"@id\":\"https:\/\/beuhparadis.com\/product\/doja-exclusive-biscotti\/#primaryimage\"},\"image\":{\"@id\":\"https:\/\/beuhparadis.com\/product\/doja-exclusive-biscotti\/#primaryimage\"},\"thumbnailUrl\":\"https:\/\/beuhparadis.com\/wp-content\/uploads\/2024\/12\/Doja-Exclusive-Biscotti-3.jpg\",\"datePublished\":\"2024-12-10T23:50:24+00:00\",\"dateModified\":\"2025-01-28T09:37:39+00:00\",\"description\":\"Acheter Biscotti Doja, une vari\u00e9t\u00e9 de cannabis premium r\u00e9put\u00e9e pour ses ar\u00f4mes sucr\u00e9s et ses effets \u00e9quilibr\u00e9s. Achetez en ligne avec livraison discr\u00e8te et rapide. Parfait pour les amateurs de cannabis raffin\u00e9.\",\"breadcrumb\":{\"@id\":\"https:\/\/beuhparadis.com\/product\/doja-exclusive-biscotti\/#breadcrumb\"},\"inLanguage\":\"de-DE-formal\",\"potentialAction\":[{\"@type\":\"ReadAction\",\"target\":[\"https:\/\/beuhparadis.com\/product\/doja-exclusive-biscotti\/\"]}]},{\"@type\":\"ImageObject\",\"inLanguage\":\"de-DE-formal\",\"@id\":\"https:\/\/beuhparadis.com\/product\/doja-exclusive-biscotti\/#primaryimage\",\"url\":\"https:\/\/beuhparadis.com\/wp-content\/uploads\/2024\/12\/Doja-Exclusive-Biscotti-3.jpg\",\"contentUrl\":\"https:\/\/beuhparadis.com\/wp-content\/uploads\/2024\/12\/Doja-Exclusive-Biscotti-3.jpg\",\"width\":1242,\"height\":1376},{\"@type\":\"BreadcrumbList\",\"@id\":\"https:\/\/beuhparadis.com\/product\/doja-exclusive-biscotti\/#breadcrumb\",\"itemListElement\":[{\"@type\":\"ListItem\",\"position\":1,\"name\":\"Home\",\"item\":\"https:\/\/beuhparadis.com\/\"},{\"@type\":\"ListItem\",\"position\":2,\"name\":\"Shop\",\"item\":\"https:\/\/beuhparadis.com\/shop\/\"},{\"@type\":\"ListItem\",\"position\":3,\"name\":\"Doja Exclusive Biscotti\"}]},{\"@type\":\"WebSite\",\"@id\":\"https:\/\/beuhparadis.com\/#website\",\"url\":\"https:\/\/beuhparadis.com\/\",\"name\":\"Beuh Paradis\",\"description\":\"\",\"potentialAction\":[{\"@type\":\"SearchAction\",\"target\":{\"@type\":\"EntryPoint\",\"urlTemplate\":\"https:\/\/beuhparadis.com\/?s={search_term_string}\"},\"query-input\":{\"@type\":\"PropertyValueSpecification\",\"valueRequired\":true,\"valueName\":\"search_term_string\"}}],\"inLanguage\":\"de-DE-formal\"}]}<\/script>\n<!-- \/ Yoast SEO Premium plugin. -->","yoast_head_json":{"title":"Biscotti Doja online kaufen | Cannabis Sorte Premium","description":"Kaufen Sie Biscotti Doja, eine Premium-Cannabissorte, die f\u00fcr ihre s\u00fc\u00dfen Aromen und ihre ausgewogene Wirkung bekannt ist. Kaufen Sie online mit diskreter und schneller Lieferung. Perfekt f\u00fcr Liebhaber von raffiniertem Cannabis.","robots":{"index":"index","follow":"follow","max-snippet":"max-snippet:-1","max-image-preview":"max-image-preview:large","max-video-preview":"max-video-preview:-1"},"canonical":"https:\/\/beuhparadis.com\/de\/product\/doja-exclusive-biscotti\/","og_locale":"de_DE","og_type":"article","og_title":"Doja Exclusive Biscotti","og_description":"Acheter Biscotti Doja, une vari\u00e9t\u00e9 de cannabis premium r\u00e9put\u00e9e pour ses ar\u00f4mes sucr\u00e9s et ses effets \u00e9quilibr\u00e9s. Achetez en ligne avec livraison discr\u00e8te et rapide. Parfait pour les amateurs de cannabis raffin\u00e9.","og_url":"https:\/\/beuhparadis.com\/de\/product\/doja-exclusive-biscotti\/","og_site_name":"Beuh Paradis","article_modified_time":"2025-01-28T09:37:39+00:00","og_image":[{"width":1242,"height":1376,"url":"https:\/\/beuhparadis.com\/wp-content\/uploads\/2024\/12\/Doja-Exclusive-Biscotti-3.jpg","type":"image\/jpeg"}],"twitter_card":"summary_large_image","twitter_misc":{"Gesch\u00e4tzte Lesezeit":"3 minutes"},"schema":{"@context":"https:\/\/schema.org","@graph":[{"@type":"WebPage","@id":"https:\/\/beuhparadis.com\/product\/doja-exclusive-biscotti\/","url":"https:\/\/beuhparadis.com\/product\/doja-exclusive-biscotti\/","name":"Biscotti Doja online kaufen | Cannabis Sorte Premium","isPartOf":{"@id":"https:\/\/beuhparadis.com\/#website"},"primaryImageOfPage":{"@id":"https:\/\/beuhparadis.com\/product\/doja-exclusive-biscotti\/#primaryimage"},"image":{"@id":"https:\/\/beuhparadis.com\/product\/doja-exclusive-biscotti\/#primaryimage"},"thumbnailUrl":"https:\/\/beuhparadis.com\/wp-content\/uploads\/2024\/12\/Doja-Exclusive-Biscotti-3.jpg","datePublished":"2024-12-10T23:50:24+00:00","dateModified":"2025-01-28T09:37:39+00:00","description":"Kaufen Sie Biscotti Doja, eine Premium-Cannabissorte, die f\u00fcr ihre s\u00fc\u00dfen Aromen und ihre ausgewogene Wirkung bekannt ist. Kaufen Sie online mit diskreter und schneller Lieferung. Perfekt f\u00fcr Liebhaber von raffiniertem Cannabis.","breadcrumb":{"@id":"https:\/\/beuhparadis.com\/product\/doja-exclusive-biscotti\/#breadcrumb"},"inLanguage":"de-DE-formal","potentialAction":[{"@type":"ReadAction","target":["https:\/\/beuhparadis.com\/product\/doja-exclusive-biscotti\/"]}]},{"@type":"ImageObject","inLanguage":"de-DE-formal","@id":"https:\/\/beuhparadis.com\/product\/doja-exclusive-biscotti\/#primaryimage","url":"https:\/\/beuhparadis.com\/wp-content\/uploads\/2024\/12\/Doja-Exclusive-Biscotti-3.jpg","contentUrl":"https:\/\/beuhparadis.com\/wp-content\/uploads\/2024\/12\/Doja-Exclusive-Biscotti-3.jpg","width":1242,"height":1376},{"@type":"BreadcrumbList","@id":"https:\/\/beuhparadis.com\/product\/doja-exclusive-biscotti\/#breadcrumb","itemListElement":[{"@type":"ListItem","position":1,"name":"Home","item":"https:\/\/beuhparadis.com\/"},{"@type":"ListItem","position":2,"name":"Shop","item":"https:\/\/beuhparadis.com\/shop\/"},{"@type":"ListItem","position":3,"name":"Doja Exclusive Biscotti"}]},{"@type":"WebSite","@id":"https:\/\/beuhparadis.com\/#website","url":"https:\/\/beuhparadis.com\/","name":"Gras Paradies","description":"","potentialAction":[{"@type":"SearchAction","target":{"@type":"EntryPoint","urlTemplate":"https:\/\/beuhparadis.com\/?s={search_term_string}"},"query-input":{"@type":"PropertyValueSpecification","valueRequired":true,"valueName":"search_term_string"}}],"inLanguage":"de-DE-formal"}]}},"_links":{"self":[{"href":"https:\/\/beuhparadis.com\/de\/wp-json\/wp\/v2\/product\/2037","targetHints":{"allow":["GET"]}}],"collection":[{"href":"https:\/\/beuhparadis.com\/de\/wp-json\/wp\/v2\/product"}],"about":[{"href":"https:\/\/beuhparadis.com\/de\/wp-json\/wp\/v2\/types\/product"}],"replies":[{"embeddable":true,"href":"https:\/\/beuhparadis.com\/de\/wp-json\/wp\/v2\/comments?post=2037"}],"wp:featuredmedia":[{"embeddable":true,"href":"https:\/\/beuhparadis.com\/de\/wp-json\/wp\/v2\/media\/2054"}],"wp:attachment":[{"href":"https:\/\/beuhparadis.com\/de\/wp-json\/wp\/v2\/media?parent=2037"}],"wp:term":[{"taxonomy":"product_brand","embeddable":true,"href":"https:\/\/beuhparadis.com\/de\/wp-json\/wp\/v2\/product_brand?post=2037"},{"taxonomy":"product_cat","embeddable":true,"href":"https:\/\/beuhparadis.com\/de\/wp-json\/wp\/v2\/product_cat?post=2037"},{"taxonomy":"product_tag","embeddable":true,"href":"https:\/\/beuhparadis.com\/de\/wp-json\/wp\/v2\/product_tag?post=2037"}],"curies":[{"name":"wp","href":"https:\/\/api.w.org\/{rel}","templated":true}]}}