{"id":2032,"date":"2024-12-10T23:50:24","date_gmt":"2024-12-10T23:50:24","guid":{"rendered":"https:\/\/beuhparadis.com\/?post_type=product&#038;p=2032"},"modified":"2025-01-28T10:02:58","modified_gmt":"2025-01-28T10:02:58","slug":"doja-exclusive-karmas-headstash","status":"publish","type":"product","link":"https:\/\/beuhparadis.com\/de\/product\/doja-exclusive-karmas-headstash\/","title":{"rendered":"Doja Exclusive | Karmas Headstash"},"content":{"rendered":"<h1 class=\"wp-block-heading\">Doja Karmas Headstash Kaufen: Ein Indica-Dominanter Genetischer Schatz<\/h1>\n<p>Kaufen Doja Karmas Headstash pr\u00e4sentiert sich als eine Indica-dominante Sorte mit komplexen und preisgekr\u00f6nten genetischen Profilen. Diese Sorte wurde beim Elite Cup in Amsterdam 2015 mit dem 1. Platz in der Kategorie Beste Indica ausgezeichnet und ist das Ergebnis einer sorgf\u00e4ltigen Kreuzung, die darauf abzielt, das Beste aus beiden Cannabiswelten zu vereinen.<\/p>\n<h2 class=\"wp-block-heading\">Info \u00fcber La Souche<\/h2>\n<ul class=\"wp-block-list\">\n<li><strong>Genetik<\/strong> : Entstanden aus einer Dreierkreuzung zwischen Girl Scout Cookies, Cannarado's Cherry Pie und einem m\u00e4nnlichen KarmaRado OG, sp\u00e4ter angereichert mit einem Hauch Biker Kush von Karma Genetics, um den Einfluss von OG Kush zu betonen.<\/li>\n<li><strong>Produktion<\/strong> : Angebaut unter optimierten Bedingungen, um eine maximale Expression von Cannabinoiden und Terpenen zu gew\u00e4hrleisten, was eine Premium-Qualit\u00e4t von <strong>Doja Karmas Headstash<\/strong>.<\/li>\n<li><strong>Typ<\/strong> : Indica-Dominanz, bietet eine tief entspannende Erfahrung und stimuliert gleichzeitig die Sinne.<\/li>\n<\/ul>\n<h2 class=\"wp-block-heading\">THC und CBD<\/h2>\n<ul class=\"wp-block-list\">\n<li><strong>THC<\/strong> : Hoher Anteil, der die Kraft und die hohe Qualit\u00e4t dieses Stammes widerspiegelt, ideal f\u00fcr Kenner, die nach intensiven Effekten suchen.<\/li>\n<li><strong>CBD<\/strong> : Sehr gering, hebt die psychoaktiven und entspannenden Effekte des Stammes hervor.<\/li>\n<\/ul>\n<h2 class=\"wp-block-heading\">Wo kann ich Doja Karmas Headstash online kaufen?<\/h2>\n<p><a href=\"https:\/\/beuhparadis.com\/de\/product\/charas-hash\/\" data-type=\"link\" data-id=\"https:\/\/acheterducannabis.fr\/\">Beuhparadies.com<\/a> ist Ihr bevorzugtes Ziel, um zu erwerben <strong>Doja Karmas Headstash<\/strong> online und garantieren ein sicheres, diskretes und erstklassiges Einkaufserlebnis.<\/p>\n<h2 class=\"wp-block-heading\">Wirkung, Aroma und Geschmack<\/h2>\n<h3 class=\"wp-block-heading\">Wirkung<\/h3>\n<ul class=\"wp-block-list\">\n<li>Intensive k\u00f6rperliche Entspannung und geistige Euphorie, charakteristisch f\u00fcr erstklassige Indica-St\u00e4mme, perfekt f\u00fcr die Entspannung am Ende eines Tages.<\/li>\n<li>F\u00f6rdert die Kreativit\u00e4t und sorgt dank seines reichen genetischen Erbes f\u00fcr geistige Gelassenheit.<\/li>\n<\/ul>\n<h3 class=\"wp-block-heading\">Aroma<\/h3>\n<ul class=\"wp-block-list\">\n<li>Komplexes Aromaprofil, das erdige und s\u00fc\u00dfe Noten mischt, die es von seinen Vorfahren Girl Scout Cookies und Cherry Pie geerbt hat, mit einem unverwechselbaren Hauch von OG Kush.<\/li>\n<\/ul>\n<h3 class=\"wp-block-heading\">Geschmack<\/h3>\n<ul class=\"wp-block-list\">\n<li>Reichhaltige, umh\u00fcllende Aromen, die an die aromatischen Nuancen von Biskuit und Kirsche erinnern, erg\u00e4nzt durch einen robusten, w\u00fcrzigen Kush-Abgang.<\/li>\n<\/ul>\n<h2 class=\"wp-block-heading\">Medizinische Effekte<\/h2>\n<h3 class=\"wp-block-heading\">Medizinische Effekte<\/h3>\n<ul class=\"wp-block-list\">\n<li>Wirksame Linderung von Stress, Angstzust\u00e4nden und chronischen Schmerzen dank seiner Indica-Dominanz.<\/li>\n<li>Kann bei Schlaflosigkeit helfen, indem es einen erholsamen und ruhigen Schlaf f\u00f6rdert.<\/li>\n<\/ul>\n<h3 class=\"wp-block-heading\">Kann Linderung verschaffen<\/h3>\n<ul class=\"wp-block-list\">\n<li>Schlafst\u00f6rungen und anhaltende Schmerzen, indem sie tiefen und lang anhaltenden Komfort bieten.<\/li>\n<li>Stimmungsschwankungen, verbessert die allgemeine Gem\u00fctsverfassung und das Wohlbefinden.<\/li>\n<\/ul>\n<h2 class=\"wp-block-heading\">Warum Doja Karmas Headstash bei Acheterducannabis kaufen?<\/h2>\n<p>W\u00e4hlen Sie <strong>Kaufenducannabis<\/strong> f\u00fcr Ihren Kauf von <strong>Doja Karmas Headstash<\/strong> bedeutet, sich f\u00fcr ein Cannabisprodukt von h\u00f6chster Qualit\u00e4t zu entscheiden, das mit Leidenschaft und Fachwissen angebaut wird. Wir sind bestrebt, ein au\u00dfergew\u00f6hnliches Einkaufserlebnis zu bieten, vom Bestellvorgang bis zur Lieferung an Ihre Haust\u00fcr.<\/p>\n<h2 class=\"wp-block-heading\">Regierungsgesetze f\u00fcr den Verkauf von Cannabis in Europa<\/h2>\n<p>Der Verkauf von Cannabis in Europa ist streng reguliert, um die Sicherheit der Verbraucher und die Qualit\u00e4t der Produkte zu gew\u00e4hrleisten. <strong>Kaufenducannabis<\/strong> h\u00e4lt sich an alle geltenden Normen und Vorschriften und bietet einen v\u00f6llig legalen und sicheren Online-Einkaufsservice f\u00fcr <strong>Doja Karmas Headstash<\/strong>. Vergewissern Sie sich vor dem Kauf, dass Sie die f\u00fcr Ihr Land oder Ihre Region geltenden Gesetze kennen.<\/p>\n<hr class=\"wp-block-separator has-alpha-channel-opacity\" \/>\n<p><strong>Kaufenducannabis<\/strong> l\u00e4dt Sie ein, Folgendes zu entdecken <strong>Doja Karmas Headstash<\/strong>Sie garantieren volle Zufriedenheit durch un\u00fcbertroffene Qualit\u00e4t, zuverl\u00e4ssige Lieferung und die Einhaltung der europ\u00e4ischen Rechtsnormen.<\/p>","protected":false},"excerpt":{"rendered":"<p><strong>Doja Karmas Headstash Medizinische Wirkungen<\/strong><\/p>\n<ul>\n<li>Wirksame Linderung von Stress, Angstzust\u00e4nden und chronischen Schmerzen dank seiner Indica-Dominanz.<\/li>\n<\/ul>\n<ul>\n<li>Kann bei Schlaflosigkeit helfen, indem es einen erholsamen und ruhigen Schlaf f\u00f6rdert.<\/li>\n<\/ul>","protected":false},"featured_media":2053,"comment_status":"closed","ping_status":"closed","template":"","meta":{"site-sidebar-layout":"default","site-content-layout":"","ast-site-content-layout":"default","site-content-style":"default","site-sidebar-style":"default","ast-global-header-display":"","ast-banner-title-visibility":"","ast-main-header-display":"","ast-hfb-above-header-display":"","ast-hfb-below-header-display":"","ast-hfb-mobile-header-display":"","site-post-title":"","ast-breadcrumbs-content":"","ast-featured-img":"","footer-sml-layout":"","theme-transparent-header-meta":"default","adv-header-id-meta":"","stick-header-meta":"","header-above-stick-meta":"","header-main-stick-meta":"","header-below-stick-meta":"","astra-migrate-meta-layouts":"set","ast-page-background-enabled":"default","ast-page-background-meta":{"desktop":{"background-color":"","background-image":"","background-repeat":"repeat","background-position":"center center","background-size":"auto","background-attachment":"scroll","background-type":"","background-media":"","overlay-type":"","overlay-color":"","overlay-opacity":"","overlay-gradient":""},"tablet":{"background-color":"","background-image":"","background-repeat":"repeat","background-position":"center center","background-size":"auto","background-attachment":"scroll","background-type":"","background-media":"","overlay-type":"","overlay-color":"","overlay-opacity":"","overlay-gradient":""},"mobile":{"background-color":"","background-image":"","background-repeat":"repeat","background-position":"center center","background-size":"auto","background-attachment":"scroll","background-type":"","background-media":"","overlay-type":"","overlay-color":"","overlay-opacity":"","overlay-gradient":""}},"ast-content-background-meta":{"desktop":{"background-color":"var(--ast-global-color-5)","background-image":"","background-repeat":"repeat","background-position":"center center","background-size":"auto","background-attachment":"scroll","background-type":"","background-media":"","overlay-type":"","overlay-color":"","overlay-opacity":"","overlay-gradient":""},"tablet":{"background-color":"var(--ast-global-color-5)","background-image":"","background-repeat":"repeat","background-position":"center center","background-size":"auto","background-attachment":"scroll","background-type":"","background-media":"","overlay-type":"","overlay-color":"","overlay-opacity":"","overlay-gradient":""},"mobile":{"background-color":"var(--ast-global-color-5)","background-image":"","background-repeat":"repeat","background-position":"center center","background-size":"auto","background-attachment":"scroll","background-type":"","background-media":"","overlay-type":"","overlay-color":"","overlay-opacity":"","overlay-gradient":""}},"_joinchat":[]},"product_brand":[],"product_cat":[41,47],"product_tag":[],"class_list":{"0":"post-2032","1":"product","2":"type-product","3":"status-publish","4":"has-post-thumbnail","6":"product_cat-cali-weed","7":"product_cat-doja-weed-doja-exclusive","8":"desktop-align-left","9":"tablet-align-left","10":"mobile-align-left","12":"first","13":"instock","14":"shipping-taxable","15":"purchasable","16":"product-type-variable"},"yoast_head":"<!-- This site is optimized with the Yoast SEO Premium plugin v24.1 (Yoast SEO v26.8) - https:\/\/yoast.com\/product\/yoast-seo-premium-wordpress\/ -->\n<title>Acheter Doja Karmas Headstash | Vari\u00e9t\u00e9 de Cannabis Exclusif<\/title>\n<meta name=\"description\" content=\"Acheter Doja Karmas Headstash, une vari\u00e9t\u00e9 de cannabis exclusif aux ar\u00f4mes riches et aux effets puissants. Achetez avec livraison discr\u00e8te et rapide.\" \/>\n<meta name=\"robots\" content=\"index, follow, max-snippet:-1, max-image-preview:large, max-video-preview:-1\" \/>\n<link rel=\"canonical\" href=\"https:\/\/beuhparadis.com\/de\/product\/doja-exclusive-karmas-headstash\/\" \/>\n<meta property=\"og:locale\" content=\"de_DE\" \/>\n<meta property=\"og:type\" content=\"article\" \/>\n<meta property=\"og:title\" content=\"Doja Exclusive | Karmas Headstash\" \/>\n<meta property=\"og:description\" content=\"Acheter Doja Karmas Headstash, une vari\u00e9t\u00e9 de cannabis exclusif aux ar\u00f4mes riches et aux effets puissants. Achetez avec livraison discr\u00e8te et rapide.\" \/>\n<meta property=\"og:url\" content=\"https:\/\/beuhparadis.com\/de\/product\/doja-exclusive-karmas-headstash\/\" \/>\n<meta property=\"og:site_name\" content=\"Beuh Paradis\" \/>\n<meta property=\"article:modified_time\" content=\"2025-01-28T10:02:58+00:00\" \/>\n<meta property=\"og:image\" content=\"https:\/\/beuhparadis.com\/wp-content\/uploads\/2024\/12\/Doja-Exclusive-Karmas-Headstash-3.jpg\" \/>\n\t<meta property=\"og:image:width\" content=\"1284\" \/>\n\t<meta property=\"og:image:height\" content=\"1571\" \/>\n\t<meta property=\"og:image:type\" content=\"image\/jpeg\" \/>\n<meta name=\"twitter:card\" content=\"summary_large_image\" \/>\n<meta name=\"twitter:label1\" content=\"Gesch\u00e4tzte Lesezeit\" \/>\n\t<meta name=\"twitter:data1\" content=\"3 minutes\" \/>\n<script type=\"application\/ld+json\" class=\"yoast-schema-graph\">{\"@context\":\"https:\/\/schema.org\",\"@graph\":[{\"@type\":\"WebPage\",\"@id\":\"https:\/\/beuhparadis.com\/product\/doja-exclusive-karmas-headstash\/\",\"url\":\"https:\/\/beuhparadis.com\/product\/doja-exclusive-karmas-headstash\/\",\"name\":\"Acheter Doja Karmas Headstash | Vari\u00e9t\u00e9 de Cannabis Exclusif\",\"isPartOf\":{\"@id\":\"https:\/\/beuhparadis.com\/#website\"},\"primaryImageOfPage\":{\"@id\":\"https:\/\/beuhparadis.com\/product\/doja-exclusive-karmas-headstash\/#primaryimage\"},\"image\":{\"@id\":\"https:\/\/beuhparadis.com\/product\/doja-exclusive-karmas-headstash\/#primaryimage\"},\"thumbnailUrl\":\"https:\/\/beuhparadis.com\/wp-content\/uploads\/2024\/12\/Doja-Exclusive-Karmas-Headstash-3.jpg\",\"datePublished\":\"2024-12-10T23:50:24+00:00\",\"dateModified\":\"2025-01-28T10:02:58+00:00\",\"description\":\"Acheter Doja Karmas Headstash, une vari\u00e9t\u00e9 de cannabis exclusif aux ar\u00f4mes riches et aux effets puissants. Achetez avec livraison discr\u00e8te et rapide.\",\"breadcrumb\":{\"@id\":\"https:\/\/beuhparadis.com\/product\/doja-exclusive-karmas-headstash\/#breadcrumb\"},\"inLanguage\":\"de-DE-formal\",\"potentialAction\":[{\"@type\":\"ReadAction\",\"target\":[\"https:\/\/beuhparadis.com\/product\/doja-exclusive-karmas-headstash\/\"]}]},{\"@type\":\"ImageObject\",\"inLanguage\":\"de-DE-formal\",\"@id\":\"https:\/\/beuhparadis.com\/product\/doja-exclusive-karmas-headstash\/#primaryimage\",\"url\":\"https:\/\/beuhparadis.com\/wp-content\/uploads\/2024\/12\/Doja-Exclusive-Karmas-Headstash-3.jpg\",\"contentUrl\":\"https:\/\/beuhparadis.com\/wp-content\/uploads\/2024\/12\/Doja-Exclusive-Karmas-Headstash-3.jpg\",\"width\":1284,\"height\":1571},{\"@type\":\"BreadcrumbList\",\"@id\":\"https:\/\/beuhparadis.com\/product\/doja-exclusive-karmas-headstash\/#breadcrumb\",\"itemListElement\":[{\"@type\":\"ListItem\",\"position\":1,\"name\":\"Home\",\"item\":\"https:\/\/beuhparadis.com\/\"},{\"@type\":\"ListItem\",\"position\":2,\"name\":\"Shop\",\"item\":\"https:\/\/beuhparadis.com\/shop\/\"},{\"@type\":\"ListItem\",\"position\":3,\"name\":\"Doja Exclusive | Karmas Headstash\"}]},{\"@type\":\"WebSite\",\"@id\":\"https:\/\/beuhparadis.com\/#website\",\"url\":\"https:\/\/beuhparadis.com\/\",\"name\":\"Beuh Paradis\",\"description\":\"\",\"potentialAction\":[{\"@type\":\"SearchAction\",\"target\":{\"@type\":\"EntryPoint\",\"urlTemplate\":\"https:\/\/beuhparadis.com\/?s={search_term_string}\"},\"query-input\":{\"@type\":\"PropertyValueSpecification\",\"valueRequired\":true,\"valueName\":\"search_term_string\"}}],\"inLanguage\":\"de-DE-formal\"}]}<\/script>\n<!-- \/ Yoast SEO Premium plugin. -->","yoast_head_json":{"title":"Doja Karmas Headstash kaufen | Exclusive Cannabis Sorte","description":"Kaufen Doja Karmas Headstash, eine exklusive Cannabissorte mit reichen Aromen und starker Wirkung. Kaufen mit diskreter und schneller Lieferung.","robots":{"index":"index","follow":"follow","max-snippet":"max-snippet:-1","max-image-preview":"max-image-preview:large","max-video-preview":"max-video-preview:-1"},"canonical":"https:\/\/beuhparadis.com\/de\/product\/doja-exclusive-karmas-headstash\/","og_locale":"de_DE","og_type":"article","og_title":"Doja Exclusive | Karmas Headstash","og_description":"Acheter Doja Karmas Headstash, une vari\u00e9t\u00e9 de cannabis exclusif aux ar\u00f4mes riches et aux effets puissants. Achetez avec livraison discr\u00e8te et rapide.","og_url":"https:\/\/beuhparadis.com\/de\/product\/doja-exclusive-karmas-headstash\/","og_site_name":"Beuh Paradis","article_modified_time":"2025-01-28T10:02:58+00:00","og_image":[{"width":1284,"height":1571,"url":"https:\/\/beuhparadis.com\/wp-content\/uploads\/2024\/12\/Doja-Exclusive-Karmas-Headstash-3.jpg","type":"image\/jpeg"}],"twitter_card":"summary_large_image","twitter_misc":{"Gesch\u00e4tzte Lesezeit":"3 minutes"},"schema":{"@context":"https:\/\/schema.org","@graph":[{"@type":"WebPage","@id":"https:\/\/beuhparadis.com\/product\/doja-exclusive-karmas-headstash\/","url":"https:\/\/beuhparadis.com\/product\/doja-exclusive-karmas-headstash\/","name":"Doja Karmas Headstash kaufen | Exclusive Cannabis Sorte","isPartOf":{"@id":"https:\/\/beuhparadis.com\/#website"},"primaryImageOfPage":{"@id":"https:\/\/beuhparadis.com\/product\/doja-exclusive-karmas-headstash\/#primaryimage"},"image":{"@id":"https:\/\/beuhparadis.com\/product\/doja-exclusive-karmas-headstash\/#primaryimage"},"thumbnailUrl":"https:\/\/beuhparadis.com\/wp-content\/uploads\/2024\/12\/Doja-Exclusive-Karmas-Headstash-3.jpg","datePublished":"2024-12-10T23:50:24+00:00","dateModified":"2025-01-28T10:02:58+00:00","description":"Kaufen Doja Karmas Headstash, eine exklusive Cannabissorte mit reichen Aromen und starker Wirkung. Kaufen mit diskreter und schneller Lieferung.","breadcrumb":{"@id":"https:\/\/beuhparadis.com\/product\/doja-exclusive-karmas-headstash\/#breadcrumb"},"inLanguage":"de-DE-formal","potentialAction":[{"@type":"ReadAction","target":["https:\/\/beuhparadis.com\/product\/doja-exclusive-karmas-headstash\/"]}]},{"@type":"ImageObject","inLanguage":"de-DE-formal","@id":"https:\/\/beuhparadis.com\/product\/doja-exclusive-karmas-headstash\/#primaryimage","url":"https:\/\/beuhparadis.com\/wp-content\/uploads\/2024\/12\/Doja-Exclusive-Karmas-Headstash-3.jpg","contentUrl":"https:\/\/beuhparadis.com\/wp-content\/uploads\/2024\/12\/Doja-Exclusive-Karmas-Headstash-3.jpg","width":1284,"height":1571},{"@type":"BreadcrumbList","@id":"https:\/\/beuhparadis.com\/product\/doja-exclusive-karmas-headstash\/#breadcrumb","itemListElement":[{"@type":"ListItem","position":1,"name":"Home","item":"https:\/\/beuhparadis.com\/"},{"@type":"ListItem","position":2,"name":"Shop","item":"https:\/\/beuhparadis.com\/shop\/"},{"@type":"ListItem","position":3,"name":"Doja Exclusive | Karmas Headstash"}]},{"@type":"WebSite","@id":"https:\/\/beuhparadis.com\/#website","url":"https:\/\/beuhparadis.com\/","name":"Gras Paradies","description":"","potentialAction":[{"@type":"SearchAction","target":{"@type":"EntryPoint","urlTemplate":"https:\/\/beuhparadis.com\/?s={search_term_string}"},"query-input":{"@type":"PropertyValueSpecification","valueRequired":true,"valueName":"search_term_string"}}],"inLanguage":"de-DE-formal"}]}},"_links":{"self":[{"href":"https:\/\/beuhparadis.com\/de\/wp-json\/wp\/v2\/product\/2032","targetHints":{"allow":["GET"]}}],"collection":[{"href":"https:\/\/beuhparadis.com\/de\/wp-json\/wp\/v2\/product"}],"about":[{"href":"https:\/\/beuhparadis.com\/de\/wp-json\/wp\/v2\/types\/product"}],"replies":[{"embeddable":true,"href":"https:\/\/beuhparadis.com\/de\/wp-json\/wp\/v2\/comments?post=2032"}],"wp:featuredmedia":[{"embeddable":true,"href":"https:\/\/beuhparadis.com\/de\/wp-json\/wp\/v2\/media\/2053"}],"wp:attachment":[{"href":"https:\/\/beuhparadis.com\/de\/wp-json\/wp\/v2\/media?parent=2032"}],"wp:term":[{"taxonomy":"product_brand","embeddable":true,"href":"https:\/\/beuhparadis.com\/de\/wp-json\/wp\/v2\/product_brand?post=2032"},{"taxonomy":"product_cat","embeddable":true,"href":"https:\/\/beuhparadis.com\/de\/wp-json\/wp\/v2\/product_cat?post=2032"},{"taxonomy":"product_tag","embeddable":true,"href":"https:\/\/beuhparadis.com\/de\/wp-json\/wp\/v2\/product_tag?post=2032"}],"curies":[{"name":"wp","href":"https:\/\/api.w.org\/{rel}","templated":true}]}}