{"id":2027,"date":"2024-12-10T23:50:01","date_gmt":"2024-12-10T23:50:01","guid":{"rendered":"https:\/\/beuhparadis.com\/?post_type=product&#038;p=2027"},"modified":"2025-01-28T10:10:56","modified_gmt":"2025-01-28T10:10:56","slug":"doja-rs11","status":"publish","type":"product","link":"https:\/\/beuhparadis.com\/de\/product\/doja-rs11\/","title":{"rendered":"Doja Rs11"},"content":{"rendered":"<h1 class=\"wp-block-heading\">Doja RS11 kaufen: Ein einzigartiges Erlebnis von hoher Qualit\u00e4t<\/h1>\n<p>Doja RS11 ist eine exklusive Cannabis-Sorte, die f\u00fcr ihre beeindruckende genetische Zusammensetzung und anhaltende Beliebtheit bekannt ist. RS11 ist das Ergebnis der Zusammenarbeit von Doja Pak, Wizard Trees und Deep East und zeichnet sich durch seine dynamischen Effekte, sein komplexes Aroma und seinen reichen Geschmack aus. Diese <strong>doja exklusiv RS11<\/strong> fesselt Cannabisliebhaber auch lange nach ihrer urspr\u00fcnglichen Einf\u00fchrung noch immer.<\/p>\n<h2 class=\"wp-block-heading\">Info \u00fcber La Souche<\/h2>\n<ul class=\"wp-block-list\">\n<li><strong>Genetik<\/strong> : Doja exclusive RS11, oder RS11 Doja Pak, ist das Ergebnis einer pr\u00e4zisen Kreuzung aus Black Sherbert, OZ Kush und Pink Guava, bietet ein bemerkenswertes genetisches Profil und macht diese <strong>doja RS11 strain<\/strong> ein echter Blockbuster.<\/li>\n<li><strong>Produktion<\/strong> : Sorgf\u00e4ltig gez\u00fcchtet, um eine hohe Qualit\u00e4t zu gew\u00e4hrleisten, maximiert Doja RS11 die THC-Konzentration und bewahrt gleichzeitig die delikaten Aromen, dank der Expertise von Doja Pak, Wizard Trees und Deep East.<\/li>\n<li><strong>Typ<\/strong> : Hybrid, mit einer Indica-Dominanz, bietet RS11 Doja strain eine tiefe Entspannung, die von einem mentalen Euphorie-Boost begleitet wird.<\/li>\n<\/ul>\n<h2 class=\"wp-block-heading\">THC und CBD<\/h2>\n<ul class=\"wp-block-list\">\n<li><strong>THC<\/strong> : Hohe Rate, ca. 24-29%, f\u00fcr intensive und lang anhaltende Effekte von Doja pack RS11.<\/li>\n<li><strong>CBD<\/strong> : Sehr niedrig, weniger als 1%, betont das psychoaktive Erlebnis und bietet gleichzeitig gezielte therapeutische Vorteile von RS11 Doja.<\/li>\n<\/ul>\n<h2 class=\"wp-block-heading\">Wo kann ich Doja RS11 online kaufen?<\/h2>\n<p><a href=\"https:\/\/beuhparadis.com\/de\/product\/bentley-hash\/\">Beuhparadies.com<\/a> ist Ihr bevorzugter Bestimmungsort f\u00fcr den Online-Kauf der exklusiven Doja RS11. Wir garantieren eine hervorragende Qualit\u00e4t, diskrete Lieferung und einen einwandfreien Kundenservice f\u00fcr diese exklusive Doja RS11.<\/p>\n<h2 class=\"wp-block-heading\">Wirkung, Aroma und Geschmack<\/h2>\n<h3 class=\"wp-block-heading\">Wirkung<\/h3>\n<ul class=\"wp-block-list\">\n<li>Doja Pack RS11 bietet eine intensive k\u00f6rperliche Entspannung, die perfekt ist, um sich am Ende des Tages zu entspannen. Dieser Doja RS11 Strain regt den Geist an und f\u00f6rdert eine fr\u00f6hliche Stimmung und erh\u00f6hte Kreativit\u00e4t.<\/li>\n<li>RS11 Doja strain hebt die Stimmung und sorgt f\u00fcr ein allgemeines Wohlbefinden.<\/li>\n<\/ul>\n<h3 class=\"wp-block-heading\">Aroma<\/h3>\n<ul class=\"wp-block-list\">\n<li>Doja Exclusive RS11 verstr\u00f6mt einen reichen und komplexen Duft mit Noten von Kaffee und Schokolade, der an die s\u00fc\u00dfe und cremige Mischung von Tiramisu erinnert.<\/li>\n<\/ul>\n<h3 class=\"wp-block-heading\">Geschmack<\/h3>\n<ul class=\"wp-block-list\">\n<li>Der Geschmack von RS11 Doja Pak ist gourmandig und authentisch und kombiniert die S\u00fc\u00dfe von Mascarponecreme mit einem Hauch von Kaffee und Kakao f\u00fcr ein exquisites Geschmackserlebnis von <strong>Doja RS11<\/strong>.<\/li>\n<\/ul>\n<h2 class=\"wp-block-heading\">Medizinische Effekte<\/h2>\n<h3 class=\"wp-block-heading\">Medizinische Effekte<\/h3>\n<ul class=\"wp-block-list\">\n<li>RS11 Doja Pack bietet eine wirksame Linderung von Stress und Angstzust\u00e4nden sowie schmerzlindernde Eigenschaften zur Schmerzbehandlung.<\/li>\n<\/ul>\n<h3 class=\"wp-block-heading\">Kann Linderung verschaffen<\/h3>\n<ul class=\"wp-block-list\">\n<li><strong>RS11 Doja<\/strong> ist ideal zur Bek\u00e4mpfung von Schlaflosigkeit, chronischen Schmerzen und Stimmungsschwankungen und verbessert den allgemeinen Gem\u00fctszustand.<\/li>\n<\/ul>\n<h2 class=\"wp-block-heading\">Warum Doja RS11 bei Acheterducannabis kaufen?<\/h2>\n<p>Wenn Sie Acheterducannabis f\u00fcr Ihren Kauf von Doja RS11 w\u00e4hlen, entscheiden Sie sich f\u00fcr eine Qualit\u00e4ts- und Zufriedenheitsgarantie. Wir verpflichten uns, ein au\u00dfergew\u00f6hnliches Einkaufserlebnis f\u00fcr diese <strong>doja exklusiv RS11<\/strong>.<\/p>\n<h2 class=\"wp-block-heading\">Regierungsgesetze f\u00fcr den Verkauf von Cannabis in Europa<\/h2>\n<p>Der Verkauf von Cannabis in Europa ist streng reguliert. Acheterducannabis h\u00e4lt sich an alle geltenden Vorschriften und bietet einen v\u00f6llig legalen und sicheren Online-Kaufservice f\u00fcr Ihre Doja RS11.<\/p>\n<hr class=\"wp-block-separator has-alpha-channel-opacity\" \/>\n<p><strong>Kaufenducannabis<\/strong> l\u00e4dt Sie ein, die einzigartige Welt von <a href=\"https:\/\/hightimes.com\/product-review\/review-doja-paks-rs-11\/\" data-type=\"link\" data-id=\"https:\/\/hightimes.com\/product-review\/review-doja-paks-rs-11\/\">Doja RS11<\/a>Dies garantiert eine hohe Qualit\u00e4t, ein bereicherndes Konsumerlebnis und die Einhaltung der EU-Richtlinien f\u00fcr RS11 Doja Pak.<\/p>","protected":false},"excerpt":{"rendered":"<p><strong>Doja Rs11 Medizinische Effekte<\/strong><\/p>\n<ul class=\"wp-block-list\">\n<li>Doja Pack RS11 bietet eine intensive k\u00f6rperliche Entspannung, die perfekt ist, um sich am Ende des Tages zu entspannen. Dieser Doja RS11 Strain regt den Geist an und f\u00f6rdert eine fr\u00f6hliche Stimmung und erh\u00f6hte Kreativit\u00e4t.<\/li>\n<li>RS11 Doja strain hebt die Stimmung und sorgt f\u00fcr ein allgemeines Wohlbefinden.<\/li>\n<\/ul>","protected":false},"featured_media":2052,"comment_status":"closed","ping_status":"closed","template":"","meta":{"site-sidebar-layout":"default","site-content-layout":"","ast-site-content-layout":"default","site-content-style":"default","site-sidebar-style":"default","ast-global-header-display":"","ast-banner-title-visibility":"","ast-main-header-display":"","ast-hfb-above-header-display":"","ast-hfb-below-header-display":"","ast-hfb-mobile-header-display":"","site-post-title":"","ast-breadcrumbs-content":"","ast-featured-img":"","footer-sml-layout":"","theme-transparent-header-meta":"default","adv-header-id-meta":"","stick-header-meta":"","header-above-stick-meta":"","header-main-stick-meta":"","header-below-stick-meta":"","astra-migrate-meta-layouts":"set","ast-page-background-enabled":"default","ast-page-background-meta":{"desktop":{"background-color":"","background-image":"","background-repeat":"repeat","background-position":"center center","background-size":"auto","background-attachment":"scroll","background-type":"","background-media":"","overlay-type":"","overlay-color":"","overlay-opacity":"","overlay-gradient":""},"tablet":{"background-color":"","background-image":"","background-repeat":"repeat","background-position":"center center","background-size":"auto","background-attachment":"scroll","background-type":"","background-media":"","overlay-type":"","overlay-color":"","overlay-opacity":"","overlay-gradient":""},"mobile":{"background-color":"","background-image":"","background-repeat":"repeat","background-position":"center center","background-size":"auto","background-attachment":"scroll","background-type":"","background-media":"","overlay-type":"","overlay-color":"","overlay-opacity":"","overlay-gradient":""}},"ast-content-background-meta":{"desktop":{"background-color":"var(--ast-global-color-5)","background-image":"","background-repeat":"repeat","background-position":"center center","background-size":"auto","background-attachment":"scroll","background-type":"","background-media":"","overlay-type":"","overlay-color":"","overlay-opacity":"","overlay-gradient":""},"tablet":{"background-color":"var(--ast-global-color-5)","background-image":"","background-repeat":"repeat","background-position":"center center","background-size":"auto","background-attachment":"scroll","background-type":"","background-media":"","overlay-type":"","overlay-color":"","overlay-opacity":"","overlay-gradient":""},"mobile":{"background-color":"var(--ast-global-color-5)","background-image":"","background-repeat":"repeat","background-position":"center center","background-size":"auto","background-attachment":"scroll","background-type":"","background-media":"","overlay-type":"","overlay-color":"","overlay-opacity":"","overlay-gradient":""}},"_joinchat":[]},"product_brand":[],"product_cat":[41,47],"product_tag":[],"class_list":{"0":"post-2027","1":"product","2":"type-product","3":"status-publish","4":"has-post-thumbnail","6":"product_cat-cali-weed","7":"product_cat-doja-weed-doja-exclusive","8":"desktop-align-left","9":"tablet-align-left","10":"mobile-align-left","12":"first","13":"instock","14":"shipping-taxable","15":"purchasable","16":"product-type-variable"},"yoast_head":"<!-- This site is optimized with the Yoast SEO Premium plugin v24.1 (Yoast SEO v26.8) - https:\/\/yoast.com\/product\/yoast-seo-premium-wordpress\/ -->\n<title>Acheter Doja RS11 en Ligne | Vari\u00e9t\u00e9 de Cannabis Premium<\/title>\n<meta name=\"description\" content=\"Acheter Doja RS11, une vari\u00e9t\u00e9 de cannabis premium aux ar\u00f4mes fruit\u00e9s et aux effets \u00e9quilibr\u00e9s. Achetez en ligne avec livraison discr\u00e8te et rapide.\" \/>\n<meta name=\"robots\" content=\"index, follow, max-snippet:-1, max-image-preview:large, max-video-preview:-1\" \/>\n<link rel=\"canonical\" href=\"https:\/\/beuhparadis.com\/de\/product\/doja-rs11\/\" \/>\n<meta property=\"og:locale\" content=\"de_DE\" \/>\n<meta property=\"og:type\" content=\"article\" \/>\n<meta property=\"og:title\" content=\"Doja Rs11\" \/>\n<meta property=\"og:description\" content=\"Acheter Doja RS11, une vari\u00e9t\u00e9 de cannabis premium aux ar\u00f4mes fruit\u00e9s et aux effets \u00e9quilibr\u00e9s. Achetez en ligne avec livraison discr\u00e8te et rapide.\" \/>\n<meta property=\"og:url\" content=\"https:\/\/beuhparadis.com\/de\/product\/doja-rs11\/\" \/>\n<meta property=\"og:site_name\" content=\"Beuh Paradis\" \/>\n<meta property=\"article:modified_time\" content=\"2025-01-28T10:10:56+00:00\" \/>\n<meta property=\"og:image\" content=\"https:\/\/beuhparadis.com\/wp-content\/uploads\/2024\/12\/Doja-Rs11-3.jpg\" \/>\n\t<meta property=\"og:image:width\" content=\"1242\" \/>\n\t<meta property=\"og:image:height\" content=\"1295\" \/>\n\t<meta property=\"og:image:type\" content=\"image\/jpeg\" \/>\n<meta name=\"twitter:card\" content=\"summary_large_image\" \/>\n<meta name=\"twitter:label1\" content=\"Gesch\u00e4tzte Lesezeit\" \/>\n\t<meta name=\"twitter:data1\" content=\"3 minutes\" \/>\n<script type=\"application\/ld+json\" class=\"yoast-schema-graph\">{\"@context\":\"https:\/\/schema.org\",\"@graph\":[{\"@type\":\"WebPage\",\"@id\":\"https:\/\/beuhparadis.com\/product\/doja-rs11\/\",\"url\":\"https:\/\/beuhparadis.com\/product\/doja-rs11\/\",\"name\":\"Acheter Doja RS11 en Ligne | Vari\u00e9t\u00e9 de Cannabis Premium\",\"isPartOf\":{\"@id\":\"https:\/\/beuhparadis.com\/#website\"},\"primaryImageOfPage\":{\"@id\":\"https:\/\/beuhparadis.com\/product\/doja-rs11\/#primaryimage\"},\"image\":{\"@id\":\"https:\/\/beuhparadis.com\/product\/doja-rs11\/#primaryimage\"},\"thumbnailUrl\":\"https:\/\/beuhparadis.com\/wp-content\/uploads\/2024\/12\/Doja-Rs11-3.jpg\",\"datePublished\":\"2024-12-10T23:50:01+00:00\",\"dateModified\":\"2025-01-28T10:10:56+00:00\",\"description\":\"Acheter Doja RS11, une vari\u00e9t\u00e9 de cannabis premium aux ar\u00f4mes fruit\u00e9s et aux effets \u00e9quilibr\u00e9s. Achetez en ligne avec livraison discr\u00e8te et rapide.\",\"breadcrumb\":{\"@id\":\"https:\/\/beuhparadis.com\/product\/doja-rs11\/#breadcrumb\"},\"inLanguage\":\"de-DE-formal\",\"potentialAction\":[{\"@type\":\"ReadAction\",\"target\":[\"https:\/\/beuhparadis.com\/product\/doja-rs11\/\"]}]},{\"@type\":\"ImageObject\",\"inLanguage\":\"de-DE-formal\",\"@id\":\"https:\/\/beuhparadis.com\/product\/doja-rs11\/#primaryimage\",\"url\":\"https:\/\/beuhparadis.com\/wp-content\/uploads\/2024\/12\/Doja-Rs11-3.jpg\",\"contentUrl\":\"https:\/\/beuhparadis.com\/wp-content\/uploads\/2024\/12\/Doja-Rs11-3.jpg\",\"width\":1242,\"height\":1295},{\"@type\":\"BreadcrumbList\",\"@id\":\"https:\/\/beuhparadis.com\/product\/doja-rs11\/#breadcrumb\",\"itemListElement\":[{\"@type\":\"ListItem\",\"position\":1,\"name\":\"Home\",\"item\":\"https:\/\/beuhparadis.com\/\"},{\"@type\":\"ListItem\",\"position\":2,\"name\":\"Shop\",\"item\":\"https:\/\/beuhparadis.com\/shop\/\"},{\"@type\":\"ListItem\",\"position\":3,\"name\":\"Doja Rs11\"}]},{\"@type\":\"WebSite\",\"@id\":\"https:\/\/beuhparadis.com\/#website\",\"url\":\"https:\/\/beuhparadis.com\/\",\"name\":\"Beuh Paradis\",\"description\":\"\",\"potentialAction\":[{\"@type\":\"SearchAction\",\"target\":{\"@type\":\"EntryPoint\",\"urlTemplate\":\"https:\/\/beuhparadis.com\/?s={search_term_string}\"},\"query-input\":{\"@type\":\"PropertyValueSpecification\",\"valueRequired\":true,\"valueName\":\"search_term_string\"}}],\"inLanguage\":\"de-DE-formal\"}]}<\/script>\n<!-- \/ Yoast SEO Premium plugin. -->","yoast_head_json":{"title":"Doja RS11 online kaufen | Cannabis Sorte Premium","description":"Kaufen Sie Doja RS11, eine Premium-Cannabissorte mit fruchtigen Aromen und einer ausgewogenen Wirkung. Kaufen Sie online mit diskreter und schneller Lieferung.","robots":{"index":"index","follow":"follow","max-snippet":"max-snippet:-1","max-image-preview":"max-image-preview:large","max-video-preview":"max-video-preview:-1"},"canonical":"https:\/\/beuhparadis.com\/de\/product\/doja-rs11\/","og_locale":"de_DE","og_type":"article","og_title":"Doja Rs11","og_description":"Acheter Doja RS11, une vari\u00e9t\u00e9 de cannabis premium aux ar\u00f4mes fruit\u00e9s et aux effets \u00e9quilibr\u00e9s. Achetez en ligne avec livraison discr\u00e8te et rapide.","og_url":"https:\/\/beuhparadis.com\/de\/product\/doja-rs11\/","og_site_name":"Beuh Paradis","article_modified_time":"2025-01-28T10:10:56+00:00","og_image":[{"width":1242,"height":1295,"url":"https:\/\/beuhparadis.com\/wp-content\/uploads\/2024\/12\/Doja-Rs11-3.jpg","type":"image\/jpeg"}],"twitter_card":"summary_large_image","twitter_misc":{"Gesch\u00e4tzte Lesezeit":"3 minutes"},"schema":{"@context":"https:\/\/schema.org","@graph":[{"@type":"WebPage","@id":"https:\/\/beuhparadis.com\/product\/doja-rs11\/","url":"https:\/\/beuhparadis.com\/product\/doja-rs11\/","name":"Doja RS11 online kaufen | Cannabis Sorte Premium","isPartOf":{"@id":"https:\/\/beuhparadis.com\/#website"},"primaryImageOfPage":{"@id":"https:\/\/beuhparadis.com\/product\/doja-rs11\/#primaryimage"},"image":{"@id":"https:\/\/beuhparadis.com\/product\/doja-rs11\/#primaryimage"},"thumbnailUrl":"https:\/\/beuhparadis.com\/wp-content\/uploads\/2024\/12\/Doja-Rs11-3.jpg","datePublished":"2024-12-10T23:50:01+00:00","dateModified":"2025-01-28T10:10:56+00:00","description":"Kaufen Sie Doja RS11, eine Premium-Cannabissorte mit fruchtigen Aromen und einer ausgewogenen Wirkung. Kaufen Sie online mit diskreter und schneller Lieferung.","breadcrumb":{"@id":"https:\/\/beuhparadis.com\/product\/doja-rs11\/#breadcrumb"},"inLanguage":"de-DE-formal","potentialAction":[{"@type":"ReadAction","target":["https:\/\/beuhparadis.com\/product\/doja-rs11\/"]}]},{"@type":"ImageObject","inLanguage":"de-DE-formal","@id":"https:\/\/beuhparadis.com\/product\/doja-rs11\/#primaryimage","url":"https:\/\/beuhparadis.com\/wp-content\/uploads\/2024\/12\/Doja-Rs11-3.jpg","contentUrl":"https:\/\/beuhparadis.com\/wp-content\/uploads\/2024\/12\/Doja-Rs11-3.jpg","width":1242,"height":1295},{"@type":"BreadcrumbList","@id":"https:\/\/beuhparadis.com\/product\/doja-rs11\/#breadcrumb","itemListElement":[{"@type":"ListItem","position":1,"name":"Home","item":"https:\/\/beuhparadis.com\/"},{"@type":"ListItem","position":2,"name":"Shop","item":"https:\/\/beuhparadis.com\/shop\/"},{"@type":"ListItem","position":3,"name":"Doja Rs11"}]},{"@type":"WebSite","@id":"https:\/\/beuhparadis.com\/#website","url":"https:\/\/beuhparadis.com\/","name":"Gras Paradies","description":"","potentialAction":[{"@type":"SearchAction","target":{"@type":"EntryPoint","urlTemplate":"https:\/\/beuhparadis.com\/?s={search_term_string}"},"query-input":{"@type":"PropertyValueSpecification","valueRequired":true,"valueName":"search_term_string"}}],"inLanguage":"de-DE-formal"}]}},"_links":{"self":[{"href":"https:\/\/beuhparadis.com\/de\/wp-json\/wp\/v2\/product\/2027","targetHints":{"allow":["GET"]}}],"collection":[{"href":"https:\/\/beuhparadis.com\/de\/wp-json\/wp\/v2\/product"}],"about":[{"href":"https:\/\/beuhparadis.com\/de\/wp-json\/wp\/v2\/types\/product"}],"replies":[{"embeddable":true,"href":"https:\/\/beuhparadis.com\/de\/wp-json\/wp\/v2\/comments?post=2027"}],"wp:featuredmedia":[{"embeddable":true,"href":"https:\/\/beuhparadis.com\/de\/wp-json\/wp\/v2\/media\/2052"}],"wp:attachment":[{"href":"https:\/\/beuhparadis.com\/de\/wp-json\/wp\/v2\/media?parent=2027"}],"wp:term":[{"taxonomy":"product_brand","embeddable":true,"href":"https:\/\/beuhparadis.com\/de\/wp-json\/wp\/v2\/product_brand?post=2027"},{"taxonomy":"product_cat","embeddable":true,"href":"https:\/\/beuhparadis.com\/de\/wp-json\/wp\/v2\/product_cat?post=2027"},{"taxonomy":"product_tag","embeddable":true,"href":"https:\/\/beuhparadis.com\/de\/wp-json\/wp\/v2\/product_tag?post=2027"}],"curies":[{"name":"wp","href":"https:\/\/api.w.org\/{rel}","templated":true}]}}