{"id":1971,"date":"2024-12-10T23:49:15","date_gmt":"2024-12-10T23:49:15","guid":{"rendered":"https:\/\/beuhparadis.com\/?post_type=product&#038;p=1971"},"modified":"2025-01-28T10:16:42","modified_gmt":"2025-01-28T10:16:42","slug":"italian-cherryz-backpackboyz","status":"publish","type":"product","link":"https:\/\/beuhparadis.com\/de\/product\/italian-cherryz-backpackboyz\/","title":{"rendered":"Italian cherryz backpackboyz"},"content":{"rendered":"<h1 class=\"wp-block-heading\">Italian Cherryz Backpackboyz kaufen: Eleganz und Geschmack<\/h1>\n<p>Italian Cherryz Backpackboyz kaufen ist eine Cannabissorte, die sich durch ihre Eleganz und ihren au\u00dfergew\u00f6hnlichen Geschmack auszeichnet. Diese einzigartige Sorte vereint den Reichtum italienischer Kirschen mit einem Hauch von Raffinesse, was das Ergebnis eines sorgf\u00e4ltigen Auswahl- und Zuchtprozesses ist.<\/p>\n<h2 class=\"wp-block-heading\">Info \u00fcber La Souche<\/h2>\n<ul class=\"wp-block-list\">\n<li><strong>Genetik<\/strong> : Eine perfekte Mischung aus Sorten, die aufgrund ihrer aromatischen Kirschprofile ausgew\u00e4hlt wurden, und einer hohen Qualit\u00e4t, die durch fortschrittliche Anbaumethoden garantiert wird.<\/li>\n<li><strong>Produktion<\/strong> : Unter optimalen Indoor-Bedingungen gez\u00fcchtet, die eine genaue Kontrolle der Umgebung erm\u00f6glichen, um die Reinheit und maximale Konzentration der Cannabinoide zu gew\u00e4hrleisten.<\/li>\n<li><strong>Typ<\/strong> : Hybride, mit einer Indica-Dominanz, bietet sowohl tiefe Entspannung als auch leichte Euphorie.<\/li>\n<\/ul>\n<h2 class=\"wp-block-heading\">THC und CBD<\/h2>\n<ul class=\"wp-block-list\">\n<li><strong>THC<\/strong> : Hoher Inhalt, erreicht ca. 22-26%, f\u00fcr ein kraftvolles und befriedigendes Erlebnis.<\/li>\n<li><strong>CBD<\/strong> : Niedrig, weniger als 1%, konzentriert die Wirkung auf die psychoaktiven und freizeitbezogenen Eigenschaften.<\/li>\n<\/ul>\n<h2 class=\"wp-block-heading\">Wo kann ich Italian Cherryz Backpackboyz online kaufen?<\/h2>\n<p><strong>Kaufenducannabis<\/strong> ist Ihre vertrauensw\u00fcrdige Quelle f\u00fcr den Erwerb von Italian Cherryz <a href=\"https:\/\/acheterducannabis.fr\/cali-weed\/doja-weed\/\" data-type=\"link\" data-id=\"https:\/\/acheterducannabis.fr\/cali-weed\/doja-weed\/\">Backpackboyz<\/a> online, die eine einwandfreie Qualit\u00e4t, eine diskrete und sichere Lieferung bieten.<\/p>\n<h2 class=\"wp-block-heading\">Wirkung, Aroma und Geschmack<\/h2>\n<h3 class=\"wp-block-heading\">Wirkung<\/h3>\n<ul class=\"wp-block-list\">\n<li>Ganzk\u00f6rperliche Entspannung mit sanfter Euphorie, perfekt f\u00fcr den entspannenden Moment am Ende des Tages.<\/li>\n<li>F\u00f6rdert die Kreativit\u00e4t und sorgt f\u00fcr ein gutes Gef\u00fchl.<\/li>\n<\/ul>\n<h3 class=\"wp-block-heading\">Aroma<\/h3>\n<ul class=\"wp-block-list\">\n<li>Ein reiches und komplexes Bouquet, das an frisch gepfl\u00fcckte Kirschen mit einer subtilen erdigen Note erinnert.<\/li>\n<\/ul>\n<h3 class=\"wp-block-heading\">Geschmack<\/h3>\n<ul class=\"wp-block-list\">\n<li>Feiner, s\u00fc\u00dfer Kirschgeschmack, erg\u00e4nzt durch erdige und w\u00fcrzige Noten, f\u00fcr ein unvergleichliches Geschmackserlebnis.<\/li>\n<\/ul>\n<h2 class=\"wp-block-heading\">Medizinische Effekte<\/h2>\n<h3 class=\"wp-block-heading\">Medizinische Effekte<\/h3>\n<ul class=\"wp-block-list\">\n<li>Wirksame Linderung von Stress und Angstzust\u00e4nden.<\/li>\n<li>Schmerzlindernde Eigenschaften, die bei der Behandlung von Schmerzen hilfreich sind.<\/li>\n<\/ul>\n<h3 class=\"wp-block-heading\">Kann Linderung verschaffen<\/h3>\n<ul class=\"wp-block-list\">\n<li>Schlafst\u00f6rungen, f\u00f6rdert einen erholsamen Schlaf.<\/li>\n<li>Chronische Schmerzen, die Beschwerden verringern und die Lebensqualit\u00e4t verbessern.<\/li>\n<li>Depressionen, indem sie die Stimmung aufhellen und ein Gef\u00fchl des Wohlbefindens vermitteln.<\/li>\n<\/ul>\n<h2 class=\"wp-block-heading\">Warum sollten Sie Italian Cherryz Backpackboyz bei Beuhparadis kaufen?<\/h2>\n<p>Durch die Wahl <a href=\"https:\/\/beuhparadis.com\/de\/product\/doja-rs11\/\"><strong>beuhparadis<\/strong><\/a>Wenn Sie sich f\u00fcr einen hochwertigen Service entscheiden, der die Echtheit Ihres Italian Cherryz Backpackboyz garantiert. Wir verpflichten uns, nur getestete und zertifizierte Produkte zu liefern, um Ihre volle Zufriedenheit zu gew\u00e4hrleisten.<\/p>\n<h2 class=\"wp-block-heading\">Regierungsgesetze f\u00fcr den Verkauf von Cannabis in Europa<\/h2>\n<p>Die Vermarktung von Cannabis in Europa wird durch strenge Gesetze geregelt, um die Sicherheit der Verbraucher zu gew\u00e4hrleisten. <strong>Kaufenducannabis<\/strong> h\u00e4lt sich strikt an diese Vorschriften und bietet einen v\u00f6llig legalen und sicheren Online-Einkaufsservice. Bevor Sie eine Bestellung aufgeben, empfehlen wir Ihnen, die lokalen Gesetze zum Kauf und Konsum von Cannabis in Ihrem Land zu \u00fcberpr\u00fcfen.<\/p>\n<hr class=\"wp-block-separator has-alpha-channel-opacity\" \/>\n<p><strong>Kaufenducannabis<\/strong> l\u00e4dt Sie ein, die Exklusivit\u00e4t und Raffinesse des Italian Cherryz Backpackboyz zu entdecken, der ein Premium-Einkaufserlebnis von der Bestellung bis zur Lieferung verspricht und dabei die europ\u00e4ischen Rechtsnormen erf\u00fcllt.<\/p>","protected":false},"excerpt":{"rendered":"<p><strong>Medizinische Effekte<\/strong><\/p>\n<ul class=\"wp-block-list\">\n<li>Wirksame Linderung von Stress und Angstzust\u00e4nden.<\/li>\n<li>Schmerzlindernde Eigenschaften, die bei der Behandlung von Schmerzen hilfreich sind.<\/li>\n<\/ul>","protected":false},"featured_media":1985,"comment_status":"closed","ping_status":"closed","template":"","meta":{"site-sidebar-layout":"default","site-content-layout":"","ast-site-content-layout":"default","site-content-style":"default","site-sidebar-style":"default","ast-global-header-display":"","ast-banner-title-visibility":"","ast-main-header-display":"","ast-hfb-above-header-display":"","ast-hfb-below-header-display":"","ast-hfb-mobile-header-display":"","site-post-title":"","ast-breadcrumbs-content":"","ast-featured-img":"","footer-sml-layout":"","theme-transparent-header-meta":"default","adv-header-id-meta":"","stick-header-meta":"","header-above-stick-meta":"","header-main-stick-meta":"","header-below-stick-meta":"","astra-migrate-meta-layouts":"set","ast-page-background-enabled":"default","ast-page-background-meta":{"desktop":{"background-color":"","background-image":"","background-repeat":"repeat","background-position":"center center","background-size":"auto","background-attachment":"scroll","background-type":"","background-media":"","overlay-type":"","overlay-color":"","overlay-opacity":"","overlay-gradient":""},"tablet":{"background-color":"","background-image":"","background-repeat":"repeat","background-position":"center center","background-size":"auto","background-attachment":"scroll","background-type":"","background-media":"","overlay-type":"","overlay-color":"","overlay-opacity":"","overlay-gradient":""},"mobile":{"background-color":"","background-image":"","background-repeat":"repeat","background-position":"center center","background-size":"auto","background-attachment":"scroll","background-type":"","background-media":"","overlay-type":"","overlay-color":"","overlay-opacity":"","overlay-gradient":""}},"ast-content-background-meta":{"desktop":{"background-color":"var(--ast-global-color-5)","background-image":"","background-repeat":"repeat","background-position":"center center","background-size":"auto","background-attachment":"scroll","background-type":"","background-media":"","overlay-type":"","overlay-color":"","overlay-opacity":"","overlay-gradient":""},"tablet":{"background-color":"var(--ast-global-color-5)","background-image":"","background-repeat":"repeat","background-position":"center center","background-size":"auto","background-attachment":"scroll","background-type":"","background-media":"","overlay-type":"","overlay-color":"","overlay-opacity":"","overlay-gradient":""},"mobile":{"background-color":"var(--ast-global-color-5)","background-image":"","background-repeat":"repeat","background-position":"center center","background-size":"auto","background-attachment":"scroll","background-type":"","background-media":"","overlay-type":"","overlay-color":"","overlay-opacity":"","overlay-gradient":""}},"_joinchat":[]},"product_brand":[],"product_cat":[41],"product_tag":[],"class_list":{"0":"post-1971","1":"product","2":"type-product","3":"status-publish","4":"has-post-thumbnail","6":"product_cat-cali-weed","7":"desktop-align-left","8":"tablet-align-left","9":"mobile-align-left","11":"first","12":"instock","13":"shipping-taxable","14":"purchasable","15":"product-type-variable"},"yoast_head":"<!-- This site is optimized with the Yoast SEO Premium plugin v24.1 (Yoast SEO v26.8) - https:\/\/yoast.com\/product\/yoast-seo-premium-wordpress\/ -->\n<title>Acheter Italian Cherryz Backpackboyz| Vari\u00e9t\u00e9 Exclusif<\/title>\n<meta name=\"description\" content=\"Acheter Italian Cherryz de Backpackboyz, une vari\u00e9t\u00e9 de cannabis exclusif aux ar\u00f4mes fruit\u00e9s et aux effets puissants. Avec livraison discr\u00e8te et rapide\" \/>\n<meta name=\"robots\" content=\"index, follow, max-snippet:-1, max-image-preview:large, max-video-preview:-1\" \/>\n<link rel=\"canonical\" href=\"https:\/\/beuhparadis.com\/de\/product\/italian-cherryz-backpackboyz\/\" \/>\n<meta property=\"og:locale\" content=\"de_DE\" \/>\n<meta property=\"og:type\" content=\"article\" \/>\n<meta property=\"og:title\" content=\"Italian cherryz backpackboyz\" \/>\n<meta property=\"og:description\" content=\"Acheter Italian Cherryz de Backpackboyz, une vari\u00e9t\u00e9 de cannabis exclusif aux ar\u00f4mes fruit\u00e9s et aux effets puissants. Avec livraison discr\u00e8te et rapide\" \/>\n<meta property=\"og:url\" content=\"https:\/\/beuhparadis.com\/de\/product\/italian-cherryz-backpackboyz\/\" \/>\n<meta property=\"og:site_name\" content=\"Beuh Paradis\" \/>\n<meta property=\"article:modified_time\" content=\"2025-01-28T10:16:42+00:00\" \/>\n<meta property=\"og:image\" content=\"https:\/\/beuhparadis.com\/wp-content\/uploads\/2024\/12\/Italian-cherryz-backpackboyz-3.jpeg\" \/>\n\t<meta property=\"og:image:width\" content=\"828\" \/>\n\t<meta property=\"og:image:height\" content=\"814\" \/>\n\t<meta property=\"og:image:type\" content=\"image\/jpeg\" \/>\n<meta name=\"twitter:card\" content=\"summary_large_image\" \/>\n<meta name=\"twitter:label1\" content=\"Gesch\u00e4tzte Lesezeit\" \/>\n\t<meta name=\"twitter:data1\" content=\"3 minutes\" \/>\n<script type=\"application\/ld+json\" class=\"yoast-schema-graph\">{\"@context\":\"https:\/\/schema.org\",\"@graph\":[{\"@type\":\"WebPage\",\"@id\":\"https:\/\/beuhparadis.com\/product\/italian-cherryz-backpackboyz\/\",\"url\":\"https:\/\/beuhparadis.com\/product\/italian-cherryz-backpackboyz\/\",\"name\":\"Acheter Italian Cherryz Backpackboyz| Vari\u00e9t\u00e9 Exclusif\",\"isPartOf\":{\"@id\":\"https:\/\/beuhparadis.com\/#website\"},\"primaryImageOfPage\":{\"@id\":\"https:\/\/beuhparadis.com\/product\/italian-cherryz-backpackboyz\/#primaryimage\"},\"image\":{\"@id\":\"https:\/\/beuhparadis.com\/product\/italian-cherryz-backpackboyz\/#primaryimage\"},\"thumbnailUrl\":\"https:\/\/beuhparadis.com\/wp-content\/uploads\/2024\/12\/Italian-cherryz-backpackboyz-3.jpeg\",\"datePublished\":\"2024-12-10T23:49:15+00:00\",\"dateModified\":\"2025-01-28T10:16:42+00:00\",\"description\":\"Acheter Italian Cherryz de Backpackboyz, une vari\u00e9t\u00e9 de cannabis exclusif aux ar\u00f4mes fruit\u00e9s et aux effets puissants. Avec livraison discr\u00e8te et rapide\",\"breadcrumb\":{\"@id\":\"https:\/\/beuhparadis.com\/product\/italian-cherryz-backpackboyz\/#breadcrumb\"},\"inLanguage\":\"de-DE-formal\",\"potentialAction\":[{\"@type\":\"ReadAction\",\"target\":[\"https:\/\/beuhparadis.com\/product\/italian-cherryz-backpackboyz\/\"]}]},{\"@type\":\"ImageObject\",\"inLanguage\":\"de-DE-formal\",\"@id\":\"https:\/\/beuhparadis.com\/product\/italian-cherryz-backpackboyz\/#primaryimage\",\"url\":\"https:\/\/beuhparadis.com\/wp-content\/uploads\/2024\/12\/Italian-cherryz-backpackboyz-3.jpeg\",\"contentUrl\":\"https:\/\/beuhparadis.com\/wp-content\/uploads\/2024\/12\/Italian-cherryz-backpackboyz-3.jpeg\",\"width\":828,\"height\":814},{\"@type\":\"BreadcrumbList\",\"@id\":\"https:\/\/beuhparadis.com\/product\/italian-cherryz-backpackboyz\/#breadcrumb\",\"itemListElement\":[{\"@type\":\"ListItem\",\"position\":1,\"name\":\"Home\",\"item\":\"https:\/\/beuhparadis.com\/\"},{\"@type\":\"ListItem\",\"position\":2,\"name\":\"Shop\",\"item\":\"https:\/\/beuhparadis.com\/shop\/\"},{\"@type\":\"ListItem\",\"position\":3,\"name\":\"Italian cherryz backpackboyz\"}]},{\"@type\":\"WebSite\",\"@id\":\"https:\/\/beuhparadis.com\/#website\",\"url\":\"https:\/\/beuhparadis.com\/\",\"name\":\"Beuh Paradis\",\"description\":\"\",\"potentialAction\":[{\"@type\":\"SearchAction\",\"target\":{\"@type\":\"EntryPoint\",\"urlTemplate\":\"https:\/\/beuhparadis.com\/?s={search_term_string}\"},\"query-input\":{\"@type\":\"PropertyValueSpecification\",\"valueRequired\":true,\"valueName\":\"search_term_string\"}}],\"inLanguage\":\"de-DE-formal\"}]}<\/script>\n<!-- \/ Yoast SEO Premium plugin. -->","yoast_head_json":{"title":"Italian Cherryz Backpackboyz kaufen| Exklusive Vielfalt","description":"Kaufen Sie Italian Cherryz von Backpackboyz, eine exklusive Cannabissorte mit fruchtigen Aromen und starker Wirkung. Mit diskreter und schneller Lieferung","robots":{"index":"index","follow":"follow","max-snippet":"max-snippet:-1","max-image-preview":"max-image-preview:large","max-video-preview":"max-video-preview:-1"},"canonical":"https:\/\/beuhparadis.com\/de\/product\/italian-cherryz-backpackboyz\/","og_locale":"de_DE","og_type":"article","og_title":"Italian cherryz backpackboyz","og_description":"Acheter Italian Cherryz de Backpackboyz, une vari\u00e9t\u00e9 de cannabis exclusif aux ar\u00f4mes fruit\u00e9s et aux effets puissants. Avec livraison discr\u00e8te et rapide","og_url":"https:\/\/beuhparadis.com\/de\/product\/italian-cherryz-backpackboyz\/","og_site_name":"Beuh Paradis","article_modified_time":"2025-01-28T10:16:42+00:00","og_image":[{"width":828,"height":814,"url":"https:\/\/beuhparadis.com\/wp-content\/uploads\/2024\/12\/Italian-cherryz-backpackboyz-3.jpeg","type":"image\/jpeg"}],"twitter_card":"summary_large_image","twitter_misc":{"Gesch\u00e4tzte Lesezeit":"3 minutes"},"schema":{"@context":"https:\/\/schema.org","@graph":[{"@type":"WebPage","@id":"https:\/\/beuhparadis.com\/product\/italian-cherryz-backpackboyz\/","url":"https:\/\/beuhparadis.com\/product\/italian-cherryz-backpackboyz\/","name":"Italian Cherryz Backpackboyz kaufen| Exklusive Vielfalt","isPartOf":{"@id":"https:\/\/beuhparadis.com\/#website"},"primaryImageOfPage":{"@id":"https:\/\/beuhparadis.com\/product\/italian-cherryz-backpackboyz\/#primaryimage"},"image":{"@id":"https:\/\/beuhparadis.com\/product\/italian-cherryz-backpackboyz\/#primaryimage"},"thumbnailUrl":"https:\/\/beuhparadis.com\/wp-content\/uploads\/2024\/12\/Italian-cherryz-backpackboyz-3.jpeg","datePublished":"2024-12-10T23:49:15+00:00","dateModified":"2025-01-28T10:16:42+00:00","description":"Kaufen Sie Italian Cherryz von Backpackboyz, eine exklusive Cannabissorte mit fruchtigen Aromen und starker Wirkung. Mit diskreter und schneller Lieferung","breadcrumb":{"@id":"https:\/\/beuhparadis.com\/product\/italian-cherryz-backpackboyz\/#breadcrumb"},"inLanguage":"de-DE-formal","potentialAction":[{"@type":"ReadAction","target":["https:\/\/beuhparadis.com\/product\/italian-cherryz-backpackboyz\/"]}]},{"@type":"ImageObject","inLanguage":"de-DE-formal","@id":"https:\/\/beuhparadis.com\/product\/italian-cherryz-backpackboyz\/#primaryimage","url":"https:\/\/beuhparadis.com\/wp-content\/uploads\/2024\/12\/Italian-cherryz-backpackboyz-3.jpeg","contentUrl":"https:\/\/beuhparadis.com\/wp-content\/uploads\/2024\/12\/Italian-cherryz-backpackboyz-3.jpeg","width":828,"height":814},{"@type":"BreadcrumbList","@id":"https:\/\/beuhparadis.com\/product\/italian-cherryz-backpackboyz\/#breadcrumb","itemListElement":[{"@type":"ListItem","position":1,"name":"Home","item":"https:\/\/beuhparadis.com\/"},{"@type":"ListItem","position":2,"name":"Shop","item":"https:\/\/beuhparadis.com\/shop\/"},{"@type":"ListItem","position":3,"name":"Italian cherryz backpackboyz"}]},{"@type":"WebSite","@id":"https:\/\/beuhparadis.com\/#website","url":"https:\/\/beuhparadis.com\/","name":"Gras Paradies","description":"","potentialAction":[{"@type":"SearchAction","target":{"@type":"EntryPoint","urlTemplate":"https:\/\/beuhparadis.com\/?s={search_term_string}"},"query-input":{"@type":"PropertyValueSpecification","valueRequired":true,"valueName":"search_term_string"}}],"inLanguage":"de-DE-formal"}]}},"_links":{"self":[{"href":"https:\/\/beuhparadis.com\/de\/wp-json\/wp\/v2\/product\/1971","targetHints":{"allow":["GET"]}}],"collection":[{"href":"https:\/\/beuhparadis.com\/de\/wp-json\/wp\/v2\/product"}],"about":[{"href":"https:\/\/beuhparadis.com\/de\/wp-json\/wp\/v2\/types\/product"}],"replies":[{"embeddable":true,"href":"https:\/\/beuhparadis.com\/de\/wp-json\/wp\/v2\/comments?post=1971"}],"wp:featuredmedia":[{"embeddable":true,"href":"https:\/\/beuhparadis.com\/de\/wp-json\/wp\/v2\/media\/1985"}],"wp:attachment":[{"href":"https:\/\/beuhparadis.com\/de\/wp-json\/wp\/v2\/media?parent=1971"}],"wp:term":[{"taxonomy":"product_brand","embeddable":true,"href":"https:\/\/beuhparadis.com\/de\/wp-json\/wp\/v2\/product_brand?post=1971"},{"taxonomy":"product_cat","embeddable":true,"href":"https:\/\/beuhparadis.com\/de\/wp-json\/wp\/v2\/product_cat?post=1971"},{"taxonomy":"product_tag","embeddable":true,"href":"https:\/\/beuhparadis.com\/de\/wp-json\/wp\/v2\/product_tag?post=1971"}],"curies":[{"name":"wp","href":"https:\/\/api.w.org\/{rel}","templated":true}]}}