{"id":1754,"date":"2024-12-10T23:45:10","date_gmt":"2024-12-10T23:45:10","guid":{"rendered":"https:\/\/beuhparadis.com\/?post_type=product&#038;p=1754"},"modified":"2025-01-28T10:18:36","modified_gmt":"2025-01-28T10:18:36","slug":"the-ten-co-blue-zushi","status":"publish","type":"product","link":"https:\/\/beuhparadis.com\/de\/product\/the-ten-co-blue-zushi\/","title":{"rendered":"The Ten.Co | Blue Zushi"},"content":{"rendered":"<h1 class=\"wp-block-heading\">Blue Zushi Tenco kaufen<\/h1>\n<h4 class=\"wp-block-heading\">Informationen \u00fcber den Stamm Blue Zushi Tenco<\/h4>\n<p>Kaufen Blue Zushi Tenco, eine Indica-dominante Cannabis-Hybridsorte, wird von The Ten Co. sorgf\u00e4ltig gez\u00fcchtet. Diese Blue-Zuschi-Strain, die aus der Kreuzung von Zkittlez und Kush Mints #11 entstanden ist, ist bekannt f\u00fcr ihren unvergesslichen Geschmack und ihre au\u00dfergew\u00f6hnliche Wirkung, f\u00fcr die sie bei prestigetr\u00e4chtigen Veranstaltungen mehrfach ausgezeichnet wurde.<\/p>\n<ul class=\"wp-block-list\">\n<li><strong>Genetik<\/strong>: Blue Zushi Weed ist eine Kreuzung aus Zkittlez und Kush Mints #11.<\/li>\n<li><strong>Kultur<\/strong>: Der blue zushi cali wird von The Ten Co. hergestellt, wodurch eine hohe Qualit\u00e4t und au\u00dfergew\u00f6hnliche Best\u00e4ndigkeit gew\u00e4hrleistet wird.<\/li>\n<li><strong>Terpen-Profil<\/strong>: Obwohl nicht spezifiziert, ist Tenco Blue Zushi f\u00fcr seine s\u00fc\u00dfen und kr\u00e4ftigen Aromen bekannt.<\/li>\n<\/ul>\n<h2 class=\"wp-block-heading\">THC und CBD<\/h2>\n<ul class=\"wp-block-list\">\n<li><strong>THC<\/strong>: Blue Zushi Strain weist einen hohen THC-Gehalt auf, der f\u00fcr eine starke Erfahrung sorgt.<\/li>\n<li><strong>CBD<\/strong>: Niedrig, betont die psychoaktiven Eigenschaften von blue zushi weed.<\/li>\n<\/ul>\n<h2 class=\"wp-block-heading\">Wo kann ich Blue Zushi Tenco online kaufen?<\/h2>\n<p>Der blue zushi tenco ist erh\u00e4ltlich auf <a href=\"https:\/\/beuhparadis.com\/de\/product\/bubble-hash\/\" data-type=\"link\" data-id=\"https:\/\/acheterducannabis.fr\/\">beuhparadis.com<\/a>Diese Plattform bietet eine sichere Plattform f\u00fcr den Erwerb dieses renommierten Stamms.<\/p>\n<h2 class=\"wp-block-heading\">Wirkung, Aroma und Geschmack von Blue Zushi Tenco<\/h2>\n<h3 class=\"wp-block-heading\">Wirkung<\/h3>\n<ul class=\"wp-block-list\">\n<li>Blue Zushi Cali sorgt f\u00fcr eine tiefe Entspannung, die von einer freudigen Euphorie begleitet wird und sich perfekt f\u00fcr den Stressabbau eignet.<\/li>\n<\/ul>\n<h3 class=\"wp-block-heading\">Aroma<\/h3>\n<ul class=\"wp-block-list\">\n<li>Der blue zushi the ten bietet eine Dominanz von s\u00fc\u00dfen Terpenen mit einem Hauch von Orange und Gas.<\/li>\n<\/ul>\n<h3 class=\"wp-block-heading\">Geschmack<\/h3>\n<ul class=\"wp-block-list\">\n<li>Der Tenco blue zushi zeichnet sich durch seinen bonbonartigen Geschmack aus und bietet ein reichhaltiges und leckeres Geschmackserlebnis.<\/li>\n<\/ul>\n<h2 class=\"wp-block-heading\">Medizinische Wirkungen von the ten co blue zushi<\/h2>\n<ul class=\"wp-block-list\">\n<li><strong>Medizinische Effekte<\/strong>:\n<ul class=\"wp-block-list\">\n<li>Der the ten co blue zushi kann dazu beitragen, Angstzust\u00e4nde und Stress abzubauen.<\/li>\n<\/ul>\n<\/li>\n<li><strong>Kann Linderung verschaffen<\/strong>:\n<ul class=\"wp-block-list\">\n<li>Der blue zushi strain ist wirksam gegen Schmerzen und Stimmungsschwankungen und bietet Entspannung und Euphorie.<\/li>\n<\/ul>\n<\/li>\n<\/ul>\n<h2 class=\"wp-block-heading\">Warum Blue Zushi Tenco von Acheterducannabis kaufen?<\/h2>\n<p>Die Wahl von Acheterducannabis f\u00fcr die blue zushi tenco garantiert einen hochwertigen Stamm, der f\u00fcr sein au\u00dfergew\u00f6hnliches Konsumerlebnis bekannt ist.<\/p>\n<h2 class=\"wp-block-heading\">Regierungsgesetz f\u00fcr den Verkauf von Blue Zushi Tenco in Europa<\/h2>\n<p>Der Verkauf von blue zushi weed, einschlie\u00dflich blue zushi tenco, ist in Europa reguliert. Acheterducannabis verpflichtet sich, alle Vorschriften f\u00fcr einen legalen und verantwortungsvollen Verkauf einzuhalten.<\/p>\n<p>Die blue zushi strain von The Ten Co ist eine Feier einzigartiger Geschm\u00e4cker und ausgewogener Effekte, was diese Sorte f\u00fcr Cannabisliebhaber unentbehrlich macht. Mit ihrer perfekten Kombination aus Neuheit und Vertrautheit ist die blue zushi the ten exklusiv auf Acheterducannabis erh\u00e4ltlich und verspricht ein unvergessliches Erlebnis, das alle Sinne befriedigt.<\/p>","protected":false},"excerpt":{"rendered":"<p><strong>Medizinische Effekte<\/strong>:<\/p>\n<p>Der the ten co blue zushi kann dazu beitragen, Angstzust\u00e4nde und Stress abzubauen.<\/p>","protected":false},"featured_media":1767,"comment_status":"closed","ping_status":"closed","template":"","meta":{"site-sidebar-layout":"default","site-content-layout":"","ast-site-content-layout":"default","site-content-style":"default","site-sidebar-style":"default","ast-global-header-display":"","ast-banner-title-visibility":"","ast-main-header-display":"","ast-hfb-above-header-display":"","ast-hfb-below-header-display":"","ast-hfb-mobile-header-display":"","site-post-title":"","ast-breadcrumbs-content":"","ast-featured-img":"","footer-sml-layout":"","theme-transparent-header-meta":"default","adv-header-id-meta":"","stick-header-meta":"","header-above-stick-meta":"","header-main-stick-meta":"","header-below-stick-meta":"","astra-migrate-meta-layouts":"set","ast-page-background-enabled":"default","ast-page-background-meta":{"desktop":{"background-color":"","background-image":"","background-repeat":"repeat","background-position":"center center","background-size":"auto","background-attachment":"scroll","background-type":"","background-media":"","overlay-type":"","overlay-color":"","overlay-opacity":"","overlay-gradient":""},"tablet":{"background-color":"","background-image":"","background-repeat":"repeat","background-position":"center center","background-size":"auto","background-attachment":"scroll","background-type":"","background-media":"","overlay-type":"","overlay-color":"","overlay-opacity":"","overlay-gradient":""},"mobile":{"background-color":"","background-image":"","background-repeat":"repeat","background-position":"center center","background-size":"auto","background-attachment":"scroll","background-type":"","background-media":"","overlay-type":"","overlay-color":"","overlay-opacity":"","overlay-gradient":""}},"ast-content-background-meta":{"desktop":{"background-color":"var(--ast-global-color-5)","background-image":"","background-repeat":"repeat","background-position":"center center","background-size":"auto","background-attachment":"scroll","background-type":"","background-media":"","overlay-type":"","overlay-color":"","overlay-opacity":"","overlay-gradient":""},"tablet":{"background-color":"var(--ast-global-color-5)","background-image":"","background-repeat":"repeat","background-position":"center center","background-size":"auto","background-attachment":"scroll","background-type":"","background-media":"","overlay-type":"","overlay-color":"","overlay-opacity":"","overlay-gradient":""},"mobile":{"background-color":"var(--ast-global-color-5)","background-image":"","background-repeat":"repeat","background-position":"center center","background-size":"auto","background-attachment":"scroll","background-type":"","background-media":"","overlay-type":"","overlay-color":"","overlay-opacity":"","overlay-gradient":""}},"_joinchat":[]},"product_brand":[],"product_cat":[41,42],"product_tag":[],"class_list":{"0":"post-1754","1":"product","2":"type-product","3":"status-publish","4":"has-post-thumbnail","6":"product_cat-cali-weed","7":"product_cat-the-ten-co-weed","8":"desktop-align-left","9":"tablet-align-left","10":"mobile-align-left","12":"first","13":"instock","14":"shipping-taxable","15":"product-type-variable"},"yoast_head":"<!-- This site is optimized with the Yoast SEO Premium plugin v24.1 (Yoast SEO v26.8) - https:\/\/yoast.com\/product\/yoast-seo-premium-wordpress\/ -->\n<title>Acheter Blue Zushi Tenco en Ligne | Vari\u00e9t\u00e9 de Cannabis Premium<\/title>\n<meta name=\"description\" content=\"Blue Zushi de Tenco, une vari\u00e9t\u00e9 de cannabis premium aux ar\u00f4mes uniques et aux effets puissants. Livraison discr\u00e8te et rapide. Parfait pour les amateurs de cannabis raffin\u00e9.\" \/>\n<meta name=\"robots\" content=\"index, follow, max-snippet:-1, max-image-preview:large, max-video-preview:-1\" \/>\n<link rel=\"canonical\" href=\"https:\/\/beuhparadis.com\/de\/product\/the-ten-co-blue-zushi\/\" \/>\n<meta property=\"og:locale\" content=\"de_DE\" \/>\n<meta property=\"og:type\" content=\"article\" \/>\n<meta property=\"og:title\" content=\"The Ten.Co | Blue Zushi\" \/>\n<meta property=\"og:description\" content=\"Blue Zushi de Tenco, une vari\u00e9t\u00e9 de cannabis premium aux ar\u00f4mes uniques et aux effets puissants. Livraison discr\u00e8te et rapide. Parfait pour les amateurs de cannabis raffin\u00e9.\" \/>\n<meta property=\"og:url\" content=\"https:\/\/beuhparadis.com\/de\/product\/the-ten-co-blue-zushi\/\" \/>\n<meta property=\"og:site_name\" content=\"Beuh Paradis\" \/>\n<meta property=\"article:modified_time\" content=\"2025-01-28T10:18:36+00:00\" \/>\n<meta property=\"og:image\" content=\"https:\/\/beuhparadis.com\/wp-content\/uploads\/2024\/12\/The-Ten.Co-Blue-Zushi-2.webp\" \/>\n\t<meta property=\"og:image:width\" content=\"2560\" \/>\n\t<meta property=\"og:image:height\" content=\"2560\" \/>\n\t<meta property=\"og:image:type\" content=\"image\/webp\" \/>\n<meta name=\"twitter:card\" content=\"summary_large_image\" \/>\n<meta name=\"twitter:label1\" content=\"Gesch\u00e4tzte Lesezeit\" \/>\n\t<meta name=\"twitter:data1\" content=\"2 minutes\" \/>\n<script type=\"application\/ld+json\" class=\"yoast-schema-graph\">{\"@context\":\"https:\/\/schema.org\",\"@graph\":[{\"@type\":\"WebPage\",\"@id\":\"https:\/\/beuhparadis.com\/product\/the-ten-co-blue-zushi\/\",\"url\":\"https:\/\/beuhparadis.com\/product\/the-ten-co-blue-zushi\/\",\"name\":\"Acheter Blue Zushi Tenco en Ligne | Vari\u00e9t\u00e9 de Cannabis Premium\",\"isPartOf\":{\"@id\":\"https:\/\/beuhparadis.com\/#website\"},\"primaryImageOfPage\":{\"@id\":\"https:\/\/beuhparadis.com\/product\/the-ten-co-blue-zushi\/#primaryimage\"},\"image\":{\"@id\":\"https:\/\/beuhparadis.com\/product\/the-ten-co-blue-zushi\/#primaryimage\"},\"thumbnailUrl\":\"https:\/\/beuhparadis.com\/wp-content\/uploads\/2024\/12\/The-Ten.Co-Blue-Zushi-2.webp\",\"datePublished\":\"2024-12-10T23:45:10+00:00\",\"dateModified\":\"2025-01-28T10:18:36+00:00\",\"description\":\"Blue Zushi de Tenco, une vari\u00e9t\u00e9 de cannabis premium aux ar\u00f4mes uniques et aux effets puissants. Livraison discr\u00e8te et rapide. Parfait pour les amateurs de cannabis raffin\u00e9.\",\"breadcrumb\":{\"@id\":\"https:\/\/beuhparadis.com\/product\/the-ten-co-blue-zushi\/#breadcrumb\"},\"inLanguage\":\"de-DE-formal\",\"potentialAction\":[{\"@type\":\"ReadAction\",\"target\":[\"https:\/\/beuhparadis.com\/product\/the-ten-co-blue-zushi\/\"]}]},{\"@type\":\"ImageObject\",\"inLanguage\":\"de-DE-formal\",\"@id\":\"https:\/\/beuhparadis.com\/product\/the-ten-co-blue-zushi\/#primaryimage\",\"url\":\"https:\/\/beuhparadis.com\/wp-content\/uploads\/2024\/12\/The-Ten.Co-Blue-Zushi-2.webp\",\"contentUrl\":\"https:\/\/beuhparadis.com\/wp-content\/uploads\/2024\/12\/The-Ten.Co-Blue-Zushi-2.webp\",\"width\":2560,\"height\":2560},{\"@type\":\"BreadcrumbList\",\"@id\":\"https:\/\/beuhparadis.com\/product\/the-ten-co-blue-zushi\/#breadcrumb\",\"itemListElement\":[{\"@type\":\"ListItem\",\"position\":1,\"name\":\"Home\",\"item\":\"https:\/\/beuhparadis.com\/\"},{\"@type\":\"ListItem\",\"position\":2,\"name\":\"Shop\",\"item\":\"https:\/\/beuhparadis.com\/shop\/\"},{\"@type\":\"ListItem\",\"position\":3,\"name\":\"The Ten.Co | Blue Zushi\"}]},{\"@type\":\"WebSite\",\"@id\":\"https:\/\/beuhparadis.com\/#website\",\"url\":\"https:\/\/beuhparadis.com\/\",\"name\":\"Beuh Paradis\",\"description\":\"\",\"potentialAction\":[{\"@type\":\"SearchAction\",\"target\":{\"@type\":\"EntryPoint\",\"urlTemplate\":\"https:\/\/beuhparadis.com\/?s={search_term_string}\"},\"query-input\":{\"@type\":\"PropertyValueSpecification\",\"valueRequired\":true,\"valueName\":\"search_term_string\"}}],\"inLanguage\":\"de-DE-formal\"}]}<\/script>\n<!-- \/ Yoast SEO Premium plugin. -->","yoast_head_json":{"title":"Blue Zushi Tenco online kaufen | Premium Cannabis Sorte","description":"Blue Zushi von Tenco, eine Premium-Cannabissorte mit einzigartigen Aromen und starker Wirkung. Diskrete und schnelle Lieferung. Perfekt f\u00fcr Liebhaber von raffiniertem Cannabis.","robots":{"index":"index","follow":"follow","max-snippet":"max-snippet:-1","max-image-preview":"max-image-preview:large","max-video-preview":"max-video-preview:-1"},"canonical":"https:\/\/beuhparadis.com\/de\/product\/the-ten-co-blue-zushi\/","og_locale":"de_DE","og_type":"article","og_title":"The Ten.Co | Blue Zushi","og_description":"Blue Zushi de Tenco, une vari\u00e9t\u00e9 de cannabis premium aux ar\u00f4mes uniques et aux effets puissants. Livraison discr\u00e8te et rapide. Parfait pour les amateurs de cannabis raffin\u00e9.","og_url":"https:\/\/beuhparadis.com\/de\/product\/the-ten-co-blue-zushi\/","og_site_name":"Beuh Paradis","article_modified_time":"2025-01-28T10:18:36+00:00","og_image":[{"width":2560,"height":2560,"url":"https:\/\/beuhparadis.com\/wp-content\/uploads\/2024\/12\/The-Ten.Co-Blue-Zushi-2.webp","type":"image\/webp"}],"twitter_card":"summary_large_image","twitter_misc":{"Gesch\u00e4tzte Lesezeit":"2 minutes"},"schema":{"@context":"https:\/\/schema.org","@graph":[{"@type":"WebPage","@id":"https:\/\/beuhparadis.com\/product\/the-ten-co-blue-zushi\/","url":"https:\/\/beuhparadis.com\/product\/the-ten-co-blue-zushi\/","name":"Blue Zushi Tenco online kaufen | Premium Cannabis Sorte","isPartOf":{"@id":"https:\/\/beuhparadis.com\/#website"},"primaryImageOfPage":{"@id":"https:\/\/beuhparadis.com\/product\/the-ten-co-blue-zushi\/#primaryimage"},"image":{"@id":"https:\/\/beuhparadis.com\/product\/the-ten-co-blue-zushi\/#primaryimage"},"thumbnailUrl":"https:\/\/beuhparadis.com\/wp-content\/uploads\/2024\/12\/The-Ten.Co-Blue-Zushi-2.webp","datePublished":"2024-12-10T23:45:10+00:00","dateModified":"2025-01-28T10:18:36+00:00","description":"Blue Zushi von Tenco, eine Premium-Cannabissorte mit einzigartigen Aromen und starker Wirkung. Diskrete und schnelle Lieferung. Perfekt f\u00fcr Liebhaber von raffiniertem Cannabis.","breadcrumb":{"@id":"https:\/\/beuhparadis.com\/product\/the-ten-co-blue-zushi\/#breadcrumb"},"inLanguage":"de-DE-formal","potentialAction":[{"@type":"ReadAction","target":["https:\/\/beuhparadis.com\/product\/the-ten-co-blue-zushi\/"]}]},{"@type":"ImageObject","inLanguage":"de-DE-formal","@id":"https:\/\/beuhparadis.com\/product\/the-ten-co-blue-zushi\/#primaryimage","url":"https:\/\/beuhparadis.com\/wp-content\/uploads\/2024\/12\/The-Ten.Co-Blue-Zushi-2.webp","contentUrl":"https:\/\/beuhparadis.com\/wp-content\/uploads\/2024\/12\/The-Ten.Co-Blue-Zushi-2.webp","width":2560,"height":2560},{"@type":"BreadcrumbList","@id":"https:\/\/beuhparadis.com\/product\/the-ten-co-blue-zushi\/#breadcrumb","itemListElement":[{"@type":"ListItem","position":1,"name":"Home","item":"https:\/\/beuhparadis.com\/"},{"@type":"ListItem","position":2,"name":"Shop","item":"https:\/\/beuhparadis.com\/shop\/"},{"@type":"ListItem","position":3,"name":"The Ten.Co | Blue Zushi"}]},{"@type":"WebSite","@id":"https:\/\/beuhparadis.com\/#website","url":"https:\/\/beuhparadis.com\/","name":"Gras Paradies","description":"","potentialAction":[{"@type":"SearchAction","target":{"@type":"EntryPoint","urlTemplate":"https:\/\/beuhparadis.com\/?s={search_term_string}"},"query-input":{"@type":"PropertyValueSpecification","valueRequired":true,"valueName":"search_term_string"}}],"inLanguage":"de-DE-formal"}]}},"_links":{"self":[{"href":"https:\/\/beuhparadis.com\/de\/wp-json\/wp\/v2\/product\/1754","targetHints":{"allow":["GET"]}}],"collection":[{"href":"https:\/\/beuhparadis.com\/de\/wp-json\/wp\/v2\/product"}],"about":[{"href":"https:\/\/beuhparadis.com\/de\/wp-json\/wp\/v2\/types\/product"}],"replies":[{"embeddable":true,"href":"https:\/\/beuhparadis.com\/de\/wp-json\/wp\/v2\/comments?post=1754"}],"wp:featuredmedia":[{"embeddable":true,"href":"https:\/\/beuhparadis.com\/de\/wp-json\/wp\/v2\/media\/1767"}],"wp:attachment":[{"href":"https:\/\/beuhparadis.com\/de\/wp-json\/wp\/v2\/media?parent=1754"}],"wp:term":[{"taxonomy":"product_brand","embeddable":true,"href":"https:\/\/beuhparadis.com\/de\/wp-json\/wp\/v2\/product_brand?post=1754"},{"taxonomy":"product_cat","embeddable":true,"href":"https:\/\/beuhparadis.com\/de\/wp-json\/wp\/v2\/product_cat?post=1754"},{"taxonomy":"product_tag","embeddable":true,"href":"https:\/\/beuhparadis.com\/de\/wp-json\/wp\/v2\/product_tag?post=1754"}],"curies":[{"name":"wp","href":"https:\/\/api.w.org\/{rel}","templated":true}]}}