{"id":1739,"date":"2024-12-10T23:44:47","date_gmt":"2024-12-10T23:44:47","guid":{"rendered":"https:\/\/beuhparadis.com\/?post_type=product&#038;p=1739"},"modified":"2025-01-28T10:36:45","modified_gmt":"2025-01-28T10:36:45","slug":"the-ten-co-skillati-3-0","status":"publish","type":"product","link":"https:\/\/beuhparadis.com\/de\/product\/the-ten-co-skillati-3-0\/","title":{"rendered":"The Ten.Co | Skillati 3.0"},"content":{"rendered":"<h1 class=\"wp-block-heading\">Skillati 3.0 Tenco kaufen<\/h1>\n<h4 class=\"wp-block-heading\">Informationen \u00fcber den Stamm Skillati 3.0 Tenco<\/h4>\n<p>Kaufen Skillati 3.0 Tenco ist eine exotische Cannabissorte, die das Ergebnis der Expertise von The Ten Co. ist. Diese Sorte ist das Ergebnis einer erfolgreichen Kreuzung zwischen Zkittlez und Gelatti und bietet ein Erlebnis, das reich an Geschmack und Wirkung ist.<\/p>\n<ul class=\"wp-block-list\">\n<li><strong>Genetik<\/strong>: Kreuzung zwischen Zkittlez und Gelatti.<\/li>\n<li><strong>Kultur<\/strong>: Sorgf\u00e4ltig von The Ten Co. gez\u00fcchtet, wodurch eine au\u00dfergew\u00f6hnliche Qualit\u00e4t und Potenz gew\u00e4hrleistet wird.<\/li>\n<li><strong>Terpen-Profil<\/strong>: Nicht spezifiziert, aber die dominante Pr\u00e4senz von s\u00fc\u00dfen Terpenen ist offensichtlich.<\/li>\n<\/ul>\n<h2 class=\"wp-block-heading\">THC und CBD<\/h2>\n<ul class=\"wp-block-list\">\n<li><strong>THC<\/strong>: Hohe Konzentration, verspricht eine euphorische und entspannende Erfahrung.<\/li>\n<li><strong>CBD<\/strong>CBD: Niedriger CBD-Gehalt, betont die psychoaktive Wirkung<\/li>\n<\/ul>\n<h2 class=\"wp-block-heading\">Wo kann ich Skillati 3.0 Tenco online kaufen?<\/h2>\n<p>Skillati 3.0 strain steht zum Kauf bereit auf <a href=\"https:\/\/beuhparadis.com\/de\/product\/charas-hash\/\" data-type=\"link\" data-id=\"https:\/\/acheterducannabis.fr\/\">Beuhparadies<\/a>Der Zugang zu diesem Premium-Stamm ist f\u00fcr Verbraucher online leicht zug\u00e4nglich.<\/p>\n<h2 class=\"wp-block-heading\">Wirkung, Aroma und Geschmack von Skillati 3.0 Tenco<\/h2>\n<h3 class=\"wp-block-heading\">Wirkung<\/h3>\n<ul class=\"wp-block-list\">\n<li>Ein entspannender Beginn, gefolgt von einer schnellen geistigen Erhebung, ist typisch f\u00fcr ein hochwertiges High.<\/li>\n<\/ul>\n<h3 class=\"wp-block-heading\">Aroma<\/h3>\n<ul class=\"wp-block-list\">\n<li>Ein \u00fcberwiegend s\u00fc\u00dfes Bouquet mit einem Hauch von Funk, das an den Geschmack von Zuckerwatte erinnert.<\/li>\n<\/ul>\n<h3 class=\"wp-block-heading\">Geschmack<\/h3>\n<ul class=\"wp-block-list\">\n<li>Dominierende Bonbon-Geschmacksrichtungen mit einem leichten Einstieg von Zuckerwatte, die ein vollst\u00e4ndiges Geschmackserlebnis bieten.<\/li>\n<\/ul>\n<h3 class=\"wp-block-heading\">Medizinische Wirkungen von Skillati 3.0 Tenco<\/h3>\n<ul class=\"wp-block-list\">\n<li><strong>Medizinische Effekte<\/strong>:\n<ul class=\"wp-block-list\">\n<li>Potenzial, Stress abzubauen und die Entspannung zu f\u00f6rdern.<\/li>\n<\/ul>\n<\/li>\n<li><strong>Kann Linderung verschaffen<\/strong>:\n<ul class=\"wp-block-list\">\n<li>Stress, Angstzust\u00e4nde und leichte Schmerzen dank der entspannenden Wirkung und des mentalen Uplifts.<\/li>\n<\/ul>\n<\/li>\n<\/ul>\n<h3 class=\"wp-block-heading\">Warum Skillati 3.0 strain von Acheterducannabis kaufen?<\/h3>\n<p>Sich f\u00fcr Skillati 3.0 Tenco bei Acheterducannabis zu entscheiden bedeutet, sich f\u00fcr einen qualitativ hochwertigen Stamm zu entscheiden, der von The Ten Co. garantiert wird, sowie eine zuverl\u00e4ssige und sichere Lieferung direkt an Ihre Haust\u00fcr.<\/p>\n<h3 class=\"wp-block-heading\">Regierungsgesetz f\u00fcr den Verkauf von Tenco Skillati 3.0 in Europa<\/h3>\n<p>Acheterducannabis h\u00e4lt sich strikt an die geltenden europ\u00e4ischen Gesetze zum Verkauf von Cannabis und gew\u00e4hrleistet so eine legale und sichere Transaktion f\u00fcr den Kauf von Skillati 3.0 strain.<\/p>\n<p>Skillati 3.0 Tenco von The Ten Co ist eine Sorte, die sich durch ihre intensiven s\u00fc\u00dfen Aromen und ihre ausgewogene Wirkung auszeichnet, die sowohl Entspannung als auch Euphorie bietet. Mit ihrer erstklassigen Genetik und ihrem einzigartigen Terpenprofil ist Skillati 3.0 strain eine unverzichtbare Sorte f\u00fcr alle, die komplexe Aromen und befriedigende Highs lieben. Diese Sorte ist exklusiv auf Acheterducannabis erh\u00e4ltlich und ist eine erstklassige Erg\u00e4nzung f\u00fcr jede Sammlung von hochwertigem Cannabis.<\/p>","protected":false},"excerpt":{"rendered":"<p><strong>Medizinische Effekte<\/strong>:<\/p>\n<p>Potenzial, Stress abzubauen und die Entspannung zu f\u00f6rdern.<\/p>","protected":false},"featured_media":1766,"comment_status":"closed","ping_status":"closed","template":"","meta":{"site-sidebar-layout":"default","site-content-layout":"","ast-site-content-layout":"default","site-content-style":"default","site-sidebar-style":"default","ast-global-header-display":"","ast-banner-title-visibility":"","ast-main-header-display":"","ast-hfb-above-header-display":"","ast-hfb-below-header-display":"","ast-hfb-mobile-header-display":"","site-post-title":"","ast-breadcrumbs-content":"","ast-featured-img":"","footer-sml-layout":"","theme-transparent-header-meta":"default","adv-header-id-meta":"","stick-header-meta":"","header-above-stick-meta":"","header-main-stick-meta":"","header-below-stick-meta":"","astra-migrate-meta-layouts":"set","ast-page-background-enabled":"default","ast-page-background-meta":{"desktop":{"background-color":"","background-image":"","background-repeat":"repeat","background-position":"center center","background-size":"auto","background-attachment":"scroll","background-type":"","background-media":"","overlay-type":"","overlay-color":"","overlay-opacity":"","overlay-gradient":""},"tablet":{"background-color":"","background-image":"","background-repeat":"repeat","background-position":"center center","background-size":"auto","background-attachment":"scroll","background-type":"","background-media":"","overlay-type":"","overlay-color":"","overlay-opacity":"","overlay-gradient":""},"mobile":{"background-color":"","background-image":"","background-repeat":"repeat","background-position":"center center","background-size":"auto","background-attachment":"scroll","background-type":"","background-media":"","overlay-type":"","overlay-color":"","overlay-opacity":"","overlay-gradient":""}},"ast-content-background-meta":{"desktop":{"background-color":"var(--ast-global-color-5)","background-image":"","background-repeat":"repeat","background-position":"center center","background-size":"auto","background-attachment":"scroll","background-type":"","background-media":"","overlay-type":"","overlay-color":"","overlay-opacity":"","overlay-gradient":""},"tablet":{"background-color":"var(--ast-global-color-5)","background-image":"","background-repeat":"repeat","background-position":"center center","background-size":"auto","background-attachment":"scroll","background-type":"","background-media":"","overlay-type":"","overlay-color":"","overlay-opacity":"","overlay-gradient":""},"mobile":{"background-color":"var(--ast-global-color-5)","background-image":"","background-repeat":"repeat","background-position":"center center","background-size":"auto","background-attachment":"scroll","background-type":"","background-media":"","overlay-type":"","overlay-color":"","overlay-opacity":"","overlay-gradient":""}},"_joinchat":[]},"product_brand":[],"product_cat":[41,42],"product_tag":[],"class_list":{"0":"post-1739","1":"product","2":"type-product","3":"status-publish","4":"has-post-thumbnail","6":"product_cat-cali-weed","7":"product_cat-the-ten-co-weed","8":"desktop-align-left","9":"tablet-align-left","10":"mobile-align-left","12":"first","13":"instock","14":"shipping-taxable","15":"purchasable","16":"product-type-variable"},"yoast_head":"<!-- This site is optimized with the Yoast SEO Premium plugin v24.1 (Yoast SEO v26.8) - https:\/\/yoast.com\/product\/yoast-seo-premium-wordpress\/ -->\n<title>Acheter Skillati 3.0 Tenco en Ligne | Vari\u00e9t\u00e9 de Cannabis Exclusif<\/title>\n<meta name=\"description\" content=\"Acheter Skillati 3.0 de Tenco, une vari\u00e9t\u00e9 de cannabis exclusif aux ar\u00f4mes riches et aux effets \u00e9quilibr\u00e9s. Achetez avec livraison discr\u00e8te et rapide.\" \/>\n<meta name=\"robots\" content=\"index, follow, max-snippet:-1, max-image-preview:large, max-video-preview:-1\" \/>\n<link rel=\"canonical\" href=\"https:\/\/beuhparadis.com\/de\/product\/the-ten-co-skillati-3-0\/\" \/>\n<meta property=\"og:locale\" content=\"de_DE\" \/>\n<meta property=\"og:type\" content=\"article\" \/>\n<meta property=\"og:title\" content=\"The Ten.Co | Skillati 3.0\" \/>\n<meta property=\"og:description\" content=\"Acheter Skillati 3.0 de Tenco, une vari\u00e9t\u00e9 de cannabis exclusif aux ar\u00f4mes riches et aux effets \u00e9quilibr\u00e9s. Achetez avec livraison discr\u00e8te et rapide.\" \/>\n<meta property=\"og:url\" content=\"https:\/\/beuhparadis.com\/de\/product\/the-ten-co-skillati-3-0\/\" \/>\n<meta property=\"og:site_name\" content=\"Beuh Paradis\" \/>\n<meta property=\"article:modified_time\" content=\"2025-01-28T10:36:45+00:00\" \/>\n<meta property=\"og:image\" content=\"https:\/\/beuhparadis.com\/wp-content\/uploads\/2024\/12\/The-Ten.Co-Skillati-3.0-2.webp\" \/>\n\t<meta property=\"og:image:width\" content=\"999\" \/>\n\t<meta property=\"og:image:height\" content=\"999\" \/>\n\t<meta property=\"og:image:type\" content=\"image\/webp\" \/>\n<meta name=\"twitter:card\" content=\"summary_large_image\" \/>\n<meta name=\"twitter:label1\" content=\"Gesch\u00e4tzte Lesezeit\" \/>\n\t<meta name=\"twitter:data1\" content=\"2 minutes\" \/>\n<script type=\"application\/ld+json\" class=\"yoast-schema-graph\">{\"@context\":\"https:\/\/schema.org\",\"@graph\":[{\"@type\":\"WebPage\",\"@id\":\"https:\/\/beuhparadis.com\/product\/the-ten-co-skillati-3-0\/\",\"url\":\"https:\/\/beuhparadis.com\/product\/the-ten-co-skillati-3-0\/\",\"name\":\"Acheter Skillati 3.0 Tenco en Ligne | Vari\u00e9t\u00e9 de Cannabis Exclusif\",\"isPartOf\":{\"@id\":\"https:\/\/beuhparadis.com\/#website\"},\"primaryImageOfPage\":{\"@id\":\"https:\/\/beuhparadis.com\/product\/the-ten-co-skillati-3-0\/#primaryimage\"},\"image\":{\"@id\":\"https:\/\/beuhparadis.com\/product\/the-ten-co-skillati-3-0\/#primaryimage\"},\"thumbnailUrl\":\"https:\/\/beuhparadis.com\/wp-content\/uploads\/2024\/12\/The-Ten.Co-Skillati-3.0-2.webp\",\"datePublished\":\"2024-12-10T23:44:47+00:00\",\"dateModified\":\"2025-01-28T10:36:45+00:00\",\"description\":\"Acheter Skillati 3.0 de Tenco, une vari\u00e9t\u00e9 de cannabis exclusif aux ar\u00f4mes riches et aux effets \u00e9quilibr\u00e9s. Achetez avec livraison discr\u00e8te et rapide.\",\"breadcrumb\":{\"@id\":\"https:\/\/beuhparadis.com\/product\/the-ten-co-skillati-3-0\/#breadcrumb\"},\"inLanguage\":\"de-DE-formal\",\"potentialAction\":[{\"@type\":\"ReadAction\",\"target\":[\"https:\/\/beuhparadis.com\/product\/the-ten-co-skillati-3-0\/\"]}]},{\"@type\":\"ImageObject\",\"inLanguage\":\"de-DE-formal\",\"@id\":\"https:\/\/beuhparadis.com\/product\/the-ten-co-skillati-3-0\/#primaryimage\",\"url\":\"https:\/\/beuhparadis.com\/wp-content\/uploads\/2024\/12\/The-Ten.Co-Skillati-3.0-2.webp\",\"contentUrl\":\"https:\/\/beuhparadis.com\/wp-content\/uploads\/2024\/12\/The-Ten.Co-Skillati-3.0-2.webp\",\"width\":999,\"height\":999},{\"@type\":\"BreadcrumbList\",\"@id\":\"https:\/\/beuhparadis.com\/product\/the-ten-co-skillati-3-0\/#breadcrumb\",\"itemListElement\":[{\"@type\":\"ListItem\",\"position\":1,\"name\":\"Home\",\"item\":\"https:\/\/beuhparadis.com\/\"},{\"@type\":\"ListItem\",\"position\":2,\"name\":\"Shop\",\"item\":\"https:\/\/beuhparadis.com\/shop\/\"},{\"@type\":\"ListItem\",\"position\":3,\"name\":\"The Ten.Co | Skillati 3.0\"}]},{\"@type\":\"WebSite\",\"@id\":\"https:\/\/beuhparadis.com\/#website\",\"url\":\"https:\/\/beuhparadis.com\/\",\"name\":\"Beuh Paradis\",\"description\":\"\",\"potentialAction\":[{\"@type\":\"SearchAction\",\"target\":{\"@type\":\"EntryPoint\",\"urlTemplate\":\"https:\/\/beuhparadis.com\/?s={search_term_string}\"},\"query-input\":{\"@type\":\"PropertyValueSpecification\",\"valueRequired\":true,\"valueName\":\"search_term_string\"}}],\"inLanguage\":\"de-DE-formal\"}]}<\/script>\n<!-- \/ Yoast SEO Premium plugin. -->","yoast_head_json":{"title":"Skillati 3.0 Tenco online kaufen | Exklusive Cannabis Sorte","description":"Kaufen Sie Skillati 3.0 von Tenco, eine exklusive Cannabissorte mit reichen Aromen und ausgewogener Wirkung. Kaufen Sie mit diskreter und schneller Lieferung.","robots":{"index":"index","follow":"follow","max-snippet":"max-snippet:-1","max-image-preview":"max-image-preview:large","max-video-preview":"max-video-preview:-1"},"canonical":"https:\/\/beuhparadis.com\/de\/product\/the-ten-co-skillati-3-0\/","og_locale":"de_DE","og_type":"article","og_title":"The Ten.Co | Skillati 3.0","og_description":"Acheter Skillati 3.0 de Tenco, une vari\u00e9t\u00e9 de cannabis exclusif aux ar\u00f4mes riches et aux effets \u00e9quilibr\u00e9s. Achetez avec livraison discr\u00e8te et rapide.","og_url":"https:\/\/beuhparadis.com\/de\/product\/the-ten-co-skillati-3-0\/","og_site_name":"Beuh Paradis","article_modified_time":"2025-01-28T10:36:45+00:00","og_image":[{"width":999,"height":999,"url":"https:\/\/beuhparadis.com\/wp-content\/uploads\/2024\/12\/The-Ten.Co-Skillati-3.0-2.webp","type":"image\/webp"}],"twitter_card":"summary_large_image","twitter_misc":{"Gesch\u00e4tzte Lesezeit":"2 minutes"},"schema":{"@context":"https:\/\/schema.org","@graph":[{"@type":"WebPage","@id":"https:\/\/beuhparadis.com\/product\/the-ten-co-skillati-3-0\/","url":"https:\/\/beuhparadis.com\/product\/the-ten-co-skillati-3-0\/","name":"Skillati 3.0 Tenco online kaufen | Exklusive Cannabis Sorte","isPartOf":{"@id":"https:\/\/beuhparadis.com\/#website"},"primaryImageOfPage":{"@id":"https:\/\/beuhparadis.com\/product\/the-ten-co-skillati-3-0\/#primaryimage"},"image":{"@id":"https:\/\/beuhparadis.com\/product\/the-ten-co-skillati-3-0\/#primaryimage"},"thumbnailUrl":"https:\/\/beuhparadis.com\/wp-content\/uploads\/2024\/12\/The-Ten.Co-Skillati-3.0-2.webp","datePublished":"2024-12-10T23:44:47+00:00","dateModified":"2025-01-28T10:36:45+00:00","description":"Kaufen Sie Skillati 3.0 von Tenco, eine exklusive Cannabissorte mit reichen Aromen und ausgewogener Wirkung. Kaufen Sie mit diskreter und schneller Lieferung.","breadcrumb":{"@id":"https:\/\/beuhparadis.com\/product\/the-ten-co-skillati-3-0\/#breadcrumb"},"inLanguage":"de-DE-formal","potentialAction":[{"@type":"ReadAction","target":["https:\/\/beuhparadis.com\/product\/the-ten-co-skillati-3-0\/"]}]},{"@type":"ImageObject","inLanguage":"de-DE-formal","@id":"https:\/\/beuhparadis.com\/product\/the-ten-co-skillati-3-0\/#primaryimage","url":"https:\/\/beuhparadis.com\/wp-content\/uploads\/2024\/12\/The-Ten.Co-Skillati-3.0-2.webp","contentUrl":"https:\/\/beuhparadis.com\/wp-content\/uploads\/2024\/12\/The-Ten.Co-Skillati-3.0-2.webp","width":999,"height":999},{"@type":"BreadcrumbList","@id":"https:\/\/beuhparadis.com\/product\/the-ten-co-skillati-3-0\/#breadcrumb","itemListElement":[{"@type":"ListItem","position":1,"name":"Home","item":"https:\/\/beuhparadis.com\/"},{"@type":"ListItem","position":2,"name":"Shop","item":"https:\/\/beuhparadis.com\/shop\/"},{"@type":"ListItem","position":3,"name":"The Ten.Co | Skillati 3.0"}]},{"@type":"WebSite","@id":"https:\/\/beuhparadis.com\/#website","url":"https:\/\/beuhparadis.com\/","name":"Gras Paradies","description":"","potentialAction":[{"@type":"SearchAction","target":{"@type":"EntryPoint","urlTemplate":"https:\/\/beuhparadis.com\/?s={search_term_string}"},"query-input":{"@type":"PropertyValueSpecification","valueRequired":true,"valueName":"search_term_string"}}],"inLanguage":"de-DE-formal"}]}},"_links":{"self":[{"href":"https:\/\/beuhparadis.com\/de\/wp-json\/wp\/v2\/product\/1739","targetHints":{"allow":["GET"]}}],"collection":[{"href":"https:\/\/beuhparadis.com\/de\/wp-json\/wp\/v2\/product"}],"about":[{"href":"https:\/\/beuhparadis.com\/de\/wp-json\/wp\/v2\/types\/product"}],"replies":[{"embeddable":true,"href":"https:\/\/beuhparadis.com\/de\/wp-json\/wp\/v2\/comments?post=1739"}],"wp:featuredmedia":[{"embeddable":true,"href":"https:\/\/beuhparadis.com\/de\/wp-json\/wp\/v2\/media\/1766"}],"wp:attachment":[{"href":"https:\/\/beuhparadis.com\/de\/wp-json\/wp\/v2\/media?parent=1739"}],"wp:term":[{"taxonomy":"product_brand","embeddable":true,"href":"https:\/\/beuhparadis.com\/de\/wp-json\/wp\/v2\/product_brand?post=1739"},{"taxonomy":"product_cat","embeddable":true,"href":"https:\/\/beuhparadis.com\/de\/wp-json\/wp\/v2\/product_cat?post=1739"},{"taxonomy":"product_tag","embeddable":true,"href":"https:\/\/beuhparadis.com\/de\/wp-json\/wp\/v2\/product_tag?post=1739"}],"curies":[{"name":"wp","href":"https:\/\/api.w.org\/{rel}","templated":true}]}}